{"id":35048,"date":"2026-01-03T01:16:58","date_gmt":"2026-01-03T00:16:58","guid":{"rendered":"https:\/\/paragaleriedetalborjt.com\/?post_type=product&#038;p=35048"},"modified":"2026-01-03T01:16:58","modified_gmt":"2026-01-03T00:16:58","slug":"cicabiafine-douche-creme-anti-irritations-500ml","status":"publish","type":"product","link":"https:\/\/paragaleriedetalborjt.com\/en\/boutique\/cicabiafine-douche-creme-anti-irritations-500ml\/","title":{"rendered":"Cicabiafine Douche Creme anti-irritations 500ml"},"content":{"rendered":"<div aria-labelledby=\"tab-title-description\" class=\"woocommerce-Tabs-panel woocommerce-Tabs-panel--description panel entry-content wc-tab\" id=\"tab-description\" role=\"tabpanel\" style=\"\">\n<h2>Description<\/h2>\n<p>La Douche Cr\u00e8me Anti-Irritations Apaisante pour les peaux extra-s\u00e8ches ou \u00e0 tendance atopique :<\/p>\n<ul>\n<li><strong>Hydrate<\/strong>\u00a0intens\u00e9ment durant 24h<\/li>\n<li><strong>Aide \u00e0 prot\u00e9ger<\/strong>\u00a0la barri\u00e8re cutan\u00e9e<\/li>\n<li><strong>Soulage<\/strong>\u00a0les sensations de d\u00e9mangeaisons d\u00e8s la 1\u00e8re douche<\/li>\n<\/ul>\n<p>Formule haute tol\u00e9rance, d\u00e9velopp\u00e9e sous contr\u00f4le m\u00e9dical et test\u00e9e cliniquement.<\/p>\n<p>Sans parfum, sans savon, sans sulfate.**<\/p>\n<p>**sans surfactant sulfat\u00e9<\/p>\n<p>*d\u00e8s 3 mois<\/p>\n<p><strong>Ingr\u00e9dients :<\/strong><br \/>\nAssociation de tensioactifs nettoyants doux.<br \/>\nAllanto\u00efne et panth\u00e9nol reconnus pour leurs propri\u00e9t\u00e9s apaisantes.<br \/>\nGlyc\u00e9rine reconnue pour ses propri\u00e9t\u00e9s hydratantes et protectrices.<br \/>\nNous vous recommandons de prendre connaissance de la liste d\u2019ingr\u00e9dients sur l\u2019embal<\/p>\n<p><strong>Conseils d\u2019utilisation :<\/strong><\/p>\n<p>Appliquer sur la peau pr\u00e9alablement mouill\u00e9e. Masser l\u00e9g\u00e8rement puis rincer et s\u00e9cher d\u00e9licatement.<\/p>\n<\/div>","protected":false},"excerpt":{"rendered":"<p>Highlights:D\u00e9velopp\u00e9 pour les\u00a0peaux extra-s\u00e8ches\u00a0avec sensations de d\u00e9mangeaisons etd\u2019irritations, et les\u00a0peaux \u00e0 tendance atopique. Convient \u00e0 toute la famille : nourrissons (\u00e0 partir de 3 mois), enfants, adultes.<\/p>","protected":false},"featured_media":35049,"comment_status":"open","ping_status":"closed","template":"","meta":[],"pwb-brand":[],"product_cat":[16],"product_tag":[],"class_list":{"0":"post-35048","1":"product","2":"type-product","3":"status-publish","4":"has-post-thumbnail","6":"product_cat-non-classe","7":"pa_brands-biafine","9":"first","10":"instock","11":"sale","12":"shipping-taxable","13":"purchasable","14":"product-type-simple"},"yoast_head":"<!-- This site is optimized with the Yoast SEO plugin v26.9 - https:\/\/yoast.com\/product\/yoast-seo-wordpress\/ -->\n<title>Cicabiafine Douche Creme anti-irritations 500ml - paragaleriedetalborjt<\/title>\n<meta name=\"robots\" content=\"index, follow, max-snippet:-1, max-image-preview:large, max-video-preview:-1\" \/>\n<link rel=\"canonical\" href=\"https:\/\/paragaleriedetalborjt.com\/en\/boutique\/cicabiafine-douche-creme-anti-irritations-500ml\/\" \/>\n<meta property=\"og:locale\" content=\"en_US\" \/>\n<meta property=\"og:type\" content=\"article\" \/>\n<meta property=\"og:title\" content=\"Cicabiafine Douche Creme anti-irritations 500ml - paragaleriedetalborjt\" \/>\n<meta property=\"og:description\" content=\"Highlights:D\u00e9velopp\u00e9 pour les\u00a0peaux extra-s\u00e8ches\u00a0avec sensations de d\u00e9mangeaisons etd\u2019irritations, et les\u00a0peaux \u00e0 tendance atopique. Convient \u00e0 toute la famille : nourrissons (\u00e0 partir de 3 mois), enfants, adultes.\" \/>\n<meta property=\"og:url\" content=\"https:\/\/paragaleriedetalborjt.com\/en\/boutique\/cicabiafine-douche-creme-anti-irritations-500ml\/\" \/>\n<meta property=\"og:site_name\" content=\"paragaleriedetalborjt\" \/>\n<meta property=\"og:image\" content=\"https:\/\/paragaleriedetalborjt.com\/wp-content\/uploads\/2026\/01\/cicabiafine-douche-creme-anti-irritations-apaisante-peaus-extra-seche-500-ml-600x600-1.jpg\" \/>\n\t<meta property=\"og:image:width\" content=\"600\" \/>\n\t<meta property=\"og:image:height\" content=\"600\" \/>\n\t<meta property=\"og:image:type\" content=\"image\/jpeg\" \/>\n<meta name=\"twitter:card\" content=\"summary_large_image\" \/>\n<meta name=\"twitter:label1\" content=\"Est. reading time\" \/>\n\t<meta name=\"twitter:data1\" content=\"1 minute\" \/>\n<script type=\"application\/ld+json\" class=\"yoast-schema-graph\">{\"@context\":\"https:\/\/schema.org\",\"@graph\":[{\"@type\":\"WebPage\",\"@id\":\"https:\/\/paragaleriedetalborjt.com\/boutique\/cicabiafine-douche-creme-anti-irritations-500ml\/\",\"url\":\"https:\/\/paragaleriedetalborjt.com\/boutique\/cicabiafine-douche-creme-anti-irritations-500ml\/\",\"name\":\"Cicabiafine Douche Creme anti-irritations 500ml - paragaleriedetalborjt\",\"isPartOf\":{\"@id\":\"https:\/\/paragaleriedetalborjt.com\/#website\"},\"primaryImageOfPage\":{\"@id\":\"https:\/\/paragaleriedetalborjt.com\/boutique\/cicabiafine-douche-creme-anti-irritations-500ml\/#primaryimage\"},\"image\":{\"@id\":\"https:\/\/paragaleriedetalborjt.com\/boutique\/cicabiafine-douche-creme-anti-irritations-500ml\/#primaryimage\"},\"thumbnailUrl\":\"https:\/\/paragaleriedetalborjt.com\/wp-content\/uploads\/2026\/01\/cicabiafine-douche-creme-anti-irritations-apaisante-peaus-extra-seche-500-ml-600x600-1.jpg\",\"datePublished\":\"2026-01-03T00:16:58+00:00\",\"breadcrumb\":{\"@id\":\"https:\/\/paragaleriedetalborjt.com\/boutique\/cicabiafine-douche-creme-anti-irritations-500ml\/#breadcrumb\"},\"inLanguage\":\"en-US\",\"potentialAction\":[{\"@type\":\"ReadAction\",\"target\":[\"https:\/\/paragaleriedetalborjt.com\/boutique\/cicabiafine-douche-creme-anti-irritations-500ml\/\"]}]},{\"@type\":\"ImageObject\",\"inLanguage\":\"en-US\",\"@id\":\"https:\/\/paragaleriedetalborjt.com\/boutique\/cicabiafine-douche-creme-anti-irritations-500ml\/#primaryimage\",\"url\":\"https:\/\/paragaleriedetalborjt.com\/wp-content\/uploads\/2026\/01\/cicabiafine-douche-creme-anti-irritations-apaisante-peaus-extra-seche-500-ml-600x600-1.jpg\",\"contentUrl\":\"https:\/\/paragaleriedetalborjt.com\/wp-content\/uploads\/2026\/01\/cicabiafine-douche-creme-anti-irritations-apaisante-peaus-extra-seche-500-ml-600x600-1.jpg\",\"width\":600,\"height\":600},{\"@type\":\"BreadcrumbList\",\"@id\":\"https:\/\/paragaleriedetalborjt.com\/boutique\/cicabiafine-douche-creme-anti-irritations-500ml\/#breadcrumb\",\"itemListElement\":[{\"@type\":\"ListItem\",\"position\":1,\"name\":\"Accueil\",\"item\":\"https:\/\/paragaleriedetalborjt.com\/\"},{\"@type\":\"ListItem\",\"position\":2,\"name\":\"Boutique\",\"item\":\"https:\/\/paragaleriedetalborjt.com\/boutique\/\"},{\"@type\":\"ListItem\",\"position\":3,\"name\":\"Cicabiafine Douche Creme anti-irritations 500ml\"}]},{\"@type\":\"WebSite\",\"@id\":\"https:\/\/paragaleriedetalborjt.com\/#website\",\"url\":\"https:\/\/paragaleriedetalborjt.com\/\",\"name\":\"paragaleriedetalborjt\",\"description\":\"\",\"potentialAction\":[{\"@type\":\"SearchAction\",\"target\":{\"@type\":\"EntryPoint\",\"urlTemplate\":\"https:\/\/paragaleriedetalborjt.com\/?s={search_term_string}\"},\"query-input\":{\"@type\":\"PropertyValueSpecification\",\"valueRequired\":true,\"valueName\":\"search_term_string\"}}],\"inLanguage\":\"en-US\"}]}<\/script>\n<!-- \/ Yoast SEO plugin. -->","yoast_head_json":{"title":"Cicabiafine Douche Creme anti-irritations 500ml - paragaleriedetalborjt","robots":{"index":"index","follow":"follow","max-snippet":"max-snippet:-1","max-image-preview":"max-image-preview:large","max-video-preview":"max-video-preview:-1"},"canonical":"https:\/\/paragaleriedetalborjt.com\/en\/boutique\/cicabiafine-douche-creme-anti-irritations-500ml\/","og_locale":"en_US","og_type":"article","og_title":"Cicabiafine Douche Creme anti-irritations 500ml - paragaleriedetalborjt","og_description":"Highlights:D\u00e9velopp\u00e9 pour les\u00a0peaux extra-s\u00e8ches\u00a0avec sensations de d\u00e9mangeaisons etd\u2019irritations, et les\u00a0peaux \u00e0 tendance atopique. Convient \u00e0 toute la famille : nourrissons (\u00e0 partir de 3 mois), enfants, adultes.","og_url":"https:\/\/paragaleriedetalborjt.com\/en\/boutique\/cicabiafine-douche-creme-anti-irritations-500ml\/","og_site_name":"paragaleriedetalborjt","og_image":[{"width":600,"height":600,"url":"https:\/\/paragaleriedetalborjt.com\/wp-content\/uploads\/2026\/01\/cicabiafine-douche-creme-anti-irritations-apaisante-peaus-extra-seche-500-ml-600x600-1.jpg","type":"image\/jpeg"}],"twitter_card":"summary_large_image","twitter_misc":{"Est. reading time":"1 minute"},"schema":{"@context":"https:\/\/schema.org","@graph":[{"@type":"WebPage","@id":"https:\/\/paragaleriedetalborjt.com\/boutique\/cicabiafine-douche-creme-anti-irritations-500ml\/","url":"https:\/\/paragaleriedetalborjt.com\/boutique\/cicabiafine-douche-creme-anti-irritations-500ml\/","name":"Cicabiafine Douche Creme anti-irritations 500ml - paragaleriedetalborjt","isPartOf":{"@id":"https:\/\/paragaleriedetalborjt.com\/#website"},"primaryImageOfPage":{"@id":"https:\/\/paragaleriedetalborjt.com\/boutique\/cicabiafine-douche-creme-anti-irritations-500ml\/#primaryimage"},"image":{"@id":"https:\/\/paragaleriedetalborjt.com\/boutique\/cicabiafine-douche-creme-anti-irritations-500ml\/#primaryimage"},"thumbnailUrl":"https:\/\/paragaleriedetalborjt.com\/wp-content\/uploads\/2026\/01\/cicabiafine-douche-creme-anti-irritations-apaisante-peaus-extra-seche-500-ml-600x600-1.jpg","datePublished":"2026-01-03T00:16:58+00:00","breadcrumb":{"@id":"https:\/\/paragaleriedetalborjt.com\/boutique\/cicabiafine-douche-creme-anti-irritations-500ml\/#breadcrumb"},"inLanguage":"en-US","potentialAction":[{"@type":"ReadAction","target":["https:\/\/paragaleriedetalborjt.com\/boutique\/cicabiafine-douche-creme-anti-irritations-500ml\/"]}]},{"@type":"ImageObject","inLanguage":"en-US","@id":"https:\/\/paragaleriedetalborjt.com\/boutique\/cicabiafine-douche-creme-anti-irritations-500ml\/#primaryimage","url":"https:\/\/paragaleriedetalborjt.com\/wp-content\/uploads\/2026\/01\/cicabiafine-douche-creme-anti-irritations-apaisante-peaus-extra-seche-500-ml-600x600-1.jpg","contentUrl":"https:\/\/paragaleriedetalborjt.com\/wp-content\/uploads\/2026\/01\/cicabiafine-douche-creme-anti-irritations-apaisante-peaus-extra-seche-500-ml-600x600-1.jpg","width":600,"height":600},{"@type":"BreadcrumbList","@id":"https:\/\/paragaleriedetalborjt.com\/boutique\/cicabiafine-douche-creme-anti-irritations-500ml\/#breadcrumb","itemListElement":[{"@type":"ListItem","position":1,"name":"Accueil","item":"https:\/\/paragaleriedetalborjt.com\/"},{"@type":"ListItem","position":2,"name":"Boutique","item":"https:\/\/paragaleriedetalborjt.com\/boutique\/"},{"@type":"ListItem","position":3,"name":"Cicabiafine Douche Creme anti-irritations 500ml"}]},{"@type":"WebSite","@id":"https:\/\/paragaleriedetalborjt.com\/#website","url":"https:\/\/paragaleriedetalborjt.com\/","name":"paragaleriedetalborjt","description":"","potentialAction":[{"@type":"SearchAction","target":{"@type":"EntryPoint","urlTemplate":"https:\/\/paragaleriedetalborjt.com\/?s={search_term_string}"},"query-input":{"@type":"PropertyValueSpecification","valueRequired":true,"valueName":"search_term_string"}}],"inLanguage":"en-US"}]}},"brands":[],"_links":{"self":[{"href":"https:\/\/paragaleriedetalborjt.com\/en\/wp-json\/wp\/v2\/product\/35048","targetHints":{"allow":["GET"]}}],"collection":[{"href":"https:\/\/paragaleriedetalborjt.com\/en\/wp-json\/wp\/v2\/product"}],"about":[{"href":"https:\/\/paragaleriedetalborjt.com\/en\/wp-json\/wp\/v2\/types\/product"}],"replies":[{"embeddable":true,"href":"https:\/\/paragaleriedetalborjt.com\/en\/wp-json\/wp\/v2\/comments?post=35048"}],"version-history":[{"count":1,"href":"https:\/\/paragaleriedetalborjt.com\/en\/wp-json\/wp\/v2\/product\/35048\/revisions"}],"predecessor-version":[{"id":35050,"href":"https:\/\/paragaleriedetalborjt.com\/en\/wp-json\/wp\/v2\/product\/35048\/revisions\/35050"}],"wp:featuredmedia":[{"embeddable":true,"href":"https:\/\/paragaleriedetalborjt.com\/en\/wp-json\/wp\/v2\/media\/35049"}],"wp:attachment":[{"href":"https:\/\/paragaleriedetalborjt.com\/en\/wp-json\/wp\/v2\/media?parent=35048"}],"wp:term":[{"taxonomy":"pwb-brand","embeddable":true,"href":"https:\/\/paragaleriedetalborjt.com\/en\/wp-json\/wp\/v2\/pwb-brand?post=35048"},{"taxonomy":"product_cat","embeddable":true,"href":"https:\/\/paragaleriedetalborjt.com\/en\/wp-json\/wp\/v2\/product_cat?post=35048"},{"taxonomy":"product_tag","embeddable":true,"href":"https:\/\/paragaleriedetalborjt.com\/en\/wp-json\/wp\/v2\/product_tag?post=35048"}],"curies":[{"name":"wp","href":"https:\/\/api.w.org\/{rel}","templated":true}]}}