{"id":34751,"date":"2026-01-03T01:07:37","date_gmt":"2026-01-03T00:07:37","guid":{"rendered":"https:\/\/paragaleriedetalborjt.com\/?post_type=product&#038;p=34751"},"modified":"2026-01-03T01:07:37","modified_gmt":"2026-01-03T00:07:37","slug":"viticap-actifs-vitamines-60-gelules","status":"publish","type":"product","link":"https:\/\/paragaleriedetalborjt.com\/en\/boutique\/viticap-actifs-vitamines-60-gelules\/","title":{"rendered":"Viticap Actifs &#038; Vitamines 60 G\u00e9lules"},"content":{"rendered":"<div aria-labelledby=\"tab-title-description\" class=\"woocommerce-Tabs-panel woocommerce-Tabs-panel--description panel entry-content wc-tab\" id=\"tab-description\" role=\"tabpanel\" style=\"\">\n<h2>Description<\/h2>\n<p>Enrichi en substances actives sp\u00e9cifiquement choisies pour leurs propri\u00e9t\u00e9s naturelles exceptionnelles contre le vitiligo, le compl\u00e9ment alimentaire Viticap d\u00e9montre une efficacit\u00e9 sans pr\u00e9c\u00e9dant.<\/p>\n<p>Viticap est indiqu\u00e9 Pour les personnes atteintes de vitiligo et souhaitant en att\u00e9nuer les manifestations cutan\u00e9es<br \/>\nPour celles et ceux qui montrent des taches d\u00e9pigment\u00e9es, dues \u00e0 de grosses chaleurs, \u00e0 des expositions prolong\u00e9es et r\u00e9p\u00e9t\u00e9es au soleil, au stress, \u00e0 une pollution importante sp\u00e9cifiquement chimique.<\/p>\n<\/div>","protected":false},"excerpt":{"rendered":"<p>Highlights:Minceur , DrenafastR\u00e9duction du volume et du poids12 Plantes et 2 oligo-\u00e9l\u00e9ments<\/p>","protected":false},"featured_media":34752,"comment_status":"open","ping_status":"closed","template":"","meta":[],"pwb-brand":[],"product_cat":[16],"product_tag":[],"class_list":{"0":"post-34751","1":"product","2":"type-product","3":"status-publish","4":"has-post-thumbnail","6":"product_cat-non-classe","7":"pa_brands-viticap","9":"first","10":"instock","11":"sale","12":"shipping-taxable","13":"purchasable","14":"product-type-simple"},"yoast_head":"<!-- This site is optimized with the Yoast SEO plugin v26.9 - https:\/\/yoast.com\/product\/yoast-seo-wordpress\/ -->\n<title>Viticap Actifs &amp; Vitamines 60 G\u00e9lules - paragaleriedetalborjt<\/title>\n<meta name=\"robots\" content=\"index, follow, max-snippet:-1, max-image-preview:large, max-video-preview:-1\" \/>\n<link rel=\"canonical\" href=\"https:\/\/paragaleriedetalborjt.com\/en\/boutique\/viticap-actifs-vitamines-60-gelules\/\" \/>\n<meta property=\"og:locale\" content=\"en_US\" \/>\n<meta property=\"og:type\" content=\"article\" \/>\n<meta property=\"og:title\" content=\"Viticap Actifs &amp; Vitamines 60 G\u00e9lules - paragaleriedetalborjt\" \/>\n<meta property=\"og:description\" content=\"Highlights:Minceur , DrenafastR\u00e9duction du volume et du poids12 Plantes et 2 oligo-\u00e9l\u00e9ments\" \/>\n<meta property=\"og:url\" content=\"https:\/\/paragaleriedetalborjt.com\/en\/boutique\/viticap-actifs-vitamines-60-gelules\/\" \/>\n<meta property=\"og:site_name\" content=\"paragaleriedetalborjt\" \/>\n<meta property=\"og:image\" content=\"https:\/\/paragaleriedetalborjt.com\/wp-content\/uploads\/2026\/01\/Viticap-Actifs-vitamines-60-gel-600x600-1.jpg\" \/>\n\t<meta property=\"og:image:width\" content=\"600\" \/>\n\t<meta property=\"og:image:height\" content=\"600\" \/>\n\t<meta property=\"og:image:type\" content=\"image\/jpeg\" \/>\n<meta name=\"twitter:card\" content=\"summary_large_image\" \/>\n<script type=\"application\/ld+json\" class=\"yoast-schema-graph\">{\"@context\":\"https:\/\/schema.org\",\"@graph\":[{\"@type\":\"WebPage\",\"@id\":\"https:\/\/paragaleriedetalborjt.com\/boutique\/viticap-actifs-vitamines-60-gelules\/\",\"url\":\"https:\/\/paragaleriedetalborjt.com\/boutique\/viticap-actifs-vitamines-60-gelules\/\",\"name\":\"Viticap Actifs & Vitamines 60 G\u00e9lules - paragaleriedetalborjt\",\"isPartOf\":{\"@id\":\"https:\/\/paragaleriedetalborjt.com\/#website\"},\"primaryImageOfPage\":{\"@id\":\"https:\/\/paragaleriedetalborjt.com\/boutique\/viticap-actifs-vitamines-60-gelules\/#primaryimage\"},\"image\":{\"@id\":\"https:\/\/paragaleriedetalborjt.com\/boutique\/viticap-actifs-vitamines-60-gelules\/#primaryimage\"},\"thumbnailUrl\":\"https:\/\/paragaleriedetalborjt.com\/wp-content\/uploads\/2026\/01\/Viticap-Actifs-vitamines-60-gel-600x600-1.jpg\",\"datePublished\":\"2026-01-03T00:07:37+00:00\",\"breadcrumb\":{\"@id\":\"https:\/\/paragaleriedetalborjt.com\/boutique\/viticap-actifs-vitamines-60-gelules\/#breadcrumb\"},\"inLanguage\":\"en-US\",\"potentialAction\":[{\"@type\":\"ReadAction\",\"target\":[\"https:\/\/paragaleriedetalborjt.com\/boutique\/viticap-actifs-vitamines-60-gelules\/\"]}]},{\"@type\":\"ImageObject\",\"inLanguage\":\"en-US\",\"@id\":\"https:\/\/paragaleriedetalborjt.com\/boutique\/viticap-actifs-vitamines-60-gelules\/#primaryimage\",\"url\":\"https:\/\/paragaleriedetalborjt.com\/wp-content\/uploads\/2026\/01\/Viticap-Actifs-vitamines-60-gel-600x600-1.jpg\",\"contentUrl\":\"https:\/\/paragaleriedetalborjt.com\/wp-content\/uploads\/2026\/01\/Viticap-Actifs-vitamines-60-gel-600x600-1.jpg\",\"width\":600,\"height\":600},{\"@type\":\"BreadcrumbList\",\"@id\":\"https:\/\/paragaleriedetalborjt.com\/boutique\/viticap-actifs-vitamines-60-gelules\/#breadcrumb\",\"itemListElement\":[{\"@type\":\"ListItem\",\"position\":1,\"name\":\"Accueil\",\"item\":\"https:\/\/paragaleriedetalborjt.com\/\"},{\"@type\":\"ListItem\",\"position\":2,\"name\":\"Boutique\",\"item\":\"https:\/\/paragaleriedetalborjt.com\/boutique\/\"},{\"@type\":\"ListItem\",\"position\":3,\"name\":\"Viticap Actifs &#038; Vitamines 60 G\u00e9lules\"}]},{\"@type\":\"WebSite\",\"@id\":\"https:\/\/paragaleriedetalborjt.com\/#website\",\"url\":\"https:\/\/paragaleriedetalborjt.com\/\",\"name\":\"paragaleriedetalborjt\",\"description\":\"\",\"potentialAction\":[{\"@type\":\"SearchAction\",\"target\":{\"@type\":\"EntryPoint\",\"urlTemplate\":\"https:\/\/paragaleriedetalborjt.com\/?s={search_term_string}\"},\"query-input\":{\"@type\":\"PropertyValueSpecification\",\"valueRequired\":true,\"valueName\":\"search_term_string\"}}],\"inLanguage\":\"en-US\"}]}<\/script>\n<!-- \/ Yoast SEO plugin. -->","yoast_head_json":{"title":"Viticap Actifs & Vitamines 60 G\u00e9lules - paragaleriedetalborjt","robots":{"index":"index","follow":"follow","max-snippet":"max-snippet:-1","max-image-preview":"max-image-preview:large","max-video-preview":"max-video-preview:-1"},"canonical":"https:\/\/paragaleriedetalborjt.com\/en\/boutique\/viticap-actifs-vitamines-60-gelules\/","og_locale":"en_US","og_type":"article","og_title":"Viticap Actifs & Vitamines 60 G\u00e9lules - paragaleriedetalborjt","og_description":"Highlights:Minceur , DrenafastR\u00e9duction du volume et du poids12 Plantes et 2 oligo-\u00e9l\u00e9ments","og_url":"https:\/\/paragaleriedetalborjt.com\/en\/boutique\/viticap-actifs-vitamines-60-gelules\/","og_site_name":"paragaleriedetalborjt","og_image":[{"width":600,"height":600,"url":"https:\/\/paragaleriedetalborjt.com\/wp-content\/uploads\/2026\/01\/Viticap-Actifs-vitamines-60-gel-600x600-1.jpg","type":"image\/jpeg"}],"twitter_card":"summary_large_image","schema":{"@context":"https:\/\/schema.org","@graph":[{"@type":"WebPage","@id":"https:\/\/paragaleriedetalborjt.com\/boutique\/viticap-actifs-vitamines-60-gelules\/","url":"https:\/\/paragaleriedetalborjt.com\/boutique\/viticap-actifs-vitamines-60-gelules\/","name":"Viticap Actifs & Vitamines 60 G\u00e9lules - paragaleriedetalborjt","isPartOf":{"@id":"https:\/\/paragaleriedetalborjt.com\/#website"},"primaryImageOfPage":{"@id":"https:\/\/paragaleriedetalborjt.com\/boutique\/viticap-actifs-vitamines-60-gelules\/#primaryimage"},"image":{"@id":"https:\/\/paragaleriedetalborjt.com\/boutique\/viticap-actifs-vitamines-60-gelules\/#primaryimage"},"thumbnailUrl":"https:\/\/paragaleriedetalborjt.com\/wp-content\/uploads\/2026\/01\/Viticap-Actifs-vitamines-60-gel-600x600-1.jpg","datePublished":"2026-01-03T00:07:37+00:00","breadcrumb":{"@id":"https:\/\/paragaleriedetalborjt.com\/boutique\/viticap-actifs-vitamines-60-gelules\/#breadcrumb"},"inLanguage":"en-US","potentialAction":[{"@type":"ReadAction","target":["https:\/\/paragaleriedetalborjt.com\/boutique\/viticap-actifs-vitamines-60-gelules\/"]}]},{"@type":"ImageObject","inLanguage":"en-US","@id":"https:\/\/paragaleriedetalborjt.com\/boutique\/viticap-actifs-vitamines-60-gelules\/#primaryimage","url":"https:\/\/paragaleriedetalborjt.com\/wp-content\/uploads\/2026\/01\/Viticap-Actifs-vitamines-60-gel-600x600-1.jpg","contentUrl":"https:\/\/paragaleriedetalborjt.com\/wp-content\/uploads\/2026\/01\/Viticap-Actifs-vitamines-60-gel-600x600-1.jpg","width":600,"height":600},{"@type":"BreadcrumbList","@id":"https:\/\/paragaleriedetalborjt.com\/boutique\/viticap-actifs-vitamines-60-gelules\/#breadcrumb","itemListElement":[{"@type":"ListItem","position":1,"name":"Accueil","item":"https:\/\/paragaleriedetalborjt.com\/"},{"@type":"ListItem","position":2,"name":"Boutique","item":"https:\/\/paragaleriedetalborjt.com\/boutique\/"},{"@type":"ListItem","position":3,"name":"Viticap Actifs &#038; Vitamines 60 G\u00e9lules"}]},{"@type":"WebSite","@id":"https:\/\/paragaleriedetalborjt.com\/#website","url":"https:\/\/paragaleriedetalborjt.com\/","name":"paragaleriedetalborjt","description":"","potentialAction":[{"@type":"SearchAction","target":{"@type":"EntryPoint","urlTemplate":"https:\/\/paragaleriedetalborjt.com\/?s={search_term_string}"},"query-input":{"@type":"PropertyValueSpecification","valueRequired":true,"valueName":"search_term_string"}}],"inLanguage":"en-US"}]}},"brands":[],"_links":{"self":[{"href":"https:\/\/paragaleriedetalborjt.com\/en\/wp-json\/wp\/v2\/product\/34751","targetHints":{"allow":["GET"]}}],"collection":[{"href":"https:\/\/paragaleriedetalborjt.com\/en\/wp-json\/wp\/v2\/product"}],"about":[{"href":"https:\/\/paragaleriedetalborjt.com\/en\/wp-json\/wp\/v2\/types\/product"}],"replies":[{"embeddable":true,"href":"https:\/\/paragaleriedetalborjt.com\/en\/wp-json\/wp\/v2\/comments?post=34751"}],"version-history":[{"count":1,"href":"https:\/\/paragaleriedetalborjt.com\/en\/wp-json\/wp\/v2\/product\/34751\/revisions"}],"predecessor-version":[{"id":34753,"href":"https:\/\/paragaleriedetalborjt.com\/en\/wp-json\/wp\/v2\/product\/34751\/revisions\/34753"}],"wp:featuredmedia":[{"embeddable":true,"href":"https:\/\/paragaleriedetalborjt.com\/en\/wp-json\/wp\/v2\/media\/34752"}],"wp:attachment":[{"href":"https:\/\/paragaleriedetalborjt.com\/en\/wp-json\/wp\/v2\/media?parent=34751"}],"wp:term":[{"taxonomy":"pwb-brand","embeddable":true,"href":"https:\/\/paragaleriedetalborjt.com\/en\/wp-json\/wp\/v2\/pwb-brand?post=34751"},{"taxonomy":"product_cat","embeddable":true,"href":"https:\/\/paragaleriedetalborjt.com\/en\/wp-json\/wp\/v2\/product_cat?post=34751"},{"taxonomy":"product_tag","embeddable":true,"href":"https:\/\/paragaleriedetalborjt.com\/en\/wp-json\/wp\/v2\/product_tag?post=34751"}],"curies":[{"name":"wp","href":"https:\/\/api.w.org\/{rel}","templated":true}]}}