{"id":34694,"date":"2026-01-03T01:05:58","date_gmt":"2026-01-03T00:05:58","guid":{"rendered":"https:\/\/paragaleriedetalborjt.com\/?post_type=product&#038;p=34694"},"modified":"2026-01-03T01:05:58","modified_gmt":"2026-01-03T00:05:58","slug":"germany-care-couches-adultes-taille-m-36-pieces","status":"publish","type":"product","link":"https:\/\/paragaleriedetalborjt.com\/en\/boutique\/germany-care-couches-adultes-taille-m-36-pieces\/","title":{"rendered":"Germany Care Couches Adultes Taille M 36 Pi\u00e8ces"},"content":{"rendered":"<div aria-labelledby=\"tab-title-description\" class=\"woocommerce-Tabs-panel woocommerce-Tabs-panel--description panel entry-content wc-tab\" id=\"tab-description\" role=\"tabpanel\" style=\"\">\n<h2>Description<\/h2>\n<p>Sleepy Sensitive Adult Diaper\u00a0poss\u00e8de un indicateur d\u2019humidit\u00e9 qui vous permet de v\u00e9rifier la pl\u00e9nitude de la couche sans avoir \u00e0 l\u2019ouvrir .<\/p>\n<p>La couche\u00a0Sleepy Sensitive Adult Diaperdispose d\u2019une surface ext\u00e9rieure\u00a0 en textile, ce qui rend le port de la couche confortable, m\u00eame pour une p\u00e9riode plus longue, et qui permet aussi de supprimer les odeurs. Les attaches sont de marque\u00a0de\u00a0velcro<strong>,<\/strong>\u00a0pour s\u2019assurer qu\u2019elle s\u2019adapte parfaitement \u00e0 l\u2019utilisateur. Les couches\u00a0Sleepy Sensitive Adult Diaper\u00a0ont des oreilles flexibles qui permettent une meilleure circulation de l\u2019air, donnant plus de confort au porteur afin que la zone reste fra\u00eeche plus longtemps. Les bandes lat\u00e9rales pour les couches\u00a0Sleepy Sensitive Adult Diaper\u00a0peuvent \u00eatre coll\u00e9es n\u2019importe o\u00f9 sur le tissu, ce qui garantit un ajustement parfait \u00e0 tout moment. Les couches\u00a0Sleepy Sensitive Adult Diaper\u00a0disposent d\u2019un coussin super absorbant, capable d\u2019absorber le liquide \u00e0 un rythme plus rapide et en beaucoup plus grande quantit\u00e9 que les autres couches normales.<\/p>\n<\/div>","protected":false},"excerpt":{"rendered":"<p>Highlights:Ouvrez la couche et placez-la sous le patient, en la tenant entre la jambe du patient. 2. Placez la couche et les bandes sous le patient en laissant une distance \u00e9gale des deux c\u00f4t\u00e9s. 3. Fixez le ruban adh\u00e9sif sur la couche et fixez-le avec votre main.<\/p>","protected":false},"featured_media":34695,"comment_status":"open","ping_status":"closed","template":"","meta":[],"pwb-brand":[],"product_cat":[16],"product_tag":[],"class_list":{"0":"post-34694","1":"product","2":"type-product","3":"status-publish","4":"has-post-thumbnail","6":"product_cat-non-classe","7":"pa_brands-germany","9":"first","10":"instock","11":"sale","12":"shipping-taxable","13":"purchasable","14":"product-type-simple"},"yoast_head":"<!-- This site is optimized with the Yoast SEO plugin v26.9 - https:\/\/yoast.com\/product\/yoast-seo-wordpress\/ -->\n<title>Germany Care Couches Adultes Taille M 36 Pi\u00e8ces - paragaleriedetalborjt<\/title>\n<meta name=\"robots\" content=\"index, follow, max-snippet:-1, max-image-preview:large, max-video-preview:-1\" \/>\n<link rel=\"canonical\" href=\"https:\/\/paragaleriedetalborjt.com\/en\/boutique\/germany-care-couches-adultes-taille-m-36-pieces\/\" \/>\n<meta property=\"og:locale\" content=\"en_US\" \/>\n<meta property=\"og:type\" content=\"article\" \/>\n<meta property=\"og:title\" content=\"Germany Care Couches Adultes Taille M 36 Pi\u00e8ces - paragaleriedetalborjt\" \/>\n<meta property=\"og:description\" content=\"Highlights:Ouvrez la couche et placez-la sous le patient, en la tenant entre la jambe du patient. 2. Placez la couche et les bandes sous le patient en laissant une distance \u00e9gale des deux c\u00f4t\u00e9s. 3. Fixez le ruban adh\u00e9sif sur la couche et fixez-le avec votre main.\" \/>\n<meta property=\"og:url\" content=\"https:\/\/paragaleriedetalborjt.com\/en\/boutique\/germany-care-couches-adultes-taille-m-36-pieces\/\" \/>\n<meta property=\"og:site_name\" content=\"paragaleriedetalborjt\" \/>\n<meta property=\"og:image\" content=\"https:\/\/paragaleriedetalborjt.com\/wp-content\/uploads\/2026\/01\/Germany-Care-Couches-Adultes-Taille-M-36-Pieces-600x600-1.png\" \/>\n\t<meta property=\"og:image:width\" content=\"600\" \/>\n\t<meta property=\"og:image:height\" content=\"600\" \/>\n\t<meta property=\"og:image:type\" content=\"image\/png\" \/>\n<meta name=\"twitter:card\" content=\"summary_large_image\" \/>\n<meta name=\"twitter:label1\" content=\"Est. reading time\" \/>\n\t<meta name=\"twitter:data1\" content=\"1 minute\" \/>\n<script type=\"application\/ld+json\" class=\"yoast-schema-graph\">{\"@context\":\"https:\/\/schema.org\",\"@graph\":[{\"@type\":\"WebPage\",\"@id\":\"https:\/\/paragaleriedetalborjt.com\/boutique\/germany-care-couches-adultes-taille-m-36-pieces\/\",\"url\":\"https:\/\/paragaleriedetalborjt.com\/boutique\/germany-care-couches-adultes-taille-m-36-pieces\/\",\"name\":\"Germany Care Couches Adultes Taille M 36 Pi\u00e8ces - paragaleriedetalborjt\",\"isPartOf\":{\"@id\":\"https:\/\/paragaleriedetalborjt.com\/#website\"},\"primaryImageOfPage\":{\"@id\":\"https:\/\/paragaleriedetalborjt.com\/boutique\/germany-care-couches-adultes-taille-m-36-pieces\/#primaryimage\"},\"image\":{\"@id\":\"https:\/\/paragaleriedetalborjt.com\/boutique\/germany-care-couches-adultes-taille-m-36-pieces\/#primaryimage\"},\"thumbnailUrl\":\"https:\/\/paragaleriedetalborjt.com\/wp-content\/uploads\/2026\/01\/Germany-Care-Couches-Adultes-Taille-M-36-Pieces-600x600-1.png\",\"datePublished\":\"2026-01-03T00:05:58+00:00\",\"breadcrumb\":{\"@id\":\"https:\/\/paragaleriedetalborjt.com\/boutique\/germany-care-couches-adultes-taille-m-36-pieces\/#breadcrumb\"},\"inLanguage\":\"en-US\",\"potentialAction\":[{\"@type\":\"ReadAction\",\"target\":[\"https:\/\/paragaleriedetalborjt.com\/boutique\/germany-care-couches-adultes-taille-m-36-pieces\/\"]}]},{\"@type\":\"ImageObject\",\"inLanguage\":\"en-US\",\"@id\":\"https:\/\/paragaleriedetalborjt.com\/boutique\/germany-care-couches-adultes-taille-m-36-pieces\/#primaryimage\",\"url\":\"https:\/\/paragaleriedetalborjt.com\/wp-content\/uploads\/2026\/01\/Germany-Care-Couches-Adultes-Taille-M-36-Pieces-600x600-1.png\",\"contentUrl\":\"https:\/\/paragaleriedetalborjt.com\/wp-content\/uploads\/2026\/01\/Germany-Care-Couches-Adultes-Taille-M-36-Pieces-600x600-1.png\",\"width\":600,\"height\":600},{\"@type\":\"BreadcrumbList\",\"@id\":\"https:\/\/paragaleriedetalborjt.com\/boutique\/germany-care-couches-adultes-taille-m-36-pieces\/#breadcrumb\",\"itemListElement\":[{\"@type\":\"ListItem\",\"position\":1,\"name\":\"Accueil\",\"item\":\"https:\/\/paragaleriedetalborjt.com\/\"},{\"@type\":\"ListItem\",\"position\":2,\"name\":\"Boutique\",\"item\":\"https:\/\/paragaleriedetalborjt.com\/boutique\/\"},{\"@type\":\"ListItem\",\"position\":3,\"name\":\"Germany Care Couches Adultes Taille M 36 Pi\u00e8ces\"}]},{\"@type\":\"WebSite\",\"@id\":\"https:\/\/paragaleriedetalborjt.com\/#website\",\"url\":\"https:\/\/paragaleriedetalborjt.com\/\",\"name\":\"paragaleriedetalborjt\",\"description\":\"\",\"potentialAction\":[{\"@type\":\"SearchAction\",\"target\":{\"@type\":\"EntryPoint\",\"urlTemplate\":\"https:\/\/paragaleriedetalborjt.com\/?s={search_term_string}\"},\"query-input\":{\"@type\":\"PropertyValueSpecification\",\"valueRequired\":true,\"valueName\":\"search_term_string\"}}],\"inLanguage\":\"en-US\"}]}<\/script>\n<!-- \/ Yoast SEO plugin. -->","yoast_head_json":{"title":"Germany Care Couches Adultes Taille M 36 Pi\u00e8ces - paragaleriedetalborjt","robots":{"index":"index","follow":"follow","max-snippet":"max-snippet:-1","max-image-preview":"max-image-preview:large","max-video-preview":"max-video-preview:-1"},"canonical":"https:\/\/paragaleriedetalborjt.com\/en\/boutique\/germany-care-couches-adultes-taille-m-36-pieces\/","og_locale":"en_US","og_type":"article","og_title":"Germany Care Couches Adultes Taille M 36 Pi\u00e8ces - paragaleriedetalborjt","og_description":"Highlights:Ouvrez la couche et placez-la sous le patient, en la tenant entre la jambe du patient. 2. Placez la couche et les bandes sous le patient en laissant une distance \u00e9gale des deux c\u00f4t\u00e9s. 3. Fixez le ruban adh\u00e9sif sur la couche et fixez-le avec votre main.","og_url":"https:\/\/paragaleriedetalborjt.com\/en\/boutique\/germany-care-couches-adultes-taille-m-36-pieces\/","og_site_name":"paragaleriedetalborjt","og_image":[{"width":600,"height":600,"url":"https:\/\/paragaleriedetalborjt.com\/wp-content\/uploads\/2026\/01\/Germany-Care-Couches-Adultes-Taille-M-36-Pieces-600x600-1.png","type":"image\/png"}],"twitter_card":"summary_large_image","twitter_misc":{"Est. reading time":"1 minute"},"schema":{"@context":"https:\/\/schema.org","@graph":[{"@type":"WebPage","@id":"https:\/\/paragaleriedetalborjt.com\/boutique\/germany-care-couches-adultes-taille-m-36-pieces\/","url":"https:\/\/paragaleriedetalborjt.com\/boutique\/germany-care-couches-adultes-taille-m-36-pieces\/","name":"Germany Care Couches Adultes Taille M 36 Pi\u00e8ces - paragaleriedetalborjt","isPartOf":{"@id":"https:\/\/paragaleriedetalborjt.com\/#website"},"primaryImageOfPage":{"@id":"https:\/\/paragaleriedetalborjt.com\/boutique\/germany-care-couches-adultes-taille-m-36-pieces\/#primaryimage"},"image":{"@id":"https:\/\/paragaleriedetalborjt.com\/boutique\/germany-care-couches-adultes-taille-m-36-pieces\/#primaryimage"},"thumbnailUrl":"https:\/\/paragaleriedetalborjt.com\/wp-content\/uploads\/2026\/01\/Germany-Care-Couches-Adultes-Taille-M-36-Pieces-600x600-1.png","datePublished":"2026-01-03T00:05:58+00:00","breadcrumb":{"@id":"https:\/\/paragaleriedetalborjt.com\/boutique\/germany-care-couches-adultes-taille-m-36-pieces\/#breadcrumb"},"inLanguage":"en-US","potentialAction":[{"@type":"ReadAction","target":["https:\/\/paragaleriedetalborjt.com\/boutique\/germany-care-couches-adultes-taille-m-36-pieces\/"]}]},{"@type":"ImageObject","inLanguage":"en-US","@id":"https:\/\/paragaleriedetalborjt.com\/boutique\/germany-care-couches-adultes-taille-m-36-pieces\/#primaryimage","url":"https:\/\/paragaleriedetalborjt.com\/wp-content\/uploads\/2026\/01\/Germany-Care-Couches-Adultes-Taille-M-36-Pieces-600x600-1.png","contentUrl":"https:\/\/paragaleriedetalborjt.com\/wp-content\/uploads\/2026\/01\/Germany-Care-Couches-Adultes-Taille-M-36-Pieces-600x600-1.png","width":600,"height":600},{"@type":"BreadcrumbList","@id":"https:\/\/paragaleriedetalborjt.com\/boutique\/germany-care-couches-adultes-taille-m-36-pieces\/#breadcrumb","itemListElement":[{"@type":"ListItem","position":1,"name":"Accueil","item":"https:\/\/paragaleriedetalborjt.com\/"},{"@type":"ListItem","position":2,"name":"Boutique","item":"https:\/\/paragaleriedetalborjt.com\/boutique\/"},{"@type":"ListItem","position":3,"name":"Germany Care Couches Adultes Taille M 36 Pi\u00e8ces"}]},{"@type":"WebSite","@id":"https:\/\/paragaleriedetalborjt.com\/#website","url":"https:\/\/paragaleriedetalborjt.com\/","name":"paragaleriedetalborjt","description":"","potentialAction":[{"@type":"SearchAction","target":{"@type":"EntryPoint","urlTemplate":"https:\/\/paragaleriedetalborjt.com\/?s={search_term_string}"},"query-input":{"@type":"PropertyValueSpecification","valueRequired":true,"valueName":"search_term_string"}}],"inLanguage":"en-US"}]}},"brands":[],"_links":{"self":[{"href":"https:\/\/paragaleriedetalborjt.com\/en\/wp-json\/wp\/v2\/product\/34694","targetHints":{"allow":["GET"]}}],"collection":[{"href":"https:\/\/paragaleriedetalborjt.com\/en\/wp-json\/wp\/v2\/product"}],"about":[{"href":"https:\/\/paragaleriedetalborjt.com\/en\/wp-json\/wp\/v2\/types\/product"}],"replies":[{"embeddable":true,"href":"https:\/\/paragaleriedetalborjt.com\/en\/wp-json\/wp\/v2\/comments?post=34694"}],"version-history":[{"count":1,"href":"https:\/\/paragaleriedetalborjt.com\/en\/wp-json\/wp\/v2\/product\/34694\/revisions"}],"predecessor-version":[{"id":34696,"href":"https:\/\/paragaleriedetalborjt.com\/en\/wp-json\/wp\/v2\/product\/34694\/revisions\/34696"}],"wp:featuredmedia":[{"embeddable":true,"href":"https:\/\/paragaleriedetalborjt.com\/en\/wp-json\/wp\/v2\/media\/34695"}],"wp:attachment":[{"href":"https:\/\/paragaleriedetalborjt.com\/en\/wp-json\/wp\/v2\/media?parent=34694"}],"wp:term":[{"taxonomy":"pwb-brand","embeddable":true,"href":"https:\/\/paragaleriedetalborjt.com\/en\/wp-json\/wp\/v2\/pwb-brand?post=34694"},{"taxonomy":"product_cat","embeddable":true,"href":"https:\/\/paragaleriedetalborjt.com\/en\/wp-json\/wp\/v2\/product_cat?post=34694"},{"taxonomy":"product_tag","embeddable":true,"href":"https:\/\/paragaleriedetalborjt.com\/en\/wp-json\/wp\/v2\/product_tag?post=34694"}],"curies":[{"name":"wp","href":"https:\/\/api.w.org\/{rel}","templated":true}]}}