{"id":34340,"date":"2026-01-03T00:55:39","date_gmt":"2026-01-02T23:55:39","guid":{"rendered":"https:\/\/paragaleriedetalborjt.com\/?post_type=product&#038;p=34340"},"modified":"2026-01-03T00:55:39","modified_gmt":"2026-01-02T23:55:39","slug":"svr-biotic-c20-creme-regenerante-eclat-peaux-ternes-50ml","status":"publish","type":"product","link":"https:\/\/paragaleriedetalborjt.com\/en\/boutique\/svr-biotic-c20-creme-regenerante-eclat-peaux-ternes-50ml\/","title":{"rendered":"SVR BIOTIC C20 CREME REGENERANTE ECLAT PEAUX TERNES 50ML"},"content":{"rendered":"<div aria-labelledby=\"tab-title-description\" class=\"woocommerce-Tabs-panel woocommerce-Tabs-panel--description panel entry-content wc-tab\" id=\"tab-description\" role=\"tabpanel\">\n<h2>Description<\/h2>\n<div class=\"product__main\">\n<div class=\"product__sidebar product__sidebar--is-sticky\">\n<div class=\"inner-wrapper-sticky\">\n<div class=\"product__actions\">\n<div class=\"product__quantity-switcher\">R\u00e9g\u00e9n\u00e9rer votre peau gr\u00e2ce \u00e0 une combinaison de 3 actifs essentiels \u00e0 la fonction de la peau : des probiotiques pasteuris\u00e9s, de la vitamine C stabilis\u00e9e et de l\u2019Acide Hyaluronique. Et pour revitaliser, r\u00e9v\u00e9ler l\u2019\u00e9clat de la peau et uniformiser le teint, la Vitamine C stabilis\u00e9e est boost\u00e9e \u00e0 20%. Jour apr\u00e8s jour, la peau est lisse, tonique, les signes de fatigue sont moins marqu\u00e9s.<\/div>\n<\/div>\n<\/div>\n<\/div>\n<\/div>\n<div class=\"product__content\">\n<div class=\"product__tab expanded\" data-drawer-container=\"\">\n<div class=\"product__tab-content\" data-drawer-content=\"\">\n<p>Apr\u00e8s 28 jours, la peau est r\u00e9g\u00e9n\u00e9r\u00e9e, la bonne mine est de retour\u00a0:<br \/>\n\u2022\u00a0<strong>+31%<\/strong>\u00a0\u00e9clat du teint<sup>(1)<br \/>\n<\/sup>\u2022\u00a0<strong>+25%<\/strong>\u00a0homog\u00e9n\u00e9it\u00e9 du teint<sup>(1)<br \/>\n<\/sup>\u2022\u00a0<strong>+29%<\/strong>\u00a0peau raffermie<sup>(1)<br \/>\n<\/sup>\u2022\u00a0<strong>-11%<\/strong>\u00a0rides et ridules<sup>(2)<br \/>\n<\/sup>\u2022\u00a0<strong>90%<\/strong>\u00a0le teint est lumineux et la peau renforc\u00e9e<sup>(3)<br \/>\n<\/sup>\u2022\u00a0<strong>85%<\/strong>\u00a0la peau est tonifi\u00e9e, plus ferme et plus lisse<sup>(3)<\/sup><\/p>\n<p><strong><strong>Conseils d\u2019Utilisation : <\/strong> <\/strong><\/p>\n<p>Appliquer sur peau propre et non-irrit\u00e9e matin et\/ou soir sur le visage et le cou.<\/p>\n<p>Lors de la premi\u00e8re utilisation, appliquer sur peau propre une petite quantit\u00e9 le soir et attendre 48H minimum avant la 2eme application. En cas de picotements, rougeurs ou autre manifestation cutan\u00e9es, arr\u00eater l\u2019utilisation du produit. Une fois la peau habitu\u00e9e vous pouvez appliquer le produit quotidiennement, 1 \u00e0 2 fois par jours selon vos besoins.<\/p>\n<\/div>\n<\/div>\n<\/div>\n<\/div>","protected":false},"excerpt":{"rendered":"<p>Highlights:Cr\u00e8me r\u00e9g\u00e9n\u00e9rante \u00e9clat50ml \u2013 Un shot d\u2019\u00e9nergie pour 24h d\u2019\u00e9clat !Teint terne, fatigu\u00e9, manque d\u2019uniformit\u00e9, rides.<\/p>","protected":false},"featured_media":34341,"comment_status":"open","ping_status":"closed","template":"","meta":[],"pwb-brand":[],"product_cat":[16],"product_tag":[],"class_list":{"0":"post-34340","1":"product","2":"type-product","3":"status-publish","4":"has-post-thumbnail","6":"product_cat-non-classe","7":"pa_brands-svr","9":"first","10":"instock","11":"sale","12":"shipping-taxable","13":"purchasable","14":"product-type-simple"},"yoast_head":"<!-- This site is optimized with the Yoast SEO plugin v26.9 - https:\/\/yoast.com\/product\/yoast-seo-wordpress\/ -->\n<title>SVR BIOTIC C20 CREME REGENERANTE ECLAT PEAUX TERNES 50ML - paragaleriedetalborjt<\/title>\n<meta name=\"robots\" content=\"index, follow, max-snippet:-1, max-image-preview:large, max-video-preview:-1\" \/>\n<link rel=\"canonical\" href=\"https:\/\/paragaleriedetalborjt.com\/en\/boutique\/svr-biotic-c20-creme-regenerante-eclat-peaux-ternes-50ml\/\" \/>\n<meta property=\"og:locale\" content=\"en_US\" \/>\n<meta property=\"og:type\" content=\"article\" \/>\n<meta property=\"og:title\" content=\"SVR BIOTIC C20 CREME REGENERANTE ECLAT PEAUX TERNES 50ML - paragaleriedetalborjt\" \/>\n<meta property=\"og:description\" content=\"Highlights:Cr\u00e8me r\u00e9g\u00e9n\u00e9rante \u00e9clat50ml \u2013 Un shot d\u2019\u00e9nergie pour 24h d\u2019\u00e9clat !Teint terne, fatigu\u00e9, manque d\u2019uniformit\u00e9, rides.\" \/>\n<meta property=\"og:url\" content=\"https:\/\/paragaleriedetalborjt.com\/en\/boutique\/svr-biotic-c20-creme-regenerante-eclat-peaux-ternes-50ml\/\" \/>\n<meta property=\"og:site_name\" content=\"paragaleriedetalborjt\" \/>\n<meta property=\"og:image\" content=\"https:\/\/paragaleriedetalborjt.com\/wp-content\/uploads\/2026\/01\/C20-Biotic.png.jpg\" \/>\n\t<meta property=\"og:image:width\" content=\"296\" \/>\n\t<meta property=\"og:image:height\" content=\"295\" \/>\n\t<meta property=\"og:image:type\" content=\"image\/jpeg\" \/>\n<meta name=\"twitter:card\" content=\"summary_large_image\" \/>\n<meta name=\"twitter:label1\" content=\"Est. reading time\" \/>\n\t<meta name=\"twitter:data1\" content=\"1 minute\" \/>\n<script type=\"application\/ld+json\" class=\"yoast-schema-graph\">{\"@context\":\"https:\/\/schema.org\",\"@graph\":[{\"@type\":\"WebPage\",\"@id\":\"https:\/\/paragaleriedetalborjt.com\/boutique\/svr-biotic-c20-creme-regenerante-eclat-peaux-ternes-50ml\/\",\"url\":\"https:\/\/paragaleriedetalborjt.com\/boutique\/svr-biotic-c20-creme-regenerante-eclat-peaux-ternes-50ml\/\",\"name\":\"SVR BIOTIC C20 CREME REGENERANTE ECLAT PEAUX TERNES 50ML - paragaleriedetalborjt\",\"isPartOf\":{\"@id\":\"https:\/\/paragaleriedetalborjt.com\/#website\"},\"primaryImageOfPage\":{\"@id\":\"https:\/\/paragaleriedetalborjt.com\/boutique\/svr-biotic-c20-creme-regenerante-eclat-peaux-ternes-50ml\/#primaryimage\"},\"image\":{\"@id\":\"https:\/\/paragaleriedetalborjt.com\/boutique\/svr-biotic-c20-creme-regenerante-eclat-peaux-ternes-50ml\/#primaryimage\"},\"thumbnailUrl\":\"https:\/\/paragaleriedetalborjt.com\/wp-content\/uploads\/2026\/01\/C20-Biotic.png.jpg\",\"datePublished\":\"2026-01-02T23:55:39+00:00\",\"breadcrumb\":{\"@id\":\"https:\/\/paragaleriedetalborjt.com\/boutique\/svr-biotic-c20-creme-regenerante-eclat-peaux-ternes-50ml\/#breadcrumb\"},\"inLanguage\":\"en-US\",\"potentialAction\":[{\"@type\":\"ReadAction\",\"target\":[\"https:\/\/paragaleriedetalborjt.com\/boutique\/svr-biotic-c20-creme-regenerante-eclat-peaux-ternes-50ml\/\"]}]},{\"@type\":\"ImageObject\",\"inLanguage\":\"en-US\",\"@id\":\"https:\/\/paragaleriedetalborjt.com\/boutique\/svr-biotic-c20-creme-regenerante-eclat-peaux-ternes-50ml\/#primaryimage\",\"url\":\"https:\/\/paragaleriedetalborjt.com\/wp-content\/uploads\/2026\/01\/C20-Biotic.png.jpg\",\"contentUrl\":\"https:\/\/paragaleriedetalborjt.com\/wp-content\/uploads\/2026\/01\/C20-Biotic.png.jpg\",\"width\":296,\"height\":295},{\"@type\":\"BreadcrumbList\",\"@id\":\"https:\/\/paragaleriedetalborjt.com\/boutique\/svr-biotic-c20-creme-regenerante-eclat-peaux-ternes-50ml\/#breadcrumb\",\"itemListElement\":[{\"@type\":\"ListItem\",\"position\":1,\"name\":\"Accueil\",\"item\":\"https:\/\/paragaleriedetalborjt.com\/\"},{\"@type\":\"ListItem\",\"position\":2,\"name\":\"Boutique\",\"item\":\"https:\/\/paragaleriedetalborjt.com\/boutique\/\"},{\"@type\":\"ListItem\",\"position\":3,\"name\":\"SVR BIOTIC C20 CREME REGENERANTE ECLAT PEAUX TERNES 50ML\"}]},{\"@type\":\"WebSite\",\"@id\":\"https:\/\/paragaleriedetalborjt.com\/#website\",\"url\":\"https:\/\/paragaleriedetalborjt.com\/\",\"name\":\"paragaleriedetalborjt\",\"description\":\"\",\"potentialAction\":[{\"@type\":\"SearchAction\",\"target\":{\"@type\":\"EntryPoint\",\"urlTemplate\":\"https:\/\/paragaleriedetalborjt.com\/?s={search_term_string}\"},\"query-input\":{\"@type\":\"PropertyValueSpecification\",\"valueRequired\":true,\"valueName\":\"search_term_string\"}}],\"inLanguage\":\"en-US\"}]}<\/script>\n<!-- \/ Yoast SEO plugin. -->","yoast_head_json":{"title":"SVR BIOTIC C20 CREME REGENERANTE ECLAT PEAUX TERNES 50ML - paragaleriedetalborjt","robots":{"index":"index","follow":"follow","max-snippet":"max-snippet:-1","max-image-preview":"max-image-preview:large","max-video-preview":"max-video-preview:-1"},"canonical":"https:\/\/paragaleriedetalborjt.com\/en\/boutique\/svr-biotic-c20-creme-regenerante-eclat-peaux-ternes-50ml\/","og_locale":"en_US","og_type":"article","og_title":"SVR BIOTIC C20 CREME REGENERANTE ECLAT PEAUX TERNES 50ML - paragaleriedetalborjt","og_description":"Highlights:Cr\u00e8me r\u00e9g\u00e9n\u00e9rante \u00e9clat50ml \u2013 Un shot d\u2019\u00e9nergie pour 24h d\u2019\u00e9clat !Teint terne, fatigu\u00e9, manque d\u2019uniformit\u00e9, rides.","og_url":"https:\/\/paragaleriedetalborjt.com\/en\/boutique\/svr-biotic-c20-creme-regenerante-eclat-peaux-ternes-50ml\/","og_site_name":"paragaleriedetalborjt","og_image":[{"width":296,"height":295,"url":"https:\/\/paragaleriedetalborjt.com\/wp-content\/uploads\/2026\/01\/C20-Biotic.png.jpg","type":"image\/jpeg"}],"twitter_card":"summary_large_image","twitter_misc":{"Est. reading time":"1 minute"},"schema":{"@context":"https:\/\/schema.org","@graph":[{"@type":"WebPage","@id":"https:\/\/paragaleriedetalborjt.com\/boutique\/svr-biotic-c20-creme-regenerante-eclat-peaux-ternes-50ml\/","url":"https:\/\/paragaleriedetalborjt.com\/boutique\/svr-biotic-c20-creme-regenerante-eclat-peaux-ternes-50ml\/","name":"SVR BIOTIC C20 CREME REGENERANTE ECLAT PEAUX TERNES 50ML - paragaleriedetalborjt","isPartOf":{"@id":"https:\/\/paragaleriedetalborjt.com\/#website"},"primaryImageOfPage":{"@id":"https:\/\/paragaleriedetalborjt.com\/boutique\/svr-biotic-c20-creme-regenerante-eclat-peaux-ternes-50ml\/#primaryimage"},"image":{"@id":"https:\/\/paragaleriedetalborjt.com\/boutique\/svr-biotic-c20-creme-regenerante-eclat-peaux-ternes-50ml\/#primaryimage"},"thumbnailUrl":"https:\/\/paragaleriedetalborjt.com\/wp-content\/uploads\/2026\/01\/C20-Biotic.png.jpg","datePublished":"2026-01-02T23:55:39+00:00","breadcrumb":{"@id":"https:\/\/paragaleriedetalborjt.com\/boutique\/svr-biotic-c20-creme-regenerante-eclat-peaux-ternes-50ml\/#breadcrumb"},"inLanguage":"en-US","potentialAction":[{"@type":"ReadAction","target":["https:\/\/paragaleriedetalborjt.com\/boutique\/svr-biotic-c20-creme-regenerante-eclat-peaux-ternes-50ml\/"]}]},{"@type":"ImageObject","inLanguage":"en-US","@id":"https:\/\/paragaleriedetalborjt.com\/boutique\/svr-biotic-c20-creme-regenerante-eclat-peaux-ternes-50ml\/#primaryimage","url":"https:\/\/paragaleriedetalborjt.com\/wp-content\/uploads\/2026\/01\/C20-Biotic.png.jpg","contentUrl":"https:\/\/paragaleriedetalborjt.com\/wp-content\/uploads\/2026\/01\/C20-Biotic.png.jpg","width":296,"height":295},{"@type":"BreadcrumbList","@id":"https:\/\/paragaleriedetalborjt.com\/boutique\/svr-biotic-c20-creme-regenerante-eclat-peaux-ternes-50ml\/#breadcrumb","itemListElement":[{"@type":"ListItem","position":1,"name":"Accueil","item":"https:\/\/paragaleriedetalborjt.com\/"},{"@type":"ListItem","position":2,"name":"Boutique","item":"https:\/\/paragaleriedetalborjt.com\/boutique\/"},{"@type":"ListItem","position":3,"name":"SVR BIOTIC C20 CREME REGENERANTE ECLAT PEAUX TERNES 50ML"}]},{"@type":"WebSite","@id":"https:\/\/paragaleriedetalborjt.com\/#website","url":"https:\/\/paragaleriedetalborjt.com\/","name":"paragaleriedetalborjt","description":"","potentialAction":[{"@type":"SearchAction","target":{"@type":"EntryPoint","urlTemplate":"https:\/\/paragaleriedetalborjt.com\/?s={search_term_string}"},"query-input":{"@type":"PropertyValueSpecification","valueRequired":true,"valueName":"search_term_string"}}],"inLanguage":"en-US"}]}},"brands":[],"_links":{"self":[{"href":"https:\/\/paragaleriedetalborjt.com\/en\/wp-json\/wp\/v2\/product\/34340","targetHints":{"allow":["GET"]}}],"collection":[{"href":"https:\/\/paragaleriedetalborjt.com\/en\/wp-json\/wp\/v2\/product"}],"about":[{"href":"https:\/\/paragaleriedetalborjt.com\/en\/wp-json\/wp\/v2\/types\/product"}],"replies":[{"embeddable":true,"href":"https:\/\/paragaleriedetalborjt.com\/en\/wp-json\/wp\/v2\/comments?post=34340"}],"version-history":[{"count":1,"href":"https:\/\/paragaleriedetalborjt.com\/en\/wp-json\/wp\/v2\/product\/34340\/revisions"}],"predecessor-version":[{"id":34342,"href":"https:\/\/paragaleriedetalborjt.com\/en\/wp-json\/wp\/v2\/product\/34340\/revisions\/34342"}],"wp:featuredmedia":[{"embeddable":true,"href":"https:\/\/paragaleriedetalborjt.com\/en\/wp-json\/wp\/v2\/media\/34341"}],"wp:attachment":[{"href":"https:\/\/paragaleriedetalborjt.com\/en\/wp-json\/wp\/v2\/media?parent=34340"}],"wp:term":[{"taxonomy":"pwb-brand","embeddable":true,"href":"https:\/\/paragaleriedetalborjt.com\/en\/wp-json\/wp\/v2\/pwb-brand?post=34340"},{"taxonomy":"product_cat","embeddable":true,"href":"https:\/\/paragaleriedetalborjt.com\/en\/wp-json\/wp\/v2\/product_cat?post=34340"},{"taxonomy":"product_tag","embeddable":true,"href":"https:\/\/paragaleriedetalborjt.com\/en\/wp-json\/wp\/v2\/product_tag?post=34340"}],"curies":[{"name":"wp","href":"https:\/\/api.w.org\/{rel}","templated":true}]}}