{"id":34310,"date":"2026-01-03T00:54:46","date_gmt":"2026-01-02T23:54:46","guid":{"rendered":"https:\/\/paragaleriedetalborjt.com\/?post_type=product&#038;p=34310"},"modified":"2026-01-03T00:54:46","modified_gmt":"2026-01-02T23:54:46","slug":"royer-shampooing-a-la-bave-descargot-200-ml","status":"publish","type":"product","link":"https:\/\/paragaleriedetalborjt.com\/en\/boutique\/royer-shampooing-a-la-bave-descargot-200-ml\/","title":{"rendered":"RoyeR Shampooing \u00e0 la bave d\u2019escargot 200 ml"},"content":{"rendered":"<div aria-labelledby=\"tab-title-description\" class=\"woocommerce-Tabs-panel woocommerce-Tabs-panel--description panel entry-content wc-tab\" id=\"tab-description\" role=\"tabpanel\">\n<h2>Description<\/h2>\n<div class=\"product-description text-item\" id=\"product-description-short-25\">\n<div>\n<p>Shampooing bio \u00e0 la bave d\u2019escargot qui apporte hydratation, aide \u00e0 lutter contre les tracas capillaires et apaise le cuir chevelu.<\/p>\n<p><strong>Composition :<\/strong><br \/>\nParfum<br \/>\nfloral aux notes vertes et fra\u00eeches<br \/>\nBave d\u2019escargot bio fra\u00eeche<br \/>\nissue de notre \u00e9levage vend\u00e9en contenant naturellement Allanto\u00efne Collag\u00e8ne Elastine Acide glycolique Vitamines et Antibiotiques naturels.<br \/>\nGlyc\u00e9rine v\u00e9g\u00e9tale<br \/>\nAgent hydratant pour la peau et les cheveux. Elle apporte un toucher tr\u00e8s doux<br \/>\nM\u00e9lange de polysaccharides<br \/>\nObtenu \u00e0 partir de chicor\u00e9e : apporte une sensation de l\u00e9g\u00e8ret\u00e9 aux cheveux<br \/>\nProt\u00e9ines d\u2019amandes douces hydrolys\u00e9es<br \/>\nAide au d\u00e9m\u00ealage des cheveux<br \/>\nComplexe v\u00e9g\u00e9tal issu de la graine de tournesol<br \/>\nDestin\u00e9 au traitement des cheveux secs et ab\u00eem\u00e9s il nourrit et restructure la fibre capillaire et ses propri\u00e9t\u00e9s anti-oxydantes la prot\u00e8gent des agressions ext\u00e9rieures<\/p>\n<\/div>\n<\/div>\n<div class=\"text-item\">\n<div class=\"feature-container\">\n<p><strong>Conseils d\u2019utilisation :<\/strong><br \/>\nVerser une petite noisette de shampoing dans la main et r\u00e9partir sur trois zones : \u00e0 partir du haut du front, au niveau des tempes et sur la nuque.<\/p>\n<p>Une fois le shampoing bien r\u00e9parti sur l\u2019ensemble du cuir chevelu, masser d\u00e9licatement pour s\u2019assurer de bien r\u00e9partir le produit sur toutes les zones. Bien rincer afin d\u2019enlever tout le shampoing des cheveux. R\u00e9p\u00e9ter l\u2019op\u00e9ration une seconde fois.<\/p>\n<\/div>\n<\/div>\n<\/div>","protected":false},"excerpt":{"rendered":"<p>Highlights:Shampooing bio \u00e0 la bave d\u2019escargot qui apporte hydratation, aide \u00e0 lutter contre les tracas capillaires et apaise le cuir chevelu.<\/p>","protected":false},"featured_media":34311,"comment_status":"open","ping_status":"closed","template":"","meta":[],"pwb-brand":[],"product_cat":[16],"product_tag":[],"class_list":{"0":"post-34310","1":"product","2":"type-product","3":"status-publish","4":"has-post-thumbnail","6":"product_cat-non-classe","7":"pa_brands-royer","9":"first","10":"instock","11":"sale","12":"shipping-taxable","13":"purchasable","14":"product-type-simple"},"yoast_head":"<!-- This site is optimized with the Yoast SEO plugin v27.5 - https:\/\/yoast.com\/product\/yoast-seo-wordpress\/ -->\n<title>RoyeR Shampooing \u00e0 la bave d\u2019escargot 200 ml - paragaleriedetalborjt<\/title>\n<meta name=\"robots\" content=\"index, follow, max-snippet:-1, max-image-preview:large, max-video-preview:-1\" \/>\n<link rel=\"canonical\" href=\"https:\/\/paragaleriedetalborjt.com\/en\/boutique\/royer-shampooing-a-la-bave-descargot-200-ml\/\" \/>\n<meta property=\"og:locale\" content=\"en_US\" \/>\n<meta property=\"og:type\" content=\"article\" \/>\n<meta property=\"og:title\" content=\"RoyeR Shampooing \u00e0 la bave d\u2019escargot 200 ml - paragaleriedetalborjt\" \/>\n<meta property=\"og:description\" content=\"Highlights:Shampooing bio \u00e0 la bave d\u2019escargot qui apporte hydratation, aide \u00e0 lutter contre les tracas capillaires et apaise le cuir chevelu.\" \/>\n<meta property=\"og:url\" content=\"https:\/\/paragaleriedetalborjt.com\/en\/boutique\/royer-shampooing-a-la-bave-descargot-200-ml\/\" \/>\n<meta property=\"og:site_name\" content=\"paragaleriedetalborjt\" \/>\n<meta property=\"og:image\" content=\"https:\/\/paragaleriedetalborjt.com\/wp-content\/uploads\/2026\/01\/royer-shampooing-a-la-bave-descargot-bio-fraiche.jpg\" \/>\n\t<meta property=\"og:image:width\" content=\"595\" \/>\n\t<meta property=\"og:image:height\" content=\"655\" \/>\n\t<meta property=\"og:image:type\" content=\"image\/jpeg\" \/>\n<meta name=\"twitter:card\" content=\"summary_large_image\" \/>\n<meta name=\"twitter:label1\" content=\"Est. reading time\" \/>\n\t<meta name=\"twitter:data1\" content=\"1 minute\" \/>\n<script type=\"application\/ld+json\" class=\"yoast-schema-graph\">{\"@context\":\"https:\\\/\\\/schema.org\",\"@graph\":[{\"@type\":\"WebPage\",\"@id\":\"https:\\\/\\\/paragaleriedetalborjt.com\\\/boutique\\\/royer-shampooing-a-la-bave-descargot-200-ml\\\/\",\"url\":\"https:\\\/\\\/paragaleriedetalborjt.com\\\/boutique\\\/royer-shampooing-a-la-bave-descargot-200-ml\\\/\",\"name\":\"RoyeR Shampooing \u00e0 la bave d\u2019escargot 200 ml - paragaleriedetalborjt\",\"isPartOf\":{\"@id\":\"https:\\\/\\\/paragaleriedetalborjt.com\\\/#website\"},\"primaryImageOfPage\":{\"@id\":\"https:\\\/\\\/paragaleriedetalborjt.com\\\/boutique\\\/royer-shampooing-a-la-bave-descargot-200-ml\\\/#primaryimage\"},\"image\":{\"@id\":\"https:\\\/\\\/paragaleriedetalborjt.com\\\/boutique\\\/royer-shampooing-a-la-bave-descargot-200-ml\\\/#primaryimage\"},\"thumbnailUrl\":\"https:\\\/\\\/paragaleriedetalborjt.com\\\/wp-content\\\/uploads\\\/2026\\\/01\\\/royer-shampooing-a-la-bave-descargot-bio-fraiche.jpg\",\"datePublished\":\"2026-01-02T23:54:46+00:00\",\"breadcrumb\":{\"@id\":\"https:\\\/\\\/paragaleriedetalborjt.com\\\/boutique\\\/royer-shampooing-a-la-bave-descargot-200-ml\\\/#breadcrumb\"},\"inLanguage\":\"en-US\",\"potentialAction\":[{\"@type\":\"ReadAction\",\"target\":[\"https:\\\/\\\/paragaleriedetalborjt.com\\\/boutique\\\/royer-shampooing-a-la-bave-descargot-200-ml\\\/\"]}]},{\"@type\":\"ImageObject\",\"inLanguage\":\"en-US\",\"@id\":\"https:\\\/\\\/paragaleriedetalborjt.com\\\/boutique\\\/royer-shampooing-a-la-bave-descargot-200-ml\\\/#primaryimage\",\"url\":\"https:\\\/\\\/paragaleriedetalborjt.com\\\/wp-content\\\/uploads\\\/2026\\\/01\\\/royer-shampooing-a-la-bave-descargot-bio-fraiche.jpg\",\"contentUrl\":\"https:\\\/\\\/paragaleriedetalborjt.com\\\/wp-content\\\/uploads\\\/2026\\\/01\\\/royer-shampooing-a-la-bave-descargot-bio-fraiche.jpg\",\"width\":595,\"height\":655},{\"@type\":\"BreadcrumbList\",\"@id\":\"https:\\\/\\\/paragaleriedetalborjt.com\\\/boutique\\\/royer-shampooing-a-la-bave-descargot-200-ml\\\/#breadcrumb\",\"itemListElement\":[{\"@type\":\"ListItem\",\"position\":1,\"name\":\"Accueil\",\"item\":\"https:\\\/\\\/paragaleriedetalborjt.com\\\/\"},{\"@type\":\"ListItem\",\"position\":2,\"name\":\"Boutique\",\"item\":\"https:\\\/\\\/paragaleriedetalborjt.com\\\/boutique\\\/\"},{\"@type\":\"ListItem\",\"position\":3,\"name\":\"RoyeR Shampooing \u00e0 la bave d\u2019escargot 200 ml\"}]},{\"@type\":\"WebSite\",\"@id\":\"https:\\\/\\\/paragaleriedetalborjt.com\\\/#website\",\"url\":\"https:\\\/\\\/paragaleriedetalborjt.com\\\/\",\"name\":\"paragaleriedetalborjt\",\"description\":\"\",\"potentialAction\":[{\"@type\":\"SearchAction\",\"target\":{\"@type\":\"EntryPoint\",\"urlTemplate\":\"https:\\\/\\\/paragaleriedetalborjt.com\\\/?s={search_term_string}\"},\"query-input\":{\"@type\":\"PropertyValueSpecification\",\"valueRequired\":true,\"valueName\":\"search_term_string\"}}],\"inLanguage\":\"en-US\"}]}<\/script>\n<!-- \/ Yoast SEO plugin. -->","yoast_head_json":{"title":"RoyeR Shampooing \u00e0 la bave d\u2019escargot 200 ml - paragaleriedetalborjt","robots":{"index":"index","follow":"follow","max-snippet":"max-snippet:-1","max-image-preview":"max-image-preview:large","max-video-preview":"max-video-preview:-1"},"canonical":"https:\/\/paragaleriedetalborjt.com\/en\/boutique\/royer-shampooing-a-la-bave-descargot-200-ml\/","og_locale":"en_US","og_type":"article","og_title":"RoyeR Shampooing \u00e0 la bave d\u2019escargot 200 ml - paragaleriedetalborjt","og_description":"Highlights:Shampooing bio \u00e0 la bave d\u2019escargot qui apporte hydratation, aide \u00e0 lutter contre les tracas capillaires et apaise le cuir chevelu.","og_url":"https:\/\/paragaleriedetalborjt.com\/en\/boutique\/royer-shampooing-a-la-bave-descargot-200-ml\/","og_site_name":"paragaleriedetalborjt","og_image":[{"width":595,"height":655,"url":"https:\/\/paragaleriedetalborjt.com\/wp-content\/uploads\/2026\/01\/royer-shampooing-a-la-bave-descargot-bio-fraiche.jpg","type":"image\/jpeg"}],"twitter_card":"summary_large_image","twitter_misc":{"Est. reading time":"1 minute"},"schema":{"@context":"https:\/\/schema.org","@graph":[{"@type":"WebPage","@id":"https:\/\/paragaleriedetalborjt.com\/boutique\/royer-shampooing-a-la-bave-descargot-200-ml\/","url":"https:\/\/paragaleriedetalborjt.com\/boutique\/royer-shampooing-a-la-bave-descargot-200-ml\/","name":"RoyeR Shampooing \u00e0 la bave d\u2019escargot 200 ml - paragaleriedetalborjt","isPartOf":{"@id":"https:\/\/paragaleriedetalborjt.com\/#website"},"primaryImageOfPage":{"@id":"https:\/\/paragaleriedetalborjt.com\/boutique\/royer-shampooing-a-la-bave-descargot-200-ml\/#primaryimage"},"image":{"@id":"https:\/\/paragaleriedetalborjt.com\/boutique\/royer-shampooing-a-la-bave-descargot-200-ml\/#primaryimage"},"thumbnailUrl":"https:\/\/paragaleriedetalborjt.com\/wp-content\/uploads\/2026\/01\/royer-shampooing-a-la-bave-descargot-bio-fraiche.jpg","datePublished":"2026-01-02T23:54:46+00:00","breadcrumb":{"@id":"https:\/\/paragaleriedetalborjt.com\/boutique\/royer-shampooing-a-la-bave-descargot-200-ml\/#breadcrumb"},"inLanguage":"en-US","potentialAction":[{"@type":"ReadAction","target":["https:\/\/paragaleriedetalborjt.com\/boutique\/royer-shampooing-a-la-bave-descargot-200-ml\/"]}]},{"@type":"ImageObject","inLanguage":"en-US","@id":"https:\/\/paragaleriedetalborjt.com\/boutique\/royer-shampooing-a-la-bave-descargot-200-ml\/#primaryimage","url":"https:\/\/paragaleriedetalborjt.com\/wp-content\/uploads\/2026\/01\/royer-shampooing-a-la-bave-descargot-bio-fraiche.jpg","contentUrl":"https:\/\/paragaleriedetalborjt.com\/wp-content\/uploads\/2026\/01\/royer-shampooing-a-la-bave-descargot-bio-fraiche.jpg","width":595,"height":655},{"@type":"BreadcrumbList","@id":"https:\/\/paragaleriedetalborjt.com\/boutique\/royer-shampooing-a-la-bave-descargot-200-ml\/#breadcrumb","itemListElement":[{"@type":"ListItem","position":1,"name":"Accueil","item":"https:\/\/paragaleriedetalborjt.com\/"},{"@type":"ListItem","position":2,"name":"Boutique","item":"https:\/\/paragaleriedetalborjt.com\/boutique\/"},{"@type":"ListItem","position":3,"name":"RoyeR Shampooing \u00e0 la bave d\u2019escargot 200 ml"}]},{"@type":"WebSite","@id":"https:\/\/paragaleriedetalborjt.com\/#website","url":"https:\/\/paragaleriedetalborjt.com\/","name":"paragaleriedetalborjt","description":"","potentialAction":[{"@type":"SearchAction","target":{"@type":"EntryPoint","urlTemplate":"https:\/\/paragaleriedetalborjt.com\/?s={search_term_string}"},"query-input":{"@type":"PropertyValueSpecification","valueRequired":true,"valueName":"search_term_string"}}],"inLanguage":"en-US"}]}},"brands":[],"_links":{"self":[{"href":"https:\/\/paragaleriedetalborjt.com\/en\/wp-json\/wp\/v2\/product\/34310","targetHints":{"allow":["GET"]}}],"collection":[{"href":"https:\/\/paragaleriedetalborjt.com\/en\/wp-json\/wp\/v2\/product"}],"about":[{"href":"https:\/\/paragaleriedetalborjt.com\/en\/wp-json\/wp\/v2\/types\/product"}],"replies":[{"embeddable":true,"href":"https:\/\/paragaleriedetalborjt.com\/en\/wp-json\/wp\/v2\/comments?post=34310"}],"version-history":[{"count":1,"href":"https:\/\/paragaleriedetalborjt.com\/en\/wp-json\/wp\/v2\/product\/34310\/revisions"}],"predecessor-version":[{"id":34312,"href":"https:\/\/paragaleriedetalborjt.com\/en\/wp-json\/wp\/v2\/product\/34310\/revisions\/34312"}],"wp:featuredmedia":[{"embeddable":true,"href":"https:\/\/paragaleriedetalborjt.com\/en\/wp-json\/wp\/v2\/media\/34311"}],"wp:attachment":[{"href":"https:\/\/paragaleriedetalborjt.com\/en\/wp-json\/wp\/v2\/media?parent=34310"}],"wp:term":[{"taxonomy":"pwb-brand","embeddable":true,"href":"https:\/\/paragaleriedetalborjt.com\/en\/wp-json\/wp\/v2\/pwb-brand?post=34310"},{"taxonomy":"product_cat","embeddable":true,"href":"https:\/\/paragaleriedetalborjt.com\/en\/wp-json\/wp\/v2\/product_cat?post=34310"},{"taxonomy":"product_tag","embeddable":true,"href":"https:\/\/paragaleriedetalborjt.com\/en\/wp-json\/wp\/v2\/product_tag?post=34310"}],"curies":[{"name":"wp","href":"https:\/\/api.w.org\/{rel}","templated":true}]}}