{"id":34289,"date":"2026-01-03T00:54:07","date_gmt":"2026-01-02T23:54:07","guid":{"rendered":"https:\/\/paragaleriedetalborjt.com\/?post_type=product&#038;p=34289"},"modified":"2026-01-03T00:54:07","modified_gmt":"2026-01-02T23:54:07","slug":"kmk-vernis-a-ongles-casablanca-11ml","status":"publish","type":"product","link":"https:\/\/paragaleriedetalborjt.com\/en\/boutique\/kmk-vernis-a-ongles-casablanca-11ml\/","title":{"rendered":"KMK Vernis a Ongles Casablanca 11ml"},"content":{"rendered":"<div aria-labelledby=\"tab-title-description\" class=\"woocommerce-Tabs-panel woocommerce-Tabs-panel--description panel entry-content wc-tab\" id=\"tab-description\" role=\"tabpanel\">\n<h2>Description<\/h2>\n<p><strong>Bienfaits :<\/strong><br \/>\nC\u2019est avec fiert\u00e9 que nous sommes :<br \/>\n\u2022 Compos\u00e9s sans 12 ingr\u00e9dients toxiques<br \/>\n\u2022 Respirant et oxyg\u00e9nant<br \/>\n\u2022 Perm\u00e9able \u00e0 l\u2019eau<br \/>\n\u2022 Vegan<br \/>\n\u2022 Certifi\u00e9 Cruelty Free<br \/>\n\u2022 Certifi\u00e9 Halal<br \/>\n\u2022 Sans gluten<br \/>\nNos vernis \u00e0 ongles L\u2019Oxyg\u00e9n\u00e9 sont formul\u00e9s sans Phtalates, DBP, Tolu\u00e8ne, Formald\u00e9hyde, R\u00e9sine de<br \/>\nFormald\u00e9hyde, Camphre, Xyl\u00e8ne, \u00c9thyl Tosylamide, Phosphate de Triph\u00e9nyle, Alcool, Parab\u00e8nes, sans<br \/>\ningredient d\u2019origine animale et sans gluten.<\/p>\n<\/div>","protected":false},"excerpt":{"rendered":"<p>Highlights:BLANC OPAQUE PARFAIT POUR LE BOUT DE L\u2019ONGLE DE LA FRENCH MANUCURE OU A PORTER SEUL POUR UN EFFET BLANC OPAQUE TR\u00c8S TENDANCE. UN INDISPENSABLE DANS VOTRE TROUSSE.<\/p>","protected":false},"featured_media":34290,"comment_status":"open","ping_status":"closed","template":"","meta":[],"pwb-brand":[],"product_cat":[16],"product_tag":[],"class_list":{"0":"post-34289","1":"product","2":"type-product","3":"status-publish","4":"has-post-thumbnail","6":"product_cat-non-classe","7":"pa_brands-kmk","9":"first","10":"instock","11":"sale","12":"shipping-taxable","13":"purchasable","14":"product-type-simple"},"yoast_head":"<!-- This site is optimized with the Yoast SEO plugin v26.9 - https:\/\/yoast.com\/product\/yoast-seo-wordpress\/ -->\n<title>KMK Vernis a Ongles Casablanca 11ml - paragaleriedetalborjt<\/title>\n<meta name=\"robots\" content=\"index, follow, max-snippet:-1, max-image-preview:large, max-video-preview:-1\" \/>\n<link rel=\"canonical\" href=\"https:\/\/paragaleriedetalborjt.com\/en\/boutique\/kmk-vernis-a-ongles-casablanca-11ml\/\" \/>\n<meta property=\"og:locale\" content=\"en_US\" \/>\n<meta property=\"og:type\" content=\"article\" \/>\n<meta property=\"og:title\" content=\"KMK Vernis a Ongles Casablanca 11ml - paragaleriedetalborjt\" \/>\n<meta property=\"og:description\" content=\"Highlights:BLANC OPAQUE PARFAIT POUR LE BOUT DE L\u2019ONGLE DE LA FRENCH MANUCURE OU A PORTER SEUL POUR UN EFFET BLANC OPAQUE TR\u00c8S TENDANCE. UN INDISPENSABLE DANS VOTRE TROUSSE.\" \/>\n<meta property=\"og:url\" content=\"https:\/\/paragaleriedetalborjt.com\/en\/boutique\/kmk-vernis-a-ongles-casablanca-11ml\/\" \/>\n<meta property=\"og:site_name\" content=\"paragaleriedetalborjt\" \/>\n<meta property=\"og:image\" content=\"https:\/\/paragaleriedetalborjt.com\/wp-content\/uploads\/2026\/01\/KMK-vernis-a-ongles-Funny-white-blanc-semi-opaque-11ml-600x600-1.jpg\" \/>\n\t<meta property=\"og:image:width\" content=\"600\" \/>\n\t<meta property=\"og:image:height\" content=\"600\" \/>\n\t<meta property=\"og:image:type\" content=\"image\/jpeg\" \/>\n<meta name=\"twitter:card\" content=\"summary_large_image\" \/>\n<script type=\"application\/ld+json\" class=\"yoast-schema-graph\">{\"@context\":\"https:\/\/schema.org\",\"@graph\":[{\"@type\":\"WebPage\",\"@id\":\"https:\/\/paragaleriedetalborjt.com\/boutique\/kmk-vernis-a-ongles-casablanca-11ml\/\",\"url\":\"https:\/\/paragaleriedetalborjt.com\/boutique\/kmk-vernis-a-ongles-casablanca-11ml\/\",\"name\":\"KMK Vernis a Ongles Casablanca 11ml - paragaleriedetalborjt\",\"isPartOf\":{\"@id\":\"https:\/\/paragaleriedetalborjt.com\/#website\"},\"primaryImageOfPage\":{\"@id\":\"https:\/\/paragaleriedetalborjt.com\/boutique\/kmk-vernis-a-ongles-casablanca-11ml\/#primaryimage\"},\"image\":{\"@id\":\"https:\/\/paragaleriedetalborjt.com\/boutique\/kmk-vernis-a-ongles-casablanca-11ml\/#primaryimage\"},\"thumbnailUrl\":\"https:\/\/paragaleriedetalborjt.com\/wp-content\/uploads\/2026\/01\/KMK-vernis-a-ongles-Funny-white-blanc-semi-opaque-11ml-600x600-1.jpg\",\"datePublished\":\"2026-01-02T23:54:07+00:00\",\"breadcrumb\":{\"@id\":\"https:\/\/paragaleriedetalborjt.com\/boutique\/kmk-vernis-a-ongles-casablanca-11ml\/#breadcrumb\"},\"inLanguage\":\"en-US\",\"potentialAction\":[{\"@type\":\"ReadAction\",\"target\":[\"https:\/\/paragaleriedetalborjt.com\/boutique\/kmk-vernis-a-ongles-casablanca-11ml\/\"]}]},{\"@type\":\"ImageObject\",\"inLanguage\":\"en-US\",\"@id\":\"https:\/\/paragaleriedetalborjt.com\/boutique\/kmk-vernis-a-ongles-casablanca-11ml\/#primaryimage\",\"url\":\"https:\/\/paragaleriedetalborjt.com\/wp-content\/uploads\/2026\/01\/KMK-vernis-a-ongles-Funny-white-blanc-semi-opaque-11ml-600x600-1.jpg\",\"contentUrl\":\"https:\/\/paragaleriedetalborjt.com\/wp-content\/uploads\/2026\/01\/KMK-vernis-a-ongles-Funny-white-blanc-semi-opaque-11ml-600x600-1.jpg\",\"width\":600,\"height\":600},{\"@type\":\"BreadcrumbList\",\"@id\":\"https:\/\/paragaleriedetalborjt.com\/boutique\/kmk-vernis-a-ongles-casablanca-11ml\/#breadcrumb\",\"itemListElement\":[{\"@type\":\"ListItem\",\"position\":1,\"name\":\"Accueil\",\"item\":\"https:\/\/paragaleriedetalborjt.com\/\"},{\"@type\":\"ListItem\",\"position\":2,\"name\":\"Boutique\",\"item\":\"https:\/\/paragaleriedetalborjt.com\/boutique\/\"},{\"@type\":\"ListItem\",\"position\":3,\"name\":\"KMK Vernis a Ongles Casablanca 11ml\"}]},{\"@type\":\"WebSite\",\"@id\":\"https:\/\/paragaleriedetalborjt.com\/#website\",\"url\":\"https:\/\/paragaleriedetalborjt.com\/\",\"name\":\"paragaleriedetalborjt\",\"description\":\"\",\"potentialAction\":[{\"@type\":\"SearchAction\",\"target\":{\"@type\":\"EntryPoint\",\"urlTemplate\":\"https:\/\/paragaleriedetalborjt.com\/?s={search_term_string}\"},\"query-input\":{\"@type\":\"PropertyValueSpecification\",\"valueRequired\":true,\"valueName\":\"search_term_string\"}}],\"inLanguage\":\"en-US\"}]}<\/script>\n<!-- \/ Yoast SEO plugin. -->","yoast_head_json":{"title":"KMK Vernis a Ongles Casablanca 11ml - paragaleriedetalborjt","robots":{"index":"index","follow":"follow","max-snippet":"max-snippet:-1","max-image-preview":"max-image-preview:large","max-video-preview":"max-video-preview:-1"},"canonical":"https:\/\/paragaleriedetalborjt.com\/en\/boutique\/kmk-vernis-a-ongles-casablanca-11ml\/","og_locale":"en_US","og_type":"article","og_title":"KMK Vernis a Ongles Casablanca 11ml - paragaleriedetalborjt","og_description":"Highlights:BLANC OPAQUE PARFAIT POUR LE BOUT DE L\u2019ONGLE DE LA FRENCH MANUCURE OU A PORTER SEUL POUR UN EFFET BLANC OPAQUE TR\u00c8S TENDANCE. UN INDISPENSABLE DANS VOTRE TROUSSE.","og_url":"https:\/\/paragaleriedetalborjt.com\/en\/boutique\/kmk-vernis-a-ongles-casablanca-11ml\/","og_site_name":"paragaleriedetalborjt","og_image":[{"width":600,"height":600,"url":"https:\/\/paragaleriedetalborjt.com\/wp-content\/uploads\/2026\/01\/KMK-vernis-a-ongles-Funny-white-blanc-semi-opaque-11ml-600x600-1.jpg","type":"image\/jpeg"}],"twitter_card":"summary_large_image","schema":{"@context":"https:\/\/schema.org","@graph":[{"@type":"WebPage","@id":"https:\/\/paragaleriedetalborjt.com\/boutique\/kmk-vernis-a-ongles-casablanca-11ml\/","url":"https:\/\/paragaleriedetalborjt.com\/boutique\/kmk-vernis-a-ongles-casablanca-11ml\/","name":"KMK Vernis a Ongles Casablanca 11ml - paragaleriedetalborjt","isPartOf":{"@id":"https:\/\/paragaleriedetalborjt.com\/#website"},"primaryImageOfPage":{"@id":"https:\/\/paragaleriedetalborjt.com\/boutique\/kmk-vernis-a-ongles-casablanca-11ml\/#primaryimage"},"image":{"@id":"https:\/\/paragaleriedetalborjt.com\/boutique\/kmk-vernis-a-ongles-casablanca-11ml\/#primaryimage"},"thumbnailUrl":"https:\/\/paragaleriedetalborjt.com\/wp-content\/uploads\/2026\/01\/KMK-vernis-a-ongles-Funny-white-blanc-semi-opaque-11ml-600x600-1.jpg","datePublished":"2026-01-02T23:54:07+00:00","breadcrumb":{"@id":"https:\/\/paragaleriedetalborjt.com\/boutique\/kmk-vernis-a-ongles-casablanca-11ml\/#breadcrumb"},"inLanguage":"en-US","potentialAction":[{"@type":"ReadAction","target":["https:\/\/paragaleriedetalborjt.com\/boutique\/kmk-vernis-a-ongles-casablanca-11ml\/"]}]},{"@type":"ImageObject","inLanguage":"en-US","@id":"https:\/\/paragaleriedetalborjt.com\/boutique\/kmk-vernis-a-ongles-casablanca-11ml\/#primaryimage","url":"https:\/\/paragaleriedetalborjt.com\/wp-content\/uploads\/2026\/01\/KMK-vernis-a-ongles-Funny-white-blanc-semi-opaque-11ml-600x600-1.jpg","contentUrl":"https:\/\/paragaleriedetalborjt.com\/wp-content\/uploads\/2026\/01\/KMK-vernis-a-ongles-Funny-white-blanc-semi-opaque-11ml-600x600-1.jpg","width":600,"height":600},{"@type":"BreadcrumbList","@id":"https:\/\/paragaleriedetalborjt.com\/boutique\/kmk-vernis-a-ongles-casablanca-11ml\/#breadcrumb","itemListElement":[{"@type":"ListItem","position":1,"name":"Accueil","item":"https:\/\/paragaleriedetalborjt.com\/"},{"@type":"ListItem","position":2,"name":"Boutique","item":"https:\/\/paragaleriedetalborjt.com\/boutique\/"},{"@type":"ListItem","position":3,"name":"KMK Vernis a Ongles Casablanca 11ml"}]},{"@type":"WebSite","@id":"https:\/\/paragaleriedetalborjt.com\/#website","url":"https:\/\/paragaleriedetalborjt.com\/","name":"paragaleriedetalborjt","description":"","potentialAction":[{"@type":"SearchAction","target":{"@type":"EntryPoint","urlTemplate":"https:\/\/paragaleriedetalborjt.com\/?s={search_term_string}"},"query-input":{"@type":"PropertyValueSpecification","valueRequired":true,"valueName":"search_term_string"}}],"inLanguage":"en-US"}]}},"brands":[],"_links":{"self":[{"href":"https:\/\/paragaleriedetalborjt.com\/en\/wp-json\/wp\/v2\/product\/34289","targetHints":{"allow":["GET"]}}],"collection":[{"href":"https:\/\/paragaleriedetalborjt.com\/en\/wp-json\/wp\/v2\/product"}],"about":[{"href":"https:\/\/paragaleriedetalborjt.com\/en\/wp-json\/wp\/v2\/types\/product"}],"replies":[{"embeddable":true,"href":"https:\/\/paragaleriedetalborjt.com\/en\/wp-json\/wp\/v2\/comments?post=34289"}],"version-history":[{"count":1,"href":"https:\/\/paragaleriedetalborjt.com\/en\/wp-json\/wp\/v2\/product\/34289\/revisions"}],"predecessor-version":[{"id":34291,"href":"https:\/\/paragaleriedetalborjt.com\/en\/wp-json\/wp\/v2\/product\/34289\/revisions\/34291"}],"wp:featuredmedia":[{"embeddable":true,"href":"https:\/\/paragaleriedetalborjt.com\/en\/wp-json\/wp\/v2\/media\/34290"}],"wp:attachment":[{"href":"https:\/\/paragaleriedetalborjt.com\/en\/wp-json\/wp\/v2\/media?parent=34289"}],"wp:term":[{"taxonomy":"pwb-brand","embeddable":true,"href":"https:\/\/paragaleriedetalborjt.com\/en\/wp-json\/wp\/v2\/pwb-brand?post=34289"},{"taxonomy":"product_cat","embeddable":true,"href":"https:\/\/paragaleriedetalborjt.com\/en\/wp-json\/wp\/v2\/product_cat?post=34289"},{"taxonomy":"product_tag","embeddable":true,"href":"https:\/\/paragaleriedetalborjt.com\/en\/wp-json\/wp\/v2\/product_tag?post=34289"}],"curies":[{"name":"wp","href":"https:\/\/api.w.org\/{rel}","templated":true}]}}