{"id":34067,"date":"2026-01-03T00:47:19","date_gmt":"2026-01-02T23:47:19","guid":{"rendered":"https:\/\/paragaleriedetalborjt.com\/?post_type=product&#038;p=34067"},"modified":"2026-01-03T00:47:20","modified_gmt":"2026-01-02T23:47:20","slug":"sesderma-azelac-ru-cream-gel","status":"publish","type":"product","link":"https:\/\/paragaleriedetalborjt.com\/en\/boutique\/sesderma-azelac-ru-cream-gel\/","title":{"rendered":"Sesderma AZELAC RU Cream Gel"},"content":{"rendered":"<div aria-labelledby=\"tab-title-description\" class=\"woocommerce-Tabs-panel woocommerce-Tabs-panel--description panel entry-content wc-tab\" id=\"tab-description\" role=\"tabpanel\">\n<h2>Description<\/h2>\n<p>Vous souffrez de photovieillissement avec des taches importantes et des rides\u00a0? Le gel cr\u00e8me Azelac Ru sera votre meilleur alli\u00e9.<\/p>\n<p>Il exerce une action directe et s\u00e9lective sur la zone pigment\u00e9e. Gr\u00e2ce \u00e0 des facteurs de croissance d\u2019origine v\u00e9g\u00e9tale, il combat les signes du photovieillissement et les petites rides.<\/p>\n<p>Vous remarquerez progressivement une am\u00e9lioration de la coloration des taches. Pour y parvenir, vous devez \u00eatre constante et l\u2019utiliser en pr\u00e9vention pour que les taches ne r\u00e9apparaissent pas. L\u2019utilisation quotidienne d\u2019une protection solaire et d\u2019Azelac Ru emp\u00eachera l\u2019apparition de nouvelles taches.<\/p>\n<p>POUR QUI\u00a0?<br \/>\nAvec sa texture, ce gel cr\u00e8me est recommand\u00e9 pour les peaux mixtes ou grasses, et pour toutes les personnes qui souhaitent pr\u00e9venir ou r\u00e9duire les taches sur la peau, et am\u00e9liorer son apparence.<\/p>\n<\/div>","protected":false},"excerpt":{"rendered":"<p>Highlights:Gel-cr\u00e8me aux principes actifs d\u00e9pigmentants et facteurs de croissance qui aident non seulement \u00e0 r\u00e9duire les taches sur la peau mais vise \u00e9galement \u00e0 r\u00e9duire les signes du photo-vieillissement et les ridules. C\u2019est le meilleur\u00a0!<\/p>","protected":false},"featured_media":34068,"comment_status":"open","ping_status":"closed","template":"","meta":[],"pwb-brand":[],"product_cat":[16],"product_tag":[],"class_list":{"0":"post-34067","1":"product","2":"type-product","3":"status-publish","4":"has-post-thumbnail","6":"product_cat-non-classe","7":"pa_brands-sesderma","9":"first","10":"instock","11":"sale","12":"shipping-taxable","13":"purchasable","14":"product-type-simple"},"yoast_head":"<!-- This site is optimized with the Yoast SEO plugin v26.9 - https:\/\/yoast.com\/product\/yoast-seo-wordpress\/ -->\n<title>Sesderma AZELAC RU Cream Gel - paragaleriedetalborjt<\/title>\n<meta name=\"robots\" content=\"index, follow, max-snippet:-1, max-image-preview:large, max-video-preview:-1\" \/>\n<link rel=\"canonical\" href=\"https:\/\/paragaleriedetalborjt.com\/en\/boutique\/sesderma-azelac-ru-cream-gel\/\" \/>\n<meta property=\"og:locale\" content=\"en_US\" \/>\n<meta property=\"og:type\" content=\"article\" \/>\n<meta property=\"og:title\" content=\"Sesderma AZELAC RU Cream Gel - paragaleriedetalborjt\" \/>\n<meta property=\"og:description\" content=\"Highlights:Gel-cr\u00e8me aux principes actifs d\u00e9pigmentants et facteurs de croissance qui aident non seulement \u00e0 r\u00e9duire les taches sur la peau mais vise \u00e9galement \u00e0 r\u00e9duire les signes du photo-vieillissement et les ridules. C\u2019est le meilleur\u00a0!\" \/>\n<meta property=\"og:url\" content=\"https:\/\/paragaleriedetalborjt.com\/en\/boutique\/sesderma-azelac-ru-cream-gel\/\" \/>\n<meta property=\"og:site_name\" content=\"paragaleriedetalborjt\" \/>\n<meta property=\"article:modified_time\" content=\"2026-01-02T23:47:20+00:00\" \/>\n<meta property=\"og:image\" content=\"https:\/\/paragaleriedetalborjt.com\/wp-content\/uploads\/2026\/01\/New-Project-9-4.jpg\" \/>\n\t<meta property=\"og:image:width\" content=\"595\" \/>\n\t<meta property=\"og:image:height\" content=\"655\" \/>\n\t<meta property=\"og:image:type\" content=\"image\/jpeg\" \/>\n<meta name=\"twitter:card\" content=\"summary_large_image\" \/>\n<meta name=\"twitter:label1\" content=\"Est. reading time\" \/>\n\t<meta name=\"twitter:data1\" content=\"1 minute\" \/>\n<script type=\"application\/ld+json\" class=\"yoast-schema-graph\">{\"@context\":\"https:\/\/schema.org\",\"@graph\":[{\"@type\":\"WebPage\",\"@id\":\"https:\/\/paragaleriedetalborjt.com\/boutique\/sesderma-azelac-ru-cream-gel\/\",\"url\":\"https:\/\/paragaleriedetalborjt.com\/boutique\/sesderma-azelac-ru-cream-gel\/\",\"name\":\"Sesderma AZELAC RU Cream Gel - paragaleriedetalborjt\",\"isPartOf\":{\"@id\":\"https:\/\/paragaleriedetalborjt.com\/#website\"},\"primaryImageOfPage\":{\"@id\":\"https:\/\/paragaleriedetalborjt.com\/boutique\/sesderma-azelac-ru-cream-gel\/#primaryimage\"},\"image\":{\"@id\":\"https:\/\/paragaleriedetalborjt.com\/boutique\/sesderma-azelac-ru-cream-gel\/#primaryimage\"},\"thumbnailUrl\":\"https:\/\/paragaleriedetalborjt.com\/wp-content\/uploads\/2026\/01\/New-Project-9-4.jpg\",\"datePublished\":\"2026-01-02T23:47:19+00:00\",\"dateModified\":\"2026-01-02T23:47:20+00:00\",\"breadcrumb\":{\"@id\":\"https:\/\/paragaleriedetalborjt.com\/boutique\/sesderma-azelac-ru-cream-gel\/#breadcrumb\"},\"inLanguage\":\"en-US\",\"potentialAction\":[{\"@type\":\"ReadAction\",\"target\":[\"https:\/\/paragaleriedetalborjt.com\/boutique\/sesderma-azelac-ru-cream-gel\/\"]}]},{\"@type\":\"ImageObject\",\"inLanguage\":\"en-US\",\"@id\":\"https:\/\/paragaleriedetalborjt.com\/boutique\/sesderma-azelac-ru-cream-gel\/#primaryimage\",\"url\":\"https:\/\/paragaleriedetalborjt.com\/wp-content\/uploads\/2026\/01\/New-Project-9-4.jpg\",\"contentUrl\":\"https:\/\/paragaleriedetalborjt.com\/wp-content\/uploads\/2026\/01\/New-Project-9-4.jpg\",\"width\":595,\"height\":655},{\"@type\":\"BreadcrumbList\",\"@id\":\"https:\/\/paragaleriedetalborjt.com\/boutique\/sesderma-azelac-ru-cream-gel\/#breadcrumb\",\"itemListElement\":[{\"@type\":\"ListItem\",\"position\":1,\"name\":\"Accueil\",\"item\":\"https:\/\/paragaleriedetalborjt.com\/\"},{\"@type\":\"ListItem\",\"position\":2,\"name\":\"Boutique\",\"item\":\"https:\/\/paragaleriedetalborjt.com\/boutique\/\"},{\"@type\":\"ListItem\",\"position\":3,\"name\":\"Sesderma AZELAC RU Cream Gel\"}]},{\"@type\":\"WebSite\",\"@id\":\"https:\/\/paragaleriedetalborjt.com\/#website\",\"url\":\"https:\/\/paragaleriedetalborjt.com\/\",\"name\":\"paragaleriedetalborjt\",\"description\":\"\",\"potentialAction\":[{\"@type\":\"SearchAction\",\"target\":{\"@type\":\"EntryPoint\",\"urlTemplate\":\"https:\/\/paragaleriedetalborjt.com\/?s={search_term_string}\"},\"query-input\":{\"@type\":\"PropertyValueSpecification\",\"valueRequired\":true,\"valueName\":\"search_term_string\"}}],\"inLanguage\":\"en-US\"}]}<\/script>\n<!-- \/ Yoast SEO plugin. -->","yoast_head_json":{"title":"Sesderma AZELAC RU Cream Gel - paragaleriedetalborjt","robots":{"index":"index","follow":"follow","max-snippet":"max-snippet:-1","max-image-preview":"max-image-preview:large","max-video-preview":"max-video-preview:-1"},"canonical":"https:\/\/paragaleriedetalborjt.com\/en\/boutique\/sesderma-azelac-ru-cream-gel\/","og_locale":"en_US","og_type":"article","og_title":"Sesderma AZELAC RU Cream Gel - paragaleriedetalborjt","og_description":"Highlights:Gel-cr\u00e8me aux principes actifs d\u00e9pigmentants et facteurs de croissance qui aident non seulement \u00e0 r\u00e9duire les taches sur la peau mais vise \u00e9galement \u00e0 r\u00e9duire les signes du photo-vieillissement et les ridules. C\u2019est le meilleur\u00a0!","og_url":"https:\/\/paragaleriedetalborjt.com\/en\/boutique\/sesderma-azelac-ru-cream-gel\/","og_site_name":"paragaleriedetalborjt","article_modified_time":"2026-01-02T23:47:20+00:00","og_image":[{"width":595,"height":655,"url":"https:\/\/paragaleriedetalborjt.com\/wp-content\/uploads\/2026\/01\/New-Project-9-4.jpg","type":"image\/jpeg"}],"twitter_card":"summary_large_image","twitter_misc":{"Est. reading time":"1 minute"},"schema":{"@context":"https:\/\/schema.org","@graph":[{"@type":"WebPage","@id":"https:\/\/paragaleriedetalborjt.com\/boutique\/sesderma-azelac-ru-cream-gel\/","url":"https:\/\/paragaleriedetalborjt.com\/boutique\/sesderma-azelac-ru-cream-gel\/","name":"Sesderma AZELAC RU Cream Gel - paragaleriedetalborjt","isPartOf":{"@id":"https:\/\/paragaleriedetalborjt.com\/#website"},"primaryImageOfPage":{"@id":"https:\/\/paragaleriedetalborjt.com\/boutique\/sesderma-azelac-ru-cream-gel\/#primaryimage"},"image":{"@id":"https:\/\/paragaleriedetalborjt.com\/boutique\/sesderma-azelac-ru-cream-gel\/#primaryimage"},"thumbnailUrl":"https:\/\/paragaleriedetalborjt.com\/wp-content\/uploads\/2026\/01\/New-Project-9-4.jpg","datePublished":"2026-01-02T23:47:19+00:00","dateModified":"2026-01-02T23:47:20+00:00","breadcrumb":{"@id":"https:\/\/paragaleriedetalborjt.com\/boutique\/sesderma-azelac-ru-cream-gel\/#breadcrumb"},"inLanguage":"en-US","potentialAction":[{"@type":"ReadAction","target":["https:\/\/paragaleriedetalborjt.com\/boutique\/sesderma-azelac-ru-cream-gel\/"]}]},{"@type":"ImageObject","inLanguage":"en-US","@id":"https:\/\/paragaleriedetalborjt.com\/boutique\/sesderma-azelac-ru-cream-gel\/#primaryimage","url":"https:\/\/paragaleriedetalborjt.com\/wp-content\/uploads\/2026\/01\/New-Project-9-4.jpg","contentUrl":"https:\/\/paragaleriedetalborjt.com\/wp-content\/uploads\/2026\/01\/New-Project-9-4.jpg","width":595,"height":655},{"@type":"BreadcrumbList","@id":"https:\/\/paragaleriedetalborjt.com\/boutique\/sesderma-azelac-ru-cream-gel\/#breadcrumb","itemListElement":[{"@type":"ListItem","position":1,"name":"Accueil","item":"https:\/\/paragaleriedetalborjt.com\/"},{"@type":"ListItem","position":2,"name":"Boutique","item":"https:\/\/paragaleriedetalborjt.com\/boutique\/"},{"@type":"ListItem","position":3,"name":"Sesderma AZELAC RU Cream Gel"}]},{"@type":"WebSite","@id":"https:\/\/paragaleriedetalborjt.com\/#website","url":"https:\/\/paragaleriedetalborjt.com\/","name":"paragaleriedetalborjt","description":"","potentialAction":[{"@type":"SearchAction","target":{"@type":"EntryPoint","urlTemplate":"https:\/\/paragaleriedetalborjt.com\/?s={search_term_string}"},"query-input":{"@type":"PropertyValueSpecification","valueRequired":true,"valueName":"search_term_string"}}],"inLanguage":"en-US"}]}},"brands":[],"_links":{"self":[{"href":"https:\/\/paragaleriedetalborjt.com\/en\/wp-json\/wp\/v2\/product\/34067","targetHints":{"allow":["GET"]}}],"collection":[{"href":"https:\/\/paragaleriedetalborjt.com\/en\/wp-json\/wp\/v2\/product"}],"about":[{"href":"https:\/\/paragaleriedetalborjt.com\/en\/wp-json\/wp\/v2\/types\/product"}],"replies":[{"embeddable":true,"href":"https:\/\/paragaleriedetalborjt.com\/en\/wp-json\/wp\/v2\/comments?post=34067"}],"version-history":[{"count":1,"href":"https:\/\/paragaleriedetalborjt.com\/en\/wp-json\/wp\/v2\/product\/34067\/revisions"}],"predecessor-version":[{"id":34069,"href":"https:\/\/paragaleriedetalborjt.com\/en\/wp-json\/wp\/v2\/product\/34067\/revisions\/34069"}],"wp:featuredmedia":[{"embeddable":true,"href":"https:\/\/paragaleriedetalborjt.com\/en\/wp-json\/wp\/v2\/media\/34068"}],"wp:attachment":[{"href":"https:\/\/paragaleriedetalborjt.com\/en\/wp-json\/wp\/v2\/media?parent=34067"}],"wp:term":[{"taxonomy":"pwb-brand","embeddable":true,"href":"https:\/\/paragaleriedetalborjt.com\/en\/wp-json\/wp\/v2\/pwb-brand?post=34067"},{"taxonomy":"product_cat","embeddable":true,"href":"https:\/\/paragaleriedetalborjt.com\/en\/wp-json\/wp\/v2\/product_cat?post=34067"},{"taxonomy":"product_tag","embeddable":true,"href":"https:\/\/paragaleriedetalborjt.com\/en\/wp-json\/wp\/v2\/product_tag?post=34067"}],"curies":[{"name":"wp","href":"https:\/\/api.w.org\/{rel}","templated":true}]}}