{"id":33947,"date":"2026-01-03T00:43:35","date_gmt":"2026-01-02T23:43:35","guid":{"rendered":"https:\/\/paragaleriedetalborjt.com\/?post_type=product&#038;p=33947"},"modified":"2026-01-03T00:43:36","modified_gmt":"2026-01-02T23:43:36","slug":"la-saponaria-complexe-peptidique-au-sacha-inchi-30ml","status":"publish","type":"product","link":"https:\/\/paragaleriedetalborjt.com\/en\/boutique\/la-saponaria-complexe-peptidique-au-sacha-inchi-30ml\/","title":{"rendered":"La Saponaria Complexe Peptidique au Sacha Inchi 30ml"},"content":{"rendered":"<div aria-labelledby=\"tab-title-description\" class=\"woocommerce-Tabs-panel woocommerce-Tabs-panel--description panel entry-content wc-tab\" id=\"tab-description\" role=\"tabpanel\">\n<h2>Description<\/h2>\n<p>Les peptides sont de courtes s\u00e9quences d\u2019acides amin\u00e9s dont la principale propri\u00e9t\u00e9 est de stimuler la production de collag\u00e8ne et d\u2019\u00e9lastine et de redonner du tonus \u00e0 la peau. La formule offre des propri\u00e9t\u00e9s relaxantes, raffermissantes et tonifiantes, renforce la tonicit\u00e9 de la peau et pr\u00e9vient les signes de vieillissement pr\u00e9matur\u00e9.<\/p>\n<p>Application : Matin et soir.<\/p>\n<p>Pur : soit en remplacement de la cr\u00e8me de soin, soit avant. Appliquer 2 gouttes de s\u00e9rum sur le visage et masser jusqu\u2019\u00e0 absorption compl\u00e8te.<br \/>\nEn booster : m\u00e9langer 1 \u00e0 2 gouttes du produit avec une cr\u00e8me de soin ou un s\u00e9rum. La cr\u00e8me est ainsi encore mieux absorb\u00e9e par la peau et ses propri\u00e9t\u00e9s de soin sont renforc\u00e9es !<\/p>\n<\/div>","protected":false},"excerpt":{"rendered":"<p>Highlights:Soin tonifiant et raffermissant pour le visage et le d\u00e9collet\u00e9<\/p>","protected":false},"featured_media":33948,"comment_status":"open","ping_status":"closed","template":"","meta":[],"pwb-brand":[],"product_cat":[16],"product_tag":[],"class_list":{"0":"post-33947","1":"product","2":"type-product","3":"status-publish","4":"has-post-thumbnail","6":"product_cat-non-classe","7":"pa_brands-la-saponaria","9":"first","10":"instock","11":"sale","12":"shipping-taxable","13":"purchasable","14":"product-type-simple"},"yoast_head":"<!-- This site is optimized with the Yoast SEO plugin v27.5 - https:\/\/yoast.com\/product\/yoast-seo-wordpress\/ -->\n<title>La Saponaria Complexe Peptidique au Sacha Inchi 30ml - paragaleriedetalborjt<\/title>\n<meta name=\"robots\" content=\"index, follow, max-snippet:-1, max-image-preview:large, max-video-preview:-1\" \/>\n<link rel=\"canonical\" href=\"https:\/\/paragaleriedetalborjt.com\/en\/boutique\/la-saponaria-complexe-peptidique-au-sacha-inchi-30ml\/\" \/>\n<meta property=\"og:locale\" content=\"en_US\" \/>\n<meta property=\"og:type\" content=\"article\" \/>\n<meta property=\"og:title\" content=\"La Saponaria Complexe Peptidique au Sacha Inchi 30ml - paragaleriedetalborjt\" \/>\n<meta property=\"og:description\" content=\"Highlights:Soin tonifiant et raffermissant pour le visage et le d\u00e9collet\u00e9\" \/>\n<meta property=\"og:url\" content=\"https:\/\/paragaleriedetalborjt.com\/en\/boutique\/la-saponaria-complexe-peptidique-au-sacha-inchi-30ml\/\" \/>\n<meta property=\"og:site_name\" content=\"paragaleriedetalborjt\" \/>\n<meta property=\"article:modified_time\" content=\"2026-01-02T23:43:36+00:00\" \/>\n<meta property=\"og:image\" content=\"https:\/\/paragaleriedetalborjt.com\/wp-content\/uploads\/2026\/01\/peptidi-complex-con-sacha-inchi-siero-viso-rassodante-tonificante-effetto-lifting.jpg\" \/>\n\t<meta property=\"og:image:width\" content=\"595\" \/>\n\t<meta property=\"og:image:height\" content=\"655\" \/>\n\t<meta property=\"og:image:type\" content=\"image\/jpeg\" \/>\n<meta name=\"twitter:card\" content=\"summary_large_image\" \/>\n<meta name=\"twitter:label1\" content=\"Est. reading time\" \/>\n\t<meta name=\"twitter:data1\" content=\"1 minute\" \/>\n<script type=\"application\/ld+json\" class=\"yoast-schema-graph\">{\"@context\":\"https:\\\/\\\/schema.org\",\"@graph\":[{\"@type\":\"WebPage\",\"@id\":\"https:\\\/\\\/paragaleriedetalborjt.com\\\/boutique\\\/la-saponaria-complexe-peptidique-au-sacha-inchi-30ml\\\/\",\"url\":\"https:\\\/\\\/paragaleriedetalborjt.com\\\/boutique\\\/la-saponaria-complexe-peptidique-au-sacha-inchi-30ml\\\/\",\"name\":\"La Saponaria Complexe Peptidique au Sacha Inchi 30ml - paragaleriedetalborjt\",\"isPartOf\":{\"@id\":\"https:\\\/\\\/paragaleriedetalborjt.com\\\/#website\"},\"primaryImageOfPage\":{\"@id\":\"https:\\\/\\\/paragaleriedetalborjt.com\\\/boutique\\\/la-saponaria-complexe-peptidique-au-sacha-inchi-30ml\\\/#primaryimage\"},\"image\":{\"@id\":\"https:\\\/\\\/paragaleriedetalborjt.com\\\/boutique\\\/la-saponaria-complexe-peptidique-au-sacha-inchi-30ml\\\/#primaryimage\"},\"thumbnailUrl\":\"https:\\\/\\\/paragaleriedetalborjt.com\\\/wp-content\\\/uploads\\\/2026\\\/01\\\/peptidi-complex-con-sacha-inchi-siero-viso-rassodante-tonificante-effetto-lifting.jpg\",\"datePublished\":\"2026-01-02T23:43:35+00:00\",\"dateModified\":\"2026-01-02T23:43:36+00:00\",\"breadcrumb\":{\"@id\":\"https:\\\/\\\/paragaleriedetalborjt.com\\\/boutique\\\/la-saponaria-complexe-peptidique-au-sacha-inchi-30ml\\\/#breadcrumb\"},\"inLanguage\":\"en-US\",\"potentialAction\":[{\"@type\":\"ReadAction\",\"target\":[\"https:\\\/\\\/paragaleriedetalborjt.com\\\/boutique\\\/la-saponaria-complexe-peptidique-au-sacha-inchi-30ml\\\/\"]}]},{\"@type\":\"ImageObject\",\"inLanguage\":\"en-US\",\"@id\":\"https:\\\/\\\/paragaleriedetalborjt.com\\\/boutique\\\/la-saponaria-complexe-peptidique-au-sacha-inchi-30ml\\\/#primaryimage\",\"url\":\"https:\\\/\\\/paragaleriedetalborjt.com\\\/wp-content\\\/uploads\\\/2026\\\/01\\\/peptidi-complex-con-sacha-inchi-siero-viso-rassodante-tonificante-effetto-lifting.jpg\",\"contentUrl\":\"https:\\\/\\\/paragaleriedetalborjt.com\\\/wp-content\\\/uploads\\\/2026\\\/01\\\/peptidi-complex-con-sacha-inchi-siero-viso-rassodante-tonificante-effetto-lifting.jpg\",\"width\":595,\"height\":655},{\"@type\":\"BreadcrumbList\",\"@id\":\"https:\\\/\\\/paragaleriedetalborjt.com\\\/boutique\\\/la-saponaria-complexe-peptidique-au-sacha-inchi-30ml\\\/#breadcrumb\",\"itemListElement\":[{\"@type\":\"ListItem\",\"position\":1,\"name\":\"Accueil\",\"item\":\"https:\\\/\\\/paragaleriedetalborjt.com\\\/\"},{\"@type\":\"ListItem\",\"position\":2,\"name\":\"Boutique\",\"item\":\"https:\\\/\\\/paragaleriedetalborjt.com\\\/boutique\\\/\"},{\"@type\":\"ListItem\",\"position\":3,\"name\":\"La Saponaria Complexe Peptidique au Sacha Inchi 30ml\"}]},{\"@type\":\"WebSite\",\"@id\":\"https:\\\/\\\/paragaleriedetalborjt.com\\\/#website\",\"url\":\"https:\\\/\\\/paragaleriedetalborjt.com\\\/\",\"name\":\"paragaleriedetalborjt\",\"description\":\"\",\"potentialAction\":[{\"@type\":\"SearchAction\",\"target\":{\"@type\":\"EntryPoint\",\"urlTemplate\":\"https:\\\/\\\/paragaleriedetalborjt.com\\\/?s={search_term_string}\"},\"query-input\":{\"@type\":\"PropertyValueSpecification\",\"valueRequired\":true,\"valueName\":\"search_term_string\"}}],\"inLanguage\":\"en-US\"}]}<\/script>\n<!-- \/ Yoast SEO plugin. -->","yoast_head_json":{"title":"La Saponaria Complexe Peptidique au Sacha Inchi 30ml - paragaleriedetalborjt","robots":{"index":"index","follow":"follow","max-snippet":"max-snippet:-1","max-image-preview":"max-image-preview:large","max-video-preview":"max-video-preview:-1"},"canonical":"https:\/\/paragaleriedetalborjt.com\/en\/boutique\/la-saponaria-complexe-peptidique-au-sacha-inchi-30ml\/","og_locale":"en_US","og_type":"article","og_title":"La Saponaria Complexe Peptidique au Sacha Inchi 30ml - paragaleriedetalborjt","og_description":"Highlights:Soin tonifiant et raffermissant pour le visage et le d\u00e9collet\u00e9","og_url":"https:\/\/paragaleriedetalborjt.com\/en\/boutique\/la-saponaria-complexe-peptidique-au-sacha-inchi-30ml\/","og_site_name":"paragaleriedetalborjt","article_modified_time":"2026-01-02T23:43:36+00:00","og_image":[{"width":595,"height":655,"url":"https:\/\/paragaleriedetalborjt.com\/wp-content\/uploads\/2026\/01\/peptidi-complex-con-sacha-inchi-siero-viso-rassodante-tonificante-effetto-lifting.jpg","type":"image\/jpeg"}],"twitter_card":"summary_large_image","twitter_misc":{"Est. reading time":"1 minute"},"schema":{"@context":"https:\/\/schema.org","@graph":[{"@type":"WebPage","@id":"https:\/\/paragaleriedetalborjt.com\/boutique\/la-saponaria-complexe-peptidique-au-sacha-inchi-30ml\/","url":"https:\/\/paragaleriedetalborjt.com\/boutique\/la-saponaria-complexe-peptidique-au-sacha-inchi-30ml\/","name":"La Saponaria Complexe Peptidique au Sacha Inchi 30ml - paragaleriedetalborjt","isPartOf":{"@id":"https:\/\/paragaleriedetalborjt.com\/#website"},"primaryImageOfPage":{"@id":"https:\/\/paragaleriedetalborjt.com\/boutique\/la-saponaria-complexe-peptidique-au-sacha-inchi-30ml\/#primaryimage"},"image":{"@id":"https:\/\/paragaleriedetalborjt.com\/boutique\/la-saponaria-complexe-peptidique-au-sacha-inchi-30ml\/#primaryimage"},"thumbnailUrl":"https:\/\/paragaleriedetalborjt.com\/wp-content\/uploads\/2026\/01\/peptidi-complex-con-sacha-inchi-siero-viso-rassodante-tonificante-effetto-lifting.jpg","datePublished":"2026-01-02T23:43:35+00:00","dateModified":"2026-01-02T23:43:36+00:00","breadcrumb":{"@id":"https:\/\/paragaleriedetalborjt.com\/boutique\/la-saponaria-complexe-peptidique-au-sacha-inchi-30ml\/#breadcrumb"},"inLanguage":"en-US","potentialAction":[{"@type":"ReadAction","target":["https:\/\/paragaleriedetalborjt.com\/boutique\/la-saponaria-complexe-peptidique-au-sacha-inchi-30ml\/"]}]},{"@type":"ImageObject","inLanguage":"en-US","@id":"https:\/\/paragaleriedetalborjt.com\/boutique\/la-saponaria-complexe-peptidique-au-sacha-inchi-30ml\/#primaryimage","url":"https:\/\/paragaleriedetalborjt.com\/wp-content\/uploads\/2026\/01\/peptidi-complex-con-sacha-inchi-siero-viso-rassodante-tonificante-effetto-lifting.jpg","contentUrl":"https:\/\/paragaleriedetalborjt.com\/wp-content\/uploads\/2026\/01\/peptidi-complex-con-sacha-inchi-siero-viso-rassodante-tonificante-effetto-lifting.jpg","width":595,"height":655},{"@type":"BreadcrumbList","@id":"https:\/\/paragaleriedetalborjt.com\/boutique\/la-saponaria-complexe-peptidique-au-sacha-inchi-30ml\/#breadcrumb","itemListElement":[{"@type":"ListItem","position":1,"name":"Accueil","item":"https:\/\/paragaleriedetalborjt.com\/"},{"@type":"ListItem","position":2,"name":"Boutique","item":"https:\/\/paragaleriedetalborjt.com\/boutique\/"},{"@type":"ListItem","position":3,"name":"La Saponaria Complexe Peptidique au Sacha Inchi 30ml"}]},{"@type":"WebSite","@id":"https:\/\/paragaleriedetalborjt.com\/#website","url":"https:\/\/paragaleriedetalborjt.com\/","name":"paragaleriedetalborjt","description":"","potentialAction":[{"@type":"SearchAction","target":{"@type":"EntryPoint","urlTemplate":"https:\/\/paragaleriedetalborjt.com\/?s={search_term_string}"},"query-input":{"@type":"PropertyValueSpecification","valueRequired":true,"valueName":"search_term_string"}}],"inLanguage":"en-US"}]}},"brands":[],"_links":{"self":[{"href":"https:\/\/paragaleriedetalborjt.com\/en\/wp-json\/wp\/v2\/product\/33947","targetHints":{"allow":["GET"]}}],"collection":[{"href":"https:\/\/paragaleriedetalborjt.com\/en\/wp-json\/wp\/v2\/product"}],"about":[{"href":"https:\/\/paragaleriedetalborjt.com\/en\/wp-json\/wp\/v2\/types\/product"}],"replies":[{"embeddable":true,"href":"https:\/\/paragaleriedetalborjt.com\/en\/wp-json\/wp\/v2\/comments?post=33947"}],"version-history":[{"count":1,"href":"https:\/\/paragaleriedetalborjt.com\/en\/wp-json\/wp\/v2\/product\/33947\/revisions"}],"predecessor-version":[{"id":33949,"href":"https:\/\/paragaleriedetalborjt.com\/en\/wp-json\/wp\/v2\/product\/33947\/revisions\/33949"}],"wp:featuredmedia":[{"embeddable":true,"href":"https:\/\/paragaleriedetalborjt.com\/en\/wp-json\/wp\/v2\/media\/33948"}],"wp:attachment":[{"href":"https:\/\/paragaleriedetalborjt.com\/en\/wp-json\/wp\/v2\/media?parent=33947"}],"wp:term":[{"taxonomy":"pwb-brand","embeddable":true,"href":"https:\/\/paragaleriedetalborjt.com\/en\/wp-json\/wp\/v2\/pwb-brand?post=33947"},{"taxonomy":"product_cat","embeddable":true,"href":"https:\/\/paragaleriedetalborjt.com\/en\/wp-json\/wp\/v2\/product_cat?post=33947"},{"taxonomy":"product_tag","embeddable":true,"href":"https:\/\/paragaleriedetalborjt.com\/en\/wp-json\/wp\/v2\/product_tag?post=33947"}],"curies":[{"name":"wp","href":"https:\/\/api.w.org\/{rel}","templated":true}]}}