{"id":33920,"date":"2026-01-03T00:42:53","date_gmt":"2026-01-02T23:42:53","guid":{"rendered":"https:\/\/paragaleriedetalborjt.com\/?post_type=product&#038;p=33920"},"modified":"2026-01-03T00:42:54","modified_gmt":"2026-01-02T23:42:54","slug":"iraltone-anti-hair-loss-lotion-100ml","status":"publish","type":"product","link":"https:\/\/paragaleriedetalborjt.com\/en\/boutique\/iraltone-anti-hair-loss-lotion-100ml\/","title":{"rendered":"IRALTONE Anti hair Loss lotion 100ml"},"content":{"rendered":"<div aria-labelledby=\"tab-title-description\" class=\"woocommerce-Tabs-panel woocommerce-Tabs-panel--description panel entry-content wc-tab\" id=\"tab-description\" role=\"tabpanel\">\n<h2>Description<\/h2>\n<p>Gr\u00e2ce \u00e0 sa triple action, cette lotion aide \u00e0 relancer la croissance du cheveu et \u00e0 freiner la chute des cheveux en agissant sur les m\u00e9canismes impliqu\u00e9s dans la chute des cheveux excessive. Convient aux femmes tant qu\u2019aux hommes pr\u00e9sentant des cheveux clairsem\u00e9s et une chute des cheveux d\u2019origine hormonale\/saisonni\u00e8re ou li\u00e9e au stress, \u00e0 un r\u00e9gime non \u00e9quilibr\u00e9 ou au vieillissement.<\/p>\n<p>Texture l\u00e9g\u00e8re<br \/>\nSans r\u00e9sidus<br \/>\nNe n\u00e9cessite pas de rin\u00e7age<br \/>\nTest\u00e9e dermatologiquement et ophtalmologiquement<br \/>\nExcellente tol\u00e9rance, hypoallerg\u00e9nique<br \/>\nPour qui ?<br \/>\nSoin anti-chute compl\u00e9mentaire (chute des cheveux androg\u00e9n\u00e9tique, effluvium t\u00e9log\u00e8ne, en relais des traitements m\u00e9dicamenteux, en entretien\u2026)<br \/>\nPour femmes et hommes<br \/>\nAgit sur les facteurs impliqu\u00e9s dans la chute des cheveux androg\u00e9n\u00e9tique<\/p>\n<p><strong>Composition :<\/strong><br \/>\nExtrait de Serenoa repens<br \/>\nPeptides analogues \u00e0 l\u2019IGF-1<br \/>\nComplexe activateur du m\u00e9canisme Wnt\/B-cat\u00e9nine<br \/>\nAntioxydants<\/p>\n<p><strong>Conseils d\u2019Utilisation :<\/strong><br \/>\nAppliquer une fois par jour, de pr\u00e9f\u00e9rence le soir, sur les zones concern\u00e9es du cuir chevelu. Appliquer la lotion directement sur le cuir chevelu \u00e0 l\u2019aide de la canule. Masser doucement pour acc\u00e9l\u00e9rer la p\u00e9n\u00e9tration. Laisser agir toute la nuit. Ne n\u00e9cessite de rin\u00e7age.<\/p>\n<p>Pr\u00e9cautions d\u2019emploi<br \/>\nUsage externe. Ne pas avaler. \u00c9viter le contact direct avec les yeux et les muqueuses.<\/p>\n<p>Inflammable : tenir \u00e0 l\u2019\u00e9cart des flammes, des \u00e9tincelles, des sources d\u2019ignition et des corps incandescents. Ne pas vaporiser le produit sur une peau irrit\u00e9e ni en direction des yeux. Bien rincer \u00e0 l\u2019eau en cas de contact accidentel avec les yeux.<\/p>\n<p><strong>Ingredi\u00e8nts :<\/strong><br \/>\nAqua; Glycerin; Alcohol Denat.; Pentylene Glycol; Hexylene Glycol; Ethoxydiglycol; Lepidium meyenii Root Extract; Pisum sativum Extract, Serenoa serrulata Fruit Extract; Sh-Octapeptide-2; Glycine Soja Oil; Sodium Oleate; Hydrogenated Lecithin; Maltodextrin; Disodium EDTA; Parfum; Phenoxyethanol; Sodium Benzoate.<\/p>\n<\/div>","protected":false},"excerpt":{"rendered":"<p>Highlights:Une lotion l\u00e9g\u00e8re qui aide \u00e0 relancer la croissance du cheveu et \u00e0 limiter la chute des cheveux excessive.<\/p>","protected":false},"featured_media":33921,"comment_status":"open","ping_status":"closed","template":"","meta":[],"pwb-brand":[],"product_cat":[16],"product_tag":[],"class_list":{"0":"post-33920","1":"product","2":"type-product","3":"status-publish","4":"has-post-thumbnail","6":"product_cat-non-classe","7":"pa_brands-iraltone","9":"first","10":"instock","11":"sale","12":"shipping-taxable","13":"purchasable","14":"product-type-simple"},"yoast_head":"<!-- This site is optimized with the Yoast SEO plugin v26.9 - https:\/\/yoast.com\/product\/yoast-seo-wordpress\/ -->\n<title>IRALTONE Anti hair Loss lotion 100ml - paragaleriedetalborjt<\/title>\n<meta name=\"robots\" content=\"index, follow, max-snippet:-1, max-image-preview:large, max-video-preview:-1\" \/>\n<link rel=\"canonical\" href=\"https:\/\/paragaleriedetalborjt.com\/en\/boutique\/iraltone-anti-hair-loss-lotion-100ml\/\" \/>\n<meta property=\"og:locale\" content=\"en_US\" \/>\n<meta property=\"og:type\" content=\"article\" \/>\n<meta property=\"og:title\" content=\"IRALTONE Anti hair Loss lotion 100ml - paragaleriedetalborjt\" \/>\n<meta property=\"og:description\" content=\"Highlights:Une lotion l\u00e9g\u00e8re qui aide \u00e0 relancer la croissance du cheveu et \u00e0 limiter la chute des cheveux excessive.\" \/>\n<meta property=\"og:url\" content=\"https:\/\/paragaleriedetalborjt.com\/en\/boutique\/iraltone-anti-hair-loss-lotion-100ml\/\" \/>\n<meta property=\"og:site_name\" content=\"paragaleriedetalborjt\" \/>\n<meta property=\"article:modified_time\" content=\"2026-01-02T23:42:54+00:00\" \/>\n<meta property=\"og:image\" content=\"https:\/\/paragaleriedetalborjt.com\/wp-content\/uploads\/2026\/01\/cantabria-iralton-lotion-anti-chute-100-ml.jpg\" \/>\n\t<meta property=\"og:image:width\" content=\"595\" \/>\n\t<meta property=\"og:image:height\" content=\"655\" \/>\n\t<meta property=\"og:image:type\" content=\"image\/jpeg\" \/>\n<meta name=\"twitter:card\" content=\"summary_large_image\" \/>\n<meta name=\"twitter:label1\" content=\"Est. reading time\" \/>\n\t<meta name=\"twitter:data1\" content=\"2 minutes\" \/>\n<script type=\"application\/ld+json\" class=\"yoast-schema-graph\">{\"@context\":\"https:\/\/schema.org\",\"@graph\":[{\"@type\":\"WebPage\",\"@id\":\"https:\/\/paragaleriedetalborjt.com\/boutique\/iraltone-anti-hair-loss-lotion-100ml\/\",\"url\":\"https:\/\/paragaleriedetalborjt.com\/boutique\/iraltone-anti-hair-loss-lotion-100ml\/\",\"name\":\"IRALTONE Anti hair Loss lotion 100ml - paragaleriedetalborjt\",\"isPartOf\":{\"@id\":\"https:\/\/paragaleriedetalborjt.com\/#website\"},\"primaryImageOfPage\":{\"@id\":\"https:\/\/paragaleriedetalborjt.com\/boutique\/iraltone-anti-hair-loss-lotion-100ml\/#primaryimage\"},\"image\":{\"@id\":\"https:\/\/paragaleriedetalborjt.com\/boutique\/iraltone-anti-hair-loss-lotion-100ml\/#primaryimage\"},\"thumbnailUrl\":\"https:\/\/paragaleriedetalborjt.com\/wp-content\/uploads\/2026\/01\/cantabria-iralton-lotion-anti-chute-100-ml.jpg\",\"datePublished\":\"2026-01-02T23:42:53+00:00\",\"dateModified\":\"2026-01-02T23:42:54+00:00\",\"breadcrumb\":{\"@id\":\"https:\/\/paragaleriedetalborjt.com\/boutique\/iraltone-anti-hair-loss-lotion-100ml\/#breadcrumb\"},\"inLanguage\":\"en-US\",\"potentialAction\":[{\"@type\":\"ReadAction\",\"target\":[\"https:\/\/paragaleriedetalborjt.com\/boutique\/iraltone-anti-hair-loss-lotion-100ml\/\"]}]},{\"@type\":\"ImageObject\",\"inLanguage\":\"en-US\",\"@id\":\"https:\/\/paragaleriedetalborjt.com\/boutique\/iraltone-anti-hair-loss-lotion-100ml\/#primaryimage\",\"url\":\"https:\/\/paragaleriedetalborjt.com\/wp-content\/uploads\/2026\/01\/cantabria-iralton-lotion-anti-chute-100-ml.jpg\",\"contentUrl\":\"https:\/\/paragaleriedetalborjt.com\/wp-content\/uploads\/2026\/01\/cantabria-iralton-lotion-anti-chute-100-ml.jpg\",\"width\":595,\"height\":655},{\"@type\":\"BreadcrumbList\",\"@id\":\"https:\/\/paragaleriedetalborjt.com\/boutique\/iraltone-anti-hair-loss-lotion-100ml\/#breadcrumb\",\"itemListElement\":[{\"@type\":\"ListItem\",\"position\":1,\"name\":\"Accueil\",\"item\":\"https:\/\/paragaleriedetalborjt.com\/\"},{\"@type\":\"ListItem\",\"position\":2,\"name\":\"Boutique\",\"item\":\"https:\/\/paragaleriedetalborjt.com\/boutique\/\"},{\"@type\":\"ListItem\",\"position\":3,\"name\":\"IRALTONE Anti hair Loss lotion 100ml\"}]},{\"@type\":\"WebSite\",\"@id\":\"https:\/\/paragaleriedetalborjt.com\/#website\",\"url\":\"https:\/\/paragaleriedetalborjt.com\/\",\"name\":\"paragaleriedetalborjt\",\"description\":\"\",\"potentialAction\":[{\"@type\":\"SearchAction\",\"target\":{\"@type\":\"EntryPoint\",\"urlTemplate\":\"https:\/\/paragaleriedetalborjt.com\/?s={search_term_string}\"},\"query-input\":{\"@type\":\"PropertyValueSpecification\",\"valueRequired\":true,\"valueName\":\"search_term_string\"}}],\"inLanguage\":\"en-US\"}]}<\/script>\n<!-- \/ Yoast SEO plugin. -->","yoast_head_json":{"title":"IRALTONE Anti hair Loss lotion 100ml - paragaleriedetalborjt","robots":{"index":"index","follow":"follow","max-snippet":"max-snippet:-1","max-image-preview":"max-image-preview:large","max-video-preview":"max-video-preview:-1"},"canonical":"https:\/\/paragaleriedetalborjt.com\/en\/boutique\/iraltone-anti-hair-loss-lotion-100ml\/","og_locale":"en_US","og_type":"article","og_title":"IRALTONE Anti hair Loss lotion 100ml - paragaleriedetalborjt","og_description":"Highlights:Une lotion l\u00e9g\u00e8re qui aide \u00e0 relancer la croissance du cheveu et \u00e0 limiter la chute des cheveux excessive.","og_url":"https:\/\/paragaleriedetalborjt.com\/en\/boutique\/iraltone-anti-hair-loss-lotion-100ml\/","og_site_name":"paragaleriedetalborjt","article_modified_time":"2026-01-02T23:42:54+00:00","og_image":[{"width":595,"height":655,"url":"https:\/\/paragaleriedetalborjt.com\/wp-content\/uploads\/2026\/01\/cantabria-iralton-lotion-anti-chute-100-ml.jpg","type":"image\/jpeg"}],"twitter_card":"summary_large_image","twitter_misc":{"Est. reading time":"2 minutes"},"schema":{"@context":"https:\/\/schema.org","@graph":[{"@type":"WebPage","@id":"https:\/\/paragaleriedetalborjt.com\/boutique\/iraltone-anti-hair-loss-lotion-100ml\/","url":"https:\/\/paragaleriedetalborjt.com\/boutique\/iraltone-anti-hair-loss-lotion-100ml\/","name":"IRALTONE Anti hair Loss lotion 100ml - paragaleriedetalborjt","isPartOf":{"@id":"https:\/\/paragaleriedetalborjt.com\/#website"},"primaryImageOfPage":{"@id":"https:\/\/paragaleriedetalborjt.com\/boutique\/iraltone-anti-hair-loss-lotion-100ml\/#primaryimage"},"image":{"@id":"https:\/\/paragaleriedetalborjt.com\/boutique\/iraltone-anti-hair-loss-lotion-100ml\/#primaryimage"},"thumbnailUrl":"https:\/\/paragaleriedetalborjt.com\/wp-content\/uploads\/2026\/01\/cantabria-iralton-lotion-anti-chute-100-ml.jpg","datePublished":"2026-01-02T23:42:53+00:00","dateModified":"2026-01-02T23:42:54+00:00","breadcrumb":{"@id":"https:\/\/paragaleriedetalborjt.com\/boutique\/iraltone-anti-hair-loss-lotion-100ml\/#breadcrumb"},"inLanguage":"en-US","potentialAction":[{"@type":"ReadAction","target":["https:\/\/paragaleriedetalborjt.com\/boutique\/iraltone-anti-hair-loss-lotion-100ml\/"]}]},{"@type":"ImageObject","inLanguage":"en-US","@id":"https:\/\/paragaleriedetalborjt.com\/boutique\/iraltone-anti-hair-loss-lotion-100ml\/#primaryimage","url":"https:\/\/paragaleriedetalborjt.com\/wp-content\/uploads\/2026\/01\/cantabria-iralton-lotion-anti-chute-100-ml.jpg","contentUrl":"https:\/\/paragaleriedetalborjt.com\/wp-content\/uploads\/2026\/01\/cantabria-iralton-lotion-anti-chute-100-ml.jpg","width":595,"height":655},{"@type":"BreadcrumbList","@id":"https:\/\/paragaleriedetalborjt.com\/boutique\/iraltone-anti-hair-loss-lotion-100ml\/#breadcrumb","itemListElement":[{"@type":"ListItem","position":1,"name":"Accueil","item":"https:\/\/paragaleriedetalborjt.com\/"},{"@type":"ListItem","position":2,"name":"Boutique","item":"https:\/\/paragaleriedetalborjt.com\/boutique\/"},{"@type":"ListItem","position":3,"name":"IRALTONE Anti hair Loss lotion 100ml"}]},{"@type":"WebSite","@id":"https:\/\/paragaleriedetalborjt.com\/#website","url":"https:\/\/paragaleriedetalborjt.com\/","name":"paragaleriedetalborjt","description":"","potentialAction":[{"@type":"SearchAction","target":{"@type":"EntryPoint","urlTemplate":"https:\/\/paragaleriedetalborjt.com\/?s={search_term_string}"},"query-input":{"@type":"PropertyValueSpecification","valueRequired":true,"valueName":"search_term_string"}}],"inLanguage":"en-US"}]}},"brands":[],"_links":{"self":[{"href":"https:\/\/paragaleriedetalborjt.com\/en\/wp-json\/wp\/v2\/product\/33920","targetHints":{"allow":["GET"]}}],"collection":[{"href":"https:\/\/paragaleriedetalborjt.com\/en\/wp-json\/wp\/v2\/product"}],"about":[{"href":"https:\/\/paragaleriedetalborjt.com\/en\/wp-json\/wp\/v2\/types\/product"}],"replies":[{"embeddable":true,"href":"https:\/\/paragaleriedetalborjt.com\/en\/wp-json\/wp\/v2\/comments?post=33920"}],"version-history":[{"count":1,"href":"https:\/\/paragaleriedetalborjt.com\/en\/wp-json\/wp\/v2\/product\/33920\/revisions"}],"predecessor-version":[{"id":33922,"href":"https:\/\/paragaleriedetalborjt.com\/en\/wp-json\/wp\/v2\/product\/33920\/revisions\/33922"}],"wp:featuredmedia":[{"embeddable":true,"href":"https:\/\/paragaleriedetalborjt.com\/en\/wp-json\/wp\/v2\/media\/33921"}],"wp:attachment":[{"href":"https:\/\/paragaleriedetalborjt.com\/en\/wp-json\/wp\/v2\/media?parent=33920"}],"wp:term":[{"taxonomy":"pwb-brand","embeddable":true,"href":"https:\/\/paragaleriedetalborjt.com\/en\/wp-json\/wp\/v2\/pwb-brand?post=33920"},{"taxonomy":"product_cat","embeddable":true,"href":"https:\/\/paragaleriedetalborjt.com\/en\/wp-json\/wp\/v2\/product_cat?post=33920"},{"taxonomy":"product_tag","embeddable":true,"href":"https:\/\/paragaleriedetalborjt.com\/en\/wp-json\/wp\/v2\/product_tag?post=33920"}],"curies":[{"name":"wp","href":"https:\/\/api.w.org\/{rel}","templated":true}]}}