{"id":33878,"date":"2026-01-03T00:41:51","date_gmt":"2026-01-02T23:41:51","guid":{"rendered":"https:\/\/paragaleriedetalborjt.com\/?post_type=product&#038;p=33878"},"modified":"2026-01-03T00:41:51","modified_gmt":"2026-01-02T23:41:51","slug":"eclin-lait-corporel-hydratant-quotidien-72h-200ml","status":"publish","type":"product","link":"https:\/\/paragaleriedetalborjt.com\/en\/boutique\/eclin-lait-corporel-hydratant-quotidien-72h-200ml\/","title":{"rendered":"Eclin Lait Corporel Hydratant Quotidien 72h 200ml"},"content":{"rendered":"<div aria-labelledby=\"tab-title-description\" class=\"woocommerce-Tabs-panel woocommerce-Tabs-panel--description panel entry-content wc-tab\" id=\"tab-description\" role=\"tabpanel\">\n<h2>Description<\/h2>\n<p><strong>ECLIN lait corporel hydratant quotidien 72h 200mL<\/strong>\u00a0est un soin de la peau hautement efficace qui combine deux ingr\u00e9dients cl\u00e9s pour aider \u00e0 maintenir une peau saine et hydrat\u00e9e.<\/p>\n<p>En combinant la niacinamide et l\u2019ur\u00e9e dans une formule l\u00e9g\u00e8re et non grasse, ECLIN lait corporel hydratant quotidien aide \u00e0 hydrater en profondeur la peau sensible et la peau normale \u00e0 s\u00e8che , tout en favorisant la r\u00e9g\u00e9n\u00e9ration cellulaire pour une peau plus douce, plus lisse et plus radieuse. Son utilisation r\u00e9guli\u00e8re peut \u00e9galement aider \u00e0 am\u00e9liorer l\u2019apparence des cicatrices et des vergetures.<\/p>\n<p>ECLIN lait corporel hydratant quotidien 72h est un produit de soin de la peau \u00e0 la fois hydratant et r\u00e9g\u00e9n\u00e9rant, gr\u00e2ce \u00e0 sa formule unique associant la niacinamide et l\u2019ur\u00e9e. Il convient parfaitement aux personnes ayant une peau sensible normale \u00e0 s\u00e8che, ainsi qu\u2019aux personnes souhaitant am\u00e9liorer l\u2019apparence de leur peau.<\/p>\n<\/div>","protected":false},"excerpt":{"rendered":"<p>Highlights:ECLIN lait corporel hydratant quotidien 72h est un produit de soin de la peau \u00e0 la fois hydratant et r\u00e9g\u00e9n\u00e9rant, gr\u00e2ce \u00e0 sa formule unique associant la niacinamide et l\u2019ur\u00e9e.<\/p>","protected":false},"featured_media":33879,"comment_status":"open","ping_status":"closed","template":"","meta":[],"pwb-brand":[],"product_cat":[16],"product_tag":[],"class_list":{"0":"post-33878","1":"product","2":"type-product","3":"status-publish","4":"has-post-thumbnail","6":"product_cat-non-classe","7":"pa_brands-eclin","9":"first","10":"instock","11":"sale","12":"shipping-taxable","13":"purchasable","14":"product-type-simple"},"yoast_head":"<!-- This site is optimized with the Yoast SEO plugin v27.5 - https:\/\/yoast.com\/product\/yoast-seo-wordpress\/ -->\n<title>Eclin Lait Corporel Hydratant Quotidien 72h 200ml - paragaleriedetalborjt<\/title>\n<meta name=\"robots\" content=\"index, follow, max-snippet:-1, max-image-preview:large, max-video-preview:-1\" \/>\n<link rel=\"canonical\" href=\"https:\/\/paragaleriedetalborjt.com\/en\/boutique\/eclin-lait-corporel-hydratant-quotidien-72h-200ml\/\" \/>\n<meta property=\"og:locale\" content=\"en_US\" \/>\n<meta property=\"og:type\" content=\"article\" \/>\n<meta property=\"og:title\" content=\"Eclin Lait Corporel Hydratant Quotidien 72h 200ml - paragaleriedetalborjt\" \/>\n<meta property=\"og:description\" content=\"Highlights:ECLIN lait corporel hydratant quotidien 72h est un produit de soin de la peau \u00e0 la fois hydratant et r\u00e9g\u00e9n\u00e9rant, gr\u00e2ce \u00e0 sa formule unique associant la niacinamide et l\u2019ur\u00e9e.\" \/>\n<meta property=\"og:url\" content=\"https:\/\/paragaleriedetalborjt.com\/en\/boutique\/eclin-lait-corporel-hydratant-quotidien-72h-200ml\/\" \/>\n<meta property=\"og:site_name\" content=\"paragaleriedetalborjt\" \/>\n<meta property=\"og:image\" content=\"https:\/\/paragaleriedetalborjt.com\/wp-content\/uploads\/2026\/01\/Eclin-Lait-corporel-hydratant-quotidien-72h-200ml.jpg\" \/>\n\t<meta property=\"og:image:width\" content=\"595\" \/>\n\t<meta property=\"og:image:height\" content=\"656\" \/>\n\t<meta property=\"og:image:type\" content=\"image\/jpeg\" \/>\n<meta name=\"twitter:card\" content=\"summary_large_image\" \/>\n<meta name=\"twitter:label1\" content=\"Est. reading time\" \/>\n\t<meta name=\"twitter:data1\" content=\"1 minute\" \/>\n<script type=\"application\/ld+json\" class=\"yoast-schema-graph\">{\"@context\":\"https:\\\/\\\/schema.org\",\"@graph\":[{\"@type\":\"WebPage\",\"@id\":\"https:\\\/\\\/paragaleriedetalborjt.com\\\/boutique\\\/eclin-lait-corporel-hydratant-quotidien-72h-200ml\\\/\",\"url\":\"https:\\\/\\\/paragaleriedetalborjt.com\\\/boutique\\\/eclin-lait-corporel-hydratant-quotidien-72h-200ml\\\/\",\"name\":\"Eclin Lait Corporel Hydratant Quotidien 72h 200ml - paragaleriedetalborjt\",\"isPartOf\":{\"@id\":\"https:\\\/\\\/paragaleriedetalborjt.com\\\/#website\"},\"primaryImageOfPage\":{\"@id\":\"https:\\\/\\\/paragaleriedetalborjt.com\\\/boutique\\\/eclin-lait-corporel-hydratant-quotidien-72h-200ml\\\/#primaryimage\"},\"image\":{\"@id\":\"https:\\\/\\\/paragaleriedetalborjt.com\\\/boutique\\\/eclin-lait-corporel-hydratant-quotidien-72h-200ml\\\/#primaryimage\"},\"thumbnailUrl\":\"https:\\\/\\\/paragaleriedetalborjt.com\\\/wp-content\\\/uploads\\\/2026\\\/01\\\/Eclin-Lait-corporel-hydratant-quotidien-72h-200ml.jpg\",\"datePublished\":\"2026-01-02T23:41:51+00:00\",\"breadcrumb\":{\"@id\":\"https:\\\/\\\/paragaleriedetalborjt.com\\\/boutique\\\/eclin-lait-corporel-hydratant-quotidien-72h-200ml\\\/#breadcrumb\"},\"inLanguage\":\"en-US\",\"potentialAction\":[{\"@type\":\"ReadAction\",\"target\":[\"https:\\\/\\\/paragaleriedetalborjt.com\\\/boutique\\\/eclin-lait-corporel-hydratant-quotidien-72h-200ml\\\/\"]}]},{\"@type\":\"ImageObject\",\"inLanguage\":\"en-US\",\"@id\":\"https:\\\/\\\/paragaleriedetalborjt.com\\\/boutique\\\/eclin-lait-corporel-hydratant-quotidien-72h-200ml\\\/#primaryimage\",\"url\":\"https:\\\/\\\/paragaleriedetalborjt.com\\\/wp-content\\\/uploads\\\/2026\\\/01\\\/Eclin-Lait-corporel-hydratant-quotidien-72h-200ml.jpg\",\"contentUrl\":\"https:\\\/\\\/paragaleriedetalborjt.com\\\/wp-content\\\/uploads\\\/2026\\\/01\\\/Eclin-Lait-corporel-hydratant-quotidien-72h-200ml.jpg\",\"width\":595,\"height\":656},{\"@type\":\"BreadcrumbList\",\"@id\":\"https:\\\/\\\/paragaleriedetalborjt.com\\\/boutique\\\/eclin-lait-corporel-hydratant-quotidien-72h-200ml\\\/#breadcrumb\",\"itemListElement\":[{\"@type\":\"ListItem\",\"position\":1,\"name\":\"Accueil\",\"item\":\"https:\\\/\\\/paragaleriedetalborjt.com\\\/\"},{\"@type\":\"ListItem\",\"position\":2,\"name\":\"Boutique\",\"item\":\"https:\\\/\\\/paragaleriedetalborjt.com\\\/boutique\\\/\"},{\"@type\":\"ListItem\",\"position\":3,\"name\":\"Eclin Lait Corporel Hydratant Quotidien 72h 200ml\"}]},{\"@type\":\"WebSite\",\"@id\":\"https:\\\/\\\/paragaleriedetalborjt.com\\\/#website\",\"url\":\"https:\\\/\\\/paragaleriedetalborjt.com\\\/\",\"name\":\"paragaleriedetalborjt\",\"description\":\"\",\"potentialAction\":[{\"@type\":\"SearchAction\",\"target\":{\"@type\":\"EntryPoint\",\"urlTemplate\":\"https:\\\/\\\/paragaleriedetalborjt.com\\\/?s={search_term_string}\"},\"query-input\":{\"@type\":\"PropertyValueSpecification\",\"valueRequired\":true,\"valueName\":\"search_term_string\"}}],\"inLanguage\":\"en-US\"}]}<\/script>\n<!-- \/ Yoast SEO plugin. -->","yoast_head_json":{"title":"Eclin Lait Corporel Hydratant Quotidien 72h 200ml - paragaleriedetalborjt","robots":{"index":"index","follow":"follow","max-snippet":"max-snippet:-1","max-image-preview":"max-image-preview:large","max-video-preview":"max-video-preview:-1"},"canonical":"https:\/\/paragaleriedetalborjt.com\/en\/boutique\/eclin-lait-corporel-hydratant-quotidien-72h-200ml\/","og_locale":"en_US","og_type":"article","og_title":"Eclin Lait Corporel Hydratant Quotidien 72h 200ml - paragaleriedetalborjt","og_description":"Highlights:ECLIN lait corporel hydratant quotidien 72h est un produit de soin de la peau \u00e0 la fois hydratant et r\u00e9g\u00e9n\u00e9rant, gr\u00e2ce \u00e0 sa formule unique associant la niacinamide et l\u2019ur\u00e9e.","og_url":"https:\/\/paragaleriedetalborjt.com\/en\/boutique\/eclin-lait-corporel-hydratant-quotidien-72h-200ml\/","og_site_name":"paragaleriedetalborjt","og_image":[{"width":595,"height":656,"url":"https:\/\/paragaleriedetalborjt.com\/wp-content\/uploads\/2026\/01\/Eclin-Lait-corporel-hydratant-quotidien-72h-200ml.jpg","type":"image\/jpeg"}],"twitter_card":"summary_large_image","twitter_misc":{"Est. reading time":"1 minute"},"schema":{"@context":"https:\/\/schema.org","@graph":[{"@type":"WebPage","@id":"https:\/\/paragaleriedetalborjt.com\/boutique\/eclin-lait-corporel-hydratant-quotidien-72h-200ml\/","url":"https:\/\/paragaleriedetalborjt.com\/boutique\/eclin-lait-corporel-hydratant-quotidien-72h-200ml\/","name":"Eclin Lait Corporel Hydratant Quotidien 72h 200ml - paragaleriedetalborjt","isPartOf":{"@id":"https:\/\/paragaleriedetalborjt.com\/#website"},"primaryImageOfPage":{"@id":"https:\/\/paragaleriedetalborjt.com\/boutique\/eclin-lait-corporel-hydratant-quotidien-72h-200ml\/#primaryimage"},"image":{"@id":"https:\/\/paragaleriedetalborjt.com\/boutique\/eclin-lait-corporel-hydratant-quotidien-72h-200ml\/#primaryimage"},"thumbnailUrl":"https:\/\/paragaleriedetalborjt.com\/wp-content\/uploads\/2026\/01\/Eclin-Lait-corporel-hydratant-quotidien-72h-200ml.jpg","datePublished":"2026-01-02T23:41:51+00:00","breadcrumb":{"@id":"https:\/\/paragaleriedetalborjt.com\/boutique\/eclin-lait-corporel-hydratant-quotidien-72h-200ml\/#breadcrumb"},"inLanguage":"en-US","potentialAction":[{"@type":"ReadAction","target":["https:\/\/paragaleriedetalborjt.com\/boutique\/eclin-lait-corporel-hydratant-quotidien-72h-200ml\/"]}]},{"@type":"ImageObject","inLanguage":"en-US","@id":"https:\/\/paragaleriedetalborjt.com\/boutique\/eclin-lait-corporel-hydratant-quotidien-72h-200ml\/#primaryimage","url":"https:\/\/paragaleriedetalborjt.com\/wp-content\/uploads\/2026\/01\/Eclin-Lait-corporel-hydratant-quotidien-72h-200ml.jpg","contentUrl":"https:\/\/paragaleriedetalborjt.com\/wp-content\/uploads\/2026\/01\/Eclin-Lait-corporel-hydratant-quotidien-72h-200ml.jpg","width":595,"height":656},{"@type":"BreadcrumbList","@id":"https:\/\/paragaleriedetalborjt.com\/boutique\/eclin-lait-corporel-hydratant-quotidien-72h-200ml\/#breadcrumb","itemListElement":[{"@type":"ListItem","position":1,"name":"Accueil","item":"https:\/\/paragaleriedetalborjt.com\/"},{"@type":"ListItem","position":2,"name":"Boutique","item":"https:\/\/paragaleriedetalborjt.com\/boutique\/"},{"@type":"ListItem","position":3,"name":"Eclin Lait Corporel Hydratant Quotidien 72h 200ml"}]},{"@type":"WebSite","@id":"https:\/\/paragaleriedetalborjt.com\/#website","url":"https:\/\/paragaleriedetalborjt.com\/","name":"paragaleriedetalborjt","description":"","potentialAction":[{"@type":"SearchAction","target":{"@type":"EntryPoint","urlTemplate":"https:\/\/paragaleriedetalborjt.com\/?s={search_term_string}"},"query-input":{"@type":"PropertyValueSpecification","valueRequired":true,"valueName":"search_term_string"}}],"inLanguage":"en-US"}]}},"brands":[],"_links":{"self":[{"href":"https:\/\/paragaleriedetalborjt.com\/en\/wp-json\/wp\/v2\/product\/33878","targetHints":{"allow":["GET"]}}],"collection":[{"href":"https:\/\/paragaleriedetalborjt.com\/en\/wp-json\/wp\/v2\/product"}],"about":[{"href":"https:\/\/paragaleriedetalborjt.com\/en\/wp-json\/wp\/v2\/types\/product"}],"replies":[{"embeddable":true,"href":"https:\/\/paragaleriedetalborjt.com\/en\/wp-json\/wp\/v2\/comments?post=33878"}],"version-history":[{"count":1,"href":"https:\/\/paragaleriedetalborjt.com\/en\/wp-json\/wp\/v2\/product\/33878\/revisions"}],"predecessor-version":[{"id":33880,"href":"https:\/\/paragaleriedetalborjt.com\/en\/wp-json\/wp\/v2\/product\/33878\/revisions\/33880"}],"wp:featuredmedia":[{"embeddable":true,"href":"https:\/\/paragaleriedetalborjt.com\/en\/wp-json\/wp\/v2\/media\/33879"}],"wp:attachment":[{"href":"https:\/\/paragaleriedetalborjt.com\/en\/wp-json\/wp\/v2\/media?parent=33878"}],"wp:term":[{"taxonomy":"pwb-brand","embeddable":true,"href":"https:\/\/paragaleriedetalborjt.com\/en\/wp-json\/wp\/v2\/pwb-brand?post=33878"},{"taxonomy":"product_cat","embeddable":true,"href":"https:\/\/paragaleriedetalborjt.com\/en\/wp-json\/wp\/v2\/product_cat?post=33878"},{"taxonomy":"product_tag","embeddable":true,"href":"https:\/\/paragaleriedetalborjt.com\/en\/wp-json\/wp\/v2\/product_tag?post=33878"}],"curies":[{"name":"wp","href":"https:\/\/api.w.org\/{rel}","templated":true}]}}