{"id":33860,"date":"2026-01-03T00:41:27","date_gmt":"2026-01-02T23:41:27","guid":{"rendered":"https:\/\/paragaleriedetalborjt.com\/?post_type=product&#038;p=33860"},"modified":"2026-01-03T00:41:27","modified_gmt":"2026-01-02T23:41:27","slug":"moustidose-spray-repulsif-adultes-zones-infestees-50ml","status":"publish","type":"product","link":"https:\/\/paragaleriedetalborjt.com\/en\/boutique\/moustidose-spray-repulsif-adultes-zones-infestees-50ml\/","title":{"rendered":"MOUSTIDOSE SPRAY R\u00c9PULSIF ADULTES ZONES INFEST\u00c9ES 50ML"},"content":{"rendered":"<div aria-labelledby=\"tab-title-description\" class=\"woocommerce-Tabs-panel woocommerce-Tabs-panel--description panel entry-content wc-tab\" id=\"tab-description\" role=\"tabpanel\">\n<h2>Description<\/h2>\n<p><strong>R\u00e9pulsif anti-moustique \u00e0 action imm\u00e9diate adulte et enfant de plus de 30 mois. Efficacit\u00e9 pendant 8h.<\/strong><\/p>\n<p>Le r\u00e9pulsif prot\u00e8ge des moustiques pouvant transmettre le chikungunya, le paludisme, la fi\u00e8vre jaune, la dengue ou le virus Zika.<br \/>\nBiocide Tp 19 : R\u00e9pulsif.<\/p>\n<p>\u2013 Concentr\u00e9 de DEET (N-di\u00e9thyl-m-tulomide).<br \/>\n\u2013 Concentr\u00e9 de CITRIODIOL (p-menthane-3,8 diol).<br \/>\n\u2013 Haute efficacit\u00e9 pendant 8h.<br \/>\n\u2013 Pour les adultes et enfants de plus de 30 mois.<br \/>\n\u2013 Vaporisateur sans gaz.<\/p>\n<p>\u00a0<\/p>\n<\/div>","protected":false},"excerpt":{"rendered":"<p>Highlights:Test\u00e9 sous controle dermatologique.<\/p>","protected":false},"featured_media":33861,"comment_status":"open","ping_status":"closed","template":"","meta":[],"pwb-brand":[],"product_cat":[16],"product_tag":[],"class_list":{"0":"post-33860","1":"product","2":"type-product","3":"status-publish","4":"has-post-thumbnail","6":"product_cat-non-classe","7":"pa_brands-moustidose","9":"first","10":"instock","11":"sale","12":"shipping-taxable","13":"purchasable","14":"product-type-simple"},"yoast_head":"<!-- This site is optimized with the Yoast SEO plugin v26.9 - https:\/\/yoast.com\/product\/yoast-seo-wordpress\/ -->\n<title>MOUSTIDOSE SPRAY R\u00c9PULSIF ADULTES ZONES INFEST\u00c9ES 50ML - paragaleriedetalborjt<\/title>\n<meta name=\"robots\" content=\"index, follow, max-snippet:-1, max-image-preview:large, max-video-preview:-1\" \/>\n<link rel=\"canonical\" href=\"https:\/\/paragaleriedetalborjt.com\/en\/boutique\/moustidose-spray-repulsif-adultes-zones-infestees-50ml\/\" \/>\n<meta property=\"og:locale\" content=\"en_US\" \/>\n<meta property=\"og:type\" content=\"article\" \/>\n<meta property=\"og:title\" content=\"MOUSTIDOSE SPRAY R\u00c9PULSIF ADULTES ZONES INFEST\u00c9ES 50ML - paragaleriedetalborjt\" \/>\n<meta property=\"og:description\" content=\"Highlights:Test\u00e9 sous controle dermatologique.\" \/>\n<meta property=\"og:url\" content=\"https:\/\/paragaleriedetalborjt.com\/en\/boutique\/moustidose-spray-repulsif-adultes-zones-infestees-50ml\/\" \/>\n<meta property=\"og:site_name\" content=\"paragaleriedetalborjt\" \/>\n<meta property=\"og:image\" content=\"https:\/\/paragaleriedetalborjt.com\/wp-content\/uploads\/2026\/01\/moustidose-lotion-repulsive-zones-infestees-50ml.jpg\" \/>\n\t<meta property=\"og:image:width\" content=\"594\" \/>\n\t<meta property=\"og:image:height\" content=\"654\" \/>\n\t<meta property=\"og:image:type\" content=\"image\/jpeg\" \/>\n<meta name=\"twitter:card\" content=\"summary_large_image\" \/>\n<script type=\"application\/ld+json\" class=\"yoast-schema-graph\">{\"@context\":\"https:\/\/schema.org\",\"@graph\":[{\"@type\":\"WebPage\",\"@id\":\"https:\/\/paragaleriedetalborjt.com\/boutique\/moustidose-spray-repulsif-adultes-zones-infestees-50ml\/\",\"url\":\"https:\/\/paragaleriedetalborjt.com\/boutique\/moustidose-spray-repulsif-adultes-zones-infestees-50ml\/\",\"name\":\"MOUSTIDOSE SPRAY R\u00c9PULSIF ADULTES ZONES INFEST\u00c9ES 50ML - paragaleriedetalborjt\",\"isPartOf\":{\"@id\":\"https:\/\/paragaleriedetalborjt.com\/#website\"},\"primaryImageOfPage\":{\"@id\":\"https:\/\/paragaleriedetalborjt.com\/boutique\/moustidose-spray-repulsif-adultes-zones-infestees-50ml\/#primaryimage\"},\"image\":{\"@id\":\"https:\/\/paragaleriedetalborjt.com\/boutique\/moustidose-spray-repulsif-adultes-zones-infestees-50ml\/#primaryimage\"},\"thumbnailUrl\":\"https:\/\/paragaleriedetalborjt.com\/wp-content\/uploads\/2026\/01\/moustidose-lotion-repulsive-zones-infestees-50ml.jpg\",\"datePublished\":\"2026-01-02T23:41:27+00:00\",\"breadcrumb\":{\"@id\":\"https:\/\/paragaleriedetalborjt.com\/boutique\/moustidose-spray-repulsif-adultes-zones-infestees-50ml\/#breadcrumb\"},\"inLanguage\":\"en-US\",\"potentialAction\":[{\"@type\":\"ReadAction\",\"target\":[\"https:\/\/paragaleriedetalborjt.com\/boutique\/moustidose-spray-repulsif-adultes-zones-infestees-50ml\/\"]}]},{\"@type\":\"ImageObject\",\"inLanguage\":\"en-US\",\"@id\":\"https:\/\/paragaleriedetalborjt.com\/boutique\/moustidose-spray-repulsif-adultes-zones-infestees-50ml\/#primaryimage\",\"url\":\"https:\/\/paragaleriedetalborjt.com\/wp-content\/uploads\/2026\/01\/moustidose-lotion-repulsive-zones-infestees-50ml.jpg\",\"contentUrl\":\"https:\/\/paragaleriedetalborjt.com\/wp-content\/uploads\/2026\/01\/moustidose-lotion-repulsive-zones-infestees-50ml.jpg\",\"width\":594,\"height\":654},{\"@type\":\"BreadcrumbList\",\"@id\":\"https:\/\/paragaleriedetalborjt.com\/boutique\/moustidose-spray-repulsif-adultes-zones-infestees-50ml\/#breadcrumb\",\"itemListElement\":[{\"@type\":\"ListItem\",\"position\":1,\"name\":\"Accueil\",\"item\":\"https:\/\/paragaleriedetalborjt.com\/\"},{\"@type\":\"ListItem\",\"position\":2,\"name\":\"Boutique\",\"item\":\"https:\/\/paragaleriedetalborjt.com\/boutique\/\"},{\"@type\":\"ListItem\",\"position\":3,\"name\":\"MOUSTIDOSE SPRAY R\u00c9PULSIF ADULTES ZONES INFEST\u00c9ES 50ML\"}]},{\"@type\":\"WebSite\",\"@id\":\"https:\/\/paragaleriedetalborjt.com\/#website\",\"url\":\"https:\/\/paragaleriedetalborjt.com\/\",\"name\":\"paragaleriedetalborjt\",\"description\":\"\",\"potentialAction\":[{\"@type\":\"SearchAction\",\"target\":{\"@type\":\"EntryPoint\",\"urlTemplate\":\"https:\/\/paragaleriedetalborjt.com\/?s={search_term_string}\"},\"query-input\":{\"@type\":\"PropertyValueSpecification\",\"valueRequired\":true,\"valueName\":\"search_term_string\"}}],\"inLanguage\":\"en-US\"}]}<\/script>\n<!-- \/ Yoast SEO plugin. -->","yoast_head_json":{"title":"MOUSTIDOSE SPRAY R\u00c9PULSIF ADULTES ZONES INFEST\u00c9ES 50ML - paragaleriedetalborjt","robots":{"index":"index","follow":"follow","max-snippet":"max-snippet:-1","max-image-preview":"max-image-preview:large","max-video-preview":"max-video-preview:-1"},"canonical":"https:\/\/paragaleriedetalborjt.com\/en\/boutique\/moustidose-spray-repulsif-adultes-zones-infestees-50ml\/","og_locale":"en_US","og_type":"article","og_title":"MOUSTIDOSE SPRAY R\u00c9PULSIF ADULTES ZONES INFEST\u00c9ES 50ML - paragaleriedetalborjt","og_description":"Highlights:Test\u00e9 sous controle dermatologique.","og_url":"https:\/\/paragaleriedetalborjt.com\/en\/boutique\/moustidose-spray-repulsif-adultes-zones-infestees-50ml\/","og_site_name":"paragaleriedetalborjt","og_image":[{"width":594,"height":654,"url":"https:\/\/paragaleriedetalborjt.com\/wp-content\/uploads\/2026\/01\/moustidose-lotion-repulsive-zones-infestees-50ml.jpg","type":"image\/jpeg"}],"twitter_card":"summary_large_image","schema":{"@context":"https:\/\/schema.org","@graph":[{"@type":"WebPage","@id":"https:\/\/paragaleriedetalborjt.com\/boutique\/moustidose-spray-repulsif-adultes-zones-infestees-50ml\/","url":"https:\/\/paragaleriedetalborjt.com\/boutique\/moustidose-spray-repulsif-adultes-zones-infestees-50ml\/","name":"MOUSTIDOSE SPRAY R\u00c9PULSIF ADULTES ZONES INFEST\u00c9ES 50ML - paragaleriedetalborjt","isPartOf":{"@id":"https:\/\/paragaleriedetalborjt.com\/#website"},"primaryImageOfPage":{"@id":"https:\/\/paragaleriedetalborjt.com\/boutique\/moustidose-spray-repulsif-adultes-zones-infestees-50ml\/#primaryimage"},"image":{"@id":"https:\/\/paragaleriedetalborjt.com\/boutique\/moustidose-spray-repulsif-adultes-zones-infestees-50ml\/#primaryimage"},"thumbnailUrl":"https:\/\/paragaleriedetalborjt.com\/wp-content\/uploads\/2026\/01\/moustidose-lotion-repulsive-zones-infestees-50ml.jpg","datePublished":"2026-01-02T23:41:27+00:00","breadcrumb":{"@id":"https:\/\/paragaleriedetalborjt.com\/boutique\/moustidose-spray-repulsif-adultes-zones-infestees-50ml\/#breadcrumb"},"inLanguage":"en-US","potentialAction":[{"@type":"ReadAction","target":["https:\/\/paragaleriedetalborjt.com\/boutique\/moustidose-spray-repulsif-adultes-zones-infestees-50ml\/"]}]},{"@type":"ImageObject","inLanguage":"en-US","@id":"https:\/\/paragaleriedetalborjt.com\/boutique\/moustidose-spray-repulsif-adultes-zones-infestees-50ml\/#primaryimage","url":"https:\/\/paragaleriedetalborjt.com\/wp-content\/uploads\/2026\/01\/moustidose-lotion-repulsive-zones-infestees-50ml.jpg","contentUrl":"https:\/\/paragaleriedetalborjt.com\/wp-content\/uploads\/2026\/01\/moustidose-lotion-repulsive-zones-infestees-50ml.jpg","width":594,"height":654},{"@type":"BreadcrumbList","@id":"https:\/\/paragaleriedetalborjt.com\/boutique\/moustidose-spray-repulsif-adultes-zones-infestees-50ml\/#breadcrumb","itemListElement":[{"@type":"ListItem","position":1,"name":"Accueil","item":"https:\/\/paragaleriedetalborjt.com\/"},{"@type":"ListItem","position":2,"name":"Boutique","item":"https:\/\/paragaleriedetalborjt.com\/boutique\/"},{"@type":"ListItem","position":3,"name":"MOUSTIDOSE SPRAY R\u00c9PULSIF ADULTES ZONES INFEST\u00c9ES 50ML"}]},{"@type":"WebSite","@id":"https:\/\/paragaleriedetalborjt.com\/#website","url":"https:\/\/paragaleriedetalborjt.com\/","name":"paragaleriedetalborjt","description":"","potentialAction":[{"@type":"SearchAction","target":{"@type":"EntryPoint","urlTemplate":"https:\/\/paragaleriedetalborjt.com\/?s={search_term_string}"},"query-input":{"@type":"PropertyValueSpecification","valueRequired":true,"valueName":"search_term_string"}}],"inLanguage":"en-US"}]}},"brands":[],"_links":{"self":[{"href":"https:\/\/paragaleriedetalborjt.com\/en\/wp-json\/wp\/v2\/product\/33860","targetHints":{"allow":["GET"]}}],"collection":[{"href":"https:\/\/paragaleriedetalborjt.com\/en\/wp-json\/wp\/v2\/product"}],"about":[{"href":"https:\/\/paragaleriedetalborjt.com\/en\/wp-json\/wp\/v2\/types\/product"}],"replies":[{"embeddable":true,"href":"https:\/\/paragaleriedetalborjt.com\/en\/wp-json\/wp\/v2\/comments?post=33860"}],"version-history":[{"count":1,"href":"https:\/\/paragaleriedetalborjt.com\/en\/wp-json\/wp\/v2\/product\/33860\/revisions"}],"predecessor-version":[{"id":33862,"href":"https:\/\/paragaleriedetalborjt.com\/en\/wp-json\/wp\/v2\/product\/33860\/revisions\/33862"}],"wp:featuredmedia":[{"embeddable":true,"href":"https:\/\/paragaleriedetalborjt.com\/en\/wp-json\/wp\/v2\/media\/33861"}],"wp:attachment":[{"href":"https:\/\/paragaleriedetalborjt.com\/en\/wp-json\/wp\/v2\/media?parent=33860"}],"wp:term":[{"taxonomy":"pwb-brand","embeddable":true,"href":"https:\/\/paragaleriedetalborjt.com\/en\/wp-json\/wp\/v2\/pwb-brand?post=33860"},{"taxonomy":"product_cat","embeddable":true,"href":"https:\/\/paragaleriedetalborjt.com\/en\/wp-json\/wp\/v2\/product_cat?post=33860"},{"taxonomy":"product_tag","embeddable":true,"href":"https:\/\/paragaleriedetalborjt.com\/en\/wp-json\/wp\/v2\/product_tag?post=33860"}],"curies":[{"name":"wp","href":"https:\/\/api.w.org\/{rel}","templated":true}]}}