{"id":33839,"date":"2026-01-03T00:40:54","date_gmt":"2026-01-02T23:40:54","guid":{"rendered":"https:\/\/paragaleriedetalborjt.com\/?post_type=product&#038;p=33839"},"modified":"2026-01-03T00:40:54","modified_gmt":"2026-01-02T23:40:54","slug":"bella-aurora-splendor-booster-52ml","status":"publish","type":"product","link":"https:\/\/paragaleriedetalborjt.com\/en\/boutique\/bella-aurora-splendor-booster-52ml\/","title":{"rendered":"BELLA AURORA \u2013 SPLENDOR BOOSTER 5*2ml"},"content":{"rendered":"<div aria-labelledby=\"tab-title-description\" class=\"woocommerce-Tabs-panel woocommerce-Tabs-panel--description panel entry-content wc-tab\" id=\"tab-description\" role=\"tabpanel\" style=\"\">\n<h2>Description<\/h2>\n<p>BELLA AURORA \u2013 SPLENDOR BOOSTER est une formule concentr\u00e9e \u00e0 base d\u2019actifs au puissant effet anti-\u00e2ge pour illuminer et redensifier la peau. Avec de la vitamine C qui \u00e9claircit et unifie le teint de la peau et rehausse sa luminosit\u00e9 naturelle. Inhibe la tyrosinase, enzyme responsable de la synth\u00e8se de m\u00e9lanine, et prot\u00e8ge la peau des radicaux libres gr\u00e2ce \u00e0 son action antioxydante.<\/p>\n<p><strong style=\"font-size: 1rem\">Conseils d\u2019utilisation :<\/strong><\/p>\n<p>Appliquer une petite quantit\u00e9 sur le visage, le cou et le d\u00e9collet\u00e9 pr\u00e9alablement nettoy\u00e9s en r\u00e9alisant un l\u00e9ger massage jusqu\u2019\u00e0 absorption compl\u00e8te.<\/p>\n<\/div>","protected":false},"excerpt":{"rendered":"<p>Highlights:\u00c0 base d\u2019acide hyaluronique, qui stimule la production de collag\u00e8ne pour lutter contre la perte de fermet\u00e9 et de volume de la peau. Effet tenseur imm\u00e9diat. Lisse le relief cutan\u00e9, r\u00e9duit les rides et lignes d\u2019expression et \u00e9limine les signes de fatigue.<\/p>","protected":false},"featured_media":33840,"comment_status":"open","ping_status":"closed","template":"","meta":[],"pwb-brand":[],"product_cat":[16],"product_tag":[],"class_list":{"0":"post-33839","1":"product","2":"type-product","3":"status-publish","4":"has-post-thumbnail","6":"product_cat-non-classe","7":"pa_brands-bella-aurora","9":"first","10":"instock","11":"sale","12":"shipping-taxable","13":"purchasable","14":"product-type-simple"},"yoast_head":"<!-- This site is optimized with the Yoast SEO plugin v26.9 - https:\/\/yoast.com\/product\/yoast-seo-wordpress\/ -->\n<title>BELLA AURORA \u2013 SPLENDOR BOOSTER 5*2ml - paragaleriedetalborjt<\/title>\n<meta name=\"robots\" content=\"index, follow, max-snippet:-1, max-image-preview:large, max-video-preview:-1\" \/>\n<link rel=\"canonical\" href=\"https:\/\/paragaleriedetalborjt.com\/en\/boutique\/bella-aurora-splendor-booster-52ml\/\" \/>\n<meta property=\"og:locale\" content=\"en_US\" \/>\n<meta property=\"og:type\" content=\"article\" \/>\n<meta property=\"og:title\" content=\"BELLA AURORA \u2013 SPLENDOR BOOSTER 5*2ml - paragaleriedetalborjt\" \/>\n<meta property=\"og:description\" content=\"Highlights:\u00c0 base d\u2019acide hyaluronique, qui stimule la production de collag\u00e8ne pour lutter contre la perte de fermet\u00e9 et de volume de la peau. Effet tenseur imm\u00e9diat. Lisse le relief cutan\u00e9, r\u00e9duit les rides et lignes d\u2019expression et \u00e9limine les signes de fatigue.\" \/>\n<meta property=\"og:url\" content=\"https:\/\/paragaleriedetalborjt.com\/en\/boutique\/bella-aurora-splendor-booster-52ml\/\" \/>\n<meta property=\"og:site_name\" content=\"paragaleriedetalborjt\" \/>\n<meta property=\"og:image\" content=\"https:\/\/paragaleriedetalborjt.com\/wp-content\/uploads\/2026\/01\/BELLA-AURORA-SPLENDOR-BOOSTER-vitamine-c-1.jpg\" \/>\n\t<meta property=\"og:image:width\" content=\"595\" \/>\n\t<meta property=\"og:image:height\" content=\"655\" \/>\n\t<meta property=\"og:image:type\" content=\"image\/jpeg\" \/>\n<meta name=\"twitter:card\" content=\"summary_large_image\" \/>\n<script type=\"application\/ld+json\" class=\"yoast-schema-graph\">{\"@context\":\"https:\/\/schema.org\",\"@graph\":[{\"@type\":\"WebPage\",\"@id\":\"https:\/\/paragaleriedetalborjt.com\/boutique\/bella-aurora-splendor-booster-52ml\/\",\"url\":\"https:\/\/paragaleriedetalborjt.com\/boutique\/bella-aurora-splendor-booster-52ml\/\",\"name\":\"BELLA AURORA \u2013 SPLENDOR BOOSTER 5*2ml - paragaleriedetalborjt\",\"isPartOf\":{\"@id\":\"https:\/\/paragaleriedetalborjt.com\/#website\"},\"primaryImageOfPage\":{\"@id\":\"https:\/\/paragaleriedetalborjt.com\/boutique\/bella-aurora-splendor-booster-52ml\/#primaryimage\"},\"image\":{\"@id\":\"https:\/\/paragaleriedetalborjt.com\/boutique\/bella-aurora-splendor-booster-52ml\/#primaryimage\"},\"thumbnailUrl\":\"https:\/\/paragaleriedetalborjt.com\/wp-content\/uploads\/2026\/01\/BELLA-AURORA-SPLENDOR-BOOSTER-vitamine-c-1.jpg\",\"datePublished\":\"2026-01-02T23:40:54+00:00\",\"breadcrumb\":{\"@id\":\"https:\/\/paragaleriedetalborjt.com\/boutique\/bella-aurora-splendor-booster-52ml\/#breadcrumb\"},\"inLanguage\":\"en-US\",\"potentialAction\":[{\"@type\":\"ReadAction\",\"target\":[\"https:\/\/paragaleriedetalborjt.com\/boutique\/bella-aurora-splendor-booster-52ml\/\"]}]},{\"@type\":\"ImageObject\",\"inLanguage\":\"en-US\",\"@id\":\"https:\/\/paragaleriedetalborjt.com\/boutique\/bella-aurora-splendor-booster-52ml\/#primaryimage\",\"url\":\"https:\/\/paragaleriedetalborjt.com\/wp-content\/uploads\/2026\/01\/BELLA-AURORA-SPLENDOR-BOOSTER-vitamine-c-1.jpg\",\"contentUrl\":\"https:\/\/paragaleriedetalborjt.com\/wp-content\/uploads\/2026\/01\/BELLA-AURORA-SPLENDOR-BOOSTER-vitamine-c-1.jpg\",\"width\":595,\"height\":655},{\"@type\":\"BreadcrumbList\",\"@id\":\"https:\/\/paragaleriedetalborjt.com\/boutique\/bella-aurora-splendor-booster-52ml\/#breadcrumb\",\"itemListElement\":[{\"@type\":\"ListItem\",\"position\":1,\"name\":\"Accueil\",\"item\":\"https:\/\/paragaleriedetalborjt.com\/\"},{\"@type\":\"ListItem\",\"position\":2,\"name\":\"Boutique\",\"item\":\"https:\/\/paragaleriedetalborjt.com\/boutique\/\"},{\"@type\":\"ListItem\",\"position\":3,\"name\":\"BELLA AURORA \u2013 SPLENDOR BOOSTER 5*2ml\"}]},{\"@type\":\"WebSite\",\"@id\":\"https:\/\/paragaleriedetalborjt.com\/#website\",\"url\":\"https:\/\/paragaleriedetalborjt.com\/\",\"name\":\"paragaleriedetalborjt\",\"description\":\"\",\"potentialAction\":[{\"@type\":\"SearchAction\",\"target\":{\"@type\":\"EntryPoint\",\"urlTemplate\":\"https:\/\/paragaleriedetalborjt.com\/?s={search_term_string}\"},\"query-input\":{\"@type\":\"PropertyValueSpecification\",\"valueRequired\":true,\"valueName\":\"search_term_string\"}}],\"inLanguage\":\"en-US\"}]}<\/script>\n<!-- \/ Yoast SEO plugin. -->","yoast_head_json":{"title":"BELLA AURORA \u2013 SPLENDOR BOOSTER 5*2ml - paragaleriedetalborjt","robots":{"index":"index","follow":"follow","max-snippet":"max-snippet:-1","max-image-preview":"max-image-preview:large","max-video-preview":"max-video-preview:-1"},"canonical":"https:\/\/paragaleriedetalborjt.com\/en\/boutique\/bella-aurora-splendor-booster-52ml\/","og_locale":"en_US","og_type":"article","og_title":"BELLA AURORA \u2013 SPLENDOR BOOSTER 5*2ml - paragaleriedetalborjt","og_description":"Highlights:\u00c0 base d\u2019acide hyaluronique, qui stimule la production de collag\u00e8ne pour lutter contre la perte de fermet\u00e9 et de volume de la peau. Effet tenseur imm\u00e9diat. Lisse le relief cutan\u00e9, r\u00e9duit les rides et lignes d\u2019expression et \u00e9limine les signes de fatigue.","og_url":"https:\/\/paragaleriedetalborjt.com\/en\/boutique\/bella-aurora-splendor-booster-52ml\/","og_site_name":"paragaleriedetalborjt","og_image":[{"width":595,"height":655,"url":"https:\/\/paragaleriedetalborjt.com\/wp-content\/uploads\/2026\/01\/BELLA-AURORA-SPLENDOR-BOOSTER-vitamine-c-1.jpg","type":"image\/jpeg"}],"twitter_card":"summary_large_image","schema":{"@context":"https:\/\/schema.org","@graph":[{"@type":"WebPage","@id":"https:\/\/paragaleriedetalborjt.com\/boutique\/bella-aurora-splendor-booster-52ml\/","url":"https:\/\/paragaleriedetalborjt.com\/boutique\/bella-aurora-splendor-booster-52ml\/","name":"BELLA AURORA \u2013 SPLENDOR BOOSTER 5*2ml - paragaleriedetalborjt","isPartOf":{"@id":"https:\/\/paragaleriedetalborjt.com\/#website"},"primaryImageOfPage":{"@id":"https:\/\/paragaleriedetalborjt.com\/boutique\/bella-aurora-splendor-booster-52ml\/#primaryimage"},"image":{"@id":"https:\/\/paragaleriedetalborjt.com\/boutique\/bella-aurora-splendor-booster-52ml\/#primaryimage"},"thumbnailUrl":"https:\/\/paragaleriedetalborjt.com\/wp-content\/uploads\/2026\/01\/BELLA-AURORA-SPLENDOR-BOOSTER-vitamine-c-1.jpg","datePublished":"2026-01-02T23:40:54+00:00","breadcrumb":{"@id":"https:\/\/paragaleriedetalborjt.com\/boutique\/bella-aurora-splendor-booster-52ml\/#breadcrumb"},"inLanguage":"en-US","potentialAction":[{"@type":"ReadAction","target":["https:\/\/paragaleriedetalborjt.com\/boutique\/bella-aurora-splendor-booster-52ml\/"]}]},{"@type":"ImageObject","inLanguage":"en-US","@id":"https:\/\/paragaleriedetalborjt.com\/boutique\/bella-aurora-splendor-booster-52ml\/#primaryimage","url":"https:\/\/paragaleriedetalborjt.com\/wp-content\/uploads\/2026\/01\/BELLA-AURORA-SPLENDOR-BOOSTER-vitamine-c-1.jpg","contentUrl":"https:\/\/paragaleriedetalborjt.com\/wp-content\/uploads\/2026\/01\/BELLA-AURORA-SPLENDOR-BOOSTER-vitamine-c-1.jpg","width":595,"height":655},{"@type":"BreadcrumbList","@id":"https:\/\/paragaleriedetalborjt.com\/boutique\/bella-aurora-splendor-booster-52ml\/#breadcrumb","itemListElement":[{"@type":"ListItem","position":1,"name":"Accueil","item":"https:\/\/paragaleriedetalborjt.com\/"},{"@type":"ListItem","position":2,"name":"Boutique","item":"https:\/\/paragaleriedetalborjt.com\/boutique\/"},{"@type":"ListItem","position":3,"name":"BELLA AURORA \u2013 SPLENDOR BOOSTER 5*2ml"}]},{"@type":"WebSite","@id":"https:\/\/paragaleriedetalborjt.com\/#website","url":"https:\/\/paragaleriedetalborjt.com\/","name":"paragaleriedetalborjt","description":"","potentialAction":[{"@type":"SearchAction","target":{"@type":"EntryPoint","urlTemplate":"https:\/\/paragaleriedetalborjt.com\/?s={search_term_string}"},"query-input":{"@type":"PropertyValueSpecification","valueRequired":true,"valueName":"search_term_string"}}],"inLanguage":"en-US"}]}},"brands":[],"_links":{"self":[{"href":"https:\/\/paragaleriedetalborjt.com\/en\/wp-json\/wp\/v2\/product\/33839","targetHints":{"allow":["GET"]}}],"collection":[{"href":"https:\/\/paragaleriedetalborjt.com\/en\/wp-json\/wp\/v2\/product"}],"about":[{"href":"https:\/\/paragaleriedetalborjt.com\/en\/wp-json\/wp\/v2\/types\/product"}],"replies":[{"embeddable":true,"href":"https:\/\/paragaleriedetalborjt.com\/en\/wp-json\/wp\/v2\/comments?post=33839"}],"version-history":[{"count":1,"href":"https:\/\/paragaleriedetalborjt.com\/en\/wp-json\/wp\/v2\/product\/33839\/revisions"}],"predecessor-version":[{"id":33841,"href":"https:\/\/paragaleriedetalborjt.com\/en\/wp-json\/wp\/v2\/product\/33839\/revisions\/33841"}],"wp:featuredmedia":[{"embeddable":true,"href":"https:\/\/paragaleriedetalborjt.com\/en\/wp-json\/wp\/v2\/media\/33840"}],"wp:attachment":[{"href":"https:\/\/paragaleriedetalborjt.com\/en\/wp-json\/wp\/v2\/media?parent=33839"}],"wp:term":[{"taxonomy":"pwb-brand","embeddable":true,"href":"https:\/\/paragaleriedetalborjt.com\/en\/wp-json\/wp\/v2\/pwb-brand?post=33839"},{"taxonomy":"product_cat","embeddable":true,"href":"https:\/\/paragaleriedetalborjt.com\/en\/wp-json\/wp\/v2\/product_cat?post=33839"},{"taxonomy":"product_tag","embeddable":true,"href":"https:\/\/paragaleriedetalborjt.com\/en\/wp-json\/wp\/v2\/product_tag?post=33839"}],"curies":[{"name":"wp","href":"https:\/\/api.w.org\/{rel}","templated":true}]}}