{"id":33809,"date":"2026-01-03T00:40:13","date_gmt":"2026-01-02T23:40:13","guid":{"rendered":"https:\/\/paragaleriedetalborjt.com\/?post_type=product&#038;p=33809"},"modified":"2026-01-03T00:40:13","modified_gmt":"2026-01-02T23:40:13","slug":"neopulse-recharge-4-tetes-de-brosse-a-dent-souple-noir","status":"publish","type":"product","link":"https:\/\/paragaleriedetalborjt.com\/en\/boutique\/neopulse-recharge-4-tetes-de-brosse-a-dent-souple-noir\/","title":{"rendered":"NEOPULSE Recharge 4 Tetes de Brosse \u00e0 Dent Souple Noir"},"content":{"rendered":"<div aria-labelledby=\"tab-title-description\" class=\"woocommerce-Tabs-panel woocommerce-Tabs-panel--description panel entry-content wc-tab\" id=\"tab-description\" role=\"tabpanel\" style=\"\">\n<h2>Description<\/h2>\n<p>Les poils de brosse \u00e0 dents sont en nylon et sont parfaitement adapt\u00e9s pour transmettre la bonne ondulation cr\u00e9\u00e9e par la vibration de la brosse \u00e0 dents \u00e9lectrique selon le type de mode s\u00e9lectionn\u00e9 afin de combattre efficacement la plaque dentaire tout en prot\u00e9geant vos gencives et la blancheur naturelle de l\u2019email de vos dents. Enfin les brins de la brosse \u00e0 dents NEOSONIC\u00ae sont faciles \u00e0 nettoyer et ont une excellente rigidit\u00e9 \u00e0 l\u2019\u00e9tat humide, ce qui leur permet de revenir dans leur position initiale tout au long de la dur\u00e9e de vie de la t\u00eate de brosse (3 mois).<\/p>\n<p>Chez NEOPULSE\u00ae nous utilisons pour nos brosses \u00e0 dents NEOSONIC\u00ae des brins de hautes qualit\u00e9s de chez Dupont\u00ae en Tynex\u00ae arrondis pour prendre soin de vos dents et de vos gencives tout en \u00e9tant efficace pour retirer la plaque dentaire.<\/p>\n<p>Pour quels raisons les brins sont-ils arrondis ?<br \/>\nTout simplement parce que si les poils de votre brosse \u00e0 dents sont coup\u00e9s sans \u00eatre meul\u00e9 pour \u00eatre arrondis cela risque de vous occasionner des microl\u00e9sions sur vos gencives, \u00e0 long terme d\u2019abimer l\u2019\u00e9mail de vos dents, et ainsi provoquer une sensibilit\u00e9 dentaire.<\/p>\n<p>\u00a0<\/p>\n<\/div>","protected":false},"excerpt":{"rendered":"<p>Highlights:Les t\u00eates de brosses \u00e0 dents \u00e9lectriques NEOSONIC\u00ae de chez NEOPULSE\u00ae s\u2019adaptent parfaitement aux diff\u00e9rents reliefs des dents gr\u00e2ce \u00e0 des t\u00eates de brosse 3D avec des brins courts et longs.<\/p>","protected":false},"featured_media":33810,"comment_status":"open","ping_status":"closed","template":"","meta":[],"pwb-brand":[],"product_cat":[16],"product_tag":[],"class_list":{"0":"post-33809","1":"product","2":"type-product","3":"status-publish","4":"has-post-thumbnail","6":"product_cat-non-classe","7":"pa_brands-neopulse","9":"first","10":"instock","11":"sale","12":"shipping-taxable","13":"purchasable","14":"product-type-simple"},"yoast_head":"<!-- This site is optimized with the Yoast SEO plugin v27.5 - https:\/\/yoast.com\/product\/yoast-seo-wordpress\/ -->\n<title>NEOPULSE Recharge 4 Tetes de Brosse \u00e0 Dent Souple Noir - paragaleriedetalborjt<\/title>\n<meta name=\"robots\" content=\"index, follow, max-snippet:-1, max-image-preview:large, max-video-preview:-1\" \/>\n<link rel=\"canonical\" href=\"https:\/\/paragaleriedetalborjt.com\/en\/boutique\/neopulse-recharge-4-tetes-de-brosse-a-dent-souple-noir\/\" \/>\n<meta property=\"og:locale\" content=\"en_US\" \/>\n<meta property=\"og:type\" content=\"article\" \/>\n<meta property=\"og:title\" content=\"NEOPULSE Recharge 4 Tetes de Brosse \u00e0 Dent Souple Noir - paragaleriedetalborjt\" \/>\n<meta property=\"og:description\" content=\"Highlights:Les t\u00eates de brosses \u00e0 dents \u00e9lectriques NEOSONIC\u00ae de chez NEOPULSE\u00ae s\u2019adaptent parfaitement aux diff\u00e9rents reliefs des dents gr\u00e2ce \u00e0 des t\u00eates de brosse 3D avec des brins courts et longs.\" \/>\n<meta property=\"og:url\" content=\"https:\/\/paragaleriedetalborjt.com\/en\/boutique\/neopulse-recharge-4-tetes-de-brosse-a-dent-souple-noir\/\" \/>\n<meta property=\"og:site_name\" content=\"paragaleriedetalborjt\" \/>\n<meta property=\"og:image\" content=\"https:\/\/paragaleriedetalborjt.com\/wp-content\/uploads\/2026\/01\/3770014324313.jpg\" \/>\n\t<meta property=\"og:image:width\" content=\"595\" \/>\n\t<meta property=\"og:image:height\" content=\"655\" \/>\n\t<meta property=\"og:image:type\" content=\"image\/jpeg\" \/>\n<meta name=\"twitter:card\" content=\"summary_large_image\" \/>\n<meta name=\"twitter:label1\" content=\"Est. reading time\" \/>\n\t<meta name=\"twitter:data1\" content=\"1 minute\" \/>\n<script type=\"application\/ld+json\" class=\"yoast-schema-graph\">{\"@context\":\"https:\\\/\\\/schema.org\",\"@graph\":[{\"@type\":\"WebPage\",\"@id\":\"https:\\\/\\\/paragaleriedetalborjt.com\\\/boutique\\\/neopulse-recharge-4-tetes-de-brosse-a-dent-souple-noir\\\/\",\"url\":\"https:\\\/\\\/paragaleriedetalborjt.com\\\/boutique\\\/neopulse-recharge-4-tetes-de-brosse-a-dent-souple-noir\\\/\",\"name\":\"NEOPULSE Recharge 4 Tetes de Brosse \u00e0 Dent Souple Noir - paragaleriedetalborjt\",\"isPartOf\":{\"@id\":\"https:\\\/\\\/paragaleriedetalborjt.com\\\/#website\"},\"primaryImageOfPage\":{\"@id\":\"https:\\\/\\\/paragaleriedetalborjt.com\\\/boutique\\\/neopulse-recharge-4-tetes-de-brosse-a-dent-souple-noir\\\/#primaryimage\"},\"image\":{\"@id\":\"https:\\\/\\\/paragaleriedetalborjt.com\\\/boutique\\\/neopulse-recharge-4-tetes-de-brosse-a-dent-souple-noir\\\/#primaryimage\"},\"thumbnailUrl\":\"https:\\\/\\\/paragaleriedetalborjt.com\\\/wp-content\\\/uploads\\\/2026\\\/01\\\/3770014324313.jpg\",\"datePublished\":\"2026-01-02T23:40:13+00:00\",\"breadcrumb\":{\"@id\":\"https:\\\/\\\/paragaleriedetalborjt.com\\\/boutique\\\/neopulse-recharge-4-tetes-de-brosse-a-dent-souple-noir\\\/#breadcrumb\"},\"inLanguage\":\"en-US\",\"potentialAction\":[{\"@type\":\"ReadAction\",\"target\":[\"https:\\\/\\\/paragaleriedetalborjt.com\\\/boutique\\\/neopulse-recharge-4-tetes-de-brosse-a-dent-souple-noir\\\/\"]}]},{\"@type\":\"ImageObject\",\"inLanguage\":\"en-US\",\"@id\":\"https:\\\/\\\/paragaleriedetalborjt.com\\\/boutique\\\/neopulse-recharge-4-tetes-de-brosse-a-dent-souple-noir\\\/#primaryimage\",\"url\":\"https:\\\/\\\/paragaleriedetalborjt.com\\\/wp-content\\\/uploads\\\/2026\\\/01\\\/3770014324313.jpg\",\"contentUrl\":\"https:\\\/\\\/paragaleriedetalborjt.com\\\/wp-content\\\/uploads\\\/2026\\\/01\\\/3770014324313.jpg\",\"width\":595,\"height\":655},{\"@type\":\"BreadcrumbList\",\"@id\":\"https:\\\/\\\/paragaleriedetalborjt.com\\\/boutique\\\/neopulse-recharge-4-tetes-de-brosse-a-dent-souple-noir\\\/#breadcrumb\",\"itemListElement\":[{\"@type\":\"ListItem\",\"position\":1,\"name\":\"Accueil\",\"item\":\"https:\\\/\\\/paragaleriedetalborjt.com\\\/\"},{\"@type\":\"ListItem\",\"position\":2,\"name\":\"Boutique\",\"item\":\"https:\\\/\\\/paragaleriedetalborjt.com\\\/boutique\\\/\"},{\"@type\":\"ListItem\",\"position\":3,\"name\":\"NEOPULSE Recharge 4 Tetes de Brosse \u00e0 Dent Souple Noir\"}]},{\"@type\":\"WebSite\",\"@id\":\"https:\\\/\\\/paragaleriedetalborjt.com\\\/#website\",\"url\":\"https:\\\/\\\/paragaleriedetalborjt.com\\\/\",\"name\":\"paragaleriedetalborjt\",\"description\":\"\",\"potentialAction\":[{\"@type\":\"SearchAction\",\"target\":{\"@type\":\"EntryPoint\",\"urlTemplate\":\"https:\\\/\\\/paragaleriedetalborjt.com\\\/?s={search_term_string}\"},\"query-input\":{\"@type\":\"PropertyValueSpecification\",\"valueRequired\":true,\"valueName\":\"search_term_string\"}}],\"inLanguage\":\"en-US\"}]}<\/script>\n<!-- \/ Yoast SEO plugin. -->","yoast_head_json":{"title":"NEOPULSE Recharge 4 Tetes de Brosse \u00e0 Dent Souple Noir - paragaleriedetalborjt","robots":{"index":"index","follow":"follow","max-snippet":"max-snippet:-1","max-image-preview":"max-image-preview:large","max-video-preview":"max-video-preview:-1"},"canonical":"https:\/\/paragaleriedetalborjt.com\/en\/boutique\/neopulse-recharge-4-tetes-de-brosse-a-dent-souple-noir\/","og_locale":"en_US","og_type":"article","og_title":"NEOPULSE Recharge 4 Tetes de Brosse \u00e0 Dent Souple Noir - paragaleriedetalborjt","og_description":"Highlights:Les t\u00eates de brosses \u00e0 dents \u00e9lectriques NEOSONIC\u00ae de chez NEOPULSE\u00ae s\u2019adaptent parfaitement aux diff\u00e9rents reliefs des dents gr\u00e2ce \u00e0 des t\u00eates de brosse 3D avec des brins courts et longs.","og_url":"https:\/\/paragaleriedetalborjt.com\/en\/boutique\/neopulse-recharge-4-tetes-de-brosse-a-dent-souple-noir\/","og_site_name":"paragaleriedetalborjt","og_image":[{"width":595,"height":655,"url":"https:\/\/paragaleriedetalborjt.com\/wp-content\/uploads\/2026\/01\/3770014324313.jpg","type":"image\/jpeg"}],"twitter_card":"summary_large_image","twitter_misc":{"Est. reading time":"1 minute"},"schema":{"@context":"https:\/\/schema.org","@graph":[{"@type":"WebPage","@id":"https:\/\/paragaleriedetalborjt.com\/boutique\/neopulse-recharge-4-tetes-de-brosse-a-dent-souple-noir\/","url":"https:\/\/paragaleriedetalborjt.com\/boutique\/neopulse-recharge-4-tetes-de-brosse-a-dent-souple-noir\/","name":"NEOPULSE Recharge 4 Tetes de Brosse \u00e0 Dent Souple Noir - paragaleriedetalborjt","isPartOf":{"@id":"https:\/\/paragaleriedetalborjt.com\/#website"},"primaryImageOfPage":{"@id":"https:\/\/paragaleriedetalborjt.com\/boutique\/neopulse-recharge-4-tetes-de-brosse-a-dent-souple-noir\/#primaryimage"},"image":{"@id":"https:\/\/paragaleriedetalborjt.com\/boutique\/neopulse-recharge-4-tetes-de-brosse-a-dent-souple-noir\/#primaryimage"},"thumbnailUrl":"https:\/\/paragaleriedetalborjt.com\/wp-content\/uploads\/2026\/01\/3770014324313.jpg","datePublished":"2026-01-02T23:40:13+00:00","breadcrumb":{"@id":"https:\/\/paragaleriedetalborjt.com\/boutique\/neopulse-recharge-4-tetes-de-brosse-a-dent-souple-noir\/#breadcrumb"},"inLanguage":"en-US","potentialAction":[{"@type":"ReadAction","target":["https:\/\/paragaleriedetalborjt.com\/boutique\/neopulse-recharge-4-tetes-de-brosse-a-dent-souple-noir\/"]}]},{"@type":"ImageObject","inLanguage":"en-US","@id":"https:\/\/paragaleriedetalborjt.com\/boutique\/neopulse-recharge-4-tetes-de-brosse-a-dent-souple-noir\/#primaryimage","url":"https:\/\/paragaleriedetalborjt.com\/wp-content\/uploads\/2026\/01\/3770014324313.jpg","contentUrl":"https:\/\/paragaleriedetalborjt.com\/wp-content\/uploads\/2026\/01\/3770014324313.jpg","width":595,"height":655},{"@type":"BreadcrumbList","@id":"https:\/\/paragaleriedetalborjt.com\/boutique\/neopulse-recharge-4-tetes-de-brosse-a-dent-souple-noir\/#breadcrumb","itemListElement":[{"@type":"ListItem","position":1,"name":"Accueil","item":"https:\/\/paragaleriedetalborjt.com\/"},{"@type":"ListItem","position":2,"name":"Boutique","item":"https:\/\/paragaleriedetalborjt.com\/boutique\/"},{"@type":"ListItem","position":3,"name":"NEOPULSE Recharge 4 Tetes de Brosse \u00e0 Dent Souple Noir"}]},{"@type":"WebSite","@id":"https:\/\/paragaleriedetalborjt.com\/#website","url":"https:\/\/paragaleriedetalborjt.com\/","name":"paragaleriedetalborjt","description":"","potentialAction":[{"@type":"SearchAction","target":{"@type":"EntryPoint","urlTemplate":"https:\/\/paragaleriedetalborjt.com\/?s={search_term_string}"},"query-input":{"@type":"PropertyValueSpecification","valueRequired":true,"valueName":"search_term_string"}}],"inLanguage":"en-US"}]}},"brands":[],"_links":{"self":[{"href":"https:\/\/paragaleriedetalborjt.com\/en\/wp-json\/wp\/v2\/product\/33809","targetHints":{"allow":["GET"]}}],"collection":[{"href":"https:\/\/paragaleriedetalborjt.com\/en\/wp-json\/wp\/v2\/product"}],"about":[{"href":"https:\/\/paragaleriedetalborjt.com\/en\/wp-json\/wp\/v2\/types\/product"}],"replies":[{"embeddable":true,"href":"https:\/\/paragaleriedetalborjt.com\/en\/wp-json\/wp\/v2\/comments?post=33809"}],"version-history":[{"count":1,"href":"https:\/\/paragaleriedetalborjt.com\/en\/wp-json\/wp\/v2\/product\/33809\/revisions"}],"predecessor-version":[{"id":33811,"href":"https:\/\/paragaleriedetalborjt.com\/en\/wp-json\/wp\/v2\/product\/33809\/revisions\/33811"}],"wp:featuredmedia":[{"embeddable":true,"href":"https:\/\/paragaleriedetalborjt.com\/en\/wp-json\/wp\/v2\/media\/33810"}],"wp:attachment":[{"href":"https:\/\/paragaleriedetalborjt.com\/en\/wp-json\/wp\/v2\/media?parent=33809"}],"wp:term":[{"taxonomy":"pwb-brand","embeddable":true,"href":"https:\/\/paragaleriedetalborjt.com\/en\/wp-json\/wp\/v2\/pwb-brand?post=33809"},{"taxonomy":"product_cat","embeddable":true,"href":"https:\/\/paragaleriedetalborjt.com\/en\/wp-json\/wp\/v2\/product_cat?post=33809"},{"taxonomy":"product_tag","embeddable":true,"href":"https:\/\/paragaleriedetalborjt.com\/en\/wp-json\/wp\/v2\/product_tag?post=33809"}],"curies":[{"name":"wp","href":"https:\/\/api.w.org\/{rel}","templated":true}]}}