{"id":33794,"date":"2026-01-03T00:39:46","date_gmt":"2026-01-02T23:39:46","guid":{"rendered":"https:\/\/paragaleriedetalborjt.com\/?post_type=product&#038;p=33794"},"modified":"2026-01-03T00:39:47","modified_gmt":"2026-01-02T23:39:47","slug":"neopulse-jet-dentaire-np3-my-first-blanc","status":"publish","type":"product","link":"https:\/\/paragaleriedetalborjt.com\/en\/boutique\/neopulse-jet-dentaire-np3-my-first-blanc\/","title":{"rendered":"NEOPULSE Jet Dentaire NP3 My First Blanc"},"content":{"rendered":"<div aria-labelledby=\"tab-title-description\" class=\"woocommerce-Tabs-panel woocommerce-Tabs-panel--description panel entry-content wc-tab\" id=\"tab-description\" role=\"tabpanel\" style=\"\">\n<h2>Description<\/h2>\n<p>Le NEOPULSE\u00ae NP3 My First , mon 1er jet dentaire, est un hydropulseur ultra compact, 2 en 1, format dit \u00ab\u00a0poign\u00e9e\u00a0\u00bb, \u00ab\u00a0de voyage\u00a0\u00bb, \u00ab\u00a0sans fil\u00a0\u00bb. Il saura parfaitement s\u2019adapter dans toutes les salles de bains et toutes les valises. Il permettra de compl\u00e9ter le brossage en nettoyant les espaces inaccessibles par la brosse \u00e0 dents de fa\u00e7on efficace, simple, rapide et ludique.<\/p>\n<p>Le NP3 My First est id\u00e9al pour les grands voyageurs, les novices du nettoyage interdentaire et les porteurs d\u2019appareil orthodontique. Si vous ne faites rien d\u2019autres que de vous brossez les dents ! Le NP3 My First est le jet dentaire qu\u2019il vous faut pour d\u00e9marrer une bonne routine dentaire et commencer \u00e0 compl\u00e9ter votre brossage en vous nettoyant \u00e9galement entre les dents.<\/p>\n<p>Il est \u00e9galement adapt\u00e9 pour les enfants ou les adolescents qui se brossent mal ou pas assez longtemps les dents afin de parfaire leur brossage et ainsi \u00e9viter les caries interdentaires.<\/p>\n<p><strong>Le meilleur jet dentaire pour vous :<\/strong><br \/>\n2 en 1 avec 4 canules interchangeables : nettoyage interdentaire et appareils orthodontiques.<br \/>\nEfficace, puissance de jet r\u00e9glable de 1,7 \u00e0 7,6 bars<br \/>\n6 niveaux de r\u00e9glage pour vous habituer au geste puis au fur et \u00e0 mesure aller chercher la puissance n\u00e9cessaire pour retirer les d\u00e9bris alimentaires et la plaque dentaire<br \/>\nRechargeable avec un c\u00e2ble USB et sans socle, finis les c\u00e2bles qui trainent et encombrent les salles d\u2019eau !!!<br \/>\nR\u00e9servoir amovible de 145 ml, suffisant pour nettoyer les espaces interdentaires<br \/>\nJet dentaire de voyage, il est fourni avec une pochette de transport pour vous accompagner partout o\u00f9 vous allez car en mati\u00e8re d\u2019hygi\u00e8ne bucco-dentaire seule la r\u00e9gularit\u00e9 paye !<br \/>\nFamiliale, \u00e0 partir de 8 ans<\/p>\n<\/div>","protected":false},"excerpt":{"rendered":"<p>Highlights:2 en 1 : nettoyage interdentaire et appareils orthodontiques.<\/p>","protected":false},"featured_media":33795,"comment_status":"open","ping_status":"closed","template":"","meta":[],"pwb-brand":[],"product_cat":[16],"product_tag":[],"class_list":{"0":"post-33794","1":"product","2":"type-product","3":"status-publish","4":"has-post-thumbnail","6":"product_cat-non-classe","7":"pa_brands-neopulse","9":"first","10":"instock","11":"sale","12":"shipping-taxable","13":"purchasable","14":"product-type-simple"},"yoast_head":"<!-- This site is optimized with the Yoast SEO plugin v27.5 - https:\/\/yoast.com\/product\/yoast-seo-wordpress\/ -->\n<title>NEOPULSE Jet Dentaire NP3 My First Blanc - paragaleriedetalborjt<\/title>\n<meta name=\"robots\" content=\"index, follow, max-snippet:-1, max-image-preview:large, max-video-preview:-1\" \/>\n<link rel=\"canonical\" href=\"https:\/\/paragaleriedetalborjt.com\/en\/boutique\/neopulse-jet-dentaire-np3-my-first-blanc\/\" \/>\n<meta property=\"og:locale\" content=\"en_US\" \/>\n<meta property=\"og:type\" content=\"article\" \/>\n<meta property=\"og:title\" content=\"NEOPULSE Jet Dentaire NP3 My First Blanc - paragaleriedetalborjt\" \/>\n<meta property=\"og:description\" content=\"Highlights:2 en 1 : nettoyage interdentaire et appareils orthodontiques.\" \/>\n<meta property=\"og:url\" content=\"https:\/\/paragaleriedetalborjt.com\/en\/boutique\/neopulse-jet-dentaire-np3-my-first-blanc\/\" \/>\n<meta property=\"og:site_name\" content=\"paragaleriedetalborjt\" \/>\n<meta property=\"article:modified_time\" content=\"2026-01-02T23:39:47+00:00\" \/>\n<meta property=\"og:image\" content=\"https:\/\/paragaleriedetalborjt.com\/wp-content\/uploads\/2026\/01\/neopulse-jet-dentaire-np3.jpg\" \/>\n\t<meta property=\"og:image:width\" content=\"595\" \/>\n\t<meta property=\"og:image:height\" content=\"655\" \/>\n\t<meta property=\"og:image:type\" content=\"image\/jpeg\" \/>\n<meta name=\"twitter:card\" content=\"summary_large_image\" \/>\n<meta name=\"twitter:label1\" content=\"Est. reading time\" \/>\n\t<meta name=\"twitter:data1\" content=\"1 minute\" \/>\n<script type=\"application\/ld+json\" class=\"yoast-schema-graph\">{\"@context\":\"https:\\\/\\\/schema.org\",\"@graph\":[{\"@type\":\"WebPage\",\"@id\":\"https:\\\/\\\/paragaleriedetalborjt.com\\\/boutique\\\/neopulse-jet-dentaire-np3-my-first-blanc\\\/\",\"url\":\"https:\\\/\\\/paragaleriedetalborjt.com\\\/boutique\\\/neopulse-jet-dentaire-np3-my-first-blanc\\\/\",\"name\":\"NEOPULSE Jet Dentaire NP3 My First Blanc - paragaleriedetalborjt\",\"isPartOf\":{\"@id\":\"https:\\\/\\\/paragaleriedetalborjt.com\\\/#website\"},\"primaryImageOfPage\":{\"@id\":\"https:\\\/\\\/paragaleriedetalborjt.com\\\/boutique\\\/neopulse-jet-dentaire-np3-my-first-blanc\\\/#primaryimage\"},\"image\":{\"@id\":\"https:\\\/\\\/paragaleriedetalborjt.com\\\/boutique\\\/neopulse-jet-dentaire-np3-my-first-blanc\\\/#primaryimage\"},\"thumbnailUrl\":\"https:\\\/\\\/paragaleriedetalborjt.com\\\/wp-content\\\/uploads\\\/2026\\\/01\\\/neopulse-jet-dentaire-np3.jpg\",\"datePublished\":\"2026-01-02T23:39:46+00:00\",\"dateModified\":\"2026-01-02T23:39:47+00:00\",\"breadcrumb\":{\"@id\":\"https:\\\/\\\/paragaleriedetalborjt.com\\\/boutique\\\/neopulse-jet-dentaire-np3-my-first-blanc\\\/#breadcrumb\"},\"inLanguage\":\"en-US\",\"potentialAction\":[{\"@type\":\"ReadAction\",\"target\":[\"https:\\\/\\\/paragaleriedetalborjt.com\\\/boutique\\\/neopulse-jet-dentaire-np3-my-first-blanc\\\/\"]}]},{\"@type\":\"ImageObject\",\"inLanguage\":\"en-US\",\"@id\":\"https:\\\/\\\/paragaleriedetalborjt.com\\\/boutique\\\/neopulse-jet-dentaire-np3-my-first-blanc\\\/#primaryimage\",\"url\":\"https:\\\/\\\/paragaleriedetalborjt.com\\\/wp-content\\\/uploads\\\/2026\\\/01\\\/neopulse-jet-dentaire-np3.jpg\",\"contentUrl\":\"https:\\\/\\\/paragaleriedetalborjt.com\\\/wp-content\\\/uploads\\\/2026\\\/01\\\/neopulse-jet-dentaire-np3.jpg\",\"width\":595,\"height\":655},{\"@type\":\"BreadcrumbList\",\"@id\":\"https:\\\/\\\/paragaleriedetalborjt.com\\\/boutique\\\/neopulse-jet-dentaire-np3-my-first-blanc\\\/#breadcrumb\",\"itemListElement\":[{\"@type\":\"ListItem\",\"position\":1,\"name\":\"Accueil\",\"item\":\"https:\\\/\\\/paragaleriedetalborjt.com\\\/\"},{\"@type\":\"ListItem\",\"position\":2,\"name\":\"Boutique\",\"item\":\"https:\\\/\\\/paragaleriedetalborjt.com\\\/boutique\\\/\"},{\"@type\":\"ListItem\",\"position\":3,\"name\":\"NEOPULSE Jet Dentaire NP3 My First Blanc\"}]},{\"@type\":\"WebSite\",\"@id\":\"https:\\\/\\\/paragaleriedetalborjt.com\\\/#website\",\"url\":\"https:\\\/\\\/paragaleriedetalborjt.com\\\/\",\"name\":\"paragaleriedetalborjt\",\"description\":\"\",\"potentialAction\":[{\"@type\":\"SearchAction\",\"target\":{\"@type\":\"EntryPoint\",\"urlTemplate\":\"https:\\\/\\\/paragaleriedetalborjt.com\\\/?s={search_term_string}\"},\"query-input\":{\"@type\":\"PropertyValueSpecification\",\"valueRequired\":true,\"valueName\":\"search_term_string\"}}],\"inLanguage\":\"en-US\"}]}<\/script>\n<!-- \/ Yoast SEO plugin. -->","yoast_head_json":{"title":"NEOPULSE Jet Dentaire NP3 My First Blanc - paragaleriedetalborjt","robots":{"index":"index","follow":"follow","max-snippet":"max-snippet:-1","max-image-preview":"max-image-preview:large","max-video-preview":"max-video-preview:-1"},"canonical":"https:\/\/paragaleriedetalborjt.com\/en\/boutique\/neopulse-jet-dentaire-np3-my-first-blanc\/","og_locale":"en_US","og_type":"article","og_title":"NEOPULSE Jet Dentaire NP3 My First Blanc - paragaleriedetalborjt","og_description":"Highlights:2 en 1 : nettoyage interdentaire et appareils orthodontiques.","og_url":"https:\/\/paragaleriedetalborjt.com\/en\/boutique\/neopulse-jet-dentaire-np3-my-first-blanc\/","og_site_name":"paragaleriedetalborjt","article_modified_time":"2026-01-02T23:39:47+00:00","og_image":[{"width":595,"height":655,"url":"https:\/\/paragaleriedetalborjt.com\/wp-content\/uploads\/2026\/01\/neopulse-jet-dentaire-np3.jpg","type":"image\/jpeg"}],"twitter_card":"summary_large_image","twitter_misc":{"Est. reading time":"1 minute"},"schema":{"@context":"https:\/\/schema.org","@graph":[{"@type":"WebPage","@id":"https:\/\/paragaleriedetalborjt.com\/boutique\/neopulse-jet-dentaire-np3-my-first-blanc\/","url":"https:\/\/paragaleriedetalborjt.com\/boutique\/neopulse-jet-dentaire-np3-my-first-blanc\/","name":"NEOPULSE Jet Dentaire NP3 My First Blanc - paragaleriedetalborjt","isPartOf":{"@id":"https:\/\/paragaleriedetalborjt.com\/#website"},"primaryImageOfPage":{"@id":"https:\/\/paragaleriedetalborjt.com\/boutique\/neopulse-jet-dentaire-np3-my-first-blanc\/#primaryimage"},"image":{"@id":"https:\/\/paragaleriedetalborjt.com\/boutique\/neopulse-jet-dentaire-np3-my-first-blanc\/#primaryimage"},"thumbnailUrl":"https:\/\/paragaleriedetalborjt.com\/wp-content\/uploads\/2026\/01\/neopulse-jet-dentaire-np3.jpg","datePublished":"2026-01-02T23:39:46+00:00","dateModified":"2026-01-02T23:39:47+00:00","breadcrumb":{"@id":"https:\/\/paragaleriedetalborjt.com\/boutique\/neopulse-jet-dentaire-np3-my-first-blanc\/#breadcrumb"},"inLanguage":"en-US","potentialAction":[{"@type":"ReadAction","target":["https:\/\/paragaleriedetalborjt.com\/boutique\/neopulse-jet-dentaire-np3-my-first-blanc\/"]}]},{"@type":"ImageObject","inLanguage":"en-US","@id":"https:\/\/paragaleriedetalborjt.com\/boutique\/neopulse-jet-dentaire-np3-my-first-blanc\/#primaryimage","url":"https:\/\/paragaleriedetalborjt.com\/wp-content\/uploads\/2026\/01\/neopulse-jet-dentaire-np3.jpg","contentUrl":"https:\/\/paragaleriedetalborjt.com\/wp-content\/uploads\/2026\/01\/neopulse-jet-dentaire-np3.jpg","width":595,"height":655},{"@type":"BreadcrumbList","@id":"https:\/\/paragaleriedetalborjt.com\/boutique\/neopulse-jet-dentaire-np3-my-first-blanc\/#breadcrumb","itemListElement":[{"@type":"ListItem","position":1,"name":"Accueil","item":"https:\/\/paragaleriedetalborjt.com\/"},{"@type":"ListItem","position":2,"name":"Boutique","item":"https:\/\/paragaleriedetalborjt.com\/boutique\/"},{"@type":"ListItem","position":3,"name":"NEOPULSE Jet Dentaire NP3 My First Blanc"}]},{"@type":"WebSite","@id":"https:\/\/paragaleriedetalborjt.com\/#website","url":"https:\/\/paragaleriedetalborjt.com\/","name":"paragaleriedetalborjt","description":"","potentialAction":[{"@type":"SearchAction","target":{"@type":"EntryPoint","urlTemplate":"https:\/\/paragaleriedetalborjt.com\/?s={search_term_string}"},"query-input":{"@type":"PropertyValueSpecification","valueRequired":true,"valueName":"search_term_string"}}],"inLanguage":"en-US"}]}},"brands":[],"_links":{"self":[{"href":"https:\/\/paragaleriedetalborjt.com\/en\/wp-json\/wp\/v2\/product\/33794","targetHints":{"allow":["GET"]}}],"collection":[{"href":"https:\/\/paragaleriedetalborjt.com\/en\/wp-json\/wp\/v2\/product"}],"about":[{"href":"https:\/\/paragaleriedetalborjt.com\/en\/wp-json\/wp\/v2\/types\/product"}],"replies":[{"embeddable":true,"href":"https:\/\/paragaleriedetalborjt.com\/en\/wp-json\/wp\/v2\/comments?post=33794"}],"version-history":[{"count":1,"href":"https:\/\/paragaleriedetalborjt.com\/en\/wp-json\/wp\/v2\/product\/33794\/revisions"}],"predecessor-version":[{"id":33796,"href":"https:\/\/paragaleriedetalborjt.com\/en\/wp-json\/wp\/v2\/product\/33794\/revisions\/33796"}],"wp:featuredmedia":[{"embeddable":true,"href":"https:\/\/paragaleriedetalborjt.com\/en\/wp-json\/wp\/v2\/media\/33795"}],"wp:attachment":[{"href":"https:\/\/paragaleriedetalborjt.com\/en\/wp-json\/wp\/v2\/media?parent=33794"}],"wp:term":[{"taxonomy":"pwb-brand","embeddable":true,"href":"https:\/\/paragaleriedetalborjt.com\/en\/wp-json\/wp\/v2\/pwb-brand?post=33794"},{"taxonomy":"product_cat","embeddable":true,"href":"https:\/\/paragaleriedetalborjt.com\/en\/wp-json\/wp\/v2\/product_cat?post=33794"},{"taxonomy":"product_tag","embeddable":true,"href":"https:\/\/paragaleriedetalborjt.com\/en\/wp-json\/wp\/v2\/product_tag?post=33794"}],"curies":[{"name":"wp","href":"https:\/\/api.w.org\/{rel}","templated":true}]}}