{"id":33590,"date":"2026-01-03T00:34:50","date_gmt":"2026-01-02T23:34:50","guid":{"rendered":"https:\/\/paragaleriedetalborjt.com\/?post_type=product&#038;p=33590"},"modified":"2026-01-03T00:34:50","modified_gmt":"2026-01-02T23:34:50","slug":"indoka-vitamine-e-e-oil-250mg-36-capsules","status":"publish","type":"product","link":"https:\/\/paragaleriedetalborjt.com\/en\/boutique\/indoka-vitamine-e-e-oil-250mg-36-capsules\/","title":{"rendered":"Indoka Vitamine E E-oil 250mg 36 capsules"},"content":{"rendered":"<div aria-labelledby=\"tab-title-description\" class=\"woocommerce-Tabs-panel woocommerce-Tabs-panel--description panel entry-content wc-tab\" id=\"tab-description\" role=\"tabpanel\" style=\"\">\n<h2>Description<\/h2>\n<div class=\"woocommerce-product-details__short-description\">\n<p>La vitamine E est un micronutriment important qui joue un r\u00f4le dans certain nombre de fonctions corporelles vitales. Non seulement il est un puissant antioxydant et anticoagulant, il aide \u00e9galement \u00e0 stimuler le syst\u00e8me immunitaire et \u00e0 son tour maintenir les cheveux sains ainsi que la peau.<\/p>\n<\/div>\n<\/div>","protected":false},"excerpt":{"rendered":"<p>La vitamine E est un micronutriment important qui joue un r\u00f4le dans certain nombre de fonctions corporelles vitales. Non seulement il est un puissant antioxydant et anticoagulant, il aide \u00e9galement \u00e0 stimuler le syst\u00e8me immunitaire et \u00e0 son tour maintenir les cheveux sains ainsi que la peau.<\/p>","protected":false},"featured_media":33591,"comment_status":"open","ping_status":"closed","template":"","meta":[],"pwb-brand":[],"product_cat":[16],"product_tag":[],"class_list":{"0":"post-33590","1":"product","2":"type-product","3":"status-publish","4":"has-post-thumbnail","6":"product_cat-non-classe","7":"pa_brands-indoka","9":"first","10":"instock","11":"sale","12":"shipping-taxable","13":"purchasable","14":"product-type-simple"},"yoast_head":"<!-- This site is optimized with the Yoast SEO plugin v26.9 - https:\/\/yoast.com\/product\/yoast-seo-wordpress\/ -->\n<title>Indoka Vitamine E E-oil 250mg 36 capsules - paragaleriedetalborjt<\/title>\n<meta name=\"robots\" content=\"index, follow, max-snippet:-1, max-image-preview:large, max-video-preview:-1\" \/>\n<link rel=\"canonical\" href=\"https:\/\/paragaleriedetalborjt.com\/en\/boutique\/indoka-vitamine-e-e-oil-250mg-36-capsules\/\" \/>\n<meta property=\"og:locale\" content=\"en_US\" \/>\n<meta property=\"og:type\" content=\"article\" \/>\n<meta property=\"og:title\" content=\"Indoka Vitamine E E-oil 250mg 36 capsules - paragaleriedetalborjt\" \/>\n<meta property=\"og:description\" content=\"La vitamine E est un micronutriment important qui joue un r\u00f4le dans certain nombre de fonctions corporelles vitales. Non seulement il est un puissant antioxydant et anticoagulant, il aide \u00e9galement \u00e0 stimuler le syst\u00e8me immunitaire et \u00e0 son tour maintenir les cheveux sains ainsi que la peau.\" \/>\n<meta property=\"og:url\" content=\"https:\/\/paragaleriedetalborjt.com\/en\/boutique\/indoka-vitamine-e-e-oil-250mg-36-capsules\/\" \/>\n<meta property=\"og:site_name\" content=\"paragaleriedetalborjt\" \/>\n<meta property=\"og:image\" content=\"https:\/\/paragaleriedetalborjt.com\/wp-content\/uploads\/2026\/01\/Indoka-Vitamine-E-E-oil-250mg-36-capsules.jpg\" \/>\n\t<meta property=\"og:image:width\" content=\"595\" \/>\n\t<meta property=\"og:image:height\" content=\"655\" \/>\n\t<meta property=\"og:image:type\" content=\"image\/jpeg\" \/>\n<meta name=\"twitter:card\" content=\"summary_large_image\" \/>\n<script type=\"application\/ld+json\" class=\"yoast-schema-graph\">{\"@context\":\"https:\/\/schema.org\",\"@graph\":[{\"@type\":\"WebPage\",\"@id\":\"https:\/\/paragaleriedetalborjt.com\/boutique\/indoka-vitamine-e-e-oil-250mg-36-capsules\/\",\"url\":\"https:\/\/paragaleriedetalborjt.com\/boutique\/indoka-vitamine-e-e-oil-250mg-36-capsules\/\",\"name\":\"Indoka Vitamine E E-oil 250mg 36 capsules - paragaleriedetalborjt\",\"isPartOf\":{\"@id\":\"https:\/\/paragaleriedetalborjt.com\/#website\"},\"primaryImageOfPage\":{\"@id\":\"https:\/\/paragaleriedetalborjt.com\/boutique\/indoka-vitamine-e-e-oil-250mg-36-capsules\/#primaryimage\"},\"image\":{\"@id\":\"https:\/\/paragaleriedetalborjt.com\/boutique\/indoka-vitamine-e-e-oil-250mg-36-capsules\/#primaryimage\"},\"thumbnailUrl\":\"https:\/\/paragaleriedetalborjt.com\/wp-content\/uploads\/2026\/01\/Indoka-Vitamine-E-E-oil-250mg-36-capsules.jpg\",\"datePublished\":\"2026-01-02T23:34:50+00:00\",\"breadcrumb\":{\"@id\":\"https:\/\/paragaleriedetalborjt.com\/boutique\/indoka-vitamine-e-e-oil-250mg-36-capsules\/#breadcrumb\"},\"inLanguage\":\"en-US\",\"potentialAction\":[{\"@type\":\"ReadAction\",\"target\":[\"https:\/\/paragaleriedetalborjt.com\/boutique\/indoka-vitamine-e-e-oil-250mg-36-capsules\/\"]}]},{\"@type\":\"ImageObject\",\"inLanguage\":\"en-US\",\"@id\":\"https:\/\/paragaleriedetalborjt.com\/boutique\/indoka-vitamine-e-e-oil-250mg-36-capsules\/#primaryimage\",\"url\":\"https:\/\/paragaleriedetalborjt.com\/wp-content\/uploads\/2026\/01\/Indoka-Vitamine-E-E-oil-250mg-36-capsules.jpg\",\"contentUrl\":\"https:\/\/paragaleriedetalborjt.com\/wp-content\/uploads\/2026\/01\/Indoka-Vitamine-E-E-oil-250mg-36-capsules.jpg\",\"width\":595,\"height\":655},{\"@type\":\"BreadcrumbList\",\"@id\":\"https:\/\/paragaleriedetalborjt.com\/boutique\/indoka-vitamine-e-e-oil-250mg-36-capsules\/#breadcrumb\",\"itemListElement\":[{\"@type\":\"ListItem\",\"position\":1,\"name\":\"Accueil\",\"item\":\"https:\/\/paragaleriedetalborjt.com\/\"},{\"@type\":\"ListItem\",\"position\":2,\"name\":\"Boutique\",\"item\":\"https:\/\/paragaleriedetalborjt.com\/boutique\/\"},{\"@type\":\"ListItem\",\"position\":3,\"name\":\"Indoka Vitamine E E-oil 250mg 36 capsules\"}]},{\"@type\":\"WebSite\",\"@id\":\"https:\/\/paragaleriedetalborjt.com\/#website\",\"url\":\"https:\/\/paragaleriedetalborjt.com\/\",\"name\":\"paragaleriedetalborjt\",\"description\":\"\",\"potentialAction\":[{\"@type\":\"SearchAction\",\"target\":{\"@type\":\"EntryPoint\",\"urlTemplate\":\"https:\/\/paragaleriedetalborjt.com\/?s={search_term_string}\"},\"query-input\":{\"@type\":\"PropertyValueSpecification\",\"valueRequired\":true,\"valueName\":\"search_term_string\"}}],\"inLanguage\":\"en-US\"}]}<\/script>\n<!-- \/ Yoast SEO plugin. -->","yoast_head_json":{"title":"Indoka Vitamine E E-oil 250mg 36 capsules - paragaleriedetalborjt","robots":{"index":"index","follow":"follow","max-snippet":"max-snippet:-1","max-image-preview":"max-image-preview:large","max-video-preview":"max-video-preview:-1"},"canonical":"https:\/\/paragaleriedetalborjt.com\/en\/boutique\/indoka-vitamine-e-e-oil-250mg-36-capsules\/","og_locale":"en_US","og_type":"article","og_title":"Indoka Vitamine E E-oil 250mg 36 capsules - paragaleriedetalborjt","og_description":"La vitamine E est un micronutriment important qui joue un r\u00f4le dans certain nombre de fonctions corporelles vitales. Non seulement il est un puissant antioxydant et anticoagulant, il aide \u00e9galement \u00e0 stimuler le syst\u00e8me immunitaire et \u00e0 son tour maintenir les cheveux sains ainsi que la peau.","og_url":"https:\/\/paragaleriedetalborjt.com\/en\/boutique\/indoka-vitamine-e-e-oil-250mg-36-capsules\/","og_site_name":"paragaleriedetalborjt","og_image":[{"width":595,"height":655,"url":"https:\/\/paragaleriedetalborjt.com\/wp-content\/uploads\/2026\/01\/Indoka-Vitamine-E-E-oil-250mg-36-capsules.jpg","type":"image\/jpeg"}],"twitter_card":"summary_large_image","schema":{"@context":"https:\/\/schema.org","@graph":[{"@type":"WebPage","@id":"https:\/\/paragaleriedetalborjt.com\/boutique\/indoka-vitamine-e-e-oil-250mg-36-capsules\/","url":"https:\/\/paragaleriedetalborjt.com\/boutique\/indoka-vitamine-e-e-oil-250mg-36-capsules\/","name":"Indoka Vitamine E E-oil 250mg 36 capsules - paragaleriedetalborjt","isPartOf":{"@id":"https:\/\/paragaleriedetalborjt.com\/#website"},"primaryImageOfPage":{"@id":"https:\/\/paragaleriedetalborjt.com\/boutique\/indoka-vitamine-e-e-oil-250mg-36-capsules\/#primaryimage"},"image":{"@id":"https:\/\/paragaleriedetalborjt.com\/boutique\/indoka-vitamine-e-e-oil-250mg-36-capsules\/#primaryimage"},"thumbnailUrl":"https:\/\/paragaleriedetalborjt.com\/wp-content\/uploads\/2026\/01\/Indoka-Vitamine-E-E-oil-250mg-36-capsules.jpg","datePublished":"2026-01-02T23:34:50+00:00","breadcrumb":{"@id":"https:\/\/paragaleriedetalborjt.com\/boutique\/indoka-vitamine-e-e-oil-250mg-36-capsules\/#breadcrumb"},"inLanguage":"en-US","potentialAction":[{"@type":"ReadAction","target":["https:\/\/paragaleriedetalborjt.com\/boutique\/indoka-vitamine-e-e-oil-250mg-36-capsules\/"]}]},{"@type":"ImageObject","inLanguage":"en-US","@id":"https:\/\/paragaleriedetalborjt.com\/boutique\/indoka-vitamine-e-e-oil-250mg-36-capsules\/#primaryimage","url":"https:\/\/paragaleriedetalborjt.com\/wp-content\/uploads\/2026\/01\/Indoka-Vitamine-E-E-oil-250mg-36-capsules.jpg","contentUrl":"https:\/\/paragaleriedetalborjt.com\/wp-content\/uploads\/2026\/01\/Indoka-Vitamine-E-E-oil-250mg-36-capsules.jpg","width":595,"height":655},{"@type":"BreadcrumbList","@id":"https:\/\/paragaleriedetalborjt.com\/boutique\/indoka-vitamine-e-e-oil-250mg-36-capsules\/#breadcrumb","itemListElement":[{"@type":"ListItem","position":1,"name":"Accueil","item":"https:\/\/paragaleriedetalborjt.com\/"},{"@type":"ListItem","position":2,"name":"Boutique","item":"https:\/\/paragaleriedetalborjt.com\/boutique\/"},{"@type":"ListItem","position":3,"name":"Indoka Vitamine E E-oil 250mg 36 capsules"}]},{"@type":"WebSite","@id":"https:\/\/paragaleriedetalborjt.com\/#website","url":"https:\/\/paragaleriedetalborjt.com\/","name":"paragaleriedetalborjt","description":"","potentialAction":[{"@type":"SearchAction","target":{"@type":"EntryPoint","urlTemplate":"https:\/\/paragaleriedetalborjt.com\/?s={search_term_string}"},"query-input":{"@type":"PropertyValueSpecification","valueRequired":true,"valueName":"search_term_string"}}],"inLanguage":"en-US"}]}},"brands":[],"_links":{"self":[{"href":"https:\/\/paragaleriedetalborjt.com\/en\/wp-json\/wp\/v2\/product\/33590","targetHints":{"allow":["GET"]}}],"collection":[{"href":"https:\/\/paragaleriedetalborjt.com\/en\/wp-json\/wp\/v2\/product"}],"about":[{"href":"https:\/\/paragaleriedetalborjt.com\/en\/wp-json\/wp\/v2\/types\/product"}],"replies":[{"embeddable":true,"href":"https:\/\/paragaleriedetalborjt.com\/en\/wp-json\/wp\/v2\/comments?post=33590"}],"version-history":[{"count":1,"href":"https:\/\/paragaleriedetalborjt.com\/en\/wp-json\/wp\/v2\/product\/33590\/revisions"}],"predecessor-version":[{"id":33592,"href":"https:\/\/paragaleriedetalborjt.com\/en\/wp-json\/wp\/v2\/product\/33590\/revisions\/33592"}],"wp:featuredmedia":[{"embeddable":true,"href":"https:\/\/paragaleriedetalborjt.com\/en\/wp-json\/wp\/v2\/media\/33591"}],"wp:attachment":[{"href":"https:\/\/paragaleriedetalborjt.com\/en\/wp-json\/wp\/v2\/media?parent=33590"}],"wp:term":[{"taxonomy":"pwb-brand","embeddable":true,"href":"https:\/\/paragaleriedetalborjt.com\/en\/wp-json\/wp\/v2\/pwb-brand?post=33590"},{"taxonomy":"product_cat","embeddable":true,"href":"https:\/\/paragaleriedetalborjt.com\/en\/wp-json\/wp\/v2\/product_cat?post=33590"},{"taxonomy":"product_tag","embeddable":true,"href":"https:\/\/paragaleriedetalborjt.com\/en\/wp-json\/wp\/v2\/product_tag?post=33590"}],"curies":[{"name":"wp","href":"https:\/\/api.w.org\/{rel}","templated":true}]}}