{"id":33578,"date":"2026-01-03T00:34:34","date_gmt":"2026-01-02T23:34:34","guid":{"rendered":"https:\/\/paragaleriedetalborjt.com\/?post_type=product&#038;p=33578"},"modified":"2026-01-03T00:34:34","modified_gmt":"2026-01-02T23:34:34","slug":"indoka-extrait-cafe-vert-400mg-90-gelules","status":"publish","type":"product","link":"https:\/\/paragaleriedetalborjt.com\/en\/boutique\/indoka-extrait-cafe-vert-400mg-90-gelules\/","title":{"rendered":"Indoka extrait cafe vert 400mg 90 gelules"},"content":{"rendered":"<div aria-labelledby=\"tab-title-description\" class=\"woocommerce-Tabs-panel woocommerce-Tabs-panel--description panel entry-content wc-tab\" id=\"tab-description\" role=\"tabpanel\" style=\"\">\n<h2>Description<\/h2>\n<p>Les g\u00e9lules \u00e0 base de caf\u00e9 vert ne contiennent que les meilleurs extraits standardis\u00e9s. Dans cette formule, nous avons ajout\u00e9 du zinc, du chrome et des vitamines B3 et B12 pour augmenter les avantages de ce suppl\u00e9ment.<\/p>\n<\/div>","protected":false},"excerpt":{"rendered":"<p>Highlights:Traitement de l\u2019environnement domestique (Literie, canap\u00e9s, coussins et si\u00e8ges de voiture)<\/p>","protected":false},"featured_media":33579,"comment_status":"open","ping_status":"closed","template":"","meta":[],"pwb-brand":[],"product_cat":[16],"product_tag":[],"class_list":{"0":"post-33578","1":"product","2":"type-product","3":"status-publish","4":"has-post-thumbnail","6":"product_cat-non-classe","7":"pa_brands-indoka","9":"first","10":"instock","11":"sale","12":"shipping-taxable","13":"purchasable","14":"product-type-simple"},"yoast_head":"<!-- This site is optimized with the Yoast SEO plugin v26.9 - https:\/\/yoast.com\/product\/yoast-seo-wordpress\/ -->\n<title>Indoka extrait cafe vert 400mg 90 gelules - paragaleriedetalborjt<\/title>\n<meta name=\"robots\" content=\"index, follow, max-snippet:-1, max-image-preview:large, max-video-preview:-1\" \/>\n<link rel=\"canonical\" href=\"https:\/\/paragaleriedetalborjt.com\/en\/boutique\/indoka-extrait-cafe-vert-400mg-90-gelules\/\" \/>\n<meta property=\"og:locale\" content=\"en_US\" \/>\n<meta property=\"og:type\" content=\"article\" \/>\n<meta property=\"og:title\" content=\"Indoka extrait cafe vert 400mg 90 gelules - paragaleriedetalborjt\" \/>\n<meta property=\"og:description\" content=\"Highlights:Traitement de l\u2019environnement domestique (Literie, canap\u00e9s, coussins et si\u00e8ges de voiture)\" \/>\n<meta property=\"og:url\" content=\"https:\/\/paragaleriedetalborjt.com\/en\/boutique\/indoka-extrait-cafe-vert-400mg-90-gelules\/\" \/>\n<meta property=\"og:site_name\" content=\"paragaleriedetalborjt\" \/>\n<meta property=\"og:image\" content=\"https:\/\/paragaleriedetalborjt.com\/wp-content\/uploads\/2026\/01\/Indoka-extrait-cafe-vert-400mg-90-gelules.jpg\" \/>\n\t<meta property=\"og:image:width\" content=\"595\" \/>\n\t<meta property=\"og:image:height\" content=\"655\" \/>\n\t<meta property=\"og:image:type\" content=\"image\/jpeg\" \/>\n<meta name=\"twitter:card\" content=\"summary_large_image\" \/>\n<script type=\"application\/ld+json\" class=\"yoast-schema-graph\">{\"@context\":\"https:\/\/schema.org\",\"@graph\":[{\"@type\":\"WebPage\",\"@id\":\"https:\/\/paragaleriedetalborjt.com\/boutique\/indoka-extrait-cafe-vert-400mg-90-gelules\/\",\"url\":\"https:\/\/paragaleriedetalborjt.com\/boutique\/indoka-extrait-cafe-vert-400mg-90-gelules\/\",\"name\":\"Indoka extrait cafe vert 400mg 90 gelules - paragaleriedetalborjt\",\"isPartOf\":{\"@id\":\"https:\/\/paragaleriedetalborjt.com\/#website\"},\"primaryImageOfPage\":{\"@id\":\"https:\/\/paragaleriedetalborjt.com\/boutique\/indoka-extrait-cafe-vert-400mg-90-gelules\/#primaryimage\"},\"image\":{\"@id\":\"https:\/\/paragaleriedetalborjt.com\/boutique\/indoka-extrait-cafe-vert-400mg-90-gelules\/#primaryimage\"},\"thumbnailUrl\":\"https:\/\/paragaleriedetalborjt.com\/wp-content\/uploads\/2026\/01\/Indoka-extrait-cafe-vert-400mg-90-gelules.jpg\",\"datePublished\":\"2026-01-02T23:34:34+00:00\",\"breadcrumb\":{\"@id\":\"https:\/\/paragaleriedetalborjt.com\/boutique\/indoka-extrait-cafe-vert-400mg-90-gelules\/#breadcrumb\"},\"inLanguage\":\"en-US\",\"potentialAction\":[{\"@type\":\"ReadAction\",\"target\":[\"https:\/\/paragaleriedetalborjt.com\/boutique\/indoka-extrait-cafe-vert-400mg-90-gelules\/\"]}]},{\"@type\":\"ImageObject\",\"inLanguage\":\"en-US\",\"@id\":\"https:\/\/paragaleriedetalborjt.com\/boutique\/indoka-extrait-cafe-vert-400mg-90-gelules\/#primaryimage\",\"url\":\"https:\/\/paragaleriedetalborjt.com\/wp-content\/uploads\/2026\/01\/Indoka-extrait-cafe-vert-400mg-90-gelules.jpg\",\"contentUrl\":\"https:\/\/paragaleriedetalborjt.com\/wp-content\/uploads\/2026\/01\/Indoka-extrait-cafe-vert-400mg-90-gelules.jpg\",\"width\":595,\"height\":655},{\"@type\":\"BreadcrumbList\",\"@id\":\"https:\/\/paragaleriedetalborjt.com\/boutique\/indoka-extrait-cafe-vert-400mg-90-gelules\/#breadcrumb\",\"itemListElement\":[{\"@type\":\"ListItem\",\"position\":1,\"name\":\"Accueil\",\"item\":\"https:\/\/paragaleriedetalborjt.com\/\"},{\"@type\":\"ListItem\",\"position\":2,\"name\":\"Boutique\",\"item\":\"https:\/\/paragaleriedetalborjt.com\/boutique\/\"},{\"@type\":\"ListItem\",\"position\":3,\"name\":\"Indoka extrait cafe vert 400mg 90 gelules\"}]},{\"@type\":\"WebSite\",\"@id\":\"https:\/\/paragaleriedetalborjt.com\/#website\",\"url\":\"https:\/\/paragaleriedetalborjt.com\/\",\"name\":\"paragaleriedetalborjt\",\"description\":\"\",\"potentialAction\":[{\"@type\":\"SearchAction\",\"target\":{\"@type\":\"EntryPoint\",\"urlTemplate\":\"https:\/\/paragaleriedetalborjt.com\/?s={search_term_string}\"},\"query-input\":{\"@type\":\"PropertyValueSpecification\",\"valueRequired\":true,\"valueName\":\"search_term_string\"}}],\"inLanguage\":\"en-US\"}]}<\/script>\n<!-- \/ Yoast SEO plugin. -->","yoast_head_json":{"title":"Indoka extrait cafe vert 400mg 90 gelules - paragaleriedetalborjt","robots":{"index":"index","follow":"follow","max-snippet":"max-snippet:-1","max-image-preview":"max-image-preview:large","max-video-preview":"max-video-preview:-1"},"canonical":"https:\/\/paragaleriedetalborjt.com\/en\/boutique\/indoka-extrait-cafe-vert-400mg-90-gelules\/","og_locale":"en_US","og_type":"article","og_title":"Indoka extrait cafe vert 400mg 90 gelules - paragaleriedetalborjt","og_description":"Highlights:Traitement de l\u2019environnement domestique (Literie, canap\u00e9s, coussins et si\u00e8ges de voiture)","og_url":"https:\/\/paragaleriedetalborjt.com\/en\/boutique\/indoka-extrait-cafe-vert-400mg-90-gelules\/","og_site_name":"paragaleriedetalborjt","og_image":[{"width":595,"height":655,"url":"https:\/\/paragaleriedetalborjt.com\/wp-content\/uploads\/2026\/01\/Indoka-extrait-cafe-vert-400mg-90-gelules.jpg","type":"image\/jpeg"}],"twitter_card":"summary_large_image","schema":{"@context":"https:\/\/schema.org","@graph":[{"@type":"WebPage","@id":"https:\/\/paragaleriedetalborjt.com\/boutique\/indoka-extrait-cafe-vert-400mg-90-gelules\/","url":"https:\/\/paragaleriedetalborjt.com\/boutique\/indoka-extrait-cafe-vert-400mg-90-gelules\/","name":"Indoka extrait cafe vert 400mg 90 gelules - paragaleriedetalborjt","isPartOf":{"@id":"https:\/\/paragaleriedetalborjt.com\/#website"},"primaryImageOfPage":{"@id":"https:\/\/paragaleriedetalborjt.com\/boutique\/indoka-extrait-cafe-vert-400mg-90-gelules\/#primaryimage"},"image":{"@id":"https:\/\/paragaleriedetalborjt.com\/boutique\/indoka-extrait-cafe-vert-400mg-90-gelules\/#primaryimage"},"thumbnailUrl":"https:\/\/paragaleriedetalborjt.com\/wp-content\/uploads\/2026\/01\/Indoka-extrait-cafe-vert-400mg-90-gelules.jpg","datePublished":"2026-01-02T23:34:34+00:00","breadcrumb":{"@id":"https:\/\/paragaleriedetalborjt.com\/boutique\/indoka-extrait-cafe-vert-400mg-90-gelules\/#breadcrumb"},"inLanguage":"en-US","potentialAction":[{"@type":"ReadAction","target":["https:\/\/paragaleriedetalborjt.com\/boutique\/indoka-extrait-cafe-vert-400mg-90-gelules\/"]}]},{"@type":"ImageObject","inLanguage":"en-US","@id":"https:\/\/paragaleriedetalborjt.com\/boutique\/indoka-extrait-cafe-vert-400mg-90-gelules\/#primaryimage","url":"https:\/\/paragaleriedetalborjt.com\/wp-content\/uploads\/2026\/01\/Indoka-extrait-cafe-vert-400mg-90-gelules.jpg","contentUrl":"https:\/\/paragaleriedetalborjt.com\/wp-content\/uploads\/2026\/01\/Indoka-extrait-cafe-vert-400mg-90-gelules.jpg","width":595,"height":655},{"@type":"BreadcrumbList","@id":"https:\/\/paragaleriedetalborjt.com\/boutique\/indoka-extrait-cafe-vert-400mg-90-gelules\/#breadcrumb","itemListElement":[{"@type":"ListItem","position":1,"name":"Accueil","item":"https:\/\/paragaleriedetalborjt.com\/"},{"@type":"ListItem","position":2,"name":"Boutique","item":"https:\/\/paragaleriedetalborjt.com\/boutique\/"},{"@type":"ListItem","position":3,"name":"Indoka extrait cafe vert 400mg 90 gelules"}]},{"@type":"WebSite","@id":"https:\/\/paragaleriedetalborjt.com\/#website","url":"https:\/\/paragaleriedetalborjt.com\/","name":"paragaleriedetalborjt","description":"","potentialAction":[{"@type":"SearchAction","target":{"@type":"EntryPoint","urlTemplate":"https:\/\/paragaleriedetalborjt.com\/?s={search_term_string}"},"query-input":{"@type":"PropertyValueSpecification","valueRequired":true,"valueName":"search_term_string"}}],"inLanguage":"en-US"}]}},"brands":[],"_links":{"self":[{"href":"https:\/\/paragaleriedetalborjt.com\/en\/wp-json\/wp\/v2\/product\/33578","targetHints":{"allow":["GET"]}}],"collection":[{"href":"https:\/\/paragaleriedetalborjt.com\/en\/wp-json\/wp\/v2\/product"}],"about":[{"href":"https:\/\/paragaleriedetalborjt.com\/en\/wp-json\/wp\/v2\/types\/product"}],"replies":[{"embeddable":true,"href":"https:\/\/paragaleriedetalborjt.com\/en\/wp-json\/wp\/v2\/comments?post=33578"}],"version-history":[{"count":1,"href":"https:\/\/paragaleriedetalborjt.com\/en\/wp-json\/wp\/v2\/product\/33578\/revisions"}],"predecessor-version":[{"id":33580,"href":"https:\/\/paragaleriedetalborjt.com\/en\/wp-json\/wp\/v2\/product\/33578\/revisions\/33580"}],"wp:featuredmedia":[{"embeddable":true,"href":"https:\/\/paragaleriedetalborjt.com\/en\/wp-json\/wp\/v2\/media\/33579"}],"wp:attachment":[{"href":"https:\/\/paragaleriedetalborjt.com\/en\/wp-json\/wp\/v2\/media?parent=33578"}],"wp:term":[{"taxonomy":"pwb-brand","embeddable":true,"href":"https:\/\/paragaleriedetalborjt.com\/en\/wp-json\/wp\/v2\/pwb-brand?post=33578"},{"taxonomy":"product_cat","embeddable":true,"href":"https:\/\/paragaleriedetalborjt.com\/en\/wp-json\/wp\/v2\/product_cat?post=33578"},{"taxonomy":"product_tag","embeddable":true,"href":"https:\/\/paragaleriedetalborjt.com\/en\/wp-json\/wp\/v2\/product_tag?post=33578"}],"curies":[{"name":"wp","href":"https:\/\/api.w.org\/{rel}","templated":true}]}}