{"id":33575,"date":"2026-01-03T00:34:30","date_gmt":"2026-01-02T23:34:30","guid":{"rendered":"https:\/\/paragaleriedetalborjt.com\/?post_type=product&#038;p=33575"},"modified":"2026-01-03T00:34:30","modified_gmt":"2026-01-02T23:34:30","slug":"indoka-levure-de-bierre-selenium-600mg-410cps","status":"publish","type":"product","link":"https:\/\/paragaleriedetalborjt.com\/en\/boutique\/indoka-levure-de-bierre-selenium-600mg-410cps\/","title":{"rendered":"Indoka levure de bierre &#038; selenium 600mg 410cps"},"content":{"rendered":"<div aria-labelledby=\"tab-title-description\" class=\"woocommerce-Tabs-panel woocommerce-Tabs-panel--description panel entry-content wc-tab\" id=\"tab-description\" role=\"tabpanel\" style=\"\">\n<h2>Description<\/h2>\n<p>Ce complexe \u00e0 base de Levure de Bi\u00e8re va redonner du tonus \u00e0 votre corps. Votre peau va retrouver beaut\u00e9 et \u00e9clat, vos cheveux tonus, brillance et volume et vos ongles seront plus durs et r\u00e9sistants. La levure de bi\u00e8re contient de la vitamine B1, B2, B3, B5, B6, B8 et B9 qui en font une excellente alli\u00e9e pour la brillance des cheveux car elle hydrate et \u00e9vite les cheveux secs. Les vitamines B jouent un r\u00f4le sur les ongles en luttant contre le d\u00e9doublement ou en les rendant plus solides. Ce produit est conseill\u00e9 aux futures mamans car il permet d\u2019aider en cas de naus\u00e9es, de vomissements, de carences et de fatigue. 2 g\u00e9lules matin et soir,<\/p>\n<\/div>","protected":false},"excerpt":{"rendered":"<p>Highlights:Pour des cheveux plus beaux et plus r\u00e9sistants!<\/p>","protected":false},"featured_media":33576,"comment_status":"open","ping_status":"closed","template":"","meta":[],"pwb-brand":[],"product_cat":[16],"product_tag":[],"class_list":{"0":"post-33575","1":"product","2":"type-product","3":"status-publish","4":"has-post-thumbnail","6":"product_cat-non-classe","7":"pa_brands-indoka","9":"first","10":"instock","11":"sale","12":"shipping-taxable","13":"purchasable","14":"product-type-simple"},"yoast_head":"<!-- This site is optimized with the Yoast SEO plugin v26.9 - https:\/\/yoast.com\/product\/yoast-seo-wordpress\/ -->\n<title>Indoka levure de bierre &amp; selenium 600mg 410cps - paragaleriedetalborjt<\/title>\n<meta name=\"robots\" content=\"index, follow, max-snippet:-1, max-image-preview:large, max-video-preview:-1\" \/>\n<link rel=\"canonical\" href=\"https:\/\/paragaleriedetalborjt.com\/en\/boutique\/indoka-levure-de-bierre-selenium-600mg-410cps\/\" \/>\n<meta property=\"og:locale\" content=\"en_US\" \/>\n<meta property=\"og:type\" content=\"article\" \/>\n<meta property=\"og:title\" content=\"Indoka levure de bierre &amp; selenium 600mg 410cps - paragaleriedetalborjt\" \/>\n<meta property=\"og:description\" content=\"Highlights:Pour des cheveux plus beaux et plus r\u00e9sistants!\" \/>\n<meta property=\"og:url\" content=\"https:\/\/paragaleriedetalborjt.com\/en\/boutique\/indoka-levure-de-bierre-selenium-600mg-410cps\/\" \/>\n<meta property=\"og:site_name\" content=\"paragaleriedetalborjt\" \/>\n<meta property=\"og:image\" content=\"https:\/\/paragaleriedetalborjt.com\/wp-content\/uploads\/2026\/01\/Indoka-levure-de-bierre-selenium-600mg-410cps.jpg\" \/>\n\t<meta property=\"og:image:width\" content=\"595\" \/>\n\t<meta property=\"og:image:height\" content=\"655\" \/>\n\t<meta property=\"og:image:type\" content=\"image\/jpeg\" \/>\n<meta name=\"twitter:card\" content=\"summary_large_image\" \/>\n<meta name=\"twitter:label1\" content=\"Est. reading time\" \/>\n\t<meta name=\"twitter:data1\" content=\"1 minute\" \/>\n<script type=\"application\/ld+json\" class=\"yoast-schema-graph\">{\"@context\":\"https:\/\/schema.org\",\"@graph\":[{\"@type\":\"WebPage\",\"@id\":\"https:\/\/paragaleriedetalborjt.com\/boutique\/indoka-levure-de-bierre-selenium-600mg-410cps\/\",\"url\":\"https:\/\/paragaleriedetalborjt.com\/boutique\/indoka-levure-de-bierre-selenium-600mg-410cps\/\",\"name\":\"Indoka levure de bierre & selenium 600mg 410cps - paragaleriedetalborjt\",\"isPartOf\":{\"@id\":\"https:\/\/paragaleriedetalborjt.com\/#website\"},\"primaryImageOfPage\":{\"@id\":\"https:\/\/paragaleriedetalborjt.com\/boutique\/indoka-levure-de-bierre-selenium-600mg-410cps\/#primaryimage\"},\"image\":{\"@id\":\"https:\/\/paragaleriedetalborjt.com\/boutique\/indoka-levure-de-bierre-selenium-600mg-410cps\/#primaryimage\"},\"thumbnailUrl\":\"https:\/\/paragaleriedetalborjt.com\/wp-content\/uploads\/2026\/01\/Indoka-levure-de-bierre-selenium-600mg-410cps.jpg\",\"datePublished\":\"2026-01-02T23:34:30+00:00\",\"breadcrumb\":{\"@id\":\"https:\/\/paragaleriedetalborjt.com\/boutique\/indoka-levure-de-bierre-selenium-600mg-410cps\/#breadcrumb\"},\"inLanguage\":\"en-US\",\"potentialAction\":[{\"@type\":\"ReadAction\",\"target\":[\"https:\/\/paragaleriedetalborjt.com\/boutique\/indoka-levure-de-bierre-selenium-600mg-410cps\/\"]}]},{\"@type\":\"ImageObject\",\"inLanguage\":\"en-US\",\"@id\":\"https:\/\/paragaleriedetalborjt.com\/boutique\/indoka-levure-de-bierre-selenium-600mg-410cps\/#primaryimage\",\"url\":\"https:\/\/paragaleriedetalborjt.com\/wp-content\/uploads\/2026\/01\/Indoka-levure-de-bierre-selenium-600mg-410cps.jpg\",\"contentUrl\":\"https:\/\/paragaleriedetalborjt.com\/wp-content\/uploads\/2026\/01\/Indoka-levure-de-bierre-selenium-600mg-410cps.jpg\",\"width\":595,\"height\":655},{\"@type\":\"BreadcrumbList\",\"@id\":\"https:\/\/paragaleriedetalborjt.com\/boutique\/indoka-levure-de-bierre-selenium-600mg-410cps\/#breadcrumb\",\"itemListElement\":[{\"@type\":\"ListItem\",\"position\":1,\"name\":\"Accueil\",\"item\":\"https:\/\/paragaleriedetalborjt.com\/\"},{\"@type\":\"ListItem\",\"position\":2,\"name\":\"Boutique\",\"item\":\"https:\/\/paragaleriedetalborjt.com\/boutique\/\"},{\"@type\":\"ListItem\",\"position\":3,\"name\":\"Indoka levure de bierre &#038; selenium 600mg 410cps\"}]},{\"@type\":\"WebSite\",\"@id\":\"https:\/\/paragaleriedetalborjt.com\/#website\",\"url\":\"https:\/\/paragaleriedetalborjt.com\/\",\"name\":\"paragaleriedetalborjt\",\"description\":\"\",\"potentialAction\":[{\"@type\":\"SearchAction\",\"target\":{\"@type\":\"EntryPoint\",\"urlTemplate\":\"https:\/\/paragaleriedetalborjt.com\/?s={search_term_string}\"},\"query-input\":{\"@type\":\"PropertyValueSpecification\",\"valueRequired\":true,\"valueName\":\"search_term_string\"}}],\"inLanguage\":\"en-US\"}]}<\/script>\n<!-- \/ Yoast SEO plugin. -->","yoast_head_json":{"title":"Indoka levure de bierre & selenium 600mg 410cps - paragaleriedetalborjt","robots":{"index":"index","follow":"follow","max-snippet":"max-snippet:-1","max-image-preview":"max-image-preview:large","max-video-preview":"max-video-preview:-1"},"canonical":"https:\/\/paragaleriedetalborjt.com\/en\/boutique\/indoka-levure-de-bierre-selenium-600mg-410cps\/","og_locale":"en_US","og_type":"article","og_title":"Indoka levure de bierre & selenium 600mg 410cps - paragaleriedetalborjt","og_description":"Highlights:Pour des cheveux plus beaux et plus r\u00e9sistants!","og_url":"https:\/\/paragaleriedetalborjt.com\/en\/boutique\/indoka-levure-de-bierre-selenium-600mg-410cps\/","og_site_name":"paragaleriedetalborjt","og_image":[{"width":595,"height":655,"url":"https:\/\/paragaleriedetalborjt.com\/wp-content\/uploads\/2026\/01\/Indoka-levure-de-bierre-selenium-600mg-410cps.jpg","type":"image\/jpeg"}],"twitter_card":"summary_large_image","twitter_misc":{"Est. reading time":"1 minute"},"schema":{"@context":"https:\/\/schema.org","@graph":[{"@type":"WebPage","@id":"https:\/\/paragaleriedetalborjt.com\/boutique\/indoka-levure-de-bierre-selenium-600mg-410cps\/","url":"https:\/\/paragaleriedetalborjt.com\/boutique\/indoka-levure-de-bierre-selenium-600mg-410cps\/","name":"Indoka levure de bierre & selenium 600mg 410cps - paragaleriedetalborjt","isPartOf":{"@id":"https:\/\/paragaleriedetalborjt.com\/#website"},"primaryImageOfPage":{"@id":"https:\/\/paragaleriedetalborjt.com\/boutique\/indoka-levure-de-bierre-selenium-600mg-410cps\/#primaryimage"},"image":{"@id":"https:\/\/paragaleriedetalborjt.com\/boutique\/indoka-levure-de-bierre-selenium-600mg-410cps\/#primaryimage"},"thumbnailUrl":"https:\/\/paragaleriedetalborjt.com\/wp-content\/uploads\/2026\/01\/Indoka-levure-de-bierre-selenium-600mg-410cps.jpg","datePublished":"2026-01-02T23:34:30+00:00","breadcrumb":{"@id":"https:\/\/paragaleriedetalborjt.com\/boutique\/indoka-levure-de-bierre-selenium-600mg-410cps\/#breadcrumb"},"inLanguage":"en-US","potentialAction":[{"@type":"ReadAction","target":["https:\/\/paragaleriedetalborjt.com\/boutique\/indoka-levure-de-bierre-selenium-600mg-410cps\/"]}]},{"@type":"ImageObject","inLanguage":"en-US","@id":"https:\/\/paragaleriedetalborjt.com\/boutique\/indoka-levure-de-bierre-selenium-600mg-410cps\/#primaryimage","url":"https:\/\/paragaleriedetalborjt.com\/wp-content\/uploads\/2026\/01\/Indoka-levure-de-bierre-selenium-600mg-410cps.jpg","contentUrl":"https:\/\/paragaleriedetalborjt.com\/wp-content\/uploads\/2026\/01\/Indoka-levure-de-bierre-selenium-600mg-410cps.jpg","width":595,"height":655},{"@type":"BreadcrumbList","@id":"https:\/\/paragaleriedetalborjt.com\/boutique\/indoka-levure-de-bierre-selenium-600mg-410cps\/#breadcrumb","itemListElement":[{"@type":"ListItem","position":1,"name":"Accueil","item":"https:\/\/paragaleriedetalborjt.com\/"},{"@type":"ListItem","position":2,"name":"Boutique","item":"https:\/\/paragaleriedetalborjt.com\/boutique\/"},{"@type":"ListItem","position":3,"name":"Indoka levure de bierre &#038; selenium 600mg 410cps"}]},{"@type":"WebSite","@id":"https:\/\/paragaleriedetalborjt.com\/#website","url":"https:\/\/paragaleriedetalborjt.com\/","name":"paragaleriedetalborjt","description":"","potentialAction":[{"@type":"SearchAction","target":{"@type":"EntryPoint","urlTemplate":"https:\/\/paragaleriedetalborjt.com\/?s={search_term_string}"},"query-input":{"@type":"PropertyValueSpecification","valueRequired":true,"valueName":"search_term_string"}}],"inLanguage":"en-US"}]}},"brands":[],"_links":{"self":[{"href":"https:\/\/paragaleriedetalborjt.com\/en\/wp-json\/wp\/v2\/product\/33575","targetHints":{"allow":["GET"]}}],"collection":[{"href":"https:\/\/paragaleriedetalborjt.com\/en\/wp-json\/wp\/v2\/product"}],"about":[{"href":"https:\/\/paragaleriedetalborjt.com\/en\/wp-json\/wp\/v2\/types\/product"}],"replies":[{"embeddable":true,"href":"https:\/\/paragaleriedetalborjt.com\/en\/wp-json\/wp\/v2\/comments?post=33575"}],"version-history":[{"count":1,"href":"https:\/\/paragaleriedetalborjt.com\/en\/wp-json\/wp\/v2\/product\/33575\/revisions"}],"predecessor-version":[{"id":33577,"href":"https:\/\/paragaleriedetalborjt.com\/en\/wp-json\/wp\/v2\/product\/33575\/revisions\/33577"}],"wp:featuredmedia":[{"embeddable":true,"href":"https:\/\/paragaleriedetalborjt.com\/en\/wp-json\/wp\/v2\/media\/33576"}],"wp:attachment":[{"href":"https:\/\/paragaleriedetalborjt.com\/en\/wp-json\/wp\/v2\/media?parent=33575"}],"wp:term":[{"taxonomy":"pwb-brand","embeddable":true,"href":"https:\/\/paragaleriedetalborjt.com\/en\/wp-json\/wp\/v2\/pwb-brand?post=33575"},{"taxonomy":"product_cat","embeddable":true,"href":"https:\/\/paragaleriedetalborjt.com\/en\/wp-json\/wp\/v2\/product_cat?post=33575"},{"taxonomy":"product_tag","embeddable":true,"href":"https:\/\/paragaleriedetalborjt.com\/en\/wp-json\/wp\/v2\/product_tag?post=33575"}],"curies":[{"name":"wp","href":"https:\/\/api.w.org\/{rel}","templated":true}]}}