{"id":33427,"date":"2026-01-03T00:30:58","date_gmt":"2026-01-02T23:30:58","guid":{"rendered":"https:\/\/paragaleriedetalborjt.com\/?post_type=product&#038;p=33427"},"modified":"2026-01-03T00:30:58","modified_gmt":"2026-01-02T23:30:58","slug":"nubiance-exfolear-gel-exfoliant-visage-et-corps-200ml","status":"publish","type":"product","link":"https:\/\/paragaleriedetalborjt.com\/en\/boutique\/nubiance-exfolear-gel-exfoliant-visage-et-corps-200ml\/","title":{"rendered":"Nubiance Exfolear gel exfoliant visage et corps 200ml"},"content":{"rendered":"<div aria-labelledby=\"tab-title-description\" class=\"woocommerce-Tabs-panel woocommerce-Tabs-panel--description panel entry-content wc-tab\" id=\"tab-description\" role=\"tabpanel\" style=\"\">\n<h2>Description<\/h2>\n<p><span style=\"font-weight: 400;\">Notre gel exfoliant pour le visage et le corps Exfoclear\u00ae allie exfoliation m\u00e9canique et enzymatique au sein d\u2019une formule douce pour la peau. <\/span><span style=\"font-weight: 400;\"><br \/>\n<\/span><span style=\"font-weight: 400;\">Sans savon et avec un pH neutre, la poudre de noyau d\u2019abricot affine et lisse le grain de peau. Un concentr\u00e9 d\u2019acides de fruits (myrtille, \u00e9rable, orange, citron et canne \u00e0 sucre) d\u00e9sincruste les pores en profondeur, stimule le renouvellement cellulaire et la production de collag\u00e8ne.\u00a0<\/span><\/p>\n<p><span style=\"font-weight: 400;\">Exfoclear\u00ae apporte aussi \u00e0 la peau les min\u00e9raux dont elle a besoin gr\u00e2ce \u00e0 l\u2019Eau des glaciers suisses. Frais et d\u00e9licatement parfum\u00e9, ce gommage purifie la peau et lui rend son \u00e9clat<\/span><\/p>\n<\/div>","protected":false},"excerpt":{"rendered":"<p>Highlights:Exfoclear est un gommage pour le visage et le corps sans savon et au pH neutre qui combine des acides de fruits, de la poudre de noyau d\u2019abricot et de l\u2019eau des glaciers suisses. Particuli\u00e8rement adapt\u00e9 aux peux mixtes \u00e0 grasses, il permet d\u2019exfolier en douceur la peau pour r\u00e9v\u00e9ler son \u00e9clat.<\/p>","protected":false},"featured_media":33428,"comment_status":"open","ping_status":"closed","template":"","meta":[],"pwb-brand":[],"product_cat":[16],"product_tag":[],"class_list":{"0":"post-33427","1":"product","2":"type-product","3":"status-publish","4":"has-post-thumbnail","6":"product_cat-non-classe","7":"pa_brands-nubiance","9":"first","10":"instock","11":"sale","12":"shipping-taxable","13":"purchasable","14":"product-type-simple"},"yoast_head":"<!-- This site is optimized with the Yoast SEO plugin v26.9 - https:\/\/yoast.com\/product\/yoast-seo-wordpress\/ -->\n<title>Nubiance Exfolear gel exfoliant visage et corps 200ml - paragaleriedetalborjt<\/title>\n<meta name=\"robots\" content=\"index, follow, max-snippet:-1, max-image-preview:large, max-video-preview:-1\" \/>\n<link rel=\"canonical\" href=\"https:\/\/paragaleriedetalborjt.com\/en\/boutique\/nubiance-exfolear-gel-exfoliant-visage-et-corps-200ml\/\" \/>\n<meta property=\"og:locale\" content=\"en_US\" \/>\n<meta property=\"og:type\" content=\"article\" \/>\n<meta property=\"og:title\" content=\"Nubiance Exfolear gel exfoliant visage et corps 200ml - paragaleriedetalborjt\" \/>\n<meta property=\"og:description\" content=\"Highlights:Exfoclear est un gommage pour le visage et le corps sans savon et au pH neutre qui combine des acides de fruits, de la poudre de noyau d\u2019abricot et de l\u2019eau des glaciers suisses. Particuli\u00e8rement adapt\u00e9 aux peux mixtes \u00e0 grasses, il permet d\u2019exfolier en douceur la peau pour r\u00e9v\u00e9ler son \u00e9clat.\" \/>\n<meta property=\"og:url\" content=\"https:\/\/paragaleriedetalborjt.com\/en\/boutique\/nubiance-exfolear-gel-exfoliant-visage-et-corps-200ml\/\" \/>\n<meta property=\"og:site_name\" content=\"paragaleriedetalborjt\" \/>\n<meta property=\"og:image\" content=\"https:\/\/paragaleriedetalborjt.com\/wp-content\/uploads\/2026\/01\/Nubiance-Exfolear-gel-exfoliant-visage-corps-200ml.jpg\" \/>\n\t<meta property=\"og:image:width\" content=\"595\" \/>\n\t<meta property=\"og:image:height\" content=\"655\" \/>\n\t<meta property=\"og:image:type\" content=\"image\/jpeg\" \/>\n<meta name=\"twitter:card\" content=\"summary_large_image\" \/>\n<meta name=\"twitter:label1\" content=\"Est. reading time\" \/>\n\t<meta name=\"twitter:data1\" content=\"1 minute\" \/>\n<script type=\"application\/ld+json\" class=\"yoast-schema-graph\">{\"@context\":\"https:\/\/schema.org\",\"@graph\":[{\"@type\":\"WebPage\",\"@id\":\"https:\/\/paragaleriedetalborjt.com\/boutique\/nubiance-exfolear-gel-exfoliant-visage-et-corps-200ml\/\",\"url\":\"https:\/\/paragaleriedetalborjt.com\/boutique\/nubiance-exfolear-gel-exfoliant-visage-et-corps-200ml\/\",\"name\":\"Nubiance Exfolear gel exfoliant visage et corps 200ml - paragaleriedetalborjt\",\"isPartOf\":{\"@id\":\"https:\/\/paragaleriedetalborjt.com\/#website\"},\"primaryImageOfPage\":{\"@id\":\"https:\/\/paragaleriedetalborjt.com\/boutique\/nubiance-exfolear-gel-exfoliant-visage-et-corps-200ml\/#primaryimage\"},\"image\":{\"@id\":\"https:\/\/paragaleriedetalborjt.com\/boutique\/nubiance-exfolear-gel-exfoliant-visage-et-corps-200ml\/#primaryimage\"},\"thumbnailUrl\":\"https:\/\/paragaleriedetalborjt.com\/wp-content\/uploads\/2026\/01\/Nubiance-Exfolear-gel-exfoliant-visage-corps-200ml.jpg\",\"datePublished\":\"2026-01-02T23:30:58+00:00\",\"breadcrumb\":{\"@id\":\"https:\/\/paragaleriedetalborjt.com\/boutique\/nubiance-exfolear-gel-exfoliant-visage-et-corps-200ml\/#breadcrumb\"},\"inLanguage\":\"en-US\",\"potentialAction\":[{\"@type\":\"ReadAction\",\"target\":[\"https:\/\/paragaleriedetalborjt.com\/boutique\/nubiance-exfolear-gel-exfoliant-visage-et-corps-200ml\/\"]}]},{\"@type\":\"ImageObject\",\"inLanguage\":\"en-US\",\"@id\":\"https:\/\/paragaleriedetalborjt.com\/boutique\/nubiance-exfolear-gel-exfoliant-visage-et-corps-200ml\/#primaryimage\",\"url\":\"https:\/\/paragaleriedetalborjt.com\/wp-content\/uploads\/2026\/01\/Nubiance-Exfolear-gel-exfoliant-visage-corps-200ml.jpg\",\"contentUrl\":\"https:\/\/paragaleriedetalborjt.com\/wp-content\/uploads\/2026\/01\/Nubiance-Exfolear-gel-exfoliant-visage-corps-200ml.jpg\",\"width\":595,\"height\":655},{\"@type\":\"BreadcrumbList\",\"@id\":\"https:\/\/paragaleriedetalborjt.com\/boutique\/nubiance-exfolear-gel-exfoliant-visage-et-corps-200ml\/#breadcrumb\",\"itemListElement\":[{\"@type\":\"ListItem\",\"position\":1,\"name\":\"Accueil\",\"item\":\"https:\/\/paragaleriedetalborjt.com\/\"},{\"@type\":\"ListItem\",\"position\":2,\"name\":\"Boutique\",\"item\":\"https:\/\/paragaleriedetalborjt.com\/boutique\/\"},{\"@type\":\"ListItem\",\"position\":3,\"name\":\"Nubiance Exfolear gel exfoliant visage et corps 200ml\"}]},{\"@type\":\"WebSite\",\"@id\":\"https:\/\/paragaleriedetalborjt.com\/#website\",\"url\":\"https:\/\/paragaleriedetalborjt.com\/\",\"name\":\"paragaleriedetalborjt\",\"description\":\"\",\"potentialAction\":[{\"@type\":\"SearchAction\",\"target\":{\"@type\":\"EntryPoint\",\"urlTemplate\":\"https:\/\/paragaleriedetalborjt.com\/?s={search_term_string}\"},\"query-input\":{\"@type\":\"PropertyValueSpecification\",\"valueRequired\":true,\"valueName\":\"search_term_string\"}}],\"inLanguage\":\"en-US\"}]}<\/script>\n<!-- \/ Yoast SEO plugin. -->","yoast_head_json":{"title":"Nubiance Exfolear gel exfoliant visage et corps 200ml - paragaleriedetalborjt","robots":{"index":"index","follow":"follow","max-snippet":"max-snippet:-1","max-image-preview":"max-image-preview:large","max-video-preview":"max-video-preview:-1"},"canonical":"https:\/\/paragaleriedetalborjt.com\/en\/boutique\/nubiance-exfolear-gel-exfoliant-visage-et-corps-200ml\/","og_locale":"en_US","og_type":"article","og_title":"Nubiance Exfolear gel exfoliant visage et corps 200ml - paragaleriedetalborjt","og_description":"Highlights:Exfoclear est un gommage pour le visage et le corps sans savon et au pH neutre qui combine des acides de fruits, de la poudre de noyau d\u2019abricot et de l\u2019eau des glaciers suisses. Particuli\u00e8rement adapt\u00e9 aux peux mixtes \u00e0 grasses, il permet d\u2019exfolier en douceur la peau pour r\u00e9v\u00e9ler son \u00e9clat.","og_url":"https:\/\/paragaleriedetalborjt.com\/en\/boutique\/nubiance-exfolear-gel-exfoliant-visage-et-corps-200ml\/","og_site_name":"paragaleriedetalborjt","og_image":[{"width":595,"height":655,"url":"https:\/\/paragaleriedetalborjt.com\/wp-content\/uploads\/2026\/01\/Nubiance-Exfolear-gel-exfoliant-visage-corps-200ml.jpg","type":"image\/jpeg"}],"twitter_card":"summary_large_image","twitter_misc":{"Est. reading time":"1 minute"},"schema":{"@context":"https:\/\/schema.org","@graph":[{"@type":"WebPage","@id":"https:\/\/paragaleriedetalborjt.com\/boutique\/nubiance-exfolear-gel-exfoliant-visage-et-corps-200ml\/","url":"https:\/\/paragaleriedetalborjt.com\/boutique\/nubiance-exfolear-gel-exfoliant-visage-et-corps-200ml\/","name":"Nubiance Exfolear gel exfoliant visage et corps 200ml - paragaleriedetalborjt","isPartOf":{"@id":"https:\/\/paragaleriedetalborjt.com\/#website"},"primaryImageOfPage":{"@id":"https:\/\/paragaleriedetalborjt.com\/boutique\/nubiance-exfolear-gel-exfoliant-visage-et-corps-200ml\/#primaryimage"},"image":{"@id":"https:\/\/paragaleriedetalborjt.com\/boutique\/nubiance-exfolear-gel-exfoliant-visage-et-corps-200ml\/#primaryimage"},"thumbnailUrl":"https:\/\/paragaleriedetalborjt.com\/wp-content\/uploads\/2026\/01\/Nubiance-Exfolear-gel-exfoliant-visage-corps-200ml.jpg","datePublished":"2026-01-02T23:30:58+00:00","breadcrumb":{"@id":"https:\/\/paragaleriedetalborjt.com\/boutique\/nubiance-exfolear-gel-exfoliant-visage-et-corps-200ml\/#breadcrumb"},"inLanguage":"en-US","potentialAction":[{"@type":"ReadAction","target":["https:\/\/paragaleriedetalborjt.com\/boutique\/nubiance-exfolear-gel-exfoliant-visage-et-corps-200ml\/"]}]},{"@type":"ImageObject","inLanguage":"en-US","@id":"https:\/\/paragaleriedetalborjt.com\/boutique\/nubiance-exfolear-gel-exfoliant-visage-et-corps-200ml\/#primaryimage","url":"https:\/\/paragaleriedetalborjt.com\/wp-content\/uploads\/2026\/01\/Nubiance-Exfolear-gel-exfoliant-visage-corps-200ml.jpg","contentUrl":"https:\/\/paragaleriedetalborjt.com\/wp-content\/uploads\/2026\/01\/Nubiance-Exfolear-gel-exfoliant-visage-corps-200ml.jpg","width":595,"height":655},{"@type":"BreadcrumbList","@id":"https:\/\/paragaleriedetalborjt.com\/boutique\/nubiance-exfolear-gel-exfoliant-visage-et-corps-200ml\/#breadcrumb","itemListElement":[{"@type":"ListItem","position":1,"name":"Accueil","item":"https:\/\/paragaleriedetalborjt.com\/"},{"@type":"ListItem","position":2,"name":"Boutique","item":"https:\/\/paragaleriedetalborjt.com\/boutique\/"},{"@type":"ListItem","position":3,"name":"Nubiance Exfolear gel exfoliant visage et corps 200ml"}]},{"@type":"WebSite","@id":"https:\/\/paragaleriedetalborjt.com\/#website","url":"https:\/\/paragaleriedetalborjt.com\/","name":"paragaleriedetalborjt","description":"","potentialAction":[{"@type":"SearchAction","target":{"@type":"EntryPoint","urlTemplate":"https:\/\/paragaleriedetalborjt.com\/?s={search_term_string}"},"query-input":{"@type":"PropertyValueSpecification","valueRequired":true,"valueName":"search_term_string"}}],"inLanguage":"en-US"}]}},"brands":[],"_links":{"self":[{"href":"https:\/\/paragaleriedetalborjt.com\/en\/wp-json\/wp\/v2\/product\/33427","targetHints":{"allow":["GET"]}}],"collection":[{"href":"https:\/\/paragaleriedetalborjt.com\/en\/wp-json\/wp\/v2\/product"}],"about":[{"href":"https:\/\/paragaleriedetalborjt.com\/en\/wp-json\/wp\/v2\/types\/product"}],"replies":[{"embeddable":true,"href":"https:\/\/paragaleriedetalborjt.com\/en\/wp-json\/wp\/v2\/comments?post=33427"}],"version-history":[{"count":1,"href":"https:\/\/paragaleriedetalborjt.com\/en\/wp-json\/wp\/v2\/product\/33427\/revisions"}],"predecessor-version":[{"id":33430,"href":"https:\/\/paragaleriedetalborjt.com\/en\/wp-json\/wp\/v2\/product\/33427\/revisions\/33430"}],"wp:featuredmedia":[{"embeddable":true,"href":"https:\/\/paragaleriedetalborjt.com\/en\/wp-json\/wp\/v2\/media\/33428"}],"wp:attachment":[{"href":"https:\/\/paragaleriedetalborjt.com\/en\/wp-json\/wp\/v2\/media?parent=33427"}],"wp:term":[{"taxonomy":"pwb-brand","embeddable":true,"href":"https:\/\/paragaleriedetalborjt.com\/en\/wp-json\/wp\/v2\/pwb-brand?post=33427"},{"taxonomy":"product_cat","embeddable":true,"href":"https:\/\/paragaleriedetalborjt.com\/en\/wp-json\/wp\/v2\/product_cat?post=33427"},{"taxonomy":"product_tag","embeddable":true,"href":"https:\/\/paragaleriedetalborjt.com\/en\/wp-json\/wp\/v2\/product_tag?post=33427"}],"curies":[{"name":"wp","href":"https:\/\/api.w.org\/{rel}","templated":true}]}}