{"id":33367,"date":"2026-01-03T00:29:20","date_gmt":"2026-01-02T23:29:20","guid":{"rendered":"https:\/\/paragaleriedetalborjt.com\/?post_type=product&#038;p=33367"},"modified":"2026-01-03T00:29:21","modified_gmt":"2026-01-02T23:29:21","slug":"calliderm-brume-deau-pure-500ml","status":"publish","type":"product","link":"https:\/\/paragaleriedetalborjt.com\/en\/boutique\/calliderm-brume-deau-pure-500ml\/","title":{"rendered":"CALLIDERM Brume D\u2019Eau Pure 500ml"},"content":{"rendered":"<div aria-labelledby=\"tab-title-description\" class=\"woocommerce-Tabs-panel woocommerce-Tabs-panel--description panel entry-content wc-tab\" id=\"tab-description\" role=\"tabpanel\" style=\"\">\n<h2>Description<\/h2>\n<p>La brume d\u2019eau pure CALLIDERM est une source de bien-\u00eatre au quotidien. Gr\u00e2ce \u00e0 sa pulv\u00e9risation fine, elle rafra\u00eechit, hydrate et tonifie parfaitement la peau. Elle peut \u00eatre utilis\u00e9e tant sur le visage que sur le corps. Convient \u00e0 tous types de peaux, m\u00eame les plus sensibles.<\/p>\n<p><strong>CONSEILS D\u2019UTILISATION<\/strong><br \/>\nPulv\u00e9riser sur le visage et\/ou le corps. Attendre quelques instants, s\u00e9cher d\u00e9licatement sans frotter.<\/p>\n<p>PR\u00c9CAUTIONS D\u2019EMPLOI<br \/>\nATTENTION ! R\u00e9cipient sous pression : peut \u00e9clater sous l\u2019effet de la chaleur. Tenir \u00e0 l\u2019\u00e9cart de la chaleur, des surfaces chaudes, des \u00e9tincelles, des flammes nues et de toute<br \/>\nautre source d\u2019inflammation. Ne pas fumer. Ne pas perforer ni br\u00fbler, m\u00eame apr\u00e8s usage. Tenir hors de port\u00e9e des enfants. Prot\u00e9ger du rayonnement solaire. Ne pas exposer<br \/>\n\u00e0 une temp\u00e9rature sup\u00e9rieure \u00e0 50\u00b0C\/122\u00b0F. Ne pas utiliser l\u2019a\u00e9rosol pench\u00e9. Conserver hors gel.<br \/>\nIngr\u00e9dients : AQUA (WATER), NITROGEN.<br \/>\nPURE WATERSPRAY MOISTURIZES, TONES UP, REFRESHES<\/p>\n<\/div>","protected":false},"excerpt":{"rendered":"<p>Highlights:BRUME D\u2019EAU PURE HYDRATE, TONIFIE, RAFRA\u00ceCHIT<\/p>","protected":false},"featured_media":33368,"comment_status":"open","ping_status":"closed","template":"","meta":[],"pwb-brand":[],"product_cat":[16],"product_tag":[],"class_list":{"0":"post-33367","1":"product","2":"type-product","3":"status-publish","4":"has-post-thumbnail","6":"product_cat-non-classe","7":"pa_brands-calliderm","9":"first","10":"instock","11":"sale","12":"shipping-taxable","13":"purchasable","14":"product-type-simple"},"yoast_head":"<!-- This site is optimized with the Yoast SEO plugin v26.9 - https:\/\/yoast.com\/product\/yoast-seo-wordpress\/ -->\n<title>CALLIDERM Brume D\u2019Eau Pure 500ml - paragaleriedetalborjt<\/title>\n<meta name=\"robots\" content=\"index, follow, max-snippet:-1, max-image-preview:large, max-video-preview:-1\" \/>\n<link rel=\"canonical\" href=\"https:\/\/paragaleriedetalborjt.com\/en\/boutique\/calliderm-brume-deau-pure-500ml\/\" \/>\n<meta property=\"og:locale\" content=\"en_US\" \/>\n<meta property=\"og:type\" content=\"article\" \/>\n<meta property=\"og:title\" content=\"CALLIDERM Brume D\u2019Eau Pure 500ml - paragaleriedetalborjt\" \/>\n<meta property=\"og:description\" content=\"Highlights:BRUME D\u2019EAU PURE HYDRATE, TONIFIE, RAFRA\u00ceCHIT\" \/>\n<meta property=\"og:url\" content=\"https:\/\/paragaleriedetalborjt.com\/en\/boutique\/calliderm-brume-deau-pure-500ml\/\" \/>\n<meta property=\"og:site_name\" content=\"paragaleriedetalborjt\" \/>\n<meta property=\"article:modified_time\" content=\"2026-01-02T23:29:21+00:00\" \/>\n<meta property=\"og:image\" content=\"https:\/\/paragaleriedetalborjt.com\/wp-content\/uploads\/2026\/01\/calliderm-brume-deau.jpg\" \/>\n\t<meta property=\"og:image:width\" content=\"595\" \/>\n\t<meta property=\"og:image:height\" content=\"655\" \/>\n\t<meta property=\"og:image:type\" content=\"image\/jpeg\" \/>\n<meta name=\"twitter:card\" content=\"summary_large_image\" \/>\n<meta name=\"twitter:label1\" content=\"Est. reading time\" \/>\n\t<meta name=\"twitter:data1\" content=\"1 minute\" \/>\n<script type=\"application\/ld+json\" class=\"yoast-schema-graph\">{\"@context\":\"https:\/\/schema.org\",\"@graph\":[{\"@type\":\"WebPage\",\"@id\":\"https:\/\/paragaleriedetalborjt.com\/boutique\/calliderm-brume-deau-pure-500ml\/\",\"url\":\"https:\/\/paragaleriedetalborjt.com\/boutique\/calliderm-brume-deau-pure-500ml\/\",\"name\":\"CALLIDERM Brume D\u2019Eau Pure 500ml - paragaleriedetalborjt\",\"isPartOf\":{\"@id\":\"https:\/\/paragaleriedetalborjt.com\/#website\"},\"primaryImageOfPage\":{\"@id\":\"https:\/\/paragaleriedetalborjt.com\/boutique\/calliderm-brume-deau-pure-500ml\/#primaryimage\"},\"image\":{\"@id\":\"https:\/\/paragaleriedetalborjt.com\/boutique\/calliderm-brume-deau-pure-500ml\/#primaryimage\"},\"thumbnailUrl\":\"https:\/\/paragaleriedetalborjt.com\/wp-content\/uploads\/2026\/01\/calliderm-brume-deau.jpg\",\"datePublished\":\"2026-01-02T23:29:20+00:00\",\"dateModified\":\"2026-01-02T23:29:21+00:00\",\"breadcrumb\":{\"@id\":\"https:\/\/paragaleriedetalborjt.com\/boutique\/calliderm-brume-deau-pure-500ml\/#breadcrumb\"},\"inLanguage\":\"en-US\",\"potentialAction\":[{\"@type\":\"ReadAction\",\"target\":[\"https:\/\/paragaleriedetalborjt.com\/boutique\/calliderm-brume-deau-pure-500ml\/\"]}]},{\"@type\":\"ImageObject\",\"inLanguage\":\"en-US\",\"@id\":\"https:\/\/paragaleriedetalborjt.com\/boutique\/calliderm-brume-deau-pure-500ml\/#primaryimage\",\"url\":\"https:\/\/paragaleriedetalborjt.com\/wp-content\/uploads\/2026\/01\/calliderm-brume-deau.jpg\",\"contentUrl\":\"https:\/\/paragaleriedetalborjt.com\/wp-content\/uploads\/2026\/01\/calliderm-brume-deau.jpg\",\"width\":595,\"height\":655},{\"@type\":\"BreadcrumbList\",\"@id\":\"https:\/\/paragaleriedetalborjt.com\/boutique\/calliderm-brume-deau-pure-500ml\/#breadcrumb\",\"itemListElement\":[{\"@type\":\"ListItem\",\"position\":1,\"name\":\"Accueil\",\"item\":\"https:\/\/paragaleriedetalborjt.com\/\"},{\"@type\":\"ListItem\",\"position\":2,\"name\":\"Boutique\",\"item\":\"https:\/\/paragaleriedetalborjt.com\/boutique\/\"},{\"@type\":\"ListItem\",\"position\":3,\"name\":\"CALLIDERM Brume D\u2019Eau Pure 500ml\"}]},{\"@type\":\"WebSite\",\"@id\":\"https:\/\/paragaleriedetalborjt.com\/#website\",\"url\":\"https:\/\/paragaleriedetalborjt.com\/\",\"name\":\"paragaleriedetalborjt\",\"description\":\"\",\"potentialAction\":[{\"@type\":\"SearchAction\",\"target\":{\"@type\":\"EntryPoint\",\"urlTemplate\":\"https:\/\/paragaleriedetalborjt.com\/?s={search_term_string}\"},\"query-input\":{\"@type\":\"PropertyValueSpecification\",\"valueRequired\":true,\"valueName\":\"search_term_string\"}}],\"inLanguage\":\"en-US\"}]}<\/script>\n<!-- \/ Yoast SEO plugin. -->","yoast_head_json":{"title":"CALLIDERM Brume D\u2019Eau Pure 500ml - paragaleriedetalborjt","robots":{"index":"index","follow":"follow","max-snippet":"max-snippet:-1","max-image-preview":"max-image-preview:large","max-video-preview":"max-video-preview:-1"},"canonical":"https:\/\/paragaleriedetalborjt.com\/en\/boutique\/calliderm-brume-deau-pure-500ml\/","og_locale":"en_US","og_type":"article","og_title":"CALLIDERM Brume D\u2019Eau Pure 500ml - paragaleriedetalborjt","og_description":"Highlights:BRUME D\u2019EAU PURE HYDRATE, TONIFIE, RAFRA\u00ceCHIT","og_url":"https:\/\/paragaleriedetalborjt.com\/en\/boutique\/calliderm-brume-deau-pure-500ml\/","og_site_name":"paragaleriedetalborjt","article_modified_time":"2026-01-02T23:29:21+00:00","og_image":[{"width":595,"height":655,"url":"https:\/\/paragaleriedetalborjt.com\/wp-content\/uploads\/2026\/01\/calliderm-brume-deau.jpg","type":"image\/jpeg"}],"twitter_card":"summary_large_image","twitter_misc":{"Est. reading time":"1 minute"},"schema":{"@context":"https:\/\/schema.org","@graph":[{"@type":"WebPage","@id":"https:\/\/paragaleriedetalborjt.com\/boutique\/calliderm-brume-deau-pure-500ml\/","url":"https:\/\/paragaleriedetalborjt.com\/boutique\/calliderm-brume-deau-pure-500ml\/","name":"CALLIDERM Brume D\u2019Eau Pure 500ml - paragaleriedetalborjt","isPartOf":{"@id":"https:\/\/paragaleriedetalborjt.com\/#website"},"primaryImageOfPage":{"@id":"https:\/\/paragaleriedetalborjt.com\/boutique\/calliderm-brume-deau-pure-500ml\/#primaryimage"},"image":{"@id":"https:\/\/paragaleriedetalborjt.com\/boutique\/calliderm-brume-deau-pure-500ml\/#primaryimage"},"thumbnailUrl":"https:\/\/paragaleriedetalborjt.com\/wp-content\/uploads\/2026\/01\/calliderm-brume-deau.jpg","datePublished":"2026-01-02T23:29:20+00:00","dateModified":"2026-01-02T23:29:21+00:00","breadcrumb":{"@id":"https:\/\/paragaleriedetalborjt.com\/boutique\/calliderm-brume-deau-pure-500ml\/#breadcrumb"},"inLanguage":"en-US","potentialAction":[{"@type":"ReadAction","target":["https:\/\/paragaleriedetalborjt.com\/boutique\/calliderm-brume-deau-pure-500ml\/"]}]},{"@type":"ImageObject","inLanguage":"en-US","@id":"https:\/\/paragaleriedetalborjt.com\/boutique\/calliderm-brume-deau-pure-500ml\/#primaryimage","url":"https:\/\/paragaleriedetalborjt.com\/wp-content\/uploads\/2026\/01\/calliderm-brume-deau.jpg","contentUrl":"https:\/\/paragaleriedetalborjt.com\/wp-content\/uploads\/2026\/01\/calliderm-brume-deau.jpg","width":595,"height":655},{"@type":"BreadcrumbList","@id":"https:\/\/paragaleriedetalborjt.com\/boutique\/calliderm-brume-deau-pure-500ml\/#breadcrumb","itemListElement":[{"@type":"ListItem","position":1,"name":"Accueil","item":"https:\/\/paragaleriedetalborjt.com\/"},{"@type":"ListItem","position":2,"name":"Boutique","item":"https:\/\/paragaleriedetalborjt.com\/boutique\/"},{"@type":"ListItem","position":3,"name":"CALLIDERM Brume D\u2019Eau Pure 500ml"}]},{"@type":"WebSite","@id":"https:\/\/paragaleriedetalborjt.com\/#website","url":"https:\/\/paragaleriedetalborjt.com\/","name":"paragaleriedetalborjt","description":"","potentialAction":[{"@type":"SearchAction","target":{"@type":"EntryPoint","urlTemplate":"https:\/\/paragaleriedetalborjt.com\/?s={search_term_string}"},"query-input":{"@type":"PropertyValueSpecification","valueRequired":true,"valueName":"search_term_string"}}],"inLanguage":"en-US"}]}},"brands":[],"_links":{"self":[{"href":"https:\/\/paragaleriedetalborjt.com\/en\/wp-json\/wp\/v2\/product\/33367","targetHints":{"allow":["GET"]}}],"collection":[{"href":"https:\/\/paragaleriedetalborjt.com\/en\/wp-json\/wp\/v2\/product"}],"about":[{"href":"https:\/\/paragaleriedetalborjt.com\/en\/wp-json\/wp\/v2\/types\/product"}],"replies":[{"embeddable":true,"href":"https:\/\/paragaleriedetalborjt.com\/en\/wp-json\/wp\/v2\/comments?post=33367"}],"version-history":[{"count":1,"href":"https:\/\/paragaleriedetalborjt.com\/en\/wp-json\/wp\/v2\/product\/33367\/revisions"}],"predecessor-version":[{"id":33369,"href":"https:\/\/paragaleriedetalborjt.com\/en\/wp-json\/wp\/v2\/product\/33367\/revisions\/33369"}],"wp:featuredmedia":[{"embeddable":true,"href":"https:\/\/paragaleriedetalborjt.com\/en\/wp-json\/wp\/v2\/media\/33368"}],"wp:attachment":[{"href":"https:\/\/paragaleriedetalborjt.com\/en\/wp-json\/wp\/v2\/media?parent=33367"}],"wp:term":[{"taxonomy":"pwb-brand","embeddable":true,"href":"https:\/\/paragaleriedetalborjt.com\/en\/wp-json\/wp\/v2\/pwb-brand?post=33367"},{"taxonomy":"product_cat","embeddable":true,"href":"https:\/\/paragaleriedetalborjt.com\/en\/wp-json\/wp\/v2\/product_cat?post=33367"},{"taxonomy":"product_tag","embeddable":true,"href":"https:\/\/paragaleriedetalborjt.com\/en\/wp-json\/wp\/v2\/product_tag?post=33367"}],"curies":[{"name":"wp","href":"https:\/\/api.w.org\/{rel}","templated":true}]}}