{"id":33364,"date":"2026-01-03T00:29:18","date_gmt":"2026-01-02T23:29:18","guid":{"rendered":"https:\/\/paragaleriedetalborjt.com\/?post_type=product&#038;p=33364"},"modified":"2026-01-03T00:29:18","modified_gmt":"2026-01-02T23:29:18","slug":"calliderm-gel-lavant-tres-doux-500ml","status":"publish","type":"product","link":"https:\/\/paragaleriedetalborjt.com\/en\/boutique\/calliderm-gel-lavant-tres-doux-500ml\/","title":{"rendered":"CALLIDERM GEL LAVANT TR\u00c8S DOUX 500ml"},"content":{"rendered":"<div aria-labelledby=\"tab-title-description\" class=\"woocommerce-Tabs-panel woocommerce-Tabs-panel--description panel entry-content wc-tab\" id=\"tab-description\" role=\"tabpanel\" style=\"\">\n<h2>Description<\/h2>\n<p>Le Gel Lavant Doux Calliderm lave en douceur la peau et les cheveux de b\u00e9b\u00e9. Sa formule, \u00e0 base d\u2019Aloe vera reconnue pour ses vertus apaisantes, apporte \u00e0 b\u00e9b\u00e9 l\u2019hydratation et la protection id\u00e9ales.<\/p>\n<p><strong>CONSEILS D\u2019UTILISATION :\u00a0<\/strong><\/p>\n<p>Le Gel Lavant s\u2019utilise quotidiennement sur une peau humide. Mettez une petite dose au creux de la main et lavez d\u00e9licatement le corps et le cuir chevelu de b\u00e9b\u00e9. Essuyez doucement les fesses et les zones de plis. Apr\u00e8s le nettoyage de b\u00e9b\u00e9, vous pouvez appliquer le Lait Hydratant Calliderm.<\/p>\n<p><strong>PR\u00c9CAUTIONS D\u2019EMPLOI :<\/strong><br \/>\n\u00c9vitez le contact avec les yeux.<\/p>\n<p><strong>Ingr\u00e9dients :<\/strong><\/p>\n<p>AQUA (WATER), SODIUM LAURETH<br \/>\nSULFATE, GLYCERIN, COCAMIDOPROPYL BETAINE, POLYSORBATE-20, SODIUM CHLORIDE, SODIUM BENZOATE, POTASSIUM SORBATE, CITRIC ACID, COCO- GLUCOSIDE, GLYCERYL OLEATE, PARFUM (FRAGRANCE), TOCOPHERYL ACETATE, ALOE BARBADENSIS LEAF JUICE*, TOCOPHEROL, HYDROGENATED PALM GLYCERIDES CITRATE, LEVULINIC ACID, SODIUM LEVULINATE.<\/p>\n<p><strong>Ingredients:<\/strong><\/p>\n<p>AQUA (WATER), SODIUM LAURETH SULFATE, GLYCERIN, COCAMIDOPROPYL BETAINE, POLYSORBATE-20, SODIUM CHLORIDE, SODIUM BENZOATE, POTASSIUM SORBATE, CITRIC ACID, COCO-GLUCOSIDE, GLYCERYL OLEATE, PARFUM (FRAGRANCE), TOCOPHERYL ACETATE, ALOE BARBADENSIS LEAF JUICE*, TOCOPHEROL, HYDROGENATED PALM GLYCERIDES CITRATE, LEVULINIC ACID, SODIUM LEVULINATE.<br \/>\n* From organic farming<br \/>\n* Issu de l\u2019agriculture biologique<\/p>\n<\/div>","protected":false},"excerpt":{"rendered":"<p>Highlights:CORPS ET CHEVEUX\u00c0 L\u2019ALOE VERA BIO &#038; GLYC\u00c9RINE V\u00c9G\u00c9TALE<\/p>","protected":false},"featured_media":33365,"comment_status":"open","ping_status":"closed","template":"","meta":[],"pwb-brand":[],"product_cat":[16],"product_tag":[],"class_list":{"0":"post-33364","1":"product","2":"type-product","3":"status-publish","4":"has-post-thumbnail","6":"product_cat-non-classe","7":"pa_brands-calliderm","9":"first","10":"instock","11":"sale","12":"shipping-taxable","13":"purchasable","14":"product-type-simple"},"yoast_head":"<!-- This site is optimized with the Yoast SEO plugin v26.9 - https:\/\/yoast.com\/product\/yoast-seo-wordpress\/ -->\n<title>CALLIDERM GEL LAVANT TR\u00c8S DOUX 500ml - paragaleriedetalborjt<\/title>\n<meta name=\"robots\" content=\"index, follow, max-snippet:-1, max-image-preview:large, max-video-preview:-1\" \/>\n<link rel=\"canonical\" href=\"https:\/\/paragaleriedetalborjt.com\/en\/boutique\/calliderm-gel-lavant-tres-doux-500ml\/\" \/>\n<meta property=\"og:locale\" content=\"en_US\" \/>\n<meta property=\"og:type\" content=\"article\" \/>\n<meta property=\"og:title\" content=\"CALLIDERM GEL LAVANT TR\u00c8S DOUX 500ml - paragaleriedetalborjt\" \/>\n<meta property=\"og:description\" content=\"Highlights:CORPS ET CHEVEUX\u00c0 L\u2019ALOE VERA BIO &amp; GLYC\u00c9RINE V\u00c9G\u00c9TALE\" \/>\n<meta property=\"og:url\" content=\"https:\/\/paragaleriedetalborjt.com\/en\/boutique\/calliderm-gel-lavant-tres-doux-500ml\/\" \/>\n<meta property=\"og:site_name\" content=\"paragaleriedetalborjt\" \/>\n<meta property=\"og:image\" content=\"https:\/\/paragaleriedetalborjt.com\/wp-content\/uploads\/2026\/01\/calliderm-gel-lavant.jpg\" \/>\n\t<meta property=\"og:image:width\" content=\"595\" \/>\n\t<meta property=\"og:image:height\" content=\"655\" \/>\n\t<meta property=\"og:image:type\" content=\"image\/jpeg\" \/>\n<meta name=\"twitter:card\" content=\"summary_large_image\" \/>\n<meta name=\"twitter:label1\" content=\"Est. reading time\" \/>\n\t<meta name=\"twitter:data1\" content=\"1 minute\" \/>\n<script type=\"application\/ld+json\" class=\"yoast-schema-graph\">{\"@context\":\"https:\/\/schema.org\",\"@graph\":[{\"@type\":\"WebPage\",\"@id\":\"https:\/\/paragaleriedetalborjt.com\/boutique\/calliderm-gel-lavant-tres-doux-500ml\/\",\"url\":\"https:\/\/paragaleriedetalborjt.com\/boutique\/calliderm-gel-lavant-tres-doux-500ml\/\",\"name\":\"CALLIDERM GEL LAVANT TR\u00c8S DOUX 500ml - paragaleriedetalborjt\",\"isPartOf\":{\"@id\":\"https:\/\/paragaleriedetalborjt.com\/#website\"},\"primaryImageOfPage\":{\"@id\":\"https:\/\/paragaleriedetalborjt.com\/boutique\/calliderm-gel-lavant-tres-doux-500ml\/#primaryimage\"},\"image\":{\"@id\":\"https:\/\/paragaleriedetalborjt.com\/boutique\/calliderm-gel-lavant-tres-doux-500ml\/#primaryimage\"},\"thumbnailUrl\":\"https:\/\/paragaleriedetalborjt.com\/wp-content\/uploads\/2026\/01\/calliderm-gel-lavant.jpg\",\"datePublished\":\"2026-01-02T23:29:18+00:00\",\"breadcrumb\":{\"@id\":\"https:\/\/paragaleriedetalborjt.com\/boutique\/calliderm-gel-lavant-tres-doux-500ml\/#breadcrumb\"},\"inLanguage\":\"en-US\",\"potentialAction\":[{\"@type\":\"ReadAction\",\"target\":[\"https:\/\/paragaleriedetalborjt.com\/boutique\/calliderm-gel-lavant-tres-doux-500ml\/\"]}]},{\"@type\":\"ImageObject\",\"inLanguage\":\"en-US\",\"@id\":\"https:\/\/paragaleriedetalborjt.com\/boutique\/calliderm-gel-lavant-tres-doux-500ml\/#primaryimage\",\"url\":\"https:\/\/paragaleriedetalborjt.com\/wp-content\/uploads\/2026\/01\/calliderm-gel-lavant.jpg\",\"contentUrl\":\"https:\/\/paragaleriedetalborjt.com\/wp-content\/uploads\/2026\/01\/calliderm-gel-lavant.jpg\",\"width\":595,\"height\":655},{\"@type\":\"BreadcrumbList\",\"@id\":\"https:\/\/paragaleriedetalborjt.com\/boutique\/calliderm-gel-lavant-tres-doux-500ml\/#breadcrumb\",\"itemListElement\":[{\"@type\":\"ListItem\",\"position\":1,\"name\":\"Accueil\",\"item\":\"https:\/\/paragaleriedetalborjt.com\/\"},{\"@type\":\"ListItem\",\"position\":2,\"name\":\"Boutique\",\"item\":\"https:\/\/paragaleriedetalborjt.com\/boutique\/\"},{\"@type\":\"ListItem\",\"position\":3,\"name\":\"CALLIDERM GEL LAVANT TR\u00c8S DOUX 500ml\"}]},{\"@type\":\"WebSite\",\"@id\":\"https:\/\/paragaleriedetalborjt.com\/#website\",\"url\":\"https:\/\/paragaleriedetalborjt.com\/\",\"name\":\"paragaleriedetalborjt\",\"description\":\"\",\"potentialAction\":[{\"@type\":\"SearchAction\",\"target\":{\"@type\":\"EntryPoint\",\"urlTemplate\":\"https:\/\/paragaleriedetalborjt.com\/?s={search_term_string}\"},\"query-input\":{\"@type\":\"PropertyValueSpecification\",\"valueRequired\":true,\"valueName\":\"search_term_string\"}}],\"inLanguage\":\"en-US\"}]}<\/script>\n<!-- \/ Yoast SEO plugin. -->","yoast_head_json":{"title":"CALLIDERM GEL LAVANT TR\u00c8S DOUX 500ml - paragaleriedetalborjt","robots":{"index":"index","follow":"follow","max-snippet":"max-snippet:-1","max-image-preview":"max-image-preview:large","max-video-preview":"max-video-preview:-1"},"canonical":"https:\/\/paragaleriedetalborjt.com\/en\/boutique\/calliderm-gel-lavant-tres-doux-500ml\/","og_locale":"en_US","og_type":"article","og_title":"CALLIDERM GEL LAVANT TR\u00c8S DOUX 500ml - paragaleriedetalborjt","og_description":"Highlights:CORPS ET CHEVEUX\u00c0 L\u2019ALOE VERA BIO & GLYC\u00c9RINE V\u00c9G\u00c9TALE","og_url":"https:\/\/paragaleriedetalborjt.com\/en\/boutique\/calliderm-gel-lavant-tres-doux-500ml\/","og_site_name":"paragaleriedetalborjt","og_image":[{"width":595,"height":655,"url":"https:\/\/paragaleriedetalborjt.com\/wp-content\/uploads\/2026\/01\/calliderm-gel-lavant.jpg","type":"image\/jpeg"}],"twitter_card":"summary_large_image","twitter_misc":{"Est. reading time":"1 minute"},"schema":{"@context":"https:\/\/schema.org","@graph":[{"@type":"WebPage","@id":"https:\/\/paragaleriedetalborjt.com\/boutique\/calliderm-gel-lavant-tres-doux-500ml\/","url":"https:\/\/paragaleriedetalborjt.com\/boutique\/calliderm-gel-lavant-tres-doux-500ml\/","name":"CALLIDERM GEL LAVANT TR\u00c8S DOUX 500ml - paragaleriedetalborjt","isPartOf":{"@id":"https:\/\/paragaleriedetalborjt.com\/#website"},"primaryImageOfPage":{"@id":"https:\/\/paragaleriedetalborjt.com\/boutique\/calliderm-gel-lavant-tres-doux-500ml\/#primaryimage"},"image":{"@id":"https:\/\/paragaleriedetalborjt.com\/boutique\/calliderm-gel-lavant-tres-doux-500ml\/#primaryimage"},"thumbnailUrl":"https:\/\/paragaleriedetalborjt.com\/wp-content\/uploads\/2026\/01\/calliderm-gel-lavant.jpg","datePublished":"2026-01-02T23:29:18+00:00","breadcrumb":{"@id":"https:\/\/paragaleriedetalborjt.com\/boutique\/calliderm-gel-lavant-tres-doux-500ml\/#breadcrumb"},"inLanguage":"en-US","potentialAction":[{"@type":"ReadAction","target":["https:\/\/paragaleriedetalborjt.com\/boutique\/calliderm-gel-lavant-tres-doux-500ml\/"]}]},{"@type":"ImageObject","inLanguage":"en-US","@id":"https:\/\/paragaleriedetalborjt.com\/boutique\/calliderm-gel-lavant-tres-doux-500ml\/#primaryimage","url":"https:\/\/paragaleriedetalborjt.com\/wp-content\/uploads\/2026\/01\/calliderm-gel-lavant.jpg","contentUrl":"https:\/\/paragaleriedetalborjt.com\/wp-content\/uploads\/2026\/01\/calliderm-gel-lavant.jpg","width":595,"height":655},{"@type":"BreadcrumbList","@id":"https:\/\/paragaleriedetalborjt.com\/boutique\/calliderm-gel-lavant-tres-doux-500ml\/#breadcrumb","itemListElement":[{"@type":"ListItem","position":1,"name":"Accueil","item":"https:\/\/paragaleriedetalborjt.com\/"},{"@type":"ListItem","position":2,"name":"Boutique","item":"https:\/\/paragaleriedetalborjt.com\/boutique\/"},{"@type":"ListItem","position":3,"name":"CALLIDERM GEL LAVANT TR\u00c8S DOUX 500ml"}]},{"@type":"WebSite","@id":"https:\/\/paragaleriedetalborjt.com\/#website","url":"https:\/\/paragaleriedetalborjt.com\/","name":"paragaleriedetalborjt","description":"","potentialAction":[{"@type":"SearchAction","target":{"@type":"EntryPoint","urlTemplate":"https:\/\/paragaleriedetalborjt.com\/?s={search_term_string}"},"query-input":{"@type":"PropertyValueSpecification","valueRequired":true,"valueName":"search_term_string"}}],"inLanguage":"en-US"}]}},"brands":[],"_links":{"self":[{"href":"https:\/\/paragaleriedetalborjt.com\/en\/wp-json\/wp\/v2\/product\/33364","targetHints":{"allow":["GET"]}}],"collection":[{"href":"https:\/\/paragaleriedetalborjt.com\/en\/wp-json\/wp\/v2\/product"}],"about":[{"href":"https:\/\/paragaleriedetalborjt.com\/en\/wp-json\/wp\/v2\/types\/product"}],"replies":[{"embeddable":true,"href":"https:\/\/paragaleriedetalborjt.com\/en\/wp-json\/wp\/v2\/comments?post=33364"}],"version-history":[{"count":1,"href":"https:\/\/paragaleriedetalborjt.com\/en\/wp-json\/wp\/v2\/product\/33364\/revisions"}],"predecessor-version":[{"id":33366,"href":"https:\/\/paragaleriedetalborjt.com\/en\/wp-json\/wp\/v2\/product\/33364\/revisions\/33366"}],"wp:featuredmedia":[{"embeddable":true,"href":"https:\/\/paragaleriedetalborjt.com\/en\/wp-json\/wp\/v2\/media\/33365"}],"wp:attachment":[{"href":"https:\/\/paragaleriedetalborjt.com\/en\/wp-json\/wp\/v2\/media?parent=33364"}],"wp:term":[{"taxonomy":"pwb-brand","embeddable":true,"href":"https:\/\/paragaleriedetalborjt.com\/en\/wp-json\/wp\/v2\/pwb-brand?post=33364"},{"taxonomy":"product_cat","embeddable":true,"href":"https:\/\/paragaleriedetalborjt.com\/en\/wp-json\/wp\/v2\/product_cat?post=33364"},{"taxonomy":"product_tag","embeddable":true,"href":"https:\/\/paragaleriedetalborjt.com\/en\/wp-json\/wp\/v2\/product_tag?post=33364"}],"curies":[{"name":"wp","href":"https:\/\/api.w.org\/{rel}","templated":true}]}}