{"id":33250,"date":"2026-01-03T00:26:24","date_gmt":"2026-01-02T23:26:24","guid":{"rendered":"https:\/\/paragaleriedetalborjt.com\/?post_type=product&#038;p=33250"},"modified":"2026-01-03T00:26:24","modified_gmt":"2026-01-02T23:26:24","slug":"algologie-baume-de-la-presquile-baume-cty-levres-15ml","status":"publish","type":"product","link":"https:\/\/paragaleriedetalborjt.com\/en\/boutique\/algologie-baume-de-la-presquile-baume-cty-levres-15ml\/","title":{"rendered":"Algologie Baume de la presqu\u2019\u00eele baume CTY &#038; levres 15ml"},"content":{"rendered":"<div aria-labelledby=\"tab-title-description\" class=\"woocommerce-Tabs-panel woocommerce-Tabs-panel--description panel entry-content wc-tab\" id=\"tab-description\" role=\"tabpanel\" style=\"\">\n<h2>Description<\/h2>\n<p>Un soin haute performance qui associe la puissance d\u2019ALGO 4 \u00e0 des ingr\u00e9dients cibl\u00e9s pour un regard qui rayonne de jeunesse et un contour des l\u00e8vres visiblement regalb\u00e9.<\/p>\n<p>Ce baume d\u00e9froisse le contour des yeux et redessine le contour des l\u00e8vres.<\/p>\n<p>Un baume onctueux au toucher soyeux.<\/p>\n<\/div>","protected":false},"excerpt":{"rendered":"<p>Highlights:Appliquer matin et\/ou soir par effleurages sur le contour des yeux et le contour des l\u00e8vres. Eviter l\u2019application sur les l\u00e8vres.<\/p>","protected":false},"featured_media":33251,"comment_status":"open","ping_status":"closed","template":"","meta":[],"pwb-brand":[],"product_cat":[16],"product_tag":[],"class_list":{"0":"post-33250","1":"product","2":"type-product","3":"status-publish","4":"has-post-thumbnail","6":"product_cat-non-classe","7":"pa_brands-algologie","9":"first","10":"instock","11":"sale","12":"shipping-taxable","13":"purchasable","14":"product-type-simple"},"yoast_head":"<!-- This site is optimized with the Yoast SEO plugin v26.9 - https:\/\/yoast.com\/product\/yoast-seo-wordpress\/ -->\n<title>Algologie Baume de la presqu\u2019\u00eele baume CTY &amp; levres 15ml - paragaleriedetalborjt<\/title>\n<meta name=\"robots\" content=\"index, follow, max-snippet:-1, max-image-preview:large, max-video-preview:-1\" \/>\n<link rel=\"canonical\" href=\"https:\/\/paragaleriedetalborjt.com\/en\/boutique\/algologie-baume-de-la-presquile-baume-cty-levres-15ml\/\" \/>\n<meta property=\"og:locale\" content=\"en_US\" \/>\n<meta property=\"og:type\" content=\"article\" \/>\n<meta property=\"og:title\" content=\"Algologie Baume de la presqu\u2019\u00eele baume CTY &amp; levres 15ml - paragaleriedetalborjt\" \/>\n<meta property=\"og:description\" content=\"Highlights:Appliquer matin et\/ou soir par effleurages sur le contour des yeux et le contour des l\u00e8vres. Eviter l\u2019application sur les l\u00e8vres.\" \/>\n<meta property=\"og:url\" content=\"https:\/\/paragaleriedetalborjt.com\/en\/boutique\/algologie-baume-de-la-presquile-baume-cty-levres-15ml\/\" \/>\n<meta property=\"og:site_name\" content=\"paragaleriedetalborjt\" \/>\n<meta property=\"og:image\" content=\"https:\/\/paragaleriedetalborjt.com\/wp-content\/uploads\/2026\/01\/baume-de-la-presqu-ile-baume-contour-yeux-levres-repulpant.jpg\" \/>\n\t<meta property=\"og:image:width\" content=\"467\" \/>\n\t<meta property=\"og:image:height\" content=\"593\" \/>\n\t<meta property=\"og:image:type\" content=\"image\/jpeg\" \/>\n<meta name=\"twitter:card\" content=\"summary_large_image\" \/>\n<script type=\"application\/ld+json\" class=\"yoast-schema-graph\">{\"@context\":\"https:\/\/schema.org\",\"@graph\":[{\"@type\":\"WebPage\",\"@id\":\"https:\/\/paragaleriedetalborjt.com\/boutique\/algologie-baume-de-la-presquile-baume-cty-levres-15ml\/\",\"url\":\"https:\/\/paragaleriedetalborjt.com\/boutique\/algologie-baume-de-la-presquile-baume-cty-levres-15ml\/\",\"name\":\"Algologie Baume de la presqu\u2019\u00eele baume CTY & levres 15ml - paragaleriedetalborjt\",\"isPartOf\":{\"@id\":\"https:\/\/paragaleriedetalborjt.com\/#website\"},\"primaryImageOfPage\":{\"@id\":\"https:\/\/paragaleriedetalborjt.com\/boutique\/algologie-baume-de-la-presquile-baume-cty-levres-15ml\/#primaryimage\"},\"image\":{\"@id\":\"https:\/\/paragaleriedetalborjt.com\/boutique\/algologie-baume-de-la-presquile-baume-cty-levres-15ml\/#primaryimage\"},\"thumbnailUrl\":\"https:\/\/paragaleriedetalborjt.com\/wp-content\/uploads\/2026\/01\/baume-de-la-presqu-ile-baume-contour-yeux-levres-repulpant.jpg\",\"datePublished\":\"2026-01-02T23:26:24+00:00\",\"breadcrumb\":{\"@id\":\"https:\/\/paragaleriedetalborjt.com\/boutique\/algologie-baume-de-la-presquile-baume-cty-levres-15ml\/#breadcrumb\"},\"inLanguage\":\"en-US\",\"potentialAction\":[{\"@type\":\"ReadAction\",\"target\":[\"https:\/\/paragaleriedetalborjt.com\/boutique\/algologie-baume-de-la-presquile-baume-cty-levres-15ml\/\"]}]},{\"@type\":\"ImageObject\",\"inLanguage\":\"en-US\",\"@id\":\"https:\/\/paragaleriedetalborjt.com\/boutique\/algologie-baume-de-la-presquile-baume-cty-levres-15ml\/#primaryimage\",\"url\":\"https:\/\/paragaleriedetalborjt.com\/wp-content\/uploads\/2026\/01\/baume-de-la-presqu-ile-baume-contour-yeux-levres-repulpant.jpg\",\"contentUrl\":\"https:\/\/paragaleriedetalborjt.com\/wp-content\/uploads\/2026\/01\/baume-de-la-presqu-ile-baume-contour-yeux-levres-repulpant.jpg\",\"width\":467,\"height\":593},{\"@type\":\"BreadcrumbList\",\"@id\":\"https:\/\/paragaleriedetalborjt.com\/boutique\/algologie-baume-de-la-presquile-baume-cty-levres-15ml\/#breadcrumb\",\"itemListElement\":[{\"@type\":\"ListItem\",\"position\":1,\"name\":\"Accueil\",\"item\":\"https:\/\/paragaleriedetalborjt.com\/\"},{\"@type\":\"ListItem\",\"position\":2,\"name\":\"Boutique\",\"item\":\"https:\/\/paragaleriedetalborjt.com\/boutique\/\"},{\"@type\":\"ListItem\",\"position\":3,\"name\":\"Algologie Baume de la presqu\u2019\u00eele baume CTY &#038; levres 15ml\"}]},{\"@type\":\"WebSite\",\"@id\":\"https:\/\/paragaleriedetalborjt.com\/#website\",\"url\":\"https:\/\/paragaleriedetalborjt.com\/\",\"name\":\"paragaleriedetalborjt\",\"description\":\"\",\"potentialAction\":[{\"@type\":\"SearchAction\",\"target\":{\"@type\":\"EntryPoint\",\"urlTemplate\":\"https:\/\/paragaleriedetalborjt.com\/?s={search_term_string}\"},\"query-input\":{\"@type\":\"PropertyValueSpecification\",\"valueRequired\":true,\"valueName\":\"search_term_string\"}}],\"inLanguage\":\"en-US\"}]}<\/script>\n<!-- \/ Yoast SEO plugin. -->","yoast_head_json":{"title":"Algologie Baume de la presqu\u2019\u00eele baume CTY & levres 15ml - paragaleriedetalborjt","robots":{"index":"index","follow":"follow","max-snippet":"max-snippet:-1","max-image-preview":"max-image-preview:large","max-video-preview":"max-video-preview:-1"},"canonical":"https:\/\/paragaleriedetalborjt.com\/en\/boutique\/algologie-baume-de-la-presquile-baume-cty-levres-15ml\/","og_locale":"en_US","og_type":"article","og_title":"Algologie Baume de la presqu\u2019\u00eele baume CTY & levres 15ml - paragaleriedetalborjt","og_description":"Highlights:Appliquer matin et\/ou soir par effleurages sur le contour des yeux et le contour des l\u00e8vres. Eviter l\u2019application sur les l\u00e8vres.","og_url":"https:\/\/paragaleriedetalborjt.com\/en\/boutique\/algologie-baume-de-la-presquile-baume-cty-levres-15ml\/","og_site_name":"paragaleriedetalborjt","og_image":[{"width":467,"height":593,"url":"https:\/\/paragaleriedetalborjt.com\/wp-content\/uploads\/2026\/01\/baume-de-la-presqu-ile-baume-contour-yeux-levres-repulpant.jpg","type":"image\/jpeg"}],"twitter_card":"summary_large_image","schema":{"@context":"https:\/\/schema.org","@graph":[{"@type":"WebPage","@id":"https:\/\/paragaleriedetalborjt.com\/boutique\/algologie-baume-de-la-presquile-baume-cty-levres-15ml\/","url":"https:\/\/paragaleriedetalborjt.com\/boutique\/algologie-baume-de-la-presquile-baume-cty-levres-15ml\/","name":"Algologie Baume de la presqu\u2019\u00eele baume CTY & levres 15ml - paragaleriedetalborjt","isPartOf":{"@id":"https:\/\/paragaleriedetalborjt.com\/#website"},"primaryImageOfPage":{"@id":"https:\/\/paragaleriedetalborjt.com\/boutique\/algologie-baume-de-la-presquile-baume-cty-levres-15ml\/#primaryimage"},"image":{"@id":"https:\/\/paragaleriedetalborjt.com\/boutique\/algologie-baume-de-la-presquile-baume-cty-levres-15ml\/#primaryimage"},"thumbnailUrl":"https:\/\/paragaleriedetalborjt.com\/wp-content\/uploads\/2026\/01\/baume-de-la-presqu-ile-baume-contour-yeux-levres-repulpant.jpg","datePublished":"2026-01-02T23:26:24+00:00","breadcrumb":{"@id":"https:\/\/paragaleriedetalborjt.com\/boutique\/algologie-baume-de-la-presquile-baume-cty-levres-15ml\/#breadcrumb"},"inLanguage":"en-US","potentialAction":[{"@type":"ReadAction","target":["https:\/\/paragaleriedetalborjt.com\/boutique\/algologie-baume-de-la-presquile-baume-cty-levres-15ml\/"]}]},{"@type":"ImageObject","inLanguage":"en-US","@id":"https:\/\/paragaleriedetalborjt.com\/boutique\/algologie-baume-de-la-presquile-baume-cty-levres-15ml\/#primaryimage","url":"https:\/\/paragaleriedetalborjt.com\/wp-content\/uploads\/2026\/01\/baume-de-la-presqu-ile-baume-contour-yeux-levres-repulpant.jpg","contentUrl":"https:\/\/paragaleriedetalborjt.com\/wp-content\/uploads\/2026\/01\/baume-de-la-presqu-ile-baume-contour-yeux-levres-repulpant.jpg","width":467,"height":593},{"@type":"BreadcrumbList","@id":"https:\/\/paragaleriedetalborjt.com\/boutique\/algologie-baume-de-la-presquile-baume-cty-levres-15ml\/#breadcrumb","itemListElement":[{"@type":"ListItem","position":1,"name":"Accueil","item":"https:\/\/paragaleriedetalborjt.com\/"},{"@type":"ListItem","position":2,"name":"Boutique","item":"https:\/\/paragaleriedetalborjt.com\/boutique\/"},{"@type":"ListItem","position":3,"name":"Algologie Baume de la presqu\u2019\u00eele baume CTY &#038; levres 15ml"}]},{"@type":"WebSite","@id":"https:\/\/paragaleriedetalborjt.com\/#website","url":"https:\/\/paragaleriedetalborjt.com\/","name":"paragaleriedetalborjt","description":"","potentialAction":[{"@type":"SearchAction","target":{"@type":"EntryPoint","urlTemplate":"https:\/\/paragaleriedetalborjt.com\/?s={search_term_string}"},"query-input":{"@type":"PropertyValueSpecification","valueRequired":true,"valueName":"search_term_string"}}],"inLanguage":"en-US"}]}},"brands":[],"_links":{"self":[{"href":"https:\/\/paragaleriedetalborjt.com\/en\/wp-json\/wp\/v2\/product\/33250","targetHints":{"allow":["GET"]}}],"collection":[{"href":"https:\/\/paragaleriedetalborjt.com\/en\/wp-json\/wp\/v2\/product"}],"about":[{"href":"https:\/\/paragaleriedetalborjt.com\/en\/wp-json\/wp\/v2\/types\/product"}],"replies":[{"embeddable":true,"href":"https:\/\/paragaleriedetalborjt.com\/en\/wp-json\/wp\/v2\/comments?post=33250"}],"version-history":[{"count":1,"href":"https:\/\/paragaleriedetalborjt.com\/en\/wp-json\/wp\/v2\/product\/33250\/revisions"}],"predecessor-version":[{"id":33252,"href":"https:\/\/paragaleriedetalborjt.com\/en\/wp-json\/wp\/v2\/product\/33250\/revisions\/33252"}],"wp:featuredmedia":[{"embeddable":true,"href":"https:\/\/paragaleriedetalborjt.com\/en\/wp-json\/wp\/v2\/media\/33251"}],"wp:attachment":[{"href":"https:\/\/paragaleriedetalborjt.com\/en\/wp-json\/wp\/v2\/media?parent=33250"}],"wp:term":[{"taxonomy":"pwb-brand","embeddable":true,"href":"https:\/\/paragaleriedetalborjt.com\/en\/wp-json\/wp\/v2\/pwb-brand?post=33250"},{"taxonomy":"product_cat","embeddable":true,"href":"https:\/\/paragaleriedetalborjt.com\/en\/wp-json\/wp\/v2\/product_cat?post=33250"},{"taxonomy":"product_tag","embeddable":true,"href":"https:\/\/paragaleriedetalborjt.com\/en\/wp-json\/wp\/v2\/product_tag?post=33250"}],"curies":[{"name":"wp","href":"https:\/\/api.w.org\/{rel}","templated":true}]}}