{"id":32690,"date":"2026-01-03T00:10:50","date_gmt":"2026-01-02T23:10:50","guid":{"rendered":"https:\/\/paragaleriedetalborjt.com\/?post_type=product&#038;p=32690"},"modified":"2026-01-03T00:10:50","modified_gmt":"2026-01-02T23:10:50","slug":"tommee-tippee-gourde-anti-fuite-avec-paille-500ml-orange","status":"publish","type":"product","link":"https:\/\/paragaleriedetalborjt.com\/en\/boutique\/tommee-tippee-gourde-anti-fuite-avec-paille-500ml-orange\/","title":{"rendered":"Tommee Tippee Gourde Anti-Fuite avec Paille 500ml \u2013 Orange"},"content":{"rendered":"<div aria-labelledby=\"tab-title-description\" class=\"woocommerce-Tabs-panel woocommerce-Tabs-panel--description panel entry-content wc-tab\" id=\"tab-description\" role=\"tabpanel\" style=\"\">\n<h2>Description<\/h2>\n<p><strong>Tommee Tippee Gourde Anti-Fuite avec Paille 500ml \u2013 Orange<\/strong><\/p>\n<p>Gourde d\u2019entra\u00eenement \u00e0 boire pour tout-petits de 18 mois et plus, \u00e9tanche aux fuites et aux secousses, bec verseur antibact\u00e9rien hygi\u00e9nique, r\u00e9sistant aux morsures.<\/p>\n<ul>\n<li>R\u00e9sistant aux fuites et aux secousses : Notre technologie anti-fuite unique INTELLIVALVE garantit que cette tasse d\u2019entra\u00eenement est totalement \u00e9tanche, m\u00eame lorsque la tasse est retourn\u00e9e ou secou\u00e9e.<\/li>\n<li>Bec hygi\u00e9nique : Fabriqu\u00e9 avec la technologie antibact\u00e9rienne BACSHIELD qui r\u00e9duit les bact\u00e9ries jusqu\u2019\u00e0 99,9 % et emp\u00eache la croissance de bact\u00e9ries ind\u00e9sirables qui provoquent la d\u00e9gradation, la d\u00e9coloration, les taches et les odeurs.<\/li>\n<li>R\u00e9sistante aux morsures : la paille durable et douce pour les petites bouches mais suffisamment r\u00e9sistante pour r\u00e9sister aux petites dents.<\/li>\n<li>Ludique : les tout-petits adoreront boire dans l\u2019eau claire et lumineuse.<\/li>\n<li>Gobelets color\u00e9s pour rester hydrat\u00e9 tout au long de la journ\u00e9e.<\/li>\n<li>Facile \u00e0 nettoyer et sans BPA : nos gobelets sont faciles \u00e0 nettoyer, passent au st\u00e9rilisateur et au lave-vaisselle. Ils sont \u00e9galement sans BPA, BPS, PVC, phtalate et nitrosamine.<\/li>\n<li>Gourde est parfaitement dimensionn\u00e9e pour les petites mains et peut contenir 500ml de liquide froid. Avec un couvercle confortable \u00e0 transporter et amusant \u00e0 retourner, rester hydrat\u00e9 n\u2019a jamais \u00e9t\u00e9 aussi amusant.<\/li>\n<li>Notre valve unique scelle et r\u00e9gule le d\u00e9bit de liquide pour arr\u00eater les fuites et garantir une consommation facile.<\/li>\n<li>Adapt\u00e9e aux tout-petits \u00e2g\u00e9s de 18 mois et plus, la tasse est dot\u00e9e d\u2019une ouverture m\u00e9canique \u00e0 bouton-poussoir facile \u00e0 utiliser d\u2019une seule main.<\/li>\n<li>Il agit en emp\u00eachant la croissance de microbes pouvant provoquer une d\u00e9gradation, une d\u00e9coloration, des taches ou une odeur du produit.<\/li>\n<\/ul>\n<p>\u00a0<\/p>\n<\/div>","protected":false},"excerpt":{"rendered":"<p>Highlights:Tommee Tippee Gourde Anti-Fuite avec Paille 500ml \u2013 OrangeGourde d\u2019entra\u00eenement \u00e0 boire pour tout-petits de 18 mois et plus, \u00e9tanche aux fuites et aux secousses, bec verseur antibact\u00e9rien hygi\u00e9nique, r\u00e9sistant aux morsures.<\/p>","protected":false},"featured_media":32691,"comment_status":"open","ping_status":"closed","template":"","meta":[],"pwb-brand":[],"product_cat":[16],"product_tag":[],"class_list":{"0":"post-32690","1":"product","2":"type-product","3":"status-publish","4":"has-post-thumbnail","6":"product_cat-non-classe","7":"pa_brands-tommee-tippee","9":"first","10":"instock","11":"sale","12":"shipping-taxable","13":"purchasable","14":"product-type-simple"},"yoast_head":"<!-- This site is optimized with the Yoast SEO plugin v27.5 - https:\/\/yoast.com\/product\/yoast-seo-wordpress\/ -->\n<title>Tommee Tippee Gourde Anti-Fuite avec Paille 500ml \u2013 Orange - paragaleriedetalborjt<\/title>\n<meta name=\"robots\" content=\"index, follow, max-snippet:-1, max-image-preview:large, max-video-preview:-1\" \/>\n<link rel=\"canonical\" href=\"https:\/\/paragaleriedetalborjt.com\/en\/boutique\/tommee-tippee-gourde-anti-fuite-avec-paille-500ml-orange\/\" \/>\n<meta property=\"og:locale\" content=\"en_US\" \/>\n<meta property=\"og:type\" content=\"article\" \/>\n<meta property=\"og:title\" content=\"Tommee Tippee Gourde Anti-Fuite avec Paille 500ml \u2013 Orange - paragaleriedetalborjt\" \/>\n<meta property=\"og:description\" content=\"Highlights:Tommee Tippee Gourde Anti-Fuite avec Paille 500ml \u2013 OrangeGourde d\u2019entra\u00eenement \u00e0 boire pour tout-petits de 18 mois et plus, \u00e9tanche aux fuites et aux secousses, bec verseur antibact\u00e9rien hygi\u00e9nique, r\u00e9sistant aux morsures.\" \/>\n<meta property=\"og:url\" content=\"https:\/\/paragaleriedetalborjt.com\/en\/boutique\/tommee-tippee-gourde-anti-fuite-avec-paille-500ml-orange\/\" \/>\n<meta property=\"og:site_name\" content=\"paragaleriedetalborjt\" \/>\n<meta property=\"og:image\" content=\"https:\/\/paragaleriedetalborjt.com\/wp-content\/uploads\/2026\/01\/tommee-tippee-gourde-anti-fuite-avec-paille-500ml-orange.jpg\" \/>\n\t<meta property=\"og:image:width\" content=\"595\" \/>\n\t<meta property=\"og:image:height\" content=\"655\" \/>\n\t<meta property=\"og:image:type\" content=\"image\/jpeg\" \/>\n<meta name=\"twitter:card\" content=\"summary_large_image\" \/>\n<meta name=\"twitter:label1\" content=\"Est. reading time\" \/>\n\t<meta name=\"twitter:data1\" content=\"1 minute\" \/>\n<script type=\"application\/ld+json\" class=\"yoast-schema-graph\">{\"@context\":\"https:\\\/\\\/schema.org\",\"@graph\":[{\"@type\":\"WebPage\",\"@id\":\"https:\\\/\\\/paragaleriedetalborjt.com\\\/boutique\\\/tommee-tippee-gourde-anti-fuite-avec-paille-500ml-orange\\\/\",\"url\":\"https:\\\/\\\/paragaleriedetalborjt.com\\\/boutique\\\/tommee-tippee-gourde-anti-fuite-avec-paille-500ml-orange\\\/\",\"name\":\"Tommee Tippee Gourde Anti-Fuite avec Paille 500ml \u2013 Orange - paragaleriedetalborjt\",\"isPartOf\":{\"@id\":\"https:\\\/\\\/paragaleriedetalborjt.com\\\/#website\"},\"primaryImageOfPage\":{\"@id\":\"https:\\\/\\\/paragaleriedetalborjt.com\\\/boutique\\\/tommee-tippee-gourde-anti-fuite-avec-paille-500ml-orange\\\/#primaryimage\"},\"image\":{\"@id\":\"https:\\\/\\\/paragaleriedetalborjt.com\\\/boutique\\\/tommee-tippee-gourde-anti-fuite-avec-paille-500ml-orange\\\/#primaryimage\"},\"thumbnailUrl\":\"https:\\\/\\\/paragaleriedetalborjt.com\\\/wp-content\\\/uploads\\\/2026\\\/01\\\/tommee-tippee-gourde-anti-fuite-avec-paille-500ml-orange.jpg\",\"datePublished\":\"2026-01-02T23:10:50+00:00\",\"breadcrumb\":{\"@id\":\"https:\\\/\\\/paragaleriedetalborjt.com\\\/boutique\\\/tommee-tippee-gourde-anti-fuite-avec-paille-500ml-orange\\\/#breadcrumb\"},\"inLanguage\":\"en-US\",\"potentialAction\":[{\"@type\":\"ReadAction\",\"target\":[\"https:\\\/\\\/paragaleriedetalborjt.com\\\/boutique\\\/tommee-tippee-gourde-anti-fuite-avec-paille-500ml-orange\\\/\"]}]},{\"@type\":\"ImageObject\",\"inLanguage\":\"en-US\",\"@id\":\"https:\\\/\\\/paragaleriedetalborjt.com\\\/boutique\\\/tommee-tippee-gourde-anti-fuite-avec-paille-500ml-orange\\\/#primaryimage\",\"url\":\"https:\\\/\\\/paragaleriedetalborjt.com\\\/wp-content\\\/uploads\\\/2026\\\/01\\\/tommee-tippee-gourde-anti-fuite-avec-paille-500ml-orange.jpg\",\"contentUrl\":\"https:\\\/\\\/paragaleriedetalborjt.com\\\/wp-content\\\/uploads\\\/2026\\\/01\\\/tommee-tippee-gourde-anti-fuite-avec-paille-500ml-orange.jpg\",\"width\":595,\"height\":655},{\"@type\":\"BreadcrumbList\",\"@id\":\"https:\\\/\\\/paragaleriedetalborjt.com\\\/boutique\\\/tommee-tippee-gourde-anti-fuite-avec-paille-500ml-orange\\\/#breadcrumb\",\"itemListElement\":[{\"@type\":\"ListItem\",\"position\":1,\"name\":\"Accueil\",\"item\":\"https:\\\/\\\/paragaleriedetalborjt.com\\\/\"},{\"@type\":\"ListItem\",\"position\":2,\"name\":\"Boutique\",\"item\":\"https:\\\/\\\/paragaleriedetalborjt.com\\\/boutique\\\/\"},{\"@type\":\"ListItem\",\"position\":3,\"name\":\"Tommee Tippee Gourde Anti-Fuite avec Paille 500ml \u2013 Orange\"}]},{\"@type\":\"WebSite\",\"@id\":\"https:\\\/\\\/paragaleriedetalborjt.com\\\/#website\",\"url\":\"https:\\\/\\\/paragaleriedetalborjt.com\\\/\",\"name\":\"paragaleriedetalborjt\",\"description\":\"\",\"potentialAction\":[{\"@type\":\"SearchAction\",\"target\":{\"@type\":\"EntryPoint\",\"urlTemplate\":\"https:\\\/\\\/paragaleriedetalborjt.com\\\/?s={search_term_string}\"},\"query-input\":{\"@type\":\"PropertyValueSpecification\",\"valueRequired\":true,\"valueName\":\"search_term_string\"}}],\"inLanguage\":\"en-US\"}]}<\/script>\n<!-- \/ Yoast SEO plugin. -->","yoast_head_json":{"title":"Tommee Tippee Gourde Anti-Fuite avec Paille 500ml \u2013 Orange - paragaleriedetalborjt","robots":{"index":"index","follow":"follow","max-snippet":"max-snippet:-1","max-image-preview":"max-image-preview:large","max-video-preview":"max-video-preview:-1"},"canonical":"https:\/\/paragaleriedetalborjt.com\/en\/boutique\/tommee-tippee-gourde-anti-fuite-avec-paille-500ml-orange\/","og_locale":"en_US","og_type":"article","og_title":"Tommee Tippee Gourde Anti-Fuite avec Paille 500ml \u2013 Orange - paragaleriedetalborjt","og_description":"Highlights:Tommee Tippee Gourde Anti-Fuite avec Paille 500ml \u2013 OrangeGourde d\u2019entra\u00eenement \u00e0 boire pour tout-petits de 18 mois et plus, \u00e9tanche aux fuites et aux secousses, bec verseur antibact\u00e9rien hygi\u00e9nique, r\u00e9sistant aux morsures.","og_url":"https:\/\/paragaleriedetalborjt.com\/en\/boutique\/tommee-tippee-gourde-anti-fuite-avec-paille-500ml-orange\/","og_site_name":"paragaleriedetalborjt","og_image":[{"width":595,"height":655,"url":"https:\/\/paragaleriedetalborjt.com\/wp-content\/uploads\/2026\/01\/tommee-tippee-gourde-anti-fuite-avec-paille-500ml-orange.jpg","type":"image\/jpeg"}],"twitter_card":"summary_large_image","twitter_misc":{"Est. reading time":"1 minute"},"schema":{"@context":"https:\/\/schema.org","@graph":[{"@type":"WebPage","@id":"https:\/\/paragaleriedetalborjt.com\/boutique\/tommee-tippee-gourde-anti-fuite-avec-paille-500ml-orange\/","url":"https:\/\/paragaleriedetalborjt.com\/boutique\/tommee-tippee-gourde-anti-fuite-avec-paille-500ml-orange\/","name":"Tommee Tippee Gourde Anti-Fuite avec Paille 500ml \u2013 Orange - paragaleriedetalborjt","isPartOf":{"@id":"https:\/\/paragaleriedetalborjt.com\/#website"},"primaryImageOfPage":{"@id":"https:\/\/paragaleriedetalborjt.com\/boutique\/tommee-tippee-gourde-anti-fuite-avec-paille-500ml-orange\/#primaryimage"},"image":{"@id":"https:\/\/paragaleriedetalborjt.com\/boutique\/tommee-tippee-gourde-anti-fuite-avec-paille-500ml-orange\/#primaryimage"},"thumbnailUrl":"https:\/\/paragaleriedetalborjt.com\/wp-content\/uploads\/2026\/01\/tommee-tippee-gourde-anti-fuite-avec-paille-500ml-orange.jpg","datePublished":"2026-01-02T23:10:50+00:00","breadcrumb":{"@id":"https:\/\/paragaleriedetalborjt.com\/boutique\/tommee-tippee-gourde-anti-fuite-avec-paille-500ml-orange\/#breadcrumb"},"inLanguage":"en-US","potentialAction":[{"@type":"ReadAction","target":["https:\/\/paragaleriedetalborjt.com\/boutique\/tommee-tippee-gourde-anti-fuite-avec-paille-500ml-orange\/"]}]},{"@type":"ImageObject","inLanguage":"en-US","@id":"https:\/\/paragaleriedetalborjt.com\/boutique\/tommee-tippee-gourde-anti-fuite-avec-paille-500ml-orange\/#primaryimage","url":"https:\/\/paragaleriedetalborjt.com\/wp-content\/uploads\/2026\/01\/tommee-tippee-gourde-anti-fuite-avec-paille-500ml-orange.jpg","contentUrl":"https:\/\/paragaleriedetalborjt.com\/wp-content\/uploads\/2026\/01\/tommee-tippee-gourde-anti-fuite-avec-paille-500ml-orange.jpg","width":595,"height":655},{"@type":"BreadcrumbList","@id":"https:\/\/paragaleriedetalborjt.com\/boutique\/tommee-tippee-gourde-anti-fuite-avec-paille-500ml-orange\/#breadcrumb","itemListElement":[{"@type":"ListItem","position":1,"name":"Accueil","item":"https:\/\/paragaleriedetalborjt.com\/"},{"@type":"ListItem","position":2,"name":"Boutique","item":"https:\/\/paragaleriedetalborjt.com\/boutique\/"},{"@type":"ListItem","position":3,"name":"Tommee Tippee Gourde Anti-Fuite avec Paille 500ml \u2013 Orange"}]},{"@type":"WebSite","@id":"https:\/\/paragaleriedetalborjt.com\/#website","url":"https:\/\/paragaleriedetalborjt.com\/","name":"paragaleriedetalborjt","description":"","potentialAction":[{"@type":"SearchAction","target":{"@type":"EntryPoint","urlTemplate":"https:\/\/paragaleriedetalborjt.com\/?s={search_term_string}"},"query-input":{"@type":"PropertyValueSpecification","valueRequired":true,"valueName":"search_term_string"}}],"inLanguage":"en-US"}]}},"brands":[],"_links":{"self":[{"href":"https:\/\/paragaleriedetalborjt.com\/en\/wp-json\/wp\/v2\/product\/32690","targetHints":{"allow":["GET"]}}],"collection":[{"href":"https:\/\/paragaleriedetalborjt.com\/en\/wp-json\/wp\/v2\/product"}],"about":[{"href":"https:\/\/paragaleriedetalborjt.com\/en\/wp-json\/wp\/v2\/types\/product"}],"replies":[{"embeddable":true,"href":"https:\/\/paragaleriedetalborjt.com\/en\/wp-json\/wp\/v2\/comments?post=32690"}],"version-history":[{"count":1,"href":"https:\/\/paragaleriedetalborjt.com\/en\/wp-json\/wp\/v2\/product\/32690\/revisions"}],"predecessor-version":[{"id":32692,"href":"https:\/\/paragaleriedetalborjt.com\/en\/wp-json\/wp\/v2\/product\/32690\/revisions\/32692"}],"wp:featuredmedia":[{"embeddable":true,"href":"https:\/\/paragaleriedetalborjt.com\/en\/wp-json\/wp\/v2\/media\/32691"}],"wp:attachment":[{"href":"https:\/\/paragaleriedetalborjt.com\/en\/wp-json\/wp\/v2\/media?parent=32690"}],"wp:term":[{"taxonomy":"pwb-brand","embeddable":true,"href":"https:\/\/paragaleriedetalborjt.com\/en\/wp-json\/wp\/v2\/pwb-brand?post=32690"},{"taxonomy":"product_cat","embeddable":true,"href":"https:\/\/paragaleriedetalborjt.com\/en\/wp-json\/wp\/v2\/product_cat?post=32690"},{"taxonomy":"product_tag","embeddable":true,"href":"https:\/\/paragaleriedetalborjt.com\/en\/wp-json\/wp\/v2\/product_tag?post=32690"}],"curies":[{"name":"wp","href":"https:\/\/api.w.org\/{rel}","templated":true}]}}