{"id":32659,"date":"2026-01-03T00:09:57","date_gmt":"2026-01-02T23:09:57","guid":{"rendered":"https:\/\/paragaleriedetalborjt.com\/?post_type=product&#038;p=32659"},"modified":"2026-01-03T00:09:57","modified_gmt":"2026-01-02T23:09:57","slug":"some-by-mi-bye-bye-blackhead-30-days-miracle-green-tea-tox-bubble-cleanser-120g","status":"publish","type":"product","link":"https:\/\/paragaleriedetalborjt.com\/en\/boutique\/some-by-mi-bye-bye-blackhead-30-days-miracle-green-tea-tox-bubble-cleanser-120g\/","title":{"rendered":"SOME BY MI BYE BYE BLACKHEAD 30 DAYS MIRACLE GREEN TEA TOX BUBBLE CLEANSER 120G"},"content":{"rendered":"<div aria-labelledby=\"tab-title-description\" class=\"woocommerce-Tabs-panel woocommerce-Tabs-panel--description panel entry-content wc-tab\" id=\"tab-description\" role=\"tabpanel\" style=\"\">\n<h2>Description<\/h2>\n<p>Gardez une peau nette gr\u00e2ce \u00e0 ce nettoyant \u00e0 bulles formul\u00e9 avec du th\u00e9 vert pour ses bienfaits antioxydants ainsi que du BHA d\u2019origine naturelle pour une exfoliation douce des points noirs et blancs. Il laisse \u00e9galement la peau hydrat\u00e9e et lui conf\u00e8re un \u00e9clat naturel et sain.<\/p>\n<p><strong>Avantages:<\/strong><br \/>\nNettoyant \u00e0 bulles formul\u00e9 avec 240 000 ppm d\u2019eau de th\u00e9 vert, 16 extraits de th\u00e9 et 5 000 ppm de BHA d\u2019origine naturelle pour nettoyer les points noirs et blancs des pores pour une peau plus lumineuse.<br \/>\nGarde les pores propres et serr\u00e9s gr\u00e2ce aux ingr\u00e9dients tanniques.<\/p>\n<p><strong>Comment utiliser:<\/strong><br \/>\nAppliquer une fine couche sur peau s\u00e8che.<br \/>\nUne fois la mousse commenc\u00e9e, laissez agir 3 \u00e0 5 minutes, mouillez le bout de vos doigts et massez le visage en mouvements circulaires pour \u00e9liminer les cellules mortes de la peau.<br \/>\nRincer \u00e0 l\u2019eau ti\u00e8de.<\/p>\n<p>\u00a0<\/p>\n<\/div>","protected":false},"excerpt":{"rendered":"<p>Highlights:Gardez une peau nette gr\u00e2ce \u00e0 ce nettoyant \u00e0 bulles formul\u00e9 avec du th\u00e9 vert pour ses bienfaits antioxydants ainsi que du BHA d\u2019origine naturelle pour une exfoliation douce des points noirs et blancs. Il laisse \u00e9galement la peau hydrat\u00e9e et lui conf\u00e8re un \u00e9clat naturel et sain.<\/p>","protected":false},"featured_media":32660,"comment_status":"open","ping_status":"closed","template":"","meta":[],"pwb-brand":[],"product_cat":[16],"product_tag":[],"class_list":{"0":"post-32659","1":"product","2":"type-product","3":"status-publish","4":"has-post-thumbnail","6":"product_cat-non-classe","7":"pa_brands-some-by-mi","9":"first","10":"instock","11":"shipping-taxable","12":"purchasable","13":"product-type-simple"},"yoast_head":"<!-- This site is optimized with the Yoast SEO plugin v27.5 - https:\/\/yoast.com\/product\/yoast-seo-wordpress\/ -->\n<title>SOME BY MI BYE BYE BLACKHEAD 30 DAYS MIRACLE GREEN TEA TOX BUBBLE CLEANSER 120G - paragaleriedetalborjt<\/title>\n<meta name=\"robots\" content=\"index, follow, max-snippet:-1, max-image-preview:large, max-video-preview:-1\" \/>\n<link rel=\"canonical\" href=\"https:\/\/paragaleriedetalborjt.com\/en\/boutique\/some-by-mi-bye-bye-blackhead-30-days-miracle-green-tea-tox-bubble-cleanser-120g\/\" \/>\n<meta property=\"og:locale\" content=\"en_US\" \/>\n<meta property=\"og:type\" content=\"article\" \/>\n<meta property=\"og:title\" content=\"SOME BY MI BYE BYE BLACKHEAD 30 DAYS MIRACLE GREEN TEA TOX BUBBLE CLEANSER 120G - paragaleriedetalborjt\" \/>\n<meta property=\"og:description\" content=\"Highlights:Gardez une peau nette gr\u00e2ce \u00e0 ce nettoyant \u00e0 bulles formul\u00e9 avec du th\u00e9 vert pour ses bienfaits antioxydants ainsi que du BHA d\u2019origine naturelle pour une exfoliation douce des points noirs et blancs. Il laisse \u00e9galement la peau hydrat\u00e9e et lui conf\u00e8re un \u00e9clat naturel et sain.\" \/>\n<meta property=\"og:url\" content=\"https:\/\/paragaleriedetalborjt.com\/en\/boutique\/some-by-mi-bye-bye-blackhead-30-days-miracle-green-tea-tox-bubble-cleanser-120g\/\" \/>\n<meta property=\"og:site_name\" content=\"paragaleriedetalborjt\" \/>\n<meta property=\"og:image\" content=\"https:\/\/paragaleriedetalborjt.com\/wp-content\/uploads\/2026\/01\/SOMEBYMI-BYEBYEBLACKHEAD.png\" \/>\n\t<meta property=\"og:image:width\" content=\"595\" \/>\n\t<meta property=\"og:image:height\" content=\"655\" \/>\n\t<meta property=\"og:image:type\" content=\"image\/png\" \/>\n<meta name=\"twitter:card\" content=\"summary_large_image\" \/>\n<meta name=\"twitter:label1\" content=\"Est. reading time\" \/>\n\t<meta name=\"twitter:data1\" content=\"1 minute\" \/>\n<script type=\"application\/ld+json\" class=\"yoast-schema-graph\">{\"@context\":\"https:\\\/\\\/schema.org\",\"@graph\":[{\"@type\":\"WebPage\",\"@id\":\"https:\\\/\\\/paragaleriedetalborjt.com\\\/boutique\\\/some-by-mi-bye-bye-blackhead-30-days-miracle-green-tea-tox-bubble-cleanser-120g\\\/\",\"url\":\"https:\\\/\\\/paragaleriedetalborjt.com\\\/boutique\\\/some-by-mi-bye-bye-blackhead-30-days-miracle-green-tea-tox-bubble-cleanser-120g\\\/\",\"name\":\"SOME BY MI BYE BYE BLACKHEAD 30 DAYS MIRACLE GREEN TEA TOX BUBBLE CLEANSER 120G - paragaleriedetalborjt\",\"isPartOf\":{\"@id\":\"https:\\\/\\\/paragaleriedetalborjt.com\\\/#website\"},\"primaryImageOfPage\":{\"@id\":\"https:\\\/\\\/paragaleriedetalborjt.com\\\/boutique\\\/some-by-mi-bye-bye-blackhead-30-days-miracle-green-tea-tox-bubble-cleanser-120g\\\/#primaryimage\"},\"image\":{\"@id\":\"https:\\\/\\\/paragaleriedetalborjt.com\\\/boutique\\\/some-by-mi-bye-bye-blackhead-30-days-miracle-green-tea-tox-bubble-cleanser-120g\\\/#primaryimage\"},\"thumbnailUrl\":\"https:\\\/\\\/paragaleriedetalborjt.com\\\/wp-content\\\/uploads\\\/2026\\\/01\\\/SOMEBYMI-BYEBYEBLACKHEAD.png\",\"datePublished\":\"2026-01-02T23:09:57+00:00\",\"breadcrumb\":{\"@id\":\"https:\\\/\\\/paragaleriedetalborjt.com\\\/boutique\\\/some-by-mi-bye-bye-blackhead-30-days-miracle-green-tea-tox-bubble-cleanser-120g\\\/#breadcrumb\"},\"inLanguage\":\"en-US\",\"potentialAction\":[{\"@type\":\"ReadAction\",\"target\":[\"https:\\\/\\\/paragaleriedetalborjt.com\\\/boutique\\\/some-by-mi-bye-bye-blackhead-30-days-miracle-green-tea-tox-bubble-cleanser-120g\\\/\"]}]},{\"@type\":\"ImageObject\",\"inLanguage\":\"en-US\",\"@id\":\"https:\\\/\\\/paragaleriedetalborjt.com\\\/boutique\\\/some-by-mi-bye-bye-blackhead-30-days-miracle-green-tea-tox-bubble-cleanser-120g\\\/#primaryimage\",\"url\":\"https:\\\/\\\/paragaleriedetalborjt.com\\\/wp-content\\\/uploads\\\/2026\\\/01\\\/SOMEBYMI-BYEBYEBLACKHEAD.png\",\"contentUrl\":\"https:\\\/\\\/paragaleriedetalborjt.com\\\/wp-content\\\/uploads\\\/2026\\\/01\\\/SOMEBYMI-BYEBYEBLACKHEAD.png\",\"width\":595,\"height\":655},{\"@type\":\"BreadcrumbList\",\"@id\":\"https:\\\/\\\/paragaleriedetalborjt.com\\\/boutique\\\/some-by-mi-bye-bye-blackhead-30-days-miracle-green-tea-tox-bubble-cleanser-120g\\\/#breadcrumb\",\"itemListElement\":[{\"@type\":\"ListItem\",\"position\":1,\"name\":\"Accueil\",\"item\":\"https:\\\/\\\/paragaleriedetalborjt.com\\\/\"},{\"@type\":\"ListItem\",\"position\":2,\"name\":\"Boutique\",\"item\":\"https:\\\/\\\/paragaleriedetalborjt.com\\\/boutique\\\/\"},{\"@type\":\"ListItem\",\"position\":3,\"name\":\"SOME BY MI BYE BYE BLACKHEAD 30 DAYS MIRACLE GREEN TEA TOX BUBBLE CLEANSER 120G\"}]},{\"@type\":\"WebSite\",\"@id\":\"https:\\\/\\\/paragaleriedetalborjt.com\\\/#website\",\"url\":\"https:\\\/\\\/paragaleriedetalborjt.com\\\/\",\"name\":\"paragaleriedetalborjt\",\"description\":\"\",\"potentialAction\":[{\"@type\":\"SearchAction\",\"target\":{\"@type\":\"EntryPoint\",\"urlTemplate\":\"https:\\\/\\\/paragaleriedetalborjt.com\\\/?s={search_term_string}\"},\"query-input\":{\"@type\":\"PropertyValueSpecification\",\"valueRequired\":true,\"valueName\":\"search_term_string\"}}],\"inLanguage\":\"en-US\"}]}<\/script>\n<!-- \/ Yoast SEO plugin. -->","yoast_head_json":{"title":"SOME BY MI BYE BYE BLACKHEAD 30 DAYS MIRACLE GREEN TEA TOX BUBBLE CLEANSER 120G - paragaleriedetalborjt","robots":{"index":"index","follow":"follow","max-snippet":"max-snippet:-1","max-image-preview":"max-image-preview:large","max-video-preview":"max-video-preview:-1"},"canonical":"https:\/\/paragaleriedetalborjt.com\/en\/boutique\/some-by-mi-bye-bye-blackhead-30-days-miracle-green-tea-tox-bubble-cleanser-120g\/","og_locale":"en_US","og_type":"article","og_title":"SOME BY MI BYE BYE BLACKHEAD 30 DAYS MIRACLE GREEN TEA TOX BUBBLE CLEANSER 120G - paragaleriedetalborjt","og_description":"Highlights:Gardez une peau nette gr\u00e2ce \u00e0 ce nettoyant \u00e0 bulles formul\u00e9 avec du th\u00e9 vert pour ses bienfaits antioxydants ainsi que du BHA d\u2019origine naturelle pour une exfoliation douce des points noirs et blancs. Il laisse \u00e9galement la peau hydrat\u00e9e et lui conf\u00e8re un \u00e9clat naturel et sain.","og_url":"https:\/\/paragaleriedetalborjt.com\/en\/boutique\/some-by-mi-bye-bye-blackhead-30-days-miracle-green-tea-tox-bubble-cleanser-120g\/","og_site_name":"paragaleriedetalborjt","og_image":[{"width":595,"height":655,"url":"https:\/\/paragaleriedetalborjt.com\/wp-content\/uploads\/2026\/01\/SOMEBYMI-BYEBYEBLACKHEAD.png","type":"image\/png"}],"twitter_card":"summary_large_image","twitter_misc":{"Est. reading time":"1 minute"},"schema":{"@context":"https:\/\/schema.org","@graph":[{"@type":"WebPage","@id":"https:\/\/paragaleriedetalborjt.com\/boutique\/some-by-mi-bye-bye-blackhead-30-days-miracle-green-tea-tox-bubble-cleanser-120g\/","url":"https:\/\/paragaleriedetalborjt.com\/boutique\/some-by-mi-bye-bye-blackhead-30-days-miracle-green-tea-tox-bubble-cleanser-120g\/","name":"SOME BY MI BYE BYE BLACKHEAD 30 DAYS MIRACLE GREEN TEA TOX BUBBLE CLEANSER 120G - paragaleriedetalborjt","isPartOf":{"@id":"https:\/\/paragaleriedetalborjt.com\/#website"},"primaryImageOfPage":{"@id":"https:\/\/paragaleriedetalborjt.com\/boutique\/some-by-mi-bye-bye-blackhead-30-days-miracle-green-tea-tox-bubble-cleanser-120g\/#primaryimage"},"image":{"@id":"https:\/\/paragaleriedetalborjt.com\/boutique\/some-by-mi-bye-bye-blackhead-30-days-miracle-green-tea-tox-bubble-cleanser-120g\/#primaryimage"},"thumbnailUrl":"https:\/\/paragaleriedetalborjt.com\/wp-content\/uploads\/2026\/01\/SOMEBYMI-BYEBYEBLACKHEAD.png","datePublished":"2026-01-02T23:09:57+00:00","breadcrumb":{"@id":"https:\/\/paragaleriedetalborjt.com\/boutique\/some-by-mi-bye-bye-blackhead-30-days-miracle-green-tea-tox-bubble-cleanser-120g\/#breadcrumb"},"inLanguage":"en-US","potentialAction":[{"@type":"ReadAction","target":["https:\/\/paragaleriedetalborjt.com\/boutique\/some-by-mi-bye-bye-blackhead-30-days-miracle-green-tea-tox-bubble-cleanser-120g\/"]}]},{"@type":"ImageObject","inLanguage":"en-US","@id":"https:\/\/paragaleriedetalborjt.com\/boutique\/some-by-mi-bye-bye-blackhead-30-days-miracle-green-tea-tox-bubble-cleanser-120g\/#primaryimage","url":"https:\/\/paragaleriedetalborjt.com\/wp-content\/uploads\/2026\/01\/SOMEBYMI-BYEBYEBLACKHEAD.png","contentUrl":"https:\/\/paragaleriedetalborjt.com\/wp-content\/uploads\/2026\/01\/SOMEBYMI-BYEBYEBLACKHEAD.png","width":595,"height":655},{"@type":"BreadcrumbList","@id":"https:\/\/paragaleriedetalborjt.com\/boutique\/some-by-mi-bye-bye-blackhead-30-days-miracle-green-tea-tox-bubble-cleanser-120g\/#breadcrumb","itemListElement":[{"@type":"ListItem","position":1,"name":"Accueil","item":"https:\/\/paragaleriedetalborjt.com\/"},{"@type":"ListItem","position":2,"name":"Boutique","item":"https:\/\/paragaleriedetalborjt.com\/boutique\/"},{"@type":"ListItem","position":3,"name":"SOME BY MI BYE BYE BLACKHEAD 30 DAYS MIRACLE GREEN TEA TOX BUBBLE CLEANSER 120G"}]},{"@type":"WebSite","@id":"https:\/\/paragaleriedetalborjt.com\/#website","url":"https:\/\/paragaleriedetalborjt.com\/","name":"paragaleriedetalborjt","description":"","potentialAction":[{"@type":"SearchAction","target":{"@type":"EntryPoint","urlTemplate":"https:\/\/paragaleriedetalborjt.com\/?s={search_term_string}"},"query-input":{"@type":"PropertyValueSpecification","valueRequired":true,"valueName":"search_term_string"}}],"inLanguage":"en-US"}]}},"brands":[],"_links":{"self":[{"href":"https:\/\/paragaleriedetalborjt.com\/en\/wp-json\/wp\/v2\/product\/32659","targetHints":{"allow":["GET"]}}],"collection":[{"href":"https:\/\/paragaleriedetalborjt.com\/en\/wp-json\/wp\/v2\/product"}],"about":[{"href":"https:\/\/paragaleriedetalborjt.com\/en\/wp-json\/wp\/v2\/types\/product"}],"replies":[{"embeddable":true,"href":"https:\/\/paragaleriedetalborjt.com\/en\/wp-json\/wp\/v2\/comments?post=32659"}],"version-history":[{"count":1,"href":"https:\/\/paragaleriedetalborjt.com\/en\/wp-json\/wp\/v2\/product\/32659\/revisions"}],"predecessor-version":[{"id":32662,"href":"https:\/\/paragaleriedetalborjt.com\/en\/wp-json\/wp\/v2\/product\/32659\/revisions\/32662"}],"wp:featuredmedia":[{"embeddable":true,"href":"https:\/\/paragaleriedetalborjt.com\/en\/wp-json\/wp\/v2\/media\/32660"}],"wp:attachment":[{"href":"https:\/\/paragaleriedetalborjt.com\/en\/wp-json\/wp\/v2\/media?parent=32659"}],"wp:term":[{"taxonomy":"pwb-brand","embeddable":true,"href":"https:\/\/paragaleriedetalborjt.com\/en\/wp-json\/wp\/v2\/pwb-brand?post=32659"},{"taxonomy":"product_cat","embeddable":true,"href":"https:\/\/paragaleriedetalborjt.com\/en\/wp-json\/wp\/v2\/product_cat?post=32659"},{"taxonomy":"product_tag","embeddable":true,"href":"https:\/\/paragaleriedetalborjt.com\/en\/wp-json\/wp\/v2\/product_tag?post=32659"}],"curies":[{"name":"wp","href":"https:\/\/api.w.org\/{rel}","templated":true}]}}