{"id":32647,"date":"2026-01-03T00:09:37","date_gmt":"2026-01-02T23:09:37","guid":{"rendered":"https:\/\/paragaleriedetalborjt.com\/?post_type=product&#038;p=32647"},"modified":"2026-01-03T00:09:37","modified_gmt":"2026-01-02T23:09:37","slug":"sejoy-pregnancy-test-grossesse-boite-de-5-tests","status":"publish","type":"product","link":"https:\/\/paragaleriedetalborjt.com\/en\/boutique\/sejoy-pregnancy-test-grossesse-boite-de-5-tests\/","title":{"rendered":"Sejoy Pregnancy Test Grossesse Boite de 5 tests"},"content":{"rendered":"<div aria-labelledby=\"tab-title-description\" class=\"woocommerce-Tabs-panel woocommerce-Tabs-panel--description panel entry-content wc-tab\" id=\"tab-description\" role=\"tabpanel\" style=\"\">\n<h2>Description<\/h2>\n<div class=\"flex flex-grow flex-col max-w-full\">\n<div class=\"min-h-[20px] text-message flex flex-col items-start whitespace-pre-wrap break-words [.text-message+&amp;]:mt-5 juice:w-full juice:items-end overflow-x-auto gap-2\" data-message-author-role=\"assistant\" data-message-id=\"eb72cbcc-89ce-4cb2-9578-7ac13a01a999\" dir=\"auto\">\n<div class=\"flex w-full flex-col gap-1 juice:empty:hidden juice:first:pt-[3px]\">\n<div class=\"markdown prose w-full break-words dark:prose-invert light\">\n<p>\u00a0Ces tests offrent une pr\u00e9cision de plus de 99 % d\u00e8s le premier jour de retard des r\u00e8gles. Con\u00e7us pour une utilisation \u00e0 domicile, ils sont simples \u00e0 manipuler avec des instructions claires et d\u00e9taill\u00e9es.<\/p>\n<p>Chaque test est emball\u00e9 individuellement pour garantir une hygi\u00e8ne optimale. Le r\u00e9sultat s\u2019affiche en quelques minutes, avec des indications visuelles nettes et compr\u00e9hensibles (une ligne pour n\u00e9gatif, deux lignes pour positif).<\/p>\n<p>Id\u00e9al pour les femmes souhaitant confirmer rapidement et discr\u00e8tement une grossesse potentielle<\/p>\n<\/div>\n<\/div>\n<\/div>\n<\/div>\n<div class=\"mt-1 flex gap-3 empty:hidden juice:-ml-3\">\n<div class=\"items-center justify-start rounded-xl p-1 flex\">\n<div class=\"flex items-center\">\n<div class=\"flex\"><\/div>\n<div class=\"flex items-center pb-0.5 juice:pb-0\">\n<div class=\"[&amp;_svg]:h-full [&amp;_svg]:w-full icon-md h-4 w-4\"><\/div>\n<\/div>\n<\/div>\n<\/div>\n<\/div>\n<\/div>\n","protected":false},"excerpt":{"rendered":"<p>Highlights:Le Sejoy Pregnancy Test est une bo\u00eete contenant 5 tests de grossesse fiables et faciles \u00e0 utiliser.<\/p>","protected":false},"featured_media":32648,"comment_status":"open","ping_status":"closed","template":"","meta":[],"pwb-brand":[],"product_cat":[16],"product_tag":[],"class_list":{"0":"post-32647","1":"product","2":"type-product","3":"status-publish","4":"has-post-thumbnail","6":"product_cat-non-classe","7":"pa_brands-sejoy","9":"first","10":"instock","11":"sale","12":"shipping-taxable","13":"purchasable","14":"product-type-simple"},"yoast_head":"<!-- This site is optimized with the Yoast SEO plugin v26.9 - https:\/\/yoast.com\/product\/yoast-seo-wordpress\/ -->\n<title>Sejoy Pregnancy Test Grossesse Boite de 5 tests - paragaleriedetalborjt<\/title>\n<meta name=\"robots\" content=\"index, follow, max-snippet:-1, max-image-preview:large, max-video-preview:-1\" \/>\n<link rel=\"canonical\" href=\"https:\/\/paragaleriedetalborjt.com\/en\/boutique\/sejoy-pregnancy-test-grossesse-boite-de-5-tests\/\" \/>\n<meta property=\"og:locale\" content=\"en_US\" \/>\n<meta property=\"og:type\" content=\"article\" \/>\n<meta property=\"og:title\" content=\"Sejoy Pregnancy Test Grossesse Boite de 5 tests - paragaleriedetalborjt\" \/>\n<meta property=\"og:description\" content=\"Highlights:Le Sejoy Pregnancy Test est une bo\u00eete contenant 5 tests de grossesse fiables et faciles \u00e0 utiliser.\" \/>\n<meta property=\"og:url\" content=\"https:\/\/paragaleriedetalborjt.com\/en\/boutique\/sejoy-pregnancy-test-grossesse-boite-de-5-tests\/\" \/>\n<meta property=\"og:site_name\" content=\"paragaleriedetalborjt\" \/>\n<meta property=\"og:image\" content=\"https:\/\/paragaleriedetalborjt.com\/wp-content\/uploads\/2026\/01\/Sejoy-Pregnancy-Test-grossesse-bte-de-5-teste-1-600x600-1.png\" \/>\n\t<meta property=\"og:image:width\" content=\"600\" \/>\n\t<meta property=\"og:image:height\" content=\"600\" \/>\n\t<meta property=\"og:image:type\" content=\"image\/png\" \/>\n<meta name=\"twitter:card\" content=\"summary_large_image\" \/>\n<script type=\"application\/ld+json\" class=\"yoast-schema-graph\">{\"@context\":\"https:\/\/schema.org\",\"@graph\":[{\"@type\":\"WebPage\",\"@id\":\"https:\/\/paragaleriedetalborjt.com\/boutique\/sejoy-pregnancy-test-grossesse-boite-de-5-tests\/\",\"url\":\"https:\/\/paragaleriedetalborjt.com\/boutique\/sejoy-pregnancy-test-grossesse-boite-de-5-tests\/\",\"name\":\"Sejoy Pregnancy Test Grossesse Boite de 5 tests - paragaleriedetalborjt\",\"isPartOf\":{\"@id\":\"https:\/\/paragaleriedetalborjt.com\/#website\"},\"primaryImageOfPage\":{\"@id\":\"https:\/\/paragaleriedetalborjt.com\/boutique\/sejoy-pregnancy-test-grossesse-boite-de-5-tests\/#primaryimage\"},\"image\":{\"@id\":\"https:\/\/paragaleriedetalborjt.com\/boutique\/sejoy-pregnancy-test-grossesse-boite-de-5-tests\/#primaryimage\"},\"thumbnailUrl\":\"https:\/\/paragaleriedetalborjt.com\/wp-content\/uploads\/2026\/01\/Sejoy-Pregnancy-Test-grossesse-bte-de-5-teste-1-600x600-1.png\",\"datePublished\":\"2026-01-02T23:09:37+00:00\",\"breadcrumb\":{\"@id\":\"https:\/\/paragaleriedetalborjt.com\/boutique\/sejoy-pregnancy-test-grossesse-boite-de-5-tests\/#breadcrumb\"},\"inLanguage\":\"en-US\",\"potentialAction\":[{\"@type\":\"ReadAction\",\"target\":[\"https:\/\/paragaleriedetalborjt.com\/boutique\/sejoy-pregnancy-test-grossesse-boite-de-5-tests\/\"]}]},{\"@type\":\"ImageObject\",\"inLanguage\":\"en-US\",\"@id\":\"https:\/\/paragaleriedetalborjt.com\/boutique\/sejoy-pregnancy-test-grossesse-boite-de-5-tests\/#primaryimage\",\"url\":\"https:\/\/paragaleriedetalborjt.com\/wp-content\/uploads\/2026\/01\/Sejoy-Pregnancy-Test-grossesse-bte-de-5-teste-1-600x600-1.png\",\"contentUrl\":\"https:\/\/paragaleriedetalborjt.com\/wp-content\/uploads\/2026\/01\/Sejoy-Pregnancy-Test-grossesse-bte-de-5-teste-1-600x600-1.png\",\"width\":600,\"height\":600},{\"@type\":\"BreadcrumbList\",\"@id\":\"https:\/\/paragaleriedetalborjt.com\/boutique\/sejoy-pregnancy-test-grossesse-boite-de-5-tests\/#breadcrumb\",\"itemListElement\":[{\"@type\":\"ListItem\",\"position\":1,\"name\":\"Accueil\",\"item\":\"https:\/\/paragaleriedetalborjt.com\/\"},{\"@type\":\"ListItem\",\"position\":2,\"name\":\"Boutique\",\"item\":\"https:\/\/paragaleriedetalborjt.com\/boutique\/\"},{\"@type\":\"ListItem\",\"position\":3,\"name\":\"Sejoy Pregnancy Test Grossesse Boite de 5 tests\"}]},{\"@type\":\"WebSite\",\"@id\":\"https:\/\/paragaleriedetalborjt.com\/#website\",\"url\":\"https:\/\/paragaleriedetalborjt.com\/\",\"name\":\"paragaleriedetalborjt\",\"description\":\"\",\"potentialAction\":[{\"@type\":\"SearchAction\",\"target\":{\"@type\":\"EntryPoint\",\"urlTemplate\":\"https:\/\/paragaleriedetalborjt.com\/?s={search_term_string}\"},\"query-input\":{\"@type\":\"PropertyValueSpecification\",\"valueRequired\":true,\"valueName\":\"search_term_string\"}}],\"inLanguage\":\"en-US\"}]}<\/script>\n<!-- \/ Yoast SEO plugin. -->","yoast_head_json":{"title":"Sejoy Pregnancy Test Grossesse Boite de 5 tests - paragaleriedetalborjt","robots":{"index":"index","follow":"follow","max-snippet":"max-snippet:-1","max-image-preview":"max-image-preview:large","max-video-preview":"max-video-preview:-1"},"canonical":"https:\/\/paragaleriedetalborjt.com\/en\/boutique\/sejoy-pregnancy-test-grossesse-boite-de-5-tests\/","og_locale":"en_US","og_type":"article","og_title":"Sejoy Pregnancy Test Grossesse Boite de 5 tests - paragaleriedetalborjt","og_description":"Highlights:Le Sejoy Pregnancy Test est une bo\u00eete contenant 5 tests de grossesse fiables et faciles \u00e0 utiliser.","og_url":"https:\/\/paragaleriedetalborjt.com\/en\/boutique\/sejoy-pregnancy-test-grossesse-boite-de-5-tests\/","og_site_name":"paragaleriedetalborjt","og_image":[{"width":600,"height":600,"url":"https:\/\/paragaleriedetalborjt.com\/wp-content\/uploads\/2026\/01\/Sejoy-Pregnancy-Test-grossesse-bte-de-5-teste-1-600x600-1.png","type":"image\/png"}],"twitter_card":"summary_large_image","schema":{"@context":"https:\/\/schema.org","@graph":[{"@type":"WebPage","@id":"https:\/\/paragaleriedetalborjt.com\/boutique\/sejoy-pregnancy-test-grossesse-boite-de-5-tests\/","url":"https:\/\/paragaleriedetalborjt.com\/boutique\/sejoy-pregnancy-test-grossesse-boite-de-5-tests\/","name":"Sejoy Pregnancy Test Grossesse Boite de 5 tests - paragaleriedetalborjt","isPartOf":{"@id":"https:\/\/paragaleriedetalborjt.com\/#website"},"primaryImageOfPage":{"@id":"https:\/\/paragaleriedetalborjt.com\/boutique\/sejoy-pregnancy-test-grossesse-boite-de-5-tests\/#primaryimage"},"image":{"@id":"https:\/\/paragaleriedetalborjt.com\/boutique\/sejoy-pregnancy-test-grossesse-boite-de-5-tests\/#primaryimage"},"thumbnailUrl":"https:\/\/paragaleriedetalborjt.com\/wp-content\/uploads\/2026\/01\/Sejoy-Pregnancy-Test-grossesse-bte-de-5-teste-1-600x600-1.png","datePublished":"2026-01-02T23:09:37+00:00","breadcrumb":{"@id":"https:\/\/paragaleriedetalborjt.com\/boutique\/sejoy-pregnancy-test-grossesse-boite-de-5-tests\/#breadcrumb"},"inLanguage":"en-US","potentialAction":[{"@type":"ReadAction","target":["https:\/\/paragaleriedetalborjt.com\/boutique\/sejoy-pregnancy-test-grossesse-boite-de-5-tests\/"]}]},{"@type":"ImageObject","inLanguage":"en-US","@id":"https:\/\/paragaleriedetalborjt.com\/boutique\/sejoy-pregnancy-test-grossesse-boite-de-5-tests\/#primaryimage","url":"https:\/\/paragaleriedetalborjt.com\/wp-content\/uploads\/2026\/01\/Sejoy-Pregnancy-Test-grossesse-bte-de-5-teste-1-600x600-1.png","contentUrl":"https:\/\/paragaleriedetalborjt.com\/wp-content\/uploads\/2026\/01\/Sejoy-Pregnancy-Test-grossesse-bte-de-5-teste-1-600x600-1.png","width":600,"height":600},{"@type":"BreadcrumbList","@id":"https:\/\/paragaleriedetalborjt.com\/boutique\/sejoy-pregnancy-test-grossesse-boite-de-5-tests\/#breadcrumb","itemListElement":[{"@type":"ListItem","position":1,"name":"Accueil","item":"https:\/\/paragaleriedetalborjt.com\/"},{"@type":"ListItem","position":2,"name":"Boutique","item":"https:\/\/paragaleriedetalborjt.com\/boutique\/"},{"@type":"ListItem","position":3,"name":"Sejoy Pregnancy Test Grossesse Boite de 5 tests"}]},{"@type":"WebSite","@id":"https:\/\/paragaleriedetalborjt.com\/#website","url":"https:\/\/paragaleriedetalborjt.com\/","name":"paragaleriedetalborjt","description":"","potentialAction":[{"@type":"SearchAction","target":{"@type":"EntryPoint","urlTemplate":"https:\/\/paragaleriedetalborjt.com\/?s={search_term_string}"},"query-input":{"@type":"PropertyValueSpecification","valueRequired":true,"valueName":"search_term_string"}}],"inLanguage":"en-US"}]}},"brands":[],"_links":{"self":[{"href":"https:\/\/paragaleriedetalborjt.com\/en\/wp-json\/wp\/v2\/product\/32647","targetHints":{"allow":["GET"]}}],"collection":[{"href":"https:\/\/paragaleriedetalborjt.com\/en\/wp-json\/wp\/v2\/product"}],"about":[{"href":"https:\/\/paragaleriedetalborjt.com\/en\/wp-json\/wp\/v2\/types\/product"}],"replies":[{"embeddable":true,"href":"https:\/\/paragaleriedetalborjt.com\/en\/wp-json\/wp\/v2\/comments?post=32647"}],"version-history":[{"count":1,"href":"https:\/\/paragaleriedetalborjt.com\/en\/wp-json\/wp\/v2\/product\/32647\/revisions"}],"predecessor-version":[{"id":32649,"href":"https:\/\/paragaleriedetalborjt.com\/en\/wp-json\/wp\/v2\/product\/32647\/revisions\/32649"}],"wp:featuredmedia":[{"embeddable":true,"href":"https:\/\/paragaleriedetalborjt.com\/en\/wp-json\/wp\/v2\/media\/32648"}],"wp:attachment":[{"href":"https:\/\/paragaleriedetalborjt.com\/en\/wp-json\/wp\/v2\/media?parent=32647"}],"wp:term":[{"taxonomy":"pwb-brand","embeddable":true,"href":"https:\/\/paragaleriedetalborjt.com\/en\/wp-json\/wp\/v2\/pwb-brand?post=32647"},{"taxonomy":"product_cat","embeddable":true,"href":"https:\/\/paragaleriedetalborjt.com\/en\/wp-json\/wp\/v2\/product_cat?post=32647"},{"taxonomy":"product_tag","embeddable":true,"href":"https:\/\/paragaleriedetalborjt.com\/en\/wp-json\/wp\/v2\/product_tag?post=32647"}],"curies":[{"name":"wp","href":"https:\/\/api.w.org\/{rel}","templated":true}]}}