{"id":32416,"date":"2026-01-03T00:03:17","date_gmt":"2026-01-02T23:03:17","guid":{"rendered":"https:\/\/paragaleriedetalborjt.com\/?post_type=product&#038;p=32416"},"modified":"2026-01-03T00:03:17","modified_gmt":"2026-01-02T23:03:17","slug":"philips-seche-cheveux-serie-3000-bhd302-10","status":"publish","type":"product","link":"https:\/\/paragaleriedetalborjt.com\/en\/boutique\/philips-seche-cheveux-serie-3000-bhd302-10\/","title":{"rendered":"Philips Seche-cheveux serie 3000 BHD302\/10"},"content":{"rendered":"<div aria-labelledby=\"tab-title-description\" class=\"woocommerce-Tabs-panel woocommerce-Tabs-panel--description panel entry-content wc-tab\" id=\"tab-description\" role=\"tabpanel\" style=\"\">\n<h2>Description<\/h2>\n<p><strong>1 600 W de puissance de s\u00e9chage<\/strong><br \/>\nCe s\u00e8che-cheveux de 1 600 W produit un flux d\u2019air optimal, pour des r\u00e9sultats exceptionnels tous les jours.<\/p>\n<p><strong>Accessoire ThermoProtect<\/strong><br \/>\nL\u2019accessoire ThermoProtect sp\u00e9cialement con\u00e7u cr\u00e9e un puissant m\u00e9lange d\u2019air chaud et froid, pour des cheveux pr\u00e9serv\u00e9s au quotidien. Il fait baisser la temp\u00e9rature de 10 \u00b0C tout en continuant \u00e0 s\u00e9cher vos cheveux rapidement.<\/p>\n<p><strong>3 r\u00e9glages de temp\u00e9rature et vitesse<\/strong><br \/>\nCe s\u00e8che-cheveux offre 3 combinaisons de temp\u00e9rature\/vitesse pr\u00e9s\u00e9lectionn\u00e9es, pour une coiffure impeccable rapidement et facilement.<\/p>\n<\/div>","protected":false},"excerpt":{"rendered":"<p>Highlights:Un s\u00e9chage puissant \u00e0 plus basse temp\u00e9ratureL\u2019accessoire ThermoProtect sp\u00e9cialement con\u00e7u cr\u00e9e un puissant m\u00e9lange d\u2019air chaud et froid, pour des cheveux pr\u00e9serv\u00e9s au quotidien.<\/p>","protected":false},"featured_media":32417,"comment_status":"open","ping_status":"closed","template":"","meta":[],"pwb-brand":[],"product_cat":[16],"product_tag":[],"class_list":{"0":"post-32416","1":"product","2":"type-product","3":"status-publish","4":"has-post-thumbnail","6":"product_cat-non-classe","7":"pa_brands-philips","9":"first","10":"instock","11":"sale","12":"shipping-taxable","13":"purchasable","14":"product-type-simple"},"yoast_head":"<!-- This site is optimized with the Yoast SEO plugin v26.9 - https:\/\/yoast.com\/product\/yoast-seo-wordpress\/ -->\n<title>Philips Seche-cheveux serie 3000 BHD302\/10 - paragaleriedetalborjt<\/title>\n<meta name=\"robots\" content=\"index, follow, max-snippet:-1, max-image-preview:large, max-video-preview:-1\" \/>\n<link rel=\"canonical\" href=\"https:\/\/paragaleriedetalborjt.com\/en\/boutique\/philips-seche-cheveux-serie-3000-bhd302-10\/\" \/>\n<meta property=\"og:locale\" content=\"en_US\" \/>\n<meta property=\"og:type\" content=\"article\" \/>\n<meta property=\"og:title\" content=\"Philips Seche-cheveux serie 3000 BHD302\/10 - paragaleriedetalborjt\" \/>\n<meta property=\"og:description\" content=\"Highlights:Un s\u00e9chage puissant \u00e0 plus basse temp\u00e9ratureL\u2019accessoire ThermoProtect sp\u00e9cialement con\u00e7u cr\u00e9e un puissant m\u00e9lange d\u2019air chaud et froid, pour des cheveux pr\u00e9serv\u00e9s au quotidien.\" \/>\n<meta property=\"og:url\" content=\"https:\/\/paragaleriedetalborjt.com\/en\/boutique\/philips-seche-cheveux-serie-3000-bhd302-10\/\" \/>\n<meta property=\"og:site_name\" content=\"paragaleriedetalborjt\" \/>\n<meta property=\"og:image\" content=\"https:\/\/paragaleriedetalborjt.com\/wp-content\/uploads\/2026\/01\/Philips-Seche-cheveux-serie-3000-BHD30210.jpg\" \/>\n\t<meta property=\"og:image:width\" content=\"594\" \/>\n\t<meta property=\"og:image:height\" content=\"654\" \/>\n\t<meta property=\"og:image:type\" content=\"image\/jpeg\" \/>\n<meta name=\"twitter:card\" content=\"summary_large_image\" \/>\n<script type=\"application\/ld+json\" class=\"yoast-schema-graph\">{\"@context\":\"https:\/\/schema.org\",\"@graph\":[{\"@type\":\"WebPage\",\"@id\":\"https:\/\/paragaleriedetalborjt.com\/boutique\/philips-seche-cheveux-serie-3000-bhd302-10\/\",\"url\":\"https:\/\/paragaleriedetalborjt.com\/boutique\/philips-seche-cheveux-serie-3000-bhd302-10\/\",\"name\":\"Philips Seche-cheveux serie 3000 BHD302\/10 - paragaleriedetalborjt\",\"isPartOf\":{\"@id\":\"https:\/\/paragaleriedetalborjt.com\/#website\"},\"primaryImageOfPage\":{\"@id\":\"https:\/\/paragaleriedetalborjt.com\/boutique\/philips-seche-cheveux-serie-3000-bhd302-10\/#primaryimage\"},\"image\":{\"@id\":\"https:\/\/paragaleriedetalborjt.com\/boutique\/philips-seche-cheveux-serie-3000-bhd302-10\/#primaryimage\"},\"thumbnailUrl\":\"https:\/\/paragaleriedetalborjt.com\/wp-content\/uploads\/2026\/01\/Philips-Seche-cheveux-serie-3000-BHD30210.jpg\",\"datePublished\":\"2026-01-02T23:03:17+00:00\",\"breadcrumb\":{\"@id\":\"https:\/\/paragaleriedetalborjt.com\/boutique\/philips-seche-cheveux-serie-3000-bhd302-10\/#breadcrumb\"},\"inLanguage\":\"en-US\",\"potentialAction\":[{\"@type\":\"ReadAction\",\"target\":[\"https:\/\/paragaleriedetalborjt.com\/boutique\/philips-seche-cheveux-serie-3000-bhd302-10\/\"]}]},{\"@type\":\"ImageObject\",\"inLanguage\":\"en-US\",\"@id\":\"https:\/\/paragaleriedetalborjt.com\/boutique\/philips-seche-cheveux-serie-3000-bhd302-10\/#primaryimage\",\"url\":\"https:\/\/paragaleriedetalborjt.com\/wp-content\/uploads\/2026\/01\/Philips-Seche-cheveux-serie-3000-BHD30210.jpg\",\"contentUrl\":\"https:\/\/paragaleriedetalborjt.com\/wp-content\/uploads\/2026\/01\/Philips-Seche-cheveux-serie-3000-BHD30210.jpg\",\"width\":594,\"height\":654},{\"@type\":\"BreadcrumbList\",\"@id\":\"https:\/\/paragaleriedetalborjt.com\/boutique\/philips-seche-cheveux-serie-3000-bhd302-10\/#breadcrumb\",\"itemListElement\":[{\"@type\":\"ListItem\",\"position\":1,\"name\":\"Accueil\",\"item\":\"https:\/\/paragaleriedetalborjt.com\/\"},{\"@type\":\"ListItem\",\"position\":2,\"name\":\"Boutique\",\"item\":\"https:\/\/paragaleriedetalborjt.com\/boutique\/\"},{\"@type\":\"ListItem\",\"position\":3,\"name\":\"Philips Seche-cheveux serie 3000 BHD302\/10\"}]},{\"@type\":\"WebSite\",\"@id\":\"https:\/\/paragaleriedetalborjt.com\/#website\",\"url\":\"https:\/\/paragaleriedetalborjt.com\/\",\"name\":\"paragaleriedetalborjt\",\"description\":\"\",\"potentialAction\":[{\"@type\":\"SearchAction\",\"target\":{\"@type\":\"EntryPoint\",\"urlTemplate\":\"https:\/\/paragaleriedetalborjt.com\/?s={search_term_string}\"},\"query-input\":{\"@type\":\"PropertyValueSpecification\",\"valueRequired\":true,\"valueName\":\"search_term_string\"}}],\"inLanguage\":\"en-US\"}]}<\/script>\n<!-- \/ Yoast SEO plugin. -->","yoast_head_json":{"title":"Philips Seche-cheveux serie 3000 BHD302\/10 - paragaleriedetalborjt","robots":{"index":"index","follow":"follow","max-snippet":"max-snippet:-1","max-image-preview":"max-image-preview:large","max-video-preview":"max-video-preview:-1"},"canonical":"https:\/\/paragaleriedetalborjt.com\/en\/boutique\/philips-seche-cheveux-serie-3000-bhd302-10\/","og_locale":"en_US","og_type":"article","og_title":"Philips Seche-cheveux serie 3000 BHD302\/10 - paragaleriedetalborjt","og_description":"Highlights:Un s\u00e9chage puissant \u00e0 plus basse temp\u00e9ratureL\u2019accessoire ThermoProtect sp\u00e9cialement con\u00e7u cr\u00e9e un puissant m\u00e9lange d\u2019air chaud et froid, pour des cheveux pr\u00e9serv\u00e9s au quotidien.","og_url":"https:\/\/paragaleriedetalborjt.com\/en\/boutique\/philips-seche-cheveux-serie-3000-bhd302-10\/","og_site_name":"paragaleriedetalborjt","og_image":[{"width":594,"height":654,"url":"https:\/\/paragaleriedetalborjt.com\/wp-content\/uploads\/2026\/01\/Philips-Seche-cheveux-serie-3000-BHD30210.jpg","type":"image\/jpeg"}],"twitter_card":"summary_large_image","schema":{"@context":"https:\/\/schema.org","@graph":[{"@type":"WebPage","@id":"https:\/\/paragaleriedetalborjt.com\/boutique\/philips-seche-cheveux-serie-3000-bhd302-10\/","url":"https:\/\/paragaleriedetalborjt.com\/boutique\/philips-seche-cheveux-serie-3000-bhd302-10\/","name":"Philips Seche-cheveux serie 3000 BHD302\/10 - paragaleriedetalborjt","isPartOf":{"@id":"https:\/\/paragaleriedetalborjt.com\/#website"},"primaryImageOfPage":{"@id":"https:\/\/paragaleriedetalborjt.com\/boutique\/philips-seche-cheveux-serie-3000-bhd302-10\/#primaryimage"},"image":{"@id":"https:\/\/paragaleriedetalborjt.com\/boutique\/philips-seche-cheveux-serie-3000-bhd302-10\/#primaryimage"},"thumbnailUrl":"https:\/\/paragaleriedetalborjt.com\/wp-content\/uploads\/2026\/01\/Philips-Seche-cheveux-serie-3000-BHD30210.jpg","datePublished":"2026-01-02T23:03:17+00:00","breadcrumb":{"@id":"https:\/\/paragaleriedetalborjt.com\/boutique\/philips-seche-cheveux-serie-3000-bhd302-10\/#breadcrumb"},"inLanguage":"en-US","potentialAction":[{"@type":"ReadAction","target":["https:\/\/paragaleriedetalborjt.com\/boutique\/philips-seche-cheveux-serie-3000-bhd302-10\/"]}]},{"@type":"ImageObject","inLanguage":"en-US","@id":"https:\/\/paragaleriedetalborjt.com\/boutique\/philips-seche-cheveux-serie-3000-bhd302-10\/#primaryimage","url":"https:\/\/paragaleriedetalborjt.com\/wp-content\/uploads\/2026\/01\/Philips-Seche-cheveux-serie-3000-BHD30210.jpg","contentUrl":"https:\/\/paragaleriedetalborjt.com\/wp-content\/uploads\/2026\/01\/Philips-Seche-cheveux-serie-3000-BHD30210.jpg","width":594,"height":654},{"@type":"BreadcrumbList","@id":"https:\/\/paragaleriedetalborjt.com\/boutique\/philips-seche-cheveux-serie-3000-bhd302-10\/#breadcrumb","itemListElement":[{"@type":"ListItem","position":1,"name":"Accueil","item":"https:\/\/paragaleriedetalborjt.com\/"},{"@type":"ListItem","position":2,"name":"Boutique","item":"https:\/\/paragaleriedetalborjt.com\/boutique\/"},{"@type":"ListItem","position":3,"name":"Philips Seche-cheveux serie 3000 BHD302\/10"}]},{"@type":"WebSite","@id":"https:\/\/paragaleriedetalborjt.com\/#website","url":"https:\/\/paragaleriedetalborjt.com\/","name":"paragaleriedetalborjt","description":"","potentialAction":[{"@type":"SearchAction","target":{"@type":"EntryPoint","urlTemplate":"https:\/\/paragaleriedetalborjt.com\/?s={search_term_string}"},"query-input":{"@type":"PropertyValueSpecification","valueRequired":true,"valueName":"search_term_string"}}],"inLanguage":"en-US"}]}},"brands":[],"_links":{"self":[{"href":"https:\/\/paragaleriedetalborjt.com\/en\/wp-json\/wp\/v2\/product\/32416","targetHints":{"allow":["GET"]}}],"collection":[{"href":"https:\/\/paragaleriedetalborjt.com\/en\/wp-json\/wp\/v2\/product"}],"about":[{"href":"https:\/\/paragaleriedetalborjt.com\/en\/wp-json\/wp\/v2\/types\/product"}],"replies":[{"embeddable":true,"href":"https:\/\/paragaleriedetalborjt.com\/en\/wp-json\/wp\/v2\/comments?post=32416"}],"version-history":[{"count":1,"href":"https:\/\/paragaleriedetalborjt.com\/en\/wp-json\/wp\/v2\/product\/32416\/revisions"}],"predecessor-version":[{"id":32418,"href":"https:\/\/paragaleriedetalborjt.com\/en\/wp-json\/wp\/v2\/product\/32416\/revisions\/32418"}],"wp:featuredmedia":[{"embeddable":true,"href":"https:\/\/paragaleriedetalborjt.com\/en\/wp-json\/wp\/v2\/media\/32417"}],"wp:attachment":[{"href":"https:\/\/paragaleriedetalborjt.com\/en\/wp-json\/wp\/v2\/media?parent=32416"}],"wp:term":[{"taxonomy":"pwb-brand","embeddable":true,"href":"https:\/\/paragaleriedetalborjt.com\/en\/wp-json\/wp\/v2\/pwb-brand?post=32416"},{"taxonomy":"product_cat","embeddable":true,"href":"https:\/\/paragaleriedetalborjt.com\/en\/wp-json\/wp\/v2\/product_cat?post=32416"},{"taxonomy":"product_tag","embeddable":true,"href":"https:\/\/paragaleriedetalborjt.com\/en\/wp-json\/wp\/v2\/product_tag?post=32416"}],"curies":[{"name":"wp","href":"https:\/\/api.w.org\/{rel}","templated":true}]}}