{"id":32386,"date":"2026-01-03T00:02:33","date_gmt":"2026-01-02T23:02:33","guid":{"rendered":"https:\/\/paragaleriedetalborjt.com\/?post_type=product&#038;p=32386"},"modified":"2026-01-03T00:02:33","modified_gmt":"2026-01-02T23:02:33","slug":"philips-5000-series-seche-cheveux-bhd500-00","status":"publish","type":"product","link":"https:\/\/paragaleriedetalborjt.com\/en\/boutique\/philips-5000-series-seche-cheveux-bhd500-00\/","title":{"rendered":"PHILIPS 5000 Series S\u00e8che-cheveux BHD500\/00"},"content":{"rendered":"<div aria-labelledby=\"tab-title-description\" class=\"woocommerce-Tabs-panel woocommerce-Tabs-panel--description panel entry-content wc-tab\" id=\"tab-description\" role=\"tabpanel\" style=\"\">\n<h2>Description<\/h2>\n<p><strong>Technologie de protection thermique pour prot\u00e9ger de la chaleur<\/strong><\/p>\n<p>Le capteur de surchauffe contr\u00f4le et optimise activement la temp\u00e9rature de l\u2019air, prot\u00e9geant ainsi vos cheveux des dommages** caus\u00e9s par la surchauffe. S\u00e9chez-vous les cheveux sans stresser gr\u00e2ce \u00e0 la technologie de protection thermique.<\/p>\n<p><strong>S\u00e9chage rapide pour des r\u00e9sultats professionnels \u00e0 2 100 W<\/strong><\/p>\n<p>Ce s\u00e8che-cheveux de 2 100 W produit un flux d\u2019air puissant. Il combine puissance et vitesse pour vous permettre de s\u00e9cher et styliser vos cheveux encore plus rapidement et facilement.<\/p>\n<p><strong>Fonction ionique doubl\u00e9e* pour des cheveux brillants et sans frisottis<\/strong><\/p>\n<p>Ce puissant syst\u00e8me ionique produit jusqu\u2019\u00e0 40 millions d\u2019ions par s\u00e9ance de s\u00e9chage, pour intensifier l\u2019\u00e9clat de vos cheveux. Ils sont brillants et sans frisottis.<\/p>\n<p>\u00a0<\/p>\n<\/div>","protected":false},"excerpt":{"rendered":"<p>Highlights:Un s\u00e9chage rapide sans dommages thermiques**<\/p>","protected":false},"featured_media":32387,"comment_status":"open","ping_status":"closed","template":"","meta":[],"pwb-brand":[],"product_cat":[16],"product_tag":[],"class_list":{"0":"post-32386","1":"product","2":"type-product","3":"status-publish","4":"has-post-thumbnail","6":"product_cat-non-classe","7":"pa_brands-philips","9":"first","10":"instock","11":"sale","12":"shipping-taxable","13":"purchasable","14":"product-type-simple"},"yoast_head":"<!-- This site is optimized with the Yoast SEO plugin v26.9 - https:\/\/yoast.com\/product\/yoast-seo-wordpress\/ -->\n<title>PHILIPS 5000 Series S\u00e8che-cheveux BHD500\/00 - paragaleriedetalborjt<\/title>\n<meta name=\"robots\" content=\"index, follow, max-snippet:-1, max-image-preview:large, max-video-preview:-1\" \/>\n<link rel=\"canonical\" href=\"https:\/\/paragaleriedetalborjt.com\/en\/boutique\/philips-5000-series-seche-cheveux-bhd500-00\/\" \/>\n<meta property=\"og:locale\" content=\"en_US\" \/>\n<meta property=\"og:type\" content=\"article\" \/>\n<meta property=\"og:title\" content=\"PHILIPS 5000 Series S\u00e8che-cheveux BHD500\/00 - paragaleriedetalborjt\" \/>\n<meta property=\"og:description\" content=\"Highlights:Un s\u00e9chage rapide sans dommages thermiques**\" \/>\n<meta property=\"og:url\" content=\"https:\/\/paragaleriedetalborjt.com\/en\/boutique\/philips-5000-series-seche-cheveux-bhd500-00\/\" \/>\n<meta property=\"og:site_name\" content=\"paragaleriedetalborjt\" \/>\n<meta property=\"og:image\" content=\"https:\/\/paragaleriedetalborjt.com\/wp-content\/uploads\/2026\/01\/philips-seche-cheveux-serie-5000.jpg\" \/>\n\t<meta property=\"og:image:width\" content=\"595\" \/>\n\t<meta property=\"og:image:height\" content=\"655\" \/>\n\t<meta property=\"og:image:type\" content=\"image\/jpeg\" \/>\n<meta name=\"twitter:card\" content=\"summary_large_image\" \/>\n<meta name=\"twitter:label1\" content=\"Est. reading time\" \/>\n\t<meta name=\"twitter:data1\" content=\"1 minute\" \/>\n<script type=\"application\/ld+json\" class=\"yoast-schema-graph\">{\"@context\":\"https:\/\/schema.org\",\"@graph\":[{\"@type\":\"WebPage\",\"@id\":\"https:\/\/paragaleriedetalborjt.com\/boutique\/philips-5000-series-seche-cheveux-bhd500-00\/\",\"url\":\"https:\/\/paragaleriedetalborjt.com\/boutique\/philips-5000-series-seche-cheveux-bhd500-00\/\",\"name\":\"PHILIPS 5000 Series S\u00e8che-cheveux BHD500\/00 - paragaleriedetalborjt\",\"isPartOf\":{\"@id\":\"https:\/\/paragaleriedetalborjt.com\/#website\"},\"primaryImageOfPage\":{\"@id\":\"https:\/\/paragaleriedetalborjt.com\/boutique\/philips-5000-series-seche-cheveux-bhd500-00\/#primaryimage\"},\"image\":{\"@id\":\"https:\/\/paragaleriedetalborjt.com\/boutique\/philips-5000-series-seche-cheveux-bhd500-00\/#primaryimage\"},\"thumbnailUrl\":\"https:\/\/paragaleriedetalborjt.com\/wp-content\/uploads\/2026\/01\/philips-seche-cheveux-serie-5000.jpg\",\"datePublished\":\"2026-01-02T23:02:33+00:00\",\"breadcrumb\":{\"@id\":\"https:\/\/paragaleriedetalborjt.com\/boutique\/philips-5000-series-seche-cheveux-bhd500-00\/#breadcrumb\"},\"inLanguage\":\"en-US\",\"potentialAction\":[{\"@type\":\"ReadAction\",\"target\":[\"https:\/\/paragaleriedetalborjt.com\/boutique\/philips-5000-series-seche-cheveux-bhd500-00\/\"]}]},{\"@type\":\"ImageObject\",\"inLanguage\":\"en-US\",\"@id\":\"https:\/\/paragaleriedetalborjt.com\/boutique\/philips-5000-series-seche-cheveux-bhd500-00\/#primaryimage\",\"url\":\"https:\/\/paragaleriedetalborjt.com\/wp-content\/uploads\/2026\/01\/philips-seche-cheveux-serie-5000.jpg\",\"contentUrl\":\"https:\/\/paragaleriedetalborjt.com\/wp-content\/uploads\/2026\/01\/philips-seche-cheveux-serie-5000.jpg\",\"width\":595,\"height\":655},{\"@type\":\"BreadcrumbList\",\"@id\":\"https:\/\/paragaleriedetalborjt.com\/boutique\/philips-5000-series-seche-cheveux-bhd500-00\/#breadcrumb\",\"itemListElement\":[{\"@type\":\"ListItem\",\"position\":1,\"name\":\"Accueil\",\"item\":\"https:\/\/paragaleriedetalborjt.com\/\"},{\"@type\":\"ListItem\",\"position\":2,\"name\":\"Boutique\",\"item\":\"https:\/\/paragaleriedetalborjt.com\/boutique\/\"},{\"@type\":\"ListItem\",\"position\":3,\"name\":\"PHILIPS 5000 Series S\u00e8che-cheveux BHD500\/00\"}]},{\"@type\":\"WebSite\",\"@id\":\"https:\/\/paragaleriedetalborjt.com\/#website\",\"url\":\"https:\/\/paragaleriedetalborjt.com\/\",\"name\":\"paragaleriedetalborjt\",\"description\":\"\",\"potentialAction\":[{\"@type\":\"SearchAction\",\"target\":{\"@type\":\"EntryPoint\",\"urlTemplate\":\"https:\/\/paragaleriedetalborjt.com\/?s={search_term_string}\"},\"query-input\":{\"@type\":\"PropertyValueSpecification\",\"valueRequired\":true,\"valueName\":\"search_term_string\"}}],\"inLanguage\":\"en-US\"}]}<\/script>\n<!-- \/ Yoast SEO plugin. -->","yoast_head_json":{"title":"PHILIPS 5000 Series S\u00e8che-cheveux BHD500\/00 - paragaleriedetalborjt","robots":{"index":"index","follow":"follow","max-snippet":"max-snippet:-1","max-image-preview":"max-image-preview:large","max-video-preview":"max-video-preview:-1"},"canonical":"https:\/\/paragaleriedetalborjt.com\/en\/boutique\/philips-5000-series-seche-cheveux-bhd500-00\/","og_locale":"en_US","og_type":"article","og_title":"PHILIPS 5000 Series S\u00e8che-cheveux BHD500\/00 - paragaleriedetalborjt","og_description":"Highlights:Un s\u00e9chage rapide sans dommages thermiques**","og_url":"https:\/\/paragaleriedetalborjt.com\/en\/boutique\/philips-5000-series-seche-cheveux-bhd500-00\/","og_site_name":"paragaleriedetalborjt","og_image":[{"width":595,"height":655,"url":"https:\/\/paragaleriedetalborjt.com\/wp-content\/uploads\/2026\/01\/philips-seche-cheveux-serie-5000.jpg","type":"image\/jpeg"}],"twitter_card":"summary_large_image","twitter_misc":{"Est. reading time":"1 minute"},"schema":{"@context":"https:\/\/schema.org","@graph":[{"@type":"WebPage","@id":"https:\/\/paragaleriedetalborjt.com\/boutique\/philips-5000-series-seche-cheveux-bhd500-00\/","url":"https:\/\/paragaleriedetalborjt.com\/boutique\/philips-5000-series-seche-cheveux-bhd500-00\/","name":"PHILIPS 5000 Series S\u00e8che-cheveux BHD500\/00 - paragaleriedetalborjt","isPartOf":{"@id":"https:\/\/paragaleriedetalborjt.com\/#website"},"primaryImageOfPage":{"@id":"https:\/\/paragaleriedetalborjt.com\/boutique\/philips-5000-series-seche-cheveux-bhd500-00\/#primaryimage"},"image":{"@id":"https:\/\/paragaleriedetalborjt.com\/boutique\/philips-5000-series-seche-cheveux-bhd500-00\/#primaryimage"},"thumbnailUrl":"https:\/\/paragaleriedetalborjt.com\/wp-content\/uploads\/2026\/01\/philips-seche-cheveux-serie-5000.jpg","datePublished":"2026-01-02T23:02:33+00:00","breadcrumb":{"@id":"https:\/\/paragaleriedetalborjt.com\/boutique\/philips-5000-series-seche-cheveux-bhd500-00\/#breadcrumb"},"inLanguage":"en-US","potentialAction":[{"@type":"ReadAction","target":["https:\/\/paragaleriedetalborjt.com\/boutique\/philips-5000-series-seche-cheveux-bhd500-00\/"]}]},{"@type":"ImageObject","inLanguage":"en-US","@id":"https:\/\/paragaleriedetalborjt.com\/boutique\/philips-5000-series-seche-cheveux-bhd500-00\/#primaryimage","url":"https:\/\/paragaleriedetalborjt.com\/wp-content\/uploads\/2026\/01\/philips-seche-cheveux-serie-5000.jpg","contentUrl":"https:\/\/paragaleriedetalborjt.com\/wp-content\/uploads\/2026\/01\/philips-seche-cheveux-serie-5000.jpg","width":595,"height":655},{"@type":"BreadcrumbList","@id":"https:\/\/paragaleriedetalborjt.com\/boutique\/philips-5000-series-seche-cheveux-bhd500-00\/#breadcrumb","itemListElement":[{"@type":"ListItem","position":1,"name":"Accueil","item":"https:\/\/paragaleriedetalborjt.com\/"},{"@type":"ListItem","position":2,"name":"Boutique","item":"https:\/\/paragaleriedetalborjt.com\/boutique\/"},{"@type":"ListItem","position":3,"name":"PHILIPS 5000 Series S\u00e8che-cheveux BHD500\/00"}]},{"@type":"WebSite","@id":"https:\/\/paragaleriedetalborjt.com\/#website","url":"https:\/\/paragaleriedetalborjt.com\/","name":"paragaleriedetalborjt","description":"","potentialAction":[{"@type":"SearchAction","target":{"@type":"EntryPoint","urlTemplate":"https:\/\/paragaleriedetalborjt.com\/?s={search_term_string}"},"query-input":{"@type":"PropertyValueSpecification","valueRequired":true,"valueName":"search_term_string"}}],"inLanguage":"en-US"}]}},"brands":[],"_links":{"self":[{"href":"https:\/\/paragaleriedetalborjt.com\/en\/wp-json\/wp\/v2\/product\/32386","targetHints":{"allow":["GET"]}}],"collection":[{"href":"https:\/\/paragaleriedetalborjt.com\/en\/wp-json\/wp\/v2\/product"}],"about":[{"href":"https:\/\/paragaleriedetalborjt.com\/en\/wp-json\/wp\/v2\/types\/product"}],"replies":[{"embeddable":true,"href":"https:\/\/paragaleriedetalborjt.com\/en\/wp-json\/wp\/v2\/comments?post=32386"}],"version-history":[{"count":1,"href":"https:\/\/paragaleriedetalborjt.com\/en\/wp-json\/wp\/v2\/product\/32386\/revisions"}],"predecessor-version":[{"id":32388,"href":"https:\/\/paragaleriedetalborjt.com\/en\/wp-json\/wp\/v2\/product\/32386\/revisions\/32388"}],"wp:featuredmedia":[{"embeddable":true,"href":"https:\/\/paragaleriedetalborjt.com\/en\/wp-json\/wp\/v2\/media\/32387"}],"wp:attachment":[{"href":"https:\/\/paragaleriedetalborjt.com\/en\/wp-json\/wp\/v2\/media?parent=32386"}],"wp:term":[{"taxonomy":"pwb-brand","embeddable":true,"href":"https:\/\/paragaleriedetalborjt.com\/en\/wp-json\/wp\/v2\/pwb-brand?post=32386"},{"taxonomy":"product_cat","embeddable":true,"href":"https:\/\/paragaleriedetalborjt.com\/en\/wp-json\/wp\/v2\/product_cat?post=32386"},{"taxonomy":"product_tag","embeddable":true,"href":"https:\/\/paragaleriedetalborjt.com\/en\/wp-json\/wp\/v2\/product_tag?post=32386"}],"curies":[{"name":"wp","href":"https:\/\/api.w.org\/{rel}","templated":true}]}}