{"id":31231,"date":"2026-01-02T22:15:00","date_gmt":"2026-01-02T21:15:00","guid":{"rendered":"https:\/\/paragaleriedetalborjt.com\/?post_type=product&#038;p=31231"},"modified":"2026-01-02T22:15:00","modified_gmt":"2026-01-02T21:15:00","slug":"massada-solaire-anti-age-spf-50-haute-protection-50ml-4","status":"publish","type":"product","link":"https:\/\/paragaleriedetalborjt.com\/en\/boutique\/massada-solaire-anti-age-spf-50-haute-protection-50ml-4\/","title":{"rendered":"MASSADA SOLAIRE ANTI-\u00c2GE SPF 50 HAUTE PROTECTION 50mL"},"content":{"rendered":"<div aria-labelledby=\"tab-title-description\" class=\"woocommerce-Tabs-panel woocommerce-Tabs-panel--description panel entry-content wc-tab\" id=\"tab-description\" role=\"tabpanel\" style=\"\">\n<h2>Description<\/h2>\n<div class=\"shopify-section\" id=\"shopify-section-template--16164732895467__main\">\n<div class=\"product-template product-template-default product-template-2-blocks\">\n<div class=\"container\">\n<div class=\"halo-product-content\">\n<div class=\"row pro-page\">\n<div class=\"shopify-section col-12 col-xl-9 col-main\" id=\"shopify-section-product-template-default\">\n<div data-collections-related=\"\/fr\/collections\/?view=related\" data-enable-history-state=\"true\" data-section-id=\"template--16164732895467__main\" data-section-type=\"product\" id=\"ProductSection-template--16164732895467__main\">\n<div class=\"product product-default\">\n<div class=\"row product_top vertical-tabs has-sticky-product-img\">\n<div class=\"col-md-6 product-shop\">\n<div class=\"tabs__product-page vertical-tabs\">\n<div class=\"wrapper-tab-content\">\n<div class=\"tab-content\" data-tabcontent=\"\" id=\"collapse-tab1\">\n<div>\n<p><span>\u00a0Sa formule unique et exclusive \u00e0 base de Scutelaria Baicalensis et de champignons orientaux rajeunit les cellules de la peau et revitalise les fibroblastes. Sa magnifique texture facilite une absorption uniforme, laissant la peau lisse et hydrat\u00e9e. Pour une utilisation quotidienne sur le visage et le cou. R\u00e9sistant \u00e0 l\u2019eau.<\/span><\/p>\n<hr\/>\n<h4><strong><span>INSTRUCTIONS D\u2019UTILISATION<\/span><\/strong><\/h4>\n<p><span>Appliquer par de l\u00e9gers mouvements circulaires ascendants sur le visage et le cou\u00a0\u00a0<\/span>une demi-heure avant l\u2019exposition au soleil<span>\u00a0. R\u00e9appliquer\u00a0<\/span>\u00a0toutes les 2 heures.<\/p>\n<hr\/>\n<h4><strong><span>PRINCIPAUX COMPOSANTS<\/span><\/strong><\/h4>\n<p><span>Scutellaria Baicalensis, Mimosa Tenuiflora, soja, th\u00e9 vert, champignons orientaux, alo\u00e8s, jojoba, karit\u00e9, vitamine E et pigments naturels.<\/span><\/p>\n<hr\/>\n<h4><strong><span>TYPE DE PRODUIT<\/span><\/strong><\/h4>\n<p><span>Cr\u00e8me<\/span><\/p>\n<\/div>\n<\/div>\n<\/div>\n<\/div>\n<\/div>\n<\/div>\n<\/div>\n<\/div>\n<\/div>\n<\/div>\n<\/div>\n<\/div>\n<\/div>\n<div class=\"aiod-bundle-discount-wrap\"><\/div>\n<\/div>\n<div class=\"shopify-section\" id=\"shopify-section-template--16164732895467__16738615885a6a0400\">\n<div class=\"shopify-block shopify-app-block\" id=\"shopify-block-AVWo2NFBBUXN0ZDUzT__2da59d66-224a-4b70-8d25-9053610de5a0\">\n<div data-animation=\"true\" data-description='&lt;p&gt;Massada Facial Protection AntiAge proporciona una alta protecci\u00f3n contra las quemaduras solares y el envejecimiento prematuro de la piel. Su \u00fanica y exclusiva f\u00f3rmula a base de Scutelaria Baicalensis y hongos orientales, rejuvenece las c\u00e9lulas cut\u00e1neas y revitaliza los fibroblastos. Su magn\u00edfica textura facilita una absorci\u00f3n uniforme dejando la piel lisa e hidratada. Para uso diario en cara y cuello. Resistente al agua.&lt;\/p&gt;&lt;hr&gt;&lt;h4&gt;&lt;strong&gt;MODO DE EMPLEO&lt;\/strong&gt;&lt;\/h4&gt;&lt;p&gt;Aplicar con suaves movimientos circulares ascendentes\u00a0sobre rostro y cuello\u00a0&lt;span data-mce-fragment=\"1\"&gt;media hora antes de la exposici\u00f3n solar&lt;\/span&gt;.\u00a0Volver a aplicar&lt;span data-mce-fragment=\"1\"&gt;\u00a0cada 2 horas.&lt;\/span&gt;&lt;\/p&gt;&lt;hr&gt;&lt;h4&gt;&lt;strong&gt;COMPONENTES PRINCIPALES&lt;\/strong&gt;&lt;\/h4&gt;&lt;p&gt;&lt;meta charset=\"utf-8\"&gt;&lt;span&gt;Scutellaria Baicalensis, Mimosa Tenuiflora, Soja, T\u00e9 verde, Hongos Orientales, Aloe, Jojoba, Karit\u00e9, Vitamina E y Pigmentos naturales.&lt;\/span&gt;&lt;\/p&gt;&lt;hr&gt;&lt;h4&gt;&lt;strong&gt;TIPO DE PRODUCTO&lt;\/strong&gt;&lt;\/h4&gt;&lt;p&gt;Crema&lt;br&gt;&lt;\/p&gt;' data-image-url=\"\/\/massada.es\/cdn\/shop\/files\/168-PROTECCIONSOLARANTIEDADSPF50PROTECCIONALTA_50ml_large.jpg%3Fv=1710762332\" data-linkify=\"true\" data-name=\"PROTECCION SOLAR ANTIEDAD SPF 50 PROTECCION ALTA 50mL\" data-offset=\"\" data-offset-mobile=\"\" data-product-id=\"7552918192363\" data-product-sku=\"168\" data-product-title=\"PROTECCION SOLAR ANTIEDAD SPF 50 PROTECCION ALTA 50mL\" data-product-type=\"LINEA SOLAR\" data-search=\"\" data-tags-exclude=\"\" data-tags-include=\"\" data-take-questions=\"\" data-url=\"https:\/\/massada.es\/fr\/products\/proteccion-solar-antiedad-spf-50-proteccion-alta\" id=\"stamped-main-widget\" style=\"box-sizing: border-box; clear: both; display: block; overflow: visible !important; margin: 1em 15px; font-style: normal;\"><\/p>\n<div class=\"stamped-container\" data-count=\"8\" data-version=\"2\" data-widget-language=\"es\" data-widget-load-type=\"pagination\" data-widget-show-avatar=\"true\" data-widget-show-date=\"true\" data-widget-show-graph=\"true\" data-widget-show-location=\"false\" data-widget-show-product-variant=\"true\" data-widget-show-qna=\"true\" data-widget-show-share=\"true\" data-widget-show-sort=\"true\" data-widget-show-summary-photo=\"true\" data-widget-show-summary-recommend=\"true\" data-widget-show-tab-reviews=\"true\" data-widget-show-verified=\"true\" data-widget-show-votes=\"true\" data-widget-sort=\"recent\" data-widget-style=\"slider\" data-widget-type=\"slider\">\n<div class=\"stamped-header-title\">Commentaires des clients<\/div>\n<\/div>\n<\/div>\n<\/div>\n<\/div>\n<\/div>","protected":false},"excerpt":{"rendered":"<p>Highlights:Massada Facial Protection AntiAge offre une haute protection contre les coups de soleil et le vieillissement pr\u00e9matur\u00e9 de la peau.<\/p>","protected":false},"featured_media":25466,"comment_status":"open","ping_status":"closed","template":"","meta":[],"pwb-brand":[],"product_cat":[16],"product_tag":[],"class_list":{"0":"post-31231","1":"product","2":"type-product","3":"status-publish","4":"has-post-thumbnail","6":"product_cat-non-classe","7":"pa_brands-massada","9":"first","10":"instock","11":"sale","12":"shipping-taxable","13":"purchasable","14":"product-type-simple"},"yoast_head":"<!-- This site is optimized with the Yoast SEO plugin v27.5 - https:\/\/yoast.com\/product\/yoast-seo-wordpress\/ -->\n<title>MASSADA SOLAIRE ANTI-\u00c2GE SPF 50 HAUTE PROTECTION 50mL - paragaleriedetalborjt<\/title>\n<meta name=\"robots\" content=\"index, follow, max-snippet:-1, max-image-preview:large, max-video-preview:-1\" \/>\n<link rel=\"canonical\" href=\"https:\/\/paragaleriedetalborjt.com\/en\/boutique\/massada-solaire-anti-age-spf-50-haute-protection-50ml-4\/\" \/>\n<meta property=\"og:locale\" content=\"en_US\" \/>\n<meta property=\"og:type\" content=\"article\" \/>\n<meta property=\"og:title\" content=\"MASSADA SOLAIRE ANTI-\u00c2GE SPF 50 HAUTE PROTECTION 50mL - paragaleriedetalborjt\" \/>\n<meta property=\"og:description\" content=\"Highlights:Massada Facial Protection AntiAge offre une haute protection contre les coups de soleil et le vieillissement pr\u00e9matur\u00e9 de la peau.\" \/>\n<meta property=\"og:url\" content=\"https:\/\/paragaleriedetalborjt.com\/en\/boutique\/massada-solaire-anti-age-spf-50-haute-protection-50ml-4\/\" \/>\n<meta property=\"og:site_name\" content=\"paragaleriedetalborjt\" \/>\n<meta property=\"og:image\" content=\"https:\/\/paragaleriedetalborjt.com\/wp-content\/uploads\/2026\/01\/Massada-protector-solar-antiedad-SPF50-50ml.jpg\" \/>\n\t<meta property=\"og:image:width\" content=\"595\" \/>\n\t<meta property=\"og:image:height\" content=\"655\" \/>\n\t<meta property=\"og:image:type\" content=\"image\/jpeg\" \/>\n<meta name=\"twitter:card\" content=\"summary_large_image\" \/>\n<meta name=\"twitter:label1\" content=\"Est. reading time\" \/>\n\t<meta name=\"twitter:data1\" content=\"1 minute\" \/>\n<script type=\"application\/ld+json\" class=\"yoast-schema-graph\">{\"@context\":\"https:\\\/\\\/schema.org\",\"@graph\":[{\"@type\":\"WebPage\",\"@id\":\"https:\\\/\\\/paragaleriedetalborjt.com\\\/boutique\\\/massada-solaire-anti-age-spf-50-haute-protection-50ml-4\\\/\",\"url\":\"https:\\\/\\\/paragaleriedetalborjt.com\\\/boutique\\\/massada-solaire-anti-age-spf-50-haute-protection-50ml-4\\\/\",\"name\":\"MASSADA SOLAIRE ANTI-\u00c2GE SPF 50 HAUTE PROTECTION 50mL - paragaleriedetalborjt\",\"isPartOf\":{\"@id\":\"https:\\\/\\\/paragaleriedetalborjt.com\\\/#website\"},\"primaryImageOfPage\":{\"@id\":\"https:\\\/\\\/paragaleriedetalborjt.com\\\/boutique\\\/massada-solaire-anti-age-spf-50-haute-protection-50ml-4\\\/#primaryimage\"},\"image\":{\"@id\":\"https:\\\/\\\/paragaleriedetalborjt.com\\\/boutique\\\/massada-solaire-anti-age-spf-50-haute-protection-50ml-4\\\/#primaryimage\"},\"thumbnailUrl\":\"https:\\\/\\\/paragaleriedetalborjt.com\\\/wp-content\\\/uploads\\\/2026\\\/01\\\/Massada-protector-solar-antiedad-SPF50-50ml.jpg\",\"datePublished\":\"2026-01-02T21:15:00+00:00\",\"breadcrumb\":{\"@id\":\"https:\\\/\\\/paragaleriedetalborjt.com\\\/boutique\\\/massada-solaire-anti-age-spf-50-haute-protection-50ml-4\\\/#breadcrumb\"},\"inLanguage\":\"en-US\",\"potentialAction\":[{\"@type\":\"ReadAction\",\"target\":[\"https:\\\/\\\/paragaleriedetalborjt.com\\\/boutique\\\/massada-solaire-anti-age-spf-50-haute-protection-50ml-4\\\/\"]}]},{\"@type\":\"ImageObject\",\"inLanguage\":\"en-US\",\"@id\":\"https:\\\/\\\/paragaleriedetalborjt.com\\\/boutique\\\/massada-solaire-anti-age-spf-50-haute-protection-50ml-4\\\/#primaryimage\",\"url\":\"https:\\\/\\\/paragaleriedetalborjt.com\\\/wp-content\\\/uploads\\\/2026\\\/01\\\/Massada-protector-solar-antiedad-SPF50-50ml.jpg\",\"contentUrl\":\"https:\\\/\\\/paragaleriedetalborjt.com\\\/wp-content\\\/uploads\\\/2026\\\/01\\\/Massada-protector-solar-antiedad-SPF50-50ml.jpg\",\"width\":595,\"height\":655},{\"@type\":\"BreadcrumbList\",\"@id\":\"https:\\\/\\\/paragaleriedetalborjt.com\\\/boutique\\\/massada-solaire-anti-age-spf-50-haute-protection-50ml-4\\\/#breadcrumb\",\"itemListElement\":[{\"@type\":\"ListItem\",\"position\":1,\"name\":\"Accueil\",\"item\":\"https:\\\/\\\/paragaleriedetalborjt.com\\\/\"},{\"@type\":\"ListItem\",\"position\":2,\"name\":\"Boutique\",\"item\":\"https:\\\/\\\/paragaleriedetalborjt.com\\\/boutique\\\/\"},{\"@type\":\"ListItem\",\"position\":3,\"name\":\"MASSADA SOLAIRE ANTI-\u00c2GE SPF 50 HAUTE PROTECTION 50mL\"}]},{\"@type\":\"WebSite\",\"@id\":\"https:\\\/\\\/paragaleriedetalborjt.com\\\/#website\",\"url\":\"https:\\\/\\\/paragaleriedetalborjt.com\\\/\",\"name\":\"paragaleriedetalborjt\",\"description\":\"\",\"potentialAction\":[{\"@type\":\"SearchAction\",\"target\":{\"@type\":\"EntryPoint\",\"urlTemplate\":\"https:\\\/\\\/paragaleriedetalborjt.com\\\/?s={search_term_string}\"},\"query-input\":{\"@type\":\"PropertyValueSpecification\",\"valueRequired\":true,\"valueName\":\"search_term_string\"}}],\"inLanguage\":\"en-US\"}]}<\/script>\n<!-- \/ Yoast SEO plugin. -->","yoast_head_json":{"title":"MASSADA SOLAIRE ANTI-\u00c2GE SPF 50 HAUTE PROTECTION 50mL - paragaleriedetalborjt","robots":{"index":"index","follow":"follow","max-snippet":"max-snippet:-1","max-image-preview":"max-image-preview:large","max-video-preview":"max-video-preview:-1"},"canonical":"https:\/\/paragaleriedetalborjt.com\/en\/boutique\/massada-solaire-anti-age-spf-50-haute-protection-50ml-4\/","og_locale":"en_US","og_type":"article","og_title":"MASSADA SOLAIRE ANTI-\u00c2GE SPF 50 HAUTE PROTECTION 50mL - paragaleriedetalborjt","og_description":"Highlights:Massada Facial Protection AntiAge offre une haute protection contre les coups de soleil et le vieillissement pr\u00e9matur\u00e9 de la peau.","og_url":"https:\/\/paragaleriedetalborjt.com\/en\/boutique\/massada-solaire-anti-age-spf-50-haute-protection-50ml-4\/","og_site_name":"paragaleriedetalborjt","og_image":[{"width":595,"height":655,"url":"https:\/\/paragaleriedetalborjt.com\/wp-content\/uploads\/2026\/01\/Massada-protector-solar-antiedad-SPF50-50ml.jpg","type":"image\/jpeg"}],"twitter_card":"summary_large_image","twitter_misc":{"Est. reading time":"1 minute"},"schema":{"@context":"https:\/\/schema.org","@graph":[{"@type":"WebPage","@id":"https:\/\/paragaleriedetalborjt.com\/boutique\/massada-solaire-anti-age-spf-50-haute-protection-50ml-4\/","url":"https:\/\/paragaleriedetalborjt.com\/boutique\/massada-solaire-anti-age-spf-50-haute-protection-50ml-4\/","name":"MASSADA SOLAIRE ANTI-\u00c2GE SPF 50 HAUTE PROTECTION 50mL - paragaleriedetalborjt","isPartOf":{"@id":"https:\/\/paragaleriedetalborjt.com\/#website"},"primaryImageOfPage":{"@id":"https:\/\/paragaleriedetalborjt.com\/boutique\/massada-solaire-anti-age-spf-50-haute-protection-50ml-4\/#primaryimage"},"image":{"@id":"https:\/\/paragaleriedetalborjt.com\/boutique\/massada-solaire-anti-age-spf-50-haute-protection-50ml-4\/#primaryimage"},"thumbnailUrl":"https:\/\/paragaleriedetalborjt.com\/wp-content\/uploads\/2026\/01\/Massada-protector-solar-antiedad-SPF50-50ml.jpg","datePublished":"2026-01-02T21:15:00+00:00","breadcrumb":{"@id":"https:\/\/paragaleriedetalborjt.com\/boutique\/massada-solaire-anti-age-spf-50-haute-protection-50ml-4\/#breadcrumb"},"inLanguage":"en-US","potentialAction":[{"@type":"ReadAction","target":["https:\/\/paragaleriedetalborjt.com\/boutique\/massada-solaire-anti-age-spf-50-haute-protection-50ml-4\/"]}]},{"@type":"ImageObject","inLanguage":"en-US","@id":"https:\/\/paragaleriedetalborjt.com\/boutique\/massada-solaire-anti-age-spf-50-haute-protection-50ml-4\/#primaryimage","url":"https:\/\/paragaleriedetalborjt.com\/wp-content\/uploads\/2026\/01\/Massada-protector-solar-antiedad-SPF50-50ml.jpg","contentUrl":"https:\/\/paragaleriedetalborjt.com\/wp-content\/uploads\/2026\/01\/Massada-protector-solar-antiedad-SPF50-50ml.jpg","width":595,"height":655},{"@type":"BreadcrumbList","@id":"https:\/\/paragaleriedetalborjt.com\/boutique\/massada-solaire-anti-age-spf-50-haute-protection-50ml-4\/#breadcrumb","itemListElement":[{"@type":"ListItem","position":1,"name":"Accueil","item":"https:\/\/paragaleriedetalborjt.com\/"},{"@type":"ListItem","position":2,"name":"Boutique","item":"https:\/\/paragaleriedetalborjt.com\/boutique\/"},{"@type":"ListItem","position":3,"name":"MASSADA SOLAIRE ANTI-\u00c2GE SPF 50 HAUTE PROTECTION 50mL"}]},{"@type":"WebSite","@id":"https:\/\/paragaleriedetalborjt.com\/#website","url":"https:\/\/paragaleriedetalborjt.com\/","name":"paragaleriedetalborjt","description":"","potentialAction":[{"@type":"SearchAction","target":{"@type":"EntryPoint","urlTemplate":"https:\/\/paragaleriedetalborjt.com\/?s={search_term_string}"},"query-input":{"@type":"PropertyValueSpecification","valueRequired":true,"valueName":"search_term_string"}}],"inLanguage":"en-US"}]}},"brands":[],"_links":{"self":[{"href":"https:\/\/paragaleriedetalborjt.com\/en\/wp-json\/wp\/v2\/product\/31231","targetHints":{"allow":["GET"]}}],"collection":[{"href":"https:\/\/paragaleriedetalborjt.com\/en\/wp-json\/wp\/v2\/product"}],"about":[{"href":"https:\/\/paragaleriedetalborjt.com\/en\/wp-json\/wp\/v2\/types\/product"}],"replies":[{"embeddable":true,"href":"https:\/\/paragaleriedetalborjt.com\/en\/wp-json\/wp\/v2\/comments?post=31231"}],"version-history":[{"count":1,"href":"https:\/\/paragaleriedetalborjt.com\/en\/wp-json\/wp\/v2\/product\/31231\/revisions"}],"predecessor-version":[{"id":31232,"href":"https:\/\/paragaleriedetalborjt.com\/en\/wp-json\/wp\/v2\/product\/31231\/revisions\/31232"}],"wp:featuredmedia":[{"embeddable":true,"href":"https:\/\/paragaleriedetalborjt.com\/en\/wp-json\/wp\/v2\/media\/25466"}],"wp:attachment":[{"href":"https:\/\/paragaleriedetalborjt.com\/en\/wp-json\/wp\/v2\/media?parent=31231"}],"wp:term":[{"taxonomy":"pwb-brand","embeddable":true,"href":"https:\/\/paragaleriedetalborjt.com\/en\/wp-json\/wp\/v2\/pwb-brand?post=31231"},{"taxonomy":"product_cat","embeddable":true,"href":"https:\/\/paragaleriedetalborjt.com\/en\/wp-json\/wp\/v2\/product_cat?post=31231"},{"taxonomy":"product_tag","embeddable":true,"href":"https:\/\/paragaleriedetalborjt.com\/en\/wp-json\/wp\/v2\/product_tag?post=31231"}],"curies":[{"name":"wp","href":"https:\/\/api.w.org\/{rel}","templated":true}]}}