{"id":30326,"date":"2026-01-02T19:25:26","date_gmt":"2026-01-02T18:25:26","guid":{"rendered":"https:\/\/paragaleriedetalborjt.com\/?post_type=product&#038;p=30326"},"modified":"2026-01-02T19:25:26","modified_gmt":"2026-01-02T18:25:26","slug":"some-by-mi-macto-soy-sebumblackhead-cleansing-oil-200ml","status":"publish","type":"product","link":"https:\/\/paragaleriedetalborjt.com\/en\/boutique\/some-by-mi-macto-soy-sebumblackhead-cleansing-oil-200ml\/","title":{"rendered":"Some By Mi Macto Soy Sebum&#038;Blackhead Cleansing Oil 200ml"},"content":{"rendered":"<div aria-labelledby=\"tab-title-description\" class=\"woocommerce-Tabs-panel woocommerce-Tabs-panel--description panel entry-content wc-tab\" id=\"tab-description\" role=\"tabpanel\" style=\"\">\n<h2>Description<\/h2>\n<p>Revitalise ta peau avec la Lacto Soy Sebum &amp; Blackhead Cleansing Oil SOME BY MI, une solution \u00e0 la fois d\u00e9licate et efficace pour \u00e9liminer les points noirs et l\u2019exc\u00e8s de s\u00e9bum. Infus\u00e9e de Lacto Soy, un m\u00e9lange de filtrat de ferment de lait de soja et de lactobacillus, cette huile nettoyante d\u00e9toxifie la peau tout en boostant ses niveaux d\u2019hydratation.<\/p>\n<p>Parfaite pour le d\u00e9maquillage ou un nettoyage quotidien, elle dissout les impuret\u00e9s sans d\u00e9caper la peau. Formul\u00e9e avec des huiles v\u00e9g\u00e9tales et l\u2019Anti-Sebum P brevet\u00e9 de la marque, elle contr\u00f4le la production de s\u00e9bum et am\u00e9liore l\u2019apparence des pores, laissant ta peau rafra\u00eechie.<\/p>\n<p><strong>Recommand\u00e9 pour :<\/strong>\u00a0Peaux sensibles, s\u00e8ches, normales, mixtes.<\/p>\n<p><strong>Conseils d\u2019utilisation :<\/strong><\/p>\n<ul>\n<li>Agite 4 \u00e0 5 fois avant l\u2019utilisation.<\/li>\n<li>R\u00e9partis une quantit\u00e9 appropri\u00e9e sur tes mains et masse sur ton visage sec, en \u00e9vitant le contour des yeux.<\/li>\n<li>Apr\u00e8s un nettoyage en profondeur, rince \u00e0 l\u2019eau ti\u00e8de.<\/li>\n<\/ul>\n<\/div>","protected":false},"excerpt":{"rendered":"<p>Highlights:Revitalise ta peau avec la Lacto Soy Sebum &#038; Blackhead Cleansing Oil SOME BY MI, une solution \u00e0 la fois d\u00e9licate et efficace pour \u00e9liminer les points noirs et l\u2019exc\u00e8s de s\u00e9bum.<\/p>","protected":false},"featured_media":30327,"comment_status":"open","ping_status":"closed","template":"","meta":[],"pwb-brand":[],"product_cat":[16],"product_tag":[],"class_list":{"0":"post-30326","1":"product","2":"type-product","3":"status-publish","4":"has-post-thumbnail","6":"product_cat-non-classe","7":"pa_brands-some-by-mi","9":"first","10":"instock","11":"sale","12":"shipping-taxable","13":"purchasable","14":"product-type-simple"},"yoast_head":"<!-- This site is optimized with the Yoast SEO plugin v27.5 - https:\/\/yoast.com\/product\/yoast-seo-wordpress\/ -->\n<title>Some By Mi Macto Soy Sebum&amp;Blackhead Cleansing Oil 200ml - paragaleriedetalborjt<\/title>\n<meta name=\"robots\" content=\"index, follow, max-snippet:-1, max-image-preview:large, max-video-preview:-1\" \/>\n<link rel=\"canonical\" href=\"https:\/\/paragaleriedetalborjt.com\/en\/boutique\/some-by-mi-macto-soy-sebumblackhead-cleansing-oil-200ml\/\" \/>\n<meta property=\"og:locale\" content=\"en_US\" \/>\n<meta property=\"og:type\" content=\"article\" \/>\n<meta property=\"og:title\" content=\"Some By Mi Macto Soy Sebum&amp;Blackhead Cleansing Oil 200ml - paragaleriedetalborjt\" \/>\n<meta property=\"og:description\" content=\"Highlights:Revitalise ta peau avec la Lacto Soy Sebum &amp; Blackhead Cleansing Oil SOME BY MI, une solution \u00e0 la fois d\u00e9licate et efficace pour \u00e9liminer les points noirs et l\u2019exc\u00e8s de s\u00e9bum.\" \/>\n<meta property=\"og:url\" content=\"https:\/\/paragaleriedetalborjt.com\/en\/boutique\/some-by-mi-macto-soy-sebumblackhead-cleansing-oil-200ml\/\" \/>\n<meta property=\"og:site_name\" content=\"paragaleriedetalborjt\" \/>\n<meta property=\"og:image\" content=\"https:\/\/paragaleriedetalborjt.com\/wp-content\/uploads\/2026\/01\/Some-bymi-lacto-soy-sebumblackhead-cleansing-oil-200ml.jpg\" \/>\n\t<meta property=\"og:image:width\" content=\"595\" \/>\n\t<meta property=\"og:image:height\" content=\"655\" \/>\n\t<meta property=\"og:image:type\" content=\"image\/jpeg\" \/>\n<meta name=\"twitter:card\" content=\"summary_large_image\" \/>\n<meta name=\"twitter:label1\" content=\"Est. reading time\" \/>\n\t<meta name=\"twitter:data1\" content=\"1 minute\" \/>\n<script type=\"application\/ld+json\" class=\"yoast-schema-graph\">{\"@context\":\"https:\\\/\\\/schema.org\",\"@graph\":[{\"@type\":\"WebPage\",\"@id\":\"https:\\\/\\\/paragaleriedetalborjt.com\\\/boutique\\\/some-by-mi-macto-soy-sebumblackhead-cleansing-oil-200ml\\\/\",\"url\":\"https:\\\/\\\/paragaleriedetalborjt.com\\\/boutique\\\/some-by-mi-macto-soy-sebumblackhead-cleansing-oil-200ml\\\/\",\"name\":\"Some By Mi Macto Soy Sebum&Blackhead Cleansing Oil 200ml - paragaleriedetalborjt\",\"isPartOf\":{\"@id\":\"https:\\\/\\\/paragaleriedetalborjt.com\\\/#website\"},\"primaryImageOfPage\":{\"@id\":\"https:\\\/\\\/paragaleriedetalborjt.com\\\/boutique\\\/some-by-mi-macto-soy-sebumblackhead-cleansing-oil-200ml\\\/#primaryimage\"},\"image\":{\"@id\":\"https:\\\/\\\/paragaleriedetalborjt.com\\\/boutique\\\/some-by-mi-macto-soy-sebumblackhead-cleansing-oil-200ml\\\/#primaryimage\"},\"thumbnailUrl\":\"https:\\\/\\\/paragaleriedetalborjt.com\\\/wp-content\\\/uploads\\\/2026\\\/01\\\/Some-bymi-lacto-soy-sebumblackhead-cleansing-oil-200ml.jpg\",\"datePublished\":\"2026-01-02T18:25:26+00:00\",\"breadcrumb\":{\"@id\":\"https:\\\/\\\/paragaleriedetalborjt.com\\\/boutique\\\/some-by-mi-macto-soy-sebumblackhead-cleansing-oil-200ml\\\/#breadcrumb\"},\"inLanguage\":\"en-US\",\"potentialAction\":[{\"@type\":\"ReadAction\",\"target\":[\"https:\\\/\\\/paragaleriedetalborjt.com\\\/boutique\\\/some-by-mi-macto-soy-sebumblackhead-cleansing-oil-200ml\\\/\"]}]},{\"@type\":\"ImageObject\",\"inLanguage\":\"en-US\",\"@id\":\"https:\\\/\\\/paragaleriedetalborjt.com\\\/boutique\\\/some-by-mi-macto-soy-sebumblackhead-cleansing-oil-200ml\\\/#primaryimage\",\"url\":\"https:\\\/\\\/paragaleriedetalborjt.com\\\/wp-content\\\/uploads\\\/2026\\\/01\\\/Some-bymi-lacto-soy-sebumblackhead-cleansing-oil-200ml.jpg\",\"contentUrl\":\"https:\\\/\\\/paragaleriedetalborjt.com\\\/wp-content\\\/uploads\\\/2026\\\/01\\\/Some-bymi-lacto-soy-sebumblackhead-cleansing-oil-200ml.jpg\",\"width\":595,\"height\":655},{\"@type\":\"BreadcrumbList\",\"@id\":\"https:\\\/\\\/paragaleriedetalborjt.com\\\/boutique\\\/some-by-mi-macto-soy-sebumblackhead-cleansing-oil-200ml\\\/#breadcrumb\",\"itemListElement\":[{\"@type\":\"ListItem\",\"position\":1,\"name\":\"Accueil\",\"item\":\"https:\\\/\\\/paragaleriedetalborjt.com\\\/\"},{\"@type\":\"ListItem\",\"position\":2,\"name\":\"Boutique\",\"item\":\"https:\\\/\\\/paragaleriedetalborjt.com\\\/boutique\\\/\"},{\"@type\":\"ListItem\",\"position\":3,\"name\":\"Some By Mi Macto Soy Sebum&#038;Blackhead Cleansing Oil 200ml\"}]},{\"@type\":\"WebSite\",\"@id\":\"https:\\\/\\\/paragaleriedetalborjt.com\\\/#website\",\"url\":\"https:\\\/\\\/paragaleriedetalborjt.com\\\/\",\"name\":\"paragaleriedetalborjt\",\"description\":\"\",\"potentialAction\":[{\"@type\":\"SearchAction\",\"target\":{\"@type\":\"EntryPoint\",\"urlTemplate\":\"https:\\\/\\\/paragaleriedetalborjt.com\\\/?s={search_term_string}\"},\"query-input\":{\"@type\":\"PropertyValueSpecification\",\"valueRequired\":true,\"valueName\":\"search_term_string\"}}],\"inLanguage\":\"en-US\"}]}<\/script>\n<!-- \/ Yoast SEO plugin. -->","yoast_head_json":{"title":"Some By Mi Macto Soy Sebum&Blackhead Cleansing Oil 200ml - paragaleriedetalborjt","robots":{"index":"index","follow":"follow","max-snippet":"max-snippet:-1","max-image-preview":"max-image-preview:large","max-video-preview":"max-video-preview:-1"},"canonical":"https:\/\/paragaleriedetalborjt.com\/en\/boutique\/some-by-mi-macto-soy-sebumblackhead-cleansing-oil-200ml\/","og_locale":"en_US","og_type":"article","og_title":"Some By Mi Macto Soy Sebum&Blackhead Cleansing Oil 200ml - paragaleriedetalborjt","og_description":"Highlights:Revitalise ta peau avec la Lacto Soy Sebum & Blackhead Cleansing Oil SOME BY MI, une solution \u00e0 la fois d\u00e9licate et efficace pour \u00e9liminer les points noirs et l\u2019exc\u00e8s de s\u00e9bum.","og_url":"https:\/\/paragaleriedetalborjt.com\/en\/boutique\/some-by-mi-macto-soy-sebumblackhead-cleansing-oil-200ml\/","og_site_name":"paragaleriedetalborjt","og_image":[{"width":595,"height":655,"url":"https:\/\/paragaleriedetalborjt.com\/wp-content\/uploads\/2026\/01\/Some-bymi-lacto-soy-sebumblackhead-cleansing-oil-200ml.jpg","type":"image\/jpeg"}],"twitter_card":"summary_large_image","twitter_misc":{"Est. reading time":"1 minute"},"schema":{"@context":"https:\/\/schema.org","@graph":[{"@type":"WebPage","@id":"https:\/\/paragaleriedetalborjt.com\/boutique\/some-by-mi-macto-soy-sebumblackhead-cleansing-oil-200ml\/","url":"https:\/\/paragaleriedetalborjt.com\/boutique\/some-by-mi-macto-soy-sebumblackhead-cleansing-oil-200ml\/","name":"Some By Mi Macto Soy Sebum&Blackhead Cleansing Oil 200ml - paragaleriedetalborjt","isPartOf":{"@id":"https:\/\/paragaleriedetalborjt.com\/#website"},"primaryImageOfPage":{"@id":"https:\/\/paragaleriedetalborjt.com\/boutique\/some-by-mi-macto-soy-sebumblackhead-cleansing-oil-200ml\/#primaryimage"},"image":{"@id":"https:\/\/paragaleriedetalborjt.com\/boutique\/some-by-mi-macto-soy-sebumblackhead-cleansing-oil-200ml\/#primaryimage"},"thumbnailUrl":"https:\/\/paragaleriedetalborjt.com\/wp-content\/uploads\/2026\/01\/Some-bymi-lacto-soy-sebumblackhead-cleansing-oil-200ml.jpg","datePublished":"2026-01-02T18:25:26+00:00","breadcrumb":{"@id":"https:\/\/paragaleriedetalborjt.com\/boutique\/some-by-mi-macto-soy-sebumblackhead-cleansing-oil-200ml\/#breadcrumb"},"inLanguage":"en-US","potentialAction":[{"@type":"ReadAction","target":["https:\/\/paragaleriedetalborjt.com\/boutique\/some-by-mi-macto-soy-sebumblackhead-cleansing-oil-200ml\/"]}]},{"@type":"ImageObject","inLanguage":"en-US","@id":"https:\/\/paragaleriedetalborjt.com\/boutique\/some-by-mi-macto-soy-sebumblackhead-cleansing-oil-200ml\/#primaryimage","url":"https:\/\/paragaleriedetalborjt.com\/wp-content\/uploads\/2026\/01\/Some-bymi-lacto-soy-sebumblackhead-cleansing-oil-200ml.jpg","contentUrl":"https:\/\/paragaleriedetalborjt.com\/wp-content\/uploads\/2026\/01\/Some-bymi-lacto-soy-sebumblackhead-cleansing-oil-200ml.jpg","width":595,"height":655},{"@type":"BreadcrumbList","@id":"https:\/\/paragaleriedetalborjt.com\/boutique\/some-by-mi-macto-soy-sebumblackhead-cleansing-oil-200ml\/#breadcrumb","itemListElement":[{"@type":"ListItem","position":1,"name":"Accueil","item":"https:\/\/paragaleriedetalborjt.com\/"},{"@type":"ListItem","position":2,"name":"Boutique","item":"https:\/\/paragaleriedetalborjt.com\/boutique\/"},{"@type":"ListItem","position":3,"name":"Some By Mi Macto Soy Sebum&#038;Blackhead Cleansing Oil 200ml"}]},{"@type":"WebSite","@id":"https:\/\/paragaleriedetalborjt.com\/#website","url":"https:\/\/paragaleriedetalborjt.com\/","name":"paragaleriedetalborjt","description":"","potentialAction":[{"@type":"SearchAction","target":{"@type":"EntryPoint","urlTemplate":"https:\/\/paragaleriedetalborjt.com\/?s={search_term_string}"},"query-input":{"@type":"PropertyValueSpecification","valueRequired":true,"valueName":"search_term_string"}}],"inLanguage":"en-US"}]}},"brands":[],"_links":{"self":[{"href":"https:\/\/paragaleriedetalborjt.com\/en\/wp-json\/wp\/v2\/product\/30326","targetHints":{"allow":["GET"]}}],"collection":[{"href":"https:\/\/paragaleriedetalborjt.com\/en\/wp-json\/wp\/v2\/product"}],"about":[{"href":"https:\/\/paragaleriedetalborjt.com\/en\/wp-json\/wp\/v2\/types\/product"}],"replies":[{"embeddable":true,"href":"https:\/\/paragaleriedetalborjt.com\/en\/wp-json\/wp\/v2\/comments?post=30326"}],"version-history":[{"count":1,"href":"https:\/\/paragaleriedetalborjt.com\/en\/wp-json\/wp\/v2\/product\/30326\/revisions"}],"predecessor-version":[{"id":30328,"href":"https:\/\/paragaleriedetalborjt.com\/en\/wp-json\/wp\/v2\/product\/30326\/revisions\/30328"}],"wp:featuredmedia":[{"embeddable":true,"href":"https:\/\/paragaleriedetalborjt.com\/en\/wp-json\/wp\/v2\/media\/30327"}],"wp:attachment":[{"href":"https:\/\/paragaleriedetalborjt.com\/en\/wp-json\/wp\/v2\/media?parent=30326"}],"wp:term":[{"taxonomy":"pwb-brand","embeddable":true,"href":"https:\/\/paragaleriedetalborjt.com\/en\/wp-json\/wp\/v2\/pwb-brand?post=30326"},{"taxonomy":"product_cat","embeddable":true,"href":"https:\/\/paragaleriedetalborjt.com\/en\/wp-json\/wp\/v2\/product_cat?post=30326"},{"taxonomy":"product_tag","embeddable":true,"href":"https:\/\/paragaleriedetalborjt.com\/en\/wp-json\/wp\/v2\/product_tag?post=30326"}],"curies":[{"name":"wp","href":"https:\/\/api.w.org\/{rel}","templated":true}]}}