{"id":30215,"date":"2026-01-02T19:04:33","date_gmt":"2026-01-02T18:04:33","guid":{"rendered":"https:\/\/paragaleriedetalborjt.com\/?post_type=product&#038;p=30215"},"modified":"2026-01-02T19:04:33","modified_gmt":"2026-01-02T18:04:33","slug":"bebe-confort-2-succette-physio-air-confort-18-36m-the-gardener","status":"publish","type":"product","link":"https:\/\/paragaleriedetalborjt.com\/en\/boutique\/bebe-confort-2-succette-physio-air-confort-18-36m-the-gardener\/","title":{"rendered":"Bebe Confort 2 Succette Physio Air Confort 18-36m The Gardener"},"content":{"rendered":"<div aria-labelledby=\"tab-title-description\" class=\"woocommerce-Tabs-panel woocommerce-Tabs-panel--description panel entry-content wc-tab\" id=\"tab-description\" role=\"tabpanel\" style=\"\">\n<h2>Description<\/h2>\n<p class=\"fpMb\">Lot de 2 sucettes Physio Air Confort silicone 18-36 mois. Grande a\u00e9ration de la collerette qui laisse la peau respirer et prot\u00e8ge des irritations.<\/p>\n<p class=\"fpMb\">T\u00e9terelle physiologique qui favorise la succion naturelle gr\u00e2ce \u00e0 sa forme proche du sein. Collerette \u00e0 la forme peu incurv\u00e9e.<\/p>\n<p class=\"fpMb\">Pratique avec l\u2019anneau facile \u00e0 attraper.<\/p>\n<\/div>","protected":false},"excerpt":{"rendered":"<p>Highlights:Lot de 2 sucettes Physio Air Confort silicone 18-36 mois<\/p>","protected":false},"featured_media":30216,"comment_status":"open","ping_status":"closed","template":"","meta":[],"pwb-brand":[],"product_cat":[16],"product_tag":[],"class_list":{"0":"post-30215","1":"product","2":"type-product","3":"status-publish","4":"has-post-thumbnail","6":"product_cat-non-classe","7":"pa_brands-bebe-confort","9":"first","10":"instock","11":"sale","12":"shipping-taxable","13":"purchasable","14":"product-type-simple"},"yoast_head":"<!-- This site is optimized with the Yoast SEO plugin v27.5 - https:\/\/yoast.com\/product\/yoast-seo-wordpress\/ -->\n<title>Bebe Confort 2 Succette Physio Air Confort 18-36m The Gardener - paragaleriedetalborjt<\/title>\n<meta name=\"robots\" content=\"index, follow, max-snippet:-1, max-image-preview:large, max-video-preview:-1\" \/>\n<link rel=\"canonical\" href=\"https:\/\/paragaleriedetalborjt.com\/en\/boutique\/bebe-confort-2-succette-physio-air-confort-18-36m-the-gardener\/\" \/>\n<meta property=\"og:locale\" content=\"en_US\" \/>\n<meta property=\"og:type\" content=\"article\" \/>\n<meta property=\"og:title\" content=\"Bebe Confort 2 Succette Physio Air Confort 18-36m The Gardener - paragaleriedetalborjt\" \/>\n<meta property=\"og:description\" content=\"Highlights:Lot de 2 sucettes Physio Air Confort silicone 18-36 mois\" \/>\n<meta property=\"og:url\" content=\"https:\/\/paragaleriedetalborjt.com\/en\/boutique\/bebe-confort-2-succette-physio-air-confort-18-36m-the-gardener\/\" \/>\n<meta property=\"og:site_name\" content=\"paragaleriedetalborjt\" \/>\n<meta property=\"og:image\" content=\"https:\/\/paragaleriedetalborjt.com\/wp-content\/uploads\/2026\/01\/BB-Conf-2-Suc-Physio-Air-Conf-6-18m-The-gardener.jpg\" \/>\n\t<meta property=\"og:image:width\" content=\"595\" \/>\n\t<meta property=\"og:image:height\" content=\"655\" \/>\n\t<meta property=\"og:image:type\" content=\"image\/jpeg\" \/>\n<meta name=\"twitter:card\" content=\"summary_large_image\" \/>\n<script type=\"application\/ld+json\" class=\"yoast-schema-graph\">{\"@context\":\"https:\\\/\\\/schema.org\",\"@graph\":[{\"@type\":\"WebPage\",\"@id\":\"https:\\\/\\\/paragaleriedetalborjt.com\\\/boutique\\\/bebe-confort-2-succette-physio-air-confort-18-36m-the-gardener\\\/\",\"url\":\"https:\\\/\\\/paragaleriedetalborjt.com\\\/boutique\\\/bebe-confort-2-succette-physio-air-confort-18-36m-the-gardener\\\/\",\"name\":\"Bebe Confort 2 Succette Physio Air Confort 18-36m The Gardener - paragaleriedetalborjt\",\"isPartOf\":{\"@id\":\"https:\\\/\\\/paragaleriedetalborjt.com\\\/#website\"},\"primaryImageOfPage\":{\"@id\":\"https:\\\/\\\/paragaleriedetalborjt.com\\\/boutique\\\/bebe-confort-2-succette-physio-air-confort-18-36m-the-gardener\\\/#primaryimage\"},\"image\":{\"@id\":\"https:\\\/\\\/paragaleriedetalborjt.com\\\/boutique\\\/bebe-confort-2-succette-physio-air-confort-18-36m-the-gardener\\\/#primaryimage\"},\"thumbnailUrl\":\"https:\\\/\\\/paragaleriedetalborjt.com\\\/wp-content\\\/uploads\\\/2026\\\/01\\\/BB-Conf-2-Suc-Physio-Air-Conf-6-18m-The-gardener.jpg\",\"datePublished\":\"2026-01-02T18:04:33+00:00\",\"breadcrumb\":{\"@id\":\"https:\\\/\\\/paragaleriedetalborjt.com\\\/boutique\\\/bebe-confort-2-succette-physio-air-confort-18-36m-the-gardener\\\/#breadcrumb\"},\"inLanguage\":\"en-US\",\"potentialAction\":[{\"@type\":\"ReadAction\",\"target\":[\"https:\\\/\\\/paragaleriedetalborjt.com\\\/boutique\\\/bebe-confort-2-succette-physio-air-confort-18-36m-the-gardener\\\/\"]}]},{\"@type\":\"ImageObject\",\"inLanguage\":\"en-US\",\"@id\":\"https:\\\/\\\/paragaleriedetalborjt.com\\\/boutique\\\/bebe-confort-2-succette-physio-air-confort-18-36m-the-gardener\\\/#primaryimage\",\"url\":\"https:\\\/\\\/paragaleriedetalborjt.com\\\/wp-content\\\/uploads\\\/2026\\\/01\\\/BB-Conf-2-Suc-Physio-Air-Conf-6-18m-The-gardener.jpg\",\"contentUrl\":\"https:\\\/\\\/paragaleriedetalborjt.com\\\/wp-content\\\/uploads\\\/2026\\\/01\\\/BB-Conf-2-Suc-Physio-Air-Conf-6-18m-The-gardener.jpg\",\"width\":595,\"height\":655},{\"@type\":\"BreadcrumbList\",\"@id\":\"https:\\\/\\\/paragaleriedetalborjt.com\\\/boutique\\\/bebe-confort-2-succette-physio-air-confort-18-36m-the-gardener\\\/#breadcrumb\",\"itemListElement\":[{\"@type\":\"ListItem\",\"position\":1,\"name\":\"Accueil\",\"item\":\"https:\\\/\\\/paragaleriedetalborjt.com\\\/\"},{\"@type\":\"ListItem\",\"position\":2,\"name\":\"Boutique\",\"item\":\"https:\\\/\\\/paragaleriedetalborjt.com\\\/boutique\\\/\"},{\"@type\":\"ListItem\",\"position\":3,\"name\":\"Bebe Confort 2 Succette Physio Air Confort 18-36m The Gardener\"}]},{\"@type\":\"WebSite\",\"@id\":\"https:\\\/\\\/paragaleriedetalborjt.com\\\/#website\",\"url\":\"https:\\\/\\\/paragaleriedetalborjt.com\\\/\",\"name\":\"paragaleriedetalborjt\",\"description\":\"\",\"potentialAction\":[{\"@type\":\"SearchAction\",\"target\":{\"@type\":\"EntryPoint\",\"urlTemplate\":\"https:\\\/\\\/paragaleriedetalborjt.com\\\/?s={search_term_string}\"},\"query-input\":{\"@type\":\"PropertyValueSpecification\",\"valueRequired\":true,\"valueName\":\"search_term_string\"}}],\"inLanguage\":\"en-US\"}]}<\/script>\n<!-- \/ Yoast SEO plugin. -->","yoast_head_json":{"title":"Bebe Confort 2 Succette Physio Air Confort 18-36m The Gardener - paragaleriedetalborjt","robots":{"index":"index","follow":"follow","max-snippet":"max-snippet:-1","max-image-preview":"max-image-preview:large","max-video-preview":"max-video-preview:-1"},"canonical":"https:\/\/paragaleriedetalborjt.com\/en\/boutique\/bebe-confort-2-succette-physio-air-confort-18-36m-the-gardener\/","og_locale":"en_US","og_type":"article","og_title":"Bebe Confort 2 Succette Physio Air Confort 18-36m The Gardener - paragaleriedetalborjt","og_description":"Highlights:Lot de 2 sucettes Physio Air Confort silicone 18-36 mois","og_url":"https:\/\/paragaleriedetalborjt.com\/en\/boutique\/bebe-confort-2-succette-physio-air-confort-18-36m-the-gardener\/","og_site_name":"paragaleriedetalborjt","og_image":[{"width":595,"height":655,"url":"https:\/\/paragaleriedetalborjt.com\/wp-content\/uploads\/2026\/01\/BB-Conf-2-Suc-Physio-Air-Conf-6-18m-The-gardener.jpg","type":"image\/jpeg"}],"twitter_card":"summary_large_image","schema":{"@context":"https:\/\/schema.org","@graph":[{"@type":"WebPage","@id":"https:\/\/paragaleriedetalborjt.com\/boutique\/bebe-confort-2-succette-physio-air-confort-18-36m-the-gardener\/","url":"https:\/\/paragaleriedetalborjt.com\/boutique\/bebe-confort-2-succette-physio-air-confort-18-36m-the-gardener\/","name":"Bebe Confort 2 Succette Physio Air Confort 18-36m The Gardener - paragaleriedetalborjt","isPartOf":{"@id":"https:\/\/paragaleriedetalborjt.com\/#website"},"primaryImageOfPage":{"@id":"https:\/\/paragaleriedetalborjt.com\/boutique\/bebe-confort-2-succette-physio-air-confort-18-36m-the-gardener\/#primaryimage"},"image":{"@id":"https:\/\/paragaleriedetalborjt.com\/boutique\/bebe-confort-2-succette-physio-air-confort-18-36m-the-gardener\/#primaryimage"},"thumbnailUrl":"https:\/\/paragaleriedetalborjt.com\/wp-content\/uploads\/2026\/01\/BB-Conf-2-Suc-Physio-Air-Conf-6-18m-The-gardener.jpg","datePublished":"2026-01-02T18:04:33+00:00","breadcrumb":{"@id":"https:\/\/paragaleriedetalborjt.com\/boutique\/bebe-confort-2-succette-physio-air-confort-18-36m-the-gardener\/#breadcrumb"},"inLanguage":"en-US","potentialAction":[{"@type":"ReadAction","target":["https:\/\/paragaleriedetalborjt.com\/boutique\/bebe-confort-2-succette-physio-air-confort-18-36m-the-gardener\/"]}]},{"@type":"ImageObject","inLanguage":"en-US","@id":"https:\/\/paragaleriedetalborjt.com\/boutique\/bebe-confort-2-succette-physio-air-confort-18-36m-the-gardener\/#primaryimage","url":"https:\/\/paragaleriedetalborjt.com\/wp-content\/uploads\/2026\/01\/BB-Conf-2-Suc-Physio-Air-Conf-6-18m-The-gardener.jpg","contentUrl":"https:\/\/paragaleriedetalborjt.com\/wp-content\/uploads\/2026\/01\/BB-Conf-2-Suc-Physio-Air-Conf-6-18m-The-gardener.jpg","width":595,"height":655},{"@type":"BreadcrumbList","@id":"https:\/\/paragaleriedetalborjt.com\/boutique\/bebe-confort-2-succette-physio-air-confort-18-36m-the-gardener\/#breadcrumb","itemListElement":[{"@type":"ListItem","position":1,"name":"Accueil","item":"https:\/\/paragaleriedetalborjt.com\/"},{"@type":"ListItem","position":2,"name":"Boutique","item":"https:\/\/paragaleriedetalborjt.com\/boutique\/"},{"@type":"ListItem","position":3,"name":"Bebe Confort 2 Succette Physio Air Confort 18-36m The Gardener"}]},{"@type":"WebSite","@id":"https:\/\/paragaleriedetalborjt.com\/#website","url":"https:\/\/paragaleriedetalborjt.com\/","name":"paragaleriedetalborjt","description":"","potentialAction":[{"@type":"SearchAction","target":{"@type":"EntryPoint","urlTemplate":"https:\/\/paragaleriedetalborjt.com\/?s={search_term_string}"},"query-input":{"@type":"PropertyValueSpecification","valueRequired":true,"valueName":"search_term_string"}}],"inLanguage":"en-US"}]}},"brands":[],"_links":{"self":[{"href":"https:\/\/paragaleriedetalborjt.com\/en\/wp-json\/wp\/v2\/product\/30215","targetHints":{"allow":["GET"]}}],"collection":[{"href":"https:\/\/paragaleriedetalborjt.com\/en\/wp-json\/wp\/v2\/product"}],"about":[{"href":"https:\/\/paragaleriedetalborjt.com\/en\/wp-json\/wp\/v2\/types\/product"}],"replies":[{"embeddable":true,"href":"https:\/\/paragaleriedetalborjt.com\/en\/wp-json\/wp\/v2\/comments?post=30215"}],"version-history":[{"count":1,"href":"https:\/\/paragaleriedetalborjt.com\/en\/wp-json\/wp\/v2\/product\/30215\/revisions"}],"predecessor-version":[{"id":30217,"href":"https:\/\/paragaleriedetalborjt.com\/en\/wp-json\/wp\/v2\/product\/30215\/revisions\/30217"}],"wp:featuredmedia":[{"embeddable":true,"href":"https:\/\/paragaleriedetalborjt.com\/en\/wp-json\/wp\/v2\/media\/30216"}],"wp:attachment":[{"href":"https:\/\/paragaleriedetalborjt.com\/en\/wp-json\/wp\/v2\/media?parent=30215"}],"wp:term":[{"taxonomy":"pwb-brand","embeddable":true,"href":"https:\/\/paragaleriedetalborjt.com\/en\/wp-json\/wp\/v2\/pwb-brand?post=30215"},{"taxonomy":"product_cat","embeddable":true,"href":"https:\/\/paragaleriedetalborjt.com\/en\/wp-json\/wp\/v2\/product_cat?post=30215"},{"taxonomy":"product_tag","embeddable":true,"href":"https:\/\/paragaleriedetalborjt.com\/en\/wp-json\/wp\/v2\/product_tag?post=30215"}],"curies":[{"name":"wp","href":"https:\/\/api.w.org\/{rel}","templated":true}]}}