{"id":30149,"date":"2026-01-02T19:03:25","date_gmt":"2026-01-02T18:03:25","guid":{"rendered":"https:\/\/paragaleriedetalborjt.com\/?post_type=product&#038;p=30149"},"modified":"2026-01-02T19:03:25","modified_gmt":"2026-01-02T18:03:25","slug":"arganell-huile-de-massage-anti-douleurs-musculaire-200ml","status":"publish","type":"product","link":"https:\/\/paragaleriedetalborjt.com\/en\/boutique\/arganell-huile-de-massage-anti-douleurs-musculaire-200ml\/","title":{"rendered":"Arganell Huile de Massage Anti-Douleurs Musculaire 200ml"},"content":{"rendered":"<div aria-labelledby=\"tab-title-description\" class=\"woocommerce-Tabs-panel woocommerce-Tabs-panel--description panel entry-content wc-tab\" id=\"tab-description\" role=\"tabpanel\" style=\"\">\n<h2>Description<\/h2>\n<p>Compos\u00e9e d\u2019une synergie d\u2019huiles v\u00e9g\u00e9tales et mac\u00e9r\u00e2ts soigneusement s\u00e9lectionn\u00e9s, additionn\u00e9s d\u2019huiles essentielles de fenouil et d\u2019eucalyptus r\u00e9put\u00e9es pour leurs vertus analg\u00e9siques, cette huile de massage est id\u00e9ale pour traiter les douleurs musculaires. Elle est parfaite tout aussi bien pour les personnes qui pratiquent du sport que les personnes s\u00e9dentaires afin de soulager les douleurs de crampes.<\/p>\n<p><span class=\"EOP SCXW150762841 BCX8\" data-ccp-props=''><strong>CONSEILS D\u2019UTILISATION<\/strong><\/span><\/p>\n<p>Appliquez sur l\u2019ensemble du corps avec des mouvements circulaires.<\/p>\n<\/div>","protected":false},"excerpt":{"rendered":"<p>Highlights:cette huile de massage est id\u00e9ale pour traiter les douleurs musculaires.<\/p>","protected":false},"featured_media":30150,"comment_status":"open","ping_status":"closed","template":"","meta":[],"pwb-brand":[],"product_cat":[16],"product_tag":[],"class_list":{"0":"post-30149","1":"product","2":"type-product","3":"status-publish","4":"has-post-thumbnail","6":"product_cat-non-classe","7":"pa_brands-arganell","9":"first","10":"instock","11":"sale","12":"shipping-taxable","13":"purchasable","14":"product-type-simple"},"yoast_head":"<!-- This site is optimized with the Yoast SEO plugin v26.9 - https:\/\/yoast.com\/product\/yoast-seo-wordpress\/ -->\n<title>Arganell Huile de Massage Anti-Douleurs Musculaire 200ml - paragaleriedetalborjt<\/title>\n<meta name=\"robots\" content=\"index, follow, max-snippet:-1, max-image-preview:large, max-video-preview:-1\" \/>\n<link rel=\"canonical\" href=\"https:\/\/paragaleriedetalborjt.com\/en\/boutique\/arganell-huile-de-massage-anti-douleurs-musculaire-200ml\/\" \/>\n<meta property=\"og:locale\" content=\"en_US\" \/>\n<meta property=\"og:type\" content=\"article\" \/>\n<meta property=\"og:title\" content=\"Arganell Huile de Massage Anti-Douleurs Musculaire 200ml - paragaleriedetalborjt\" \/>\n<meta property=\"og:description\" content=\"Highlights:cette huile de massage est id\u00e9ale pour traiter les douleurs musculaires.\" \/>\n<meta property=\"og:url\" content=\"https:\/\/paragaleriedetalborjt.com\/en\/boutique\/arganell-huile-de-massage-anti-douleurs-musculaire-200ml\/\" \/>\n<meta property=\"og:site_name\" content=\"paragaleriedetalborjt\" \/>\n<meta property=\"og:image\" content=\"https:\/\/paragaleriedetalborjt.com\/wp-content\/uploads\/2026\/01\/Arganell-Huile-de-massage-anti-douleurs-musculaire-200ml.jpg\" \/>\n\t<meta property=\"og:image:width\" content=\"595\" \/>\n\t<meta property=\"og:image:height\" content=\"655\" \/>\n\t<meta property=\"og:image:type\" content=\"image\/jpeg\" \/>\n<meta name=\"twitter:card\" content=\"summary_large_image\" \/>\n<script type=\"application\/ld+json\" class=\"yoast-schema-graph\">{\"@context\":\"https:\/\/schema.org\",\"@graph\":[{\"@type\":\"WebPage\",\"@id\":\"https:\/\/paragaleriedetalborjt.com\/boutique\/arganell-huile-de-massage-anti-douleurs-musculaire-200ml\/\",\"url\":\"https:\/\/paragaleriedetalborjt.com\/boutique\/arganell-huile-de-massage-anti-douleurs-musculaire-200ml\/\",\"name\":\"Arganell Huile de Massage Anti-Douleurs Musculaire 200ml - paragaleriedetalborjt\",\"isPartOf\":{\"@id\":\"https:\/\/paragaleriedetalborjt.com\/#website\"},\"primaryImageOfPage\":{\"@id\":\"https:\/\/paragaleriedetalborjt.com\/boutique\/arganell-huile-de-massage-anti-douleurs-musculaire-200ml\/#primaryimage\"},\"image\":{\"@id\":\"https:\/\/paragaleriedetalborjt.com\/boutique\/arganell-huile-de-massage-anti-douleurs-musculaire-200ml\/#primaryimage\"},\"thumbnailUrl\":\"https:\/\/paragaleriedetalborjt.com\/wp-content\/uploads\/2026\/01\/Arganell-Huile-de-massage-anti-douleurs-musculaire-200ml.jpg\",\"datePublished\":\"2026-01-02T18:03:25+00:00\",\"breadcrumb\":{\"@id\":\"https:\/\/paragaleriedetalborjt.com\/boutique\/arganell-huile-de-massage-anti-douleurs-musculaire-200ml\/#breadcrumb\"},\"inLanguage\":\"en-US\",\"potentialAction\":[{\"@type\":\"ReadAction\",\"target\":[\"https:\/\/paragaleriedetalborjt.com\/boutique\/arganell-huile-de-massage-anti-douleurs-musculaire-200ml\/\"]}]},{\"@type\":\"ImageObject\",\"inLanguage\":\"en-US\",\"@id\":\"https:\/\/paragaleriedetalborjt.com\/boutique\/arganell-huile-de-massage-anti-douleurs-musculaire-200ml\/#primaryimage\",\"url\":\"https:\/\/paragaleriedetalborjt.com\/wp-content\/uploads\/2026\/01\/Arganell-Huile-de-massage-anti-douleurs-musculaire-200ml.jpg\",\"contentUrl\":\"https:\/\/paragaleriedetalborjt.com\/wp-content\/uploads\/2026\/01\/Arganell-Huile-de-massage-anti-douleurs-musculaire-200ml.jpg\",\"width\":595,\"height\":655},{\"@type\":\"BreadcrumbList\",\"@id\":\"https:\/\/paragaleriedetalborjt.com\/boutique\/arganell-huile-de-massage-anti-douleurs-musculaire-200ml\/#breadcrumb\",\"itemListElement\":[{\"@type\":\"ListItem\",\"position\":1,\"name\":\"Accueil\",\"item\":\"https:\/\/paragaleriedetalborjt.com\/\"},{\"@type\":\"ListItem\",\"position\":2,\"name\":\"Boutique\",\"item\":\"https:\/\/paragaleriedetalborjt.com\/boutique\/\"},{\"@type\":\"ListItem\",\"position\":3,\"name\":\"Arganell Huile de Massage Anti-Douleurs Musculaire 200ml\"}]},{\"@type\":\"WebSite\",\"@id\":\"https:\/\/paragaleriedetalborjt.com\/#website\",\"url\":\"https:\/\/paragaleriedetalborjt.com\/\",\"name\":\"paragaleriedetalborjt\",\"description\":\"\",\"potentialAction\":[{\"@type\":\"SearchAction\",\"target\":{\"@type\":\"EntryPoint\",\"urlTemplate\":\"https:\/\/paragaleriedetalborjt.com\/?s={search_term_string}\"},\"query-input\":{\"@type\":\"PropertyValueSpecification\",\"valueRequired\":true,\"valueName\":\"search_term_string\"}}],\"inLanguage\":\"en-US\"}]}<\/script>\n<!-- \/ Yoast SEO plugin. -->","yoast_head_json":{"title":"Arganell Huile de Massage Anti-Douleurs Musculaire 200ml - paragaleriedetalborjt","robots":{"index":"index","follow":"follow","max-snippet":"max-snippet:-1","max-image-preview":"max-image-preview:large","max-video-preview":"max-video-preview:-1"},"canonical":"https:\/\/paragaleriedetalborjt.com\/en\/boutique\/arganell-huile-de-massage-anti-douleurs-musculaire-200ml\/","og_locale":"en_US","og_type":"article","og_title":"Arganell Huile de Massage Anti-Douleurs Musculaire 200ml - paragaleriedetalborjt","og_description":"Highlights:cette huile de massage est id\u00e9ale pour traiter les douleurs musculaires.","og_url":"https:\/\/paragaleriedetalborjt.com\/en\/boutique\/arganell-huile-de-massage-anti-douleurs-musculaire-200ml\/","og_site_name":"paragaleriedetalborjt","og_image":[{"width":595,"height":655,"url":"https:\/\/paragaleriedetalborjt.com\/wp-content\/uploads\/2026\/01\/Arganell-Huile-de-massage-anti-douleurs-musculaire-200ml.jpg","type":"image\/jpeg"}],"twitter_card":"summary_large_image","schema":{"@context":"https:\/\/schema.org","@graph":[{"@type":"WebPage","@id":"https:\/\/paragaleriedetalborjt.com\/boutique\/arganell-huile-de-massage-anti-douleurs-musculaire-200ml\/","url":"https:\/\/paragaleriedetalborjt.com\/boutique\/arganell-huile-de-massage-anti-douleurs-musculaire-200ml\/","name":"Arganell Huile de Massage Anti-Douleurs Musculaire 200ml - paragaleriedetalborjt","isPartOf":{"@id":"https:\/\/paragaleriedetalborjt.com\/#website"},"primaryImageOfPage":{"@id":"https:\/\/paragaleriedetalborjt.com\/boutique\/arganell-huile-de-massage-anti-douleurs-musculaire-200ml\/#primaryimage"},"image":{"@id":"https:\/\/paragaleriedetalborjt.com\/boutique\/arganell-huile-de-massage-anti-douleurs-musculaire-200ml\/#primaryimage"},"thumbnailUrl":"https:\/\/paragaleriedetalborjt.com\/wp-content\/uploads\/2026\/01\/Arganell-Huile-de-massage-anti-douleurs-musculaire-200ml.jpg","datePublished":"2026-01-02T18:03:25+00:00","breadcrumb":{"@id":"https:\/\/paragaleriedetalborjt.com\/boutique\/arganell-huile-de-massage-anti-douleurs-musculaire-200ml\/#breadcrumb"},"inLanguage":"en-US","potentialAction":[{"@type":"ReadAction","target":["https:\/\/paragaleriedetalborjt.com\/boutique\/arganell-huile-de-massage-anti-douleurs-musculaire-200ml\/"]}]},{"@type":"ImageObject","inLanguage":"en-US","@id":"https:\/\/paragaleriedetalborjt.com\/boutique\/arganell-huile-de-massage-anti-douleurs-musculaire-200ml\/#primaryimage","url":"https:\/\/paragaleriedetalborjt.com\/wp-content\/uploads\/2026\/01\/Arganell-Huile-de-massage-anti-douleurs-musculaire-200ml.jpg","contentUrl":"https:\/\/paragaleriedetalborjt.com\/wp-content\/uploads\/2026\/01\/Arganell-Huile-de-massage-anti-douleurs-musculaire-200ml.jpg","width":595,"height":655},{"@type":"BreadcrumbList","@id":"https:\/\/paragaleriedetalborjt.com\/boutique\/arganell-huile-de-massage-anti-douleurs-musculaire-200ml\/#breadcrumb","itemListElement":[{"@type":"ListItem","position":1,"name":"Accueil","item":"https:\/\/paragaleriedetalborjt.com\/"},{"@type":"ListItem","position":2,"name":"Boutique","item":"https:\/\/paragaleriedetalborjt.com\/boutique\/"},{"@type":"ListItem","position":3,"name":"Arganell Huile de Massage Anti-Douleurs Musculaire 200ml"}]},{"@type":"WebSite","@id":"https:\/\/paragaleriedetalborjt.com\/#website","url":"https:\/\/paragaleriedetalborjt.com\/","name":"paragaleriedetalborjt","description":"","potentialAction":[{"@type":"SearchAction","target":{"@type":"EntryPoint","urlTemplate":"https:\/\/paragaleriedetalborjt.com\/?s={search_term_string}"},"query-input":{"@type":"PropertyValueSpecification","valueRequired":true,"valueName":"search_term_string"}}],"inLanguage":"en-US"}]}},"brands":[],"_links":{"self":[{"href":"https:\/\/paragaleriedetalborjt.com\/en\/wp-json\/wp\/v2\/product\/30149","targetHints":{"allow":["GET"]}}],"collection":[{"href":"https:\/\/paragaleriedetalborjt.com\/en\/wp-json\/wp\/v2\/product"}],"about":[{"href":"https:\/\/paragaleriedetalborjt.com\/en\/wp-json\/wp\/v2\/types\/product"}],"replies":[{"embeddable":true,"href":"https:\/\/paragaleriedetalborjt.com\/en\/wp-json\/wp\/v2\/comments?post=30149"}],"version-history":[{"count":1,"href":"https:\/\/paragaleriedetalborjt.com\/en\/wp-json\/wp\/v2\/product\/30149\/revisions"}],"predecessor-version":[{"id":30151,"href":"https:\/\/paragaleriedetalborjt.com\/en\/wp-json\/wp\/v2\/product\/30149\/revisions\/30151"}],"wp:featuredmedia":[{"embeddable":true,"href":"https:\/\/paragaleriedetalborjt.com\/en\/wp-json\/wp\/v2\/media\/30150"}],"wp:attachment":[{"href":"https:\/\/paragaleriedetalborjt.com\/en\/wp-json\/wp\/v2\/media?parent=30149"}],"wp:term":[{"taxonomy":"pwb-brand","embeddable":true,"href":"https:\/\/paragaleriedetalborjt.com\/en\/wp-json\/wp\/v2\/pwb-brand?post=30149"},{"taxonomy":"product_cat","embeddable":true,"href":"https:\/\/paragaleriedetalborjt.com\/en\/wp-json\/wp\/v2\/product_cat?post=30149"},{"taxonomy":"product_tag","embeddable":true,"href":"https:\/\/paragaleriedetalborjt.com\/en\/wp-json\/wp\/v2\/product_tag?post=30149"}],"curies":[{"name":"wp","href":"https:\/\/api.w.org\/{rel}","templated":true}]}}