{"id":30024,"date":"2026-01-02T19:01:15","date_gmt":"2026-01-02T18:01:15","guid":{"rendered":"https:\/\/paragaleriedetalborjt.com\/?post_type=product&#038;p=30024"},"modified":"2026-01-02T19:01:15","modified_gmt":"2026-01-02T18:01:15","slug":"tadam-serviette-ultra-coton-bio-nuit-10un","status":"publish","type":"product","link":"https:\/\/paragaleriedetalborjt.com\/en\/boutique\/tadam-serviette-ultra-coton-bio-nuit-10un\/","title":{"rendered":"Tadam Serviette Ultra Coton Bio Nuit+ 10un"},"content":{"rendered":"<div aria-labelledby=\"tab-title-description\" class=\"woocommerce-Tabs-panel woocommerce-Tabs-panel--description panel entry-content wc-tab\" id=\"tab-description\" role=\"tabpanel\" style=\"\">\n<h2>Description<\/h2>\n<section class=\"elementor-section elementor-inner-section elementor-element elementor-element-e647f89 elementor-section-content-top elementor-section-boxed elementor-section-height-default elementor-section-height-default\" data-element_type=\"section\" data-id=\"e647f89\">\n<div class=\"elementor-container elementor-column-gap-default\">\n<div class=\"elementor-row\">\n<div class=\"elementor-column elementor-col-50 elementor-inner-column elementor-element elementor-element-96dcec6\" data-element_type=\"column\" data-id=\"96dcec6\">\n<div class=\"elementor-column-wrap elementor-element-populated\">\n<div class=\"elementor-widget-wrap\">\n<div class=\"elementor-element elementor-element-6254ec8 elementor-widget elementor-widget-heading\" data-element_type=\"widget\" data-id=\"6254ec8\" data-widget_type=\"heading.default\">\n<div class=\"elementor-widget-container\">\n<p class=\"elementor-heading-title elementor-size-default\"><span style=\"font-size: 1rem\">Voile en contact avec la peau en coton bio certifi\u00e9 GOTS<\/span><\/p>\n<\/div>\n<\/div>\n<\/div>\n<\/div>\n<\/div>\n<\/div>\n<\/div>\n<\/section>\n<section class=\"elementor-section elementor-inner-section elementor-element elementor-element-e34b174 elementor-section-content-top elementor-section-boxed elementor-section-height-default elementor-section-height-default\" data-element_type=\"section\" data-id=\"e34b174\">\n<div class=\"elementor-container elementor-column-gap-default\">\n<div class=\"elementor-row\">\n<div class=\"elementor-column elementor-col-50 elementor-inner-column elementor-element elementor-element-3f3eaf5\" data-element_type=\"column\" data-id=\"3f3eaf5\">\n<div class=\"elementor-column-wrap elementor-element-populated\">\n<div class=\"elementor-widget-wrap\">\n<div class=\"elementor-element elementor-element-fcb6344 elementor-widget elementor-widget-image\" data-element_type=\"widget\" data-id=\"fcb6344\" data-widget_type=\"image.default\">\n<div class=\"elementor-widget-container\">\n<div class=\"elementor-image\"><\/div>\n<\/div>\n<\/div>\n<\/div>\n<\/div>\n<\/div>\n<div class=\"elementor-column elementor-col-50 elementor-inner-column elementor-element elementor-element-a736e0c\" data-element_type=\"column\" data-id=\"a736e0c\">\n<div class=\"elementor-column-wrap elementor-element-populated\">\n<div class=\"elementor-widget-wrap\">\n<div class=\"elementor-element elementor-element-eeaac56 elementor-widget elementor-widget-heading\" data-element_type=\"widget\" data-id=\"eeaac56\" data-widget_type=\"heading.default\">\n<div class=\"elementor-widget-container\">\n<p class=\"elementor-heading-title elementor-size-default\">\u2022 Non-irritantes et hypoallerg\u00e9niques<\/p>\n<\/div>\n<\/div>\n<\/div>\n<\/div>\n<\/div>\n<\/div>\n<\/div>\n<\/section>\n<section class=\"elementor-section elementor-inner-section elementor-element elementor-element-e098b22 elementor-section-content-top elementor-section-boxed elementor-section-height-default elementor-section-height-default\" data-element_type=\"section\" data-id=\"e098b22\">\n<div class=\"elementor-container elementor-column-gap-default\">\n<div class=\"elementor-row\">\n<div class=\"elementor-column elementor-col-50 elementor-inner-column elementor-element elementor-element-626f3bc\" data-element_type=\"column\" data-id=\"626f3bc\">\n<div class=\"elementor-column-wrap elementor-element-populated\">\n<div class=\"elementor-widget-wrap\">\n<div class=\"elementor-element elementor-element-6af361d elementor-widget elementor-widget-image\" data-element_type=\"widget\" data-id=\"6af361d\" data-widget_type=\"image.default\">\n<div class=\"elementor-widget-container\">\n<div class=\"elementor-image\"><\/div>\n<\/div>\n<\/div>\n<\/div>\n<\/div>\n<\/div>\n<div class=\"elementor-column elementor-col-50 elementor-inner-column elementor-element elementor-element-3ca62e6\" data-element_type=\"column\" data-id=\"3ca62e6\">\n<div class=\"elementor-column-wrap elementor-element-populated\">\n<div class=\"elementor-widget-wrap\">\n<div class=\"elementor-element elementor-element-f9335f5 elementor-widget elementor-widget-heading\" data-element_type=\"widget\" data-id=\"f9335f5\" data-widget_type=\"heading.default\">\n<div class=\"elementor-widget-container\">\n<p class=\"elementor-heading-title elementor-size-default\"><b>Non blanchies au chlore, sans parfum, sans lotion, sans aucun des 26 allerg\u00e8nes list\u00e9s par l\u2019Union Europ\u00e9enne<\/b><\/p>\n<\/div>\n<\/div>\n<\/div>\n<\/div>\n<\/div>\n<\/div>\n<\/div>\n<\/section>\n<section class=\"elementor-section elementor-inner-section elementor-element elementor-element-36c6095 elementor-section-content-top elementor-section-boxed elementor-section-height-default elementor-section-height-default\" data-element_type=\"section\" data-id=\"36c6095\">\n<div class=\"elementor-container elementor-column-gap-default\">\n<div class=\"elementor-row\">\n<div class=\"elementor-column elementor-col-50 elementor-inner-column elementor-element elementor-element-ddfb1f3\" data-element_type=\"column\" data-id=\"ddfb1f3\">\n<div class=\"elementor-column-wrap elementor-element-populated\">\n<div class=\"elementor-widget-wrap\">\n<div class=\"elementor-element elementor-element-2bfb858 elementor-widget elementor-widget-image\" data-element_type=\"widget\" data-id=\"2bfb858\" data-widget_type=\"image.default\">\n<div class=\"elementor-widget-container\">\n<div class=\"elementor-image\"><\/div>\n<\/div>\n<\/div>\n<\/div>\n<\/div>\n<\/div>\n<div class=\"elementor-column elementor-col-50 elementor-inner-column elementor-element elementor-element-4578476\" data-element_type=\"column\" data-id=\"4578476\">\n<div class=\"elementor-column-wrap elementor-element-populated\">\n<div class=\"elementor-widget-wrap\">\n<div class=\"elementor-element elementor-element-76c4103 elementor-widget elementor-widget-heading\" data-element_type=\"widget\" data-id=\"76c4103\" data-widget_type=\"heading.default\">\n<div class=\"elementor-widget-container\">\n<p class=\"elementor-heading-title elementor-size-default\"><b>Test\u00e9es gyn\u00e9cologiquement et dermatologiquement<\/b><\/p>\n<\/div>\n<\/div>\n<\/div>\n<\/div>\n<\/div>\n<\/div>\n<\/div>\n<\/section>\n<section class=\"elementor-section elementor-inner-section elementor-element elementor-element-0b3bcdc elementor-section-content-top elementor-section-boxed elementor-section-height-default elementor-section-height-default\" data-element_type=\"section\" data-id=\"0b3bcdc\">\n<div class=\"elementor-container elementor-column-gap-default\">\n<div class=\"elementor-row\">\n<div class=\"elementor-column elementor-col-50 elementor-inner-column elementor-element elementor-element-8e88fa3\" data-element_type=\"column\" data-id=\"8e88fa3\">\n<div class=\"elementor-column-wrap elementor-element-populated\">\n<div class=\"elementor-widget-wrap\">\n<div class=\"elementor-element elementor-element-1b6ee13 elementor-widget elementor-widget-image\" data-element_type=\"widget\" data-id=\"1b6ee13\" data-widget_type=\"image.default\">\n<div class=\"elementor-widget-container\">\n<div class=\"elementor-image\"><\/div>\n<\/div>\n<\/div>\n<\/div>\n<\/div>\n<\/div>\n<div class=\"elementor-column elementor-col-50 elementor-inner-column elementor-element elementor-element-e8a3a0f\" data-element_type=\"column\" data-id=\"e8a3a0f\">\n<div class=\"elementor-column-wrap elementor-element-populated\">\n<div class=\"elementor-widget-wrap\">\n<div class=\"elementor-element elementor-element-1a84efd elementor-widget elementor-widget-heading\" data-element_type=\"widget\" data-id=\"1a84efd\" data-widget_type=\"heading.default\">\n<div class=\"elementor-widget-container\">\n<p class=\"elementor-heading-title elementor-size-default\"><b>Labellis\u00e9es Made in Green par Oeko Tex<\/b><\/p>\n<\/div>\n<\/div>\n<\/div>\n<\/div>\n<\/div>\n<\/div>\n<\/div>\n<\/section>\n<section class=\"elementor-section elementor-inner-section elementor-element elementor-element-69b2035 elementor-section-content-top elementor-section-boxed elementor-section-height-default elementor-section-height-default\" data-element_type=\"section\" data-id=\"69b2035\">\n<div class=\"elementor-container elementor-column-gap-default\">\n<div class=\"elementor-row\">\n<div class=\"elementor-column elementor-col-50 elementor-inner-column elementor-element elementor-element-ab24687\" data-element_type=\"column\" data-id=\"ab24687\">\n<div class=\"elementor-column-wrap elementor-element-populated\">\n<div class=\"elementor-widget-wrap\">\n<div class=\"elementor-element elementor-element-e314b84 elementor-widget elementor-widget-image\" data-element_type=\"widget\" data-id=\"e314b84\" data-widget_type=\"image.default\">\n<div class=\"elementor-widget-container\">\n<div class=\"elementor-image\"><\/div>\n<\/div>\n<\/div>\n<\/div>\n<\/div>\n<\/div>\n<div class=\"elementor-column elementor-col-50 elementor-inner-column elementor-element elementor-element-c4a415a\" data-element_type=\"column\" data-id=\"c4a415a\">\n<div class=\"elementor-column-wrap elementor-element-populated\">\n<div class=\"elementor-widget-wrap\">\n<div class=\"elementor-element elementor-element-e747bb2 elementor-widget elementor-widget-text-editor\" data-element_type=\"widget\" data-id=\"e747bb2\" data-widget_type=\"text-editor.default\">\n<div class=\"elementor-widget-container\">\n<div class=\"elementor-text-editor elementor-clearfix\">\n<p><strong>Une composition saine, pour pr\u00e9server votre sant\u00e9 :\u00a0<\/strong><br \/>\nGaranties sans parfum, sans lotion, sans blanchiment au chlore et sans colorant ajout\u00e9s.<\/p>\n<ul>\n<li><strong>Au contact de votre peau<\/strong>\u00a0: voile sup\u00e9rieur micro-a\u00e9r\u00e9 100% coton bio, ailettes douces et barri\u00e8res antifuites en polypropyl\u00e8ne, poly\u00e9thyl\u00e8ne et 15% de coton bio.<\/li>\n<li><strong>\u00c0 l\u2019int\u00e9rieur de la serviette<\/strong>\u00a0: voile d\u2019acquisition non tiss\u00e9, c\u0153ur absorbant en cellulose naturelle et microbilles ultra-absorbantes en polyacrylate de sodium.<\/li>\n<li><strong>Au contact de votre lingerie<\/strong>\u00a0: voile inf\u00e9rieur en poly\u00e9thyl\u00e8ne, r\u00e9sine.<\/li>\n<\/ul>\n<\/div>\n<\/div>\n<\/div>\n<\/div>\n<\/div>\n<\/div>\n<\/div>\n<\/div>\n<\/section>\n<\/div>","protected":false},"excerpt":{"rendered":"<p>Highlights:Ultra minces, extra absorbantes et toutes douces gr\u00e2ce \u00e0 leur voile en coton Bio au contact de la peau, les serviettes ultra de Tadam\u2019 sont id\u00e9ales de jour comme de nuit !<\/p>","protected":false},"featured_media":30022,"comment_status":"open","ping_status":"closed","template":"","meta":[],"pwb-brand":[],"product_cat":[16],"product_tag":[],"class_list":{"0":"post-30024","1":"product","2":"type-product","3":"status-publish","4":"has-post-thumbnail","6":"product_cat-non-classe","7":"pa_brands-tadam","9":"first","10":"instock","11":"sale","12":"shipping-taxable","13":"purchasable","14":"product-type-simple"},"yoast_head":"<!-- This site is optimized with the Yoast SEO plugin v26.9 - https:\/\/yoast.com\/product\/yoast-seo-wordpress\/ -->\n<title>Tadam Serviette Ultra Coton Bio Nuit+ 10un - paragaleriedetalborjt<\/title>\n<meta name=\"robots\" content=\"index, follow, max-snippet:-1, max-image-preview:large, max-video-preview:-1\" \/>\n<link rel=\"canonical\" href=\"https:\/\/paragaleriedetalborjt.com\/en\/boutique\/tadam-serviette-ultra-coton-bio-nuit-10un\/\" \/>\n<meta property=\"og:locale\" content=\"en_US\" \/>\n<meta property=\"og:type\" content=\"article\" \/>\n<meta property=\"og:title\" content=\"Tadam Serviette Ultra Coton Bio Nuit+ 10un - paragaleriedetalborjt\" \/>\n<meta property=\"og:description\" content=\"Highlights:Ultra minces, extra absorbantes et toutes douces gr\u00e2ce \u00e0 leur voile en coton Bio au contact de la peau, les serviettes ultra de Tadam\u2019 sont id\u00e9ales de jour comme de nuit !\" \/>\n<meta property=\"og:url\" content=\"https:\/\/paragaleriedetalborjt.com\/en\/boutique\/tadam-serviette-ultra-coton-bio-nuit-10un\/\" \/>\n<meta property=\"og:site_name\" content=\"paragaleriedetalborjt\" \/>\n<meta property=\"og:image\" content=\"https:\/\/paragaleriedetalborjt.com\/wp-content\/uploads\/2026\/01\/Tadam-Serviette-ultra-coton-bio-nuit-10un.jpg\" \/>\n\t<meta property=\"og:image:width\" content=\"595\" \/>\n\t<meta property=\"og:image:height\" content=\"655\" \/>\n\t<meta property=\"og:image:type\" content=\"image\/jpeg\" \/>\n<meta name=\"twitter:card\" content=\"summary_large_image\" \/>\n<meta name=\"twitter:label1\" content=\"Est. reading time\" \/>\n\t<meta name=\"twitter:data1\" content=\"1 minute\" \/>\n<script type=\"application\/ld+json\" class=\"yoast-schema-graph\">{\"@context\":\"https:\/\/schema.org\",\"@graph\":[{\"@type\":\"WebPage\",\"@id\":\"https:\/\/paragaleriedetalborjt.com\/boutique\/tadam-serviette-ultra-coton-bio-nuit-10un\/\",\"url\":\"https:\/\/paragaleriedetalborjt.com\/boutique\/tadam-serviette-ultra-coton-bio-nuit-10un\/\",\"name\":\"Tadam Serviette Ultra Coton Bio Nuit+ 10un - paragaleriedetalborjt\",\"isPartOf\":{\"@id\":\"https:\/\/paragaleriedetalborjt.com\/#website\"},\"primaryImageOfPage\":{\"@id\":\"https:\/\/paragaleriedetalborjt.com\/boutique\/tadam-serviette-ultra-coton-bio-nuit-10un\/#primaryimage\"},\"image\":{\"@id\":\"https:\/\/paragaleriedetalborjt.com\/boutique\/tadam-serviette-ultra-coton-bio-nuit-10un\/#primaryimage\"},\"thumbnailUrl\":\"https:\/\/paragaleriedetalborjt.com\/wp-content\/uploads\/2026\/01\/Tadam-Serviette-ultra-coton-bio-nuit-10un.jpg\",\"datePublished\":\"2026-01-02T18:01:15+00:00\",\"breadcrumb\":{\"@id\":\"https:\/\/paragaleriedetalborjt.com\/boutique\/tadam-serviette-ultra-coton-bio-nuit-10un\/#breadcrumb\"},\"inLanguage\":\"en-US\",\"potentialAction\":[{\"@type\":\"ReadAction\",\"target\":[\"https:\/\/paragaleriedetalborjt.com\/boutique\/tadam-serviette-ultra-coton-bio-nuit-10un\/\"]}]},{\"@type\":\"ImageObject\",\"inLanguage\":\"en-US\",\"@id\":\"https:\/\/paragaleriedetalborjt.com\/boutique\/tadam-serviette-ultra-coton-bio-nuit-10un\/#primaryimage\",\"url\":\"https:\/\/paragaleriedetalborjt.com\/wp-content\/uploads\/2026\/01\/Tadam-Serviette-ultra-coton-bio-nuit-10un.jpg\",\"contentUrl\":\"https:\/\/paragaleriedetalborjt.com\/wp-content\/uploads\/2026\/01\/Tadam-Serviette-ultra-coton-bio-nuit-10un.jpg\",\"width\":595,\"height\":655},{\"@type\":\"BreadcrumbList\",\"@id\":\"https:\/\/paragaleriedetalborjt.com\/boutique\/tadam-serviette-ultra-coton-bio-nuit-10un\/#breadcrumb\",\"itemListElement\":[{\"@type\":\"ListItem\",\"position\":1,\"name\":\"Accueil\",\"item\":\"https:\/\/paragaleriedetalborjt.com\/\"},{\"@type\":\"ListItem\",\"position\":2,\"name\":\"Boutique\",\"item\":\"https:\/\/paragaleriedetalborjt.com\/boutique\/\"},{\"@type\":\"ListItem\",\"position\":3,\"name\":\"Tadam Serviette Ultra Coton Bio Nuit+ 10un\"}]},{\"@type\":\"WebSite\",\"@id\":\"https:\/\/paragaleriedetalborjt.com\/#website\",\"url\":\"https:\/\/paragaleriedetalborjt.com\/\",\"name\":\"paragaleriedetalborjt\",\"description\":\"\",\"potentialAction\":[{\"@type\":\"SearchAction\",\"target\":{\"@type\":\"EntryPoint\",\"urlTemplate\":\"https:\/\/paragaleriedetalborjt.com\/?s={search_term_string}\"},\"query-input\":{\"@type\":\"PropertyValueSpecification\",\"valueRequired\":true,\"valueName\":\"search_term_string\"}}],\"inLanguage\":\"en-US\"}]}<\/script>\n<!-- \/ Yoast SEO plugin. -->","yoast_head_json":{"title":"Tadam Serviette Ultra Coton Bio Nuit+ 10un - paragaleriedetalborjt","robots":{"index":"index","follow":"follow","max-snippet":"max-snippet:-1","max-image-preview":"max-image-preview:large","max-video-preview":"max-video-preview:-1"},"canonical":"https:\/\/paragaleriedetalborjt.com\/en\/boutique\/tadam-serviette-ultra-coton-bio-nuit-10un\/","og_locale":"en_US","og_type":"article","og_title":"Tadam Serviette Ultra Coton Bio Nuit+ 10un - paragaleriedetalborjt","og_description":"Highlights:Ultra minces, extra absorbantes et toutes douces gr\u00e2ce \u00e0 leur voile en coton Bio au contact de la peau, les serviettes ultra de Tadam\u2019 sont id\u00e9ales de jour comme de nuit !","og_url":"https:\/\/paragaleriedetalborjt.com\/en\/boutique\/tadam-serviette-ultra-coton-bio-nuit-10un\/","og_site_name":"paragaleriedetalborjt","og_image":[{"width":595,"height":655,"url":"https:\/\/paragaleriedetalborjt.com\/wp-content\/uploads\/2026\/01\/Tadam-Serviette-ultra-coton-bio-nuit-10un.jpg","type":"image\/jpeg"}],"twitter_card":"summary_large_image","twitter_misc":{"Est. reading time":"1 minute"},"schema":{"@context":"https:\/\/schema.org","@graph":[{"@type":"WebPage","@id":"https:\/\/paragaleriedetalborjt.com\/boutique\/tadam-serviette-ultra-coton-bio-nuit-10un\/","url":"https:\/\/paragaleriedetalborjt.com\/boutique\/tadam-serviette-ultra-coton-bio-nuit-10un\/","name":"Tadam Serviette Ultra Coton Bio Nuit+ 10un - paragaleriedetalborjt","isPartOf":{"@id":"https:\/\/paragaleriedetalborjt.com\/#website"},"primaryImageOfPage":{"@id":"https:\/\/paragaleriedetalborjt.com\/boutique\/tadam-serviette-ultra-coton-bio-nuit-10un\/#primaryimage"},"image":{"@id":"https:\/\/paragaleriedetalborjt.com\/boutique\/tadam-serviette-ultra-coton-bio-nuit-10un\/#primaryimage"},"thumbnailUrl":"https:\/\/paragaleriedetalborjt.com\/wp-content\/uploads\/2026\/01\/Tadam-Serviette-ultra-coton-bio-nuit-10un.jpg","datePublished":"2026-01-02T18:01:15+00:00","breadcrumb":{"@id":"https:\/\/paragaleriedetalborjt.com\/boutique\/tadam-serviette-ultra-coton-bio-nuit-10un\/#breadcrumb"},"inLanguage":"en-US","potentialAction":[{"@type":"ReadAction","target":["https:\/\/paragaleriedetalborjt.com\/boutique\/tadam-serviette-ultra-coton-bio-nuit-10un\/"]}]},{"@type":"ImageObject","inLanguage":"en-US","@id":"https:\/\/paragaleriedetalborjt.com\/boutique\/tadam-serviette-ultra-coton-bio-nuit-10un\/#primaryimage","url":"https:\/\/paragaleriedetalborjt.com\/wp-content\/uploads\/2026\/01\/Tadam-Serviette-ultra-coton-bio-nuit-10un.jpg","contentUrl":"https:\/\/paragaleriedetalborjt.com\/wp-content\/uploads\/2026\/01\/Tadam-Serviette-ultra-coton-bio-nuit-10un.jpg","width":595,"height":655},{"@type":"BreadcrumbList","@id":"https:\/\/paragaleriedetalborjt.com\/boutique\/tadam-serviette-ultra-coton-bio-nuit-10un\/#breadcrumb","itemListElement":[{"@type":"ListItem","position":1,"name":"Accueil","item":"https:\/\/paragaleriedetalborjt.com\/"},{"@type":"ListItem","position":2,"name":"Boutique","item":"https:\/\/paragaleriedetalborjt.com\/boutique\/"},{"@type":"ListItem","position":3,"name":"Tadam Serviette Ultra Coton Bio Nuit+ 10un"}]},{"@type":"WebSite","@id":"https:\/\/paragaleriedetalborjt.com\/#website","url":"https:\/\/paragaleriedetalborjt.com\/","name":"paragaleriedetalborjt","description":"","potentialAction":[{"@type":"SearchAction","target":{"@type":"EntryPoint","urlTemplate":"https:\/\/paragaleriedetalborjt.com\/?s={search_term_string}"},"query-input":{"@type":"PropertyValueSpecification","valueRequired":true,"valueName":"search_term_string"}}],"inLanguage":"en-US"}]}},"brands":[],"_links":{"self":[{"href":"https:\/\/paragaleriedetalborjt.com\/en\/wp-json\/wp\/v2\/product\/30024","targetHints":{"allow":["GET"]}}],"collection":[{"href":"https:\/\/paragaleriedetalborjt.com\/en\/wp-json\/wp\/v2\/product"}],"about":[{"href":"https:\/\/paragaleriedetalborjt.com\/en\/wp-json\/wp\/v2\/types\/product"}],"replies":[{"embeddable":true,"href":"https:\/\/paragaleriedetalborjt.com\/en\/wp-json\/wp\/v2\/comments?post=30024"}],"version-history":[{"count":1,"href":"https:\/\/paragaleriedetalborjt.com\/en\/wp-json\/wp\/v2\/product\/30024\/revisions"}],"predecessor-version":[{"id":30025,"href":"https:\/\/paragaleriedetalborjt.com\/en\/wp-json\/wp\/v2\/product\/30024\/revisions\/30025"}],"wp:featuredmedia":[{"embeddable":true,"href":"https:\/\/paragaleriedetalborjt.com\/en\/wp-json\/wp\/v2\/media\/30022"}],"wp:attachment":[{"href":"https:\/\/paragaleriedetalborjt.com\/en\/wp-json\/wp\/v2\/media?parent=30024"}],"wp:term":[{"taxonomy":"pwb-brand","embeddable":true,"href":"https:\/\/paragaleriedetalborjt.com\/en\/wp-json\/wp\/v2\/pwb-brand?post=30024"},{"taxonomy":"product_cat","embeddable":true,"href":"https:\/\/paragaleriedetalborjt.com\/en\/wp-json\/wp\/v2\/product_cat?post=30024"},{"taxonomy":"product_tag","embeddable":true,"href":"https:\/\/paragaleriedetalborjt.com\/en\/wp-json\/wp\/v2\/product_tag?post=30024"}],"curies":[{"name":"wp","href":"https:\/\/api.w.org\/{rel}","templated":true}]}}