{"id":29877,"date":"2026-01-02T18:58:37","date_gmt":"2026-01-02T17:58:37","guid":{"rendered":"https:\/\/paragaleriedetalborjt.com\/?post_type=product&#038;p=29877"},"modified":"2026-01-02T18:58:37","modified_gmt":"2026-01-02T17:58:37","slug":"skintech-purigel-gel-frais-pour-les-peaux-jeunes-a-tendance-acneique-50ml","status":"publish","type":"product","link":"https:\/\/paragaleriedetalborjt.com\/en\/boutique\/skintech-purigel-gel-frais-pour-les-peaux-jeunes-a-tendance-acneique-50ml\/","title":{"rendered":"SKINTECH Purigel GEL FRAIS POUR LES PEAUX JEUNES \u00c0 TENDANCE ACN\u00c9IQUE 50ml"},"content":{"rendered":"<div aria-labelledby=\"tab-title-description\" class=\"woocommerce-Tabs-panel woocommerce-Tabs-panel--description panel entry-content wc-tab\" id=\"tab-description\" role=\"tabpanel\" style=\"\">\n<h2>Description<\/h2>\n<p><strong>Agents actifs :<\/strong><\/p>\n<ul>\n<li>Acide salicylique<\/li>\n<li>Burdock Extract (Arctium Majus Extract)<\/li>\n<li>Sulfure<\/li>\n<li>Camphre<\/li>\n<li>Menthol<\/li>\n<li>Allanto\u00efne<\/li>\n<\/ul>\n<p><strong>Indications :<\/strong><br \/>\nGel test\u00e9 dermatologiquement et recommand\u00e9 pour les peaux \u00e0 tendance acn\u00e9ique et\/ou grasses. Il convient aussi bien \u00e0 la peau des hommes et des femmes. Les actifs pr\u00e9sents dans le produit aident \u00e0 \u00e9liminer les impuret\u00e9s cutan\u00e9es et \u00e0 unifier la texture, en particulier sur la zone T.<\/p>\n<p>Purigel r\u00e9gule \u00e9galement la s\u00e9cr\u00e9tion s\u00e9bac\u00e9e dans la peau en maintenant ainsi une apparence propre et sans brillance.<\/p>\n<p>Il a un effet rafra\u00eechissant imm\u00e9diat sans dess\u00e9cher la peau et la maintient hydrat\u00e9e.<\/p>\n<p>Il est recommand\u00e9 apr\u00e8s un traitement contre l\u2019acn\u00e9.<\/p>\n<\/div>","protected":false},"excerpt":{"rendered":"<p>Highlights:Purigel r\u00e9gule \u00e9galement la s\u00e9cr\u00e9tion s\u00e9bac\u00e9e dans la peau en maintenant ainsi une apparence propre et sans brillance.Il a un effet rafra\u00eechissant imm\u00e9diat sans dess\u00e9cher la peau et la maintient hydrat\u00e9e.Il est recommand\u00e9 apr\u00e8s un traitement contre l\u2019acn\u00e9.<\/p>","protected":false},"featured_media":29878,"comment_status":"open","ping_status":"closed","template":"","meta":[],"pwb-brand":[],"product_cat":[16],"product_tag":[],"class_list":{"0":"post-29877","1":"product","2":"type-product","3":"status-publish","4":"has-post-thumbnail","6":"product_cat-non-classe","7":"pa_brands-skintech","9":"first","10":"instock","11":"sale","12":"shipping-taxable","13":"purchasable","14":"product-type-simple"},"yoast_head":"<!-- This site is optimized with the Yoast SEO plugin v27.5 - https:\/\/yoast.com\/product\/yoast-seo-wordpress\/ -->\n<title>SKINTECH Purigel GEL FRAIS POUR LES PEAUX JEUNES \u00c0 TENDANCE ACN\u00c9IQUE 50ml - paragaleriedetalborjt<\/title>\n<meta name=\"robots\" content=\"index, follow, max-snippet:-1, max-image-preview:large, max-video-preview:-1\" \/>\n<link rel=\"canonical\" href=\"https:\/\/paragaleriedetalborjt.com\/en\/boutique\/skintech-purigel-gel-frais-pour-les-peaux-jeunes-a-tendance-acneique-50ml\/\" \/>\n<meta property=\"og:locale\" content=\"en_US\" \/>\n<meta property=\"og:type\" content=\"article\" \/>\n<meta property=\"og:title\" content=\"SKINTECH Purigel GEL FRAIS POUR LES PEAUX JEUNES \u00c0 TENDANCE ACN\u00c9IQUE 50ml - paragaleriedetalborjt\" \/>\n<meta property=\"og:description\" content=\"Highlights:Purigel r\u00e9gule \u00e9galement la s\u00e9cr\u00e9tion s\u00e9bac\u00e9e dans la peau en maintenant ainsi une apparence propre et sans brillance.Il a un effet rafra\u00eechissant imm\u00e9diat sans dess\u00e9cher la peau et la maintient hydrat\u00e9e.Il est recommand\u00e9 apr\u00e8s un traitement contre l\u2019acn\u00e9.\" \/>\n<meta property=\"og:url\" content=\"https:\/\/paragaleriedetalborjt.com\/en\/boutique\/skintech-purigel-gel-frais-pour-les-peaux-jeunes-a-tendance-acneique-50ml\/\" \/>\n<meta property=\"og:site_name\" content=\"paragaleriedetalborjt\" \/>\n<meta property=\"og:image\" content=\"https:\/\/paragaleriedetalborjt.com\/wp-content\/uploads\/2026\/01\/purigel-skintech.jpg\" \/>\n\t<meta property=\"og:image:width\" content=\"595\" \/>\n\t<meta property=\"og:image:height\" content=\"655\" \/>\n\t<meta property=\"og:image:type\" content=\"image\/jpeg\" \/>\n<meta name=\"twitter:card\" content=\"summary_large_image\" \/>\n<meta name=\"twitter:label1\" content=\"Est. reading time\" \/>\n\t<meta name=\"twitter:data1\" content=\"1 minute\" \/>\n<script type=\"application\/ld+json\" class=\"yoast-schema-graph\">{\"@context\":\"https:\\\/\\\/schema.org\",\"@graph\":[{\"@type\":\"WebPage\",\"@id\":\"https:\\\/\\\/paragaleriedetalborjt.com\\\/boutique\\\/skintech-purigel-gel-frais-pour-les-peaux-jeunes-a-tendance-acneique-50ml\\\/\",\"url\":\"https:\\\/\\\/paragaleriedetalborjt.com\\\/boutique\\\/skintech-purigel-gel-frais-pour-les-peaux-jeunes-a-tendance-acneique-50ml\\\/\",\"name\":\"SKINTECH Purigel GEL FRAIS POUR LES PEAUX JEUNES \u00c0 TENDANCE ACN\u00c9IQUE 50ml - paragaleriedetalborjt\",\"isPartOf\":{\"@id\":\"https:\\\/\\\/paragaleriedetalborjt.com\\\/#website\"},\"primaryImageOfPage\":{\"@id\":\"https:\\\/\\\/paragaleriedetalborjt.com\\\/boutique\\\/skintech-purigel-gel-frais-pour-les-peaux-jeunes-a-tendance-acneique-50ml\\\/#primaryimage\"},\"image\":{\"@id\":\"https:\\\/\\\/paragaleriedetalborjt.com\\\/boutique\\\/skintech-purigel-gel-frais-pour-les-peaux-jeunes-a-tendance-acneique-50ml\\\/#primaryimage\"},\"thumbnailUrl\":\"https:\\\/\\\/paragaleriedetalborjt.com\\\/wp-content\\\/uploads\\\/2026\\\/01\\\/purigel-skintech.jpg\",\"datePublished\":\"2026-01-02T17:58:37+00:00\",\"breadcrumb\":{\"@id\":\"https:\\\/\\\/paragaleriedetalborjt.com\\\/boutique\\\/skintech-purigel-gel-frais-pour-les-peaux-jeunes-a-tendance-acneique-50ml\\\/#breadcrumb\"},\"inLanguage\":\"en-US\",\"potentialAction\":[{\"@type\":\"ReadAction\",\"target\":[\"https:\\\/\\\/paragaleriedetalborjt.com\\\/boutique\\\/skintech-purigel-gel-frais-pour-les-peaux-jeunes-a-tendance-acneique-50ml\\\/\"]}]},{\"@type\":\"ImageObject\",\"inLanguage\":\"en-US\",\"@id\":\"https:\\\/\\\/paragaleriedetalborjt.com\\\/boutique\\\/skintech-purigel-gel-frais-pour-les-peaux-jeunes-a-tendance-acneique-50ml\\\/#primaryimage\",\"url\":\"https:\\\/\\\/paragaleriedetalborjt.com\\\/wp-content\\\/uploads\\\/2026\\\/01\\\/purigel-skintech.jpg\",\"contentUrl\":\"https:\\\/\\\/paragaleriedetalborjt.com\\\/wp-content\\\/uploads\\\/2026\\\/01\\\/purigel-skintech.jpg\",\"width\":595,\"height\":655},{\"@type\":\"BreadcrumbList\",\"@id\":\"https:\\\/\\\/paragaleriedetalborjt.com\\\/boutique\\\/skintech-purigel-gel-frais-pour-les-peaux-jeunes-a-tendance-acneique-50ml\\\/#breadcrumb\",\"itemListElement\":[{\"@type\":\"ListItem\",\"position\":1,\"name\":\"Accueil\",\"item\":\"https:\\\/\\\/paragaleriedetalborjt.com\\\/\"},{\"@type\":\"ListItem\",\"position\":2,\"name\":\"Boutique\",\"item\":\"https:\\\/\\\/paragaleriedetalborjt.com\\\/boutique\\\/\"},{\"@type\":\"ListItem\",\"position\":3,\"name\":\"SKINTECH Purigel GEL FRAIS POUR LES PEAUX JEUNES \u00c0 TENDANCE ACN\u00c9IQUE 50ml\"}]},{\"@type\":\"WebSite\",\"@id\":\"https:\\\/\\\/paragaleriedetalborjt.com\\\/#website\",\"url\":\"https:\\\/\\\/paragaleriedetalborjt.com\\\/\",\"name\":\"paragaleriedetalborjt\",\"description\":\"\",\"potentialAction\":[{\"@type\":\"SearchAction\",\"target\":{\"@type\":\"EntryPoint\",\"urlTemplate\":\"https:\\\/\\\/paragaleriedetalborjt.com\\\/?s={search_term_string}\"},\"query-input\":{\"@type\":\"PropertyValueSpecification\",\"valueRequired\":true,\"valueName\":\"search_term_string\"}}],\"inLanguage\":\"en-US\"}]}<\/script>\n<!-- \/ Yoast SEO plugin. -->","yoast_head_json":{"title":"SKINTECH Purigel GEL FRAIS POUR LES PEAUX JEUNES \u00c0 TENDANCE ACN\u00c9IQUE 50ml - paragaleriedetalborjt","robots":{"index":"index","follow":"follow","max-snippet":"max-snippet:-1","max-image-preview":"max-image-preview:large","max-video-preview":"max-video-preview:-1"},"canonical":"https:\/\/paragaleriedetalborjt.com\/en\/boutique\/skintech-purigel-gel-frais-pour-les-peaux-jeunes-a-tendance-acneique-50ml\/","og_locale":"en_US","og_type":"article","og_title":"SKINTECH Purigel GEL FRAIS POUR LES PEAUX JEUNES \u00c0 TENDANCE ACN\u00c9IQUE 50ml - paragaleriedetalborjt","og_description":"Highlights:Purigel r\u00e9gule \u00e9galement la s\u00e9cr\u00e9tion s\u00e9bac\u00e9e dans la peau en maintenant ainsi une apparence propre et sans brillance.Il a un effet rafra\u00eechissant imm\u00e9diat sans dess\u00e9cher la peau et la maintient hydrat\u00e9e.Il est recommand\u00e9 apr\u00e8s un traitement contre l\u2019acn\u00e9.","og_url":"https:\/\/paragaleriedetalborjt.com\/en\/boutique\/skintech-purigel-gel-frais-pour-les-peaux-jeunes-a-tendance-acneique-50ml\/","og_site_name":"paragaleriedetalborjt","og_image":[{"width":595,"height":655,"url":"https:\/\/paragaleriedetalborjt.com\/wp-content\/uploads\/2026\/01\/purigel-skintech.jpg","type":"image\/jpeg"}],"twitter_card":"summary_large_image","twitter_misc":{"Est. reading time":"1 minute"},"schema":{"@context":"https:\/\/schema.org","@graph":[{"@type":"WebPage","@id":"https:\/\/paragaleriedetalborjt.com\/boutique\/skintech-purigel-gel-frais-pour-les-peaux-jeunes-a-tendance-acneique-50ml\/","url":"https:\/\/paragaleriedetalborjt.com\/boutique\/skintech-purigel-gel-frais-pour-les-peaux-jeunes-a-tendance-acneique-50ml\/","name":"SKINTECH Purigel GEL FRAIS POUR LES PEAUX JEUNES \u00c0 TENDANCE ACN\u00c9IQUE 50ml - paragaleriedetalborjt","isPartOf":{"@id":"https:\/\/paragaleriedetalborjt.com\/#website"},"primaryImageOfPage":{"@id":"https:\/\/paragaleriedetalborjt.com\/boutique\/skintech-purigel-gel-frais-pour-les-peaux-jeunes-a-tendance-acneique-50ml\/#primaryimage"},"image":{"@id":"https:\/\/paragaleriedetalborjt.com\/boutique\/skintech-purigel-gel-frais-pour-les-peaux-jeunes-a-tendance-acneique-50ml\/#primaryimage"},"thumbnailUrl":"https:\/\/paragaleriedetalborjt.com\/wp-content\/uploads\/2026\/01\/purigel-skintech.jpg","datePublished":"2026-01-02T17:58:37+00:00","breadcrumb":{"@id":"https:\/\/paragaleriedetalborjt.com\/boutique\/skintech-purigel-gel-frais-pour-les-peaux-jeunes-a-tendance-acneique-50ml\/#breadcrumb"},"inLanguage":"en-US","potentialAction":[{"@type":"ReadAction","target":["https:\/\/paragaleriedetalborjt.com\/boutique\/skintech-purigel-gel-frais-pour-les-peaux-jeunes-a-tendance-acneique-50ml\/"]}]},{"@type":"ImageObject","inLanguage":"en-US","@id":"https:\/\/paragaleriedetalborjt.com\/boutique\/skintech-purigel-gel-frais-pour-les-peaux-jeunes-a-tendance-acneique-50ml\/#primaryimage","url":"https:\/\/paragaleriedetalborjt.com\/wp-content\/uploads\/2026\/01\/purigel-skintech.jpg","contentUrl":"https:\/\/paragaleriedetalborjt.com\/wp-content\/uploads\/2026\/01\/purigel-skintech.jpg","width":595,"height":655},{"@type":"BreadcrumbList","@id":"https:\/\/paragaleriedetalborjt.com\/boutique\/skintech-purigel-gel-frais-pour-les-peaux-jeunes-a-tendance-acneique-50ml\/#breadcrumb","itemListElement":[{"@type":"ListItem","position":1,"name":"Accueil","item":"https:\/\/paragaleriedetalborjt.com\/"},{"@type":"ListItem","position":2,"name":"Boutique","item":"https:\/\/paragaleriedetalborjt.com\/boutique\/"},{"@type":"ListItem","position":3,"name":"SKINTECH Purigel GEL FRAIS POUR LES PEAUX JEUNES \u00c0 TENDANCE ACN\u00c9IQUE 50ml"}]},{"@type":"WebSite","@id":"https:\/\/paragaleriedetalborjt.com\/#website","url":"https:\/\/paragaleriedetalborjt.com\/","name":"paragaleriedetalborjt","description":"","potentialAction":[{"@type":"SearchAction","target":{"@type":"EntryPoint","urlTemplate":"https:\/\/paragaleriedetalborjt.com\/?s={search_term_string}"},"query-input":{"@type":"PropertyValueSpecification","valueRequired":true,"valueName":"search_term_string"}}],"inLanguage":"en-US"}]}},"brands":[],"_links":{"self":[{"href":"https:\/\/paragaleriedetalborjt.com\/en\/wp-json\/wp\/v2\/product\/29877","targetHints":{"allow":["GET"]}}],"collection":[{"href":"https:\/\/paragaleriedetalborjt.com\/en\/wp-json\/wp\/v2\/product"}],"about":[{"href":"https:\/\/paragaleriedetalborjt.com\/en\/wp-json\/wp\/v2\/types\/product"}],"replies":[{"embeddable":true,"href":"https:\/\/paragaleriedetalborjt.com\/en\/wp-json\/wp\/v2\/comments?post=29877"}],"version-history":[{"count":1,"href":"https:\/\/paragaleriedetalborjt.com\/en\/wp-json\/wp\/v2\/product\/29877\/revisions"}],"predecessor-version":[{"id":29879,"href":"https:\/\/paragaleriedetalborjt.com\/en\/wp-json\/wp\/v2\/product\/29877\/revisions\/29879"}],"wp:featuredmedia":[{"embeddable":true,"href":"https:\/\/paragaleriedetalborjt.com\/en\/wp-json\/wp\/v2\/media\/29878"}],"wp:attachment":[{"href":"https:\/\/paragaleriedetalborjt.com\/en\/wp-json\/wp\/v2\/media?parent=29877"}],"wp:term":[{"taxonomy":"pwb-brand","embeddable":true,"href":"https:\/\/paragaleriedetalborjt.com\/en\/wp-json\/wp\/v2\/pwb-brand?post=29877"},{"taxonomy":"product_cat","embeddable":true,"href":"https:\/\/paragaleriedetalborjt.com\/en\/wp-json\/wp\/v2\/product_cat?post=29877"},{"taxonomy":"product_tag","embeddable":true,"href":"https:\/\/paragaleriedetalborjt.com\/en\/wp-json\/wp\/v2\/product_tag?post=29877"}],"curies":[{"name":"wp","href":"https:\/\/api.w.org\/{rel}","templated":true}]}}