{"id":29865,"date":"2026-01-02T18:58:24","date_gmt":"2026-01-02T17:58:24","guid":{"rendered":"https:\/\/paragaleriedetalborjt.com\/?post_type=product&#038;p=29865"},"modified":"2026-01-02T18:58:24","modified_gmt":"2026-01-02T17:58:24","slug":"skintech-happy-intime-rebirth-cream-50ml","status":"publish","type":"product","link":"https:\/\/paragaleriedetalborjt.com\/en\/boutique\/skintech-happy-intime-rebirth-cream-50ml\/","title":{"rendered":"SKINTECH Happy Intime Rebirth Cream 50ml"},"content":{"rendered":"<div aria-labelledby=\"tab-title-description\" class=\"woocommerce-Tabs-panel woocommerce-Tabs-panel--description panel entry-content wc-tab\" id=\"tab-description\" role=\"tabpanel\" style=\"\">\n<h2>Description<\/h2>\n<div id=\"short_description_block\">\n<div class=\"rte align_justify\" id=\"short_description_content\">\n<p><span style=\"font-size: 1rem\">Happy Intim\u00ae Rebirth Cream apporte un effet lissant imm\u00e9diat gr\u00e2ce \u00e0 l\u2019acide hyaluronique natif associ\u00e9 \u00e0 un complexe hydratant 24 heures.<\/span><\/p>\n<\/div>\n<\/div>\n<section class=\"page-product-box\">\n<div class=\"rte\">\n<p>Rajeunit l\u2019apparence de la peau de mani\u00e8re visible et aide \u00e0 pr\u00e9venir les signes visibles du vieillissement gr\u00e2ce \u00e0 sa capacit\u00e9 de r\u00e9paration des dommages \u00e9pidermiques.<br \/>\nLa cr\u00e8me Happy Intim\u00ae Rebirth est recommand\u00e9e comme soin quotidien \u00e0 appliquer apr\u00e8s le traitement HAPPY intim\u00ae Rebirth Gel.<br \/>\nRajeunit l\u2019apparence de la peau des zones anog\u00e9nitales<br \/>\nPr\u00e9venir les signes visibles du vieillissement des zones anog\u00e9nitales<\/p>\n<p class=\"page-product-heading\"><strong>COMPOSITION<\/strong><\/p>\n<div class=\"rte\">\n<p>Vitamine E<br \/>\nVitamine C<br \/>\nLysat de ferment de Bifida<br \/>\nAcide Hyaluronique<br \/>\nArgain huile<br \/>\nCG-bFGF<\/p>\n<h3 class=\"page-product-heading\">CONSEILS D\u2019UTILISATION :<\/h3>\n<div class=\"rte\">\n<p>Appliquer la cr\u00e8me sur une peau propre et laisser p\u00e9n\u00e9trer.<\/p>\n<\/div>\n<\/div>\n<\/div>\n<\/section>\n<section class=\"page-product-box\"><\/section>\n<\/div>","protected":false},"excerpt":{"rendered":"<p>Highlights:Cr\u00e8me de soin id\u00e9alement con\u00e7ue pour traiter les probl\u00e8mes d\u00e9licats de la zone intime. Cette cr\u00e8me ultra-hydratante donnera davantage de confort avant\/apr\u00e8s les traitements comme peelings, lasers, injections\u2026<\/p>","protected":false},"featured_media":29866,"comment_status":"open","ping_status":"closed","template":"","meta":[],"pwb-brand":[],"product_cat":[16],"product_tag":[],"class_list":{"0":"post-29865","1":"product","2":"type-product","3":"status-publish","4":"has-post-thumbnail","6":"product_cat-non-classe","7":"pa_brands-skintech","9":"first","10":"instock","11":"sale","12":"shipping-taxable","13":"purchasable","14":"product-type-simple"},"yoast_head":"<!-- This site is optimized with the Yoast SEO plugin v27.5 - https:\/\/yoast.com\/product\/yoast-seo-wordpress\/ -->\n<title>SKINTECH Happy Intime Rebirth Cream 50ml - paragaleriedetalborjt<\/title>\n<meta name=\"robots\" content=\"index, follow, max-snippet:-1, max-image-preview:large, max-video-preview:-1\" \/>\n<link rel=\"canonical\" href=\"https:\/\/paragaleriedetalborjt.com\/en\/boutique\/skintech-happy-intime-rebirth-cream-50ml\/\" \/>\n<meta property=\"og:locale\" content=\"en_US\" \/>\n<meta property=\"og:type\" content=\"article\" \/>\n<meta property=\"og:title\" content=\"SKINTECH Happy Intime Rebirth Cream 50ml - paragaleriedetalborjt\" \/>\n<meta property=\"og:description\" content=\"Highlights:Cr\u00e8me de soin id\u00e9alement con\u00e7ue pour traiter les probl\u00e8mes d\u00e9licats de la zone intime. Cette cr\u00e8me ultra-hydratante donnera davantage de confort avant\/apr\u00e8s les traitements comme peelings, lasers, injections\u2026\" \/>\n<meta property=\"og:url\" content=\"https:\/\/paragaleriedetalborjt.com\/en\/boutique\/skintech-happy-intime-rebirth-cream-50ml\/\" \/>\n<meta property=\"og:site_name\" content=\"paragaleriedetalborjt\" \/>\n<meta property=\"og:image\" content=\"https:\/\/paragaleriedetalborjt.com\/wp-content\/uploads\/2026\/01\/rebirth-cream-happy-intime.jpg\" \/>\n\t<meta property=\"og:image:width\" content=\"595\" \/>\n\t<meta property=\"og:image:height\" content=\"655\" \/>\n\t<meta property=\"og:image:type\" content=\"image\/jpeg\" \/>\n<meta name=\"twitter:card\" content=\"summary_large_image\" \/>\n<meta name=\"twitter:label1\" content=\"Est. reading time\" \/>\n\t<meta name=\"twitter:data1\" content=\"1 minute\" \/>\n<script type=\"application\/ld+json\" class=\"yoast-schema-graph\">{\"@context\":\"https:\\\/\\\/schema.org\",\"@graph\":[{\"@type\":\"WebPage\",\"@id\":\"https:\\\/\\\/paragaleriedetalborjt.com\\\/boutique\\\/skintech-happy-intime-rebirth-cream-50ml\\\/\",\"url\":\"https:\\\/\\\/paragaleriedetalborjt.com\\\/boutique\\\/skintech-happy-intime-rebirth-cream-50ml\\\/\",\"name\":\"SKINTECH Happy Intime Rebirth Cream 50ml - paragaleriedetalborjt\",\"isPartOf\":{\"@id\":\"https:\\\/\\\/paragaleriedetalborjt.com\\\/#website\"},\"primaryImageOfPage\":{\"@id\":\"https:\\\/\\\/paragaleriedetalborjt.com\\\/boutique\\\/skintech-happy-intime-rebirth-cream-50ml\\\/#primaryimage\"},\"image\":{\"@id\":\"https:\\\/\\\/paragaleriedetalborjt.com\\\/boutique\\\/skintech-happy-intime-rebirth-cream-50ml\\\/#primaryimage\"},\"thumbnailUrl\":\"https:\\\/\\\/paragaleriedetalborjt.com\\\/wp-content\\\/uploads\\\/2026\\\/01\\\/rebirth-cream-happy-intime.jpg\",\"datePublished\":\"2026-01-02T17:58:24+00:00\",\"breadcrumb\":{\"@id\":\"https:\\\/\\\/paragaleriedetalborjt.com\\\/boutique\\\/skintech-happy-intime-rebirth-cream-50ml\\\/#breadcrumb\"},\"inLanguage\":\"en-US\",\"potentialAction\":[{\"@type\":\"ReadAction\",\"target\":[\"https:\\\/\\\/paragaleriedetalborjt.com\\\/boutique\\\/skintech-happy-intime-rebirth-cream-50ml\\\/\"]}]},{\"@type\":\"ImageObject\",\"inLanguage\":\"en-US\",\"@id\":\"https:\\\/\\\/paragaleriedetalborjt.com\\\/boutique\\\/skintech-happy-intime-rebirth-cream-50ml\\\/#primaryimage\",\"url\":\"https:\\\/\\\/paragaleriedetalborjt.com\\\/wp-content\\\/uploads\\\/2026\\\/01\\\/rebirth-cream-happy-intime.jpg\",\"contentUrl\":\"https:\\\/\\\/paragaleriedetalborjt.com\\\/wp-content\\\/uploads\\\/2026\\\/01\\\/rebirth-cream-happy-intime.jpg\",\"width\":595,\"height\":655},{\"@type\":\"BreadcrumbList\",\"@id\":\"https:\\\/\\\/paragaleriedetalborjt.com\\\/boutique\\\/skintech-happy-intime-rebirth-cream-50ml\\\/#breadcrumb\",\"itemListElement\":[{\"@type\":\"ListItem\",\"position\":1,\"name\":\"Accueil\",\"item\":\"https:\\\/\\\/paragaleriedetalborjt.com\\\/\"},{\"@type\":\"ListItem\",\"position\":2,\"name\":\"Boutique\",\"item\":\"https:\\\/\\\/paragaleriedetalborjt.com\\\/boutique\\\/\"},{\"@type\":\"ListItem\",\"position\":3,\"name\":\"SKINTECH Happy Intime Rebirth Cream 50ml\"}]},{\"@type\":\"WebSite\",\"@id\":\"https:\\\/\\\/paragaleriedetalborjt.com\\\/#website\",\"url\":\"https:\\\/\\\/paragaleriedetalborjt.com\\\/\",\"name\":\"paragaleriedetalborjt\",\"description\":\"\",\"potentialAction\":[{\"@type\":\"SearchAction\",\"target\":{\"@type\":\"EntryPoint\",\"urlTemplate\":\"https:\\\/\\\/paragaleriedetalborjt.com\\\/?s={search_term_string}\"},\"query-input\":{\"@type\":\"PropertyValueSpecification\",\"valueRequired\":true,\"valueName\":\"search_term_string\"}}],\"inLanguage\":\"en-US\"}]}<\/script>\n<!-- \/ Yoast SEO plugin. -->","yoast_head_json":{"title":"SKINTECH Happy Intime Rebirth Cream 50ml - paragaleriedetalborjt","robots":{"index":"index","follow":"follow","max-snippet":"max-snippet:-1","max-image-preview":"max-image-preview:large","max-video-preview":"max-video-preview:-1"},"canonical":"https:\/\/paragaleriedetalborjt.com\/en\/boutique\/skintech-happy-intime-rebirth-cream-50ml\/","og_locale":"en_US","og_type":"article","og_title":"SKINTECH Happy Intime Rebirth Cream 50ml - paragaleriedetalborjt","og_description":"Highlights:Cr\u00e8me de soin id\u00e9alement con\u00e7ue pour traiter les probl\u00e8mes d\u00e9licats de la zone intime. Cette cr\u00e8me ultra-hydratante donnera davantage de confort avant\/apr\u00e8s les traitements comme peelings, lasers, injections\u2026","og_url":"https:\/\/paragaleriedetalborjt.com\/en\/boutique\/skintech-happy-intime-rebirth-cream-50ml\/","og_site_name":"paragaleriedetalborjt","og_image":[{"width":595,"height":655,"url":"https:\/\/paragaleriedetalborjt.com\/wp-content\/uploads\/2026\/01\/rebirth-cream-happy-intime.jpg","type":"image\/jpeg"}],"twitter_card":"summary_large_image","twitter_misc":{"Est. reading time":"1 minute"},"schema":{"@context":"https:\/\/schema.org","@graph":[{"@type":"WebPage","@id":"https:\/\/paragaleriedetalborjt.com\/boutique\/skintech-happy-intime-rebirth-cream-50ml\/","url":"https:\/\/paragaleriedetalborjt.com\/boutique\/skintech-happy-intime-rebirth-cream-50ml\/","name":"SKINTECH Happy Intime Rebirth Cream 50ml - paragaleriedetalborjt","isPartOf":{"@id":"https:\/\/paragaleriedetalborjt.com\/#website"},"primaryImageOfPage":{"@id":"https:\/\/paragaleriedetalborjt.com\/boutique\/skintech-happy-intime-rebirth-cream-50ml\/#primaryimage"},"image":{"@id":"https:\/\/paragaleriedetalborjt.com\/boutique\/skintech-happy-intime-rebirth-cream-50ml\/#primaryimage"},"thumbnailUrl":"https:\/\/paragaleriedetalborjt.com\/wp-content\/uploads\/2026\/01\/rebirth-cream-happy-intime.jpg","datePublished":"2026-01-02T17:58:24+00:00","breadcrumb":{"@id":"https:\/\/paragaleriedetalborjt.com\/boutique\/skintech-happy-intime-rebirth-cream-50ml\/#breadcrumb"},"inLanguage":"en-US","potentialAction":[{"@type":"ReadAction","target":["https:\/\/paragaleriedetalborjt.com\/boutique\/skintech-happy-intime-rebirth-cream-50ml\/"]}]},{"@type":"ImageObject","inLanguage":"en-US","@id":"https:\/\/paragaleriedetalborjt.com\/boutique\/skintech-happy-intime-rebirth-cream-50ml\/#primaryimage","url":"https:\/\/paragaleriedetalborjt.com\/wp-content\/uploads\/2026\/01\/rebirth-cream-happy-intime.jpg","contentUrl":"https:\/\/paragaleriedetalborjt.com\/wp-content\/uploads\/2026\/01\/rebirth-cream-happy-intime.jpg","width":595,"height":655},{"@type":"BreadcrumbList","@id":"https:\/\/paragaleriedetalborjt.com\/boutique\/skintech-happy-intime-rebirth-cream-50ml\/#breadcrumb","itemListElement":[{"@type":"ListItem","position":1,"name":"Accueil","item":"https:\/\/paragaleriedetalborjt.com\/"},{"@type":"ListItem","position":2,"name":"Boutique","item":"https:\/\/paragaleriedetalborjt.com\/boutique\/"},{"@type":"ListItem","position":3,"name":"SKINTECH Happy Intime Rebirth Cream 50ml"}]},{"@type":"WebSite","@id":"https:\/\/paragaleriedetalborjt.com\/#website","url":"https:\/\/paragaleriedetalborjt.com\/","name":"paragaleriedetalborjt","description":"","potentialAction":[{"@type":"SearchAction","target":{"@type":"EntryPoint","urlTemplate":"https:\/\/paragaleriedetalborjt.com\/?s={search_term_string}"},"query-input":{"@type":"PropertyValueSpecification","valueRequired":true,"valueName":"search_term_string"}}],"inLanguage":"en-US"}]}},"brands":[],"_links":{"self":[{"href":"https:\/\/paragaleriedetalborjt.com\/en\/wp-json\/wp\/v2\/product\/29865","targetHints":{"allow":["GET"]}}],"collection":[{"href":"https:\/\/paragaleriedetalborjt.com\/en\/wp-json\/wp\/v2\/product"}],"about":[{"href":"https:\/\/paragaleriedetalborjt.com\/en\/wp-json\/wp\/v2\/types\/product"}],"replies":[{"embeddable":true,"href":"https:\/\/paragaleriedetalborjt.com\/en\/wp-json\/wp\/v2\/comments?post=29865"}],"version-history":[{"count":1,"href":"https:\/\/paragaleriedetalborjt.com\/en\/wp-json\/wp\/v2\/product\/29865\/revisions"}],"predecessor-version":[{"id":29867,"href":"https:\/\/paragaleriedetalborjt.com\/en\/wp-json\/wp\/v2\/product\/29865\/revisions\/29867"}],"wp:featuredmedia":[{"embeddable":true,"href":"https:\/\/paragaleriedetalborjt.com\/en\/wp-json\/wp\/v2\/media\/29866"}],"wp:attachment":[{"href":"https:\/\/paragaleriedetalborjt.com\/en\/wp-json\/wp\/v2\/media?parent=29865"}],"wp:term":[{"taxonomy":"pwb-brand","embeddable":true,"href":"https:\/\/paragaleriedetalborjt.com\/en\/wp-json\/wp\/v2\/pwb-brand?post=29865"},{"taxonomy":"product_cat","embeddable":true,"href":"https:\/\/paragaleriedetalborjt.com\/en\/wp-json\/wp\/v2\/product_cat?post=29865"},{"taxonomy":"product_tag","embeddable":true,"href":"https:\/\/paragaleriedetalborjt.com\/en\/wp-json\/wp\/v2\/product_tag?post=29865"}],"curies":[{"name":"wp","href":"https:\/\/api.w.org\/{rel}","templated":true}]}}