{"id":29706,"date":"2026-01-02T18:55:31","date_gmt":"2026-01-02T17:55:31","guid":{"rendered":"https:\/\/paragaleriedetalborjt.com\/?post_type=product&#038;p=29706"},"modified":"2026-01-02T18:55:31","modified_gmt":"2026-01-02T17:55:31","slug":"puress-assainissant-spray-aerien-200mlgel-antibacterien-80ml-pack","status":"publish","type":"product","link":"https:\/\/paragaleriedetalborjt.com\/en\/boutique\/puress-assainissant-spray-aerien-200mlgel-antibacterien-80ml-pack\/","title":{"rendered":"Puress Assainissant Spray Aerien 200ml+Gel Antibacterien 80ml Pack"},"content":{"rendered":"<div aria-labelledby=\"tab-title-description\" class=\"woocommerce-Tabs-panel woocommerce-Tabs-panel--description panel entry-content wc-tab\" id=\"tab-description\" role=\"tabpanel\" style=\"\">\n<h2>Description<\/h2>\n<p>Efficacit\u00e9 prouv\u00e9e : Elimine plus de 99,9% des bact\u00e9ries et virus.<br \/>\nSon efficacit\u00e9 a \u00e9t\u00e9 scientifiquement prouv\u00e9e sur les Virus, Bact\u00e9ries\u00a0et Moisissures.<\/p>\n<p>Il s\u2019utilise dans toutes les pi\u00e8ces de vie : chambres, bureaux, pi\u00e8ces humides, toilettes et voiture et laisse un parfum frais et agr\u00e9able. Sa tol\u00e9rance a \u00e9t\u00e9 test\u00e9e cliniquement en milieu hospitalier.<\/p>\n<\/div>","protected":false},"excerpt":{"rendered":"<p>Highlights:LeSpray Assainissant Puressentielest une formule brevet\u00e9e de 41 huiles essentielles 100% pures et naturelles.<\/p>","protected":false},"featured_media":29707,"comment_status":"open","ping_status":"closed","template":"","meta":[],"pwb-brand":[],"product_cat":[16],"product_tag":[],"class_list":{"0":"post-29706","1":"product","2":"type-product","3":"status-publish","4":"has-post-thumbnail","6":"product_cat-non-classe","7":"pa_brands-puressentiel","9":"first","10":"instock","11":"sale","12":"shipping-taxable","13":"purchasable","14":"product-type-simple"},"yoast_head":"<!-- This site is optimized with the Yoast SEO plugin v27.5 - https:\/\/yoast.com\/product\/yoast-seo-wordpress\/ -->\n<title>Puress Assainissant Spray Aerien 200ml+Gel Antibacterien 80ml Pack - paragaleriedetalborjt<\/title>\n<meta name=\"robots\" content=\"index, follow, max-snippet:-1, max-image-preview:large, max-video-preview:-1\" \/>\n<link rel=\"canonical\" href=\"https:\/\/paragaleriedetalborjt.com\/en\/boutique\/puress-assainissant-spray-aerien-200mlgel-antibacterien-80ml-pack\/\" \/>\n<meta property=\"og:locale\" content=\"en_US\" \/>\n<meta property=\"og:type\" content=\"article\" \/>\n<meta property=\"og:title\" content=\"Puress Assainissant Spray Aerien 200ml+Gel Antibacterien 80ml Pack - paragaleriedetalborjt\" \/>\n<meta property=\"og:description\" content=\"Highlights:LeSpray Assainissant Puressentielest une formule brevet\u00e9e de 41 huiles essentielles 100% pures et naturelles.\" \/>\n<meta property=\"og:url\" content=\"https:\/\/paragaleriedetalborjt.com\/en\/boutique\/puress-assainissant-spray-aerien-200mlgel-antibacterien-80ml-pack\/\" \/>\n<meta property=\"og:site_name\" content=\"paragaleriedetalborjt\" \/>\n<meta property=\"og:image\" content=\"https:\/\/paragaleriedetalborjt.com\/wp-content\/uploads\/2026\/01\/Puress-Assainissant-spray-aerien-200mlGel-Antibacterien-80ml-pack-600x600-1.jpg\" \/>\n\t<meta property=\"og:image:width\" content=\"600\" \/>\n\t<meta property=\"og:image:height\" content=\"600\" \/>\n\t<meta property=\"og:image:type\" content=\"image\/jpeg\" \/>\n<meta name=\"twitter:card\" content=\"summary_large_image\" \/>\n<script type=\"application\/ld+json\" class=\"yoast-schema-graph\">{\"@context\":\"https:\\\/\\\/schema.org\",\"@graph\":[{\"@type\":\"WebPage\",\"@id\":\"https:\\\/\\\/paragaleriedetalborjt.com\\\/boutique\\\/puress-assainissant-spray-aerien-200mlgel-antibacterien-80ml-pack\\\/\",\"url\":\"https:\\\/\\\/paragaleriedetalborjt.com\\\/boutique\\\/puress-assainissant-spray-aerien-200mlgel-antibacterien-80ml-pack\\\/\",\"name\":\"Puress Assainissant Spray Aerien 200ml+Gel Antibacterien 80ml Pack - paragaleriedetalborjt\",\"isPartOf\":{\"@id\":\"https:\\\/\\\/paragaleriedetalborjt.com\\\/#website\"},\"primaryImageOfPage\":{\"@id\":\"https:\\\/\\\/paragaleriedetalborjt.com\\\/boutique\\\/puress-assainissant-spray-aerien-200mlgel-antibacterien-80ml-pack\\\/#primaryimage\"},\"image\":{\"@id\":\"https:\\\/\\\/paragaleriedetalborjt.com\\\/boutique\\\/puress-assainissant-spray-aerien-200mlgel-antibacterien-80ml-pack\\\/#primaryimage\"},\"thumbnailUrl\":\"https:\\\/\\\/paragaleriedetalborjt.com\\\/wp-content\\\/uploads\\\/2026\\\/01\\\/Puress-Assainissant-spray-aerien-200mlGel-Antibacterien-80ml-pack-600x600-1.jpg\",\"datePublished\":\"2026-01-02T17:55:31+00:00\",\"breadcrumb\":{\"@id\":\"https:\\\/\\\/paragaleriedetalborjt.com\\\/boutique\\\/puress-assainissant-spray-aerien-200mlgel-antibacterien-80ml-pack\\\/#breadcrumb\"},\"inLanguage\":\"en-US\",\"potentialAction\":[{\"@type\":\"ReadAction\",\"target\":[\"https:\\\/\\\/paragaleriedetalborjt.com\\\/boutique\\\/puress-assainissant-spray-aerien-200mlgel-antibacterien-80ml-pack\\\/\"]}]},{\"@type\":\"ImageObject\",\"inLanguage\":\"en-US\",\"@id\":\"https:\\\/\\\/paragaleriedetalborjt.com\\\/boutique\\\/puress-assainissant-spray-aerien-200mlgel-antibacterien-80ml-pack\\\/#primaryimage\",\"url\":\"https:\\\/\\\/paragaleriedetalborjt.com\\\/wp-content\\\/uploads\\\/2026\\\/01\\\/Puress-Assainissant-spray-aerien-200mlGel-Antibacterien-80ml-pack-600x600-1.jpg\",\"contentUrl\":\"https:\\\/\\\/paragaleriedetalborjt.com\\\/wp-content\\\/uploads\\\/2026\\\/01\\\/Puress-Assainissant-spray-aerien-200mlGel-Antibacterien-80ml-pack-600x600-1.jpg\",\"width\":600,\"height\":600},{\"@type\":\"BreadcrumbList\",\"@id\":\"https:\\\/\\\/paragaleriedetalborjt.com\\\/boutique\\\/puress-assainissant-spray-aerien-200mlgel-antibacterien-80ml-pack\\\/#breadcrumb\",\"itemListElement\":[{\"@type\":\"ListItem\",\"position\":1,\"name\":\"Accueil\",\"item\":\"https:\\\/\\\/paragaleriedetalborjt.com\\\/\"},{\"@type\":\"ListItem\",\"position\":2,\"name\":\"Boutique\",\"item\":\"https:\\\/\\\/paragaleriedetalborjt.com\\\/boutique\\\/\"},{\"@type\":\"ListItem\",\"position\":3,\"name\":\"Puress Assainissant Spray Aerien 200ml+Gel Antibacterien 80ml Pack\"}]},{\"@type\":\"WebSite\",\"@id\":\"https:\\\/\\\/paragaleriedetalborjt.com\\\/#website\",\"url\":\"https:\\\/\\\/paragaleriedetalborjt.com\\\/\",\"name\":\"paragaleriedetalborjt\",\"description\":\"\",\"potentialAction\":[{\"@type\":\"SearchAction\",\"target\":{\"@type\":\"EntryPoint\",\"urlTemplate\":\"https:\\\/\\\/paragaleriedetalborjt.com\\\/?s={search_term_string}\"},\"query-input\":{\"@type\":\"PropertyValueSpecification\",\"valueRequired\":true,\"valueName\":\"search_term_string\"}}],\"inLanguage\":\"en-US\"}]}<\/script>\n<!-- \/ Yoast SEO plugin. -->","yoast_head_json":{"title":"Puress Assainissant Spray Aerien 200ml+Gel Antibacterien 80ml Pack - paragaleriedetalborjt","robots":{"index":"index","follow":"follow","max-snippet":"max-snippet:-1","max-image-preview":"max-image-preview:large","max-video-preview":"max-video-preview:-1"},"canonical":"https:\/\/paragaleriedetalborjt.com\/en\/boutique\/puress-assainissant-spray-aerien-200mlgel-antibacterien-80ml-pack\/","og_locale":"en_US","og_type":"article","og_title":"Puress Assainissant Spray Aerien 200ml+Gel Antibacterien 80ml Pack - paragaleriedetalborjt","og_description":"Highlights:LeSpray Assainissant Puressentielest une formule brevet\u00e9e de 41 huiles essentielles 100% pures et naturelles.","og_url":"https:\/\/paragaleriedetalborjt.com\/en\/boutique\/puress-assainissant-spray-aerien-200mlgel-antibacterien-80ml-pack\/","og_site_name":"paragaleriedetalborjt","og_image":[{"width":600,"height":600,"url":"https:\/\/paragaleriedetalborjt.com\/wp-content\/uploads\/2026\/01\/Puress-Assainissant-spray-aerien-200mlGel-Antibacterien-80ml-pack-600x600-1.jpg","type":"image\/jpeg"}],"twitter_card":"summary_large_image","schema":{"@context":"https:\/\/schema.org","@graph":[{"@type":"WebPage","@id":"https:\/\/paragaleriedetalborjt.com\/boutique\/puress-assainissant-spray-aerien-200mlgel-antibacterien-80ml-pack\/","url":"https:\/\/paragaleriedetalborjt.com\/boutique\/puress-assainissant-spray-aerien-200mlgel-antibacterien-80ml-pack\/","name":"Puress Assainissant Spray Aerien 200ml+Gel Antibacterien 80ml Pack - paragaleriedetalborjt","isPartOf":{"@id":"https:\/\/paragaleriedetalborjt.com\/#website"},"primaryImageOfPage":{"@id":"https:\/\/paragaleriedetalborjt.com\/boutique\/puress-assainissant-spray-aerien-200mlgel-antibacterien-80ml-pack\/#primaryimage"},"image":{"@id":"https:\/\/paragaleriedetalborjt.com\/boutique\/puress-assainissant-spray-aerien-200mlgel-antibacterien-80ml-pack\/#primaryimage"},"thumbnailUrl":"https:\/\/paragaleriedetalborjt.com\/wp-content\/uploads\/2026\/01\/Puress-Assainissant-spray-aerien-200mlGel-Antibacterien-80ml-pack-600x600-1.jpg","datePublished":"2026-01-02T17:55:31+00:00","breadcrumb":{"@id":"https:\/\/paragaleriedetalborjt.com\/boutique\/puress-assainissant-spray-aerien-200mlgel-antibacterien-80ml-pack\/#breadcrumb"},"inLanguage":"en-US","potentialAction":[{"@type":"ReadAction","target":["https:\/\/paragaleriedetalborjt.com\/boutique\/puress-assainissant-spray-aerien-200mlgel-antibacterien-80ml-pack\/"]}]},{"@type":"ImageObject","inLanguage":"en-US","@id":"https:\/\/paragaleriedetalborjt.com\/boutique\/puress-assainissant-spray-aerien-200mlgel-antibacterien-80ml-pack\/#primaryimage","url":"https:\/\/paragaleriedetalborjt.com\/wp-content\/uploads\/2026\/01\/Puress-Assainissant-spray-aerien-200mlGel-Antibacterien-80ml-pack-600x600-1.jpg","contentUrl":"https:\/\/paragaleriedetalborjt.com\/wp-content\/uploads\/2026\/01\/Puress-Assainissant-spray-aerien-200mlGel-Antibacterien-80ml-pack-600x600-1.jpg","width":600,"height":600},{"@type":"BreadcrumbList","@id":"https:\/\/paragaleriedetalborjt.com\/boutique\/puress-assainissant-spray-aerien-200mlgel-antibacterien-80ml-pack\/#breadcrumb","itemListElement":[{"@type":"ListItem","position":1,"name":"Accueil","item":"https:\/\/paragaleriedetalborjt.com\/"},{"@type":"ListItem","position":2,"name":"Boutique","item":"https:\/\/paragaleriedetalborjt.com\/boutique\/"},{"@type":"ListItem","position":3,"name":"Puress Assainissant Spray Aerien 200ml+Gel Antibacterien 80ml Pack"}]},{"@type":"WebSite","@id":"https:\/\/paragaleriedetalborjt.com\/#website","url":"https:\/\/paragaleriedetalborjt.com\/","name":"paragaleriedetalborjt","description":"","potentialAction":[{"@type":"SearchAction","target":{"@type":"EntryPoint","urlTemplate":"https:\/\/paragaleriedetalborjt.com\/?s={search_term_string}"},"query-input":{"@type":"PropertyValueSpecification","valueRequired":true,"valueName":"search_term_string"}}],"inLanguage":"en-US"}]}},"brands":[],"_links":{"self":[{"href":"https:\/\/paragaleriedetalborjt.com\/en\/wp-json\/wp\/v2\/product\/29706","targetHints":{"allow":["GET"]}}],"collection":[{"href":"https:\/\/paragaleriedetalborjt.com\/en\/wp-json\/wp\/v2\/product"}],"about":[{"href":"https:\/\/paragaleriedetalborjt.com\/en\/wp-json\/wp\/v2\/types\/product"}],"replies":[{"embeddable":true,"href":"https:\/\/paragaleriedetalborjt.com\/en\/wp-json\/wp\/v2\/comments?post=29706"}],"version-history":[{"count":1,"href":"https:\/\/paragaleriedetalborjt.com\/en\/wp-json\/wp\/v2\/product\/29706\/revisions"}],"predecessor-version":[{"id":29708,"href":"https:\/\/paragaleriedetalborjt.com\/en\/wp-json\/wp\/v2\/product\/29706\/revisions\/29708"}],"wp:featuredmedia":[{"embeddable":true,"href":"https:\/\/paragaleriedetalborjt.com\/en\/wp-json\/wp\/v2\/media\/29707"}],"wp:attachment":[{"href":"https:\/\/paragaleriedetalborjt.com\/en\/wp-json\/wp\/v2\/media?parent=29706"}],"wp:term":[{"taxonomy":"pwb-brand","embeddable":true,"href":"https:\/\/paragaleriedetalborjt.com\/en\/wp-json\/wp\/v2\/pwb-brand?post=29706"},{"taxonomy":"product_cat","embeddable":true,"href":"https:\/\/paragaleriedetalborjt.com\/en\/wp-json\/wp\/v2\/product_cat?post=29706"},{"taxonomy":"product_tag","embeddable":true,"href":"https:\/\/paragaleriedetalborjt.com\/en\/wp-json\/wp\/v2\/product_tag?post=29706"}],"curies":[{"name":"wp","href":"https:\/\/api.w.org\/{rel}","templated":true}]}}