{"id":29502,"date":"2026-01-02T18:51:45","date_gmt":"2026-01-02T17:51:45","guid":{"rendered":"https:\/\/paragaleriedetalborjt.com\/?post_type=product&#038;p=29502"},"modified":"2026-01-02T18:51:45","modified_gmt":"2026-01-02T17:51:45","slug":"rc-lait-bain-douche-hydratant-ps-1l","status":"publish","type":"product","link":"https:\/\/paragaleriedetalborjt.com\/en\/boutique\/rc-lait-bain-douche-hydratant-ps-1l\/","title":{"rendered":"RC Lait Bain Douche Hydratant Ps 1L"},"content":{"rendered":"<div aria-labelledby=\"tab-title-description\" class=\"woocommerce-Tabs-panel woocommerce-Tabs-panel--description panel entry-content wc-tab\" id=\"tab-description\" role=\"tabpanel\" style=\"\">\n<h2>Description<\/h2>\n<p>Ce lait nettoie aussi pour une utilisation deux en une, dans un grand format \u00e9conomique pour une longue dur\u00e9e en laissant un l\u00e9ger parfum agr\u00e9able.<\/p>\n<p>La peau est nourrie intens\u00e9ment en profondeur et en surface pour une barri\u00e8re cutan\u00e9e prot\u00e9g\u00e9e et un \u00e9piderme en bonne sant\u00e9 sur le long terme.<\/p>\n<\/div>","protected":false},"excerpt":{"rendered":"<p>Highlights:Roge Cavailles Lait Bain Douche Hydratant\u00a01L prot\u00e8ge et hydrate la peau pour un fini doux gr\u00e2ce aux prot\u00e9ines de lait et aux huiles \u00e9mollientes.<\/p>","protected":false},"featured_media":29503,"comment_status":"open","ping_status":"closed","template":"","meta":[],"pwb-brand":[],"product_cat":[16],"product_tag":[],"class_list":{"0":"post-29502","1":"product","2":"type-product","3":"status-publish","4":"has-post-thumbnail","6":"product_cat-non-classe","7":"pa_brands-roge-cavailles","9":"first","10":"instock","11":"sale","12":"shipping-taxable","13":"purchasable","14":"product-type-simple"},"yoast_head":"<!-- This site is optimized with the Yoast SEO plugin v27.5 - https:\/\/yoast.com\/product\/yoast-seo-wordpress\/ -->\n<title>RC Lait Bain Douche Hydratant Ps 1L - paragaleriedetalborjt<\/title>\n<meta name=\"robots\" content=\"index, follow, max-snippet:-1, max-image-preview:large, max-video-preview:-1\" \/>\n<link rel=\"canonical\" href=\"https:\/\/paragaleriedetalborjt.com\/en\/boutique\/rc-lait-bain-douche-hydratant-ps-1l\/\" \/>\n<meta property=\"og:locale\" content=\"en_US\" \/>\n<meta property=\"og:type\" content=\"article\" \/>\n<meta property=\"og:title\" content=\"RC Lait Bain Douche Hydratant Ps 1L - paragaleriedetalborjt\" \/>\n<meta property=\"og:description\" content=\"Highlights:Roge Cavailles Lait Bain Douche Hydratant\u00a01L prot\u00e8ge et hydrate la peau pour un fini doux gr\u00e2ce aux prot\u00e9ines de lait et aux huiles \u00e9mollientes.\" \/>\n<meta property=\"og:url\" content=\"https:\/\/paragaleriedetalborjt.com\/en\/boutique\/rc-lait-bain-douche-hydratant-ps-1l\/\" \/>\n<meta property=\"og:site_name\" content=\"paragaleriedetalborjt\" \/>\n<meta property=\"og:image\" content=\"https:\/\/paragaleriedetalborjt.com\/wp-content\/uploads\/2026\/01\/RC-Lait-Bain-douche-Hydratant-Ps-1L-600x600-1.jpg\" \/>\n\t<meta property=\"og:image:width\" content=\"600\" \/>\n\t<meta property=\"og:image:height\" content=\"600\" \/>\n\t<meta property=\"og:image:type\" content=\"image\/jpeg\" \/>\n<meta name=\"twitter:card\" content=\"summary_large_image\" \/>\n<script type=\"application\/ld+json\" class=\"yoast-schema-graph\">{\"@context\":\"https:\\\/\\\/schema.org\",\"@graph\":[{\"@type\":\"WebPage\",\"@id\":\"https:\\\/\\\/paragaleriedetalborjt.com\\\/boutique\\\/rc-lait-bain-douche-hydratant-ps-1l\\\/\",\"url\":\"https:\\\/\\\/paragaleriedetalborjt.com\\\/boutique\\\/rc-lait-bain-douche-hydratant-ps-1l\\\/\",\"name\":\"RC Lait Bain Douche Hydratant Ps 1L - paragaleriedetalborjt\",\"isPartOf\":{\"@id\":\"https:\\\/\\\/paragaleriedetalborjt.com\\\/#website\"},\"primaryImageOfPage\":{\"@id\":\"https:\\\/\\\/paragaleriedetalborjt.com\\\/boutique\\\/rc-lait-bain-douche-hydratant-ps-1l\\\/#primaryimage\"},\"image\":{\"@id\":\"https:\\\/\\\/paragaleriedetalborjt.com\\\/boutique\\\/rc-lait-bain-douche-hydratant-ps-1l\\\/#primaryimage\"},\"thumbnailUrl\":\"https:\\\/\\\/paragaleriedetalborjt.com\\\/wp-content\\\/uploads\\\/2026\\\/01\\\/RC-Lait-Bain-douche-Hydratant-Ps-1L-600x600-1.jpg\",\"datePublished\":\"2026-01-02T17:51:45+00:00\",\"breadcrumb\":{\"@id\":\"https:\\\/\\\/paragaleriedetalborjt.com\\\/boutique\\\/rc-lait-bain-douche-hydratant-ps-1l\\\/#breadcrumb\"},\"inLanguage\":\"en-US\",\"potentialAction\":[{\"@type\":\"ReadAction\",\"target\":[\"https:\\\/\\\/paragaleriedetalborjt.com\\\/boutique\\\/rc-lait-bain-douche-hydratant-ps-1l\\\/\"]}]},{\"@type\":\"ImageObject\",\"inLanguage\":\"en-US\",\"@id\":\"https:\\\/\\\/paragaleriedetalborjt.com\\\/boutique\\\/rc-lait-bain-douche-hydratant-ps-1l\\\/#primaryimage\",\"url\":\"https:\\\/\\\/paragaleriedetalborjt.com\\\/wp-content\\\/uploads\\\/2026\\\/01\\\/RC-Lait-Bain-douche-Hydratant-Ps-1L-600x600-1.jpg\",\"contentUrl\":\"https:\\\/\\\/paragaleriedetalborjt.com\\\/wp-content\\\/uploads\\\/2026\\\/01\\\/RC-Lait-Bain-douche-Hydratant-Ps-1L-600x600-1.jpg\",\"width\":600,\"height\":600},{\"@type\":\"BreadcrumbList\",\"@id\":\"https:\\\/\\\/paragaleriedetalborjt.com\\\/boutique\\\/rc-lait-bain-douche-hydratant-ps-1l\\\/#breadcrumb\",\"itemListElement\":[{\"@type\":\"ListItem\",\"position\":1,\"name\":\"Accueil\",\"item\":\"https:\\\/\\\/paragaleriedetalborjt.com\\\/\"},{\"@type\":\"ListItem\",\"position\":2,\"name\":\"Boutique\",\"item\":\"https:\\\/\\\/paragaleriedetalborjt.com\\\/boutique\\\/\"},{\"@type\":\"ListItem\",\"position\":3,\"name\":\"RC Lait Bain Douche Hydratant Ps 1L\"}]},{\"@type\":\"WebSite\",\"@id\":\"https:\\\/\\\/paragaleriedetalborjt.com\\\/#website\",\"url\":\"https:\\\/\\\/paragaleriedetalborjt.com\\\/\",\"name\":\"paragaleriedetalborjt\",\"description\":\"\",\"potentialAction\":[{\"@type\":\"SearchAction\",\"target\":{\"@type\":\"EntryPoint\",\"urlTemplate\":\"https:\\\/\\\/paragaleriedetalborjt.com\\\/?s={search_term_string}\"},\"query-input\":{\"@type\":\"PropertyValueSpecification\",\"valueRequired\":true,\"valueName\":\"search_term_string\"}}],\"inLanguage\":\"en-US\"}]}<\/script>\n<!-- \/ Yoast SEO plugin. -->","yoast_head_json":{"title":"RC Lait Bain Douche Hydratant Ps 1L - paragaleriedetalborjt","robots":{"index":"index","follow":"follow","max-snippet":"max-snippet:-1","max-image-preview":"max-image-preview:large","max-video-preview":"max-video-preview:-1"},"canonical":"https:\/\/paragaleriedetalborjt.com\/en\/boutique\/rc-lait-bain-douche-hydratant-ps-1l\/","og_locale":"en_US","og_type":"article","og_title":"RC Lait Bain Douche Hydratant Ps 1L - paragaleriedetalborjt","og_description":"Highlights:Roge Cavailles Lait Bain Douche Hydratant\u00a01L prot\u00e8ge et hydrate la peau pour un fini doux gr\u00e2ce aux prot\u00e9ines de lait et aux huiles \u00e9mollientes.","og_url":"https:\/\/paragaleriedetalborjt.com\/en\/boutique\/rc-lait-bain-douche-hydratant-ps-1l\/","og_site_name":"paragaleriedetalborjt","og_image":[{"width":600,"height":600,"url":"https:\/\/paragaleriedetalborjt.com\/wp-content\/uploads\/2026\/01\/RC-Lait-Bain-douche-Hydratant-Ps-1L-600x600-1.jpg","type":"image\/jpeg"}],"twitter_card":"summary_large_image","schema":{"@context":"https:\/\/schema.org","@graph":[{"@type":"WebPage","@id":"https:\/\/paragaleriedetalborjt.com\/boutique\/rc-lait-bain-douche-hydratant-ps-1l\/","url":"https:\/\/paragaleriedetalborjt.com\/boutique\/rc-lait-bain-douche-hydratant-ps-1l\/","name":"RC Lait Bain Douche Hydratant Ps 1L - paragaleriedetalborjt","isPartOf":{"@id":"https:\/\/paragaleriedetalborjt.com\/#website"},"primaryImageOfPage":{"@id":"https:\/\/paragaleriedetalborjt.com\/boutique\/rc-lait-bain-douche-hydratant-ps-1l\/#primaryimage"},"image":{"@id":"https:\/\/paragaleriedetalborjt.com\/boutique\/rc-lait-bain-douche-hydratant-ps-1l\/#primaryimage"},"thumbnailUrl":"https:\/\/paragaleriedetalborjt.com\/wp-content\/uploads\/2026\/01\/RC-Lait-Bain-douche-Hydratant-Ps-1L-600x600-1.jpg","datePublished":"2026-01-02T17:51:45+00:00","breadcrumb":{"@id":"https:\/\/paragaleriedetalborjt.com\/boutique\/rc-lait-bain-douche-hydratant-ps-1l\/#breadcrumb"},"inLanguage":"en-US","potentialAction":[{"@type":"ReadAction","target":["https:\/\/paragaleriedetalborjt.com\/boutique\/rc-lait-bain-douche-hydratant-ps-1l\/"]}]},{"@type":"ImageObject","inLanguage":"en-US","@id":"https:\/\/paragaleriedetalborjt.com\/boutique\/rc-lait-bain-douche-hydratant-ps-1l\/#primaryimage","url":"https:\/\/paragaleriedetalborjt.com\/wp-content\/uploads\/2026\/01\/RC-Lait-Bain-douche-Hydratant-Ps-1L-600x600-1.jpg","contentUrl":"https:\/\/paragaleriedetalborjt.com\/wp-content\/uploads\/2026\/01\/RC-Lait-Bain-douche-Hydratant-Ps-1L-600x600-1.jpg","width":600,"height":600},{"@type":"BreadcrumbList","@id":"https:\/\/paragaleriedetalborjt.com\/boutique\/rc-lait-bain-douche-hydratant-ps-1l\/#breadcrumb","itemListElement":[{"@type":"ListItem","position":1,"name":"Accueil","item":"https:\/\/paragaleriedetalborjt.com\/"},{"@type":"ListItem","position":2,"name":"Boutique","item":"https:\/\/paragaleriedetalborjt.com\/boutique\/"},{"@type":"ListItem","position":3,"name":"RC Lait Bain Douche Hydratant Ps 1L"}]},{"@type":"WebSite","@id":"https:\/\/paragaleriedetalborjt.com\/#website","url":"https:\/\/paragaleriedetalborjt.com\/","name":"paragaleriedetalborjt","description":"","potentialAction":[{"@type":"SearchAction","target":{"@type":"EntryPoint","urlTemplate":"https:\/\/paragaleriedetalborjt.com\/?s={search_term_string}"},"query-input":{"@type":"PropertyValueSpecification","valueRequired":true,"valueName":"search_term_string"}}],"inLanguage":"en-US"}]}},"brands":[],"_links":{"self":[{"href":"https:\/\/paragaleriedetalborjt.com\/en\/wp-json\/wp\/v2\/product\/29502","targetHints":{"allow":["GET"]}}],"collection":[{"href":"https:\/\/paragaleriedetalborjt.com\/en\/wp-json\/wp\/v2\/product"}],"about":[{"href":"https:\/\/paragaleriedetalborjt.com\/en\/wp-json\/wp\/v2\/types\/product"}],"replies":[{"embeddable":true,"href":"https:\/\/paragaleriedetalborjt.com\/en\/wp-json\/wp\/v2\/comments?post=29502"}],"version-history":[{"count":1,"href":"https:\/\/paragaleriedetalborjt.com\/en\/wp-json\/wp\/v2\/product\/29502\/revisions"}],"predecessor-version":[{"id":29504,"href":"https:\/\/paragaleriedetalborjt.com\/en\/wp-json\/wp\/v2\/product\/29502\/revisions\/29504"}],"wp:featuredmedia":[{"embeddable":true,"href":"https:\/\/paragaleriedetalborjt.com\/en\/wp-json\/wp\/v2\/media\/29503"}],"wp:attachment":[{"href":"https:\/\/paragaleriedetalborjt.com\/en\/wp-json\/wp\/v2\/media?parent=29502"}],"wp:term":[{"taxonomy":"pwb-brand","embeddable":true,"href":"https:\/\/paragaleriedetalborjt.com\/en\/wp-json\/wp\/v2\/pwb-brand?post=29502"},{"taxonomy":"product_cat","embeddable":true,"href":"https:\/\/paragaleriedetalborjt.com\/en\/wp-json\/wp\/v2\/product_cat?post=29502"},{"taxonomy":"product_tag","embeddable":true,"href":"https:\/\/paragaleriedetalborjt.com\/en\/wp-json\/wp\/v2\/product_tag?post=29502"}],"curies":[{"name":"wp","href":"https:\/\/api.w.org\/{rel}","templated":true}]}}