{"id":29469,"date":"2026-01-02T18:51:14","date_gmt":"2026-01-02T17:51:14","guid":{"rendered":"https:\/\/paragaleriedetalborjt.com\/?post_type=product&#038;p=29469"},"modified":"2026-01-02T18:51:14","modified_gmt":"2026-01-02T17:51:14","slug":"crescina-hfsc-transdermic-complet-1300-man-1010x3-5ml","status":"publish","type":"product","link":"https:\/\/paragaleriedetalborjt.com\/en\/boutique\/crescina-hfsc-transdermic-complet-1300-man-1010x3-5ml\/","title":{"rendered":"Crescina HFSC Transdermic Complet 1300 Man 10+10\u00d73.5ml"},"content":{"rendered":"<div aria-labelledby=\"tab-title-description\" class=\"woocommerce-Tabs-panel woocommerce-Tabs-panel--description panel entry-content wc-tab\" id=\"tab-description\" role=\"tabpanel\" style=\"\">\n<h2>Description<\/h2>\n<div class=\"field field-name-title-field field-type-text field-label-hidden\">\n<div class=\"field-items\">\n<div class=\"field-item even\"><\/div>\n<\/div>\n<\/div>\n<div class=\"field field-name-body field-type-text-with-summary field-label-hidden\">\n<div class=\"field-items\">\n<div class=\"field-item even\">\n<p>L\u2019emballage contient deux types de flacons\u00a0: les flacons ambr\u00e9s contiennent Crescina Transdermic Re-Growth HFSC tandis que les flacons transparents contiennent Crescina Transdermic Anti-Hair Loss, combinant les ingr\u00e9dients actifs de base (hydroxyproline, acide aspartique, activateur enzymatique et taurine) avec de la prot\u00e9ine de levure hydrolys\u00e9e et de l\u2019ac\u00e9tylt\u00e9trapeptide. -3, utiles pour renforcer les cheveux d\u00e8s la racine (test in vitro sur les principes actifs), plus 3 activateurs pour faciliter leur p\u00e9n\u00e9tration (Technologie Transdermique) \u00e0 travers le syst\u00e8me capillaire et le cuir chevelu.\u00a0La formulation est enrichie du Complexe HSSC.<\/p>\n<p>Formules sp\u00e9cifiques pour Homme et Femme.\u00a0Disponible en bo\u00eetes de 10+10 et 20+20 flacons et aux dosages suivants : 200, 500, 1300.<\/p>\n<p>\u2013 Dosage 200 pour les stades initiaux (chute de cheveux mod\u00e9r\u00e9e)<br \/>\n\u2013 Dosage 500 pour les stades moyens (chute de cheveux avanc\u00e9e)<br \/>\n<strong>\u2013 Dosage 1300 pour les stades avanc\u00e9s stades (calvitie naissante)<\/strong><\/p>\n<p>La technologie transdermique brevet\u00e9e par Labo (brevet suisse CH 711 466) permet aux ingr\u00e9dients actifs et fonctionnels contenus dans les formulations de p\u00e9n\u00e9trer les diff\u00e9rentes couches de la peau et du cuir chevelu \u2013 \u00e9piderme et derme \u2013 et d\u2019atteindre de mani\u00e8re s\u00fbre et \u00e9prouv\u00e9e le couches les plus profondes de la peau o\u00f9 elles doivent agir : une v\u00e9ritable alternative aux micro-injections, mais sans aiguilles.<br \/>\nLa technologie transdermique est principalement bas\u00e9e sur le poids mol\u00e9culaire des substances actives qui, associ\u00e9es \u00e0 des activateurs sp\u00e9cifiques, garantissent la meilleure p\u00e9n\u00e9tration non seulement \u00e0 travers l\u2019ouverture folliculaire, mais \u00e9galement \u00e0 travers les couches cutan\u00e9es plus \u00e9paisses et difficilement accessibles de tout le cuir chevelu.<br \/>\nLa technologie transdermique est fondamentale pour l\u2019efficacit\u00e9 du traitement : sans elle, il ne serait pas possible d\u2019obtenir les r\u00e9sultats de p\u00e9n\u00e9tration et d\u2019activit\u00e9 normalement obtenus avec les micro-injections.<br \/>\nPar cons\u00e9quent, la technologie transdermique rend la pr\u00e9paration Crescina unique : aucun autre produit topique ne peut revendiquer une activit\u00e9 transdermique test\u00e9e et contr\u00f4l\u00e9e avec des pourcentages v\u00e9rifi\u00e9s ex vivo des valeurs de p\u00e9n\u00e9tration.<br \/>\nLes 12 mol\u00e9cules \u00ab synth\u00e9tiques humaines \u00bb du nouveau Plate-Like Complex peuvent compter sur des poids mol\u00e9culaires faibles et tr\u00e8s faibles.\u00a0Leur p\u00e9n\u00e9tration a \u00e9t\u00e9 test\u00e9e au moyen de Franz Diffusion Cells.<\/p>\n<\/div>\n<\/div>\n<\/div>\n<\/div>","protected":false},"excerpt":{"rendered":"<p>Highlights:Crescina Transdermic Re-Crowth HFSC et Transdermic Anti-Hair Loss Treatment Complete Treatment for women est un traitement dermo-cosm\u00e9tique topique en flacons \u00e0 double fonction : il aide \u00e0 la croissance physiologique des cheveux et aide \u00e0 enrayer la chute des cheveux.<\/p>","protected":false},"featured_media":29470,"comment_status":"open","ping_status":"closed","template":"","meta":[],"pwb-brand":[],"product_cat":[16],"product_tag":[],"class_list":{"0":"post-29469","1":"product","2":"type-product","3":"status-publish","4":"has-post-thumbnail","6":"product_cat-non-classe","7":"pa_brands-crescina","9":"first","10":"instock","11":"sale","12":"shipping-taxable","13":"purchasable","14":"product-type-simple"},"yoast_head":"<!-- This site is optimized with the Yoast SEO plugin v26.9 - https:\/\/yoast.com\/product\/yoast-seo-wordpress\/ -->\n<title>Crescina HFSC Transdermic Complet 1300 Man 10+10\u00d73.5ml - paragaleriedetalborjt<\/title>\n<meta name=\"robots\" content=\"index, follow, max-snippet:-1, max-image-preview:large, max-video-preview:-1\" \/>\n<link rel=\"canonical\" href=\"https:\/\/paragaleriedetalborjt.com\/en\/boutique\/crescina-hfsc-transdermic-complet-1300-man-1010x3-5ml\/\" \/>\n<meta property=\"og:locale\" content=\"en_US\" \/>\n<meta property=\"og:type\" content=\"article\" \/>\n<meta property=\"og:title\" content=\"Crescina HFSC Transdermic Complet 1300 Man 10+10\u00d73.5ml - paragaleriedetalborjt\" \/>\n<meta property=\"og:description\" content=\"Highlights:Crescina Transdermic Re-Crowth HFSC et Transdermic Anti-Hair Loss Treatment Complete Treatment for women est un traitement dermo-cosm\u00e9tique topique en flacons \u00e0 double fonction : il aide \u00e0 la croissance physiologique des cheveux et aide \u00e0 enrayer la chute des cheveux.\" \/>\n<meta property=\"og:url\" content=\"https:\/\/paragaleriedetalborjt.com\/en\/boutique\/crescina-hfsc-transdermic-complet-1300-man-1010x3-5ml\/\" \/>\n<meta property=\"og:site_name\" content=\"paragaleriedetalborjt\" \/>\n<meta property=\"og:image\" content=\"https:\/\/paragaleriedetalborjt.com\/wp-content\/uploads\/2026\/01\/Crescina-HFSC-transdermic-complet-1300-man-10103.5ml-600x600-1.jpg\" \/>\n\t<meta property=\"og:image:width\" content=\"600\" \/>\n\t<meta property=\"og:image:height\" content=\"600\" \/>\n\t<meta property=\"og:image:type\" content=\"image\/jpeg\" \/>\n<meta name=\"twitter:card\" content=\"summary_large_image\" \/>\n<meta name=\"twitter:label1\" content=\"Est. reading time\" \/>\n\t<meta name=\"twitter:data1\" content=\"2 minutes\" \/>\n<script type=\"application\/ld+json\" class=\"yoast-schema-graph\">{\"@context\":\"https:\/\/schema.org\",\"@graph\":[{\"@type\":\"WebPage\",\"@id\":\"https:\/\/paragaleriedetalborjt.com\/boutique\/crescina-hfsc-transdermic-complet-1300-man-1010x3-5ml\/\",\"url\":\"https:\/\/paragaleriedetalborjt.com\/boutique\/crescina-hfsc-transdermic-complet-1300-man-1010x3-5ml\/\",\"name\":\"Crescina HFSC Transdermic Complet 1300 Man 10+10\u00d73.5ml - paragaleriedetalborjt\",\"isPartOf\":{\"@id\":\"https:\/\/paragaleriedetalborjt.com\/#website\"},\"primaryImageOfPage\":{\"@id\":\"https:\/\/paragaleriedetalborjt.com\/boutique\/crescina-hfsc-transdermic-complet-1300-man-1010x3-5ml\/#primaryimage\"},\"image\":{\"@id\":\"https:\/\/paragaleriedetalborjt.com\/boutique\/crescina-hfsc-transdermic-complet-1300-man-1010x3-5ml\/#primaryimage\"},\"thumbnailUrl\":\"https:\/\/paragaleriedetalborjt.com\/wp-content\/uploads\/2026\/01\/Crescina-HFSC-transdermic-complet-1300-man-10103.5ml-600x600-1.jpg\",\"datePublished\":\"2026-01-02T17:51:14+00:00\",\"breadcrumb\":{\"@id\":\"https:\/\/paragaleriedetalborjt.com\/boutique\/crescina-hfsc-transdermic-complet-1300-man-1010x3-5ml\/#breadcrumb\"},\"inLanguage\":\"en-US\",\"potentialAction\":[{\"@type\":\"ReadAction\",\"target\":[\"https:\/\/paragaleriedetalborjt.com\/boutique\/crescina-hfsc-transdermic-complet-1300-man-1010x3-5ml\/\"]}]},{\"@type\":\"ImageObject\",\"inLanguage\":\"en-US\",\"@id\":\"https:\/\/paragaleriedetalborjt.com\/boutique\/crescina-hfsc-transdermic-complet-1300-man-1010x3-5ml\/#primaryimage\",\"url\":\"https:\/\/paragaleriedetalborjt.com\/wp-content\/uploads\/2026\/01\/Crescina-HFSC-transdermic-complet-1300-man-10103.5ml-600x600-1.jpg\",\"contentUrl\":\"https:\/\/paragaleriedetalborjt.com\/wp-content\/uploads\/2026\/01\/Crescina-HFSC-transdermic-complet-1300-man-10103.5ml-600x600-1.jpg\",\"width\":600,\"height\":600},{\"@type\":\"BreadcrumbList\",\"@id\":\"https:\/\/paragaleriedetalborjt.com\/boutique\/crescina-hfsc-transdermic-complet-1300-man-1010x3-5ml\/#breadcrumb\",\"itemListElement\":[{\"@type\":\"ListItem\",\"position\":1,\"name\":\"Accueil\",\"item\":\"https:\/\/paragaleriedetalborjt.com\/\"},{\"@type\":\"ListItem\",\"position\":2,\"name\":\"Boutique\",\"item\":\"https:\/\/paragaleriedetalborjt.com\/boutique\/\"},{\"@type\":\"ListItem\",\"position\":3,\"name\":\"Crescina HFSC Transdermic Complet 1300 Man 10+10\u00d73.5ml\"}]},{\"@type\":\"WebSite\",\"@id\":\"https:\/\/paragaleriedetalborjt.com\/#website\",\"url\":\"https:\/\/paragaleriedetalborjt.com\/\",\"name\":\"paragaleriedetalborjt\",\"description\":\"\",\"potentialAction\":[{\"@type\":\"SearchAction\",\"target\":{\"@type\":\"EntryPoint\",\"urlTemplate\":\"https:\/\/paragaleriedetalborjt.com\/?s={search_term_string}\"},\"query-input\":{\"@type\":\"PropertyValueSpecification\",\"valueRequired\":true,\"valueName\":\"search_term_string\"}}],\"inLanguage\":\"en-US\"}]}<\/script>\n<!-- \/ Yoast SEO plugin. -->","yoast_head_json":{"title":"Crescina HFSC Transdermic Complet 1300 Man 10+10\u00d73.5ml - paragaleriedetalborjt","robots":{"index":"index","follow":"follow","max-snippet":"max-snippet:-1","max-image-preview":"max-image-preview:large","max-video-preview":"max-video-preview:-1"},"canonical":"https:\/\/paragaleriedetalborjt.com\/en\/boutique\/crescina-hfsc-transdermic-complet-1300-man-1010x3-5ml\/","og_locale":"en_US","og_type":"article","og_title":"Crescina HFSC Transdermic Complet 1300 Man 10+10\u00d73.5ml - paragaleriedetalborjt","og_description":"Highlights:Crescina Transdermic Re-Crowth HFSC et Transdermic Anti-Hair Loss Treatment Complete Treatment for women est un traitement dermo-cosm\u00e9tique topique en flacons \u00e0 double fonction : il aide \u00e0 la croissance physiologique des cheveux et aide \u00e0 enrayer la chute des cheveux.","og_url":"https:\/\/paragaleriedetalborjt.com\/en\/boutique\/crescina-hfsc-transdermic-complet-1300-man-1010x3-5ml\/","og_site_name":"paragaleriedetalborjt","og_image":[{"width":600,"height":600,"url":"https:\/\/paragaleriedetalborjt.com\/wp-content\/uploads\/2026\/01\/Crescina-HFSC-transdermic-complet-1300-man-10103.5ml-600x600-1.jpg","type":"image\/jpeg"}],"twitter_card":"summary_large_image","twitter_misc":{"Est. reading time":"2 minutes"},"schema":{"@context":"https:\/\/schema.org","@graph":[{"@type":"WebPage","@id":"https:\/\/paragaleriedetalborjt.com\/boutique\/crescina-hfsc-transdermic-complet-1300-man-1010x3-5ml\/","url":"https:\/\/paragaleriedetalborjt.com\/boutique\/crescina-hfsc-transdermic-complet-1300-man-1010x3-5ml\/","name":"Crescina HFSC Transdermic Complet 1300 Man 10+10\u00d73.5ml - paragaleriedetalborjt","isPartOf":{"@id":"https:\/\/paragaleriedetalborjt.com\/#website"},"primaryImageOfPage":{"@id":"https:\/\/paragaleriedetalborjt.com\/boutique\/crescina-hfsc-transdermic-complet-1300-man-1010x3-5ml\/#primaryimage"},"image":{"@id":"https:\/\/paragaleriedetalborjt.com\/boutique\/crescina-hfsc-transdermic-complet-1300-man-1010x3-5ml\/#primaryimage"},"thumbnailUrl":"https:\/\/paragaleriedetalborjt.com\/wp-content\/uploads\/2026\/01\/Crescina-HFSC-transdermic-complet-1300-man-10103.5ml-600x600-1.jpg","datePublished":"2026-01-02T17:51:14+00:00","breadcrumb":{"@id":"https:\/\/paragaleriedetalborjt.com\/boutique\/crescina-hfsc-transdermic-complet-1300-man-1010x3-5ml\/#breadcrumb"},"inLanguage":"en-US","potentialAction":[{"@type":"ReadAction","target":["https:\/\/paragaleriedetalborjt.com\/boutique\/crescina-hfsc-transdermic-complet-1300-man-1010x3-5ml\/"]}]},{"@type":"ImageObject","inLanguage":"en-US","@id":"https:\/\/paragaleriedetalborjt.com\/boutique\/crescina-hfsc-transdermic-complet-1300-man-1010x3-5ml\/#primaryimage","url":"https:\/\/paragaleriedetalborjt.com\/wp-content\/uploads\/2026\/01\/Crescina-HFSC-transdermic-complet-1300-man-10103.5ml-600x600-1.jpg","contentUrl":"https:\/\/paragaleriedetalborjt.com\/wp-content\/uploads\/2026\/01\/Crescina-HFSC-transdermic-complet-1300-man-10103.5ml-600x600-1.jpg","width":600,"height":600},{"@type":"BreadcrumbList","@id":"https:\/\/paragaleriedetalborjt.com\/boutique\/crescina-hfsc-transdermic-complet-1300-man-1010x3-5ml\/#breadcrumb","itemListElement":[{"@type":"ListItem","position":1,"name":"Accueil","item":"https:\/\/paragaleriedetalborjt.com\/"},{"@type":"ListItem","position":2,"name":"Boutique","item":"https:\/\/paragaleriedetalborjt.com\/boutique\/"},{"@type":"ListItem","position":3,"name":"Crescina HFSC Transdermic Complet 1300 Man 10+10\u00d73.5ml"}]},{"@type":"WebSite","@id":"https:\/\/paragaleriedetalborjt.com\/#website","url":"https:\/\/paragaleriedetalborjt.com\/","name":"paragaleriedetalborjt","description":"","potentialAction":[{"@type":"SearchAction","target":{"@type":"EntryPoint","urlTemplate":"https:\/\/paragaleriedetalborjt.com\/?s={search_term_string}"},"query-input":{"@type":"PropertyValueSpecification","valueRequired":true,"valueName":"search_term_string"}}],"inLanguage":"en-US"}]}},"brands":[],"_links":{"self":[{"href":"https:\/\/paragaleriedetalborjt.com\/en\/wp-json\/wp\/v2\/product\/29469","targetHints":{"allow":["GET"]}}],"collection":[{"href":"https:\/\/paragaleriedetalborjt.com\/en\/wp-json\/wp\/v2\/product"}],"about":[{"href":"https:\/\/paragaleriedetalborjt.com\/en\/wp-json\/wp\/v2\/types\/product"}],"replies":[{"embeddable":true,"href":"https:\/\/paragaleriedetalborjt.com\/en\/wp-json\/wp\/v2\/comments?post=29469"}],"version-history":[{"count":1,"href":"https:\/\/paragaleriedetalborjt.com\/en\/wp-json\/wp\/v2\/product\/29469\/revisions"}],"predecessor-version":[{"id":29471,"href":"https:\/\/paragaleriedetalborjt.com\/en\/wp-json\/wp\/v2\/product\/29469\/revisions\/29471"}],"wp:featuredmedia":[{"embeddable":true,"href":"https:\/\/paragaleriedetalborjt.com\/en\/wp-json\/wp\/v2\/media\/29470"}],"wp:attachment":[{"href":"https:\/\/paragaleriedetalborjt.com\/en\/wp-json\/wp\/v2\/media?parent=29469"}],"wp:term":[{"taxonomy":"pwb-brand","embeddable":true,"href":"https:\/\/paragaleriedetalborjt.com\/en\/wp-json\/wp\/v2\/pwb-brand?post=29469"},{"taxonomy":"product_cat","embeddable":true,"href":"https:\/\/paragaleriedetalborjt.com\/en\/wp-json\/wp\/v2\/product_cat?post=29469"},{"taxonomy":"product_tag","embeddable":true,"href":"https:\/\/paragaleriedetalborjt.com\/en\/wp-json\/wp\/v2\/product_tag?post=29469"}],"curies":[{"name":"wp","href":"https:\/\/api.w.org\/{rel}","templated":true}]}}