{"id":29301,"date":"2026-01-02T18:48:24","date_gmt":"2026-01-02T17:48:24","guid":{"rendered":"https:\/\/paragaleriedetalborjt.com\/?post_type=product&#038;p=29301"},"modified":"2026-01-02T18:48:24","modified_gmt":"2026-01-02T17:48:24","slug":"camomilla-blu-energy-man-nettoyant-intime-active-cosmos-organic","status":"publish","type":"product","link":"https:\/\/paragaleriedetalborjt.com\/en\/boutique\/camomilla-blu-energy-man-nettoyant-intime-active-cosmos-organic\/","title":{"rendered":"Camomilla Blu Energy Man Nettoyant Intime + Active Cosmos Organic"},"content":{"rendered":"<div aria-labelledby=\"tab-title-description\" class=\"woocommerce-Tabs-panel woocommerce-Tabs-panel--description panel entry-content wc-tab\" id=\"tab-description\" role=\"tabpanel\" style=\"\">\n<h2>Description<\/h2>\n<h1 class=\"product-title product_title entry-title\">ENERGY MAN nettoyant intime pour homme pH 5,5<\/h1>\n<div class=\"woocommerce-product-details__short-description\">\n<p>D\u00e9tergent \u00e0 action antiseptique sp\u00e9cifique pour l\u2019hygi\u00e8ne intime masculine. Il a une action hydratante gr\u00e2ce \u00e0 la formule d\u00e9licate \u00e0 pH 5,5 et contient de l\u2019extrait de ginseng \u00e0 l\u2019activit\u00e9 revitalisante. Contient un antibact\u00e9rien.<\/p>\n<h1 class=\"product-title product_title entry-title\">ACTIVE nettoyant intime biologique pH 3,5<\/h1>\n<\/div>\n<p>Le nettoyant intime certifi\u00e9 bio \u00e0 base de camomille et d\u2019aloe vera, agit de mani\u00e8re d\u00e9licate et favorise le r\u00e9tablissement de l\u2019\u00e9quilibre physiologique des zones intimes de la femme. Id\u00e9al pour une utilisation \u00e0 l\u2019\u00e2ge fertile, pendant la p\u00e9riode menstruelle et post-partum, en compl\u00e9ment d\u2019un traitement antiseptique.<\/p>\n<\/div>","protected":false},"excerpt":{"rendered":"<p>D\u00e9tergent \u00e0 action antiseptique sp\u00e9cifique pour l\u2019hygi\u00e8ne intime masculine. Il a une action hydratante gr\u00e2ce \u00e0 la formule d\u00e9licate \u00e0 pH 5,5 et contient de l\u2019extrait de ginseng \u00e0 l\u2019activit\u00e9 revitalisante. Contient un antibact\u00e9rien.ACTIVE nettoyant intime biologique pH 3,5<\/p>","protected":false},"featured_media":29302,"comment_status":"open","ping_status":"closed","template":"","meta":[],"pwb-brand":[],"product_cat":[16],"product_tag":[],"class_list":{"0":"post-29301","1":"product","2":"type-product","3":"status-publish","4":"has-post-thumbnail","6":"product_cat-non-classe","7":"pa_brands-camomilla-blu","9":"first","10":"instock","11":"sale","12":"shipping-taxable","13":"purchasable","14":"product-type-simple"},"yoast_head":"<!-- This site is optimized with the Yoast SEO plugin v27.5 - https:\/\/yoast.com\/product\/yoast-seo-wordpress\/ -->\n<title>Camomilla Blu Energy Man Nettoyant Intime + Active Cosmos Organic - paragaleriedetalborjt<\/title>\n<meta name=\"robots\" content=\"index, follow, max-snippet:-1, max-image-preview:large, max-video-preview:-1\" \/>\n<link rel=\"canonical\" href=\"https:\/\/paragaleriedetalborjt.com\/en\/boutique\/camomilla-blu-energy-man-nettoyant-intime-active-cosmos-organic\/\" \/>\n<meta property=\"og:locale\" content=\"en_US\" \/>\n<meta property=\"og:type\" content=\"article\" \/>\n<meta property=\"og:title\" content=\"Camomilla Blu Energy Man Nettoyant Intime + Active Cosmos Organic - paragaleriedetalborjt\" \/>\n<meta property=\"og:description\" content=\"D\u00e9tergent \u00e0 action antiseptique sp\u00e9cifique pour l\u2019hygi\u00e8ne intime masculine. Il a une action hydratante gr\u00e2ce \u00e0 la formule d\u00e9licate \u00e0 pH 5,5 et contient de l\u2019extrait de ginseng \u00e0 l\u2019activit\u00e9 revitalisante. Contient un antibact\u00e9rien.ACTIVE nettoyant intime biologique pH 3,5\" \/>\n<meta property=\"og:url\" content=\"https:\/\/paragaleriedetalborjt.com\/en\/boutique\/camomilla-blu-energy-man-nettoyant-intime-active-cosmos-organic\/\" \/>\n<meta property=\"og:site_name\" content=\"paragaleriedetalborjt\" \/>\n<meta property=\"og:image\" content=\"https:\/\/paragaleriedetalborjt.com\/wp-content\/uploads\/2026\/01\/Camomilla-Blu-Duo-pack-Energy-man-nett-intimeActive-cosmos-Organic-600x600-1.png\" \/>\n\t<meta property=\"og:image:width\" content=\"600\" \/>\n\t<meta property=\"og:image:height\" content=\"600\" \/>\n\t<meta property=\"og:image:type\" content=\"image\/png\" \/>\n<meta name=\"twitter:card\" content=\"summary_large_image\" \/>\n<meta name=\"twitter:label1\" content=\"Est. reading time\" \/>\n\t<meta name=\"twitter:data1\" content=\"1 minute\" \/>\n<script type=\"application\/ld+json\" class=\"yoast-schema-graph\">{\"@context\":\"https:\\\/\\\/schema.org\",\"@graph\":[{\"@type\":\"WebPage\",\"@id\":\"https:\\\/\\\/paragaleriedetalborjt.com\\\/boutique\\\/camomilla-blu-energy-man-nettoyant-intime-active-cosmos-organic\\\/\",\"url\":\"https:\\\/\\\/paragaleriedetalborjt.com\\\/boutique\\\/camomilla-blu-energy-man-nettoyant-intime-active-cosmos-organic\\\/\",\"name\":\"Camomilla Blu Energy Man Nettoyant Intime + Active Cosmos Organic - paragaleriedetalborjt\",\"isPartOf\":{\"@id\":\"https:\\\/\\\/paragaleriedetalborjt.com\\\/#website\"},\"primaryImageOfPage\":{\"@id\":\"https:\\\/\\\/paragaleriedetalborjt.com\\\/boutique\\\/camomilla-blu-energy-man-nettoyant-intime-active-cosmos-organic\\\/#primaryimage\"},\"image\":{\"@id\":\"https:\\\/\\\/paragaleriedetalborjt.com\\\/boutique\\\/camomilla-blu-energy-man-nettoyant-intime-active-cosmos-organic\\\/#primaryimage\"},\"thumbnailUrl\":\"https:\\\/\\\/paragaleriedetalborjt.com\\\/wp-content\\\/uploads\\\/2026\\\/01\\\/Camomilla-Blu-Duo-pack-Energy-man-nett-intimeActive-cosmos-Organic-600x600-1.png\",\"datePublished\":\"2026-01-02T17:48:24+00:00\",\"breadcrumb\":{\"@id\":\"https:\\\/\\\/paragaleriedetalborjt.com\\\/boutique\\\/camomilla-blu-energy-man-nettoyant-intime-active-cosmos-organic\\\/#breadcrumb\"},\"inLanguage\":\"en-US\",\"potentialAction\":[{\"@type\":\"ReadAction\",\"target\":[\"https:\\\/\\\/paragaleriedetalborjt.com\\\/boutique\\\/camomilla-blu-energy-man-nettoyant-intime-active-cosmos-organic\\\/\"]}]},{\"@type\":\"ImageObject\",\"inLanguage\":\"en-US\",\"@id\":\"https:\\\/\\\/paragaleriedetalborjt.com\\\/boutique\\\/camomilla-blu-energy-man-nettoyant-intime-active-cosmos-organic\\\/#primaryimage\",\"url\":\"https:\\\/\\\/paragaleriedetalborjt.com\\\/wp-content\\\/uploads\\\/2026\\\/01\\\/Camomilla-Blu-Duo-pack-Energy-man-nett-intimeActive-cosmos-Organic-600x600-1.png\",\"contentUrl\":\"https:\\\/\\\/paragaleriedetalborjt.com\\\/wp-content\\\/uploads\\\/2026\\\/01\\\/Camomilla-Blu-Duo-pack-Energy-man-nett-intimeActive-cosmos-Organic-600x600-1.png\",\"width\":600,\"height\":600},{\"@type\":\"BreadcrumbList\",\"@id\":\"https:\\\/\\\/paragaleriedetalborjt.com\\\/boutique\\\/camomilla-blu-energy-man-nettoyant-intime-active-cosmos-organic\\\/#breadcrumb\",\"itemListElement\":[{\"@type\":\"ListItem\",\"position\":1,\"name\":\"Accueil\",\"item\":\"https:\\\/\\\/paragaleriedetalborjt.com\\\/\"},{\"@type\":\"ListItem\",\"position\":2,\"name\":\"Boutique\",\"item\":\"https:\\\/\\\/paragaleriedetalborjt.com\\\/boutique\\\/\"},{\"@type\":\"ListItem\",\"position\":3,\"name\":\"Camomilla Blu Energy Man Nettoyant Intime + Active Cosmos Organic\"}]},{\"@type\":\"WebSite\",\"@id\":\"https:\\\/\\\/paragaleriedetalborjt.com\\\/#website\",\"url\":\"https:\\\/\\\/paragaleriedetalborjt.com\\\/\",\"name\":\"paragaleriedetalborjt\",\"description\":\"\",\"potentialAction\":[{\"@type\":\"SearchAction\",\"target\":{\"@type\":\"EntryPoint\",\"urlTemplate\":\"https:\\\/\\\/paragaleriedetalborjt.com\\\/?s={search_term_string}\"},\"query-input\":{\"@type\":\"PropertyValueSpecification\",\"valueRequired\":true,\"valueName\":\"search_term_string\"}}],\"inLanguage\":\"en-US\"}]}<\/script>\n<!-- \/ Yoast SEO plugin. -->","yoast_head_json":{"title":"Camomilla Blu Energy Man Nettoyant Intime + Active Cosmos Organic - paragaleriedetalborjt","robots":{"index":"index","follow":"follow","max-snippet":"max-snippet:-1","max-image-preview":"max-image-preview:large","max-video-preview":"max-video-preview:-1"},"canonical":"https:\/\/paragaleriedetalborjt.com\/en\/boutique\/camomilla-blu-energy-man-nettoyant-intime-active-cosmos-organic\/","og_locale":"en_US","og_type":"article","og_title":"Camomilla Blu Energy Man Nettoyant Intime + Active Cosmos Organic - paragaleriedetalborjt","og_description":"D\u00e9tergent \u00e0 action antiseptique sp\u00e9cifique pour l\u2019hygi\u00e8ne intime masculine. Il a une action hydratante gr\u00e2ce \u00e0 la formule d\u00e9licate \u00e0 pH 5,5 et contient de l\u2019extrait de ginseng \u00e0 l\u2019activit\u00e9 revitalisante. Contient un antibact\u00e9rien.ACTIVE nettoyant intime biologique pH 3,5","og_url":"https:\/\/paragaleriedetalborjt.com\/en\/boutique\/camomilla-blu-energy-man-nettoyant-intime-active-cosmos-organic\/","og_site_name":"paragaleriedetalborjt","og_image":[{"width":600,"height":600,"url":"https:\/\/paragaleriedetalborjt.com\/wp-content\/uploads\/2026\/01\/Camomilla-Blu-Duo-pack-Energy-man-nett-intimeActive-cosmos-Organic-600x600-1.png","type":"image\/png"}],"twitter_card":"summary_large_image","twitter_misc":{"Est. reading time":"1 minute"},"schema":{"@context":"https:\/\/schema.org","@graph":[{"@type":"WebPage","@id":"https:\/\/paragaleriedetalborjt.com\/boutique\/camomilla-blu-energy-man-nettoyant-intime-active-cosmos-organic\/","url":"https:\/\/paragaleriedetalborjt.com\/boutique\/camomilla-blu-energy-man-nettoyant-intime-active-cosmos-organic\/","name":"Camomilla Blu Energy Man Nettoyant Intime + Active Cosmos Organic - paragaleriedetalborjt","isPartOf":{"@id":"https:\/\/paragaleriedetalborjt.com\/#website"},"primaryImageOfPage":{"@id":"https:\/\/paragaleriedetalborjt.com\/boutique\/camomilla-blu-energy-man-nettoyant-intime-active-cosmos-organic\/#primaryimage"},"image":{"@id":"https:\/\/paragaleriedetalborjt.com\/boutique\/camomilla-blu-energy-man-nettoyant-intime-active-cosmos-organic\/#primaryimage"},"thumbnailUrl":"https:\/\/paragaleriedetalborjt.com\/wp-content\/uploads\/2026\/01\/Camomilla-Blu-Duo-pack-Energy-man-nett-intimeActive-cosmos-Organic-600x600-1.png","datePublished":"2026-01-02T17:48:24+00:00","breadcrumb":{"@id":"https:\/\/paragaleriedetalborjt.com\/boutique\/camomilla-blu-energy-man-nettoyant-intime-active-cosmos-organic\/#breadcrumb"},"inLanguage":"en-US","potentialAction":[{"@type":"ReadAction","target":["https:\/\/paragaleriedetalborjt.com\/boutique\/camomilla-blu-energy-man-nettoyant-intime-active-cosmos-organic\/"]}]},{"@type":"ImageObject","inLanguage":"en-US","@id":"https:\/\/paragaleriedetalborjt.com\/boutique\/camomilla-blu-energy-man-nettoyant-intime-active-cosmos-organic\/#primaryimage","url":"https:\/\/paragaleriedetalborjt.com\/wp-content\/uploads\/2026\/01\/Camomilla-Blu-Duo-pack-Energy-man-nett-intimeActive-cosmos-Organic-600x600-1.png","contentUrl":"https:\/\/paragaleriedetalborjt.com\/wp-content\/uploads\/2026\/01\/Camomilla-Blu-Duo-pack-Energy-man-nett-intimeActive-cosmos-Organic-600x600-1.png","width":600,"height":600},{"@type":"BreadcrumbList","@id":"https:\/\/paragaleriedetalborjt.com\/boutique\/camomilla-blu-energy-man-nettoyant-intime-active-cosmos-organic\/#breadcrumb","itemListElement":[{"@type":"ListItem","position":1,"name":"Accueil","item":"https:\/\/paragaleriedetalborjt.com\/"},{"@type":"ListItem","position":2,"name":"Boutique","item":"https:\/\/paragaleriedetalborjt.com\/boutique\/"},{"@type":"ListItem","position":3,"name":"Camomilla Blu Energy Man Nettoyant Intime + Active Cosmos Organic"}]},{"@type":"WebSite","@id":"https:\/\/paragaleriedetalborjt.com\/#website","url":"https:\/\/paragaleriedetalborjt.com\/","name":"paragaleriedetalborjt","description":"","potentialAction":[{"@type":"SearchAction","target":{"@type":"EntryPoint","urlTemplate":"https:\/\/paragaleriedetalborjt.com\/?s={search_term_string}"},"query-input":{"@type":"PropertyValueSpecification","valueRequired":true,"valueName":"search_term_string"}}],"inLanguage":"en-US"}]}},"brands":[],"_links":{"self":[{"href":"https:\/\/paragaleriedetalborjt.com\/en\/wp-json\/wp\/v2\/product\/29301","targetHints":{"allow":["GET"]}}],"collection":[{"href":"https:\/\/paragaleriedetalborjt.com\/en\/wp-json\/wp\/v2\/product"}],"about":[{"href":"https:\/\/paragaleriedetalborjt.com\/en\/wp-json\/wp\/v2\/types\/product"}],"replies":[{"embeddable":true,"href":"https:\/\/paragaleriedetalborjt.com\/en\/wp-json\/wp\/v2\/comments?post=29301"}],"version-history":[{"count":1,"href":"https:\/\/paragaleriedetalborjt.com\/en\/wp-json\/wp\/v2\/product\/29301\/revisions"}],"predecessor-version":[{"id":29303,"href":"https:\/\/paragaleriedetalborjt.com\/en\/wp-json\/wp\/v2\/product\/29301\/revisions\/29303"}],"wp:featuredmedia":[{"embeddable":true,"href":"https:\/\/paragaleriedetalborjt.com\/en\/wp-json\/wp\/v2\/media\/29302"}],"wp:attachment":[{"href":"https:\/\/paragaleriedetalborjt.com\/en\/wp-json\/wp\/v2\/media?parent=29301"}],"wp:term":[{"taxonomy":"pwb-brand","embeddable":true,"href":"https:\/\/paragaleriedetalborjt.com\/en\/wp-json\/wp\/v2\/pwb-brand?post=29301"},{"taxonomy":"product_cat","embeddable":true,"href":"https:\/\/paragaleriedetalborjt.com\/en\/wp-json\/wp\/v2\/product_cat?post=29301"},{"taxonomy":"product_tag","embeddable":true,"href":"https:\/\/paragaleriedetalborjt.com\/en\/wp-json\/wp\/v2\/product_tag?post=29301"}],"curies":[{"name":"wp","href":"https:\/\/api.w.org\/{rel}","templated":true}]}}