{"id":29239,"date":"2026-01-02T18:47:16","date_gmt":"2026-01-02T17:47:16","guid":{"rendered":"https:\/\/paragaleriedetalborjt.com\/?post_type=product&#038;p=29239"},"modified":"2026-01-02T18:47:16","modified_gmt":"2026-01-02T17:47:16","slug":"centifolia-fluide-regulateur-matifiant-40ml","status":"publish","type":"product","link":"https:\/\/paragaleriedetalborjt.com\/en\/boutique\/centifolia-fluide-regulateur-matifiant-40ml\/","title":{"rendered":"Centifolia Fluide Regulateur Matifiant 40ml"},"content":{"rendered":"<div aria-labelledby=\"tab-title-description\" class=\"woocommerce-Tabs-panel woocommerce-Tabs-panel--description panel entry-content wc-tab\" id=\"tab-description\" role=\"tabpanel\" style=\"\">\n<h2>Description<\/h2>\n<p>Pour sa gamme Fra\u00eecheur de Th\u00e9, Centifolia a choisi comme ingr\u00e9dient phare un actif aux merveilleuses vertus : L\u2019hydrolat de Th\u00e9 Vert Biologique (Camellia Sinensis Leaf Extract). Les feuilles sont tr\u00e8s riches en th\u00e9ine, en polyph\u00e9nols et en flavono\u00efdes ce qui leur conf\u00e8re un fort pouvoir anti-oxydant. Le Th\u00e9 Vert est utilis\u00e9 \u00e9galement pour ses vertus rafra\u00eechissantes, purifiantes et apaisantes.<\/p>\n<p>C\u2019est pour cette raison que Centifolia a choisi d\u2019int\u00e9grer cet extrait \u00e0 son fluide r\u00e9gulateur matifiant. Sa formule contient aussi un actif cibl\u00e9 peaux grasses, le zinc PCA issu du Sel de zinc de l\u2019acide pyrrolidone carboxylique, complexe doublement actif offrant \u00e0 la peau les effets b\u00e9n\u00e9fiques du zinc et du L-PCA, agent r\u00e9ducteur de s\u00e9bum. Reconnu pour son activit\u00e9 s\u00e9bo-r\u00e9gulatrice, il diminue la production de s\u00e9bum. Centifolia a \u00e9galement int\u00e9gr\u00e9 un actif s\u00e9bo-r\u00e9gulateur issu d\u2019un complexe de sucres d\u2019origine marine obtenu par extraction de phytoplancton produit en Bretagne. Cet actif absorbe l\u2019exc\u00e8s de s\u00e9bum \u00e0 la surface de la peau pour un effet matifiant \u00e0 court et long terme. Il poss\u00e8de \u00e9galement des propri\u00e9t\u00e9s hydratantes, apaisantes et\u00a0 \u00ab anti-brillance \u00bb qui diminue la brillance de la zone T. Pour un fini doux sans effet gras, nous avons sp\u00e9cifiquement s\u00e9lectionn\u00e9e, la poudre de riz. Liss\u00e9e et matifi\u00e9e, la peau est id\u00e9alement hydrat\u00e9e. Jour apr\u00e8s jour, les pores sont resserr\u00e9s et la peau retrouve son \u00e9quilibre.<\/p>\n<p>Test\u00e9e sous contr\u00f4le dermatologique.<\/p>\n<p>Emballage garanti sans phtalate ni Bisph\u00e9nol A. Con\u00e7u et fabriqu\u00e9 en France.<\/p>\n<\/div>","protected":false},"excerpt":{"rendered":"<p>Highlights:Pour une peau hydrat\u00e9e et matifi\u00e9eUne combinaison d\u2019actifs purifiants et matifiantsAction antibrillanceR\u00e9gule la s\u00e9cr\u00e9tion de s\u00e9bumLisse, matifie et hydrate la peauResserre les pores<\/p>","protected":false},"featured_media":29240,"comment_status":"open","ping_status":"closed","template":"","meta":[],"pwb-brand":[],"product_cat":[16],"product_tag":[],"class_list":{"0":"post-29239","1":"product","2":"type-product","3":"status-publish","4":"has-post-thumbnail","6":"product_cat-non-classe","7":"pa_brands-centifolia","9":"first","10":"instock","11":"sale","12":"shipping-taxable","13":"purchasable","14":"product-type-simple"},"yoast_head":"<!-- This site is optimized with the Yoast SEO plugin v27.5 - https:\/\/yoast.com\/product\/yoast-seo-wordpress\/ -->\n<title>Centifolia Fluide Regulateur Matifiant 40ml - paragaleriedetalborjt<\/title>\n<meta name=\"robots\" content=\"index, follow, max-snippet:-1, max-image-preview:large, max-video-preview:-1\" \/>\n<link rel=\"canonical\" href=\"https:\/\/paragaleriedetalborjt.com\/en\/boutique\/centifolia-fluide-regulateur-matifiant-40ml\/\" \/>\n<meta property=\"og:locale\" content=\"en_US\" \/>\n<meta property=\"og:type\" content=\"article\" \/>\n<meta property=\"og:title\" content=\"Centifolia Fluide Regulateur Matifiant 40ml - paragaleriedetalborjt\" \/>\n<meta property=\"og:description\" content=\"Highlights:Pour une peau hydrat\u00e9e et matifi\u00e9eUne combinaison d\u2019actifs purifiants et matifiantsAction antibrillanceR\u00e9gule la s\u00e9cr\u00e9tion de s\u00e9bumLisse, matifie et hydrate la peauResserre les pores\" \/>\n<meta property=\"og:url\" content=\"https:\/\/paragaleriedetalborjt.com\/en\/boutique\/centifolia-fluide-regulateur-matifiant-40ml\/\" \/>\n<meta property=\"og:site_name\" content=\"paragaleriedetalborjt\" \/>\n<meta property=\"og:image\" content=\"https:\/\/paragaleriedetalborjt.com\/wp-content\/uploads\/2026\/01\/FLUIDE-REGULATEUR-MATIFIANT-600x600-1.png\" \/>\n\t<meta property=\"og:image:width\" content=\"600\" \/>\n\t<meta property=\"og:image:height\" content=\"600\" \/>\n\t<meta property=\"og:image:type\" content=\"image\/png\" \/>\n<meta name=\"twitter:card\" content=\"summary_large_image\" \/>\n<meta name=\"twitter:label1\" content=\"Est. reading time\" \/>\n\t<meta name=\"twitter:data1\" content=\"1 minute\" \/>\n<script type=\"application\/ld+json\" class=\"yoast-schema-graph\">{\"@context\":\"https:\\\/\\\/schema.org\",\"@graph\":[{\"@type\":\"WebPage\",\"@id\":\"https:\\\/\\\/paragaleriedetalborjt.com\\\/boutique\\\/centifolia-fluide-regulateur-matifiant-40ml\\\/\",\"url\":\"https:\\\/\\\/paragaleriedetalborjt.com\\\/boutique\\\/centifolia-fluide-regulateur-matifiant-40ml\\\/\",\"name\":\"Centifolia Fluide Regulateur Matifiant 40ml - paragaleriedetalborjt\",\"isPartOf\":{\"@id\":\"https:\\\/\\\/paragaleriedetalborjt.com\\\/#website\"},\"primaryImageOfPage\":{\"@id\":\"https:\\\/\\\/paragaleriedetalborjt.com\\\/boutique\\\/centifolia-fluide-regulateur-matifiant-40ml\\\/#primaryimage\"},\"image\":{\"@id\":\"https:\\\/\\\/paragaleriedetalborjt.com\\\/boutique\\\/centifolia-fluide-regulateur-matifiant-40ml\\\/#primaryimage\"},\"thumbnailUrl\":\"https:\\\/\\\/paragaleriedetalborjt.com\\\/wp-content\\\/uploads\\\/2026\\\/01\\\/FLUIDE-REGULATEUR-MATIFIANT-600x600-1.png\",\"datePublished\":\"2026-01-02T17:47:16+00:00\",\"breadcrumb\":{\"@id\":\"https:\\\/\\\/paragaleriedetalborjt.com\\\/boutique\\\/centifolia-fluide-regulateur-matifiant-40ml\\\/#breadcrumb\"},\"inLanguage\":\"en-US\",\"potentialAction\":[{\"@type\":\"ReadAction\",\"target\":[\"https:\\\/\\\/paragaleriedetalborjt.com\\\/boutique\\\/centifolia-fluide-regulateur-matifiant-40ml\\\/\"]}]},{\"@type\":\"ImageObject\",\"inLanguage\":\"en-US\",\"@id\":\"https:\\\/\\\/paragaleriedetalborjt.com\\\/boutique\\\/centifolia-fluide-regulateur-matifiant-40ml\\\/#primaryimage\",\"url\":\"https:\\\/\\\/paragaleriedetalborjt.com\\\/wp-content\\\/uploads\\\/2026\\\/01\\\/FLUIDE-REGULATEUR-MATIFIANT-600x600-1.png\",\"contentUrl\":\"https:\\\/\\\/paragaleriedetalborjt.com\\\/wp-content\\\/uploads\\\/2026\\\/01\\\/FLUIDE-REGULATEUR-MATIFIANT-600x600-1.png\",\"width\":600,\"height\":600},{\"@type\":\"BreadcrumbList\",\"@id\":\"https:\\\/\\\/paragaleriedetalborjt.com\\\/boutique\\\/centifolia-fluide-regulateur-matifiant-40ml\\\/#breadcrumb\",\"itemListElement\":[{\"@type\":\"ListItem\",\"position\":1,\"name\":\"Accueil\",\"item\":\"https:\\\/\\\/paragaleriedetalborjt.com\\\/\"},{\"@type\":\"ListItem\",\"position\":2,\"name\":\"Boutique\",\"item\":\"https:\\\/\\\/paragaleriedetalborjt.com\\\/boutique\\\/\"},{\"@type\":\"ListItem\",\"position\":3,\"name\":\"Centifolia Fluide Regulateur Matifiant 40ml\"}]},{\"@type\":\"WebSite\",\"@id\":\"https:\\\/\\\/paragaleriedetalborjt.com\\\/#website\",\"url\":\"https:\\\/\\\/paragaleriedetalborjt.com\\\/\",\"name\":\"paragaleriedetalborjt\",\"description\":\"\",\"potentialAction\":[{\"@type\":\"SearchAction\",\"target\":{\"@type\":\"EntryPoint\",\"urlTemplate\":\"https:\\\/\\\/paragaleriedetalborjt.com\\\/?s={search_term_string}\"},\"query-input\":{\"@type\":\"PropertyValueSpecification\",\"valueRequired\":true,\"valueName\":\"search_term_string\"}}],\"inLanguage\":\"en-US\"}]}<\/script>\n<!-- \/ Yoast SEO plugin. -->","yoast_head_json":{"title":"Centifolia Fluide Regulateur Matifiant 40ml - paragaleriedetalborjt","robots":{"index":"index","follow":"follow","max-snippet":"max-snippet:-1","max-image-preview":"max-image-preview:large","max-video-preview":"max-video-preview:-1"},"canonical":"https:\/\/paragaleriedetalborjt.com\/en\/boutique\/centifolia-fluide-regulateur-matifiant-40ml\/","og_locale":"en_US","og_type":"article","og_title":"Centifolia Fluide Regulateur Matifiant 40ml - paragaleriedetalborjt","og_description":"Highlights:Pour une peau hydrat\u00e9e et matifi\u00e9eUne combinaison d\u2019actifs purifiants et matifiantsAction antibrillanceR\u00e9gule la s\u00e9cr\u00e9tion de s\u00e9bumLisse, matifie et hydrate la peauResserre les pores","og_url":"https:\/\/paragaleriedetalborjt.com\/en\/boutique\/centifolia-fluide-regulateur-matifiant-40ml\/","og_site_name":"paragaleriedetalborjt","og_image":[{"width":600,"height":600,"url":"https:\/\/paragaleriedetalborjt.com\/wp-content\/uploads\/2026\/01\/FLUIDE-REGULATEUR-MATIFIANT-600x600-1.png","type":"image\/png"}],"twitter_card":"summary_large_image","twitter_misc":{"Est. reading time":"1 minute"},"schema":{"@context":"https:\/\/schema.org","@graph":[{"@type":"WebPage","@id":"https:\/\/paragaleriedetalborjt.com\/boutique\/centifolia-fluide-regulateur-matifiant-40ml\/","url":"https:\/\/paragaleriedetalborjt.com\/boutique\/centifolia-fluide-regulateur-matifiant-40ml\/","name":"Centifolia Fluide Regulateur Matifiant 40ml - paragaleriedetalborjt","isPartOf":{"@id":"https:\/\/paragaleriedetalborjt.com\/#website"},"primaryImageOfPage":{"@id":"https:\/\/paragaleriedetalborjt.com\/boutique\/centifolia-fluide-regulateur-matifiant-40ml\/#primaryimage"},"image":{"@id":"https:\/\/paragaleriedetalborjt.com\/boutique\/centifolia-fluide-regulateur-matifiant-40ml\/#primaryimage"},"thumbnailUrl":"https:\/\/paragaleriedetalborjt.com\/wp-content\/uploads\/2026\/01\/FLUIDE-REGULATEUR-MATIFIANT-600x600-1.png","datePublished":"2026-01-02T17:47:16+00:00","breadcrumb":{"@id":"https:\/\/paragaleriedetalborjt.com\/boutique\/centifolia-fluide-regulateur-matifiant-40ml\/#breadcrumb"},"inLanguage":"en-US","potentialAction":[{"@type":"ReadAction","target":["https:\/\/paragaleriedetalborjt.com\/boutique\/centifolia-fluide-regulateur-matifiant-40ml\/"]}]},{"@type":"ImageObject","inLanguage":"en-US","@id":"https:\/\/paragaleriedetalborjt.com\/boutique\/centifolia-fluide-regulateur-matifiant-40ml\/#primaryimage","url":"https:\/\/paragaleriedetalborjt.com\/wp-content\/uploads\/2026\/01\/FLUIDE-REGULATEUR-MATIFIANT-600x600-1.png","contentUrl":"https:\/\/paragaleriedetalborjt.com\/wp-content\/uploads\/2026\/01\/FLUIDE-REGULATEUR-MATIFIANT-600x600-1.png","width":600,"height":600},{"@type":"BreadcrumbList","@id":"https:\/\/paragaleriedetalborjt.com\/boutique\/centifolia-fluide-regulateur-matifiant-40ml\/#breadcrumb","itemListElement":[{"@type":"ListItem","position":1,"name":"Accueil","item":"https:\/\/paragaleriedetalborjt.com\/"},{"@type":"ListItem","position":2,"name":"Boutique","item":"https:\/\/paragaleriedetalborjt.com\/boutique\/"},{"@type":"ListItem","position":3,"name":"Centifolia Fluide Regulateur Matifiant 40ml"}]},{"@type":"WebSite","@id":"https:\/\/paragaleriedetalborjt.com\/#website","url":"https:\/\/paragaleriedetalborjt.com\/","name":"paragaleriedetalborjt","description":"","potentialAction":[{"@type":"SearchAction","target":{"@type":"EntryPoint","urlTemplate":"https:\/\/paragaleriedetalborjt.com\/?s={search_term_string}"},"query-input":{"@type":"PropertyValueSpecification","valueRequired":true,"valueName":"search_term_string"}}],"inLanguage":"en-US"}]}},"brands":[],"_links":{"self":[{"href":"https:\/\/paragaleriedetalborjt.com\/en\/wp-json\/wp\/v2\/product\/29239","targetHints":{"allow":["GET"]}}],"collection":[{"href":"https:\/\/paragaleriedetalborjt.com\/en\/wp-json\/wp\/v2\/product"}],"about":[{"href":"https:\/\/paragaleriedetalborjt.com\/en\/wp-json\/wp\/v2\/types\/product"}],"replies":[{"embeddable":true,"href":"https:\/\/paragaleriedetalborjt.com\/en\/wp-json\/wp\/v2\/comments?post=29239"}],"version-history":[{"count":1,"href":"https:\/\/paragaleriedetalborjt.com\/en\/wp-json\/wp\/v2\/product\/29239\/revisions"}],"predecessor-version":[{"id":29241,"href":"https:\/\/paragaleriedetalborjt.com\/en\/wp-json\/wp\/v2\/product\/29239\/revisions\/29241"}],"wp:featuredmedia":[{"embeddable":true,"href":"https:\/\/paragaleriedetalborjt.com\/en\/wp-json\/wp\/v2\/media\/29240"}],"wp:attachment":[{"href":"https:\/\/paragaleriedetalborjt.com\/en\/wp-json\/wp\/v2\/media?parent=29239"}],"wp:term":[{"taxonomy":"pwb-brand","embeddable":true,"href":"https:\/\/paragaleriedetalborjt.com\/en\/wp-json\/wp\/v2\/pwb-brand?post=29239"},{"taxonomy":"product_cat","embeddable":true,"href":"https:\/\/paragaleriedetalborjt.com\/en\/wp-json\/wp\/v2\/product_cat?post=29239"},{"taxonomy":"product_tag","embeddable":true,"href":"https:\/\/paragaleriedetalborjt.com\/en\/wp-json\/wp\/v2\/product_tag?post=29239"}],"curies":[{"name":"wp","href":"https:\/\/api.w.org\/{rel}","templated":true}]}}