{"id":29164,"date":"2026-01-02T18:46:02","date_gmt":"2026-01-02T17:46:02","guid":{"rendered":"https:\/\/paragaleriedetalborjt.com\/?post_type=product&#038;p=29164"},"modified":"2026-01-02T18:46:02","modified_gmt":"2026-01-02T17:46:02","slug":"mofy-couches-bebe-junior-n-5-11-25kg-58-pieces","status":"publish","type":"product","link":"https:\/\/paragaleriedetalborjt.com\/en\/boutique\/mofy-couches-bebe-junior-n-5-11-25kg-58-pieces\/","title":{"rendered":"Mofy Couches Bebe Junior N\u00b0 5 11-25kg\/58 Pieces"},"content":{"rendered":"","protected":false},"excerpt":{"rendered":"<p>Highlights:Pratique et tr\u00e8s astucieuse, cette bo\u00eete de transport B\u00e9b\u00e9 Confort permet de ranger de mani\u00e8re hygi\u00e9nique les sucettes de votre b\u00e9b\u00e9. Elle peut s\u2019accrocher \u00e0 votre sac ou \u00e0 votre poussette, et est toujours accessible<\/p>","protected":false},"featured_media":29165,"comment_status":"open","ping_status":"closed","template":"","meta":[],"pwb-brand":[],"product_cat":[16],"product_tag":[],"class_list":{"0":"post-29164","1":"product","2":"type-product","3":"status-publish","4":"has-post-thumbnail","6":"product_cat-non-classe","7":"pa_brands-mofy","9":"first","10":"instock","11":"sale","12":"shipping-taxable","13":"purchasable","14":"product-type-simple"},"yoast_head":"<!-- This site is optimized with the Yoast SEO plugin v26.9 - https:\/\/yoast.com\/product\/yoast-seo-wordpress\/ -->\n<title>Mofy Couches Bebe Junior N\u00b0 5 11-25kg\/58 Pieces - paragaleriedetalborjt<\/title>\n<meta name=\"robots\" content=\"index, follow, max-snippet:-1, max-image-preview:large, max-video-preview:-1\" \/>\n<link rel=\"canonical\" href=\"https:\/\/paragaleriedetalborjt.com\/en\/boutique\/mofy-couches-bebe-junior-n-5-11-25kg-58-pieces\/\" \/>\n<meta property=\"og:locale\" content=\"en_US\" \/>\n<meta property=\"og:type\" content=\"article\" \/>\n<meta property=\"og:title\" content=\"Mofy Couches Bebe Junior N\u00b0 5 11-25kg\/58 Pieces - paragaleriedetalborjt\" \/>\n<meta property=\"og:description\" content=\"Highlights:Pratique et tr\u00e8s astucieuse, cette bo\u00eete de transport B\u00e9b\u00e9 Confort permet de ranger de mani\u00e8re hygi\u00e9nique les sucettes de votre b\u00e9b\u00e9. Elle peut s\u2019accrocher \u00e0 votre sac ou \u00e0 votre poussette, et est toujours accessible\" \/>\n<meta property=\"og:url\" content=\"https:\/\/paragaleriedetalborjt.com\/en\/boutique\/mofy-couches-bebe-junior-n-5-11-25kg-58-pieces\/\" \/>\n<meta property=\"og:site_name\" content=\"paragaleriedetalborjt\" \/>\n<meta property=\"og:image\" content=\"https:\/\/paragaleriedetalborjt.com\/wp-content\/uploads\/2026\/01\/Mofy-Couches-Bebe-Junior-N\u00b0-5-11-25kg58-Pieces-600x600-1.png\" \/>\n\t<meta property=\"og:image:width\" content=\"600\" \/>\n\t<meta property=\"og:image:height\" content=\"600\" \/>\n\t<meta property=\"og:image:type\" content=\"image\/png\" \/>\n<meta name=\"twitter:card\" content=\"summary_large_image\" \/>\n<script type=\"application\/ld+json\" class=\"yoast-schema-graph\">{\"@context\":\"https:\/\/schema.org\",\"@graph\":[{\"@type\":\"WebPage\",\"@id\":\"https:\/\/paragaleriedetalborjt.com\/boutique\/mofy-couches-bebe-junior-n-5-11-25kg-58-pieces\/\",\"url\":\"https:\/\/paragaleriedetalborjt.com\/boutique\/mofy-couches-bebe-junior-n-5-11-25kg-58-pieces\/\",\"name\":\"Mofy Couches Bebe Junior N\u00b0 5 11-25kg\/58 Pieces - paragaleriedetalborjt\",\"isPartOf\":{\"@id\":\"https:\/\/paragaleriedetalborjt.com\/#website\"},\"primaryImageOfPage\":{\"@id\":\"https:\/\/paragaleriedetalborjt.com\/boutique\/mofy-couches-bebe-junior-n-5-11-25kg-58-pieces\/#primaryimage\"},\"image\":{\"@id\":\"https:\/\/paragaleriedetalborjt.com\/boutique\/mofy-couches-bebe-junior-n-5-11-25kg-58-pieces\/#primaryimage\"},\"thumbnailUrl\":\"https:\/\/paragaleriedetalborjt.com\/wp-content\/uploads\/2026\/01\/Mofy-Couches-Bebe-Junior-N\u00b0-5-11-25kg58-Pieces-600x600-1.png\",\"datePublished\":\"2026-01-02T17:46:02+00:00\",\"breadcrumb\":{\"@id\":\"https:\/\/paragaleriedetalborjt.com\/boutique\/mofy-couches-bebe-junior-n-5-11-25kg-58-pieces\/#breadcrumb\"},\"inLanguage\":\"en-US\",\"potentialAction\":[{\"@type\":\"ReadAction\",\"target\":[\"https:\/\/paragaleriedetalborjt.com\/boutique\/mofy-couches-bebe-junior-n-5-11-25kg-58-pieces\/\"]}]},{\"@type\":\"ImageObject\",\"inLanguage\":\"en-US\",\"@id\":\"https:\/\/paragaleriedetalborjt.com\/boutique\/mofy-couches-bebe-junior-n-5-11-25kg-58-pieces\/#primaryimage\",\"url\":\"https:\/\/paragaleriedetalborjt.com\/wp-content\/uploads\/2026\/01\/Mofy-Couches-Bebe-Junior-N\u00b0-5-11-25kg58-Pieces-600x600-1.png\",\"contentUrl\":\"https:\/\/paragaleriedetalborjt.com\/wp-content\/uploads\/2026\/01\/Mofy-Couches-Bebe-Junior-N\u00b0-5-11-25kg58-Pieces-600x600-1.png\",\"width\":600,\"height\":600},{\"@type\":\"BreadcrumbList\",\"@id\":\"https:\/\/paragaleriedetalborjt.com\/boutique\/mofy-couches-bebe-junior-n-5-11-25kg-58-pieces\/#breadcrumb\",\"itemListElement\":[{\"@type\":\"ListItem\",\"position\":1,\"name\":\"Accueil\",\"item\":\"https:\/\/paragaleriedetalborjt.com\/\"},{\"@type\":\"ListItem\",\"position\":2,\"name\":\"Boutique\",\"item\":\"https:\/\/paragaleriedetalborjt.com\/boutique\/\"},{\"@type\":\"ListItem\",\"position\":3,\"name\":\"Mofy Couches Bebe Junior N\u00b0 5 11-25kg\/58 Pieces\"}]},{\"@type\":\"WebSite\",\"@id\":\"https:\/\/paragaleriedetalborjt.com\/#website\",\"url\":\"https:\/\/paragaleriedetalborjt.com\/\",\"name\":\"paragaleriedetalborjt\",\"description\":\"\",\"potentialAction\":[{\"@type\":\"SearchAction\",\"target\":{\"@type\":\"EntryPoint\",\"urlTemplate\":\"https:\/\/paragaleriedetalborjt.com\/?s={search_term_string}\"},\"query-input\":{\"@type\":\"PropertyValueSpecification\",\"valueRequired\":true,\"valueName\":\"search_term_string\"}}],\"inLanguage\":\"en-US\"}]}<\/script>\n<!-- \/ Yoast SEO plugin. -->","yoast_head_json":{"title":"Mofy Couches Bebe Junior N\u00b0 5 11-25kg\/58 Pieces - paragaleriedetalborjt","robots":{"index":"index","follow":"follow","max-snippet":"max-snippet:-1","max-image-preview":"max-image-preview:large","max-video-preview":"max-video-preview:-1"},"canonical":"https:\/\/paragaleriedetalborjt.com\/en\/boutique\/mofy-couches-bebe-junior-n-5-11-25kg-58-pieces\/","og_locale":"en_US","og_type":"article","og_title":"Mofy Couches Bebe Junior N\u00b0 5 11-25kg\/58 Pieces - paragaleriedetalborjt","og_description":"Highlights:Pratique et tr\u00e8s astucieuse, cette bo\u00eete de transport B\u00e9b\u00e9 Confort permet de ranger de mani\u00e8re hygi\u00e9nique les sucettes de votre b\u00e9b\u00e9. Elle peut s\u2019accrocher \u00e0 votre sac ou \u00e0 votre poussette, et est toujours accessible","og_url":"https:\/\/paragaleriedetalborjt.com\/en\/boutique\/mofy-couches-bebe-junior-n-5-11-25kg-58-pieces\/","og_site_name":"paragaleriedetalborjt","og_image":[{"width":600,"height":600,"url":"https:\/\/paragaleriedetalborjt.com\/wp-content\/uploads\/2026\/01\/Mofy-Couches-Bebe-Junior-N\u00b0-5-11-25kg58-Pieces-600x600-1.png","type":"image\/png"}],"twitter_card":"summary_large_image","schema":{"@context":"https:\/\/schema.org","@graph":[{"@type":"WebPage","@id":"https:\/\/paragaleriedetalborjt.com\/boutique\/mofy-couches-bebe-junior-n-5-11-25kg-58-pieces\/","url":"https:\/\/paragaleriedetalborjt.com\/boutique\/mofy-couches-bebe-junior-n-5-11-25kg-58-pieces\/","name":"Mofy Couches Bebe Junior N\u00b0 5 11-25kg\/58 Pieces - paragaleriedetalborjt","isPartOf":{"@id":"https:\/\/paragaleriedetalborjt.com\/#website"},"primaryImageOfPage":{"@id":"https:\/\/paragaleriedetalborjt.com\/boutique\/mofy-couches-bebe-junior-n-5-11-25kg-58-pieces\/#primaryimage"},"image":{"@id":"https:\/\/paragaleriedetalborjt.com\/boutique\/mofy-couches-bebe-junior-n-5-11-25kg-58-pieces\/#primaryimage"},"thumbnailUrl":"https:\/\/paragaleriedetalborjt.com\/wp-content\/uploads\/2026\/01\/Mofy-Couches-Bebe-Junior-N\u00b0-5-11-25kg58-Pieces-600x600-1.png","datePublished":"2026-01-02T17:46:02+00:00","breadcrumb":{"@id":"https:\/\/paragaleriedetalborjt.com\/boutique\/mofy-couches-bebe-junior-n-5-11-25kg-58-pieces\/#breadcrumb"},"inLanguage":"en-US","potentialAction":[{"@type":"ReadAction","target":["https:\/\/paragaleriedetalborjt.com\/boutique\/mofy-couches-bebe-junior-n-5-11-25kg-58-pieces\/"]}]},{"@type":"ImageObject","inLanguage":"en-US","@id":"https:\/\/paragaleriedetalborjt.com\/boutique\/mofy-couches-bebe-junior-n-5-11-25kg-58-pieces\/#primaryimage","url":"https:\/\/paragaleriedetalborjt.com\/wp-content\/uploads\/2026\/01\/Mofy-Couches-Bebe-Junior-N\u00b0-5-11-25kg58-Pieces-600x600-1.png","contentUrl":"https:\/\/paragaleriedetalborjt.com\/wp-content\/uploads\/2026\/01\/Mofy-Couches-Bebe-Junior-N\u00b0-5-11-25kg58-Pieces-600x600-1.png","width":600,"height":600},{"@type":"BreadcrumbList","@id":"https:\/\/paragaleriedetalborjt.com\/boutique\/mofy-couches-bebe-junior-n-5-11-25kg-58-pieces\/#breadcrumb","itemListElement":[{"@type":"ListItem","position":1,"name":"Accueil","item":"https:\/\/paragaleriedetalborjt.com\/"},{"@type":"ListItem","position":2,"name":"Boutique","item":"https:\/\/paragaleriedetalborjt.com\/boutique\/"},{"@type":"ListItem","position":3,"name":"Mofy Couches Bebe Junior N\u00b0 5 11-25kg\/58 Pieces"}]},{"@type":"WebSite","@id":"https:\/\/paragaleriedetalborjt.com\/#website","url":"https:\/\/paragaleriedetalborjt.com\/","name":"paragaleriedetalborjt","description":"","potentialAction":[{"@type":"SearchAction","target":{"@type":"EntryPoint","urlTemplate":"https:\/\/paragaleriedetalborjt.com\/?s={search_term_string}"},"query-input":{"@type":"PropertyValueSpecification","valueRequired":true,"valueName":"search_term_string"}}],"inLanguage":"en-US"}]}},"brands":[],"_links":{"self":[{"href":"https:\/\/paragaleriedetalborjt.com\/en\/wp-json\/wp\/v2\/product\/29164","targetHints":{"allow":["GET"]}}],"collection":[{"href":"https:\/\/paragaleriedetalborjt.com\/en\/wp-json\/wp\/v2\/product"}],"about":[{"href":"https:\/\/paragaleriedetalborjt.com\/en\/wp-json\/wp\/v2\/types\/product"}],"replies":[{"embeddable":true,"href":"https:\/\/paragaleriedetalborjt.com\/en\/wp-json\/wp\/v2\/comments?post=29164"}],"version-history":[{"count":1,"href":"https:\/\/paragaleriedetalborjt.com\/en\/wp-json\/wp\/v2\/product\/29164\/revisions"}],"predecessor-version":[{"id":29166,"href":"https:\/\/paragaleriedetalborjt.com\/en\/wp-json\/wp\/v2\/product\/29164\/revisions\/29166"}],"wp:featuredmedia":[{"embeddable":true,"href":"https:\/\/paragaleriedetalborjt.com\/en\/wp-json\/wp\/v2\/media\/29165"}],"wp:attachment":[{"href":"https:\/\/paragaleriedetalborjt.com\/en\/wp-json\/wp\/v2\/media?parent=29164"}],"wp:term":[{"taxonomy":"pwb-brand","embeddable":true,"href":"https:\/\/paragaleriedetalborjt.com\/en\/wp-json\/wp\/v2\/pwb-brand?post=29164"},{"taxonomy":"product_cat","embeddable":true,"href":"https:\/\/paragaleriedetalborjt.com\/en\/wp-json\/wp\/v2\/product_cat?post=29164"},{"taxonomy":"product_tag","embeddable":true,"href":"https:\/\/paragaleriedetalborjt.com\/en\/wp-json\/wp\/v2\/product_tag?post=29164"}],"curies":[{"name":"wp","href":"https:\/\/api.w.org\/{rel}","templated":true}]}}