{"id":28970,"date":"2026-01-02T18:43:12","date_gmt":"2026-01-02T17:43:12","guid":{"rendered":"https:\/\/paragaleriedetalborjt.com\/?post_type=product&#038;p=28970"},"modified":"2026-01-02T18:43:12","modified_gmt":"2026-01-02T17:43:12","slug":"naturo-pathica-beurre-de-karite-monoi-de-tahiti-250gr","status":"publish","type":"product","link":"https:\/\/paragaleriedetalborjt.com\/en\/boutique\/naturo-pathica-beurre-de-karite-monoi-de-tahiti-250gr\/","title":{"rendered":"Naturo Pathica Beurre de Karite Monoi de tahiti 250gr"},"content":{"rendered":"","protected":false},"excerpt":{"rendered":"<p>Highlights:Chaque jour, Antirougeurs JOUR Cr\u00e8me apaise, att\u00e9nue et pr\u00e9vient les rougeurs cutan\u00e9es.Adapt\u00e9e aux peaux s\u00e8ches \u00e0 tr\u00e8s s\u00e8ches, sa texture onctueuse et velout\u00e9e laisse la peau douce et confortable toute la journ\u00e9e.<\/p>","protected":false},"featured_media":28971,"comment_status":"open","ping_status":"closed","template":"","meta":[],"pwb-brand":[],"product_cat":[16],"product_tag":[],"class_list":{"0":"post-28970","1":"product","2":"type-product","3":"status-publish","4":"has-post-thumbnail","6":"product_cat-non-classe","7":"pa_brands-naturo-pathica","9":"first","10":"instock","11":"sale","12":"shipping-taxable","13":"purchasable","14":"product-type-simple"},"yoast_head":"<!-- This site is optimized with the Yoast SEO plugin v26.9 - https:\/\/yoast.com\/product\/yoast-seo-wordpress\/ -->\n<title>Naturo Pathica Beurre de Karite Monoi de tahiti 250gr - paragaleriedetalborjt<\/title>\n<meta name=\"robots\" content=\"index, follow, max-snippet:-1, max-image-preview:large, max-video-preview:-1\" \/>\n<link rel=\"canonical\" href=\"https:\/\/paragaleriedetalborjt.com\/en\/boutique\/naturo-pathica-beurre-de-karite-monoi-de-tahiti-250gr\/\" \/>\n<meta property=\"og:locale\" content=\"en_US\" \/>\n<meta property=\"og:type\" content=\"article\" \/>\n<meta property=\"og:title\" content=\"Naturo Pathica Beurre de Karite Monoi de tahiti 250gr - paragaleriedetalborjt\" \/>\n<meta property=\"og:description\" content=\"Highlights:Chaque jour, Antirougeurs JOUR Cr\u00e8me apaise, att\u00e9nue et pr\u00e9vient les rougeurs cutan\u00e9es.Adapt\u00e9e aux peaux s\u00e8ches \u00e0 tr\u00e8s s\u00e8ches, sa texture onctueuse et velout\u00e9e laisse la peau douce et confortable toute la journ\u00e9e.\" \/>\n<meta property=\"og:url\" content=\"https:\/\/paragaleriedetalborjt.com\/en\/boutique\/naturo-pathica-beurre-de-karite-monoi-de-tahiti-250gr\/\" \/>\n<meta property=\"og:site_name\" content=\"paragaleriedetalborjt\" \/>\n<meta property=\"og:image\" content=\"https:\/\/paragaleriedetalborjt.com\/wp-content\/uploads\/2026\/01\/NP-Beurre-de-Karite-Monoi-de-tahiti-250gr-600x600-1.png\" \/>\n\t<meta property=\"og:image:width\" content=\"600\" \/>\n\t<meta property=\"og:image:height\" content=\"600\" \/>\n\t<meta property=\"og:image:type\" content=\"image\/png\" \/>\n<meta name=\"twitter:card\" content=\"summary_large_image\" \/>\n<script type=\"application\/ld+json\" class=\"yoast-schema-graph\">{\"@context\":\"https:\/\/schema.org\",\"@graph\":[{\"@type\":\"WebPage\",\"@id\":\"https:\/\/paragaleriedetalborjt.com\/boutique\/naturo-pathica-beurre-de-karite-monoi-de-tahiti-250gr\/\",\"url\":\"https:\/\/paragaleriedetalborjt.com\/boutique\/naturo-pathica-beurre-de-karite-monoi-de-tahiti-250gr\/\",\"name\":\"Naturo Pathica Beurre de Karite Monoi de tahiti 250gr - paragaleriedetalborjt\",\"isPartOf\":{\"@id\":\"https:\/\/paragaleriedetalborjt.com\/#website\"},\"primaryImageOfPage\":{\"@id\":\"https:\/\/paragaleriedetalborjt.com\/boutique\/naturo-pathica-beurre-de-karite-monoi-de-tahiti-250gr\/#primaryimage\"},\"image\":{\"@id\":\"https:\/\/paragaleriedetalborjt.com\/boutique\/naturo-pathica-beurre-de-karite-monoi-de-tahiti-250gr\/#primaryimage\"},\"thumbnailUrl\":\"https:\/\/paragaleriedetalborjt.com\/wp-content\/uploads\/2026\/01\/NP-Beurre-de-Karite-Monoi-de-tahiti-250gr-600x600-1.png\",\"datePublished\":\"2026-01-02T17:43:12+00:00\",\"breadcrumb\":{\"@id\":\"https:\/\/paragaleriedetalborjt.com\/boutique\/naturo-pathica-beurre-de-karite-monoi-de-tahiti-250gr\/#breadcrumb\"},\"inLanguage\":\"en-US\",\"potentialAction\":[{\"@type\":\"ReadAction\",\"target\":[\"https:\/\/paragaleriedetalborjt.com\/boutique\/naturo-pathica-beurre-de-karite-monoi-de-tahiti-250gr\/\"]}]},{\"@type\":\"ImageObject\",\"inLanguage\":\"en-US\",\"@id\":\"https:\/\/paragaleriedetalborjt.com\/boutique\/naturo-pathica-beurre-de-karite-monoi-de-tahiti-250gr\/#primaryimage\",\"url\":\"https:\/\/paragaleriedetalborjt.com\/wp-content\/uploads\/2026\/01\/NP-Beurre-de-Karite-Monoi-de-tahiti-250gr-600x600-1.png\",\"contentUrl\":\"https:\/\/paragaleriedetalborjt.com\/wp-content\/uploads\/2026\/01\/NP-Beurre-de-Karite-Monoi-de-tahiti-250gr-600x600-1.png\",\"width\":600,\"height\":600},{\"@type\":\"BreadcrumbList\",\"@id\":\"https:\/\/paragaleriedetalborjt.com\/boutique\/naturo-pathica-beurre-de-karite-monoi-de-tahiti-250gr\/#breadcrumb\",\"itemListElement\":[{\"@type\":\"ListItem\",\"position\":1,\"name\":\"Accueil\",\"item\":\"https:\/\/paragaleriedetalborjt.com\/\"},{\"@type\":\"ListItem\",\"position\":2,\"name\":\"Boutique\",\"item\":\"https:\/\/paragaleriedetalborjt.com\/boutique\/\"},{\"@type\":\"ListItem\",\"position\":3,\"name\":\"Naturo Pathica Beurre de Karite Monoi de tahiti 250gr\"}]},{\"@type\":\"WebSite\",\"@id\":\"https:\/\/paragaleriedetalborjt.com\/#website\",\"url\":\"https:\/\/paragaleriedetalborjt.com\/\",\"name\":\"paragaleriedetalborjt\",\"description\":\"\",\"potentialAction\":[{\"@type\":\"SearchAction\",\"target\":{\"@type\":\"EntryPoint\",\"urlTemplate\":\"https:\/\/paragaleriedetalborjt.com\/?s={search_term_string}\"},\"query-input\":{\"@type\":\"PropertyValueSpecification\",\"valueRequired\":true,\"valueName\":\"search_term_string\"}}],\"inLanguage\":\"en-US\"}]}<\/script>\n<!-- \/ Yoast SEO plugin. -->","yoast_head_json":{"title":"Naturo Pathica Beurre de Karite Monoi de tahiti 250gr - paragaleriedetalborjt","robots":{"index":"index","follow":"follow","max-snippet":"max-snippet:-1","max-image-preview":"max-image-preview:large","max-video-preview":"max-video-preview:-1"},"canonical":"https:\/\/paragaleriedetalborjt.com\/en\/boutique\/naturo-pathica-beurre-de-karite-monoi-de-tahiti-250gr\/","og_locale":"en_US","og_type":"article","og_title":"Naturo Pathica Beurre de Karite Monoi de tahiti 250gr - paragaleriedetalborjt","og_description":"Highlights:Chaque jour, Antirougeurs JOUR Cr\u00e8me apaise, att\u00e9nue et pr\u00e9vient les rougeurs cutan\u00e9es.Adapt\u00e9e aux peaux s\u00e8ches \u00e0 tr\u00e8s s\u00e8ches, sa texture onctueuse et velout\u00e9e laisse la peau douce et confortable toute la journ\u00e9e.","og_url":"https:\/\/paragaleriedetalborjt.com\/en\/boutique\/naturo-pathica-beurre-de-karite-monoi-de-tahiti-250gr\/","og_site_name":"paragaleriedetalborjt","og_image":[{"width":600,"height":600,"url":"https:\/\/paragaleriedetalborjt.com\/wp-content\/uploads\/2026\/01\/NP-Beurre-de-Karite-Monoi-de-tahiti-250gr-600x600-1.png","type":"image\/png"}],"twitter_card":"summary_large_image","schema":{"@context":"https:\/\/schema.org","@graph":[{"@type":"WebPage","@id":"https:\/\/paragaleriedetalborjt.com\/boutique\/naturo-pathica-beurre-de-karite-monoi-de-tahiti-250gr\/","url":"https:\/\/paragaleriedetalborjt.com\/boutique\/naturo-pathica-beurre-de-karite-monoi-de-tahiti-250gr\/","name":"Naturo Pathica Beurre de Karite Monoi de tahiti 250gr - paragaleriedetalborjt","isPartOf":{"@id":"https:\/\/paragaleriedetalborjt.com\/#website"},"primaryImageOfPage":{"@id":"https:\/\/paragaleriedetalborjt.com\/boutique\/naturo-pathica-beurre-de-karite-monoi-de-tahiti-250gr\/#primaryimage"},"image":{"@id":"https:\/\/paragaleriedetalborjt.com\/boutique\/naturo-pathica-beurre-de-karite-monoi-de-tahiti-250gr\/#primaryimage"},"thumbnailUrl":"https:\/\/paragaleriedetalborjt.com\/wp-content\/uploads\/2026\/01\/NP-Beurre-de-Karite-Monoi-de-tahiti-250gr-600x600-1.png","datePublished":"2026-01-02T17:43:12+00:00","breadcrumb":{"@id":"https:\/\/paragaleriedetalborjt.com\/boutique\/naturo-pathica-beurre-de-karite-monoi-de-tahiti-250gr\/#breadcrumb"},"inLanguage":"en-US","potentialAction":[{"@type":"ReadAction","target":["https:\/\/paragaleriedetalborjt.com\/boutique\/naturo-pathica-beurre-de-karite-monoi-de-tahiti-250gr\/"]}]},{"@type":"ImageObject","inLanguage":"en-US","@id":"https:\/\/paragaleriedetalborjt.com\/boutique\/naturo-pathica-beurre-de-karite-monoi-de-tahiti-250gr\/#primaryimage","url":"https:\/\/paragaleriedetalborjt.com\/wp-content\/uploads\/2026\/01\/NP-Beurre-de-Karite-Monoi-de-tahiti-250gr-600x600-1.png","contentUrl":"https:\/\/paragaleriedetalborjt.com\/wp-content\/uploads\/2026\/01\/NP-Beurre-de-Karite-Monoi-de-tahiti-250gr-600x600-1.png","width":600,"height":600},{"@type":"BreadcrumbList","@id":"https:\/\/paragaleriedetalborjt.com\/boutique\/naturo-pathica-beurre-de-karite-monoi-de-tahiti-250gr\/#breadcrumb","itemListElement":[{"@type":"ListItem","position":1,"name":"Accueil","item":"https:\/\/paragaleriedetalborjt.com\/"},{"@type":"ListItem","position":2,"name":"Boutique","item":"https:\/\/paragaleriedetalborjt.com\/boutique\/"},{"@type":"ListItem","position":3,"name":"Naturo Pathica Beurre de Karite Monoi de tahiti 250gr"}]},{"@type":"WebSite","@id":"https:\/\/paragaleriedetalborjt.com\/#website","url":"https:\/\/paragaleriedetalborjt.com\/","name":"paragaleriedetalborjt","description":"","potentialAction":[{"@type":"SearchAction","target":{"@type":"EntryPoint","urlTemplate":"https:\/\/paragaleriedetalborjt.com\/?s={search_term_string}"},"query-input":{"@type":"PropertyValueSpecification","valueRequired":true,"valueName":"search_term_string"}}],"inLanguage":"en-US"}]}},"brands":[],"_links":{"self":[{"href":"https:\/\/paragaleriedetalborjt.com\/en\/wp-json\/wp\/v2\/product\/28970","targetHints":{"allow":["GET"]}}],"collection":[{"href":"https:\/\/paragaleriedetalborjt.com\/en\/wp-json\/wp\/v2\/product"}],"about":[{"href":"https:\/\/paragaleriedetalborjt.com\/en\/wp-json\/wp\/v2\/types\/product"}],"replies":[{"embeddable":true,"href":"https:\/\/paragaleriedetalborjt.com\/en\/wp-json\/wp\/v2\/comments?post=28970"}],"version-history":[{"count":1,"href":"https:\/\/paragaleriedetalborjt.com\/en\/wp-json\/wp\/v2\/product\/28970\/revisions"}],"predecessor-version":[{"id":28972,"href":"https:\/\/paragaleriedetalborjt.com\/en\/wp-json\/wp\/v2\/product\/28970\/revisions\/28972"}],"wp:featuredmedia":[{"embeddable":true,"href":"https:\/\/paragaleriedetalborjt.com\/en\/wp-json\/wp\/v2\/media\/28971"}],"wp:attachment":[{"href":"https:\/\/paragaleriedetalborjt.com\/en\/wp-json\/wp\/v2\/media?parent=28970"}],"wp:term":[{"taxonomy":"pwb-brand","embeddable":true,"href":"https:\/\/paragaleriedetalborjt.com\/en\/wp-json\/wp\/v2\/pwb-brand?post=28970"},{"taxonomy":"product_cat","embeddable":true,"href":"https:\/\/paragaleriedetalborjt.com\/en\/wp-json\/wp\/v2\/product_cat?post=28970"},{"taxonomy":"product_tag","embeddable":true,"href":"https:\/\/paragaleriedetalborjt.com\/en\/wp-json\/wp\/v2\/product_tag?post=28970"}],"curies":[{"name":"wp","href":"https:\/\/api.w.org\/{rel}","templated":true}]}}