{"id":28892,"date":"2026-01-02T18:42:05","date_gmt":"2026-01-02T17:42:05","guid":{"rendered":"https:\/\/paragaleriedetalborjt.com\/?post_type=product&#038;p=28892"},"modified":"2026-01-02T18:42:05","modified_gmt":"2026-01-02T17:42:05","slug":"super-diet-acerola-vitamine-c-15cps","status":"publish","type":"product","link":"https:\/\/paragaleriedetalborjt.com\/en\/boutique\/super-diet-acerola-vitamine-c-15cps\/","title":{"rendered":"Super Diet Acerola Vitamine C 15cps"},"content":{"rendered":"","protected":false},"excerpt":{"rendered":"<p>Highlights:L\u2019Ac\u00e9rola, encore appel\u00e9e cerise du Br\u00e9sil, et le Cynorrhodon, fruit rouge et pulpeux de l\u2019\u00e9glantier, entrant dans la composition de cette sp\u00e9cialit\u00e9 ont \u00e9t\u00e9 s\u00e9lectionn\u00e9s par les Laboratoires SUPERDIET pour leur teneur en vitamine C qui aide \u00e0 r\u00e9duire la fatigue.<\/p>","protected":false},"featured_media":28893,"comment_status":"open","ping_status":"closed","template":"","meta":[],"pwb-brand":[],"product_cat":[16],"product_tag":[],"class_list":{"0":"post-28892","1":"product","2":"type-product","3":"status-publish","4":"has-post-thumbnail","6":"product_cat-non-classe","7":"pa_brands-super-diet","9":"first","10":"instock","11":"sale","12":"shipping-taxable","13":"purchasable","14":"product-type-simple"},"yoast_head":"<!-- This site is optimized with the Yoast SEO plugin v26.9 - https:\/\/yoast.com\/product\/yoast-seo-wordpress\/ -->\n<title>Super Diet Acerola Vitamine C 15cps - paragaleriedetalborjt<\/title>\n<meta name=\"robots\" content=\"index, follow, max-snippet:-1, max-image-preview:large, max-video-preview:-1\" \/>\n<link rel=\"canonical\" href=\"https:\/\/paragaleriedetalborjt.com\/en\/boutique\/super-diet-acerola-vitamine-c-15cps\/\" \/>\n<meta property=\"og:locale\" content=\"en_US\" \/>\n<meta property=\"og:type\" content=\"article\" \/>\n<meta property=\"og:title\" content=\"Super Diet Acerola Vitamine C 15cps - paragaleriedetalborjt\" \/>\n<meta property=\"og:description\" content=\"Highlights:L\u2019Ac\u00e9rola, encore appel\u00e9e cerise du Br\u00e9sil, et le Cynorrhodon, fruit rouge et pulpeux de l\u2019\u00e9glantier, entrant dans la composition de cette sp\u00e9cialit\u00e9 ont \u00e9t\u00e9 s\u00e9lectionn\u00e9s par les Laboratoires SUPERDIET pour leur teneur en vitamine C qui aide \u00e0 r\u00e9duire la fatigue.\" \/>\n<meta property=\"og:url\" content=\"https:\/\/paragaleriedetalborjt.com\/en\/boutique\/super-diet-acerola-vitamine-c-15cps\/\" \/>\n<meta property=\"og:site_name\" content=\"paragaleriedetalborjt\" \/>\n<meta property=\"og:image\" content=\"https:\/\/paragaleriedetalborjt.com\/wp-content\/uploads\/2026\/01\/Super-diet-Acerola-vitamine-C-15cps-600x600-1.png\" \/>\n\t<meta property=\"og:image:width\" content=\"600\" \/>\n\t<meta property=\"og:image:height\" content=\"600\" \/>\n\t<meta property=\"og:image:type\" content=\"image\/png\" \/>\n<meta name=\"twitter:card\" content=\"summary_large_image\" \/>\n<script type=\"application\/ld+json\" class=\"yoast-schema-graph\">{\"@context\":\"https:\/\/schema.org\",\"@graph\":[{\"@type\":\"WebPage\",\"@id\":\"https:\/\/paragaleriedetalborjt.com\/boutique\/super-diet-acerola-vitamine-c-15cps\/\",\"url\":\"https:\/\/paragaleriedetalborjt.com\/boutique\/super-diet-acerola-vitamine-c-15cps\/\",\"name\":\"Super Diet Acerola Vitamine C 15cps - paragaleriedetalborjt\",\"isPartOf\":{\"@id\":\"https:\/\/paragaleriedetalborjt.com\/#website\"},\"primaryImageOfPage\":{\"@id\":\"https:\/\/paragaleriedetalborjt.com\/boutique\/super-diet-acerola-vitamine-c-15cps\/#primaryimage\"},\"image\":{\"@id\":\"https:\/\/paragaleriedetalborjt.com\/boutique\/super-diet-acerola-vitamine-c-15cps\/#primaryimage\"},\"thumbnailUrl\":\"https:\/\/paragaleriedetalborjt.com\/wp-content\/uploads\/2026\/01\/Super-diet-Acerola-vitamine-C-15cps-600x600-1.png\",\"datePublished\":\"2026-01-02T17:42:05+00:00\",\"breadcrumb\":{\"@id\":\"https:\/\/paragaleriedetalborjt.com\/boutique\/super-diet-acerola-vitamine-c-15cps\/#breadcrumb\"},\"inLanguage\":\"en-US\",\"potentialAction\":[{\"@type\":\"ReadAction\",\"target\":[\"https:\/\/paragaleriedetalborjt.com\/boutique\/super-diet-acerola-vitamine-c-15cps\/\"]}]},{\"@type\":\"ImageObject\",\"inLanguage\":\"en-US\",\"@id\":\"https:\/\/paragaleriedetalborjt.com\/boutique\/super-diet-acerola-vitamine-c-15cps\/#primaryimage\",\"url\":\"https:\/\/paragaleriedetalborjt.com\/wp-content\/uploads\/2026\/01\/Super-diet-Acerola-vitamine-C-15cps-600x600-1.png\",\"contentUrl\":\"https:\/\/paragaleriedetalborjt.com\/wp-content\/uploads\/2026\/01\/Super-diet-Acerola-vitamine-C-15cps-600x600-1.png\",\"width\":600,\"height\":600},{\"@type\":\"BreadcrumbList\",\"@id\":\"https:\/\/paragaleriedetalborjt.com\/boutique\/super-diet-acerola-vitamine-c-15cps\/#breadcrumb\",\"itemListElement\":[{\"@type\":\"ListItem\",\"position\":1,\"name\":\"Accueil\",\"item\":\"https:\/\/paragaleriedetalborjt.com\/\"},{\"@type\":\"ListItem\",\"position\":2,\"name\":\"Boutique\",\"item\":\"https:\/\/paragaleriedetalborjt.com\/boutique\/\"},{\"@type\":\"ListItem\",\"position\":3,\"name\":\"Super Diet Acerola Vitamine C 15cps\"}]},{\"@type\":\"WebSite\",\"@id\":\"https:\/\/paragaleriedetalborjt.com\/#website\",\"url\":\"https:\/\/paragaleriedetalborjt.com\/\",\"name\":\"paragaleriedetalborjt\",\"description\":\"\",\"potentialAction\":[{\"@type\":\"SearchAction\",\"target\":{\"@type\":\"EntryPoint\",\"urlTemplate\":\"https:\/\/paragaleriedetalborjt.com\/?s={search_term_string}\"},\"query-input\":{\"@type\":\"PropertyValueSpecification\",\"valueRequired\":true,\"valueName\":\"search_term_string\"}}],\"inLanguage\":\"en-US\"}]}<\/script>\n<!-- \/ Yoast SEO plugin. -->","yoast_head_json":{"title":"Super Diet Acerola Vitamine C 15cps - paragaleriedetalborjt","robots":{"index":"index","follow":"follow","max-snippet":"max-snippet:-1","max-image-preview":"max-image-preview:large","max-video-preview":"max-video-preview:-1"},"canonical":"https:\/\/paragaleriedetalborjt.com\/en\/boutique\/super-diet-acerola-vitamine-c-15cps\/","og_locale":"en_US","og_type":"article","og_title":"Super Diet Acerola Vitamine C 15cps - paragaleriedetalborjt","og_description":"Highlights:L\u2019Ac\u00e9rola, encore appel\u00e9e cerise du Br\u00e9sil, et le Cynorrhodon, fruit rouge et pulpeux de l\u2019\u00e9glantier, entrant dans la composition de cette sp\u00e9cialit\u00e9 ont \u00e9t\u00e9 s\u00e9lectionn\u00e9s par les Laboratoires SUPERDIET pour leur teneur en vitamine C qui aide \u00e0 r\u00e9duire la fatigue.","og_url":"https:\/\/paragaleriedetalborjt.com\/en\/boutique\/super-diet-acerola-vitamine-c-15cps\/","og_site_name":"paragaleriedetalborjt","og_image":[{"width":600,"height":600,"url":"https:\/\/paragaleriedetalborjt.com\/wp-content\/uploads\/2026\/01\/Super-diet-Acerola-vitamine-C-15cps-600x600-1.png","type":"image\/png"}],"twitter_card":"summary_large_image","schema":{"@context":"https:\/\/schema.org","@graph":[{"@type":"WebPage","@id":"https:\/\/paragaleriedetalborjt.com\/boutique\/super-diet-acerola-vitamine-c-15cps\/","url":"https:\/\/paragaleriedetalborjt.com\/boutique\/super-diet-acerola-vitamine-c-15cps\/","name":"Super Diet Acerola Vitamine C 15cps - paragaleriedetalborjt","isPartOf":{"@id":"https:\/\/paragaleriedetalborjt.com\/#website"},"primaryImageOfPage":{"@id":"https:\/\/paragaleriedetalborjt.com\/boutique\/super-diet-acerola-vitamine-c-15cps\/#primaryimage"},"image":{"@id":"https:\/\/paragaleriedetalborjt.com\/boutique\/super-diet-acerola-vitamine-c-15cps\/#primaryimage"},"thumbnailUrl":"https:\/\/paragaleriedetalborjt.com\/wp-content\/uploads\/2026\/01\/Super-diet-Acerola-vitamine-C-15cps-600x600-1.png","datePublished":"2026-01-02T17:42:05+00:00","breadcrumb":{"@id":"https:\/\/paragaleriedetalborjt.com\/boutique\/super-diet-acerola-vitamine-c-15cps\/#breadcrumb"},"inLanguage":"en-US","potentialAction":[{"@type":"ReadAction","target":["https:\/\/paragaleriedetalborjt.com\/boutique\/super-diet-acerola-vitamine-c-15cps\/"]}]},{"@type":"ImageObject","inLanguage":"en-US","@id":"https:\/\/paragaleriedetalborjt.com\/boutique\/super-diet-acerola-vitamine-c-15cps\/#primaryimage","url":"https:\/\/paragaleriedetalborjt.com\/wp-content\/uploads\/2026\/01\/Super-diet-Acerola-vitamine-C-15cps-600x600-1.png","contentUrl":"https:\/\/paragaleriedetalborjt.com\/wp-content\/uploads\/2026\/01\/Super-diet-Acerola-vitamine-C-15cps-600x600-1.png","width":600,"height":600},{"@type":"BreadcrumbList","@id":"https:\/\/paragaleriedetalborjt.com\/boutique\/super-diet-acerola-vitamine-c-15cps\/#breadcrumb","itemListElement":[{"@type":"ListItem","position":1,"name":"Accueil","item":"https:\/\/paragaleriedetalborjt.com\/"},{"@type":"ListItem","position":2,"name":"Boutique","item":"https:\/\/paragaleriedetalborjt.com\/boutique\/"},{"@type":"ListItem","position":3,"name":"Super Diet Acerola Vitamine C 15cps"}]},{"@type":"WebSite","@id":"https:\/\/paragaleriedetalborjt.com\/#website","url":"https:\/\/paragaleriedetalborjt.com\/","name":"paragaleriedetalborjt","description":"","potentialAction":[{"@type":"SearchAction","target":{"@type":"EntryPoint","urlTemplate":"https:\/\/paragaleriedetalborjt.com\/?s={search_term_string}"},"query-input":{"@type":"PropertyValueSpecification","valueRequired":true,"valueName":"search_term_string"}}],"inLanguage":"en-US"}]}},"brands":[],"_links":{"self":[{"href":"https:\/\/paragaleriedetalborjt.com\/en\/wp-json\/wp\/v2\/product\/28892","targetHints":{"allow":["GET"]}}],"collection":[{"href":"https:\/\/paragaleriedetalborjt.com\/en\/wp-json\/wp\/v2\/product"}],"about":[{"href":"https:\/\/paragaleriedetalborjt.com\/en\/wp-json\/wp\/v2\/types\/product"}],"replies":[{"embeddable":true,"href":"https:\/\/paragaleriedetalborjt.com\/en\/wp-json\/wp\/v2\/comments?post=28892"}],"version-history":[{"count":1,"href":"https:\/\/paragaleriedetalborjt.com\/en\/wp-json\/wp\/v2\/product\/28892\/revisions"}],"predecessor-version":[{"id":28894,"href":"https:\/\/paragaleriedetalborjt.com\/en\/wp-json\/wp\/v2\/product\/28892\/revisions\/28894"}],"wp:featuredmedia":[{"embeddable":true,"href":"https:\/\/paragaleriedetalborjt.com\/en\/wp-json\/wp\/v2\/media\/28893"}],"wp:attachment":[{"href":"https:\/\/paragaleriedetalborjt.com\/en\/wp-json\/wp\/v2\/media?parent=28892"}],"wp:term":[{"taxonomy":"pwb-brand","embeddable":true,"href":"https:\/\/paragaleriedetalborjt.com\/en\/wp-json\/wp\/v2\/pwb-brand?post=28892"},{"taxonomy":"product_cat","embeddable":true,"href":"https:\/\/paragaleriedetalborjt.com\/en\/wp-json\/wp\/v2\/product_cat?post=28892"},{"taxonomy":"product_tag","embeddable":true,"href":"https:\/\/paragaleriedetalborjt.com\/en\/wp-json\/wp\/v2\/product_tag?post=28892"}],"curies":[{"name":"wp","href":"https:\/\/api.w.org\/{rel}","templated":true}]}}