{"id":28889,"date":"2026-01-02T18:42:02","date_gmt":"2026-01-02T17:42:02","guid":{"rendered":"https:\/\/paragaleriedetalborjt.com\/?post_type=product&#038;p=28889"},"modified":"2026-01-02T18:42:03","modified_gmt":"2026-01-02T17:42:03","slug":"prophar-chrome-200%c2%b5g-50-gelules","status":"publish","type":"product","link":"https:\/\/paragaleriedetalborjt.com\/en\/boutique\/prophar-chrome-200%c2%b5g-50-gelules\/","title":{"rendered":"Prophar Chrome 200\u00b5g 50 Gelules"},"content":{"rendered":"<div aria-labelledby=\"tab-title-description\" class=\"woocommerce-Tabs-panel woocommerce-Tabs-panel--description panel entry-content wc-tab\" id=\"tab-description\" role=\"tabpanel\" style=\"\">\n<h2>Description<\/h2>\n<p><em><strong>Il vous permet de contr\u00f4ler votre app\u00e9tit. Optez pour des aliments \u00e0 indice glyc\u00e9mique faible.<\/strong><\/em><br \/>\n<em><strong>Il faut 1 prise par jour, vers 16 heures, pour emp\u00eacher la survenue d\u2019une envie subite de sucre au cours de la journ\u00e9e<\/strong><\/em><\/p>\n<\/div>","protected":false},"excerpt":{"rendered":"<p>Highlights:Il\u00a0intervient dans le\u00a0m\u00e9tabolisme des glucides et des lipides, il contribue au maintien d\u2019une\u00a0glyc\u00e9mie\u00a0normale et au m\u00e9tabolisme normal des\u00a0macronutriments. En effet, il aide \u00e0 optimiser le taux de sucre dans le sang (glyc\u00e9mie), ce qui r\u00e9duit l\u2019envie de sucr\u00e9<\/p>","protected":false},"featured_media":28890,"comment_status":"open","ping_status":"closed","template":"","meta":[],"pwb-brand":[],"product_cat":[16],"product_tag":[],"class_list":{"0":"post-28889","1":"product","2":"type-product","3":"status-publish","4":"has-post-thumbnail","6":"product_cat-non-classe","7":"pa_brands-prophar","9":"first","10":"instock","11":"sale","12":"shipping-taxable","13":"purchasable","14":"product-type-simple"},"yoast_head":"<!-- This site is optimized with the Yoast SEO plugin v27.5 - https:\/\/yoast.com\/product\/yoast-seo-wordpress\/ -->\n<title>Prophar Chrome 200\u00b5g 50 Gelules - paragaleriedetalborjt<\/title>\n<meta name=\"robots\" content=\"index, follow, max-snippet:-1, max-image-preview:large, max-video-preview:-1\" \/>\n<link rel=\"canonical\" href=\"https:\/\/paragaleriedetalborjt.com\/en\/boutique\/prophar-chrome-200\u00b5g-50-gelules\/\" \/>\n<meta property=\"og:locale\" content=\"en_US\" \/>\n<meta property=\"og:type\" content=\"article\" \/>\n<meta property=\"og:title\" content=\"Prophar Chrome 200\u00b5g 50 Gelules - paragaleriedetalborjt\" \/>\n<meta property=\"og:description\" content=\"Highlights:Il\u00a0intervient dans le\u00a0m\u00e9tabolisme des glucides et des lipides, il contribue au maintien d\u2019une\u00a0glyc\u00e9mie\u00a0normale et au m\u00e9tabolisme normal des\u00a0macronutriments. En effet, il aide \u00e0 optimiser le taux de sucre dans le sang (glyc\u00e9mie), ce qui r\u00e9duit l\u2019envie de sucr\u00e9\" \/>\n<meta property=\"og:url\" content=\"https:\/\/paragaleriedetalborjt.com\/en\/boutique\/prophar-chrome-200\u00b5g-50-gelules\/\" \/>\n<meta property=\"og:site_name\" content=\"paragaleriedetalborjt\" \/>\n<meta property=\"article:modified_time\" content=\"2026-01-02T17:42:03+00:00\" \/>\n<meta property=\"og:image\" content=\"https:\/\/paragaleriedetalborjt.com\/wp-content\/uploads\/2026\/01\/Prophar-Chrome-200\u00b5g-50-gelules-600x600-1.png\" \/>\n\t<meta property=\"og:image:width\" content=\"600\" \/>\n\t<meta property=\"og:image:height\" content=\"600\" \/>\n\t<meta property=\"og:image:type\" content=\"image\/png\" \/>\n<meta name=\"twitter:card\" content=\"summary_large_image\" \/>\n<script type=\"application\/ld+json\" class=\"yoast-schema-graph\">{\"@context\":\"https:\\\/\\\/schema.org\",\"@graph\":[{\"@type\":\"WebPage\",\"@id\":\"https:\\\/\\\/paragaleriedetalborjt.com\\\/boutique\\\/prophar-chrome-200%c2%b5g-50-gelules\\\/\",\"url\":\"https:\\\/\\\/paragaleriedetalborjt.com\\\/boutique\\\/prophar-chrome-200%c2%b5g-50-gelules\\\/\",\"name\":\"Prophar Chrome 200\u00b5g 50 Gelules - paragaleriedetalborjt\",\"isPartOf\":{\"@id\":\"https:\\\/\\\/paragaleriedetalborjt.com\\\/#website\"},\"primaryImageOfPage\":{\"@id\":\"https:\\\/\\\/paragaleriedetalborjt.com\\\/boutique\\\/prophar-chrome-200%c2%b5g-50-gelules\\\/#primaryimage\"},\"image\":{\"@id\":\"https:\\\/\\\/paragaleriedetalborjt.com\\\/boutique\\\/prophar-chrome-200%c2%b5g-50-gelules\\\/#primaryimage\"},\"thumbnailUrl\":\"https:\\\/\\\/paragaleriedetalborjt.com\\\/wp-content\\\/uploads\\\/2026\\\/01\\\/Prophar-Chrome-200\u00b5g-50-gelules-600x600-1.png\",\"datePublished\":\"2026-01-02T17:42:02+00:00\",\"dateModified\":\"2026-01-02T17:42:03+00:00\",\"breadcrumb\":{\"@id\":\"https:\\\/\\\/paragaleriedetalborjt.com\\\/boutique\\\/prophar-chrome-200%c2%b5g-50-gelules\\\/#breadcrumb\"},\"inLanguage\":\"en-US\",\"potentialAction\":[{\"@type\":\"ReadAction\",\"target\":[\"https:\\\/\\\/paragaleriedetalborjt.com\\\/boutique\\\/prophar-chrome-200%c2%b5g-50-gelules\\\/\"]}]},{\"@type\":\"ImageObject\",\"inLanguage\":\"en-US\",\"@id\":\"https:\\\/\\\/paragaleriedetalborjt.com\\\/boutique\\\/prophar-chrome-200%c2%b5g-50-gelules\\\/#primaryimage\",\"url\":\"https:\\\/\\\/paragaleriedetalborjt.com\\\/wp-content\\\/uploads\\\/2026\\\/01\\\/Prophar-Chrome-200\u00b5g-50-gelules-600x600-1.png\",\"contentUrl\":\"https:\\\/\\\/paragaleriedetalborjt.com\\\/wp-content\\\/uploads\\\/2026\\\/01\\\/Prophar-Chrome-200\u00b5g-50-gelules-600x600-1.png\",\"width\":600,\"height\":600},{\"@type\":\"BreadcrumbList\",\"@id\":\"https:\\\/\\\/paragaleriedetalborjt.com\\\/boutique\\\/prophar-chrome-200%c2%b5g-50-gelules\\\/#breadcrumb\",\"itemListElement\":[{\"@type\":\"ListItem\",\"position\":1,\"name\":\"Accueil\",\"item\":\"https:\\\/\\\/paragaleriedetalborjt.com\\\/\"},{\"@type\":\"ListItem\",\"position\":2,\"name\":\"Boutique\",\"item\":\"https:\\\/\\\/paragaleriedetalborjt.com\\\/boutique\\\/\"},{\"@type\":\"ListItem\",\"position\":3,\"name\":\"Prophar Chrome 200\u00b5g 50 Gelules\"}]},{\"@type\":\"WebSite\",\"@id\":\"https:\\\/\\\/paragaleriedetalborjt.com\\\/#website\",\"url\":\"https:\\\/\\\/paragaleriedetalborjt.com\\\/\",\"name\":\"paragaleriedetalborjt\",\"description\":\"\",\"potentialAction\":[{\"@type\":\"SearchAction\",\"target\":{\"@type\":\"EntryPoint\",\"urlTemplate\":\"https:\\\/\\\/paragaleriedetalborjt.com\\\/?s={search_term_string}\"},\"query-input\":{\"@type\":\"PropertyValueSpecification\",\"valueRequired\":true,\"valueName\":\"search_term_string\"}}],\"inLanguage\":\"en-US\"}]}<\/script>\n<!-- \/ Yoast SEO plugin. -->","yoast_head_json":{"title":"Prophar Chrome 200\u00b5g 50 Gelules - paragaleriedetalborjt","robots":{"index":"index","follow":"follow","max-snippet":"max-snippet:-1","max-image-preview":"max-image-preview:large","max-video-preview":"max-video-preview:-1"},"canonical":"https:\/\/paragaleriedetalborjt.com\/en\/boutique\/prophar-chrome-200\u00b5g-50-gelules\/","og_locale":"en_US","og_type":"article","og_title":"Prophar Chrome 200\u00b5g 50 Gelules - paragaleriedetalborjt","og_description":"Highlights:Il\u00a0intervient dans le\u00a0m\u00e9tabolisme des glucides et des lipides, il contribue au maintien d\u2019une\u00a0glyc\u00e9mie\u00a0normale et au m\u00e9tabolisme normal des\u00a0macronutriments. En effet, il aide \u00e0 optimiser le taux de sucre dans le sang (glyc\u00e9mie), ce qui r\u00e9duit l\u2019envie de sucr\u00e9","og_url":"https:\/\/paragaleriedetalborjt.com\/en\/boutique\/prophar-chrome-200\u00b5g-50-gelules\/","og_site_name":"paragaleriedetalborjt","article_modified_time":"2026-01-02T17:42:03+00:00","og_image":[{"width":600,"height":600,"url":"https:\/\/paragaleriedetalborjt.com\/wp-content\/uploads\/2026\/01\/Prophar-Chrome-200\u00b5g-50-gelules-600x600-1.png","type":"image\/png"}],"twitter_card":"summary_large_image","schema":{"@context":"https:\/\/schema.org","@graph":[{"@type":"WebPage","@id":"https:\/\/paragaleriedetalborjt.com\/boutique\/prophar-chrome-200%c2%b5g-50-gelules\/","url":"https:\/\/paragaleriedetalborjt.com\/boutique\/prophar-chrome-200%c2%b5g-50-gelules\/","name":"Prophar Chrome 200\u00b5g 50 Gelules - paragaleriedetalborjt","isPartOf":{"@id":"https:\/\/paragaleriedetalborjt.com\/#website"},"primaryImageOfPage":{"@id":"https:\/\/paragaleriedetalborjt.com\/boutique\/prophar-chrome-200%c2%b5g-50-gelules\/#primaryimage"},"image":{"@id":"https:\/\/paragaleriedetalborjt.com\/boutique\/prophar-chrome-200%c2%b5g-50-gelules\/#primaryimage"},"thumbnailUrl":"https:\/\/paragaleriedetalborjt.com\/wp-content\/uploads\/2026\/01\/Prophar-Chrome-200\u00b5g-50-gelules-600x600-1.png","datePublished":"2026-01-02T17:42:02+00:00","dateModified":"2026-01-02T17:42:03+00:00","breadcrumb":{"@id":"https:\/\/paragaleriedetalborjt.com\/boutique\/prophar-chrome-200%c2%b5g-50-gelules\/#breadcrumb"},"inLanguage":"en-US","potentialAction":[{"@type":"ReadAction","target":["https:\/\/paragaleriedetalborjt.com\/boutique\/prophar-chrome-200%c2%b5g-50-gelules\/"]}]},{"@type":"ImageObject","inLanguage":"en-US","@id":"https:\/\/paragaleriedetalborjt.com\/boutique\/prophar-chrome-200%c2%b5g-50-gelules\/#primaryimage","url":"https:\/\/paragaleriedetalborjt.com\/wp-content\/uploads\/2026\/01\/Prophar-Chrome-200\u00b5g-50-gelules-600x600-1.png","contentUrl":"https:\/\/paragaleriedetalborjt.com\/wp-content\/uploads\/2026\/01\/Prophar-Chrome-200\u00b5g-50-gelules-600x600-1.png","width":600,"height":600},{"@type":"BreadcrumbList","@id":"https:\/\/paragaleriedetalborjt.com\/boutique\/prophar-chrome-200%c2%b5g-50-gelules\/#breadcrumb","itemListElement":[{"@type":"ListItem","position":1,"name":"Accueil","item":"https:\/\/paragaleriedetalborjt.com\/"},{"@type":"ListItem","position":2,"name":"Boutique","item":"https:\/\/paragaleriedetalborjt.com\/boutique\/"},{"@type":"ListItem","position":3,"name":"Prophar Chrome 200\u00b5g 50 Gelules"}]},{"@type":"WebSite","@id":"https:\/\/paragaleriedetalborjt.com\/#website","url":"https:\/\/paragaleriedetalborjt.com\/","name":"paragaleriedetalborjt","description":"","potentialAction":[{"@type":"SearchAction","target":{"@type":"EntryPoint","urlTemplate":"https:\/\/paragaleriedetalborjt.com\/?s={search_term_string}"},"query-input":{"@type":"PropertyValueSpecification","valueRequired":true,"valueName":"search_term_string"}}],"inLanguage":"en-US"}]}},"brands":[],"_links":{"self":[{"href":"https:\/\/paragaleriedetalborjt.com\/en\/wp-json\/wp\/v2\/product\/28889","targetHints":{"allow":["GET"]}}],"collection":[{"href":"https:\/\/paragaleriedetalborjt.com\/en\/wp-json\/wp\/v2\/product"}],"about":[{"href":"https:\/\/paragaleriedetalborjt.com\/en\/wp-json\/wp\/v2\/types\/product"}],"replies":[{"embeddable":true,"href":"https:\/\/paragaleriedetalborjt.com\/en\/wp-json\/wp\/v2\/comments?post=28889"}],"version-history":[{"count":1,"href":"https:\/\/paragaleriedetalborjt.com\/en\/wp-json\/wp\/v2\/product\/28889\/revisions"}],"predecessor-version":[{"id":28891,"href":"https:\/\/paragaleriedetalborjt.com\/en\/wp-json\/wp\/v2\/product\/28889\/revisions\/28891"}],"wp:featuredmedia":[{"embeddable":true,"href":"https:\/\/paragaleriedetalborjt.com\/en\/wp-json\/wp\/v2\/media\/28890"}],"wp:attachment":[{"href":"https:\/\/paragaleriedetalborjt.com\/en\/wp-json\/wp\/v2\/media?parent=28889"}],"wp:term":[{"taxonomy":"pwb-brand","embeddable":true,"href":"https:\/\/paragaleriedetalborjt.com\/en\/wp-json\/wp\/v2\/pwb-brand?post=28889"},{"taxonomy":"product_cat","embeddable":true,"href":"https:\/\/paragaleriedetalborjt.com\/en\/wp-json\/wp\/v2\/product_cat?post=28889"},{"taxonomy":"product_tag","embeddable":true,"href":"https:\/\/paragaleriedetalborjt.com\/en\/wp-json\/wp\/v2\/product_tag?post=28889"}],"curies":[{"name":"wp","href":"https:\/\/api.w.org\/{rel}","templated":true}]}}