{"id":28531,"date":"2026-01-02T18:37:18","date_gmt":"2026-01-02T17:37:18","guid":{"rendered":"https:\/\/paragaleriedetalborjt.com\/?post_type=product&#038;p=28531"},"modified":"2026-01-02T18:37:18","modified_gmt":"2026-01-02T17:37:18","slug":"gph-graviola-corossol-300mg-100gelules","status":"publish","type":"product","link":"https:\/\/paragaleriedetalborjt.com\/en\/boutique\/gph-graviola-corossol-300mg-100gelules\/","title":{"rendered":"GPH Graviola Corossol 300mg 100gelules"},"content":{"rendered":"<div aria-labelledby=\"tab-title-description\" class=\"woocommerce-Tabs-panel woocommerce-Tabs-panel--description panel entry-content wc-tab\" id=\"tab-description\" role=\"tabpanel\" style=\"\">\n<h2>Description<\/h2>\n<section class=\"page-product-box\" id=\"prod-desc\">\n<div>\n<h2>Les Propri\u00e9t\u00e9s du Graviola Corossol<\/h2>\n<p>Originaire d\u2019Am\u00e9rique du Sud, le graviola corossol a pour nom scientifique\u00a0<em>Annona muricata<\/em>. Il fait partie de la famille botanique des annonac\u00e9es. Le\u00a0<em>corossol \u00e9pineux<\/em>, \u00e9galement appel\u00e9\u00a0<em>sapotille<\/em>,\u00a0<em>guanabana<\/em>\u00a0ou\u00a0<em>corossolier<\/em>, est un petit arbre de 3 \u00e0 10 m\u00e8tres de haut, poss\u00e9dant des feuilles lanc\u00e9ol\u00e9es et oblongues, des fleurs jaunes aux p\u00e9tales charnus et des\u00a0<strong>fruits verts<\/strong>\u00a0recouverts de picots. La chair blanche de ces derniers est utilis\u00e9e en phytoth\u00e9rapie et en naturopathie, dans des\u00a0<strong>compl\u00e9ments alimentaires naturels<\/strong>, pour ses principes actifs uniques. Les feuilles, les fleurs, l\u2019\u00e9corce et la racine de la plante peuvent \u00e9galement \u00eatre utilis\u00e9s en usage interne ou externe, tandis que les graines plates et noires ne sont employ\u00e9es qu\u2019en usage externe seulement. Ici, nous vous proposons des g\u00e9lules fabriqu\u00e9es \u00e0 partir du fruit de corossol.<\/p>\n<h2>Un Fruit \u00e0 l\u2019Ar\u00f4me D\u00e9licat<\/h2>\n<p>Le fruit du graviola corossol, \u00e9galement appel\u00e9\u00a0<strong>fruit des Antilles<\/strong>, est utilis\u00e9 depuis longtemps par les diff\u00e9rentes populations autochtones de l\u2019Am\u00e9rique centrale, d\u2019Amazonie et d\u2019Afrique. Ils employaient les effets positifs de la plante dans leur m\u00e9decine traditionnelle. En Occident, de nombreuses recherches ont \u00e9t\u00e9 \u00e9tablies pour mettre en avant\u00a0<strong>les bienfaits du corossol graviola<\/strong>. Le go\u00fbt de ce fruit si particulier lui a \u00e9galement valu d\u2019entrer dans l\u2019agro-alimentaire pour la fabrication de glaces, mais aussi de jus, de yaourts et de d\u00e9coctions. Son parfum rappellera \u00e0 certains le litchi ou la mangue, pour d\u2019autres celui des chewing-gums Malabar. Quant \u00e0 la texture filandreuse, elle peut s\u2019associer \u00e0 celle de la rhubarbe. On pourra cuisiner le corossol dans un d\u00e9licieux smoothie, dans des beignets app\u00e9tissants ou encore dans une salade rafraichissante.<\/p>\n<h2>Nos G\u00e9lules de Corossol<\/h2>\n<p>Nous vous pr\u00e9sentons ici des g\u00e9lules de graviola corossol pour une\u00a0<strong>prise facile au quotidien<\/strong>. En effet, le dosage de notre produit, sa taille ainsi que sa forme, vous permet de prendre le compl\u00e9ment alimentaire rapidement et facilement, jour apr\u00e8s jour. Il existe une famille de substances actives propres \u00e0 la famille des annonac\u00e9es, les ac\u00e9tog\u00e9nines. Avec notre corossol en g\u00e9lules, vous profiterez de tous les\u00a0<strong>actifs naturels<\/strong>\u00a0de la plante (oligo\u00e9l\u00e9ments, vitamines et min\u00e9raux). Les nombreuses vertus du graviola corossol peuvent s\u2019associer aux propri\u00e9t\u00e9s d\u2019autres plantes. Alliez les effets b\u00e9n\u00e9fiques du gingembre, du curcuma ou du ginseng avec notre produit pour une action unifi\u00e9e. Vous pouvez \u00e9galement utiliser les feuilles de corossol, le jus du fruit ou le fruit d\u00e9shydrat\u00e9 en poudre.<\/p>\n<p>\u00a0<\/p>\n<\/div>\n<\/section>\n<section class=\"page-product-box\" id=\"prod-conseil\">\n<div class=\"bottom-title\">CONSEIL D\u2019UTILISATION<\/div>\n<div>\n<p>2 \u00e0 3 g\u00e9lules par jour avec un grand verre d\u2019eau au cours des repas.<\/p>\n<p>D\u00e9conseill\u00e9 aux enfants et aux femmes enceintes.<br \/>\nIl est recommand\u00e9 de respecter les doses conseill\u00e9es, de veiller \u00e0 avoir une alimentation vari\u00e9e et \u00e9quilibr\u00e9e et un mode de vie sain.<\/p>\n<p>Tenir hors de port\u00e9e des enfants.<\/p>\n<p>\u00c0 conserver dans un endroit sec, frais et \u00e0 l\u2019abri de la lumi\u00e8re.<\/p>\n<\/div>\n<\/section>\n<section class=\"page-product-box\" id=\"prod-ingredient\">\n<div class=\"bottom-title\">INGR\u00c9DIENTS<\/div>\n<div>\n<p><strong>INGR\u00c9DIENTS POUR 3 G\u00c9LULES :<\/strong><\/p>\n<ul>\n<li>Graviola Corossol fruit poudre : 900 mg<\/li>\n<li>Enveloppe: G\u00e9latine<\/li>\n<\/ul>\n<p><strong>Poids net:<\/strong>\u00a075g<\/p>\n<\/div>\n<\/section>\n<\/div>","protected":false},"excerpt":{"rendered":"<p>Highlights:Le corossol aussi appel\u00e9 \u201cgraviola\u201d ou encore \u201ccorossol graviola\u201d est un fruit \u00e0 la peau verte parcourue de picots pouvant mesurer jusqu\u2019\u00e0 30 centim\u00e8tres de long et peser plusieurs kilos. Ce fruit peu connu en France est pourtant utilis\u00e9 depuis tr\u00e8s longtemps en Afrique ou Am\u00e9rique latine.<\/p>","protected":false},"featured_media":28532,"comment_status":"open","ping_status":"closed","template":"","meta":[],"pwb-brand":[],"product_cat":[16],"product_tag":[],"class_list":{"0":"post-28531","1":"product","2":"type-product","3":"status-publish","4":"has-post-thumbnail","6":"product_cat-non-classe","7":"pa_brands-gph","9":"first","10":"instock","11":"sale","12":"shipping-taxable","13":"purchasable","14":"product-type-simple"},"yoast_head":"<!-- This site is optimized with the Yoast SEO plugin v27.5 - https:\/\/yoast.com\/product\/yoast-seo-wordpress\/ -->\n<title>GPH Graviola Corossol 300mg 100gelules - paragaleriedetalborjt<\/title>\n<meta name=\"robots\" content=\"index, follow, max-snippet:-1, max-image-preview:large, max-video-preview:-1\" \/>\n<link rel=\"canonical\" href=\"https:\/\/paragaleriedetalborjt.com\/en\/boutique\/gph-graviola-corossol-300mg-100gelules\/\" \/>\n<meta property=\"og:locale\" content=\"en_US\" \/>\n<meta property=\"og:type\" content=\"article\" \/>\n<meta property=\"og:title\" content=\"GPH Graviola Corossol 300mg 100gelules - paragaleriedetalborjt\" \/>\n<meta property=\"og:description\" content=\"Highlights:Le corossol aussi appel\u00e9 \u201cgraviola\u201d ou encore \u201ccorossol graviola\u201d est un fruit \u00e0 la peau verte parcourue de picots pouvant mesurer jusqu\u2019\u00e0 30 centim\u00e8tres de long et peser plusieurs kilos. Ce fruit peu connu en France est pourtant utilis\u00e9 depuis tr\u00e8s longtemps en Afrique ou Am\u00e9rique latine.\" \/>\n<meta property=\"og:url\" content=\"https:\/\/paragaleriedetalborjt.com\/en\/boutique\/gph-graviola-corossol-300mg-100gelules\/\" \/>\n<meta property=\"og:site_name\" content=\"paragaleriedetalborjt\" \/>\n<meta property=\"og:image\" content=\"https:\/\/paragaleriedetalborjt.com\/wp-content\/uploads\/2026\/01\/GPH-Graviola-Corossol-300mg-100gelules-600x600-1.png\" \/>\n\t<meta property=\"og:image:width\" content=\"600\" \/>\n\t<meta property=\"og:image:height\" content=\"600\" \/>\n\t<meta property=\"og:image:type\" content=\"image\/png\" \/>\n<meta name=\"twitter:card\" content=\"summary_large_image\" \/>\n<meta name=\"twitter:label1\" content=\"Est. reading time\" \/>\n\t<meta name=\"twitter:data1\" content=\"3 minutes\" \/>\n<script type=\"application\/ld+json\" class=\"yoast-schema-graph\">{\"@context\":\"https:\\\/\\\/schema.org\",\"@graph\":[{\"@type\":\"WebPage\",\"@id\":\"https:\\\/\\\/paragaleriedetalborjt.com\\\/boutique\\\/gph-graviola-corossol-300mg-100gelules\\\/\",\"url\":\"https:\\\/\\\/paragaleriedetalborjt.com\\\/boutique\\\/gph-graviola-corossol-300mg-100gelules\\\/\",\"name\":\"GPH Graviola Corossol 300mg 100gelules - paragaleriedetalborjt\",\"isPartOf\":{\"@id\":\"https:\\\/\\\/paragaleriedetalborjt.com\\\/#website\"},\"primaryImageOfPage\":{\"@id\":\"https:\\\/\\\/paragaleriedetalborjt.com\\\/boutique\\\/gph-graviola-corossol-300mg-100gelules\\\/#primaryimage\"},\"image\":{\"@id\":\"https:\\\/\\\/paragaleriedetalborjt.com\\\/boutique\\\/gph-graviola-corossol-300mg-100gelules\\\/#primaryimage\"},\"thumbnailUrl\":\"https:\\\/\\\/paragaleriedetalborjt.com\\\/wp-content\\\/uploads\\\/2026\\\/01\\\/GPH-Graviola-Corossol-300mg-100gelules-600x600-1.png\",\"datePublished\":\"2026-01-02T17:37:18+00:00\",\"breadcrumb\":{\"@id\":\"https:\\\/\\\/paragaleriedetalborjt.com\\\/boutique\\\/gph-graviola-corossol-300mg-100gelules\\\/#breadcrumb\"},\"inLanguage\":\"en-US\",\"potentialAction\":[{\"@type\":\"ReadAction\",\"target\":[\"https:\\\/\\\/paragaleriedetalborjt.com\\\/boutique\\\/gph-graviola-corossol-300mg-100gelules\\\/\"]}]},{\"@type\":\"ImageObject\",\"inLanguage\":\"en-US\",\"@id\":\"https:\\\/\\\/paragaleriedetalborjt.com\\\/boutique\\\/gph-graviola-corossol-300mg-100gelules\\\/#primaryimage\",\"url\":\"https:\\\/\\\/paragaleriedetalborjt.com\\\/wp-content\\\/uploads\\\/2026\\\/01\\\/GPH-Graviola-Corossol-300mg-100gelules-600x600-1.png\",\"contentUrl\":\"https:\\\/\\\/paragaleriedetalborjt.com\\\/wp-content\\\/uploads\\\/2026\\\/01\\\/GPH-Graviola-Corossol-300mg-100gelules-600x600-1.png\",\"width\":600,\"height\":600},{\"@type\":\"BreadcrumbList\",\"@id\":\"https:\\\/\\\/paragaleriedetalborjt.com\\\/boutique\\\/gph-graviola-corossol-300mg-100gelules\\\/#breadcrumb\",\"itemListElement\":[{\"@type\":\"ListItem\",\"position\":1,\"name\":\"Accueil\",\"item\":\"https:\\\/\\\/paragaleriedetalborjt.com\\\/\"},{\"@type\":\"ListItem\",\"position\":2,\"name\":\"Boutique\",\"item\":\"https:\\\/\\\/paragaleriedetalborjt.com\\\/boutique\\\/\"},{\"@type\":\"ListItem\",\"position\":3,\"name\":\"GPH Graviola Corossol 300mg 100gelules\"}]},{\"@type\":\"WebSite\",\"@id\":\"https:\\\/\\\/paragaleriedetalborjt.com\\\/#website\",\"url\":\"https:\\\/\\\/paragaleriedetalborjt.com\\\/\",\"name\":\"paragaleriedetalborjt\",\"description\":\"\",\"potentialAction\":[{\"@type\":\"SearchAction\",\"target\":{\"@type\":\"EntryPoint\",\"urlTemplate\":\"https:\\\/\\\/paragaleriedetalborjt.com\\\/?s={search_term_string}\"},\"query-input\":{\"@type\":\"PropertyValueSpecification\",\"valueRequired\":true,\"valueName\":\"search_term_string\"}}],\"inLanguage\":\"en-US\"}]}<\/script>\n<!-- \/ Yoast SEO plugin. -->","yoast_head_json":{"title":"GPH Graviola Corossol 300mg 100gelules - paragaleriedetalborjt","robots":{"index":"index","follow":"follow","max-snippet":"max-snippet:-1","max-image-preview":"max-image-preview:large","max-video-preview":"max-video-preview:-1"},"canonical":"https:\/\/paragaleriedetalborjt.com\/en\/boutique\/gph-graviola-corossol-300mg-100gelules\/","og_locale":"en_US","og_type":"article","og_title":"GPH Graviola Corossol 300mg 100gelules - paragaleriedetalborjt","og_description":"Highlights:Le corossol aussi appel\u00e9 \u201cgraviola\u201d ou encore \u201ccorossol graviola\u201d est un fruit \u00e0 la peau verte parcourue de picots pouvant mesurer jusqu\u2019\u00e0 30 centim\u00e8tres de long et peser plusieurs kilos. Ce fruit peu connu en France est pourtant utilis\u00e9 depuis tr\u00e8s longtemps en Afrique ou Am\u00e9rique latine.","og_url":"https:\/\/paragaleriedetalborjt.com\/en\/boutique\/gph-graviola-corossol-300mg-100gelules\/","og_site_name":"paragaleriedetalborjt","og_image":[{"width":600,"height":600,"url":"https:\/\/paragaleriedetalborjt.com\/wp-content\/uploads\/2026\/01\/GPH-Graviola-Corossol-300mg-100gelules-600x600-1.png","type":"image\/png"}],"twitter_card":"summary_large_image","twitter_misc":{"Est. reading time":"3 minutes"},"schema":{"@context":"https:\/\/schema.org","@graph":[{"@type":"WebPage","@id":"https:\/\/paragaleriedetalborjt.com\/boutique\/gph-graviola-corossol-300mg-100gelules\/","url":"https:\/\/paragaleriedetalborjt.com\/boutique\/gph-graviola-corossol-300mg-100gelules\/","name":"GPH Graviola Corossol 300mg 100gelules - paragaleriedetalborjt","isPartOf":{"@id":"https:\/\/paragaleriedetalborjt.com\/#website"},"primaryImageOfPage":{"@id":"https:\/\/paragaleriedetalborjt.com\/boutique\/gph-graviola-corossol-300mg-100gelules\/#primaryimage"},"image":{"@id":"https:\/\/paragaleriedetalborjt.com\/boutique\/gph-graviola-corossol-300mg-100gelules\/#primaryimage"},"thumbnailUrl":"https:\/\/paragaleriedetalborjt.com\/wp-content\/uploads\/2026\/01\/GPH-Graviola-Corossol-300mg-100gelules-600x600-1.png","datePublished":"2026-01-02T17:37:18+00:00","breadcrumb":{"@id":"https:\/\/paragaleriedetalborjt.com\/boutique\/gph-graviola-corossol-300mg-100gelules\/#breadcrumb"},"inLanguage":"en-US","potentialAction":[{"@type":"ReadAction","target":["https:\/\/paragaleriedetalborjt.com\/boutique\/gph-graviola-corossol-300mg-100gelules\/"]}]},{"@type":"ImageObject","inLanguage":"en-US","@id":"https:\/\/paragaleriedetalborjt.com\/boutique\/gph-graviola-corossol-300mg-100gelules\/#primaryimage","url":"https:\/\/paragaleriedetalborjt.com\/wp-content\/uploads\/2026\/01\/GPH-Graviola-Corossol-300mg-100gelules-600x600-1.png","contentUrl":"https:\/\/paragaleriedetalborjt.com\/wp-content\/uploads\/2026\/01\/GPH-Graviola-Corossol-300mg-100gelules-600x600-1.png","width":600,"height":600},{"@type":"BreadcrumbList","@id":"https:\/\/paragaleriedetalborjt.com\/boutique\/gph-graviola-corossol-300mg-100gelules\/#breadcrumb","itemListElement":[{"@type":"ListItem","position":1,"name":"Accueil","item":"https:\/\/paragaleriedetalborjt.com\/"},{"@type":"ListItem","position":2,"name":"Boutique","item":"https:\/\/paragaleriedetalborjt.com\/boutique\/"},{"@type":"ListItem","position":3,"name":"GPH Graviola Corossol 300mg 100gelules"}]},{"@type":"WebSite","@id":"https:\/\/paragaleriedetalborjt.com\/#website","url":"https:\/\/paragaleriedetalborjt.com\/","name":"paragaleriedetalborjt","description":"","potentialAction":[{"@type":"SearchAction","target":{"@type":"EntryPoint","urlTemplate":"https:\/\/paragaleriedetalborjt.com\/?s={search_term_string}"},"query-input":{"@type":"PropertyValueSpecification","valueRequired":true,"valueName":"search_term_string"}}],"inLanguage":"en-US"}]}},"brands":[],"_links":{"self":[{"href":"https:\/\/paragaleriedetalborjt.com\/en\/wp-json\/wp\/v2\/product\/28531","targetHints":{"allow":["GET"]}}],"collection":[{"href":"https:\/\/paragaleriedetalborjt.com\/en\/wp-json\/wp\/v2\/product"}],"about":[{"href":"https:\/\/paragaleriedetalborjt.com\/en\/wp-json\/wp\/v2\/types\/product"}],"replies":[{"embeddable":true,"href":"https:\/\/paragaleriedetalborjt.com\/en\/wp-json\/wp\/v2\/comments?post=28531"}],"version-history":[{"count":1,"href":"https:\/\/paragaleriedetalborjt.com\/en\/wp-json\/wp\/v2\/product\/28531\/revisions"}],"predecessor-version":[{"id":28533,"href":"https:\/\/paragaleriedetalborjt.com\/en\/wp-json\/wp\/v2\/product\/28531\/revisions\/28533"}],"wp:featuredmedia":[{"embeddable":true,"href":"https:\/\/paragaleriedetalborjt.com\/en\/wp-json\/wp\/v2\/media\/28532"}],"wp:attachment":[{"href":"https:\/\/paragaleriedetalborjt.com\/en\/wp-json\/wp\/v2\/media?parent=28531"}],"wp:term":[{"taxonomy":"pwb-brand","embeddable":true,"href":"https:\/\/paragaleriedetalborjt.com\/en\/wp-json\/wp\/v2\/pwb-brand?post=28531"},{"taxonomy":"product_cat","embeddable":true,"href":"https:\/\/paragaleriedetalborjt.com\/en\/wp-json\/wp\/v2\/product_cat?post=28531"},{"taxonomy":"product_tag","embeddable":true,"href":"https:\/\/paragaleriedetalborjt.com\/en\/wp-json\/wp\/v2\/product_tag?post=28531"}],"curies":[{"name":"wp","href":"https:\/\/api.w.org\/{rel}","templated":true}]}}