{"id":28507,"date":"2026-01-02T18:36:56","date_gmt":"2026-01-02T17:36:56","guid":{"rendered":"https:\/\/paragaleriedetalborjt.com\/?post_type=product&#038;p=28507"},"modified":"2026-01-02T18:36:57","modified_gmt":"2026-01-02T17:36:57","slug":"egosan-aleses-80180-30pcs","status":"publish","type":"product","link":"https:\/\/paragaleriedetalborjt.com\/en\/boutique\/egosan-aleses-80180-30pcs\/","title":{"rendered":"Egosan Aleses 80*180 30pcs"},"content":{"rendered":"<div aria-labelledby=\"tab-title-description\" class=\"woocommerce-Tabs-panel woocommerce-Tabs-panel--description panel entry-content wc-tab\" id=\"tab-description\" role=\"tabpanel\" style=\"\">\n<h2>Description<\/h2>\n<h4>De plus, elles sont dot\u00e9es d\u2019une surface douce et respirante qui garde la peau s\u00e8che et prot\u00e9g\u00e9e. En les utilisant, vous b\u00e9n\u00e9ficiez d\u2019une tranquillit\u00e9 d\u2019esprit et d\u2019une protection efficace tout au long de la journ\u00e9e ou de la nuit. Les al\u00e8ses Egosan 80*180, disponibles en paquets de 30, vous offrent une solution pratique et fiable pour maintenir votre confort et votre s\u00e9curit\u00e9.<\/h4>\n<\/div>","protected":false},"excerpt":{"rendered":"<p>Highlights:Les al\u00e8ses Egosan mesurent 80\u00d7180 et sont vendues par paquet de 30. Ces al\u00e8ses offrent une protection sup\u00e9rieure contre les fuites et sont sp\u00e9cialement con\u00e7ues pour assurer un confort optimal.<\/p>","protected":false},"featured_media":28508,"comment_status":"open","ping_status":"closed","template":"","meta":[],"pwb-brand":[],"product_cat":[16],"product_tag":[],"class_list":{"0":"post-28507","1":"product","2":"type-product","3":"status-publish","4":"has-post-thumbnail","6":"product_cat-non-classe","7":"pa_brands-egosan","9":"first","10":"instock","11":"sale","12":"shipping-taxable","13":"purchasable","14":"product-type-simple"},"yoast_head":"<!-- This site is optimized with the Yoast SEO plugin v26.9 - https:\/\/yoast.com\/product\/yoast-seo-wordpress\/ -->\n<title>Egosan Aleses 80*180 30pcs - paragaleriedetalborjt<\/title>\n<meta name=\"robots\" content=\"index, follow, max-snippet:-1, max-image-preview:large, max-video-preview:-1\" \/>\n<link rel=\"canonical\" href=\"https:\/\/paragaleriedetalborjt.com\/en\/boutique\/egosan-aleses-80180-30pcs\/\" \/>\n<meta property=\"og:locale\" content=\"en_US\" \/>\n<meta property=\"og:type\" content=\"article\" \/>\n<meta property=\"og:title\" content=\"Egosan Aleses 80*180 30pcs - paragaleriedetalborjt\" \/>\n<meta property=\"og:description\" content=\"Highlights:Les al\u00e8ses Egosan mesurent 80\u00d7180 et sont vendues par paquet de 30. Ces al\u00e8ses offrent une protection sup\u00e9rieure contre les fuites et sont sp\u00e9cialement con\u00e7ues pour assurer un confort optimal.\" \/>\n<meta property=\"og:url\" content=\"https:\/\/paragaleriedetalborjt.com\/en\/boutique\/egosan-aleses-80180-30pcs\/\" \/>\n<meta property=\"og:site_name\" content=\"paragaleriedetalborjt\" \/>\n<meta property=\"article:modified_time\" content=\"2026-01-02T17:36:57+00:00\" \/>\n<meta property=\"og:image\" content=\"https:\/\/paragaleriedetalborjt.com\/wp-content\/uploads\/2026\/01\/Egosan-Aleses-80180-30pcs-600x600-1.png\" \/>\n\t<meta property=\"og:image:width\" content=\"600\" \/>\n\t<meta property=\"og:image:height\" content=\"600\" \/>\n\t<meta property=\"og:image:type\" content=\"image\/png\" \/>\n<meta name=\"twitter:card\" content=\"summary_large_image\" \/>\n<script type=\"application\/ld+json\" class=\"yoast-schema-graph\">{\"@context\":\"https:\/\/schema.org\",\"@graph\":[{\"@type\":\"WebPage\",\"@id\":\"https:\/\/paragaleriedetalborjt.com\/boutique\/egosan-aleses-80180-30pcs\/\",\"url\":\"https:\/\/paragaleriedetalborjt.com\/boutique\/egosan-aleses-80180-30pcs\/\",\"name\":\"Egosan Aleses 80*180 30pcs - paragaleriedetalborjt\",\"isPartOf\":{\"@id\":\"https:\/\/paragaleriedetalborjt.com\/#website\"},\"primaryImageOfPage\":{\"@id\":\"https:\/\/paragaleriedetalborjt.com\/boutique\/egosan-aleses-80180-30pcs\/#primaryimage\"},\"image\":{\"@id\":\"https:\/\/paragaleriedetalborjt.com\/boutique\/egosan-aleses-80180-30pcs\/#primaryimage\"},\"thumbnailUrl\":\"https:\/\/paragaleriedetalborjt.com\/wp-content\/uploads\/2026\/01\/Egosan-Aleses-80180-30pcs-600x600-1.png\",\"datePublished\":\"2026-01-02T17:36:56+00:00\",\"dateModified\":\"2026-01-02T17:36:57+00:00\",\"breadcrumb\":{\"@id\":\"https:\/\/paragaleriedetalborjt.com\/boutique\/egosan-aleses-80180-30pcs\/#breadcrumb\"},\"inLanguage\":\"en-US\",\"potentialAction\":[{\"@type\":\"ReadAction\",\"target\":[\"https:\/\/paragaleriedetalborjt.com\/boutique\/egosan-aleses-80180-30pcs\/\"]}]},{\"@type\":\"ImageObject\",\"inLanguage\":\"en-US\",\"@id\":\"https:\/\/paragaleriedetalborjt.com\/boutique\/egosan-aleses-80180-30pcs\/#primaryimage\",\"url\":\"https:\/\/paragaleriedetalborjt.com\/wp-content\/uploads\/2026\/01\/Egosan-Aleses-80180-30pcs-600x600-1.png\",\"contentUrl\":\"https:\/\/paragaleriedetalborjt.com\/wp-content\/uploads\/2026\/01\/Egosan-Aleses-80180-30pcs-600x600-1.png\",\"width\":600,\"height\":600},{\"@type\":\"BreadcrumbList\",\"@id\":\"https:\/\/paragaleriedetalborjt.com\/boutique\/egosan-aleses-80180-30pcs\/#breadcrumb\",\"itemListElement\":[{\"@type\":\"ListItem\",\"position\":1,\"name\":\"Accueil\",\"item\":\"https:\/\/paragaleriedetalborjt.com\/\"},{\"@type\":\"ListItem\",\"position\":2,\"name\":\"Boutique\",\"item\":\"https:\/\/paragaleriedetalborjt.com\/boutique\/\"},{\"@type\":\"ListItem\",\"position\":3,\"name\":\"Egosan Aleses 80*180 30pcs\"}]},{\"@type\":\"WebSite\",\"@id\":\"https:\/\/paragaleriedetalborjt.com\/#website\",\"url\":\"https:\/\/paragaleriedetalborjt.com\/\",\"name\":\"paragaleriedetalborjt\",\"description\":\"\",\"potentialAction\":[{\"@type\":\"SearchAction\",\"target\":{\"@type\":\"EntryPoint\",\"urlTemplate\":\"https:\/\/paragaleriedetalborjt.com\/?s={search_term_string}\"},\"query-input\":{\"@type\":\"PropertyValueSpecification\",\"valueRequired\":true,\"valueName\":\"search_term_string\"}}],\"inLanguage\":\"en-US\"}]}<\/script>\n<!-- \/ Yoast SEO plugin. -->","yoast_head_json":{"title":"Egosan Aleses 80*180 30pcs - paragaleriedetalborjt","robots":{"index":"index","follow":"follow","max-snippet":"max-snippet:-1","max-image-preview":"max-image-preview:large","max-video-preview":"max-video-preview:-1"},"canonical":"https:\/\/paragaleriedetalborjt.com\/en\/boutique\/egosan-aleses-80180-30pcs\/","og_locale":"en_US","og_type":"article","og_title":"Egosan Aleses 80*180 30pcs - paragaleriedetalborjt","og_description":"Highlights:Les al\u00e8ses Egosan mesurent 80\u00d7180 et sont vendues par paquet de 30. Ces al\u00e8ses offrent une protection sup\u00e9rieure contre les fuites et sont sp\u00e9cialement con\u00e7ues pour assurer un confort optimal.","og_url":"https:\/\/paragaleriedetalborjt.com\/en\/boutique\/egosan-aleses-80180-30pcs\/","og_site_name":"paragaleriedetalborjt","article_modified_time":"2026-01-02T17:36:57+00:00","og_image":[{"width":600,"height":600,"url":"https:\/\/paragaleriedetalborjt.com\/wp-content\/uploads\/2026\/01\/Egosan-Aleses-80180-30pcs-600x600-1.png","type":"image\/png"}],"twitter_card":"summary_large_image","schema":{"@context":"https:\/\/schema.org","@graph":[{"@type":"WebPage","@id":"https:\/\/paragaleriedetalborjt.com\/boutique\/egosan-aleses-80180-30pcs\/","url":"https:\/\/paragaleriedetalborjt.com\/boutique\/egosan-aleses-80180-30pcs\/","name":"Egosan Aleses 80*180 30pcs - paragaleriedetalborjt","isPartOf":{"@id":"https:\/\/paragaleriedetalborjt.com\/#website"},"primaryImageOfPage":{"@id":"https:\/\/paragaleriedetalborjt.com\/boutique\/egosan-aleses-80180-30pcs\/#primaryimage"},"image":{"@id":"https:\/\/paragaleriedetalborjt.com\/boutique\/egosan-aleses-80180-30pcs\/#primaryimage"},"thumbnailUrl":"https:\/\/paragaleriedetalborjt.com\/wp-content\/uploads\/2026\/01\/Egosan-Aleses-80180-30pcs-600x600-1.png","datePublished":"2026-01-02T17:36:56+00:00","dateModified":"2026-01-02T17:36:57+00:00","breadcrumb":{"@id":"https:\/\/paragaleriedetalborjt.com\/boutique\/egosan-aleses-80180-30pcs\/#breadcrumb"},"inLanguage":"en-US","potentialAction":[{"@type":"ReadAction","target":["https:\/\/paragaleriedetalborjt.com\/boutique\/egosan-aleses-80180-30pcs\/"]}]},{"@type":"ImageObject","inLanguage":"en-US","@id":"https:\/\/paragaleriedetalborjt.com\/boutique\/egosan-aleses-80180-30pcs\/#primaryimage","url":"https:\/\/paragaleriedetalborjt.com\/wp-content\/uploads\/2026\/01\/Egosan-Aleses-80180-30pcs-600x600-1.png","contentUrl":"https:\/\/paragaleriedetalborjt.com\/wp-content\/uploads\/2026\/01\/Egosan-Aleses-80180-30pcs-600x600-1.png","width":600,"height":600},{"@type":"BreadcrumbList","@id":"https:\/\/paragaleriedetalborjt.com\/boutique\/egosan-aleses-80180-30pcs\/#breadcrumb","itemListElement":[{"@type":"ListItem","position":1,"name":"Accueil","item":"https:\/\/paragaleriedetalborjt.com\/"},{"@type":"ListItem","position":2,"name":"Boutique","item":"https:\/\/paragaleriedetalborjt.com\/boutique\/"},{"@type":"ListItem","position":3,"name":"Egosan Aleses 80*180 30pcs"}]},{"@type":"WebSite","@id":"https:\/\/paragaleriedetalborjt.com\/#website","url":"https:\/\/paragaleriedetalborjt.com\/","name":"paragaleriedetalborjt","description":"","potentialAction":[{"@type":"SearchAction","target":{"@type":"EntryPoint","urlTemplate":"https:\/\/paragaleriedetalborjt.com\/?s={search_term_string}"},"query-input":{"@type":"PropertyValueSpecification","valueRequired":true,"valueName":"search_term_string"}}],"inLanguage":"en-US"}]}},"brands":[],"_links":{"self":[{"href":"https:\/\/paragaleriedetalborjt.com\/en\/wp-json\/wp\/v2\/product\/28507","targetHints":{"allow":["GET"]}}],"collection":[{"href":"https:\/\/paragaleriedetalborjt.com\/en\/wp-json\/wp\/v2\/product"}],"about":[{"href":"https:\/\/paragaleriedetalborjt.com\/en\/wp-json\/wp\/v2\/types\/product"}],"replies":[{"embeddable":true,"href":"https:\/\/paragaleriedetalborjt.com\/en\/wp-json\/wp\/v2\/comments?post=28507"}],"version-history":[{"count":1,"href":"https:\/\/paragaleriedetalborjt.com\/en\/wp-json\/wp\/v2\/product\/28507\/revisions"}],"predecessor-version":[{"id":28509,"href":"https:\/\/paragaleriedetalborjt.com\/en\/wp-json\/wp\/v2\/product\/28507\/revisions\/28509"}],"wp:featuredmedia":[{"embeddable":true,"href":"https:\/\/paragaleriedetalborjt.com\/en\/wp-json\/wp\/v2\/media\/28508"}],"wp:attachment":[{"href":"https:\/\/paragaleriedetalborjt.com\/en\/wp-json\/wp\/v2\/media?parent=28507"}],"wp:term":[{"taxonomy":"pwb-brand","embeddable":true,"href":"https:\/\/paragaleriedetalborjt.com\/en\/wp-json\/wp\/v2\/pwb-brand?post=28507"},{"taxonomy":"product_cat","embeddable":true,"href":"https:\/\/paragaleriedetalborjt.com\/en\/wp-json\/wp\/v2\/product_cat?post=28507"},{"taxonomy":"product_tag","embeddable":true,"href":"https:\/\/paragaleriedetalborjt.com\/en\/wp-json\/wp\/v2\/product_tag?post=28507"}],"curies":[{"name":"wp","href":"https:\/\/api.w.org\/{rel}","templated":true}]}}