{"id":28284,"date":"2026-01-02T18:33:41","date_gmt":"2026-01-02T17:33:41","guid":{"rendered":"https:\/\/paragaleriedetalborjt.com\/?post_type=product&#038;p=28284"},"modified":"2026-01-02T18:33:41","modified_gmt":"2026-01-02T17:33:41","slug":"dr-browns-2-tetines-col-large-l4-9m-wn4201-intl","status":"publish","type":"product","link":"https:\/\/paragaleriedetalborjt.com\/en\/boutique\/dr-browns-2-tetines-col-large-l4-9m-wn4201-intl\/","title":{"rendered":"Dr Brown\u2019s 2 Tetines Col Large L4 +9m WN4201-INTL"},"content":{"rendered":"<div aria-labelledby=\"tab-title-description\" class=\"woocommerce-Tabs-panel woocommerce-Tabs-panel--description panel entry-content wc-tab\" id=\"tab-description\" role=\"tabpanel\" style=\"\">\n<h2>Description<\/h2>\n<ul class=\"a-unordered-list a-vertical a-spacing-mini\">\n<li><span class=\"a-list-item\">Alimentation sans air : r\u00e9duit les r\u00e9gurgitations, les \u00e9ruptions et les gaz<\/span><\/li>\n<\/ul>\n<\/div>","protected":false},"excerpt":{"rendered":"<p>Highlights:Anti-coliques cliniquement test\u00e9 : le syst\u00e8me de ventilation anti-colique est cliniquement test\u00e9 pour r\u00e9duire les coliquesTest\u00e9 cliniquement pour r\u00e9duire les coliques, les reflux, les \u00e9ruptions et les gaz<\/p>","protected":false},"featured_media":28285,"comment_status":"open","ping_status":"closed","template":"","meta":[],"pwb-brand":[],"product_cat":[16],"product_tag":[],"class_list":{"0":"post-28284","1":"product","2":"type-product","3":"status-publish","4":"has-post-thumbnail","6":"product_cat-non-classe","7":"pa_brands-dr-browns","9":"first","10":"instock","11":"sale","12":"shipping-taxable","13":"purchasable","14":"product-type-simple"},"yoast_head":"<!-- This site is optimized with the Yoast SEO plugin v26.9 - https:\/\/yoast.com\/product\/yoast-seo-wordpress\/ -->\n<title>Dr Brown\u2019s 2 Tetines Col Large L4 +9m WN4201-INTL - paragaleriedetalborjt<\/title>\n<meta name=\"robots\" content=\"index, follow, max-snippet:-1, max-image-preview:large, max-video-preview:-1\" \/>\n<link rel=\"canonical\" href=\"https:\/\/paragaleriedetalborjt.com\/en\/boutique\/dr-browns-2-tetines-col-large-l4-9m-wn4201-intl\/\" \/>\n<meta property=\"og:locale\" content=\"en_US\" \/>\n<meta property=\"og:type\" content=\"article\" \/>\n<meta property=\"og:title\" content=\"Dr Brown\u2019s 2 Tetines Col Large L4 +9m WN4201-INTL - paragaleriedetalborjt\" \/>\n<meta property=\"og:description\" content=\"Highlights:Anti-coliques cliniquement test\u00e9 : le syst\u00e8me de ventilation anti-colique est cliniquement test\u00e9 pour r\u00e9duire les coliquesTest\u00e9 cliniquement pour r\u00e9duire les coliques, les reflux, les \u00e9ruptions et les gaz\" \/>\n<meta property=\"og:url\" content=\"https:\/\/paragaleriedetalborjt.com\/en\/boutique\/dr-browns-2-tetines-col-large-l4-9m-wn4201-intl\/\" \/>\n<meta property=\"og:site_name\" content=\"paragaleriedetalborjt\" \/>\n<meta property=\"og:image\" content=\"https:\/\/paragaleriedetalborjt.com\/wp-content\/uploads\/2026\/01\/Dr-Browns-2-Tetines-col-large-L4-9m-WN4201-INTL-600x600-1.png\" \/>\n\t<meta property=\"og:image:width\" content=\"600\" \/>\n\t<meta property=\"og:image:height\" content=\"600\" \/>\n\t<meta property=\"og:image:type\" content=\"image\/png\" \/>\n<meta name=\"twitter:card\" content=\"summary_large_image\" \/>\n<script type=\"application\/ld+json\" class=\"yoast-schema-graph\">{\"@context\":\"https:\/\/schema.org\",\"@graph\":[{\"@type\":\"WebPage\",\"@id\":\"https:\/\/paragaleriedetalborjt.com\/boutique\/dr-browns-2-tetines-col-large-l4-9m-wn4201-intl\/\",\"url\":\"https:\/\/paragaleriedetalborjt.com\/boutique\/dr-browns-2-tetines-col-large-l4-9m-wn4201-intl\/\",\"name\":\"Dr Brown\u2019s 2 Tetines Col Large L4 +9m WN4201-INTL - paragaleriedetalborjt\",\"isPartOf\":{\"@id\":\"https:\/\/paragaleriedetalborjt.com\/#website\"},\"primaryImageOfPage\":{\"@id\":\"https:\/\/paragaleriedetalborjt.com\/boutique\/dr-browns-2-tetines-col-large-l4-9m-wn4201-intl\/#primaryimage\"},\"image\":{\"@id\":\"https:\/\/paragaleriedetalborjt.com\/boutique\/dr-browns-2-tetines-col-large-l4-9m-wn4201-intl\/#primaryimage\"},\"thumbnailUrl\":\"https:\/\/paragaleriedetalborjt.com\/wp-content\/uploads\/2026\/01\/Dr-Browns-2-Tetines-col-large-L4-9m-WN4201-INTL-600x600-1.png\",\"datePublished\":\"2026-01-02T17:33:41+00:00\",\"breadcrumb\":{\"@id\":\"https:\/\/paragaleriedetalborjt.com\/boutique\/dr-browns-2-tetines-col-large-l4-9m-wn4201-intl\/#breadcrumb\"},\"inLanguage\":\"en-US\",\"potentialAction\":[{\"@type\":\"ReadAction\",\"target\":[\"https:\/\/paragaleriedetalborjt.com\/boutique\/dr-browns-2-tetines-col-large-l4-9m-wn4201-intl\/\"]}]},{\"@type\":\"ImageObject\",\"inLanguage\":\"en-US\",\"@id\":\"https:\/\/paragaleriedetalborjt.com\/boutique\/dr-browns-2-tetines-col-large-l4-9m-wn4201-intl\/#primaryimage\",\"url\":\"https:\/\/paragaleriedetalborjt.com\/wp-content\/uploads\/2026\/01\/Dr-Browns-2-Tetines-col-large-L4-9m-WN4201-INTL-600x600-1.png\",\"contentUrl\":\"https:\/\/paragaleriedetalborjt.com\/wp-content\/uploads\/2026\/01\/Dr-Browns-2-Tetines-col-large-L4-9m-WN4201-INTL-600x600-1.png\",\"width\":600,\"height\":600},{\"@type\":\"BreadcrumbList\",\"@id\":\"https:\/\/paragaleriedetalborjt.com\/boutique\/dr-browns-2-tetines-col-large-l4-9m-wn4201-intl\/#breadcrumb\",\"itemListElement\":[{\"@type\":\"ListItem\",\"position\":1,\"name\":\"Accueil\",\"item\":\"https:\/\/paragaleriedetalborjt.com\/\"},{\"@type\":\"ListItem\",\"position\":2,\"name\":\"Boutique\",\"item\":\"https:\/\/paragaleriedetalborjt.com\/boutique\/\"},{\"@type\":\"ListItem\",\"position\":3,\"name\":\"Dr Brown\u2019s 2 Tetines Col Large L4 +9m WN4201-INTL\"}]},{\"@type\":\"WebSite\",\"@id\":\"https:\/\/paragaleriedetalborjt.com\/#website\",\"url\":\"https:\/\/paragaleriedetalborjt.com\/\",\"name\":\"paragaleriedetalborjt\",\"description\":\"\",\"potentialAction\":[{\"@type\":\"SearchAction\",\"target\":{\"@type\":\"EntryPoint\",\"urlTemplate\":\"https:\/\/paragaleriedetalborjt.com\/?s={search_term_string}\"},\"query-input\":{\"@type\":\"PropertyValueSpecification\",\"valueRequired\":true,\"valueName\":\"search_term_string\"}}],\"inLanguage\":\"en-US\"}]}<\/script>\n<!-- \/ Yoast SEO plugin. -->","yoast_head_json":{"title":"Dr Brown\u2019s 2 Tetines Col Large L4 +9m WN4201-INTL - paragaleriedetalborjt","robots":{"index":"index","follow":"follow","max-snippet":"max-snippet:-1","max-image-preview":"max-image-preview:large","max-video-preview":"max-video-preview:-1"},"canonical":"https:\/\/paragaleriedetalborjt.com\/en\/boutique\/dr-browns-2-tetines-col-large-l4-9m-wn4201-intl\/","og_locale":"en_US","og_type":"article","og_title":"Dr Brown\u2019s 2 Tetines Col Large L4 +9m WN4201-INTL - paragaleriedetalborjt","og_description":"Highlights:Anti-coliques cliniquement test\u00e9 : le syst\u00e8me de ventilation anti-colique est cliniquement test\u00e9 pour r\u00e9duire les coliquesTest\u00e9 cliniquement pour r\u00e9duire les coliques, les reflux, les \u00e9ruptions et les gaz","og_url":"https:\/\/paragaleriedetalborjt.com\/en\/boutique\/dr-browns-2-tetines-col-large-l4-9m-wn4201-intl\/","og_site_name":"paragaleriedetalborjt","og_image":[{"width":600,"height":600,"url":"https:\/\/paragaleriedetalborjt.com\/wp-content\/uploads\/2026\/01\/Dr-Browns-2-Tetines-col-large-L4-9m-WN4201-INTL-600x600-1.png","type":"image\/png"}],"twitter_card":"summary_large_image","schema":{"@context":"https:\/\/schema.org","@graph":[{"@type":"WebPage","@id":"https:\/\/paragaleriedetalborjt.com\/boutique\/dr-browns-2-tetines-col-large-l4-9m-wn4201-intl\/","url":"https:\/\/paragaleriedetalborjt.com\/boutique\/dr-browns-2-tetines-col-large-l4-9m-wn4201-intl\/","name":"Dr Brown\u2019s 2 Tetines Col Large L4 +9m WN4201-INTL - paragaleriedetalborjt","isPartOf":{"@id":"https:\/\/paragaleriedetalborjt.com\/#website"},"primaryImageOfPage":{"@id":"https:\/\/paragaleriedetalborjt.com\/boutique\/dr-browns-2-tetines-col-large-l4-9m-wn4201-intl\/#primaryimage"},"image":{"@id":"https:\/\/paragaleriedetalborjt.com\/boutique\/dr-browns-2-tetines-col-large-l4-9m-wn4201-intl\/#primaryimage"},"thumbnailUrl":"https:\/\/paragaleriedetalborjt.com\/wp-content\/uploads\/2026\/01\/Dr-Browns-2-Tetines-col-large-L4-9m-WN4201-INTL-600x600-1.png","datePublished":"2026-01-02T17:33:41+00:00","breadcrumb":{"@id":"https:\/\/paragaleriedetalborjt.com\/boutique\/dr-browns-2-tetines-col-large-l4-9m-wn4201-intl\/#breadcrumb"},"inLanguage":"en-US","potentialAction":[{"@type":"ReadAction","target":["https:\/\/paragaleriedetalborjt.com\/boutique\/dr-browns-2-tetines-col-large-l4-9m-wn4201-intl\/"]}]},{"@type":"ImageObject","inLanguage":"en-US","@id":"https:\/\/paragaleriedetalborjt.com\/boutique\/dr-browns-2-tetines-col-large-l4-9m-wn4201-intl\/#primaryimage","url":"https:\/\/paragaleriedetalborjt.com\/wp-content\/uploads\/2026\/01\/Dr-Browns-2-Tetines-col-large-L4-9m-WN4201-INTL-600x600-1.png","contentUrl":"https:\/\/paragaleriedetalborjt.com\/wp-content\/uploads\/2026\/01\/Dr-Browns-2-Tetines-col-large-L4-9m-WN4201-INTL-600x600-1.png","width":600,"height":600},{"@type":"BreadcrumbList","@id":"https:\/\/paragaleriedetalborjt.com\/boutique\/dr-browns-2-tetines-col-large-l4-9m-wn4201-intl\/#breadcrumb","itemListElement":[{"@type":"ListItem","position":1,"name":"Accueil","item":"https:\/\/paragaleriedetalborjt.com\/"},{"@type":"ListItem","position":2,"name":"Boutique","item":"https:\/\/paragaleriedetalborjt.com\/boutique\/"},{"@type":"ListItem","position":3,"name":"Dr Brown\u2019s 2 Tetines Col Large L4 +9m WN4201-INTL"}]},{"@type":"WebSite","@id":"https:\/\/paragaleriedetalborjt.com\/#website","url":"https:\/\/paragaleriedetalborjt.com\/","name":"paragaleriedetalborjt","description":"","potentialAction":[{"@type":"SearchAction","target":{"@type":"EntryPoint","urlTemplate":"https:\/\/paragaleriedetalborjt.com\/?s={search_term_string}"},"query-input":{"@type":"PropertyValueSpecification","valueRequired":true,"valueName":"search_term_string"}}],"inLanguage":"en-US"}]}},"brands":[],"_links":{"self":[{"href":"https:\/\/paragaleriedetalborjt.com\/en\/wp-json\/wp\/v2\/product\/28284","targetHints":{"allow":["GET"]}}],"collection":[{"href":"https:\/\/paragaleriedetalborjt.com\/en\/wp-json\/wp\/v2\/product"}],"about":[{"href":"https:\/\/paragaleriedetalborjt.com\/en\/wp-json\/wp\/v2\/types\/product"}],"replies":[{"embeddable":true,"href":"https:\/\/paragaleriedetalborjt.com\/en\/wp-json\/wp\/v2\/comments?post=28284"}],"version-history":[{"count":1,"href":"https:\/\/paragaleriedetalborjt.com\/en\/wp-json\/wp\/v2\/product\/28284\/revisions"}],"predecessor-version":[{"id":28286,"href":"https:\/\/paragaleriedetalborjt.com\/en\/wp-json\/wp\/v2\/product\/28284\/revisions\/28286"}],"wp:featuredmedia":[{"embeddable":true,"href":"https:\/\/paragaleriedetalborjt.com\/en\/wp-json\/wp\/v2\/media\/28285"}],"wp:attachment":[{"href":"https:\/\/paragaleriedetalborjt.com\/en\/wp-json\/wp\/v2\/media?parent=28284"}],"wp:term":[{"taxonomy":"pwb-brand","embeddable":true,"href":"https:\/\/paragaleriedetalborjt.com\/en\/wp-json\/wp\/v2\/pwb-brand?post=28284"},{"taxonomy":"product_cat","embeddable":true,"href":"https:\/\/paragaleriedetalborjt.com\/en\/wp-json\/wp\/v2\/product_cat?post=28284"},{"taxonomy":"product_tag","embeddable":true,"href":"https:\/\/paragaleriedetalborjt.com\/en\/wp-json\/wp\/v2\/product_tag?post=28284"}],"curies":[{"name":"wp","href":"https:\/\/api.w.org\/{rel}","templated":true}]}}