{"id":28275,"date":"2026-01-02T18:33:34","date_gmt":"2026-01-02T17:33:34","guid":{"rendered":"https:\/\/paragaleriedetalborjt.com\/?post_type=product&#038;p=28275"},"modified":"2026-01-02T18:33:34","modified_gmt":"2026-01-02T17:33:34","slug":"dr-browns-biberon-col-large-bleu-rainbows-270ml-wb91605","status":"publish","type":"product","link":"https:\/\/paragaleriedetalborjt.com\/en\/boutique\/dr-browns-biberon-col-large-bleu-rainbows-270ml-wb91605\/","title":{"rendered":"Dr Brown\u2019s Biberon Col Large Bleu Rainbows 270ml WB91605"},"content":{"rendered":"<div aria-labelledby=\"tab-title-description\" class=\"woocommerce-Tabs-panel woocommerce-Tabs-panel--description panel entry-content wc-tab\" id=\"tab-description\" role=\"tabpanel\" style=\"\">\n<h2>Description<\/h2>\n<p>Le syst\u00e8me de ventilation anticolique contribue \u00e0 la pr\u00e9servation des nutriments, ce qui permet une meilleure digestion et par cons\u00e9quent un meilleur sommeil.<br \/>\nLa combinaison de la t\u00e9tine, du biberon et du syst\u00e8me de ventilation permet de donner le biberon confortablement. Une fois que votre b\u00e9b\u00e9 a d\u00e9velopp\u00e9 une routine alimentaire plus stable, vous pouvez enlever le syst\u00e8me de ventilation. Vous donnez alors le biberon de la m\u00eame fa\u00e7on qu\u2019avec un biberon qui se ventile par la t\u00e9tine.<\/p>\n<\/div>","protected":false},"excerpt":{"rendered":"<p>Highlights:Facilite la transition du sein maternel vers le biberon et vice versaLa couleur et le dessin ne sont pr\u00e9sent\u00e9s qu\u2019\u00e0 titre indicatif et peuvent varier. Ceux-ci ne peuvent donc \u00eatre garantis, ni choisis.<\/p>","protected":false},"featured_media":28276,"comment_status":"open","ping_status":"closed","template":"","meta":[],"pwb-brand":[],"product_cat":[16],"product_tag":[],"class_list":{"0":"post-28275","1":"product","2":"type-product","3":"status-publish","4":"has-post-thumbnail","6":"product_cat-non-classe","7":"pa_brands-dr-browns","9":"first","10":"instock","11":"sale","12":"shipping-taxable","13":"purchasable","14":"product-type-simple"},"yoast_head":"<!-- This site is optimized with the Yoast SEO plugin v26.9 - https:\/\/yoast.com\/product\/yoast-seo-wordpress\/ -->\n<title>Dr Brown\u2019s Biberon Col Large Bleu Rainbows 270ml WB91605 - paragaleriedetalborjt<\/title>\n<meta name=\"robots\" content=\"index, follow, max-snippet:-1, max-image-preview:large, max-video-preview:-1\" \/>\n<link rel=\"canonical\" href=\"https:\/\/paragaleriedetalborjt.com\/en\/boutique\/dr-browns-biberon-col-large-bleu-rainbows-270ml-wb91605\/\" \/>\n<meta property=\"og:locale\" content=\"en_US\" \/>\n<meta property=\"og:type\" content=\"article\" \/>\n<meta property=\"og:title\" content=\"Dr Brown\u2019s Biberon Col Large Bleu Rainbows 270ml WB91605 - paragaleriedetalborjt\" \/>\n<meta property=\"og:description\" content=\"Highlights:Facilite la transition du sein maternel vers le biberon et vice versaLa couleur et le dessin ne sont pr\u00e9sent\u00e9s qu\u2019\u00e0 titre indicatif et peuvent varier. Ceux-ci ne peuvent donc \u00eatre garantis, ni choisis.\" \/>\n<meta property=\"og:url\" content=\"https:\/\/paragaleriedetalborjt.com\/en\/boutique\/dr-browns-biberon-col-large-bleu-rainbows-270ml-wb91605\/\" \/>\n<meta property=\"og:site_name\" content=\"paragaleriedetalborjt\" \/>\n<meta property=\"og:image\" content=\"https:\/\/paragaleriedetalborjt.com\/wp-content\/uploads\/2026\/01\/Dr-browns-Bib-col-large-bleu-rainbows-270ml-WB91605-600x600-1.png\" \/>\n\t<meta property=\"og:image:width\" content=\"600\" \/>\n\t<meta property=\"og:image:height\" content=\"600\" \/>\n\t<meta property=\"og:image:type\" content=\"image\/png\" \/>\n<meta name=\"twitter:card\" content=\"summary_large_image\" \/>\n<script type=\"application\/ld+json\" class=\"yoast-schema-graph\">{\"@context\":\"https:\/\/schema.org\",\"@graph\":[{\"@type\":\"WebPage\",\"@id\":\"https:\/\/paragaleriedetalborjt.com\/boutique\/dr-browns-biberon-col-large-bleu-rainbows-270ml-wb91605\/\",\"url\":\"https:\/\/paragaleriedetalborjt.com\/boutique\/dr-browns-biberon-col-large-bleu-rainbows-270ml-wb91605\/\",\"name\":\"Dr Brown\u2019s Biberon Col Large Bleu Rainbows 270ml WB91605 - paragaleriedetalborjt\",\"isPartOf\":{\"@id\":\"https:\/\/paragaleriedetalborjt.com\/#website\"},\"primaryImageOfPage\":{\"@id\":\"https:\/\/paragaleriedetalborjt.com\/boutique\/dr-browns-biberon-col-large-bleu-rainbows-270ml-wb91605\/#primaryimage\"},\"image\":{\"@id\":\"https:\/\/paragaleriedetalborjt.com\/boutique\/dr-browns-biberon-col-large-bleu-rainbows-270ml-wb91605\/#primaryimage\"},\"thumbnailUrl\":\"https:\/\/paragaleriedetalborjt.com\/wp-content\/uploads\/2026\/01\/Dr-browns-Bib-col-large-bleu-rainbows-270ml-WB91605-600x600-1.png\",\"datePublished\":\"2026-01-02T17:33:34+00:00\",\"breadcrumb\":{\"@id\":\"https:\/\/paragaleriedetalborjt.com\/boutique\/dr-browns-biberon-col-large-bleu-rainbows-270ml-wb91605\/#breadcrumb\"},\"inLanguage\":\"en-US\",\"potentialAction\":[{\"@type\":\"ReadAction\",\"target\":[\"https:\/\/paragaleriedetalborjt.com\/boutique\/dr-browns-biberon-col-large-bleu-rainbows-270ml-wb91605\/\"]}]},{\"@type\":\"ImageObject\",\"inLanguage\":\"en-US\",\"@id\":\"https:\/\/paragaleriedetalborjt.com\/boutique\/dr-browns-biberon-col-large-bleu-rainbows-270ml-wb91605\/#primaryimage\",\"url\":\"https:\/\/paragaleriedetalborjt.com\/wp-content\/uploads\/2026\/01\/Dr-browns-Bib-col-large-bleu-rainbows-270ml-WB91605-600x600-1.png\",\"contentUrl\":\"https:\/\/paragaleriedetalborjt.com\/wp-content\/uploads\/2026\/01\/Dr-browns-Bib-col-large-bleu-rainbows-270ml-WB91605-600x600-1.png\",\"width\":600,\"height\":600},{\"@type\":\"BreadcrumbList\",\"@id\":\"https:\/\/paragaleriedetalborjt.com\/boutique\/dr-browns-biberon-col-large-bleu-rainbows-270ml-wb91605\/#breadcrumb\",\"itemListElement\":[{\"@type\":\"ListItem\",\"position\":1,\"name\":\"Accueil\",\"item\":\"https:\/\/paragaleriedetalborjt.com\/\"},{\"@type\":\"ListItem\",\"position\":2,\"name\":\"Boutique\",\"item\":\"https:\/\/paragaleriedetalborjt.com\/boutique\/\"},{\"@type\":\"ListItem\",\"position\":3,\"name\":\"Dr Brown\u2019s Biberon Col Large Bleu Rainbows 270ml WB91605\"}]},{\"@type\":\"WebSite\",\"@id\":\"https:\/\/paragaleriedetalborjt.com\/#website\",\"url\":\"https:\/\/paragaleriedetalborjt.com\/\",\"name\":\"paragaleriedetalborjt\",\"description\":\"\",\"potentialAction\":[{\"@type\":\"SearchAction\",\"target\":{\"@type\":\"EntryPoint\",\"urlTemplate\":\"https:\/\/paragaleriedetalborjt.com\/?s={search_term_string}\"},\"query-input\":{\"@type\":\"PropertyValueSpecification\",\"valueRequired\":true,\"valueName\":\"search_term_string\"}}],\"inLanguage\":\"en-US\"}]}<\/script>\n<!-- \/ Yoast SEO plugin. -->","yoast_head_json":{"title":"Dr Brown\u2019s Biberon Col Large Bleu Rainbows 270ml WB91605 - paragaleriedetalborjt","robots":{"index":"index","follow":"follow","max-snippet":"max-snippet:-1","max-image-preview":"max-image-preview:large","max-video-preview":"max-video-preview:-1"},"canonical":"https:\/\/paragaleriedetalborjt.com\/en\/boutique\/dr-browns-biberon-col-large-bleu-rainbows-270ml-wb91605\/","og_locale":"en_US","og_type":"article","og_title":"Dr Brown\u2019s Biberon Col Large Bleu Rainbows 270ml WB91605 - paragaleriedetalborjt","og_description":"Highlights:Facilite la transition du sein maternel vers le biberon et vice versaLa couleur et le dessin ne sont pr\u00e9sent\u00e9s qu\u2019\u00e0 titre indicatif et peuvent varier. Ceux-ci ne peuvent donc \u00eatre garantis, ni choisis.","og_url":"https:\/\/paragaleriedetalborjt.com\/en\/boutique\/dr-browns-biberon-col-large-bleu-rainbows-270ml-wb91605\/","og_site_name":"paragaleriedetalborjt","og_image":[{"width":600,"height":600,"url":"https:\/\/paragaleriedetalborjt.com\/wp-content\/uploads\/2026\/01\/Dr-browns-Bib-col-large-bleu-rainbows-270ml-WB91605-600x600-1.png","type":"image\/png"}],"twitter_card":"summary_large_image","schema":{"@context":"https:\/\/schema.org","@graph":[{"@type":"WebPage","@id":"https:\/\/paragaleriedetalborjt.com\/boutique\/dr-browns-biberon-col-large-bleu-rainbows-270ml-wb91605\/","url":"https:\/\/paragaleriedetalborjt.com\/boutique\/dr-browns-biberon-col-large-bleu-rainbows-270ml-wb91605\/","name":"Dr Brown\u2019s Biberon Col Large Bleu Rainbows 270ml WB91605 - paragaleriedetalborjt","isPartOf":{"@id":"https:\/\/paragaleriedetalborjt.com\/#website"},"primaryImageOfPage":{"@id":"https:\/\/paragaleriedetalborjt.com\/boutique\/dr-browns-biberon-col-large-bleu-rainbows-270ml-wb91605\/#primaryimage"},"image":{"@id":"https:\/\/paragaleriedetalborjt.com\/boutique\/dr-browns-biberon-col-large-bleu-rainbows-270ml-wb91605\/#primaryimage"},"thumbnailUrl":"https:\/\/paragaleriedetalborjt.com\/wp-content\/uploads\/2026\/01\/Dr-browns-Bib-col-large-bleu-rainbows-270ml-WB91605-600x600-1.png","datePublished":"2026-01-02T17:33:34+00:00","breadcrumb":{"@id":"https:\/\/paragaleriedetalborjt.com\/boutique\/dr-browns-biberon-col-large-bleu-rainbows-270ml-wb91605\/#breadcrumb"},"inLanguage":"en-US","potentialAction":[{"@type":"ReadAction","target":["https:\/\/paragaleriedetalborjt.com\/boutique\/dr-browns-biberon-col-large-bleu-rainbows-270ml-wb91605\/"]}]},{"@type":"ImageObject","inLanguage":"en-US","@id":"https:\/\/paragaleriedetalborjt.com\/boutique\/dr-browns-biberon-col-large-bleu-rainbows-270ml-wb91605\/#primaryimage","url":"https:\/\/paragaleriedetalborjt.com\/wp-content\/uploads\/2026\/01\/Dr-browns-Bib-col-large-bleu-rainbows-270ml-WB91605-600x600-1.png","contentUrl":"https:\/\/paragaleriedetalborjt.com\/wp-content\/uploads\/2026\/01\/Dr-browns-Bib-col-large-bleu-rainbows-270ml-WB91605-600x600-1.png","width":600,"height":600},{"@type":"BreadcrumbList","@id":"https:\/\/paragaleriedetalborjt.com\/boutique\/dr-browns-biberon-col-large-bleu-rainbows-270ml-wb91605\/#breadcrumb","itemListElement":[{"@type":"ListItem","position":1,"name":"Accueil","item":"https:\/\/paragaleriedetalborjt.com\/"},{"@type":"ListItem","position":2,"name":"Boutique","item":"https:\/\/paragaleriedetalborjt.com\/boutique\/"},{"@type":"ListItem","position":3,"name":"Dr Brown\u2019s Biberon Col Large Bleu Rainbows 270ml WB91605"}]},{"@type":"WebSite","@id":"https:\/\/paragaleriedetalborjt.com\/#website","url":"https:\/\/paragaleriedetalborjt.com\/","name":"paragaleriedetalborjt","description":"","potentialAction":[{"@type":"SearchAction","target":{"@type":"EntryPoint","urlTemplate":"https:\/\/paragaleriedetalborjt.com\/?s={search_term_string}"},"query-input":{"@type":"PropertyValueSpecification","valueRequired":true,"valueName":"search_term_string"}}],"inLanguage":"en-US"}]}},"brands":[],"_links":{"self":[{"href":"https:\/\/paragaleriedetalborjt.com\/en\/wp-json\/wp\/v2\/product\/28275","targetHints":{"allow":["GET"]}}],"collection":[{"href":"https:\/\/paragaleriedetalborjt.com\/en\/wp-json\/wp\/v2\/product"}],"about":[{"href":"https:\/\/paragaleriedetalborjt.com\/en\/wp-json\/wp\/v2\/types\/product"}],"replies":[{"embeddable":true,"href":"https:\/\/paragaleriedetalborjt.com\/en\/wp-json\/wp\/v2\/comments?post=28275"}],"version-history":[{"count":1,"href":"https:\/\/paragaleriedetalborjt.com\/en\/wp-json\/wp\/v2\/product\/28275\/revisions"}],"predecessor-version":[{"id":28277,"href":"https:\/\/paragaleriedetalborjt.com\/en\/wp-json\/wp\/v2\/product\/28275\/revisions\/28277"}],"wp:featuredmedia":[{"embeddable":true,"href":"https:\/\/paragaleriedetalborjt.com\/en\/wp-json\/wp\/v2\/media\/28276"}],"wp:attachment":[{"href":"https:\/\/paragaleriedetalborjt.com\/en\/wp-json\/wp\/v2\/media?parent=28275"}],"wp:term":[{"taxonomy":"pwb-brand","embeddable":true,"href":"https:\/\/paragaleriedetalborjt.com\/en\/wp-json\/wp\/v2\/pwb-brand?post=28275"},{"taxonomy":"product_cat","embeddable":true,"href":"https:\/\/paragaleriedetalborjt.com\/en\/wp-json\/wp\/v2\/product_cat?post=28275"},{"taxonomy":"product_tag","embeddable":true,"href":"https:\/\/paragaleriedetalborjt.com\/en\/wp-json\/wp\/v2\/product_tag?post=28275"}],"curies":[{"name":"wp","href":"https:\/\/api.w.org\/{rel}","templated":true}]}}