{"id":28263,"date":"2026-01-02T18:33:24","date_gmt":"2026-01-02T17:33:24","guid":{"rendered":"https:\/\/paragaleriedetalborjt.com\/?post_type=product&#038;p=28263"},"modified":"2026-01-02T18:33:24","modified_gmt":"2026-01-02T17:33:24","slug":"nuby-biberon-soft-flex-240ml0m-nt67028","status":"publish","type":"product","link":"https:\/\/paragaleriedetalborjt.com\/en\/boutique\/nuby-biberon-soft-flex-240ml0m-nt67028\/","title":{"rendered":"Nuby Biberon Soft Flex 240ml+0m NT67028"},"content":{"rendered":"<div aria-labelledby=\"tab-title-description\" class=\"woocommerce-Tabs-panel woocommerce-Tabs-panel--description panel entry-content wc-tab\" id=\"tab-description\" role=\"tabpanel\" style=\"\">\n<h2>Description<\/h2>\n<p>Avec sa forme large semblable \u00e0 celle d\u2019un sein et sa sensation de peau unique, la t\u00e9tine \u00e0 verrouillage facile facilite la combinaison de l\u2019allaitement au sein et au biberon, 3 valves avanc\u00e9es permettent \u00e0 l\u2019air de retourner dans le biberon pour une t\u00e9t\u00e9e continue et un b\u00e9b\u00e9 satisfait.\u00a0Convient aux b\u00e9b\u00e9s \u00e0 partir de 3 mois et plus.<\/p>\n<\/div>","protected":false},"excerpt":{"rendered":"<p>Highlights:Le biberon Nuby en polypropyl\u00e8ne avec t\u00e9tine d\u2019aspiration pour une d\u00e9charge lente est livr\u00e9 avec une t\u00e9tine super douce inspir\u00e9e par la forme. La texture et la souplesse naturelle du sein de maman encouragent les b\u00e9b\u00e9s \u00e0 prendre le sein plus facilement pour une t\u00e9t\u00e9e moins stressante et plus heureuse.<\/p>","protected":false},"featured_media":28264,"comment_status":"open","ping_status":"closed","template":"","meta":[],"pwb-brand":[],"product_cat":[16],"product_tag":[],"class_list":{"0":"post-28263","1":"product","2":"type-product","3":"status-publish","4":"has-post-thumbnail","6":"product_cat-non-classe","7":"pa_brands-nuby","9":"first","10":"instock","11":"sale","12":"shipping-taxable","13":"purchasable","14":"product-type-simple"},"yoast_head":"<!-- This site is optimized with the Yoast SEO plugin v26.9 - https:\/\/yoast.com\/product\/yoast-seo-wordpress\/ -->\n<title>Nuby Biberon Soft Flex 240ml+0m NT67028 - paragaleriedetalborjt<\/title>\n<meta name=\"robots\" content=\"index, follow, max-snippet:-1, max-image-preview:large, max-video-preview:-1\" \/>\n<link rel=\"canonical\" href=\"https:\/\/paragaleriedetalborjt.com\/en\/boutique\/nuby-biberon-soft-flex-240ml0m-nt67028\/\" \/>\n<meta property=\"og:locale\" content=\"en_US\" \/>\n<meta property=\"og:type\" content=\"article\" \/>\n<meta property=\"og:title\" content=\"Nuby Biberon Soft Flex 240ml+0m NT67028 - paragaleriedetalborjt\" \/>\n<meta property=\"og:description\" content=\"Highlights:Le biberon Nuby en polypropyl\u00e8ne avec t\u00e9tine d\u2019aspiration pour une d\u00e9charge lente est livr\u00e9 avec une t\u00e9tine super douce inspir\u00e9e par la forme. La texture et la souplesse naturelle du sein de maman encouragent les b\u00e9b\u00e9s \u00e0 prendre le sein plus facilement pour une t\u00e9t\u00e9e moins stressante et plus heureuse.\" \/>\n<meta property=\"og:url\" content=\"https:\/\/paragaleriedetalborjt.com\/en\/boutique\/nuby-biberon-soft-flex-240ml0m-nt67028\/\" \/>\n<meta property=\"og:site_name\" content=\"paragaleriedetalborjt\" \/>\n<meta property=\"og:image\" content=\"https:\/\/paragaleriedetalborjt.com\/wp-content\/uploads\/2026\/01\/Nuby-bib-soft-flex-240ml0m-NT67028-600x600-1.png\" \/>\n\t<meta property=\"og:image:width\" content=\"600\" \/>\n\t<meta property=\"og:image:height\" content=\"600\" \/>\n\t<meta property=\"og:image:type\" content=\"image\/png\" \/>\n<meta name=\"twitter:card\" content=\"summary_large_image\" \/>\n<script type=\"application\/ld+json\" class=\"yoast-schema-graph\">{\"@context\":\"https:\/\/schema.org\",\"@graph\":[{\"@type\":\"WebPage\",\"@id\":\"https:\/\/paragaleriedetalborjt.com\/boutique\/nuby-biberon-soft-flex-240ml0m-nt67028\/\",\"url\":\"https:\/\/paragaleriedetalborjt.com\/boutique\/nuby-biberon-soft-flex-240ml0m-nt67028\/\",\"name\":\"Nuby Biberon Soft Flex 240ml+0m NT67028 - paragaleriedetalborjt\",\"isPartOf\":{\"@id\":\"https:\/\/paragaleriedetalborjt.com\/#website\"},\"primaryImageOfPage\":{\"@id\":\"https:\/\/paragaleriedetalborjt.com\/boutique\/nuby-biberon-soft-flex-240ml0m-nt67028\/#primaryimage\"},\"image\":{\"@id\":\"https:\/\/paragaleriedetalborjt.com\/boutique\/nuby-biberon-soft-flex-240ml0m-nt67028\/#primaryimage\"},\"thumbnailUrl\":\"https:\/\/paragaleriedetalborjt.com\/wp-content\/uploads\/2026\/01\/Nuby-bib-soft-flex-240ml0m-NT67028-600x600-1.png\",\"datePublished\":\"2026-01-02T17:33:24+00:00\",\"breadcrumb\":{\"@id\":\"https:\/\/paragaleriedetalborjt.com\/boutique\/nuby-biberon-soft-flex-240ml0m-nt67028\/#breadcrumb\"},\"inLanguage\":\"en-US\",\"potentialAction\":[{\"@type\":\"ReadAction\",\"target\":[\"https:\/\/paragaleriedetalborjt.com\/boutique\/nuby-biberon-soft-flex-240ml0m-nt67028\/\"]}]},{\"@type\":\"ImageObject\",\"inLanguage\":\"en-US\",\"@id\":\"https:\/\/paragaleriedetalborjt.com\/boutique\/nuby-biberon-soft-flex-240ml0m-nt67028\/#primaryimage\",\"url\":\"https:\/\/paragaleriedetalborjt.com\/wp-content\/uploads\/2026\/01\/Nuby-bib-soft-flex-240ml0m-NT67028-600x600-1.png\",\"contentUrl\":\"https:\/\/paragaleriedetalborjt.com\/wp-content\/uploads\/2026\/01\/Nuby-bib-soft-flex-240ml0m-NT67028-600x600-1.png\",\"width\":600,\"height\":600},{\"@type\":\"BreadcrumbList\",\"@id\":\"https:\/\/paragaleriedetalborjt.com\/boutique\/nuby-biberon-soft-flex-240ml0m-nt67028\/#breadcrumb\",\"itemListElement\":[{\"@type\":\"ListItem\",\"position\":1,\"name\":\"Accueil\",\"item\":\"https:\/\/paragaleriedetalborjt.com\/\"},{\"@type\":\"ListItem\",\"position\":2,\"name\":\"Boutique\",\"item\":\"https:\/\/paragaleriedetalborjt.com\/boutique\/\"},{\"@type\":\"ListItem\",\"position\":3,\"name\":\"Nuby Biberon Soft Flex 240ml+0m NT67028\"}]},{\"@type\":\"WebSite\",\"@id\":\"https:\/\/paragaleriedetalborjt.com\/#website\",\"url\":\"https:\/\/paragaleriedetalborjt.com\/\",\"name\":\"paragaleriedetalborjt\",\"description\":\"\",\"potentialAction\":[{\"@type\":\"SearchAction\",\"target\":{\"@type\":\"EntryPoint\",\"urlTemplate\":\"https:\/\/paragaleriedetalborjt.com\/?s={search_term_string}\"},\"query-input\":{\"@type\":\"PropertyValueSpecification\",\"valueRequired\":true,\"valueName\":\"search_term_string\"}}],\"inLanguage\":\"en-US\"}]}<\/script>\n<!-- \/ Yoast SEO plugin. -->","yoast_head_json":{"title":"Nuby Biberon Soft Flex 240ml+0m NT67028 - paragaleriedetalborjt","robots":{"index":"index","follow":"follow","max-snippet":"max-snippet:-1","max-image-preview":"max-image-preview:large","max-video-preview":"max-video-preview:-1"},"canonical":"https:\/\/paragaleriedetalborjt.com\/en\/boutique\/nuby-biberon-soft-flex-240ml0m-nt67028\/","og_locale":"en_US","og_type":"article","og_title":"Nuby Biberon Soft Flex 240ml+0m NT67028 - paragaleriedetalborjt","og_description":"Highlights:Le biberon Nuby en polypropyl\u00e8ne avec t\u00e9tine d\u2019aspiration pour une d\u00e9charge lente est livr\u00e9 avec une t\u00e9tine super douce inspir\u00e9e par la forme. La texture et la souplesse naturelle du sein de maman encouragent les b\u00e9b\u00e9s \u00e0 prendre le sein plus facilement pour une t\u00e9t\u00e9e moins stressante et plus heureuse.","og_url":"https:\/\/paragaleriedetalborjt.com\/en\/boutique\/nuby-biberon-soft-flex-240ml0m-nt67028\/","og_site_name":"paragaleriedetalborjt","og_image":[{"width":600,"height":600,"url":"https:\/\/paragaleriedetalborjt.com\/wp-content\/uploads\/2026\/01\/Nuby-bib-soft-flex-240ml0m-NT67028-600x600-1.png","type":"image\/png"}],"twitter_card":"summary_large_image","schema":{"@context":"https:\/\/schema.org","@graph":[{"@type":"WebPage","@id":"https:\/\/paragaleriedetalborjt.com\/boutique\/nuby-biberon-soft-flex-240ml0m-nt67028\/","url":"https:\/\/paragaleriedetalborjt.com\/boutique\/nuby-biberon-soft-flex-240ml0m-nt67028\/","name":"Nuby Biberon Soft Flex 240ml+0m NT67028 - paragaleriedetalborjt","isPartOf":{"@id":"https:\/\/paragaleriedetalborjt.com\/#website"},"primaryImageOfPage":{"@id":"https:\/\/paragaleriedetalborjt.com\/boutique\/nuby-biberon-soft-flex-240ml0m-nt67028\/#primaryimage"},"image":{"@id":"https:\/\/paragaleriedetalborjt.com\/boutique\/nuby-biberon-soft-flex-240ml0m-nt67028\/#primaryimage"},"thumbnailUrl":"https:\/\/paragaleriedetalborjt.com\/wp-content\/uploads\/2026\/01\/Nuby-bib-soft-flex-240ml0m-NT67028-600x600-1.png","datePublished":"2026-01-02T17:33:24+00:00","breadcrumb":{"@id":"https:\/\/paragaleriedetalborjt.com\/boutique\/nuby-biberon-soft-flex-240ml0m-nt67028\/#breadcrumb"},"inLanguage":"en-US","potentialAction":[{"@type":"ReadAction","target":["https:\/\/paragaleriedetalborjt.com\/boutique\/nuby-biberon-soft-flex-240ml0m-nt67028\/"]}]},{"@type":"ImageObject","inLanguage":"en-US","@id":"https:\/\/paragaleriedetalborjt.com\/boutique\/nuby-biberon-soft-flex-240ml0m-nt67028\/#primaryimage","url":"https:\/\/paragaleriedetalborjt.com\/wp-content\/uploads\/2026\/01\/Nuby-bib-soft-flex-240ml0m-NT67028-600x600-1.png","contentUrl":"https:\/\/paragaleriedetalborjt.com\/wp-content\/uploads\/2026\/01\/Nuby-bib-soft-flex-240ml0m-NT67028-600x600-1.png","width":600,"height":600},{"@type":"BreadcrumbList","@id":"https:\/\/paragaleriedetalborjt.com\/boutique\/nuby-biberon-soft-flex-240ml0m-nt67028\/#breadcrumb","itemListElement":[{"@type":"ListItem","position":1,"name":"Accueil","item":"https:\/\/paragaleriedetalborjt.com\/"},{"@type":"ListItem","position":2,"name":"Boutique","item":"https:\/\/paragaleriedetalborjt.com\/boutique\/"},{"@type":"ListItem","position":3,"name":"Nuby Biberon Soft Flex 240ml+0m NT67028"}]},{"@type":"WebSite","@id":"https:\/\/paragaleriedetalborjt.com\/#website","url":"https:\/\/paragaleriedetalborjt.com\/","name":"paragaleriedetalborjt","description":"","potentialAction":[{"@type":"SearchAction","target":{"@type":"EntryPoint","urlTemplate":"https:\/\/paragaleriedetalborjt.com\/?s={search_term_string}"},"query-input":{"@type":"PropertyValueSpecification","valueRequired":true,"valueName":"search_term_string"}}],"inLanguage":"en-US"}]}},"brands":[],"_links":{"self":[{"href":"https:\/\/paragaleriedetalborjt.com\/en\/wp-json\/wp\/v2\/product\/28263","targetHints":{"allow":["GET"]}}],"collection":[{"href":"https:\/\/paragaleriedetalborjt.com\/en\/wp-json\/wp\/v2\/product"}],"about":[{"href":"https:\/\/paragaleriedetalborjt.com\/en\/wp-json\/wp\/v2\/types\/product"}],"replies":[{"embeddable":true,"href":"https:\/\/paragaleriedetalborjt.com\/en\/wp-json\/wp\/v2\/comments?post=28263"}],"version-history":[{"count":1,"href":"https:\/\/paragaleriedetalborjt.com\/en\/wp-json\/wp\/v2\/product\/28263\/revisions"}],"predecessor-version":[{"id":28265,"href":"https:\/\/paragaleriedetalborjt.com\/en\/wp-json\/wp\/v2\/product\/28263\/revisions\/28265"}],"wp:featuredmedia":[{"embeddable":true,"href":"https:\/\/paragaleriedetalborjt.com\/en\/wp-json\/wp\/v2\/media\/28264"}],"wp:attachment":[{"href":"https:\/\/paragaleriedetalborjt.com\/en\/wp-json\/wp\/v2\/media?parent=28263"}],"wp:term":[{"taxonomy":"pwb-brand","embeddable":true,"href":"https:\/\/paragaleriedetalborjt.com\/en\/wp-json\/wp\/v2\/pwb-brand?post=28263"},{"taxonomy":"product_cat","embeddable":true,"href":"https:\/\/paragaleriedetalborjt.com\/en\/wp-json\/wp\/v2\/product_cat?post=28263"},{"taxonomy":"product_tag","embeddable":true,"href":"https:\/\/paragaleriedetalborjt.com\/en\/wp-json\/wp\/v2\/product_tag?post=28263"}],"curies":[{"name":"wp","href":"https:\/\/api.w.org\/{rel}","templated":true}]}}