{"id":28098,"date":"2026-01-02T18:31:11","date_gmt":"2026-01-02T17:31:11","guid":{"rendered":"https:\/\/paragaleriedetalborjt.com\/?post_type=product&#038;p=28098"},"modified":"2026-01-02T18:31:11","modified_gmt":"2026-01-02T17:31:11","slug":"acure-seriously-soothing-cleansing-cream","status":"publish","type":"product","link":"https:\/\/paragaleriedetalborjt.com\/en\/boutique\/acure-seriously-soothing-cleansing-cream\/","title":{"rendered":"Acure Seriously Soothing Cleansing Cream"},"content":{"rendered":"<div aria-labelledby=\"tab-title-description\" class=\"woocommerce-Tabs-panel woocommerce-Tabs-panel--description panel entry-content wc-tab\" id=\"tab-description\" role=\"tabpanel\" style=\"\">\n<h2>Description<\/h2>\n<p>Plongez dans une douceur apaisante avec le nettoyant Acure Seriously Soothing Cleansing Cream. Cette formule d\u00e9licate et nourrissante est sp\u00e9cialement con\u00e7ue pour nettoyer en profondeur tout en apaisant et en hydratant la peau, la laissant fra\u00eeche, douce et revitalis\u00e9e.<\/p>\n<p>Infus\u00e9 avec des ingr\u00e9dients naturels apaisants tels que l\u2019alo\u00e8s et l\u2019huile de coco, ce nettoyant cr\u00e9e une mousse onctueuse qui \u00e9limine en douceur les impuret\u00e9s et les traces de maquillage sans ass\u00e9cher la peau. Sa formule non irritante convient m\u00eame aux peaux les plus sensibles, offrant un soulagement instantan\u00e9 et une sensation de confort.<\/p>\n<p>Offrez \u00e0 votre peau le soin d\u00e9licat qu\u2019elle m\u00e9rite avec le nettoyant Acure Seriously Soothing Cleansing Cream, et red\u00e9couvrez une peau \u00e9clatante de sant\u00e9 et de douceur.<\/p>\n<\/div>","protected":false},"excerpt":{"rendered":"<p>Highlights:D\u00e9couvrez la douceur apaisante du nettoyant Acure Seriously Soothing Cleansing Cream. Une formule nourrissante qui nettoie en profondeur tout en apaisant et en hydratant la peau.<\/p>","protected":false},"featured_media":28099,"comment_status":"open","ping_status":"closed","template":"","meta":[],"pwb-brand":[],"product_cat":[16],"product_tag":[],"class_list":{"0":"post-28098","1":"product","2":"type-product","3":"status-publish","4":"has-post-thumbnail","6":"product_cat-non-classe","7":"pa_brands-acure","9":"first","10":"instock","11":"sale","12":"shipping-taxable","13":"purchasable","14":"product-type-simple"},"yoast_head":"<!-- This site is optimized with the Yoast SEO plugin v27.5 - https:\/\/yoast.com\/product\/yoast-seo-wordpress\/ -->\n<title>Acure Seriously Soothing Cleansing Cream - paragaleriedetalborjt<\/title>\n<meta name=\"robots\" content=\"index, follow, max-snippet:-1, max-image-preview:large, max-video-preview:-1\" \/>\n<link rel=\"canonical\" href=\"https:\/\/paragaleriedetalborjt.com\/en\/boutique\/acure-seriously-soothing-cleansing-cream\/\" \/>\n<meta property=\"og:locale\" content=\"en_US\" \/>\n<meta property=\"og:type\" content=\"article\" \/>\n<meta property=\"og:title\" content=\"Acure Seriously Soothing Cleansing Cream - paragaleriedetalborjt\" \/>\n<meta property=\"og:description\" content=\"Highlights:D\u00e9couvrez la douceur apaisante du nettoyant Acure Seriously Soothing Cleansing Cream. Une formule nourrissante qui nettoie en profondeur tout en apaisant et en hydratant la peau.\" \/>\n<meta property=\"og:url\" content=\"https:\/\/paragaleriedetalborjt.com\/en\/boutique\/acure-seriously-soothing-cleansing-cream\/\" \/>\n<meta property=\"og:site_name\" content=\"paragaleriedetalborjt\" \/>\n<meta property=\"og:image\" content=\"https:\/\/paragaleriedetalborjt.com\/wp-content\/uploads\/2026\/01\/Acure-Seriously-soothing-cleansing-cream-118ml-600x600-1.png\" \/>\n\t<meta property=\"og:image:width\" content=\"600\" \/>\n\t<meta property=\"og:image:height\" content=\"600\" \/>\n\t<meta property=\"og:image:type\" content=\"image\/png\" \/>\n<meta name=\"twitter:card\" content=\"summary_large_image\" \/>\n<meta name=\"twitter:label1\" content=\"Est. reading time\" \/>\n\t<meta name=\"twitter:data1\" content=\"1 minute\" \/>\n<script type=\"application\/ld+json\" class=\"yoast-schema-graph\">{\"@context\":\"https:\\\/\\\/schema.org\",\"@graph\":[{\"@type\":\"WebPage\",\"@id\":\"https:\\\/\\\/paragaleriedetalborjt.com\\\/boutique\\\/acure-seriously-soothing-cleansing-cream\\\/\",\"url\":\"https:\\\/\\\/paragaleriedetalborjt.com\\\/boutique\\\/acure-seriously-soothing-cleansing-cream\\\/\",\"name\":\"Acure Seriously Soothing Cleansing Cream - paragaleriedetalborjt\",\"isPartOf\":{\"@id\":\"https:\\\/\\\/paragaleriedetalborjt.com\\\/#website\"},\"primaryImageOfPage\":{\"@id\":\"https:\\\/\\\/paragaleriedetalborjt.com\\\/boutique\\\/acure-seriously-soothing-cleansing-cream\\\/#primaryimage\"},\"image\":{\"@id\":\"https:\\\/\\\/paragaleriedetalborjt.com\\\/boutique\\\/acure-seriously-soothing-cleansing-cream\\\/#primaryimage\"},\"thumbnailUrl\":\"https:\\\/\\\/paragaleriedetalborjt.com\\\/wp-content\\\/uploads\\\/2026\\\/01\\\/Acure-Seriously-soothing-cleansing-cream-118ml-600x600-1.png\",\"datePublished\":\"2026-01-02T17:31:11+00:00\",\"breadcrumb\":{\"@id\":\"https:\\\/\\\/paragaleriedetalborjt.com\\\/boutique\\\/acure-seriously-soothing-cleansing-cream\\\/#breadcrumb\"},\"inLanguage\":\"en-US\",\"potentialAction\":[{\"@type\":\"ReadAction\",\"target\":[\"https:\\\/\\\/paragaleriedetalborjt.com\\\/boutique\\\/acure-seriously-soothing-cleansing-cream\\\/\"]}]},{\"@type\":\"ImageObject\",\"inLanguage\":\"en-US\",\"@id\":\"https:\\\/\\\/paragaleriedetalborjt.com\\\/boutique\\\/acure-seriously-soothing-cleansing-cream\\\/#primaryimage\",\"url\":\"https:\\\/\\\/paragaleriedetalborjt.com\\\/wp-content\\\/uploads\\\/2026\\\/01\\\/Acure-Seriously-soothing-cleansing-cream-118ml-600x600-1.png\",\"contentUrl\":\"https:\\\/\\\/paragaleriedetalborjt.com\\\/wp-content\\\/uploads\\\/2026\\\/01\\\/Acure-Seriously-soothing-cleansing-cream-118ml-600x600-1.png\",\"width\":600,\"height\":600},{\"@type\":\"BreadcrumbList\",\"@id\":\"https:\\\/\\\/paragaleriedetalborjt.com\\\/boutique\\\/acure-seriously-soothing-cleansing-cream\\\/#breadcrumb\",\"itemListElement\":[{\"@type\":\"ListItem\",\"position\":1,\"name\":\"Accueil\",\"item\":\"https:\\\/\\\/paragaleriedetalborjt.com\\\/\"},{\"@type\":\"ListItem\",\"position\":2,\"name\":\"Boutique\",\"item\":\"https:\\\/\\\/paragaleriedetalborjt.com\\\/boutique\\\/\"},{\"@type\":\"ListItem\",\"position\":3,\"name\":\"Acure Seriously Soothing Cleansing Cream\"}]},{\"@type\":\"WebSite\",\"@id\":\"https:\\\/\\\/paragaleriedetalborjt.com\\\/#website\",\"url\":\"https:\\\/\\\/paragaleriedetalborjt.com\\\/\",\"name\":\"paragaleriedetalborjt\",\"description\":\"\",\"potentialAction\":[{\"@type\":\"SearchAction\",\"target\":{\"@type\":\"EntryPoint\",\"urlTemplate\":\"https:\\\/\\\/paragaleriedetalborjt.com\\\/?s={search_term_string}\"},\"query-input\":{\"@type\":\"PropertyValueSpecification\",\"valueRequired\":true,\"valueName\":\"search_term_string\"}}],\"inLanguage\":\"en-US\"}]}<\/script>\n<!-- \/ Yoast SEO plugin. -->","yoast_head_json":{"title":"Acure Seriously Soothing Cleansing Cream - paragaleriedetalborjt","robots":{"index":"index","follow":"follow","max-snippet":"max-snippet:-1","max-image-preview":"max-image-preview:large","max-video-preview":"max-video-preview:-1"},"canonical":"https:\/\/paragaleriedetalborjt.com\/en\/boutique\/acure-seriously-soothing-cleansing-cream\/","og_locale":"en_US","og_type":"article","og_title":"Acure Seriously Soothing Cleansing Cream - paragaleriedetalborjt","og_description":"Highlights:D\u00e9couvrez la douceur apaisante du nettoyant Acure Seriously Soothing Cleansing Cream. Une formule nourrissante qui nettoie en profondeur tout en apaisant et en hydratant la peau.","og_url":"https:\/\/paragaleriedetalborjt.com\/en\/boutique\/acure-seriously-soothing-cleansing-cream\/","og_site_name":"paragaleriedetalborjt","og_image":[{"width":600,"height":600,"url":"https:\/\/paragaleriedetalborjt.com\/wp-content\/uploads\/2026\/01\/Acure-Seriously-soothing-cleansing-cream-118ml-600x600-1.png","type":"image\/png"}],"twitter_card":"summary_large_image","twitter_misc":{"Est. reading time":"1 minute"},"schema":{"@context":"https:\/\/schema.org","@graph":[{"@type":"WebPage","@id":"https:\/\/paragaleriedetalborjt.com\/boutique\/acure-seriously-soothing-cleansing-cream\/","url":"https:\/\/paragaleriedetalborjt.com\/boutique\/acure-seriously-soothing-cleansing-cream\/","name":"Acure Seriously Soothing Cleansing Cream - paragaleriedetalborjt","isPartOf":{"@id":"https:\/\/paragaleriedetalborjt.com\/#website"},"primaryImageOfPage":{"@id":"https:\/\/paragaleriedetalborjt.com\/boutique\/acure-seriously-soothing-cleansing-cream\/#primaryimage"},"image":{"@id":"https:\/\/paragaleriedetalborjt.com\/boutique\/acure-seriously-soothing-cleansing-cream\/#primaryimage"},"thumbnailUrl":"https:\/\/paragaleriedetalborjt.com\/wp-content\/uploads\/2026\/01\/Acure-Seriously-soothing-cleansing-cream-118ml-600x600-1.png","datePublished":"2026-01-02T17:31:11+00:00","breadcrumb":{"@id":"https:\/\/paragaleriedetalborjt.com\/boutique\/acure-seriously-soothing-cleansing-cream\/#breadcrumb"},"inLanguage":"en-US","potentialAction":[{"@type":"ReadAction","target":["https:\/\/paragaleriedetalborjt.com\/boutique\/acure-seriously-soothing-cleansing-cream\/"]}]},{"@type":"ImageObject","inLanguage":"en-US","@id":"https:\/\/paragaleriedetalborjt.com\/boutique\/acure-seriously-soothing-cleansing-cream\/#primaryimage","url":"https:\/\/paragaleriedetalborjt.com\/wp-content\/uploads\/2026\/01\/Acure-Seriously-soothing-cleansing-cream-118ml-600x600-1.png","contentUrl":"https:\/\/paragaleriedetalborjt.com\/wp-content\/uploads\/2026\/01\/Acure-Seriously-soothing-cleansing-cream-118ml-600x600-1.png","width":600,"height":600},{"@type":"BreadcrumbList","@id":"https:\/\/paragaleriedetalborjt.com\/boutique\/acure-seriously-soothing-cleansing-cream\/#breadcrumb","itemListElement":[{"@type":"ListItem","position":1,"name":"Accueil","item":"https:\/\/paragaleriedetalborjt.com\/"},{"@type":"ListItem","position":2,"name":"Boutique","item":"https:\/\/paragaleriedetalborjt.com\/boutique\/"},{"@type":"ListItem","position":3,"name":"Acure Seriously Soothing Cleansing Cream"}]},{"@type":"WebSite","@id":"https:\/\/paragaleriedetalborjt.com\/#website","url":"https:\/\/paragaleriedetalborjt.com\/","name":"paragaleriedetalborjt","description":"","potentialAction":[{"@type":"SearchAction","target":{"@type":"EntryPoint","urlTemplate":"https:\/\/paragaleriedetalborjt.com\/?s={search_term_string}"},"query-input":{"@type":"PropertyValueSpecification","valueRequired":true,"valueName":"search_term_string"}}],"inLanguage":"en-US"}]}},"brands":[],"_links":{"self":[{"href":"https:\/\/paragaleriedetalborjt.com\/en\/wp-json\/wp\/v2\/product\/28098","targetHints":{"allow":["GET"]}}],"collection":[{"href":"https:\/\/paragaleriedetalborjt.com\/en\/wp-json\/wp\/v2\/product"}],"about":[{"href":"https:\/\/paragaleriedetalborjt.com\/en\/wp-json\/wp\/v2\/types\/product"}],"replies":[{"embeddable":true,"href":"https:\/\/paragaleriedetalborjt.com\/en\/wp-json\/wp\/v2\/comments?post=28098"}],"version-history":[{"count":1,"href":"https:\/\/paragaleriedetalborjt.com\/en\/wp-json\/wp\/v2\/product\/28098\/revisions"}],"predecessor-version":[{"id":28100,"href":"https:\/\/paragaleriedetalborjt.com\/en\/wp-json\/wp\/v2\/product\/28098\/revisions\/28100"}],"wp:featuredmedia":[{"embeddable":true,"href":"https:\/\/paragaleriedetalborjt.com\/en\/wp-json\/wp\/v2\/media\/28099"}],"wp:attachment":[{"href":"https:\/\/paragaleriedetalborjt.com\/en\/wp-json\/wp\/v2\/media?parent=28098"}],"wp:term":[{"taxonomy":"pwb-brand","embeddable":true,"href":"https:\/\/paragaleriedetalborjt.com\/en\/wp-json\/wp\/v2\/pwb-brand?post=28098"},{"taxonomy":"product_cat","embeddable":true,"href":"https:\/\/paragaleriedetalborjt.com\/en\/wp-json\/wp\/v2\/product_cat?post=28098"},{"taxonomy":"product_tag","embeddable":true,"href":"https:\/\/paragaleriedetalborjt.com\/en\/wp-json\/wp\/v2\/product_tag?post=28098"}],"curies":[{"name":"wp","href":"https:\/\/api.w.org\/{rel}","templated":true}]}}