{"id":28089,"date":"2026-01-02T18:31:02","date_gmt":"2026-01-02T17:31:02","guid":{"rendered":"https:\/\/paragaleriedetalborjt.com\/?post_type=product&#038;p=28089"},"modified":"2026-01-02T18:31:02","modified_gmt":"2026-01-02T17:31:02","slug":"dermagor-creme-unifiante-peaux-sensibles-40ml","status":"publish","type":"product","link":"https:\/\/paragaleriedetalborjt.com\/en\/boutique\/dermagor-creme-unifiante-peaux-sensibles-40ml\/","title":{"rendered":"Dermagor Creme Unifiante Peaux Sensibles 40ml"},"content":{"rendered":"<div aria-labelledby=\"tab-title-description\" class=\"woocommerce-Tabs-panel woocommerce-Tabs-panel--description panel entry-content wc-tab\" id=\"tab-description\" role=\"tabpanel\" style=\"\">\n<h2>Description<\/h2>\n<p>D\u00e9couvrez la Cr\u00e8me Unifiante Peaux Sensibles de Dermagor, une solution douce et efficace pour les peaux sensibles. Sa formule apaisante et hydratante aide \u00e0 att\u00e9nuer les rougeurs, les irritations et les imperfections, tout en unifiant le teint pour une peau \u00e9clatante et uniforme.<\/p>\n<p>Infus\u00e9e avec des ingr\u00e9dients sp\u00e9cialement s\u00e9lectionn\u00e9s pour leur douceur et leur efficacit\u00e9, cette cr\u00e8me l\u00e9g\u00e8re p\u00e9n\u00e8tre rapidement dans la peau, la laissant douce, souple et confortable toute la journ\u00e9e. Elle offre \u00e9galement une protection contre les agressions ext\u00e9rieures, aidant ainsi \u00e0 pr\u00e9venir les r\u00e9actions cutan\u00e9es ind\u00e9sirables.<\/p>\n<p>Offrez \u00e0 votre peau sensible le soin qu\u2019elle m\u00e9rite avec la Cr\u00e8me Unifiante Peaux Sensibles de Dermagor, pour une peau visiblement plus calme, plus lisse et plus lumineuse.<\/p>\n<\/div>","protected":false},"excerpt":{"rendered":"<p>Highlights:D\u00e9couvrez la Cr\u00e8me Unifiante Peaux Sensibles de Dermagor, id\u00e9ale pour apaiser, hydrater et unifier le teint des peaux sensibles.<\/p>","protected":false},"featured_media":28090,"comment_status":"open","ping_status":"closed","template":"","meta":[],"pwb-brand":[],"product_cat":[16],"product_tag":[],"class_list":{"0":"post-28089","1":"product","2":"type-product","3":"status-publish","4":"has-post-thumbnail","6":"product_cat-non-classe","7":"pa_brands-dermagor","9":"first","10":"instock","11":"sale","12":"shipping-taxable","13":"purchasable","14":"product-type-simple"},"yoast_head":"<!-- This site is optimized with the Yoast SEO plugin v26.9 - https:\/\/yoast.com\/product\/yoast-seo-wordpress\/ -->\n<title>Dermagor Creme Unifiante Peaux Sensibles 40ml - paragaleriedetalborjt<\/title>\n<meta name=\"robots\" content=\"index, follow, max-snippet:-1, max-image-preview:large, max-video-preview:-1\" \/>\n<link rel=\"canonical\" href=\"https:\/\/paragaleriedetalborjt.com\/en\/boutique\/dermagor-creme-unifiante-peaux-sensibles-40ml\/\" \/>\n<meta property=\"og:locale\" content=\"en_US\" \/>\n<meta property=\"og:type\" content=\"article\" \/>\n<meta property=\"og:title\" content=\"Dermagor Creme Unifiante Peaux Sensibles 40ml - paragaleriedetalborjt\" \/>\n<meta property=\"og:description\" content=\"Highlights:D\u00e9couvrez la Cr\u00e8me Unifiante Peaux Sensibles de Dermagor, id\u00e9ale pour apaiser, hydrater et unifier le teint des peaux sensibles.\" \/>\n<meta property=\"og:url\" content=\"https:\/\/paragaleriedetalborjt.com\/en\/boutique\/dermagor-creme-unifiante-peaux-sensibles-40ml\/\" \/>\n<meta property=\"og:site_name\" content=\"paragaleriedetalborjt\" \/>\n<meta property=\"og:image\" content=\"https:\/\/paragaleriedetalborjt.com\/wp-content\/uploads\/2026\/01\/Dermagor-Creme-Unifiante-Peaux-Sensibles-40ml-600x600-1.png\" \/>\n\t<meta property=\"og:image:width\" content=\"600\" \/>\n\t<meta property=\"og:image:height\" content=\"600\" \/>\n\t<meta property=\"og:image:type\" content=\"image\/png\" \/>\n<meta name=\"twitter:card\" content=\"summary_large_image\" \/>\n<meta name=\"twitter:label1\" content=\"Est. reading time\" \/>\n\t<meta name=\"twitter:data1\" content=\"1 minute\" \/>\n<script type=\"application\/ld+json\" class=\"yoast-schema-graph\">{\"@context\":\"https:\/\/schema.org\",\"@graph\":[{\"@type\":\"WebPage\",\"@id\":\"https:\/\/paragaleriedetalborjt.com\/boutique\/dermagor-creme-unifiante-peaux-sensibles-40ml\/\",\"url\":\"https:\/\/paragaleriedetalborjt.com\/boutique\/dermagor-creme-unifiante-peaux-sensibles-40ml\/\",\"name\":\"Dermagor Creme Unifiante Peaux Sensibles 40ml - paragaleriedetalborjt\",\"isPartOf\":{\"@id\":\"https:\/\/paragaleriedetalborjt.com\/#website\"},\"primaryImageOfPage\":{\"@id\":\"https:\/\/paragaleriedetalborjt.com\/boutique\/dermagor-creme-unifiante-peaux-sensibles-40ml\/#primaryimage\"},\"image\":{\"@id\":\"https:\/\/paragaleriedetalborjt.com\/boutique\/dermagor-creme-unifiante-peaux-sensibles-40ml\/#primaryimage\"},\"thumbnailUrl\":\"https:\/\/paragaleriedetalborjt.com\/wp-content\/uploads\/2026\/01\/Dermagor-Creme-Unifiante-Peaux-Sensibles-40ml-600x600-1.png\",\"datePublished\":\"2026-01-02T17:31:02+00:00\",\"breadcrumb\":{\"@id\":\"https:\/\/paragaleriedetalborjt.com\/boutique\/dermagor-creme-unifiante-peaux-sensibles-40ml\/#breadcrumb\"},\"inLanguage\":\"en-US\",\"potentialAction\":[{\"@type\":\"ReadAction\",\"target\":[\"https:\/\/paragaleriedetalborjt.com\/boutique\/dermagor-creme-unifiante-peaux-sensibles-40ml\/\"]}]},{\"@type\":\"ImageObject\",\"inLanguage\":\"en-US\",\"@id\":\"https:\/\/paragaleriedetalborjt.com\/boutique\/dermagor-creme-unifiante-peaux-sensibles-40ml\/#primaryimage\",\"url\":\"https:\/\/paragaleriedetalborjt.com\/wp-content\/uploads\/2026\/01\/Dermagor-Creme-Unifiante-Peaux-Sensibles-40ml-600x600-1.png\",\"contentUrl\":\"https:\/\/paragaleriedetalborjt.com\/wp-content\/uploads\/2026\/01\/Dermagor-Creme-Unifiante-Peaux-Sensibles-40ml-600x600-1.png\",\"width\":600,\"height\":600},{\"@type\":\"BreadcrumbList\",\"@id\":\"https:\/\/paragaleriedetalborjt.com\/boutique\/dermagor-creme-unifiante-peaux-sensibles-40ml\/#breadcrumb\",\"itemListElement\":[{\"@type\":\"ListItem\",\"position\":1,\"name\":\"Accueil\",\"item\":\"https:\/\/paragaleriedetalborjt.com\/\"},{\"@type\":\"ListItem\",\"position\":2,\"name\":\"Boutique\",\"item\":\"https:\/\/paragaleriedetalborjt.com\/boutique\/\"},{\"@type\":\"ListItem\",\"position\":3,\"name\":\"Dermagor Creme Unifiante Peaux Sensibles 40ml\"}]},{\"@type\":\"WebSite\",\"@id\":\"https:\/\/paragaleriedetalborjt.com\/#website\",\"url\":\"https:\/\/paragaleriedetalborjt.com\/\",\"name\":\"paragaleriedetalborjt\",\"description\":\"\",\"potentialAction\":[{\"@type\":\"SearchAction\",\"target\":{\"@type\":\"EntryPoint\",\"urlTemplate\":\"https:\/\/paragaleriedetalborjt.com\/?s={search_term_string}\"},\"query-input\":{\"@type\":\"PropertyValueSpecification\",\"valueRequired\":true,\"valueName\":\"search_term_string\"}}],\"inLanguage\":\"en-US\"}]}<\/script>\n<!-- \/ Yoast SEO plugin. -->","yoast_head_json":{"title":"Dermagor Creme Unifiante Peaux Sensibles 40ml - paragaleriedetalborjt","robots":{"index":"index","follow":"follow","max-snippet":"max-snippet:-1","max-image-preview":"max-image-preview:large","max-video-preview":"max-video-preview:-1"},"canonical":"https:\/\/paragaleriedetalborjt.com\/en\/boutique\/dermagor-creme-unifiante-peaux-sensibles-40ml\/","og_locale":"en_US","og_type":"article","og_title":"Dermagor Creme Unifiante Peaux Sensibles 40ml - paragaleriedetalborjt","og_description":"Highlights:D\u00e9couvrez la Cr\u00e8me Unifiante Peaux Sensibles de Dermagor, id\u00e9ale pour apaiser, hydrater et unifier le teint des peaux sensibles.","og_url":"https:\/\/paragaleriedetalborjt.com\/en\/boutique\/dermagor-creme-unifiante-peaux-sensibles-40ml\/","og_site_name":"paragaleriedetalborjt","og_image":[{"width":600,"height":600,"url":"https:\/\/paragaleriedetalborjt.com\/wp-content\/uploads\/2026\/01\/Dermagor-Creme-Unifiante-Peaux-Sensibles-40ml-600x600-1.png","type":"image\/png"}],"twitter_card":"summary_large_image","twitter_misc":{"Est. reading time":"1 minute"},"schema":{"@context":"https:\/\/schema.org","@graph":[{"@type":"WebPage","@id":"https:\/\/paragaleriedetalborjt.com\/boutique\/dermagor-creme-unifiante-peaux-sensibles-40ml\/","url":"https:\/\/paragaleriedetalborjt.com\/boutique\/dermagor-creme-unifiante-peaux-sensibles-40ml\/","name":"Dermagor Creme Unifiante Peaux Sensibles 40ml - paragaleriedetalborjt","isPartOf":{"@id":"https:\/\/paragaleriedetalborjt.com\/#website"},"primaryImageOfPage":{"@id":"https:\/\/paragaleriedetalborjt.com\/boutique\/dermagor-creme-unifiante-peaux-sensibles-40ml\/#primaryimage"},"image":{"@id":"https:\/\/paragaleriedetalborjt.com\/boutique\/dermagor-creme-unifiante-peaux-sensibles-40ml\/#primaryimage"},"thumbnailUrl":"https:\/\/paragaleriedetalborjt.com\/wp-content\/uploads\/2026\/01\/Dermagor-Creme-Unifiante-Peaux-Sensibles-40ml-600x600-1.png","datePublished":"2026-01-02T17:31:02+00:00","breadcrumb":{"@id":"https:\/\/paragaleriedetalborjt.com\/boutique\/dermagor-creme-unifiante-peaux-sensibles-40ml\/#breadcrumb"},"inLanguage":"en-US","potentialAction":[{"@type":"ReadAction","target":["https:\/\/paragaleriedetalborjt.com\/boutique\/dermagor-creme-unifiante-peaux-sensibles-40ml\/"]}]},{"@type":"ImageObject","inLanguage":"en-US","@id":"https:\/\/paragaleriedetalborjt.com\/boutique\/dermagor-creme-unifiante-peaux-sensibles-40ml\/#primaryimage","url":"https:\/\/paragaleriedetalborjt.com\/wp-content\/uploads\/2026\/01\/Dermagor-Creme-Unifiante-Peaux-Sensibles-40ml-600x600-1.png","contentUrl":"https:\/\/paragaleriedetalborjt.com\/wp-content\/uploads\/2026\/01\/Dermagor-Creme-Unifiante-Peaux-Sensibles-40ml-600x600-1.png","width":600,"height":600},{"@type":"BreadcrumbList","@id":"https:\/\/paragaleriedetalborjt.com\/boutique\/dermagor-creme-unifiante-peaux-sensibles-40ml\/#breadcrumb","itemListElement":[{"@type":"ListItem","position":1,"name":"Accueil","item":"https:\/\/paragaleriedetalborjt.com\/"},{"@type":"ListItem","position":2,"name":"Boutique","item":"https:\/\/paragaleriedetalborjt.com\/boutique\/"},{"@type":"ListItem","position":3,"name":"Dermagor Creme Unifiante Peaux Sensibles 40ml"}]},{"@type":"WebSite","@id":"https:\/\/paragaleriedetalborjt.com\/#website","url":"https:\/\/paragaleriedetalborjt.com\/","name":"paragaleriedetalborjt","description":"","potentialAction":[{"@type":"SearchAction","target":{"@type":"EntryPoint","urlTemplate":"https:\/\/paragaleriedetalborjt.com\/?s={search_term_string}"},"query-input":{"@type":"PropertyValueSpecification","valueRequired":true,"valueName":"search_term_string"}}],"inLanguage":"en-US"}]}},"brands":[],"_links":{"self":[{"href":"https:\/\/paragaleriedetalborjt.com\/en\/wp-json\/wp\/v2\/product\/28089","targetHints":{"allow":["GET"]}}],"collection":[{"href":"https:\/\/paragaleriedetalborjt.com\/en\/wp-json\/wp\/v2\/product"}],"about":[{"href":"https:\/\/paragaleriedetalborjt.com\/en\/wp-json\/wp\/v2\/types\/product"}],"replies":[{"embeddable":true,"href":"https:\/\/paragaleriedetalborjt.com\/en\/wp-json\/wp\/v2\/comments?post=28089"}],"version-history":[{"count":1,"href":"https:\/\/paragaleriedetalborjt.com\/en\/wp-json\/wp\/v2\/product\/28089\/revisions"}],"predecessor-version":[{"id":28091,"href":"https:\/\/paragaleriedetalborjt.com\/en\/wp-json\/wp\/v2\/product\/28089\/revisions\/28091"}],"wp:featuredmedia":[{"embeddable":true,"href":"https:\/\/paragaleriedetalborjt.com\/en\/wp-json\/wp\/v2\/media\/28090"}],"wp:attachment":[{"href":"https:\/\/paragaleriedetalborjt.com\/en\/wp-json\/wp\/v2\/media?parent=28089"}],"wp:term":[{"taxonomy":"pwb-brand","embeddable":true,"href":"https:\/\/paragaleriedetalborjt.com\/en\/wp-json\/wp\/v2\/pwb-brand?post=28089"},{"taxonomy":"product_cat","embeddable":true,"href":"https:\/\/paragaleriedetalborjt.com\/en\/wp-json\/wp\/v2\/product_cat?post=28089"},{"taxonomy":"product_tag","embeddable":true,"href":"https:\/\/paragaleriedetalborjt.com\/en\/wp-json\/wp\/v2\/product_tag?post=28089"}],"curies":[{"name":"wp","href":"https:\/\/api.w.org\/{rel}","templated":true}]}}