{"id":27885,"date":"2026-01-02T18:28:31","date_gmt":"2026-01-02T17:28:31","guid":{"rendered":"https:\/\/paragaleriedetalborjt.com\/?post_type=product&#038;p=27885"},"modified":"2026-01-02T18:28:31","modified_gmt":"2026-01-02T17:28:31","slug":"tommee-tippee-mini-mixeur-quick-chop","status":"publish","type":"product","link":"https:\/\/paragaleriedetalborjt.com\/en\/boutique\/tommee-tippee-mini-mixeur-quick-chop\/","title":{"rendered":"Tommee Tippee Mini Mixeur Quick Chop"},"content":{"rendered":"<div aria-labelledby=\"tab-title-description\" class=\"woocommerce-Tabs-panel woocommerce-Tabs-panel--description panel entry-content wc-tab\" id=\"tab-description\" role=\"tabpanel\" style=\"\">\n<h2>Description<\/h2>\n<p><strong>Tommee Tippee Mini Mixeur Quick Chop<\/strong><\/p>\n<p>Pr\u00e9parez des repas pour b\u00e9b\u00e9 faits maison en un clin d\u2019\u0153il gr\u00e2ce \u00e0 ce mini-mixeur \u00e9lectrique pratique dot\u00e9 d\u2019une grande capacit\u00e9 de 500 ml. Vous pouvez facilement hacher, m\u00e9langer, r\u00e9duire en pur\u00e9e, mixer et \u00e9mincer une vari\u00e9t\u00e9 d\u2019ingr\u00e9dients avec peu de d\u00e9sordre.<\/p>\n<p>Id\u00e9al pour chaque \u00e9tape du sevrage, ce mixeur convient aux fruits, l\u00e9gumes, viandes et poissons. Vous pouvez commencer par des pur\u00e9es lisses et \u00e9voluer vers des repas plus consistants \u00e0 mesure que votre enfant grandit et explore de nouveaux go\u00fbts.<\/p>\n<p>Le bol en verre robuste de 6 mm d\u2019\u00e9paisseur r\u00e9siste aux rayures quotidiennes et est non poreux, \u00e9vitant ainsi les taches et les odeurs alimentaires.<\/p>\n<p>Facile \u00e0 utiliser avec une simple pression sur le bouton sup\u00e9rieur pour hacher, m\u00e9langer et r\u00e9duire en pur\u00e9e rapidement. Vous pouvez r\u00e9gler la texture des aliments en appuyant plus ou moins longtemps sur le couvercle.<\/p>\n<p>Le bol en verre amovible, les lames en acier inoxydable et la base en silicone d\u00e9tachable se nettoient facilement et peuvent \u00eatre plac\u00e9s au lave-vaisselle.<\/p>\n<\/div>","protected":false},"excerpt":{"rendered":"<p>Highlights:Tommee Tippee Mini Mixeur Quick ChopCe mini-mixeur \u00e9lectrique pratique permet de pr\u00e9parer rapidement des repas pour b\u00e9b\u00e9 faits maison. Avec une capacit\u00e9 de 500 ml, il hache, m\u00e9lange, r\u00e9duit en pur\u00e9e, mixe et \u00e9mince divers ingr\u00e9dients sans cr\u00e9er de d\u00e9sordre.Adapt\u00e9 \u00e0 toutes les \u00e9tapes du sevrage, il convient aux fruits, l\u00e9gumes, viandes et poissons. Son bol en verre robuste r\u00e9siste aux rayures et aux odeurs, et son fonctionnement \u00e0 une touche simplifie son utilisation.De plus, son bol amovible, ses lames en acier inoxydable et sa base en silicone se nettoient facilement au lave-vaisselle.<\/p>","protected":false},"featured_media":27886,"comment_status":"open","ping_status":"closed","template":"","meta":[],"pwb-brand":[],"product_cat":[16],"product_tag":[],"class_list":{"0":"post-27885","1":"product","2":"type-product","3":"status-publish","4":"has-post-thumbnail","6":"product_cat-non-classe","7":"pa_brands-tommee-tippee","9":"first","10":"instock","11":"sale","12":"shipping-taxable","13":"purchasable","14":"product-type-simple"},"yoast_head":"<!-- This site is optimized with the Yoast SEO plugin v27.5 - https:\/\/yoast.com\/product\/yoast-seo-wordpress\/ -->\n<title>Tommee Tippee Mini Mixeur Quick Chop - paragaleriedetalborjt<\/title>\n<meta name=\"robots\" content=\"index, follow, max-snippet:-1, max-image-preview:large, max-video-preview:-1\" \/>\n<link rel=\"canonical\" href=\"https:\/\/paragaleriedetalborjt.com\/en\/boutique\/tommee-tippee-mini-mixeur-quick-chop\/\" \/>\n<meta property=\"og:locale\" content=\"en_US\" \/>\n<meta property=\"og:type\" content=\"article\" \/>\n<meta property=\"og:title\" content=\"Tommee Tippee Mini Mixeur Quick Chop - paragaleriedetalborjt\" \/>\n<meta property=\"og:description\" content=\"Highlights:Tommee Tippee Mini Mixeur Quick ChopCe mini-mixeur \u00e9lectrique pratique permet de pr\u00e9parer rapidement des repas pour b\u00e9b\u00e9 faits maison. Avec une capacit\u00e9 de 500 ml, il hache, m\u00e9lange, r\u00e9duit en pur\u00e9e, mixe et \u00e9mince divers ingr\u00e9dients sans cr\u00e9er de d\u00e9sordre.Adapt\u00e9 \u00e0 toutes les \u00e9tapes du sevrage, il convient aux fruits, l\u00e9gumes, viandes et poissons. Son bol en verre robuste r\u00e9siste aux rayures et aux odeurs, et son fonctionnement \u00e0 une touche simplifie son utilisation.De plus, son bol amovible, ses lames en acier inoxydable et sa base en silicone se nettoient facilement au lave-vaisselle.\" \/>\n<meta property=\"og:url\" content=\"https:\/\/paragaleriedetalborjt.com\/en\/boutique\/tommee-tippee-mini-mixeur-quick-chop\/\" \/>\n<meta property=\"og:site_name\" content=\"paragaleriedetalborjt\" \/>\n<meta property=\"og:image\" content=\"https:\/\/paragaleriedetalborjt.com\/wp-content\/uploads\/2026\/01\/tommee-tippee-mini-mixeur-quick-chop.jpg\" \/>\n\t<meta property=\"og:image:width\" content=\"595\" \/>\n\t<meta property=\"og:image:height\" content=\"655\" \/>\n\t<meta property=\"og:image:type\" content=\"image\/jpeg\" \/>\n<meta name=\"twitter:card\" content=\"summary_large_image\" \/>\n<meta name=\"twitter:label1\" content=\"Est. reading time\" \/>\n\t<meta name=\"twitter:data1\" content=\"1 minute\" \/>\n<script type=\"application\/ld+json\" class=\"yoast-schema-graph\">{\"@context\":\"https:\\\/\\\/schema.org\",\"@graph\":[{\"@type\":\"WebPage\",\"@id\":\"https:\\\/\\\/paragaleriedetalborjt.com\\\/boutique\\\/tommee-tippee-mini-mixeur-quick-chop\\\/\",\"url\":\"https:\\\/\\\/paragaleriedetalborjt.com\\\/boutique\\\/tommee-tippee-mini-mixeur-quick-chop\\\/\",\"name\":\"Tommee Tippee Mini Mixeur Quick Chop - paragaleriedetalborjt\",\"isPartOf\":{\"@id\":\"https:\\\/\\\/paragaleriedetalborjt.com\\\/#website\"},\"primaryImageOfPage\":{\"@id\":\"https:\\\/\\\/paragaleriedetalborjt.com\\\/boutique\\\/tommee-tippee-mini-mixeur-quick-chop\\\/#primaryimage\"},\"image\":{\"@id\":\"https:\\\/\\\/paragaleriedetalborjt.com\\\/boutique\\\/tommee-tippee-mini-mixeur-quick-chop\\\/#primaryimage\"},\"thumbnailUrl\":\"https:\\\/\\\/paragaleriedetalborjt.com\\\/wp-content\\\/uploads\\\/2026\\\/01\\\/tommee-tippee-mini-mixeur-quick-chop.jpg\",\"datePublished\":\"2026-01-02T17:28:31+00:00\",\"breadcrumb\":{\"@id\":\"https:\\\/\\\/paragaleriedetalborjt.com\\\/boutique\\\/tommee-tippee-mini-mixeur-quick-chop\\\/#breadcrumb\"},\"inLanguage\":\"en-US\",\"potentialAction\":[{\"@type\":\"ReadAction\",\"target\":[\"https:\\\/\\\/paragaleriedetalborjt.com\\\/boutique\\\/tommee-tippee-mini-mixeur-quick-chop\\\/\"]}]},{\"@type\":\"ImageObject\",\"inLanguage\":\"en-US\",\"@id\":\"https:\\\/\\\/paragaleriedetalborjt.com\\\/boutique\\\/tommee-tippee-mini-mixeur-quick-chop\\\/#primaryimage\",\"url\":\"https:\\\/\\\/paragaleriedetalborjt.com\\\/wp-content\\\/uploads\\\/2026\\\/01\\\/tommee-tippee-mini-mixeur-quick-chop.jpg\",\"contentUrl\":\"https:\\\/\\\/paragaleriedetalborjt.com\\\/wp-content\\\/uploads\\\/2026\\\/01\\\/tommee-tippee-mini-mixeur-quick-chop.jpg\",\"width\":595,\"height\":655},{\"@type\":\"BreadcrumbList\",\"@id\":\"https:\\\/\\\/paragaleriedetalborjt.com\\\/boutique\\\/tommee-tippee-mini-mixeur-quick-chop\\\/#breadcrumb\",\"itemListElement\":[{\"@type\":\"ListItem\",\"position\":1,\"name\":\"Accueil\",\"item\":\"https:\\\/\\\/paragaleriedetalborjt.com\\\/\"},{\"@type\":\"ListItem\",\"position\":2,\"name\":\"Boutique\",\"item\":\"https:\\\/\\\/paragaleriedetalborjt.com\\\/boutique\\\/\"},{\"@type\":\"ListItem\",\"position\":3,\"name\":\"Tommee Tippee Mini Mixeur Quick Chop\"}]},{\"@type\":\"WebSite\",\"@id\":\"https:\\\/\\\/paragaleriedetalborjt.com\\\/#website\",\"url\":\"https:\\\/\\\/paragaleriedetalborjt.com\\\/\",\"name\":\"paragaleriedetalborjt\",\"description\":\"\",\"potentialAction\":[{\"@type\":\"SearchAction\",\"target\":{\"@type\":\"EntryPoint\",\"urlTemplate\":\"https:\\\/\\\/paragaleriedetalborjt.com\\\/?s={search_term_string}\"},\"query-input\":{\"@type\":\"PropertyValueSpecification\",\"valueRequired\":true,\"valueName\":\"search_term_string\"}}],\"inLanguage\":\"en-US\"}]}<\/script>\n<!-- \/ Yoast SEO plugin. -->","yoast_head_json":{"title":"Tommee Tippee Mini Mixeur Quick Chop - paragaleriedetalborjt","robots":{"index":"index","follow":"follow","max-snippet":"max-snippet:-1","max-image-preview":"max-image-preview:large","max-video-preview":"max-video-preview:-1"},"canonical":"https:\/\/paragaleriedetalborjt.com\/en\/boutique\/tommee-tippee-mini-mixeur-quick-chop\/","og_locale":"en_US","og_type":"article","og_title":"Tommee Tippee Mini Mixeur Quick Chop - paragaleriedetalborjt","og_description":"Highlights:Tommee Tippee Mini Mixeur Quick ChopCe mini-mixeur \u00e9lectrique pratique permet de pr\u00e9parer rapidement des repas pour b\u00e9b\u00e9 faits maison. Avec une capacit\u00e9 de 500 ml, il hache, m\u00e9lange, r\u00e9duit en pur\u00e9e, mixe et \u00e9mince divers ingr\u00e9dients sans cr\u00e9er de d\u00e9sordre.Adapt\u00e9 \u00e0 toutes les \u00e9tapes du sevrage, il convient aux fruits, l\u00e9gumes, viandes et poissons. Son bol en verre robuste r\u00e9siste aux rayures et aux odeurs, et son fonctionnement \u00e0 une touche simplifie son utilisation.De plus, son bol amovible, ses lames en acier inoxydable et sa base en silicone se nettoient facilement au lave-vaisselle.","og_url":"https:\/\/paragaleriedetalborjt.com\/en\/boutique\/tommee-tippee-mini-mixeur-quick-chop\/","og_site_name":"paragaleriedetalborjt","og_image":[{"width":595,"height":655,"url":"https:\/\/paragaleriedetalborjt.com\/wp-content\/uploads\/2026\/01\/tommee-tippee-mini-mixeur-quick-chop.jpg","type":"image\/jpeg"}],"twitter_card":"summary_large_image","twitter_misc":{"Est. reading time":"1 minute"},"schema":{"@context":"https:\/\/schema.org","@graph":[{"@type":"WebPage","@id":"https:\/\/paragaleriedetalborjt.com\/boutique\/tommee-tippee-mini-mixeur-quick-chop\/","url":"https:\/\/paragaleriedetalborjt.com\/boutique\/tommee-tippee-mini-mixeur-quick-chop\/","name":"Tommee Tippee Mini Mixeur Quick Chop - paragaleriedetalborjt","isPartOf":{"@id":"https:\/\/paragaleriedetalborjt.com\/#website"},"primaryImageOfPage":{"@id":"https:\/\/paragaleriedetalborjt.com\/boutique\/tommee-tippee-mini-mixeur-quick-chop\/#primaryimage"},"image":{"@id":"https:\/\/paragaleriedetalborjt.com\/boutique\/tommee-tippee-mini-mixeur-quick-chop\/#primaryimage"},"thumbnailUrl":"https:\/\/paragaleriedetalborjt.com\/wp-content\/uploads\/2026\/01\/tommee-tippee-mini-mixeur-quick-chop.jpg","datePublished":"2026-01-02T17:28:31+00:00","breadcrumb":{"@id":"https:\/\/paragaleriedetalborjt.com\/boutique\/tommee-tippee-mini-mixeur-quick-chop\/#breadcrumb"},"inLanguage":"en-US","potentialAction":[{"@type":"ReadAction","target":["https:\/\/paragaleriedetalborjt.com\/boutique\/tommee-tippee-mini-mixeur-quick-chop\/"]}]},{"@type":"ImageObject","inLanguage":"en-US","@id":"https:\/\/paragaleriedetalborjt.com\/boutique\/tommee-tippee-mini-mixeur-quick-chop\/#primaryimage","url":"https:\/\/paragaleriedetalborjt.com\/wp-content\/uploads\/2026\/01\/tommee-tippee-mini-mixeur-quick-chop.jpg","contentUrl":"https:\/\/paragaleriedetalborjt.com\/wp-content\/uploads\/2026\/01\/tommee-tippee-mini-mixeur-quick-chop.jpg","width":595,"height":655},{"@type":"BreadcrumbList","@id":"https:\/\/paragaleriedetalborjt.com\/boutique\/tommee-tippee-mini-mixeur-quick-chop\/#breadcrumb","itemListElement":[{"@type":"ListItem","position":1,"name":"Accueil","item":"https:\/\/paragaleriedetalborjt.com\/"},{"@type":"ListItem","position":2,"name":"Boutique","item":"https:\/\/paragaleriedetalborjt.com\/boutique\/"},{"@type":"ListItem","position":3,"name":"Tommee Tippee Mini Mixeur Quick Chop"}]},{"@type":"WebSite","@id":"https:\/\/paragaleriedetalborjt.com\/#website","url":"https:\/\/paragaleriedetalborjt.com\/","name":"paragaleriedetalborjt","description":"","potentialAction":[{"@type":"SearchAction","target":{"@type":"EntryPoint","urlTemplate":"https:\/\/paragaleriedetalborjt.com\/?s={search_term_string}"},"query-input":{"@type":"PropertyValueSpecification","valueRequired":true,"valueName":"search_term_string"}}],"inLanguage":"en-US"}]}},"brands":[],"_links":{"self":[{"href":"https:\/\/paragaleriedetalborjt.com\/en\/wp-json\/wp\/v2\/product\/27885","targetHints":{"allow":["GET"]}}],"collection":[{"href":"https:\/\/paragaleriedetalborjt.com\/en\/wp-json\/wp\/v2\/product"}],"about":[{"href":"https:\/\/paragaleriedetalborjt.com\/en\/wp-json\/wp\/v2\/types\/product"}],"replies":[{"embeddable":true,"href":"https:\/\/paragaleriedetalborjt.com\/en\/wp-json\/wp\/v2\/comments?post=27885"}],"version-history":[{"count":1,"href":"https:\/\/paragaleriedetalborjt.com\/en\/wp-json\/wp\/v2\/product\/27885\/revisions"}],"predecessor-version":[{"id":27887,"href":"https:\/\/paragaleriedetalborjt.com\/en\/wp-json\/wp\/v2\/product\/27885\/revisions\/27887"}],"wp:featuredmedia":[{"embeddable":true,"href":"https:\/\/paragaleriedetalborjt.com\/en\/wp-json\/wp\/v2\/media\/27886"}],"wp:attachment":[{"href":"https:\/\/paragaleriedetalborjt.com\/en\/wp-json\/wp\/v2\/media?parent=27885"}],"wp:term":[{"taxonomy":"pwb-brand","embeddable":true,"href":"https:\/\/paragaleriedetalborjt.com\/en\/wp-json\/wp\/v2\/pwb-brand?post=27885"},{"taxonomy":"product_cat","embeddable":true,"href":"https:\/\/paragaleriedetalborjt.com\/en\/wp-json\/wp\/v2\/product_cat?post=27885"},{"taxonomy":"product_tag","embeddable":true,"href":"https:\/\/paragaleriedetalborjt.com\/en\/wp-json\/wp\/v2\/product_tag?post=27885"}],"curies":[{"name":"wp","href":"https:\/\/api.w.org\/{rel}","templated":true}]}}